{"id":42861,"date":"2023-05-25T02:59:04","date_gmt":"2023-05-25T06:59:04","guid":{"rendered":"https:\/\/www.sisinternational.com\/?page_id=42861"},"modified":"2026-01-25T19:13:24","modified_gmt":"2026-01-26T00:13:24","slug":"pesquisa-de-mercado-de-pesquisas-politicas","status":"publish","type":"page","link":"https:\/\/www.sisinternational.com\/pt\/pericia\/pesquisa-de-mercado-de-pesquisas-politicas\/","title":{"rendered":"Pesquisa de mercado de pesquisas pol\u00edticas"},"content":{"rendered":"<h1 class=\"wp-block-heading\">Pesquisa de mercado de pesquisas pol\u00edticas<\/h1>\n\n\n\n<figure class=\"gb-block-image gb-block-image-52e000fd\"><img loading=\"lazy\" decoding=\"async\" width=\"1456\" height=\"816\" class=\"gb-image gb-image-52e000fd\" src=\"https:\/\/www.sisinternational.com\/wp-content\/uploads\/2025\/08\/Political-polling-vote-3.jpg\" alt=\"Pesquisa e Estrat\u00e9gia de Mercado Internacional da SIS\" title=\"Political polling vote (3)\" srcset=\"https:\/\/www.sisinternational.com\/wp-content\/uploads\/2025\/08\/Political-polling-vote-3.jpg 1456w, https:\/\/www.sisinternational.com\/wp-content\/uploads\/2025\/08\/Political-polling-vote-3-300x168.jpg 300w, https:\/\/www.sisinternational.com\/wp-content\/uploads\/2025\/08\/Political-polling-vote-3-1024x574.jpg 1024w, https:\/\/www.sisinternational.com\/wp-content\/uploads\/2025\/08\/Political-polling-vote-3-768x430.jpg 768w, https:\/\/www.sisinternational.com\/wp-content\/uploads\/2025\/08\/Political-polling-vote-3-18x10.jpg 18w\" sizes=\"auto, (max-width: 1456px) 100vw, 1456px\"><\/figure>\n\n\n\n<p><\/p>\n\n\n\n<p>As democracias modernas dependem fortemente do papel da pesquisa de mercado das sondagens pol\u00edticas para obter informa\u00e7\u00f5es essenciais sobre a opini\u00e3o p\u00fablica.<\/p>\n\n\n\n<p>Contudo, o impacto destas sondagens \u00e9 de grande alcance, pois podem influenciar a opini\u00e3o p\u00fablica, ajudar os decisores pol\u00edticos, restringir o poder dos pol\u00edticos \u2013 e at\u00e9 prever o resultado das elei\u00e7\u00f5es. \u00c9 por isso que a investiga\u00e7\u00e3o de mercado das sondagens pol\u00edticas \u00e9 fundamental para as democracias actuais, e a sua import\u00e2ncia cada vez maior torna-as numa ferramenta indispens\u00e1vel para avaliar a percep\u00e7\u00e3o da democracia em todo o mundo.<\/p>\n\n\n\n<h2 class=\"wp-block-heading\">O que \u00e9 pesquisa de mercado de pesquisas pol\u00edticas?<\/h2>\n\n\n\n<p>A pesquisa de mercado de pesquisas pol\u00edticas \u00e9 uma pesquisa especializada conduzida para compreender as opini\u00f5es e pensamentos do p\u00fablico sobre quest\u00f5es pol\u00edticas. O \u00e2mbito desta investiga\u00e7\u00e3o pode ser bastante amplo e envolver atitudes p\u00fablicas em rela\u00e7\u00e3o \u00e0 pol\u00edtica, pol\u00edticas p\u00fablicas e tributa\u00e7\u00e3o, migra\u00e7\u00e3o, pobreza, infla\u00e7\u00e3o, entre muitos outros assuntos.<\/p>\n\n\n\n<p>O objectivo \u00e9 garantir que os pontos de vista dos cidad\u00e3os sejam ouvidos e considerados por pessoas em posi\u00e7\u00f5es de autoridade. Tamb\u00e9m fornece uma metodologia para monitorizar a vis\u00e3o predominante do p\u00fablico durante um per\u00edodo prolongado, o que ajuda os analistas a identificar mudan\u00e7as e mudan\u00e7as nas atitudes pol\u00edticas, bem como tend\u00eancias emergentes.<\/p>\n\n\n\n<h2 class=\"wp-block-heading\">Por que a pesquisa de mercado de pesquisas pol\u00edticas \u00e9 importante hoje?<\/h2>\n\n\n\n<figure class=\"gb-block-image gb-block-image-df3291fa\"><img loading=\"lazy\" decoding=\"async\" width=\"1456\" height=\"816\" class=\"gb-image gb-image-df3291fa\" src=\"https:\/\/www.sisinternational.com\/wp-content\/uploads\/2025\/08\/Political-polling-vote-1.jpg\" alt=\"Pesquisa e Estrat\u00e9gia de Mercado Internacional da SIS\" title=\"Political polling vote (1)\" srcset=\"https:\/\/www.sisinternational.com\/wp-content\/uploads\/2025\/08\/Political-polling-vote-1.jpg 1456w, https:\/\/www.sisinternational.com\/wp-content\/uploads\/2025\/08\/Political-polling-vote-1-300x168.jpg 300w, https:\/\/www.sisinternational.com\/wp-content\/uploads\/2025\/08\/Political-polling-vote-1-1024x574.jpg 1024w, https:\/\/www.sisinternational.com\/wp-content\/uploads\/2025\/08\/Political-polling-vote-1-768x430.jpg 768w, https:\/\/www.sisinternational.com\/wp-content\/uploads\/2025\/08\/Political-polling-vote-1-18x10.jpg 18w\" sizes=\"auto, (max-width: 1456px) 100vw, 1456px\"><\/figure>\n\n\n\n<p><\/p>\n\n\n\n<p>A investiga\u00e7\u00e3o do mercado de sondagens pol\u00edticas tornou-se cr\u00edtica num mundo cada vez mais globalizado, no qual o papel das democracias \u00e9 cuidadosamente medido devido ao efeito global que as pol\u00edticas de um pa\u00eds podem ter no resto do mundo.<\/p>\n\n\n\n<p>Al\u00e9m disso, diversas ind\u00fastrias t\u00eam participa\u00e7\u00e3o no mercado de pesquisas pol\u00edticas, como partidos pol\u00edticos, candidatos, \u00f3rg\u00e3os governamentais, grupos de pesquisa independentes e pesquisadores acad\u00eamicos, entre outros.<\/p>\n\n\n\n<p>Particularmente, a pesquisa de mercado de pesquisas pol\u00edticas \u00e9 significativa devido aos seguintes fatores:<\/p>\n\n\n\n<p><strong>Moldando Estrat\u00e9gias Pol\u00edticas<\/strong><\/p>\n\n\n\n<p>As sondagens pol\u00edticas ajudam os pol\u00edticos a compreender as prefer\u00eancias das pessoas e a adaptar as estrat\u00e9gias de campanha pol\u00edtica \u00e0s actuais tend\u00eancias culturais e sociais. Por exemplo, se um pol\u00edtico identifica que a popula\u00e7\u00e3o tem uma vis\u00e3o favor\u00e1vel da migra\u00e7\u00e3o, geralmente acrescenta essa quest\u00e3o \u00e0 sua proposta eleitoral na tentativa de obter o favor de um maior n\u00famero de eleitores.<\/p>\n\n\n\n<p><strong>Previs\u00e3o de resultados eleitorais:<\/strong><\/p>\n\n\n\n<p>Embora existam imprecis\u00f5es envolvidas nas pesquisas pol\u00edticas, elas permitem aos pesquisadores fornecer uma previs\u00e3o confi\u00e1vel dos resultados eleitorais. Portanto, a an\u00e1lise das actuais tend\u00eancias e mudan\u00e7as no sentimento p\u00fablico pode fornecer informa\u00e7\u00f5es sobre os potenciais impactos nos resultados eleitorais.<\/p>\n\n\n\n<p><strong>Elabora\u00e7\u00e3o de pol\u00edticas<\/strong><\/p>\n\n\n\n<p>A pesquisa de mercado das sondagens pol\u00edticas \u00e9 uma ferramenta \u00fatil para os decisores pol\u00edticos priorizarem as suas a\u00e7\u00f5es e responderem adequadamente \u00e0s opini\u00f5es do p\u00fablico. Permite a an\u00e1lise dos temas que preocupam a popula\u00e7\u00e3o, e os pol\u00edticos podem priorizar as quest\u00f5es que aumentariam sua popularidade.<\/p>\n\n\n\n<p><strong>Responsabilidade Democr\u00e1tica<\/strong><\/p>\n\n\n\n<p>Para garantir que a democracia seja plenamente funcional, todos os intervenientes pol\u00edticos precisam de realizar sondagens regulares para manter os pol\u00edticos conscientes da opini\u00e3o p\u00fablica e incentiv\u00e1-los a governar tendo em mente os seus eleitores.<\/p>\n\n\n\n<p><strong>Reportagem de m\u00eddia<\/strong><\/p>\n\n\n\n<p>Os resultados das pesquisas pol\u00edticas oferecem uma fonte confi\u00e1vel para os meios de comunica\u00e7\u00e3o cobrirem as opini\u00f5es do p\u00fablico e acompanharem a evolu\u00e7\u00e3o da pol\u00edtica, moldando a opini\u00e3o popular sobre um assunto e desempenhando um papel importante na cria\u00e7\u00e3o de narrativas dentro da pol\u00edtica e influenciando as discuss\u00f5es sobre elas.<\/p>\n\n\n\n<h2 class=\"wp-block-heading\">Oportunidades e desafios da pesquisa de mercado de pesquisas pol\u00edticas<\/h2>\n\n\n\n<p>A natureza din\u00e2mica da pol\u00edtica, juntamente com as inova\u00e7\u00f5es tecnol\u00f3gicas e as mudan\u00e7as sociais, apresentam tanto oportunidades como obst\u00e1culos na investiga\u00e7\u00e3o de mercado das sondagens pol\u00edticas. Estas mudan\u00e7as far\u00e3o com que as pesquisas nesta \u00e1rea mudem significativamente nos pr\u00f3ximos anos, com o surgimento de novas tecnologias e mudan\u00e7as populacionais.<\/p>\n\n\n\n<h3 class=\"wp-block-heading\">Oportunidades<\/h3>\n\n\n\n<ul class=\"wp-block-list\">\n<li><strong>An\u00e1lise de big data:<\/strong> O not\u00e1vel aumento da informa\u00e7\u00e3o acess\u00edvel proporciona aos investigadores a perspectiva de implementar an\u00e1lises de big data nas sondagens pol\u00edticas e de obter conhecimentos mais profundos sobre o sentimento p\u00fablico em tempo real, o que tornar\u00e1 a investiga\u00e7\u00e3o pol\u00edtica muito mais eficaz.<\/li>\n\n\n\n<li><strong>Intelig\u00eancia artificial (IA) e aprendizado de m\u00e1quina (ML):<\/strong> A an\u00e1lise de pesquisas complicadas ser\u00e1 mais f\u00e1cil atrav\u00e9s da utiliza\u00e7\u00e3o de <a href=\"https:\/\/azure.microsoft.com\/en-us\/resources\/cloud-computing-dictionary\/artificial-intelligence-vs-machine-learning\/#introduction\" target=\"_blank\" rel=\"noopener\">Tecnologias de IA e ML<\/a>. Eles ajudar\u00e3o os pesquisadores a descobrir padr\u00f5es ocultos e a prever desenvolvimentos futuros com mais precis\u00e3o.<\/li>\n\n\n\n<li><strong>Pesquisa online e m\u00f3vel:<\/strong> \u00c0 medida que a utiliza\u00e7\u00e3o global da Internet e dos dispositivos m\u00f3veis cresce rapidamente, \u00e9 mais prov\u00e1vel que se envolvam diversos segmentos da popula\u00e7\u00e3o atrav\u00e9s de sondagens online e m\u00f3veis. Ao usar esses m\u00e9todos, os pesquisadores podem melhorar potencialmente as taxas de resposta enquanto recebem feedback instant\u00e2neo.<\/li>\n\n\n\n<li><strong>Compara\u00e7\u00f5es transnacionais:<\/strong> A crescente globaliza\u00e7\u00e3o das sondagens pol\u00edticas resultou num aumento das oportunidades de compara\u00e7\u00e3o de opini\u00f5es p\u00fablicas em todo o mundo, compreendendo a influ\u00eancia dos acontecimentos internacionais na pol\u00edtica interna, juntamente com as tend\u00eancias pol\u00edticas globais.<\/li>\n<\/ul>\n\n\n\n<h2 class=\"wp-block-heading\">Desafios da pesquisa de mercado de pesquisas pol\u00edticas<\/h2>\n\n\n\n<figure class=\"gb-block-image gb-block-image-0f87b44a\"><img loading=\"lazy\" decoding=\"async\" width=\"1456\" height=\"816\" class=\"gb-image gb-image-0f87b44a\" src=\"https:\/\/www.sisinternational.com\/wp-content\/uploads\/2025\/08\/Political-polling-vote-2.jpg\" alt=\"Pesquisa e Estrat\u00e9gia de Mercado Internacional da SIS\" title=\"Political polling vote (2)\" srcset=\"https:\/\/www.sisinternational.com\/wp-content\/uploads\/2025\/08\/Political-polling-vote-2.jpg 1456w, https:\/\/www.sisinternational.com\/wp-content\/uploads\/2025\/08\/Political-polling-vote-2-300x168.jpg 300w, https:\/\/www.sisinternational.com\/wp-content\/uploads\/2025\/08\/Political-polling-vote-2-1024x574.jpg 1024w, https:\/\/www.sisinternational.com\/wp-content\/uploads\/2025\/08\/Political-polling-vote-2-768x430.jpg 768w, https:\/\/www.sisinternational.com\/wp-content\/uploads\/2025\/08\/Political-polling-vote-2-18x10.jpg 18w\" sizes=\"auto, (max-width: 1456px) 100vw, 1456px\"><\/figure>\n\n\n\n<p><\/p>\n\n\n\n<p><strong>Amostragem representativa:<\/strong> A cria\u00e7\u00e3o de uma amostra representativa que reflita com precis\u00e3o a diversidade da popula\u00e7\u00e3o continua a ser um desafio, e a utiliza\u00e7\u00e3o de amostras maiores pode ser dispendiosa para a maioria das empresas envolvidas neste setor.<\/p>\n\n\n\n<p><strong>Vi\u00e9s de resposta:<\/strong> As pessoas que respondem podem dar respostas que reflectem a desejabilidade social em vez de atitudes genu\u00ednas. Isso resulta em respostas imprecisas. Al\u00e9m disso, os eleitores podem mudar de opini\u00e3o num curto espa\u00e7o de tempo, afetando completamente os resultados da pesquisa.<\/p>\n\n\n\n<p><strong>Interpreta\u00e7\u00e3o e relat\u00f3rios:<\/strong> A interpreta\u00e7\u00e3o e a divulga\u00e7\u00e3o dos resultados das sondagens t\u00eam ramifica\u00e7\u00f5es significativas na forma\u00e7\u00e3o da percep\u00e7\u00e3o p\u00fablica, e o sensacionalismo e a simplifica\u00e7\u00e3o excessiva dos factos t\u00eam um impacto na forma como as pessoas compreendem os resultados, especialmente em programas de televis\u00e3o e tabl\u00f3ides.<\/p>\n\n\n\n<p><strong>Limita\u00e7\u00f5es preditivas:<\/strong> As pesquisas nem sempre fornecem uma previs\u00e3o precisa dos resultados eleitorais. O resultado das sondagens pol\u00edticas continuar\u00e1 a fornecer uma imagem geral da percep\u00e7\u00e3o dos eleitores e n\u00e3o uma previs\u00e3o precisa do futuro.<\/p>\n\n\n\n<h2 class=\"wp-block-heading\">O futuro da pesquisa de mercado de pesquisas pol\u00edticas<\/h2>\n\n\n\n<p>Societal changes are transforming the <a href=\"https:\/\/www.sisinternational.com\/pt\/pericia\/industrias\/pesquisa-de-mercado-sobre-mudancas-climaticas\/\" title=\"Pesquisa de mercado sobre mudan\u00e7as clim\u00e1ticas\" data-wpil-monitor-id=\"4985\">pesquisa de mercado de pesquisas pol\u00edticas<\/a> space with cutting-edge techniques using emerging technologies. In any case, some of the trends expected in the coming years are:<\/p>\n\n\n\n<p><strong>Um aumento significativo na IA:<\/strong> Espera-se que haja um aumento na aplica\u00e7\u00e3o de IA nas pesquisas de mercado de pesquisas pol\u00edticas. Ao estudar as pegadas digitais, como a utiliza\u00e7\u00e3o das redes sociais e o comportamento online, os investigadores podem obter informa\u00e7\u00f5es \u00fateis sobre a opini\u00e3o p\u00fablica e analisar dados em tempo real para identificar informa\u00e7\u00f5es valiosas mais rapidamente do que nunca.<\/p>\n\n\n\n<p><strong>Colabora\u00e7\u00e3o global:<\/strong> A colabora\u00e7\u00e3o mundial para pesquisas pol\u00edticas tornou-se uma tend\u00eancia emergente, e a compara\u00e7\u00e3o dos resultados das pesquisas entre na\u00e7\u00f5es pode fornecer informa\u00e7\u00f5es valiosas sobre as tend\u00eancias pol\u00edticas globais e a influ\u00eancia dos acontecimentos internacionais na pol\u00edtica interna.<\/p>\n\n\n\n<p><strong>Maior transpar\u00eancia e responsabiliza\u00e7\u00e3o:<\/strong> \u00c0 medida que a popula\u00e7\u00e3o em geral se torna mais informada sobre o mundo pol\u00edtico e exige maior privacidade online, \u00e9 poss\u00edvel observar uma maior exig\u00eancia de transpar\u00eancia sobre a forma como os inqu\u00e9ritos s\u00e3o realizados, o que poder\u00e1 levar a melhores metodologias e \u00e0 utiliza\u00e7\u00e3o respons\u00e1vel dos dados dos inqu\u00e9ritos.<\/p>\n\n\n\n<h2 class=\"wp-block-heading\">Principais pa\u00edses para pesquisa de mercado de pesquisas pol\u00edticas<\/h2>\n\n\n\n<p>Political polling market research is a global industry, but certain countries and regions stand out due to their vibrant political landscapes and advanced <a class=\"wpil_keyword_link\" href=\"https:\/\/www.sisinternational.com\/pt\/pericia\/industrias\/\" title=\"Ind\u00fastrias\" data-wpil-keyword-link=\"linked\" data-wpil-monitor-id=\"344\">ind\u00fastrias de pesquisa de mercado<\/a>. Here are a few of them that stand out in the global political landscape:<\/p>\n\n\n\n<h3 class=\"wp-block-heading\">Am\u00e9rica do Norte e Caribe<\/h3>\n\n\n\n<p><strong>Estados Unidos da Am\u00e9rica<\/strong><\/p>\n\n\n\n<p>Nos EUA, a pesquisa de mercado de sondagens pol\u00edticas ajuda as principais for\u00e7as pol\u00edticas do pa\u00eds, como os partidos Republicano e Democrata, a descobrir as principais preocupa\u00e7\u00f5es dos seus eleitores e a ajustar os seus discursos a essas expectativas. Da mesma forma, ajuda os pesquisadores a manter uma an\u00e1lise constante de quest\u00f5es de interesse nacional que afetam a aceita\u00e7\u00e3o dos pol\u00edticos e de suas pol\u00edticas, como imigra\u00e7\u00e3o, infla\u00e7\u00e3o e seguran\u00e7a interna, entre outras.<\/p>\n\n\n\n<p>\u00c9 por isso que as pesquisas pol\u00edticas s\u00e3o regularmente utilizadas por partidos, candidatos e grupos de interesse para avaliar o sentimento dos eleitores, as prefer\u00eancias pol\u00edticas e as probabilidades eleitorais. Assim, desempenha um papel crucial na formula\u00e7\u00e3o de estrat\u00e9gias de campanha, propostas pol\u00edticas e na compreens\u00e3o do estado de esp\u00edrito geral do eleitorado.<\/p>\n\n\n\n<p><strong>Canad\u00e1<\/strong><\/p>\n\n\n\n<p>Dada a diversidade da popula\u00e7\u00e3o do pa\u00eds e os amplos interesses regionais, uma pesquisa de mercado de sondagens pol\u00edticas precisa \u00e9 fundamental para compreender os comportamentos eleitorais de diferentes grupos demogr\u00e1ficos. Portanto, os partidos pol\u00edticos, os candidatos e os decisores pol\u00edticos confiam neles. dados para formular estrat\u00e9gias de campanha e pol\u00edticas p\u00fablicas e compreender a opini\u00e3o p\u00fablica sobre diversas quest\u00f5es.<\/p>\n\n\n\n<p>O Canad\u00e1 tem um cen\u00e1rio pol\u00edtico mais calmo em compara\u00e7\u00e3o com os Estados Unidos, uma vez que n\u00e3o h\u00e1 grande influ\u00eancia da pol\u00edtica de extrema esquerda e de extrema direita. Al\u00e9m disso, sendo uma monarquia constitucional e tendo uma cultura forte que enfatiza a igualdade, o Canad\u00e1 tem uma ind\u00fastria de sondagens pol\u00edticas est\u00e1vel.<\/p>\n\n\n\n<p>This kind of research provides clues about the <a href=\"https:\/\/www.sisinternational.com\/pt\/cobertura\/as-americas\/pesquisa-de-mercado-canada\/pesquisa-de-mercado-quebec-canada\/\" title=\"Pesquisa de mercado em Quebec, Canad\u00e1\" data-wpil-monitor-id=\"4826\">political<\/a> impact of major issues in Canada such as abortion laws, affordable housing, freedom of speech, and the impact of the Emergency Act, among other issues.<\/p>\n\n\n\n<p><strong>Barbados<\/strong><\/p>\n\n\n\n<p>Embora este pequeno pa\u00eds caribenho n\u00e3o tenha influ\u00eancia global, s\u00f3 se tornou uma rep\u00fablica em 2021, quando o monarca brit\u00e2nico foi substitu\u00eddo como chefe de estado pelo presidente eleito.<\/p>\n\n\n\n<p>Barbados deu um passo simb\u00f3lico para se dissociar do antigo imp\u00e9rio brit\u00e2nico e, agora, de outros pa\u00edses caribenhos, como Jamaica, Granada, Ant\u00edgua e Barbuda e S\u00e3o Crist\u00f3v\u00e3o e Nevis; est\u00e3o planejando tornar-se rep\u00fablicas e deixar a monarquia nos pr\u00f3ximos anos.<\/p>\n\n\n\n<p>Isto poderia mudar o cen\u00e1rio pol\u00edtico da Commonwealth e provavelmente intensificar a separa\u00e7\u00e3o destes pa\u00edses \u00e0 medida que crescem os movimentos pelos direitos das minorias.<\/p>\n\n\n\n<p><strong>Bahamas<\/strong><\/p>\n\n\n\n<p>As Bahamas anunciaram a sua inten\u00e7\u00e3o de fazer a transi\u00e7\u00e3o para uma rep\u00fablica, mas ainda n\u00e3o o fizeram formalmente.<\/p>\n\n\n\n<p>Significa que as Bahamas deixariam de reconhecer o monarca brit\u00e2nico como seu chefe de estado, substituindo o cargo por um presidente eleito localmente. No entanto, \u00e9 importante esclarecer que tornar-se uma rep\u00fablica n\u00e3o significa necessariamente que as Bahamas deixariam a Commonwealth imediatamente. Muitas rep\u00fablicas, como a \u00cdndia e a \u00c1frica do Sul, permanecem membros da Commonwealth, reconhecendo o monarca brit\u00e2nico como o chefe desta associa\u00e7\u00e3o de ex-col\u00f3nias brit\u00e2nicas.<\/p>\n\n\n\n<h3 class=\"wp-block-heading\">Europa<\/h3>\n\n\n\n<p><strong>Reino Unido<\/strong><\/p>\n\n\n\n<p>Political polling <a class=\"wpil_keyword_link\" href=\"https:\/\/www.sisinternational.com\/pt\/cobertura\/europa\/pesquisa-de-mercado-reino-unido\/\" title=\"Pesquisa de mercado no Reino Unido\" data-wpil-keyword-link=\"linked\" data-wpil-monitor-id=\"343\">market research in the United Kingdom<\/a> is an established and vital facet of the nation&#8217;s political landscape. It includes regular local and national elections and significant events such as the Brexit Referendum, or the 2014 Scottish Independence Referendum.<\/p>\n\n\n\n<p>Al\u00e9m disso, as sondagens no Reino Unido tamb\u00e9m desempenham um papel essencial na defini\u00e7\u00e3o dos debates sobre pol\u00edticas p\u00fablicas e na compreens\u00e3o das mudan\u00e7as nas tend\u00eancias sociais, especialmente quando o Reino Unido teve v\u00e1rios primeiros-ministros e tantas mudan\u00e7as de pessoal governamental nos \u00faltimos anos.<\/p>\n\n\n\n<p><strong>Alemanha<\/strong><\/p>\n\n\n\n<p>Political polling <a class=\"wpil_keyword_link\" href=\"https:\/\/www.sisinternational.com\/pt\/cobertura\/europa\/pesquisa-de-mercado-na-alemanha-2\/\" title=\"Pesquisa de mercado na Alemanha\" data-wpil-keyword-link=\"linked\" data-wpil-monitor-id=\"345\">market research in Germany<\/a> holds a crucial position in the nation&#8217;s democratic process. With its federal structure and diverse political landscape, the demand for accurate and timely polling data is high, particularly in times of change after periods of stability led by Angela Merkel.<\/p>\n\n\n\n<p>Agora, com a guerra na Ucr\u00e2nia e o aumento dos pre\u00e7os do g\u00e1s, a percep\u00e7\u00e3o dos pol\u00edticos pode variar significativamente, tanto a n\u00edvel nacional como local. Assim, na prepara\u00e7\u00e3o para as elei\u00e7\u00f5es, as sondagens servem como uma ferramenta vital para determinar o sentimento p\u00fablico em rela\u00e7\u00e3o aos v\u00e1rios partidos pol\u00edticos e candidatos individuais.<\/p>\n\n\n\n<p>No entanto, para al\u00e9m do contexto eleitoral, as sondagens na Alemanha desempenham um papel fundamental na compreens\u00e3o da opini\u00e3o p\u00fablica sobre diversas quest\u00f5es pol\u00edticas, que v\u00e3o desde a transi\u00e7\u00e3o energ\u00e9tica do pa\u00eds e a reforma educativa at\u00e9 \u00e0 pol\u00edtica de imigra\u00e7\u00e3o e \u00e0s rela\u00e7\u00f5es com a Uni\u00e3o Europeia.<\/p>\n\n\n\n<h3 class=\"wp-block-heading\">\u00c1sia-Pac\u00edfico<\/h3>\n\n\n\n<figure class=\"gb-block-image gb-block-image-9d5d849d\"><img loading=\"lazy\" decoding=\"async\" width=\"1456\" height=\"816\" class=\"gb-image gb-image-9d5d849d\" src=\"https:\/\/www.sisinternational.com\/wp-content\/uploads\/2025\/08\/Political-polling-vote-4.jpg\" alt=\"Pesquisa e Estrat\u00e9gia de Mercado Internacional da SIS\" title=\"Political polling vote (4)\" srcset=\"https:\/\/www.sisinternational.com\/wp-content\/uploads\/2025\/08\/Political-polling-vote-4.jpg 1456w, https:\/\/www.sisinternational.com\/wp-content\/uploads\/2025\/08\/Political-polling-vote-4-300x168.jpg 300w, https:\/\/www.sisinternational.com\/wp-content\/uploads\/2025\/08\/Political-polling-vote-4-1024x574.jpg 1024w, https:\/\/www.sisinternational.com\/wp-content\/uploads\/2025\/08\/Political-polling-vote-4-768x430.jpg 768w, https:\/\/www.sisinternational.com\/wp-content\/uploads\/2025\/08\/Political-polling-vote-4-18x10.jpg 18w\" sizes=\"auto, (max-width: 1456px) 100vw, 1456px\"><\/figure>\n\n\n\n<p><strong>Jap\u00e3o<\/strong><\/p>\n\n\n\n<p>O cen\u00e1rio das pesquisas pol\u00edticas e de pesquisa de mercado no Jap\u00e3o reflete a natureza complexa da sua pol\u00edtica e economia. O cen\u00e1rio pol\u00edtico multifacetado do Jap\u00e3o consiste em partidos estabelecidos h\u00e1 muito tempo, como o Partido Liberal Democrata, o Partido Democr\u00e1tico Constitucional e o Partido da Inova\u00e7\u00e3o do Jap\u00e3o; e novos partidos emergentes que trazem novas ideias para o espa\u00e7o pol\u00edtico.<\/p>\n\n\n\n<p>De qualquer forma, a pesquisa de mercado \u00e9 fortemente impulsionada pela tecnologia avan\u00e7ada do Jap\u00e3o. Ferramentas digitais, como pesquisas on-line, an\u00e1lise de dados e monitoramento de m\u00eddias sociais, s\u00e3o amplamente utilizadas, permitindo a coleta e an\u00e1lise r\u00e1pida e extensa de dados. Estas abordagens de alta tecnologia proporcionaram uma vis\u00e3o mais precisa, aprofundada e oportuna do comportamento da opini\u00e3o p\u00fablica sobre quest\u00f5es que podem preocupar a popula\u00e7\u00e3o, como o decl\u00ednio populacional ou as rela\u00e7\u00f5es tensas com a China.<\/p>\n\n\n\n<p><strong>Coreia do Sul<\/strong><\/p>\n\n\n\n<p>O vibrante sistema democr\u00e1tico do pa\u00eds, caracterizado por elei\u00e7\u00f5es frequentes e debates pol\u00edticos robustos, atribui uma import\u00e2ncia consider\u00e1vel \u00e0 opini\u00e3o p\u00fablica. Os partidos de todo o espectro pol\u00edtico utilizam dados de sondagens para compreender o sentimento e as tend\u00eancias dos eleitores, bem como para afinar as suas mensagens e propostas pol\u00edticas.<\/p>\n\n\n\n<p>Nos \u00faltimos anos, as pesquisas forneceram informa\u00e7\u00f5es sobre quest\u00f5es que surgiram na pol\u00edtica sul-coreana, como os esc\u00e2ndalos de corrup\u00e7\u00e3o que terminaram com a condena\u00e7\u00e3o da ex-presidente Park Geun-hye \u00e0 pris\u00e3o, as rela\u00e7\u00f5es tensas com a Coreia do Norte e o envelhecimento da sociedade e as baixas taxas de natalidade. .<\/p>\n\n\n\n<p>Technology also plays a significant role in <a href=\"https:\/\/www.sisinternational.com\/pt\/cobertura\/as-americas\/cobertura-dos-eua\/pesquisa-de-mercado-em-dakota-do-sul\/\" title=\"Pesquisa de mercado em Dakota do Sul\" data-wpil-monitor-id=\"5485\">South Korea&#8217;s market research<\/a> scene. As one of the most digitally connected countries globally, online surveys and digital data analysis are widely utilized. Social media platforms, in particular, are a valuable resource for gauging public opinion and consumer behavior, thanks to the high level of social media engagement in the country. Advanced data analytics, AI, and machine learning are increasingly being used to process and interpret the vast amounts of data collected.<\/p>\n\n\n\n<p><\/p>","protected":false},"excerpt":{"rendered":"<p>A pesquisa de mercado de pesquisas pol\u00edticas \u00e9 uma ind\u00fastria global, mas certos pa\u00edses e regi\u00f5es t\u00eam cen\u00e1rios pol\u00edticos vibrantes.<\/p>","protected":false},"author":1,"featured_media":64434,"parent":14514,"menu_order":315,"comment_status":"closed","ping_status":"closed","template":"","meta":{"footnotes":""},"class_list":["post-42861","page","type-page","status-publish","has-post-thumbnail"],"_links":{"self":[{"href":"https:\/\/www.sisinternational.com\/pt\/wp-json\/wp\/v2\/pages\/42861","targetHints":{"allow":["GET"]}}],"collection":[{"href":"https:\/\/www.sisinternational.com\/pt\/wp-json\/wp\/v2\/pages"}],"about":[{"href":"https:\/\/www.sisinternational.com\/pt\/wp-json\/wp\/v2\/types\/page"}],"author":[{"embeddable":true,"href":"https:\/\/www.sisinternational.com\/pt\/wp-json\/wp\/v2\/users\/1"}],"replies":[{"embeddable":true,"href":"https:\/\/www.sisinternational.com\/pt\/wp-json\/wp\/v2\/comments?post=42861"}],"version-history":[{"count":7,"href":"https:\/\/www.sisinternational.com\/pt\/wp-json\/wp\/v2\/pages\/42861\/revisions"}],"predecessor-version":[{"id":79258,"href":"https:\/\/www.sisinternational.com\/pt\/wp-json\/wp\/v2\/pages\/42861\/revisions\/79258"}],"up":[{"embeddable":true,"href":"https:\/\/www.sisinternational.com\/pt\/wp-json\/wp\/v2\/pages\/14514"}],"wp:featuredmedia":[{"embeddable":true,"href":"https:\/\/www.sisinternational.com\/pt\/wp-json\/wp\/v2\/media\/64434"}],"wp:attachment":[{"href":"https:\/\/www.sisinternational.com\/pt\/wp-json\/wp\/v2\/media?parent=42861"}],"curies":[{"name":"wp","href":"https:\/\/api.w.org\/{rel}","templated":true}]}}