{"id":42840,"date":"2023-05-08T13:58:14","date_gmt":"2023-05-08T17:58:14","guid":{"rendered":"https:\/\/www.sisinternational.com\/?page_id=42840"},"modified":"2026-01-26T18:50:41","modified_gmt":"2026-01-26T23:50:41","slug":"pesquisa-de-mercado-de-camarao","status":"publish","type":"page","link":"https:\/\/www.sisinternational.com\/pt\/pericia\/pesquisa-de-mercado-de-camarao\/","title":{"rendered":"Pesquisa de mercado de camar\u00e3o"},"content":{"rendered":"<h1 class=\"wp-block-heading\">Pesquisa de mercado de camar\u00e3o<\/h1>\n\n\n\n<figure class=\"gb-block-image gb-block-image-81e2307a\"><img loading=\"lazy\" decoding=\"async\" width=\"1456\" height=\"816\" class=\"gb-image gb-image-81e2307a\" src=\"https:\/\/www.sisinternational.com\/wp-content\/uploads\/2025\/08\/Shrimp-9.jpg\" alt=\"Pesquisa e Estrat\u00e9gia de Mercado Internacional da SIS\" title=\"Shrimp (9)\" srcset=\"https:\/\/www.sisinternational.com\/wp-content\/uploads\/2025\/08\/Shrimp-9.jpg 1456w, https:\/\/www.sisinternational.com\/wp-content\/uploads\/2025\/08\/Shrimp-9-300x168.jpg 300w, https:\/\/www.sisinternational.com\/wp-content\/uploads\/2025\/08\/Shrimp-9-1024x574.jpg 1024w, https:\/\/www.sisinternational.com\/wp-content\/uploads\/2025\/08\/Shrimp-9-768x430.jpg 768w, https:\/\/www.sisinternational.com\/wp-content\/uploads\/2025\/08\/Shrimp-9-18x10.jpg 18w\" sizes=\"auto, (max-width: 1456px) 100vw, 1456px\"><\/figure>\n\n\n\n<p><\/p>\n\n\n\n<p>A pesquisa de mercado de camar\u00e3o examina minuciosamente a demanda e a din\u00e2mica de oferta do mercado da ind\u00fastria de camar\u00e3o, o comportamento do consumidor, os sistemas de produ\u00e7\u00e3o e distribui\u00e7\u00e3o, o cen\u00e1rio competitivo e o ambiente regulat\u00f3rio. O estudo tem como objetivo coletar dados e estrat\u00e9gias em pesquisas de mercado de camar\u00e3o que ajudar\u00e3o as empresas a tomar decis\u00f5es fundamentadas sobre marketing, desenvolvimento de produtos, estrat\u00e9gias de pre\u00e7os e planejamento geral de neg\u00f3cios na ind\u00fastria de camar\u00e3o. Esta pesquisa pode ser realizada usando uma variedade de metodologias, incluindo pesquisas, entrevistas e an\u00e1lise de dados de fontes secund\u00e1rias.<\/p>\n\n\n\n<h2 class=\"wp-block-heading\">Vis\u00e3o geral do mercado<\/h2>\n\n\n\n<p>Shrimp is a famous shellfish in high demand worldwide due to its exquisite flavor and nutritional content. As a result, the shrimp market is a thriving industry that will continue to expand in the following years. Market research provides insights into factors driving the shrimp market include rising consumer health awareness, increased seafood demand, and expansion of aquaculture. The Asia-Pacific area leads the shrimp industry, with key producers and exporters including China, Thailand, and Indonesia. Other regions with significant market shares in the <a href=\"https:\/\/www.sisinternational.com\/pt\/cobertura\/europa\/pesquisa-de-mercado-jersey-europa\/\" title=\"Pesquisa de mercado em Jersey, Europa\"  data-wpil-monitor-id=\"7076\">shrimp<\/a> industry include North America and Europe.<\/p>\n\n\n\n<h2 class=\"wp-block-heading\">Segmentos de pesquisa de mercado<\/h2>\n\n\n\n<h3 class=\"wp-block-heading\">Os camar\u00f5es s\u00e3o categorizados em v\u00e1rias categorias na ind\u00fastria do camar\u00e3o com base em seu tamanho, esp\u00e9cie e processamento. Abaixo est\u00e3o alguns dos tipos de camar\u00e3o mais comuns:<\/h3>\n\n\n\n<ul class=\"wp-block-list\">\n<li>Os camar\u00f5es s\u00e3o categorizados de acordo com o fato de serem capturados em \u00e1gua doce ou salgada.<\/li>\n\n\n\n<li>O camar\u00e3o pode ser capturado na natureza ou cultivado em fazendas e \u00e9 classificado de acordo com seu modo de produ\u00e7\u00e3o.<\/li>\n\n\n\n<li>Dependendo das prefer\u00eancias do consumidor e da demanda do mercado, o camar\u00e3o pode ser oferecido com ou sem cabe\u00e7a.<\/li>\n\n\n\n<li>O camar\u00e3o pode ser comercializado cru ou cozido e normalmente \u00e9 processado e embalado de forma diferente dependendo do m\u00e9todo.<\/li>\n\n\n\n<li>Dependendo das prefer\u00eancias do consumidor e da demanda do mercado, o camar\u00e3o pode ser oferecido com ou sem casca.<\/li>\n\n\n\n<li>Os camar\u00f5es tamb\u00e9m s\u00e3o categorizados de acordo com seu tamanho, sendo o camar\u00e3o gigante o maior e o camar\u00e3o pequeno o menor.<\/li>\n<\/ul>\n\n\n\n<h2 class=\"wp-block-heading\">Drivers de mercado na ind\u00fastria do camar\u00e3o<\/h2>\n\n\n\n<figure class=\"gb-block-image gb-block-image-4b435443\"><img loading=\"lazy\" decoding=\"async\" width=\"1456\" height=\"816\" class=\"gb-image gb-image-4b435443\" src=\"https:\/\/www.sisinternational.com\/wp-content\/uploads\/2025\/08\/Shrimp-2.jpg\" alt=\"Pesquisa e Estrat\u00e9gia de Mercado Internacional da SIS\" title=\"Shrimp (2)\" srcset=\"https:\/\/www.sisinternational.com\/wp-content\/uploads\/2025\/08\/Shrimp-2.jpg 1456w, https:\/\/www.sisinternational.com\/wp-content\/uploads\/2025\/08\/Shrimp-2-300x168.jpg 300w, https:\/\/www.sisinternational.com\/wp-content\/uploads\/2025\/08\/Shrimp-2-1024x574.jpg 1024w, https:\/\/www.sisinternational.com\/wp-content\/uploads\/2025\/08\/Shrimp-2-768x430.jpg 768w, https:\/\/www.sisinternational.com\/wp-content\/uploads\/2025\/08\/Shrimp-2-18x10.jpg 18w\" sizes=\"auto, (max-width: 1456px) 100vw, 1456px\"><\/figure>\n\n\n\n<p><\/p>\n\n\n\n<h3 class=\"wp-block-heading\">V\u00e1rios fatores influenciam a oferta e a demanda na ind\u00fastria do camar\u00e3o. Entre os drivers de mercado est\u00e3o:<\/h3>\n\n\n\n<ul class=\"wp-block-list\">\n<li><strong>Benef\u00edcios para a sa\u00fade -<\/strong> O camar\u00e3o \u00e9 um lanche de baixa caloria e alto teor de prote\u00ednas, com minerais como vitamina D, sel\u00eanio e \u00e1cidos graxos \u00f4mega-3. Como resultado, \u00e9 considerado um alimento nutritivo que agrada aos consumidores preocupados com a sa\u00fade.<\/li>\n\n\n\n<li><strong>Aumento da procura -<\/strong> A demanda est\u00e1 aumentando. O crescimento populacional, o aumento dos n\u00edveis de rendimento e a mudan\u00e7a dos gostos culin\u00e1rios impulsionam a procura global de camar\u00e3o.<\/li>\n\n\n\n<li><strong>Ind\u00fastria da Aquicultura \u2013<\/strong> A aquicultura \u00e9 um setor em crescimento. A produ\u00e7\u00e3o de camar\u00e3o aumentou \u00e0 medida que o neg\u00f3cio da aquicultura cresceu, tornando-o mais amplamente dispon\u00edvel e acess\u00edvel aos clientes.<\/li>\n\n\n\n<li><strong>Sustentabilidade \u2013<\/strong> A ind\u00fastria do camar\u00e3o est\u00e1 a tornar-se mais amiga do ambiente, com as empresas a utilizarem m\u00e9todos de fornecimento respons\u00e1vel, rastreabilidade e minimiza\u00e7\u00e3o de res\u00edduos.<\/li>\n<\/ul>\n\n\n\n<p>\u00c0 medida que a ind\u00fastria evolui, as empresas devem manter-se atualizadas sobre as \u00faltimas tend\u00eancias e desenvolvimentos para permanecerem competitivas.<\/p>\n\n\n\n<h2 class=\"wp-block-heading\">Conduzindo pesquisas de mercado de camar\u00e3o<\/h2>\n\n\n\n<h3 class=\"wp-block-heading\">Existem duas abordagens para a coleta de dados e estrat\u00e9gias na pesquisa de mercado de camar\u00e3o: m\u00e9todos de pesquisa quantitativos e qualitativos.<\/h3>\n\n\n\n<p>A pesquisa quantitativa \u00e9 uma abordagem organizada e objetiva que analisa tend\u00eancias, padr\u00f5es e relacionamentos usando dados estat\u00edsticos e num\u00e9ricos. Pesquisas, enquetes e an\u00e1lises estat\u00edsticas s\u00e3o comumente usadas para medir e quantificar o comportamento, as opini\u00f5es e as prefer\u00eancias do cliente. Um m\u00e9todo de pesquisa quantitativa, por exemplo, pode ser usado para avaliar o tamanho do mercado de camar\u00e3o, definir o segmento de mercado-alvo ou avaliar a satisfa\u00e7\u00e3o do cliente com os itens de camar\u00e3o.<\/p>\n\n\n\n<p>Em contraste, a pesquisa qualitativa \u00e9 uma estrat\u00e9gia subjetiva e explorat\u00f3ria que emprega dados n\u00e3o num\u00e9ricos para obter insights e compreender o comportamento do cliente. Grupos focais, entrevistas e observa\u00e7\u00e3o s\u00e3o abordagens comuns para coletar informa\u00e7\u00f5es detalhadas sobre as percep\u00e7\u00f5es, atitudes e experi\u00eancias do consumidor. Um m\u00e9todo de investiga\u00e7\u00e3o qualitativa, por exemplo, pode ser utilizado para investigar porque \u00e9 que os clientes preferem determinados produtos de camar\u00e3o, compreender o valor cultural do camar\u00e3o num mercado espec\u00edfico ou identificar os impedimentos \u00e0 aceita\u00e7\u00e3o de novos produtos de camar\u00e3o.<\/p>\n\n\n\n<p>To acquire a full insight into the market, both quantitative and qualitative research methodologies can be used when doing <a href=\"https:\/\/www.sisinternational.com\/pt\/cobertura\/pesquisa-de-mercado-asia\/pesquisa-de-mercado-em-timor\/\" title=\"Pesquisa de Mercado em Timor\"  data-wpil-monitor-id=\"4733\">shrimp<\/a> market research. A quantitative research approach, for example, can be used to gather numerical data on the size of the shrimp market, whilst a qualitative research method can be used to get insights into customer attitudes and preferences regarding shrimp products. Online surveys or market reports are further instances of quantitative <a href=\"https:\/\/www.sisinternational.com\/pt\/pericia\/industrias\/pesquisa-de-mercado-do-metaverso\/\" title=\"Pesquisa de mercado do metaverso\"  data-wpil-monitor-id=\"4759\">pesquisar<\/a> methods in shrimp market research, whereas focus groups or in-depth interviews with shrimp industry specialists are examples of qualitative research methods.<\/p>\n\n\n\n<h2 class=\"wp-block-heading\">Benef\u00edcios<\/h2>\n\n\n\n<figure class=\"gb-block-image gb-block-image-86abf324\"><img loading=\"lazy\" decoding=\"async\" width=\"1456\" height=\"816\" class=\"gb-image gb-image-86abf324\" src=\"https:\/\/www.sisinternational.com\/wp-content\/uploads\/2025\/08\/Shrimp-3.jpg\" alt=\"Pesquisa e Estrat\u00e9gia de Mercado Internacional da SIS\" title=\"Shrimp (3)\" srcset=\"https:\/\/www.sisinternational.com\/wp-content\/uploads\/2025\/08\/Shrimp-3.jpg 1456w, https:\/\/www.sisinternational.com\/wp-content\/uploads\/2025\/08\/Shrimp-3-300x168.jpg 300w, https:\/\/www.sisinternational.com\/wp-content\/uploads\/2025\/08\/Shrimp-3-1024x574.jpg 1024w, https:\/\/www.sisinternational.com\/wp-content\/uploads\/2025\/08\/Shrimp-3-768x430.jpg 768w, https:\/\/www.sisinternational.com\/wp-content\/uploads\/2025\/08\/Shrimp-3-18x10.jpg 18w\" sizes=\"auto, (max-width: 1456px) 100vw, 1456px\"><\/figure>\n\n\n\n<p><\/p>\n\n\n\n<p>A pesquisa de mercado \u00e9 uma ferramenta essencial para as empresas do setor de camar\u00e3o. Aqui est\u00e3o as raz\u00f5es pelas quais qualquer grande player ou interessado em fazer parte do mercado de camar\u00e3o deve realizar pesquisas de mercado:<\/p>\n\n\n\n<ul class=\"wp-block-list\">\n<li>Identifique o tamanho do mercado e o potencial de crescimento. A pesquisa de mercado de camar\u00e3o pode ajudar as empresas a compreender o tamanho do mercado, o potencial de crescimento e os principais fatores que impulsionam ou impedem o crescimento.<\/li>\n\n\n\n<li>Reconhecer o comportamento e as prefer\u00eancias do consumidor. A pesquisa de mercado fornece insights sobre as atitudes, comportamentos e prefer\u00eancias dos consumidores em rela\u00e7\u00e3o aos produtos de camar\u00e3o, permitindo que as empresas personalizem suas ofertas para atender \u00e0s necessidades e desejos de seus clientes.<\/li>\n\n\n\n<li>Recognize and capitalize on market trends and opportunities. Businesses may remain ahead of their competitors and capitalize on new <a href=\"https:\/\/www.sisinternational.com\/pt\/pericia\/industrias\/pesquisa-de-mercado-de-butano\/\" title=\"Pesquisa de mercado de butano\"  data-wpil-monitor-id=\"3041\">market niches by researching<\/a> market trends and recognizing emerging possibilities.<\/li>\n\n\n\n<li>Examine a competitividade do mercado. A pesquisa de mercado pode ajudar as empresas a compreender os pontos fortes, fracos e planos de seus concorrentes, bem como a projetar estrat\u00e9gias eficazes de marketing e branding para se diferenciarem.<\/li>\n\n\n\n<li>As t\u00e9cnicas de pre\u00e7os e promo\u00e7\u00e3o devem ser avaliadas. As empresas podem encontrar as t\u00e1ticas de pre\u00e7os e atividades promocionais mais eficazes para maximizar a receita e a lucratividade, pesquisando m\u00e9todos de pre\u00e7os e promo\u00e7\u00e3o.<\/li>\n\n\n\n<li>Criar produtos e servi\u00e7os inovadores. A pesquisa de mercado fornece insights sobre as necessidades e prefer\u00eancias dos consumidores, permitindo que as empresas desenvolvam novos produtos e servi\u00e7os que atendam \u00e0s necessidades em constante mudan\u00e7a de seus clientes.<\/li>\n\n\n\n<li>Determinar canais de distribui\u00e7\u00e3o. A pesquisa de mercado pode ajudar as empresas a determinar os m\u00e9todos de distribui\u00e7\u00e3o mais bem-sucedidos para seus produtos, como lojas online ou f\u00edsicas, atacadistas ou canais diretos ao consumidor.<\/li>\n\n\n\n<li>Fa\u00e7a planos para expans\u00e3o futura. As empresas podem planear o crescimento futuro, tomar decis\u00f5es de investimento fundamentadas e estabelecer estrat\u00e9gias estrat\u00e9gicas de longo prazo, analisando a din\u00e2mica e as tend\u00eancias do mercado.<\/li>\n<\/ul>\n\n\n\n<h2 class=\"wp-block-heading\">Sobre a pesquisa de mercado de camar\u00e3o<\/h2>\n\n\n\n<p>Shrimp market research is the act of collecting and evaluating data and strategies in shrimp market research in order to get insights into market trends, customer behavior, and competition. Surveys, focus groups, and data analysis are examples of quantitative and qualitative research methodologies. Shrimp market research is done&nbsp;to assist businesses in making informed decisions based on trustworthy data, identifying new opportunities, and remaining competitive in the industry. Businesses may build efficient marketing and branding strategies, introduce new products and services, and plan for future growth by investing in shrimp market research.<\/p>","protected":false},"excerpt":{"rendered":"<p>A pesquisa do Shrimp Market analisa a oferta e a demanda do setor, o comportamento do consumidor, a produ\u00e7\u00e3o, a distribui\u00e7\u00e3o, a concorr\u00eancia e as regulamenta\u00e7\u00f5es.<\/p>","protected":false},"author":1,"featured_media":64538,"parent":14514,"menu_order":314,"comment_status":"closed","ping_status":"closed","template":"","meta":{"footnotes":""},"class_list":["post-42840","page","type-page","status-publish","has-post-thumbnail"],"_links":{"self":[{"href":"https:\/\/www.sisinternational.com\/pt\/wp-json\/wp\/v2\/pages\/42840","targetHints":{"allow":["GET"]}}],"collection":[{"href":"https:\/\/www.sisinternational.com\/pt\/wp-json\/wp\/v2\/pages"}],"about":[{"href":"https:\/\/www.sisinternational.com\/pt\/wp-json\/wp\/v2\/types\/page"}],"author":[{"embeddable":true,"href":"https:\/\/www.sisinternational.com\/pt\/wp-json\/wp\/v2\/users\/1"}],"replies":[{"embeddable":true,"href":"https:\/\/www.sisinternational.com\/pt\/wp-json\/wp\/v2\/comments?post=42840"}],"version-history":[{"count":8,"href":"https:\/\/www.sisinternational.com\/pt\/wp-json\/wp\/v2\/pages\/42840\/revisions"}],"predecessor-version":[{"id":80639,"href":"https:\/\/www.sisinternational.com\/pt\/wp-json\/wp\/v2\/pages\/42840\/revisions\/80639"}],"up":[{"embeddable":true,"href":"https:\/\/www.sisinternational.com\/pt\/wp-json\/wp\/v2\/pages\/14514"}],"wp:featuredmedia":[{"embeddable":true,"href":"https:\/\/www.sisinternational.com\/pt\/wp-json\/wp\/v2\/media\/64538"}],"wp:attachment":[{"href":"https:\/\/www.sisinternational.com\/pt\/wp-json\/wp\/v2\/media?parent=42840"}],"curies":[{"name":"wp","href":"https:\/\/api.w.org\/{rel}","templated":true}]}}