{"id":42836,"date":"2023-05-08T13:15:26","date_gmt":"2023-05-08T17:15:26","guid":{"rendered":"https:\/\/www.sisinternational.com\/?page_id=42836"},"modified":"2026-01-27T15:19:56","modified_gmt":"2026-01-27T20:19:56","slug":"pesquisa-de-mercado-de-salgadinhos","status":"publish","type":"page","link":"https:\/\/www.sisinternational.com\/pt\/pericia\/pesquisa-de-mercado-de-salgadinhos\/","title":{"rendered":"Pesquisa de mercado de salgadinhos"},"content":{"rendered":"<h1 class=\"wp-block-heading\">Pesquisa de mercado de salgadinhos<\/h1>\n\n\n\n<figure class=\"gb-block-image gb-block-image-e5c7f0ef\"><img loading=\"lazy\" decoding=\"async\" width=\"1456\" height=\"816\" class=\"gb-image gb-image-e5c7f0ef\" src=\"https:\/\/www.sisinternational.com\/wp-content\/uploads\/2025\/08\/Snacks-4.jpg\" alt=\"Pesquisa e Estrat\u00e9gia de Mercado Internacional da SIS\" title=\"Snacks (4)\" srcset=\"https:\/\/www.sisinternational.com\/wp-content\/uploads\/2025\/08\/Snacks-4.jpg 1456w, https:\/\/www.sisinternational.com\/wp-content\/uploads\/2025\/08\/Snacks-4-300x168.jpg 300w, https:\/\/www.sisinternational.com\/wp-content\/uploads\/2025\/08\/Snacks-4-1024x574.jpg 1024w, https:\/\/www.sisinternational.com\/wp-content\/uploads\/2025\/08\/Snacks-4-768x430.jpg 768w, https:\/\/www.sisinternational.com\/wp-content\/uploads\/2025\/08\/Snacks-4-18x10.jpg 18w\" sizes=\"auto, (max-width: 1456px) 100vw, 1456px\"><\/figure>\n\n\n\n<p><\/p>\n\n\n\n<p>A pesquisa de mercado de salgadinhos \u00e9 o processo de aquisi\u00e7\u00e3o e an\u00e1lise de informa\u00e7\u00f5es sobre o setor de salgadinhos, como prefer\u00eancias do cliente, tend\u00eancias de mercado, atividade da concorr\u00eancia e outros aspectos que podem impactar o setor. As empresas podem adquirir uma compreens\u00e3o mais completa e precisa do setor usando in\u00fameras metodologias de pesquisa, que podem ajudar a influenciar as decis\u00f5es de neg\u00f3cios e reduzir o risco de erros dispendiosos.<\/p>\n\n\n\n<h2 class=\"wp-block-heading\">Vis\u00e3o geral do mercado<\/h2>\n\n\n\n<p>O Mercado de Salgadinhos \u00e9 uma ind\u00fastria altamente competitiva e din\u00e2mica que \u00e9 impulsionada por uma combina\u00e7\u00e3o de mudan\u00e7as nas prefer\u00eancias do consumidor, inova\u00e7\u00e3o e estrat\u00e9gias de marketing. Esse mercado \u00e9 composto por uma gama diversificada de produtos que s\u00e3o consumidos como lanches e normalmente apresentam alto teor de s\u00f3dio e gordura. Estes produtos tornaram-se parte integrante da rotina di\u00e1ria de muitos consumidores, tornando-os um componente-chave da ind\u00fastria alimentar em geral.<\/p>\n\n\n\n<h2 class=\"wp-block-heading\">Produtos no mercado de salgadinhos<\/h2>\n\n\n\n<h3 class=\"wp-block-heading\">Os consumidores podem escolher entre diversos produtos da ind\u00fastria de Salgadinhos. Entre os itens mais populares est\u00e3o:<\/h3>\n\n\n\n<ul class=\"wp-block-list\">\n<li>Batatas fritas s\u00e3o batatas em fatias finas que foram fritas at\u00e9 ficarem crocantes e v\u00eam em uma ampla variedade de sabores, incluindo simples, salgadas, grelhadas, bem como creme de leite e cebola.<\/li>\n\n\n\n<li>Os chips de tortilha geralmente s\u00e3o consumidos com molho de salsa, guacamole ou queijo e s\u00e3o fabricados a partir de tortilhas de milho. Eles est\u00e3o dispon\u00edveis em v\u00e1rios formatos e sabores.<\/li>\n\n\n\n<li>A pipoca \u00e9 uma forma de milho que incha e incha quando aquecida. \u00c9 um lanche popular que \u00e9 oferecido em diversos sabores, como manteiga, queijo e caramelo.<\/li>\n\n\n\n<li>Pretzels s\u00e3o produtos de p\u00e3o assado que geralmente s\u00e3o torcidos em uma estrutura semelhante a um n\u00f3 e est\u00e3o dispon\u00edveis em diversos sabores, incluindo salgado, alho e mostarda com mel.<\/li>\n\n\n\n<li>Os biscoitos s\u00e3o biscoitos finos e crocantes que consistem principalmente de farinha, \u00e1gua e \u00f3leo e podem ser adquiridos em diferentes tipos, incluindo simples, queijo e gergelim.<\/li>\n\n\n\n<li>As nozes s\u00e3o um alimento que cont\u00e9m muitas prote\u00ednas e gorduras boas. Esses salgadinhos incluem amendoim, am\u00eandoas e castanha de caju.<\/li>\n<\/ul>\n\n\n\n<h2 class=\"wp-block-heading\">Metodologia de Pesquisa de Mercado<\/h2>\n\n\n\n<figure class=\"gb-block-image gb-block-image-1b681ca9\"><img loading=\"lazy\" decoding=\"async\" width=\"1456\" height=\"816\" class=\"gb-image gb-image-1b681ca9\" src=\"https:\/\/www.sisinternational.com\/wp-content\/uploads\/2025\/08\/Snacks-3.jpg\" alt=\"Pesquisa e Estrat\u00e9gia de Mercado Internacional da SIS\" title=\"Snacks (3)\" srcset=\"https:\/\/www.sisinternational.com\/wp-content\/uploads\/2025\/08\/Snacks-3.jpg 1456w, https:\/\/www.sisinternational.com\/wp-content\/uploads\/2025\/08\/Snacks-3-300x168.jpg 300w, https:\/\/www.sisinternational.com\/wp-content\/uploads\/2025\/08\/Snacks-3-1024x574.jpg 1024w, https:\/\/www.sisinternational.com\/wp-content\/uploads\/2025\/08\/Snacks-3-768x430.jpg 768w, https:\/\/www.sisinternational.com\/wp-content\/uploads\/2025\/08\/Snacks-3-18x10.jpg 18w\" sizes=\"auto, (max-width: 1456px) 100vw, 1456px\"><\/figure>\n\n\n\n<p><\/p>\n\n\n\n<p>Using various methods to perform Salty <a class=\"wpil_keyword_link\" href=\"https:\/\/www.sisinternational.com\/pt\/pericia\/industrias\/pesquisa-de-mercado-de-lanches\/\"   title=\"Pesquisa de mercado de lanches\" data-wpil-keyword-link=\"linked\"  data-wpil-monitor-id=\"346\">Pesquisa de mercado de lanches<\/a> provides insights into a more comprehensive and precise market overview. Each research method has advantages and disadvantages, and combining techniques can help overcome any single approach&#8217;s limitations.<\/p>\n\n\n\n<h3 class=\"wp-block-heading\">Aqui est\u00e3o alguns exemplos de m\u00e9todos de pesquisa usados na coleta de dados e estrat\u00e9gias em pesquisas de mercado de salgadinhos:<\/h3>\n\n\n\n<p><strong>M\u00e9todos de pesquisa quantitativa<\/strong><\/p>\n\n\n\n<ul class=\"wp-block-list\">\n<li>Os inqu\u00e9ritos podem recolher volumes significativos de dados de uma amostra da popula\u00e7\u00e3o-alvo utilizando m\u00e9todos de investiga\u00e7\u00e3o quantitativos. Uma empresa de salgadinhos, por exemplo, pode realizar uma pesquisa para conhecer as prefer\u00eancias do consumidor, como sabores favoritos, embalagens e pre\u00e7os.<\/li>\n\n\n\n<li>A previs\u00e3o de vendas \u00e9 uma estrat\u00e9gia de pesquisa quantitativa que utiliza dados hist\u00f3ricos e modelos estat\u00edsticos para prever vendas futuras. Um fabricante de salgadinhos poderia utilizar a previs\u00e3o de vendas para prever a demanda por um novo produto.<\/li>\n\n\n\n<li>Dados quantitativos sobre atitudes e comportamento dos clientes podem ser coletados por meio de an\u00e1lises de m\u00eddia social. Uma empresa, por exemplo, poderia utilizar an\u00e1lises de m\u00eddia social para rastrear o n\u00famero de men\u00e7\u00f5es e o sentimento favor\u00e1vel ou negativo em rela\u00e7\u00e3o \u00e0 sua marca ou produtos.<\/li>\n\n\n\n<li>Experimentos podem ser usados para testar hip\u00f3teses e avaliar o efeito de diversas vari\u00e1veis no comportamento do consumidor. As empresas podem realizar experi\u00eancias para ver como o design da embalagem afeta as decis\u00f5es de compra do consumidor.<\/li>\n<\/ul>\n\n\n\n<p><strong>M\u00e9todos de pesquisa qualitativa<\/strong><\/p>\n\n\n\n<ul class=\"wp-block-list\">\n<li>Entrevistas aprofundadas s\u00e3o intera\u00e7\u00f5es individuais com os consumidores para adquirir insights abrangentes sobre suas cren\u00e7as e comportamentos. As empresas podem realizar entrevistas aprofundadas com os consumidores para conhecer os seus padr\u00f5es e prefer\u00eancias alimentares.<\/li>\n\n\n\n<li>Dados qualitativos sobre as prefer\u00eancias e comportamentos dos clientes podem ser recolhidos atrav\u00e9s de f\u00f3runs e comunidades online. Uma empresa de salgadinhos, por exemplo, pode assistir a f\u00f3runs e comunidades na Internet para obter informa\u00e7\u00f5es sobre as atitudes dos consumidores em rela\u00e7\u00e3o aos seus produtos ou para identificar tend\u00eancias em desenvolvimento.<\/li>\n\n\n\n<li>As observa\u00e7\u00f5es na loja envolvem observar os clientes em ambientes de varejo para obter dados qualitativos sobre seu comportamento e prefer\u00eancias. Por exemplo, uma empresa poderia realizar observa\u00e7\u00f5es na loja para compreender melhor como os clientes interagem com os seus produtos e identificar \u00e1reas de desenvolvimento.<\/li>\n\n\n\n<li>A investiga\u00e7\u00e3o etnogr\u00e1fica implica ver e interagir com os consumidores nos seus contextos naturais para aprender sobre os seus comportamentos e prefer\u00eancias. Um fabricante de salgadinhos poderia realizar uma pesquisa etnogr\u00e1fica observando os consumidores em uma loja de conveni\u00eancia para ver como eles tomam decis\u00f5es de compra de salgadinhos.<\/li>\n<\/ul>\n\n\n\n<p>Combining these methods can help to triangulate the findings and provide a more nuanced understanding of the market. Additionally, using multiple methods can help validate the findings and ensure the data and strategies in <a href=\"https:\/\/www.sisinternational.com\/pt\/metodos-alternativos-de-pesquisa-e-visitas-domiciliares\/\" title=\"M\u00e9todos alternativos de pesquisa e visitas domiciliares\u00a0\"  data-wpil-monitor-id=\"853\">pesquisa de mercado de salgadinhos<\/a> are reliable and accurate.<\/p>\n\n\n\n<h2 class=\"wp-block-heading\">Quem precisa realizar a pesquisa de mercado de salgadinhos?<\/h2>\n\n\n\n<figure class=\"gb-block-image gb-block-image-3d53b0ae\"><img loading=\"lazy\" decoding=\"async\" width=\"1456\" height=\"816\" class=\"gb-image gb-image-3d53b0ae\" src=\"https:\/\/www.sisinternational.com\/wp-content\/uploads\/2025\/08\/Snacks-1.jpg\" alt=\"Pesquisa e Estrat\u00e9gia de Mercado Internacional da SIS\" title=\"Snacks (1)\" srcset=\"https:\/\/www.sisinternational.com\/wp-content\/uploads\/2025\/08\/Snacks-1.jpg 1456w, https:\/\/www.sisinternational.com\/wp-content\/uploads\/2025\/08\/Snacks-1-300x168.jpg 300w, https:\/\/www.sisinternational.com\/wp-content\/uploads\/2025\/08\/Snacks-1-1024x574.jpg 1024w, https:\/\/www.sisinternational.com\/wp-content\/uploads\/2025\/08\/Snacks-1-768x430.jpg 768w, https:\/\/www.sisinternational.com\/wp-content\/uploads\/2025\/08\/Snacks-1-18x10.jpg 18w\" sizes=\"auto, (max-width: 1456px) 100vw, 1456px\"><\/figure>\n\n\n\n<ul class=\"wp-block-list\">\n<li>Fabricantes e produtores de salgadinhos que precisam entender os gostos dos consumidores e as tend\u00eancias do mercado para desenvolver novos produtos e melhorar os existentes.<\/li>\n\n\n\n<li>A pesquisa de mercado fornece insights para que distribuidores e varejistas de salgadinhos possam otimizar seus estoques e estrat\u00e9gias de pre\u00e7os, entendendo a demanda por diferentes tipos de salgadinhos.<\/li>\n\n\n\n<li>As empresas de marketing e publicidade que comercializam salgadinhos devem compreender o comportamento e os gostos do consumidor para criar campanhas eficazes.<\/li>\n\n\n\n<li>Packaging firms that build packaging for <a href=\"https:\/\/www.sisinternational.com\/pt\/solucoes\/consultoria-estrategica\/tecnicas-de-geracao-de-leads\/\" title=\"Empresa de gera\u00e7\u00e3o de leads\"  data-wpil-monitor-id=\"6754\">salty snack<\/a> goods must understand consumer preferences and industry trends in order to generate new and appealing packaging designs.<\/li>\n\n\n\n<li>Fornecedores de mat\u00e9rias-primas e ingredientes utilizados em salgadinhos que precisam avaliar a demanda e os pre\u00e7os de diversos tipos de componentes para melhorar sua cadeia de suprimentos.<\/li>\n\n\n\n<li>As organiza\u00e7\u00f5es reguladoras respons\u00e1veis pela seguran\u00e7a e rotulagem de salgadinhos devem compreender as pr\u00e1ticas da ind\u00fastria e as tend\u00eancias do consumidor, a fim de formular regulamentos e padr\u00f5es apropriados.<\/li>\n\n\n\n<li>Investidores e acionistas do neg\u00f3cio de salgadinhos que desejam tomar decis\u00f5es de investimento informadas, compreendendo as tend\u00eancias do mercado e o comportamento do consumidor.<\/li>\n<\/ul>\n\n\n\n<h2 class=\"wp-block-heading\">Sobre a pesquisa de mercado de salgadinhos<\/h2>\n\n\n\n<p>Conducting Salty Snacks Market Research can provide numerous advantages to businesses in the industry. Companies can produce goods that better match the needs of their target market by acquiring a better understanding of consumer preferences and behavior. Data and <a href=\"https:\/\/www.sisinternational.com\/pt\/como-expandir-seu-negocio\/\" title=\"Como expandir seu neg\u00f3cio\"  data-wpil-monitor-id=\"7272\">strategies in salty snacks market research<\/a> can also assist businesses in identifying new trends and staying ahead of the competition. Furthermore, market research can guide pricing and marketing strategies, allowing businesses to maximize sales and profits.<\/p>\n\n\n\n<p>No atual cen\u00e1rio empresarial altamente competitivo, \u00e9 crucial que as empresas estejam no topo e respondam rapidamente \u00e0s mudan\u00e7as no mercado. A pesquisa de mercado de salgadinhos fornece insights que podem ajudar as empresas a fazer exatamente isso. Ao realizar pesquisas de mercado, as empresas podem compreender melhor as necessidades e prefer\u00eancias dos consumidores e adaptar os seus produtos e servi\u00e7os em conformidade.<\/p>","protected":false},"excerpt":{"rendered":"<p>Analisamos as prefer\u00eancias dos clientes, tend\u00eancias de mercado e atividades da concorr\u00eancia para realizar pesquisas de mercado de salgadinhos.<\/p>","protected":false},"author":1,"featured_media":63861,"parent":14514,"menu_order":313,"comment_status":"closed","ping_status":"closed","template":"","meta":{"footnotes":""},"class_list":["post-42836","page","type-page","status-publish","has-post-thumbnail"],"_links":{"self":[{"href":"https:\/\/www.sisinternational.com\/pt\/wp-json\/wp\/v2\/pages\/42836","targetHints":{"allow":["GET"]}}],"collection":[{"href":"https:\/\/www.sisinternational.com\/pt\/wp-json\/wp\/v2\/pages"}],"about":[{"href":"https:\/\/www.sisinternational.com\/pt\/wp-json\/wp\/v2\/types\/page"}],"author":[{"embeddable":true,"href":"https:\/\/www.sisinternational.com\/pt\/wp-json\/wp\/v2\/users\/1"}],"replies":[{"embeddable":true,"href":"https:\/\/www.sisinternational.com\/pt\/wp-json\/wp\/v2\/comments?post=42836"}],"version-history":[{"count":7,"href":"https:\/\/www.sisinternational.com\/pt\/wp-json\/wp\/v2\/pages\/42836\/revisions"}],"predecessor-version":[{"id":80919,"href":"https:\/\/www.sisinternational.com\/pt\/wp-json\/wp\/v2\/pages\/42836\/revisions\/80919"}],"up":[{"embeddable":true,"href":"https:\/\/www.sisinternational.com\/pt\/wp-json\/wp\/v2\/pages\/14514"}],"wp:featuredmedia":[{"embeddable":true,"href":"https:\/\/www.sisinternational.com\/pt\/wp-json\/wp\/v2\/media\/63861"}],"wp:attachment":[{"href":"https:\/\/www.sisinternational.com\/pt\/wp-json\/wp\/v2\/media?parent=42836"}],"curies":[{"name":"wp","href":"https:\/\/api.w.org\/{rel}","templated":true}]}}