{"id":42701,"date":"2023-05-03T21:54:13","date_gmt":"2023-05-04T01:54:13","guid":{"rendered":"https:\/\/www.sisinternational.com\/?page_id=42701"},"modified":"2026-01-27T15:22:06","modified_gmt":"2026-01-27T20:22:06","slug":"pesquisa-de-mercado-de-triades-vs-grupos-focais","status":"publish","type":"page","link":"https:\/\/www.sisinternational.com\/pt\/pericia\/pesquisa-de-mercado-de-triades-vs-grupos-focais\/","title":{"rendered":"Pesquisa de mercado de tr\u00edades vs grupos focais"},"content":{"rendered":"<h1 class=\"wp-block-heading\">Pesquisa de mercado de tr\u00edades vs grupos focais<\/h1>\n\n\n\n<figure class=\"gb-block-image gb-block-image-c917177e\"><img loading=\"lazy\" decoding=\"async\" width=\"1456\" height=\"816\" class=\"gb-image gb-image-c917177e\" src=\"https:\/\/www.sisinternational.com\/wp-content\/uploads\/2025\/09\/Focus-group-recruitment-13.jpg\" alt=\"Pesquisa e Estrat\u00e9gia de Mercado Internacional da SIS\" title=\"Focus group recruitment (13)\" srcset=\"https:\/\/www.sisinternational.com\/wp-content\/uploads\/2025\/09\/Focus-group-recruitment-13.jpg 1456w, https:\/\/www.sisinternational.com\/wp-content\/uploads\/2025\/09\/Focus-group-recruitment-13-300x168.jpg 300w, https:\/\/www.sisinternational.com\/wp-content\/uploads\/2025\/09\/Focus-group-recruitment-13-1024x574.jpg 1024w, https:\/\/www.sisinternational.com\/wp-content\/uploads\/2025\/09\/Focus-group-recruitment-13-768x430.jpg 768w, https:\/\/www.sisinternational.com\/wp-content\/uploads\/2025\/09\/Focus-group-recruitment-13-18x10.jpg 18w\" sizes=\"auto, (max-width: 1456px) 100vw, 1456px\"><\/figure>\n\n\n\n<p><\/p>\n\n\n\n<p>Compreender o comportamento do consumidor \u00e9 crucial antes de lan\u00e7ar qualquer produto ou servi\u00e7o no mercado. Contudo, a diferen\u00e7a entre obter resultados precisos ou imprecisos reside na sele\u00e7\u00e3o de uma metodologia de pesquisa adequada. Para obter informa\u00e7\u00f5es sobre as atitudes e opini\u00f5es dos consumidores atrav\u00e9s de m\u00e9todos de investiga\u00e7\u00e3o qualitativa, os investigadores recorrem frequentemente a t\u00e9cnicas populares como tr\u00edades ou grupos focais e ambos os m\u00e9todos t\u00eam as suas vantagens e desvantagens \u00fanicas. Portanto, a escolha entre pesquisas de mercado de tr\u00edades ou grupos focais depender\u00e1 em grande parte dos objetivos da pesquisa e do or\u00e7amento dispon\u00edvel.<\/p>\n\n\n\n<h2 class=\"wp-block-heading\">Pesquisa de mercado de tr\u00edades vs grupos focais: uma vis\u00e3o geral<\/h2>\n\n\n\n<p>Para coletar insights de pequenos grupos de participantes, os pesquisadores frequentemente empregam tr\u00edades ou metodologias de grupos focais. Mas ambos possuem algumas diferen\u00e7as que os tornam mais \u00fateis para determinadas situa\u00e7\u00f5es, e algumas delas s\u00e3o as seguintes:<\/p>\n\n\n\n<h3 class=\"wp-block-heading\">Tr\u00edades:<\/h3>\n\n\n\n<p>O uso de tr\u00edades em pesquisas qualitativas envolve a discuss\u00e3o de temas espec\u00edficos por tr\u00eas pessoas sob modera\u00e7\u00e3o profissional.<\/p>\n\n\n\n<p>Com as tr\u00edades, \u00e9 f\u00e1cil aprofundar os t\u00f3picos em discuss\u00e3o porque ter um grupo menor permite que os pesquisadores examinem t\u00f3picos complexos ou delicados que exigem aten\u00e7\u00e3o mais personalizada e maior envolvimento dos participantes.<\/p>\n\n\n\n<ul class=\"wp-block-list\">\n<li><strong>Composi\u00e7\u00e3o e estrutura:<\/strong> Nas tr\u00edades, h\u00e1 tr\u00eas participantes junto com um moderador treinado que ajuda a criar uma din\u00e2mica de grupo menor e mais \u00edntima. Eles normalmente s\u00e3o estruturados em torno de t\u00f3picos ou quest\u00f5es predeterminadas.<\/li>\n\n\n\n<li><strong>Finalidade e aplica\u00e7\u00f5es:<\/strong> As tr\u00edades s\u00e3o particularmente \u00fateis para explorar quest\u00f5es complexas ou sens\u00edveis que podem exigir um n\u00edvel mais elevado de aten\u00e7\u00e3o individual. Eles s\u00e3o frequentemente empregados para testes de conceitos, avalia\u00e7\u00f5es de produtos e explora\u00e7\u00e3o aprofundada das motiva\u00e7\u00f5es e prefer\u00eancias do consumidor.<\/li>\n<\/ul>\n\n\n\n<p><strong>Benef\u00edcios das tr\u00edades:<\/strong><\/p>\n\n\n\n<p>Triads offer several advantages as a <a href=\"https:\/\/www.sisinternational.com\/pt\/sampling-techniques-in-qualitative-research-the-complete-guide-to-choosing-the-right-method\/\" title=\"Sampling Techniques in Qualitative Research: The Complete Guide to Choosing the Right Method\"  data-wpil-monitor-id=\"9806\">qualitative research method<\/a>, particularly when in-depth and focused discussions are desired. Some of the key benefits of triads include:<\/p>\n\n\n\n<ul class=\"wp-block-list\">\n<li><strong>Maior profundidade de discuss\u00e3o:<\/strong> Um grupo menor promove conversas mais \u00edntimas e detalhadas. Em situa\u00e7\u00f5es em que h\u00e1 espa\u00e7o para explorar al\u00e9m das discuss\u00f5es superficiais, os participantes sentem-se suficientemente livres para expressar o que quer que surja durante essas sess\u00f5es.<\/li>\n\n\n\n<li><strong>Maior flexibilidade na sele\u00e7\u00e3o dos participantes:<\/strong> Ao considerar o processo de sele\u00e7\u00e3o dos participantes, a utiliza\u00e7\u00e3o de sess\u00f5es de tr\u00edade de menor porte proporciona maiores n\u00edveis de adaptabilidade em rela\u00e7\u00e3o a reuni\u00f5es de grupos focados em grande escala. Ao exigir apenas tr\u00eas participantes para cada sess\u00e3o, torna-se mais simples recrut\u00e1-los, o que resulta numa perspectiva mais ampla a partir das diferentes origens de onde prov\u00eam.<\/li>\n\n\n\n<li><strong>Maior custo-benef\u00edcio:<\/strong> O tamanho reduzido da amostra e a dura\u00e7\u00e3o reduzida da sess\u00e3o nas tr\u00edades tornam-nas uma escolha econ\u00f4mica em vez de grupos focais maiores. Isso \u00e9 altamente vantajoso para empresas e estudos com restri\u00e7\u00f5es financeiras.<\/li>\n\n\n\n<li><strong>Maior precis\u00e3o e confiabilidade dos resultados:<\/strong> Para evitar o pensamento de grupo que leva ao preconceito e \u00e0 conformidade entre os participantes, as tr\u00edades podem ser utilizadas, pois ajudam a mitigar tais riscos.<\/li>\n\n\n\n<li><strong>Gerenciamento mais f\u00e1cil de t\u00f3picos sens\u00edveis:<\/strong> Para garantir uma melhor compreens\u00e3o de assuntos delicados ou complicados que requerem aten\u00e7\u00e3o mais personalizada, o uso de discuss\u00f5es em tr\u00edade \u00e9 altamente recomendado. Grupos menores fazem com que os participantes se sintam mais confort\u00e1veis em compartilhar seus pensamentos e experi\u00eancias, resultando em feedback de qualidade.<\/li>\n<\/ul>\n\n\n\n<h3 class=\"wp-block-heading\">Grupos de foco:<\/h3>\n\n\n\n<figure class=\"gb-block-image gb-block-image-37839aa9\"><img loading=\"lazy\" decoding=\"async\" width=\"1456\" height=\"816\" class=\"gb-image gb-image-37839aa9\" src=\"https:\/\/www.sisinternational.com\/wp-content\/uploads\/2025\/09\/Focus-group-recruitment-6.jpg\" alt=\"Pesquisa e Estrat\u00e9gia de Mercado Internacional da SIS\" title=\"Focus group recruitment (6)\" srcset=\"https:\/\/www.sisinternational.com\/wp-content\/uploads\/2025\/09\/Focus-group-recruitment-6.jpg 1456w, https:\/\/www.sisinternational.com\/wp-content\/uploads\/2025\/09\/Focus-group-recruitment-6-300x168.jpg 300w, https:\/\/www.sisinternational.com\/wp-content\/uploads\/2025\/09\/Focus-group-recruitment-6-1024x574.jpg 1024w, https:\/\/www.sisinternational.com\/wp-content\/uploads\/2025\/09\/Focus-group-recruitment-6-768x430.jpg 768w, https:\/\/www.sisinternational.com\/wp-content\/uploads\/2025\/09\/Focus-group-recruitment-6-18x10.jpg 18w\" sizes=\"auto, (max-width: 1456px) 100vw, 1456px\"><\/figure>\n\n\n\n<p><\/p>\n\n\n\n<p>Normalmente, os grupos focais envolvem mais pessoas do que entrevistas ou pesquisas individuais. Os grupos focais t\u00eam cerca de 6 a 12 membros moderados por profissionais.<\/p>\n\n\n\n<p>By encouraging group discussions and interactions, focus groups seek to generate a diverse array of perspectives and opinions. It helps <a href=\"https:\/\/www.sisinternational.com\/pt\/solucoes\/pesquisa-de-consumo-internacional\/\" title=\"Pesquisa Internacional do Consumidor\"  data-wpil-monitor-id=\"9810\">researchers to evaluate general consumer<\/a> preferences while also exploring broader themes and identifying patterns in their behavior.<\/p>\n\n\n\n<ul class=\"wp-block-list\">\n<li><strong>Composi\u00e7\u00e3o e estrutura:<\/strong> <a href=\"https:\/\/www.sisinternational.com\/pt\/solucoes\/grupos-de-foco\/participe-de-grupos-focais\/\" title=\"Participe de grupos focais\"  data-wpil-monitor-id=\"9804\">Grupos de foco<\/a> are generally led by a trained moderator with participation ranging from six to twelve individuals in the group. By guiding conversations through open-ended questioning techniques while also prompting for additional information when necessary, the moderator aims to encourage dialogue among participants during these discussions.<\/li>\n\n\n\n<li><strong>Finalidade e aplica\u00e7\u00f5es:<\/strong> Ao usar grupos focais, os pesquisadores ganham novas perspectivas e opini\u00f5es, al\u00e9m de reconhecer tend\u00eancias e padr\u00f5es no comportamento do consumidor. A sua utiliza\u00e7\u00e3o estende-se \u00e0 avalia\u00e7\u00e3o de campanhas publicit\u00e1rias e \u00e0 compreens\u00e3o das atitudes dos clientes em rela\u00e7\u00e3o a diversos produtos ou marcas.<\/li>\n<\/ul>\n\n\n\n<p><strong>Benef\u00edcios dos grupos focais:<\/strong><\/p>\n\n\n\n<p><a href=\"https:\/\/www.sisinternational.com\/pt\/cobertura\/pesquisa-de-mercado-asia\/pesquisa-de-mercado-de-grupo-focal-no-japao\/\" title=\"Pesquisa de mercado de grupo focal no Jap\u00e3o\"  data-wpil-monitor-id=\"9809\">Grupos de foco<\/a> are a widely used qualitative research method that offers several advantages, particularly when the objective is to gather diverse perspectives and opinions. Some of the key benefits of focus groups include:<\/p>\n\n\n\n<ul class=\"wp-block-list\">\n<li><strong>Perspectivas mais ricas:<\/strong> With their capability to include numerous people at once. Focus groups offer an expansive selection and diversity of opinions. It helps <a href=\"https:\/\/www.sisinternational.com\/pt\/publicacoes\/comportamento-do-comprador-apos-coronavirus-novo-consumidor\/\" title=\"Comportamento do comprador ap\u00f3s o coronav\u00edrus \u2013 Pesquisa de mercado de consumo\"  data-wpil-monitor-id=\"9811\">researchers understand consumer preferences and behavioral<\/a> tendencies comprehensively.<\/li>\n\n\n\n<li><strong>Observando as intera\u00e7\u00f5es do grupo:<\/strong> A observa\u00e7\u00e3o din\u00e2mica de grupo oferece vantagens significativas. Os pesquisadores podem obter informa\u00e7\u00f5es valiosas sobre as influ\u00eancias sociais nas opini\u00f5es e nos processos de tomada de decis\u00e3o, examinando como os participantes afetam o comportamento uns dos outros.<\/li>\n\n\n\n<li><strong>Efficient <\/strong><a href=\"https:\/\/www.sisinternational.com\/pt\/cobertura\/europa\/pesquisa-de-mercado-em-liverpool-reino-unido\/\" title=\"Pesquisa de Mercado em Liverpool | Grupos focais e coleta de dados no Reino Unido\"  data-wpil-monitor-id=\"9805\">data collection: Group<\/a> interactions can uncover fresh ideas and perspectives that might not arise in individual interviews or small-group conversations.<\/li>\n\n\n\n<li><strong>Oportunidade para interven\u00e7\u00f5es do moderador em tempo real:<\/strong> Os moderadores dos grupos focais t\u00eam a op\u00e7\u00e3o de intervir durante uma sess\u00e3o para orientar as conversas com perguntas investigativas ou esclarecimentos de pontos \u00e0 medida que acontecem. A sess\u00e3o cobre todos os t\u00f3picos relevantes, incentivando discuss\u00f5es din\u00e2micas.<\/li>\n\n\n\n<li><strong>Testando e refinando conceitos:<\/strong> <a href=\"https:\/\/www.sisinternational.com\/pt\/solucoes\/pesquisa-de-mercado-em-grupo-focal\/\" title=\"Pesquisa de mercado com grupo focal\"  data-wpil-monitor-id=\"9807\">Focus groups enable researchers<\/a> to test and refine new product ideas or marketing messages effectively.<\/li>\n\n\n\n<li><strong>Identificando tend\u00eancias e pontos em comum:<\/strong> Recognizing commonalities along with trends and patterns among consumer opinions and behavior becomes less challenging when there are larger group sizes present during <a href=\"https:\/\/www.sisinternational.com\/pt\/solucoes\/grupos-de-foco\/focus-groups-in-the-uk\/\" title=\"Focus Groups in the uk\"  data-wpil-monitor-id=\"1358\">focus<\/a> groups.<\/li>\n<\/ul>\n\n\n\n<h2 class=\"wp-block-heading\">Escolhendo entre pesquisa de mercado de tr\u00edades e grupos focais<\/h2>\n\n\n\n<figure class=\"gb-block-image gb-block-image-d508271f\"><img loading=\"lazy\" decoding=\"async\" width=\"1456\" height=\"816\" class=\"gb-image gb-image-d508271f\" src=\"https:\/\/www.sisinternational.com\/wp-content\/uploads\/2025\/09\/Focus-group-recruitment-1.jpg\" alt=\"Pesquisa e Estrat\u00e9gia de Mercado Internacional da SIS\" title=\"Focus group recruitment (1)\" srcset=\"https:\/\/www.sisinternational.com\/wp-content\/uploads\/2025\/09\/Focus-group-recruitment-1.jpg 1456w, https:\/\/www.sisinternational.com\/wp-content\/uploads\/2025\/09\/Focus-group-recruitment-1-300x168.jpg 300w, https:\/\/www.sisinternational.com\/wp-content\/uploads\/2025\/09\/Focus-group-recruitment-1-1024x574.jpg 1024w, https:\/\/www.sisinternational.com\/wp-content\/uploads\/2025\/09\/Focus-group-recruitment-1-768x430.jpg 768w, https:\/\/www.sisinternational.com\/wp-content\/uploads\/2025\/09\/Focus-group-recruitment-1-18x10.jpg 18w\" sizes=\"auto, (max-width: 1456px) 100vw, 1456px\"><\/figure>\n\n\n\n<p><\/p>\n\n\n\n<p>A sele\u00e7\u00e3o entre pesquisa de mercado de tr\u00edades versus grupos focais depende de v\u00e1rios fatores, incluindo objetivos de pesquisa, or\u00e7amento, restri\u00e7\u00f5es de tempo e caracter\u00edsticas do p\u00fablico-alvo.<\/p>\n\n\n\n<p>Aqui est\u00e3o algumas diretrizes para ajudar a determinar se tr\u00edades ou grupos focais s\u00e3o os mais adequados para o projeto de pesquisa:<\/p>\n\n\n\n<ul class=\"wp-block-list\">\n<li><strong>Objetivos de pesquisa:<\/strong> Para conseguir discuss\u00f5es abrangentes sobre assuntos complexos ou abordar com facilidade assuntos delicados, \u00e9 aconselh\u00e1vel optar pelas tr\u00edades, pois permitem um ambiente mais \u00edntimo e com menos participantes, levando a um maior envolvimento. Para obter diferentes perspectivas ou avaliar e aprimorar conceitos com um p\u00fablico mais amplo, as empresas devem considerar o uso de grupos focais.<\/li>\n\n\n\n<li><strong>Restri\u00e7\u00f5es de or\u00e7amento e tempo:<\/strong> Uma raz\u00e3o pela qual muitos investigadores preferem utilizar metodologias de investiga\u00e7\u00e3o tri\u00e1dicas \u00e9 que normalmente requerem menos financiamento e t\u00eam tempos de resposta mais r\u00e1pidos.<\/li>\n\n\n\n<li><strong>Profundidade e detalhes necess\u00e1rios:<\/strong> Depending on how much depth and detail is required in the insights obtained, triads are suitable for concentrated and refined discussions, while <a href=\"https:\/\/www.sisinternational.com\/pt\/focus-groups-that-deliver-real-voices-real-insight-real-advantage\/\" title=\"Focus Groups That Deliver Real Voices, Real Insight, Real Advantage\"  data-wpil-monitor-id=\"9808\">focus groups can deliver<\/a> an extensive array of outlooks and thoughts.<\/li>\n<\/ul>\n\n\n\n<p>As a result, choosing between triads vs focus groups <a href=\"https:\/\/www.sisinternational.com\/pt\/solucoes\/pesquisa-de-mercado-de-ia-e-consultoria-estrategica\/pesquisa-de-mercado-de-ia-com-deteccao-de-objetos\/\" title=\"Pesquisa de mercado de IA para detec\u00e7\u00e3o de objetos\"  data-wpil-monitor-id=\"7309\">market research only depends on the objective<\/a> of the research, and neither methodology is better than the other in itself. One methodology is perfect for obtaining results with in-depth perspectives, while the other can obtain more general results.<\/p>","protected":false},"excerpt":{"rendered":"<p>A escolha entre pesquisas de mercado de tr\u00edades e grupos focais depender\u00e1 em grande parte dos objetivos da pesquisa e do or\u00e7amento dispon\u00edvel.<\/p>","protected":false},"author":1,"featured_media":66939,"parent":14514,"menu_order":311,"comment_status":"closed","ping_status":"closed","template":"","meta":{"footnotes":""},"class_list":["post-42701","page","type-page","status-publish","has-post-thumbnail"],"_links":{"self":[{"href":"https:\/\/www.sisinternational.com\/pt\/wp-json\/wp\/v2\/pages\/42701","targetHints":{"allow":["GET"]}}],"collection":[{"href":"https:\/\/www.sisinternational.com\/pt\/wp-json\/wp\/v2\/pages"}],"about":[{"href":"https:\/\/www.sisinternational.com\/pt\/wp-json\/wp\/v2\/types\/page"}],"author":[{"embeddable":true,"href":"https:\/\/www.sisinternational.com\/pt\/wp-json\/wp\/v2\/users\/1"}],"replies":[{"embeddable":true,"href":"https:\/\/www.sisinternational.com\/pt\/wp-json\/wp\/v2\/comments?post=42701"}],"version-history":[{"count":6,"href":"https:\/\/www.sisinternational.com\/pt\/wp-json\/wp\/v2\/pages\/42701\/revisions"}],"predecessor-version":[{"id":81630,"href":"https:\/\/www.sisinternational.com\/pt\/wp-json\/wp\/v2\/pages\/42701\/revisions\/81630"}],"up":[{"embeddable":true,"href":"https:\/\/www.sisinternational.com\/pt\/wp-json\/wp\/v2\/pages\/14514"}],"wp:featuredmedia":[{"embeddable":true,"href":"https:\/\/www.sisinternational.com\/pt\/wp-json\/wp\/v2\/media\/66939"}],"wp:attachment":[{"href":"https:\/\/www.sisinternational.com\/pt\/wp-json\/wp\/v2\/media?parent=42701"}],"curies":[{"name":"wp","href":"https:\/\/api.w.org\/{rel}","templated":true}]}}