{"id":42696,"date":"2023-05-03T21:23:06","date_gmt":"2023-05-04T01:23:06","guid":{"rendered":"https:\/\/www.sisinternational.com\/?page_id=42696"},"modified":"2026-01-24T20:52:43","modified_gmt":"2026-01-25T01:52:43","slug":"pesquisa-de-mercado-de-diversidade-de-fornecedores","status":"publish","type":"page","link":"https:\/\/www.sisinternational.com\/pt\/pericia\/pesquisa-de-mercado-de-diversidade-de-fornecedores\/","title":{"rendered":"Pesquisa de mercado de diversidade de fornecedores"},"content":{"rendered":"<h1 class=\"wp-block-heading\">Pesquisa de mercado de diversidade de fornecedores<\/h1>\n\n\n\n<figure class=\"gb-block-image gb-block-image-48311580\"><img loading=\"lazy\" decoding=\"async\" width=\"1456\" height=\"816\" class=\"gb-image gb-image-48311580\" src=\"https:\/\/www.sisinternational.com\/wp-content\/uploads\/2025\/08\/Retail-18.jpg\" alt=\"Pesquisa e Estrat\u00e9gia de Mercado Internacional da SIS\" title=\"Retail (18)\" srcset=\"https:\/\/www.sisinternational.com\/wp-content\/uploads\/2025\/08\/Retail-18.jpg 1456w, https:\/\/www.sisinternational.com\/wp-content\/uploads\/2025\/08\/Retail-18-300x168.jpg 300w, https:\/\/www.sisinternational.com\/wp-content\/uploads\/2025\/08\/Retail-18-1024x574.jpg 1024w, https:\/\/www.sisinternational.com\/wp-content\/uploads\/2025\/08\/Retail-18-768x430.jpg 768w, https:\/\/www.sisinternational.com\/wp-content\/uploads\/2025\/08\/Retail-18-18x10.jpg 18w\" sizes=\"auto, (max-width: 1456px) 100vw, 1456px\"><\/figure>\n\n\n\n<p><\/p>\n\n\n\n<p>An organization&#8217;s supplier sourcing process should prioritize the inclusion of diverse suppliers. Companies that take this approach engage with suppliers from diverse backgrounds, including minority-owned businesses and women-owned businesses, among others. Incorporating diverse suppliers into business operations enhances organizational competitiveness while demonstrating corporate social responsibility. In addition, it helps <a href=\"https:\/\/www.sisinternational.com\/pt\/solucoes\/consultoria-em-hotelaria-e-turismo-em-viagens\/pesquisa-de-mercado-de-empresa-de-guia-turistico\/\" title=\"Pesquisa de mercado da empresa de guia tur\u00edstico\"  data-wpil-monitor-id=\"9815\">companies tap into previously overlooked markets<\/a>. This requires an exhaustive study with Supplier <a class=\"wpil_keyword_link\" href=\"https:\/\/www.sisinternational.com\/pt\/pericia\/industrias\/pesquisa-de-mercado-de-diversidade\/\"   title=\"Pesquisa de Mercado de Diversidade\" data-wpil-keyword-link=\"linked\"  data-wpil-monitor-id=\"347\">Pesquisa de Mercado de Diversidade<\/a>, focusing on all elements, including product\/service offerings from varied supplier groups.<\/p>\n\n\n\n<h2 class=\"wp-block-heading\">O que \u00e9 pesquisa de mercado de diversidade de fornecedores?<\/h2>\n\n\n\n<p>Supplier diversity market research involves procuring goods and services from businesses that are operated by individuals belonging to underrepresented groups like women or veterans. By <a href=\"https:\/\/www.sisinternational.com\/pt\/how-to-conduct-effective-quantitative-market-research\/\" title=\"How to Conduct Effective Quantitative Market Research\"  data-wpil-monitor-id=\"9819\">conducting this research<\/a> on potential suppliers, businesses ensure they adhere to ethical business practices and have a good reputation to mitigate supplier risks.<\/p>\n\n\n\n<p>Geralmente, esta pesquisa \u00e9 feita para demonstrar responsabilidade social e manter uma reputa\u00e7\u00e3o impec\u00e1vel junto a futuros clientes.<\/p>\n\n\n\n<h2 class=\"wp-block-heading\">Import\u00e2ncia da pesquisa de mercado de diversidade de fornecedores para as empresas<\/h2>\n\n\n\n<h3 class=\"wp-block-heading\">A pesquisa de mercado de diversidade de fornecedores \u00e9 um componente importante de um programa de diversidade de fornecedores bem-sucedido para empresas. Aqui est\u00e3o algumas raz\u00f5es do porqu\u00ea:<\/h3>\n\n\n\n<p><strong>Identifica\u00e7\u00e3o de potenciais fornecedores diversos:<\/strong> Diversos fornecedores que oferecem produtos ou servi\u00e7os exclusivos podem ser identificados por meio de pesquisas de mercado. Ajuda as empresas a obter vantagem competitiva no mercado e a incluir produtos inovadores\/diferenciados em suas ofertas.<\/p>\n\n\n\n<p><strong>Mitiga\u00e7\u00e3o de riscos de fornecedores:<\/strong> A identifica\u00e7\u00e3o de riscos potenciais associados a diversos fornecedores pode ajudar as empresas a mitigar os riscos dos fornecedores por meio de pesquisas de mercado sobre diversidade de fornecedores. Verifica a estabilidade financeira de potenciais fornecedores e garante que estes aderem a pr\u00e1ticas comerciais \u00e9ticas.<\/p>\n\n\n\n<p><strong>Compliance with regulations and <\/strong><a href=\"https:\/\/www.sisinternational.com\/pt\/venezuela-oil-mining-industry-potential-strategic-forecast-2026-2036\/\" title=\"Venezuela Oil &amp; Mining Industry Potential: Strategic Forecast 2026-2036\"  data-wpil-monitor-id=\"9817\">industry standards: To prevent potential<\/a> legal and reputational risks, businesses should conduct market research and comply with the new business standards regarding diversity.<\/p>\n\n\n\n<p><strong>Maior responsabilidade social corporativa:<\/strong> O compromisso de uma empresa em promover a diversidade e a inclus\u00e3o pode ser demonstrado atrav\u00e9s de programas de diversidade de fornecedores, que est\u00e3o a tornar-se mais importantes para consumidores e investidores. Assim, uma pesquisa de mercado abrangente sobre pr\u00e1ticas de diversidade de fornecedores \u00e9 crucial para as empresas que procuram melhorar o seu programa atual, ao mesmo tempo que fazem contribui\u00e7\u00f5es significativas para os esfor\u00e7os de responsabilidade social.<\/p>\n\n\n\n<h2 class=\"wp-block-heading\">Os benef\u00edcios da pesquisa de mercado de diversidade de fornecedores<\/h2>\n\n\n\n<figure class=\"gb-block-image gb-block-image-a947d54e\"><img loading=\"lazy\" decoding=\"async\" width=\"1456\" height=\"816\" class=\"gb-image gb-image-a947d54e\" src=\"https:\/\/www.sisinternational.com\/wp-content\/uploads\/2025\/08\/Retail-19.jpg\" alt=\"Pesquisa e Estrat\u00e9gia de Mercado Internacional da SIS\" title=\"Retail (19)\" srcset=\"https:\/\/www.sisinternational.com\/wp-content\/uploads\/2025\/08\/Retail-19.jpg 1456w, https:\/\/www.sisinternational.com\/wp-content\/uploads\/2025\/08\/Retail-19-300x168.jpg 300w, https:\/\/www.sisinternational.com\/wp-content\/uploads\/2025\/08\/Retail-19-1024x574.jpg 1024w, https:\/\/www.sisinternational.com\/wp-content\/uploads\/2025\/08\/Retail-19-768x430.jpg 768w, https:\/\/www.sisinternational.com\/wp-content\/uploads\/2025\/08\/Retail-19-18x10.jpg 18w\" sizes=\"auto, (max-width: 1456px) 100vw, 1456px\"><\/figure>\n\n\n\n<p><\/p>\n\n\n\n<h3 class=\"wp-block-heading\">A pesquisa de mercado de diversidade de fornecedores oferece v\u00e1rios benef\u00edcios para empresas que est\u00e3o comprometidas em promover a diversidade e a inclus\u00e3o em sua base de fornecedores. Alguns dos principais benef\u00edcios incluem:<\/h3>\n\n\n\n<ul class=\"wp-block-list\">\n<li><strong>Melhor compreens\u00e3o das tend\u00eancias e oportunidades do mercado:<\/strong> By conducting <a href=\"https:\/\/www.sisinternational.com\/pt\/how-to-conduct-effective-quantitative-market-research\/\" title=\"How to Conduct Effective Quantitative Market Research\"  data-wpil-monitor-id=\"9813\">pesquisa de mercado<\/a>, businesses can enhance their comprehension of the latest trends and opportunities within their respective industries. <a href=\"https:\/\/www.sisinternational.com\/pt\/solucoes\/solucoes-de-pesquisa-quantitativa-qualitativa\/pesquisa-de-mercado-de-analise-chaid\/\" title=\"Pesquisa de mercado de an\u00e1lise CHAID\"  data-wpil-monitor-id=\"9816\">Market data analysis<\/a> provides businesses with the opportunity to identify previously unnoticed suppliers and target markets. This particular resource offers companies an opportunity not only to keep up but also to surpass their competition.<\/li>\n\n\n\n<li><strong>Identifica\u00e7\u00e3o de potenciais fornecedores diversos:<\/strong> Ao realizar pesquisas de mercado sobre diversidade de fornecedores, as empresas podem identificar diversos fornecedores com produtos ou servi\u00e7os distintos. Com esse recurso, as empresas podem apoiar diversas culturas e, ao mesmo tempo, promov\u00ea-las em todos os n\u00edveis de fornecedores.<\/li>\n\n\n\n<li><strong>Conformidade com regulamentos e padr\u00f5es da ind\u00fastria:<\/strong> Supplier diversity regulations and industry standards are growing rapidly. Therefore, meeting these requirements while avoiding any possible legal or reputational risks is achievable through conducting <a href=\"https:\/\/www.sisinternational.com\/pt\/solucoes\/legal-market-research\/\" title=\"Legal Market Research\"  data-wpil-monitor-id=\"2975\">pesquisa de mercado<\/a>.<\/li>\n\n\n\n<li><strong>Maior responsabilidade social corporativa:<\/strong> Demonstrar a dedica\u00e7\u00e3o de uma empresa em promover a inclus\u00e3o e a representa\u00e7\u00e3o diversificada \u00e9 hoje um fator chave para consumidores e investidores. A pesquisa de mercado de diversidade de fornecedores ajuda as empresas a melhorar seus programas de diversidade de fornecedores e a cumprir seus compromissos de responsabilidade social, ao mesmo tempo que melhora a posi\u00e7\u00e3o de uma empresa na percep\u00e7\u00e3o p\u00fablica.<\/li>\n<\/ul>\n\n\n\n<h2 class=\"wp-block-heading\">Oportunidades<\/h2>\n\n\n\n<h3 class=\"wp-block-heading\">Algumas das principais oportunidades incluem:<\/h3>\n\n\n\n<p><strong>Acesso a novos mercados:<\/strong> Por <a href=\"https:\/\/www.sisinternational.com\/pt\/how-to-conduct-effective-desk-research\/\" title=\"Como conduzir uma pesquisa documental eficaz\"  data-wpil-monitor-id=\"9814\">conducting market research<\/a>, businesses can uncover potential new suppliers and previously overlooked target markets.<\/p>\n\n\n\n<p><strong>Vantagem competitiva:<\/strong> Diverse supplier identification could provide companies with an opportunity to outcompete others within their industry. By innovating and differentiating their products or services <a href=\"https:\/\/www.sisinternational.com\/pt\/cobertura\/pesquisa-de-mercado-asia\/empresa-de-inteligencia-competitiva-da-asia\/\" title=\"Empresa de Intelig\u00eancia Competitiva da \u00c1sia\"  data-wpil-monitor-id=\"9818\">companies can increase their competitiveness<\/a>.<\/p>\n\n\n\n<p><strong>Maior resili\u00eancia da cadeia de abastecimento:<\/strong> Para fornecer alternativas \u00e0 aquisi\u00e7\u00e3o de materiais ou produtos de fornecedores \u00fanicos, diversificar a base de fornecedores \u00e9 fundamental e pode ajudar as empresas a gerir circunst\u00e2ncias imprevistas nas opera\u00e7\u00f5es.<\/p>\n\n\n\n<p><strong>Melhor inova\u00e7\u00e3o e criatividade:<\/strong> A diversidade de fornecedores pode levar ao aumento da inova\u00e7\u00e3o e criatividade dentro de uma empresa. Diversos fornecedores podem trazer novas ideias e perspectivas para a mesa, levando a produtos ou servi\u00e7os novos e inovadores.<\/p>\n\n\n\n<h2 class=\"wp-block-heading\">Desafios<\/h2>\n\n\n\n<h3 class=\"wp-block-heading\">Embora a pesquisa de mercado ofere\u00e7a muitos benef\u00edcios, tamb\u00e9m existem alguns desafios que as empresas podem enfrentar. Alguns dos principais desafios da pesquisa de mercado de diversidade de fornecedores incluem:<\/h3>\n\n\n\n<p><strong>Dados limitados do fornecedor:<\/strong> Devido \u00e0 insufici\u00eancia de dados sobre diversos fornecedores, os pesquisadores de marketing de diversidade de fornecedores enfrentam desafios significativos na identifica\u00e7\u00e3o de comerciantes promissores e, ao mesmo tempo, examinam a experi\u00eancia do comerciante.<\/p>\n\n\n\n<p><strong>Falta de relat\u00f3rios padronizados:<\/strong> A pesquisa de mercado sobre diversidade de fornecedores carece de metodologias de relat\u00f3rios padronizadas, e as avalia\u00e7\u00f5es de diversidade sobre o desempenho dos fornecedores s\u00e3o muitas vezes tarefas dif\u00edceis para a maioria das empresas.<\/p>\n\n\n\n<p><strong>Dificuldade em medir o ROI:<\/strong> A medi\u00e7\u00e3o do ROI para programas de diversidade de fornecedores pode representar desafios para as empresas porque estes fornecedores podem ter neg\u00f3cios mais pequenos.<\/p>\n\n\n\n<p><strong>Resist\u00eancia do fornecedor:<\/strong> Os programas de diversidade de fornecedores podem encontrar oposi\u00e7\u00e3o de certas partes interessadas que os consideram uma responsabilidade adicional e n\u00e3o uma atividade potencialmente lucrativa. Os desafios tamb\u00e9m podem surgir de partes interessadas internas que resistem \u00e0s mudan\u00e7as dentro da empresa, atrasando os programas de diversidade que poderiam aumentar significativamente a rentabilidade a longo prazo.<\/p>\n\n\n\n<h2 class=\"wp-block-heading\">Perspectiva futura<\/h2>\n\n\n\n<figure class=\"gb-block-image gb-block-image-a065f548\"><img loading=\"lazy\" decoding=\"async\" width=\"1456\" height=\"816\" class=\"gb-image gb-image-a065f548\" src=\"https:\/\/www.sisinternational.com\/wp-content\/uploads\/2025\/08\/Retail-20.jpg\" alt=\"Pesquisa e Estrat\u00e9gia de Mercado Internacional da SIS\" title=\"Retail (20)\" srcset=\"https:\/\/www.sisinternational.com\/wp-content\/uploads\/2025\/08\/Retail-20.jpg 1456w, https:\/\/www.sisinternational.com\/wp-content\/uploads\/2025\/08\/Retail-20-300x168.jpg 300w, https:\/\/www.sisinternational.com\/wp-content\/uploads\/2025\/08\/Retail-20-1024x574.jpg 1024w, https:\/\/www.sisinternational.com\/wp-content\/uploads\/2025\/08\/Retail-20-768x430.jpg 768w, https:\/\/www.sisinternational.com\/wp-content\/uploads\/2025\/08\/Retail-20-18x10.jpg 18w\" sizes=\"auto, (max-width: 1456px) 100vw, 1456px\"><\/figure>\n\n\n\n<p><\/p>\n\n\n\n<p>A pesquisa de mercado sobre diversidade de fornecedores parece ter um futuro brilhante, \u00e0 medida que empresas e organiza\u00e7\u00f5es em todo o mundo reconhecem a import\u00e2ncia de ter cadeias de abastecimento diversificadas.<\/p>\n\n\n\n<p>Este ramo de pesquisa de mercado dever\u00e1 se beneficiar significativamente dos avan\u00e7os tecnol\u00f3gicos que resultam em ferramentas e plataformas avan\u00e7adas capazes de melhorar a efici\u00eancia da coleta de dados, ao mesmo tempo que aprimoram os recursos de an\u00e1lise e monitoramento e empresas que utilizam intelig\u00eancia artificial (IA), aprendizado de m\u00e1quina (ML) e an\u00e1lise de big data.<\/p>\n\n\n\n<p>To navigate the complexities of <a href=\"https:\/\/www.sisinternational.com\/pt\/solucoes\/sis-crescimento-global\/desenvolvimento-da-cadeia-de-abastecimento-global\/\" title=\"Consultoria Global em Cadeia de Suprimentos\"  data-wpil-monitor-id=\"9812\">global supply chains<\/a> resulting from expanding international business operations and cross-border collaborations, it is increasingly important to conduct supplier diversity market research to foster cross-border collaboration and promote inclusive growth on a global scale.<\/p>\n\n\n\n<p>A pesquisa de mercado sobre a diversidade de fornecedores continuar\u00e1 a ser necess\u00e1ria devido \u00e0 crescente \u00eanfase na sustentabilidade e no impacto social para diminuir as disparidades socioecon\u00f3micas.<\/p>","protected":false},"excerpt":{"rendered":"<p>A pesquisa de mercado de diversidade de fornecedores envolve a aquisi\u00e7\u00e3o de bens e servi\u00e7os de empresas operadas por indiv\u00edduos de grupos sub-representados.<\/p>","protected":false},"author":1,"featured_media":62493,"parent":14514,"menu_order":310,"comment_status":"closed","ping_status":"closed","template":"","meta":{"footnotes":""},"class_list":["post-42696","page","type-page","status-publish","has-post-thumbnail"],"_links":{"self":[{"href":"https:\/\/www.sisinternational.com\/pt\/wp-json\/wp\/v2\/pages\/42696","targetHints":{"allow":["GET"]}}],"collection":[{"href":"https:\/\/www.sisinternational.com\/pt\/wp-json\/wp\/v2\/pages"}],"about":[{"href":"https:\/\/www.sisinternational.com\/pt\/wp-json\/wp\/v2\/types\/page"}],"author":[{"embeddable":true,"href":"https:\/\/www.sisinternational.com\/pt\/wp-json\/wp\/v2\/users\/1"}],"replies":[{"embeddable":true,"href":"https:\/\/www.sisinternational.com\/pt\/wp-json\/wp\/v2\/comments?post=42696"}],"version-history":[{"count":6,"href":"https:\/\/www.sisinternational.com\/pt\/wp-json\/wp\/v2\/pages\/42696\/revisions"}],"predecessor-version":[{"id":81631,"href":"https:\/\/www.sisinternational.com\/pt\/wp-json\/wp\/v2\/pages\/42696\/revisions\/81631"}],"up":[{"embeddable":true,"href":"https:\/\/www.sisinternational.com\/pt\/wp-json\/wp\/v2\/pages\/14514"}],"wp:featuredmedia":[{"embeddable":true,"href":"https:\/\/www.sisinternational.com\/pt\/wp-json\/wp\/v2\/media\/62493"}],"wp:attachment":[{"href":"https:\/\/www.sisinternational.com\/pt\/wp-json\/wp\/v2\/media?parent=42696"}],"curies":[{"name":"wp","href":"https:\/\/api.w.org\/{rel}","templated":true}]}}