{"id":42693,"date":"2023-05-03T20:52:04","date_gmt":"2023-05-04T00:52:04","guid":{"rendered":"https:\/\/www.sisinternational.com\/?page_id=42693"},"modified":"2026-01-25T16:37:05","modified_gmt":"2026-01-25T21:37:05","slug":"pesquisa-de-mercado-de-sensores-inteligentes","status":"publish","type":"page","link":"https:\/\/www.sisinternational.com\/pt\/pericia\/pesquisa-de-mercado-de-sensores-inteligentes\/","title":{"rendered":"Pesquisa de mercado de sensores inteligentes"},"content":{"rendered":"<h1 class=\"wp-block-heading\">Pesquisa de mercado de sensores inteligentes<\/h1>\n\n\n\n<figure class=\"gb-block-image gb-block-image-6cc9a0b6\"><img loading=\"lazy\" decoding=\"async\" width=\"1456\" height=\"816\" class=\"gb-image gb-image-6cc9a0b6\" src=\"https:\/\/www.sisinternational.com\/wp-content\/uploads\/2025\/08\/Smart-sensor-2.jpg\" alt=\"Pesquisa e Estrat\u00e9gia de Mercado Internacional da SIS\" title=\"Smart sensor (2)\" srcset=\"https:\/\/www.sisinternational.com\/wp-content\/uploads\/2025\/08\/Smart-sensor-2.jpg 1456w, https:\/\/www.sisinternational.com\/wp-content\/uploads\/2025\/08\/Smart-sensor-2-300x168.jpg 300w, https:\/\/www.sisinternational.com\/wp-content\/uploads\/2025\/08\/Smart-sensor-2-1024x574.jpg 1024w, https:\/\/www.sisinternational.com\/wp-content\/uploads\/2025\/08\/Smart-sensor-2-768x430.jpg 768w, https:\/\/www.sisinternational.com\/wp-content\/uploads\/2025\/08\/Smart-sensor-2-18x10.jpg 18w\" sizes=\"auto, (max-width: 1456px) 100vw, 1456px\"><\/figure>\n\n\n\n<p><\/p>\n\n\n\n<p>A introdu\u00e7\u00e3o de novas tecnologias e dispositivos no mercado continua a aumentar, alimentada pela concorr\u00eancia e pela necessidade. Consequentemente, afetou positivamente a ind\u00fastria manufatureira respons\u00e1vel pela produ\u00e7\u00e3o de pe\u00e7as espec\u00edficas para cada dispositivo. Um mercado afetado positivamente \u00e9 o mercado de sensores inteligentes. \u00c0 medida que a inova\u00e7\u00e3o continua a tornar-se um fator importante de crescimento na tecnologia, a procura por sensores inteligentes tamb\u00e9m acompanha. Com isso, espera-se um crescimento de mais de 10% nos pr\u00f3ximos cinco anos.<\/p>\n\n\n\n<p>The need for smart sensors and <a href=\"https:\/\/www.sisinternational.com\/pt\/pesquisa-de-mercado-de-mobilidade-inteligente\/\" title=\"Pesquisa de mercado de mobilidade inteligente\"  data-wpil-monitor-id=\"1915\">pesquisa de mercado de sensores inteligentes<\/a> exists not only in IT but also in security, weather forecasting, water resource management, agriculture, and others.<\/p>\n\n\n\n<p>Sensores inteligentes revolucionaram todas as ind\u00fastrias, simplificando tarefas e proporcionando conforto a todos os seus usu\u00e1rios. Com o uso dominante de sensores inteligentes, prev\u00ea-se que a procura por manuten\u00e7\u00e3o e repara\u00e7\u00e3o tamb\u00e9m se seguir\u00e1.<\/p>\n\n\n\n<p>However, despite unprecedented growth, the <a href=\"https:\/\/www.sisinternational.com\/pt\/pericia\/industrias\/pesquisa-de-mercado-de-cidade-inteligente\/\" title=\"Pesquisa de mercado de cidades inteligentes\"  data-wpil-monitor-id=\"3408\">smart sensor market<\/a> also faces challenges.<\/p>\n\n\n\n<h2 class=\"wp-block-heading\">O que s\u00e3o sensores inteligentes<\/h2>\n\n\n\n<p>Sensores inteligentes s\u00e3o dispositivos tecnol\u00f3gicos que utilizam transdutores para coletar informa\u00e7\u00f5es espec\u00edficas de um ambiente f\u00edsico. Os dados coletados ser\u00e3o usados para que os sensores inteligentes executem uma tarefa espec\u00edfica naquela informa\u00e7\u00e3o espec\u00edfica. O resultado ser\u00e1 transmitido atrav\u00e9s de uma conex\u00e3o de rede, alterando as propriedades f\u00edsicas dos dados em sinais el\u00e9tricos calcul\u00e1veis.<\/p>\n\n\n\n<h3 class=\"wp-block-heading\">Existem diferentes sensores inteligentes no mercado, que s\u00e3o:<\/h3>\n\n\n\n<ul class=\"wp-block-list\">\n<li><strong>Sensor de n\u00edvel:<\/strong> Use um sinal el\u00e9trico para auxiliar na manuten\u00e7\u00e3o e medi\u00e7\u00e3o dos n\u00edveis de l\u00edquido.<\/li>\n\n\n\n<li><strong>Sensor de press\u00e3o:<\/strong> Dispositivo que converte press\u00e3o mec\u00e2nica em sa\u00edda de sinal el\u00e9trico, geralmente usado em tubula\u00e7\u00f5es.<\/li>\n\n\n\n<li><strong>Sensor de temperatura:<\/strong> Como o pr\u00f3prio nome sugere, ele mede temperaturas do ar, do l\u00edquido ao s\u00f3lido.<\/li>\n\n\n\n<li><strong>Sensor de proximidade:<\/strong> Utilize para detectar sem tocar fisicamente em qualquer objeto existente na \u00e1rea de proximidade.<\/li>\n\n\n\n<li><strong>Sensor infravermelho:<\/strong> Observa objetos, mede-os e detecta movimentos em seu entorno, emitindo luz<\/li>\n\n\n\n<li><strong>Sensor clim\u00e1tico inteligente:<\/strong> Re\u00fane informa\u00e7\u00f5es sobre press\u00e3o barom\u00e9trica, umidade e temperatura, o que \u00e9 \u00fatil para avaliar as condi\u00e7\u00f5es clim\u00e1ticas.<\/li>\n\n\n\n<li><strong>Sensor de planta inteligente:<\/strong> Atua fornecendo dados sobre o cuidado e nutri\u00e7\u00e3o de uma planta.<\/li>\n\n\n\n<li><strong>Sensor de movimento:<\/strong> Comumente utilizado em resid\u00eancias para detectar qualquer movimento interno e externo e, em seguida, dar um sinal ao usu\u00e1rio.<\/li>\n\n\n\n<li><strong>Sensor de detec\u00e7\u00e3o de qualidade do ar:<\/strong> Monitora e detecta a qualidade do ar nas proximidades.<\/li>\n<\/ul>\n\n\n\n<h3 class=\"wp-block-heading\">Existem tipos mais espec\u00edficos de sensores inteligentes dispon\u00edveis no mercado. Os seguintes mencionados s\u00e3o os mais comuns e populares.<\/h3>\n\n\n\n<figure class=\"gb-block-image gb-block-image-860bed0c\"><img loading=\"lazy\" decoding=\"async\" width=\"1456\" height=\"816\" class=\"gb-image gb-image-860bed0c\" src=\"https:\/\/www.sisinternational.com\/wp-content\/uploads\/2025\/08\/Smart-sensor-6.jpg\" alt=\"Pesquisa e Estrat\u00e9gia de Mercado Internacional da SIS\" title=\"Smart sensor (6)\" srcset=\"https:\/\/www.sisinternational.com\/wp-content\/uploads\/2025\/08\/Smart-sensor-6.jpg 1456w, https:\/\/www.sisinternational.com\/wp-content\/uploads\/2025\/08\/Smart-sensor-6-300x168.jpg 300w, https:\/\/www.sisinternational.com\/wp-content\/uploads\/2025\/08\/Smart-sensor-6-1024x574.jpg 1024w, https:\/\/www.sisinternational.com\/wp-content\/uploads\/2025\/08\/Smart-sensor-6-768x430.jpg 768w, https:\/\/www.sisinternational.com\/wp-content\/uploads\/2025\/08\/Smart-sensor-6-18x10.jpg 18w\" sizes=\"auto, (max-width: 1456px) 100vw, 1456px\"><\/figure>\n\n\n\n<p><\/p>\n\n\n\n<h2 class=\"wp-block-heading\">Principais participantes do mercado<\/h2>\n\n\n\n<p>Valued in tens of billions, the <a href=\"https:\/\/www.sisinternational.com\/pt\/pesquisa-de-mercado-de-manufatura-inteligente\/\" title=\"Pesquisa de mercado de manufatura inteligente\"  data-wpil-monitor-id=\"3617\">smart sensors market<\/a> attracted a ton of market players. In a decade, it is expected to hit hundreds of billions in compound annual growth (CAGR).<\/p>\n\n\n\n<h2 class=\"wp-block-heading\">Conhe\u00e7a os principais players do mercado que lideram a ind\u00fastria global:<\/h2>\n\n\n\n<ul class=\"wp-block-list\">\n<li><strong>ABB Ltda.:<\/strong> Esta empresa sueca pretende fornecer solu\u00e7\u00f5es inovadoras utilizando rob\u00f3tica, automa\u00e7\u00e3o de m\u00e1quinas e servi\u00e7os digitais. Seu Ability Smart Sensor transforma motores tradicionais em dispositivos sem fio inteligentes para melhor monitoramento e efici\u00eancia otimizada.<\/li>\n\n\n\n<li><strong>Dispositivo Anal\u00f3gico Inc.:<\/strong> Fundada nos Estados Unidos, esta empresa de semicondutores concentra-se em gerenciamento de energia, processamento de sinais e tecnologia de convers\u00e3o de dados. Eles usam seus subsistemas iSensor MEMS como integra\u00e7\u00e3o em uma variedade de dispositivos, como girosc\u00f3pios e sensores de press\u00e3o.<\/li>\n\n\n\n<li><strong>Honeywell Internacional Inc.:<\/strong> Este conglomerado atua em quatro setores: tecnologias de constru\u00e7\u00e3o, materiais e tecnologias de desempenho e solu\u00e7\u00f5es de seguran\u00e7a e produtividade. Eles oferecem uma variedade de sensores, desde sensores de qualidade do ar at\u00e9 detectores de calor.<\/li>\n\n\n\n<li><strong>Texas Instrumentos Inc.:<\/strong> A Texas Instruments projeta e fabrica semicondutores e circuitos integrados. Tendo v\u00e1rias empresas de produ\u00e7\u00e3o em todo o mundo, elas podem produzir v\u00e1rios tipos de sensores, como sensores magn\u00e9ticos, sensores de luz e sensores de temperatura.<\/li>\n\n\n\n<li><strong>Corpora\u00e7\u00e3o El\u00e9trica Yokogawa:<\/strong> Esta empresa japonesa trabalha principalmente com software e engenharia el\u00e9trica. Eles se diferenciam dos demais players com seus sensores inteligentes SENCOM. Yokogawa afirma que seu sensor inteligente SENCOM simplifica a manuten\u00e7\u00e3o do dispositivo em campo, reduz o tempo de configura\u00e7\u00e3o e melhora a calibra\u00e7\u00e3o.<\/li>\n<\/ul>\n\n\n\n<p>Existem outros players importantes no mercado al\u00e9m dos seguintes. Eles tamb\u00e9m contribuem com milh\u00f5es de d\u00f3lares para o mercado, cada um introduzindo seu pr\u00f3prio design de sensores inteligentes.<\/p>\n\n\n\n<h2 class=\"wp-block-heading\">Desenvolvimento e tend\u00eancias no mercado de sensores inteligentes<\/h2>\n\n\n\n<figure class=\"gb-block-image gb-block-image-0d674e79\"><img loading=\"lazy\" decoding=\"async\" width=\"1456\" height=\"816\" class=\"gb-image gb-image-0d674e79\" src=\"https:\/\/www.sisinternational.com\/wp-content\/uploads\/2025\/08\/Smart-sensor-3.jpg\" alt=\"Pesquisa e Estrat\u00e9gia de Mercado Internacional da SIS\" title=\"Smart sensor (3)\" srcset=\"https:\/\/www.sisinternational.com\/wp-content\/uploads\/2025\/08\/Smart-sensor-3.jpg 1456w, https:\/\/www.sisinternational.com\/wp-content\/uploads\/2025\/08\/Smart-sensor-3-300x168.jpg 300w, https:\/\/www.sisinternational.com\/wp-content\/uploads\/2025\/08\/Smart-sensor-3-1024x574.jpg 1024w, https:\/\/www.sisinternational.com\/wp-content\/uploads\/2025\/08\/Smart-sensor-3-768x430.jpg 768w, https:\/\/www.sisinternational.com\/wp-content\/uploads\/2025\/08\/Smart-sensor-3-18x10.jpg 18w\" sizes=\"auto, (max-width: 1456px) 100vw, 1456px\"><\/figure>\n\n\n\n<p><\/p>\n\n\n\n<p>The smart sensor market maintains its growth with new opportunities based on <a href=\"https:\/\/www.sisinternational.com\/pt\/saude-inteligente\/\" title=\"Pesquisa de mercado de sa\u00fade inteligente\"  data-wpil-monitor-id=\"1946\">innovative<\/a> designs and the Internet of Things that rely on them. All of this help innovate the smart sensor landscape and improve automation.<\/p>\n\n\n\n<h3 class=\"wp-block-heading\">Alguns desses desenvolvimentos e tend\u00eancias s\u00e3o os seguintes:<\/h3>\n\n\n\n<ul class=\"wp-block-list\">\n<li><strong>O Sistema Micro-Eletro-Mec\u00e2nico (MEMS) domina o mercado:<\/strong> Os sensores baseados na tecnologia MEMS constituem a maior parte do mercado de sensores inteligentes. A tecnologia de r\u00e1pido crescimento \u00e9 introduzida regularmente, o que garante o dom\u00ednio cont\u00ednuo dos MEMS nos pr\u00f3ximos anos. MEMS tamb\u00e9m consolida sua posi\u00e7\u00e3o com seu uso vantajoso, como maior precis\u00e3o, alta confiabilidade, opera\u00e7\u00f5es r\u00e1pidas, f\u00e1cil manuten\u00e7\u00e3o e uso m\u00ednimo de energia.<\/li>\n\n\n\n<li><strong>Demanda por dispositivos vest\u00edveis habilitados para sensores inteligentes:<\/strong> Os consumidores est\u00e3o adaptando cada vez mais dispositivos vest\u00edveis para ajudar a monitorar sua biometria, especialmente para fins f\u00edsicos e m\u00e9dicos. Esses sensores inteligentes tamb\u00e9m come\u00e7aram a ser integrados a outros objetos, como cal\u00e7ados, rel\u00f3gios e \u00f3culos inteligentes.<\/li>\n\n\n\n<li><strong>Sensores de CO2 e sensores de g\u00e1s da Infineon:<\/strong> A Infineon apresentou seus novos sensores de CO2, uma solu\u00e7\u00e3o inovadora para atender \u00e0 demanda por qualidade precisa do ar interno. Eles tamb\u00e9m fizeram parceria com a Rainforest Connection (RFXc) para salvar e monitorar a biodiversidade, usando sensores de g\u00e1s da Infineon.<\/li>\n\n\n\n<li><strong>Crescimento do mercado de eletr\u00f4nicos de consumo:<\/strong> O mercado de eletr\u00f4nicos \u00e9 dominado por eletr\u00f4nicos de consumo, que incluem smartphones, laptops e PCs. No entanto, novos avan\u00e7os s\u00e3o introduzidos para diversificar o mercado, como TVs inteligentes e eletrodom\u00e9sticos inteligentes, ambos exigindo o uso de sensores inteligentes.<\/li>\n<\/ul>\n\n\n\n<h2 class=\"wp-block-heading\">Desafios e problemas com o mercado de sensores inteligentes<\/h2>\n\n\n\n<figure class=\"gb-block-image gb-block-image-e08b0226\"><img loading=\"lazy\" decoding=\"async\" width=\"1456\" height=\"816\" class=\"gb-image gb-image-e08b0226\" src=\"https:\/\/www.sisinternational.com\/wp-content\/uploads\/2025\/08\/Smart-sensor-8.jpg\" alt=\"Pesquisa e Estrat\u00e9gia de Mercado Internacional da SIS\" title=\"Smart sensor (8)\" srcset=\"https:\/\/www.sisinternational.com\/wp-content\/uploads\/2025\/08\/Smart-sensor-8.jpg 1456w, https:\/\/www.sisinternational.com\/wp-content\/uploads\/2025\/08\/Smart-sensor-8-300x168.jpg 300w, https:\/\/www.sisinternational.com\/wp-content\/uploads\/2025\/08\/Smart-sensor-8-1024x574.jpg 1024w, https:\/\/www.sisinternational.com\/wp-content\/uploads\/2025\/08\/Smart-sensor-8-768x430.jpg 768w, https:\/\/www.sisinternational.com\/wp-content\/uploads\/2025\/08\/Smart-sensor-8-18x10.jpg 18w\" sizes=\"auto, (max-width: 1456px) 100vw, 1456px\"><\/figure>\n\n\n\n<p><\/p>\n\n\n\n<h3 class=\"wp-block-heading\">O mercado de sensores inteligentes pode enfrentar impedimentos decorrentes dos seguintes desafios:<\/h3>\n\n\n\n<ul class=\"wp-block-list\">\n<li><strong>Um requisito cr\u00edtico para o desempenho preciso do sensor inteligente:<\/strong> Sensores inteligentes s\u00e3o altamente valiosos por suas medi\u00e7\u00f5es precisas. As ind\u00fastrias automatizadas dependem muito da sua efic\u00e1cia, por isso a precis\u00e3o \u00e9 considerada de extrema import\u00e2ncia. Qualquer passo em falso ou erro de c\u00e1lculo por parte do sensor inteligente pode causar um erro caro.<\/li>\n\n\n\n<li><strong>Corrida para redu\u00e7\u00e3o de pre\u00e7o, energia e tamanho:<\/strong> <a href=\"https:\/\/www.sisinternational.com\/pt\/mercado-global-de-sensores-automotivos\/\" title=\"Pesquisa de mercado de sensores automotivos\"  data-wpil-monitor-id=\"7520\">Researchers aim to make smart sensors<\/a> more accessible. Efforts are made to create ones at the nanoscale while improving device performance. To achieve this, it was already proposed to use 0D, 1D, and 2D materials with bio-inspired concepts.<\/li>\n\n\n\n<li><strong>A dificuldade de prever a evolu\u00e7\u00e3o em tempo real:<\/strong> Manufacturers are challenged to expect and foresee the trends. Many industries are affected by the smart sensor market, and to cater to each of these industries&#8217; needs might require more than hindsight with <a href=\"https:\/\/www.sisinternational.com\/pt\/pesquisa-de-mercado-de-varejo-inteligente\/\" title=\"Pesquisa de mercado de varejo inteligente\"  data-wpil-monitor-id=\"2535\">pesquisa de mercado de sensores inteligentes<\/a>.<\/li>\n<\/ul>","protected":false},"excerpt":{"rendered":"<p>\u00c0 medida que a inova\u00e7\u00e3o continua a tornar-se um fator importante de crescimento na tecnologia, a procura por sensores inteligentes tamb\u00e9m acompanha.<\/p>","protected":false},"author":1,"featured_media":64571,"parent":14514,"menu_order":309,"comment_status":"closed","ping_status":"closed","template":"","meta":{"footnotes":""},"class_list":["post-42693","page","type-page","status-publish","has-post-thumbnail"],"_links":{"self":[{"href":"https:\/\/www.sisinternational.com\/pt\/wp-json\/wp\/v2\/pages\/42693","targetHints":{"allow":["GET"]}}],"collection":[{"href":"https:\/\/www.sisinternational.com\/pt\/wp-json\/wp\/v2\/pages"}],"about":[{"href":"https:\/\/www.sisinternational.com\/pt\/wp-json\/wp\/v2\/types\/page"}],"author":[{"embeddable":true,"href":"https:\/\/www.sisinternational.com\/pt\/wp-json\/wp\/v2\/users\/1"}],"replies":[{"embeddable":true,"href":"https:\/\/www.sisinternational.com\/pt\/wp-json\/wp\/v2\/comments?post=42693"}],"version-history":[{"count":9,"href":"https:\/\/www.sisinternational.com\/pt\/wp-json\/wp\/v2\/pages\/42693\/revisions"}],"predecessor-version":[{"id":81146,"href":"https:\/\/www.sisinternational.com\/pt\/wp-json\/wp\/v2\/pages\/42693\/revisions\/81146"}],"up":[{"embeddable":true,"href":"https:\/\/www.sisinternational.com\/pt\/wp-json\/wp\/v2\/pages\/14514"}],"wp:featuredmedia":[{"embeddable":true,"href":"https:\/\/www.sisinternational.com\/pt\/wp-json\/wp\/v2\/media\/64571"}],"wp:attachment":[{"href":"https:\/\/www.sisinternational.com\/pt\/wp-json\/wp\/v2\/media?parent=42693"}],"curies":[{"name":"wp","href":"https:\/\/api.w.org\/{rel}","templated":true}]}}