{"id":42688,"date":"2023-05-03T16:21:11","date_gmt":"2023-05-03T20:21:11","guid":{"rendered":"https:\/\/www.sisinternational.com\/?page_id=42688"},"modified":"2026-01-25T18:15:24","modified_gmt":"2026-01-25T23:15:24","slug":"pesquisa-de-mercado-de-superioridade-de-produto","status":"publish","type":"page","link":"https:\/\/www.sisinternational.com\/pt\/pericia\/pesquisa-de-mercado-de-superioridade-de-produto\/","title":{"rendered":"Pesquisa de mercado de superioridade de produto"},"content":{"rendered":"<h1 class=\"wp-block-heading\">Pesquisa de mercado de superioridade de produto<\/h1>\n\n\n\n<figure class=\"gb-block-image gb-block-image-4d8211a6\"><img loading=\"lazy\" decoding=\"async\" width=\"1456\" height=\"816\" class=\"gb-image gb-image-4d8211a6\" src=\"https:\/\/www.sisinternational.com\/wp-content\/uploads\/2025\/09\/Beauty-product-3.jpg\" alt=\"Pesquisa e Estrat\u00e9gia de Mercado Internacional da SIS\" title=\"Beauty product (3)\" srcset=\"https:\/\/www.sisinternational.com\/wp-content\/uploads\/2025\/09\/Beauty-product-3.jpg 1456w, https:\/\/www.sisinternational.com\/wp-content\/uploads\/2025\/09\/Beauty-product-3-300x168.jpg 300w, https:\/\/www.sisinternational.com\/wp-content\/uploads\/2025\/09\/Beauty-product-3-1024x574.jpg 1024w, https:\/\/www.sisinternational.com\/wp-content\/uploads\/2025\/09\/Beauty-product-3-768x430.jpg 768w, https:\/\/www.sisinternational.com\/wp-content\/uploads\/2025\/09\/Beauty-product-3-18x10.jpg 18w\" sizes=\"auto, (max-width: 1456px) 100vw, 1456px\"><\/figure>\n\n\n\n<p><\/p>\n\n\n\n<p>A pesquisa de mercado de superioridade de produto permite que as empresas forne\u00e7am suporte baseado em dados para suas afirma\u00e7\u00f5es e afirma\u00e7\u00f5es ousadas no cen\u00e1rio empresarial contempor\u00e2neo.<\/p>\n\n\n\n<p>Para apoiar a sua lideran\u00e7a de mercado, as empresas utilizam pesquisas de mercado de superioridade de produtos para respaldar seus produtos com dados de pesquisa confi\u00e1veis.<\/p>\n\n\n\n<h2 class=\"wp-block-heading\">O que \u00e9 pesquisa de mercado de superioridade de produto?<\/h2>\n\n\n\n<p>The act of studying the competition and assessing its own performance against competitors while sustaining product superiority with accurate data constitutes product superiority market research. By doing this, companies can acquire valuable insights into their own strengths and weaknesses and improve their <a href=\"https:\/\/www.sisinternational.com\/pt\/solucoes\/consultoria-em-hotelaria-e-turismo-em-viagens\/consultoria-em-estrategia-de-pesquisa-de-mercado-para-empresa-de-gestao-hoteleira\/\" title=\"Pesquisa de mercado e consultoria estrat\u00e9gica para empresas de gest\u00e3o hoteleira\"  data-wpil-monitor-id=\"9498\">Estrat\u00e9gias de marketing<\/a> to outperform competitors.<\/p>\n\n\n\n<p>Al\u00e9m disso, as empresas podem melhorar significativamente a sua fiabilidade apoiando com dados as suas afirma\u00e7\u00f5es sobre a raz\u00e3o pela qual os seus produtos s\u00e3o superiores no mercado.<\/p>\n\n\n\n<p>Customer preferences and behavior may also be revealed through product superiority market research. Similarly, companies can improve their understanding of the target audience and customize their offerings by analyzing the competition and their own products. Therefore, this method has the potential to <a href=\"https:\/\/www.sisinternational.com\/pt\/analise-de-satisfacao-do-cliente\/\" title=\"8 maneiras de aumentar a satisfa\u00e7\u00e3o do cliente no varejo\"  data-wpil-monitor-id=\"9493\">boost customer satisfaction<\/a> and loyalty for companies, which can translate into increased earnings.<\/p>\n\n\n\n<p>Al\u00e9m disso, o uso da pesquisa de mercado pode identificar tend\u00eancias emergentes em seu setor. Para se manterem competitivas num mercado em r\u00e1pida evolu\u00e7\u00e3o, as empresas podem utilizar esta informa\u00e7\u00e3o para modificar as suas estrat\u00e9gias e ofertas para se posicionarem como l\u00edderes da ind\u00fastria e obterem uma vantagem competitiva.<\/p>\n\n\n\n<h2 class=\"wp-block-heading\">Benef\u00edcios da implementa\u00e7\u00e3o de pesquisa de mercado de superioridade de produto<\/h2>\n\n\n\n<ul class=\"wp-block-list\">\n<li>Product superiority market research provides companies with a competitive advantage, offering valuable insights and facilitating informed decision-making about their products and the reasons why they lead the <a href=\"https:\/\/www.sisinternational.com\/pt\/solucoes\/pesquisa-de-mercado-de-produtos-de-beleza\/pesquisa-de-mercado-de-bem-estar-dos-baby-boomers\/\" title=\"Pesquisa de mercado de bem-estar dos Baby Boomers\"  data-wpil-monitor-id=\"9500\">market and perform so well<\/a> for their consumers.<\/li>\n\n\n\n<li>Reliable data and insights enable businesses to make better decisions regarding <a href=\"https:\/\/www.sisinternational.com\/pt\/solucoes\/consultoria-estrategica\/consultoria-em-estrategia-de-pesquisa-de-mercado-de-responsabilidade-do-produto\/\" title=\"Pesquisa de mercado de responsabilidade do produto e consultoria estrat\u00e9gica\"  data-wpil-monitor-id=\"9495\">product development and marketing strategies<\/a> as well as pricing and expansion into new markets.<\/li>\n\n\n\n<li>O desenvolvimento de produtos e servi\u00e7os que atendam ao p\u00fablico-alvo \u00e9 poss\u00edvel atrav\u00e9s da compreens\u00e3o das necessidades e prefer\u00eancias dos clientes. Alcan\u00e7ar o sucesso a longo prazo requer maior satisfa\u00e7\u00e3o e fidelidade do cliente.<\/li>\n\n\n\n<li>As empresas podem manter-se em contacto com as prefer\u00eancias dos clientes e as tend\u00eancias do mercado, realizando pesquisas de mercado sobre a superioridade dos produtos e melhorando as suas campanhas de marketing tanto para produtos existentes como para lan\u00e7amentos futuros.<\/li>\n\n\n\n<li>Ele revela descobertas sobre novas tend\u00eancias e progress\u00f5es tecnol\u00f3gicas, bem como as prefer\u00eancias dos clientes. Estes podem ser utilizados para fomentar a inova\u00e7\u00e3o e ajudar as empresas a diferenciarem-se dos concorrentes, gerando ideias \u00fanicas nas quais os investigadores provavelmente nem sequer tinham pensado.<\/li>\n\n\n\n<li>As empresas podem aumentar a probabilidade de sucesso desenvolvendo estrat\u00e9gias baseadas em dados e incorporando insights no planejamento estrat\u00e9gico. A aloca\u00e7\u00e3o eficaz de recursos garante um retorno do investimento otimizado.<\/li>\n<\/ul>\n\n\n\n<h2 class=\"wp-block-heading\">Desafios<\/h2>\n\n\n\n<p>Embora este tipo de pesquisa possa fornecer informa\u00e7\u00f5es valiosas para as empresas, tamb\u00e9m existem alguns desafios associados \u00e0 sua realiza\u00e7\u00e3o. Aqui est\u00e3o alguns dos desafios de conduzir pesquisas de mercado de superioridade de produto:<\/p>\n\n\n\n<ul class=\"wp-block-list\">\n<li>Obtaining accurate and reliable data can be challenging, particularly when evaluating multiple products across different categories. If the research includes subjective factors like user <a href=\"https:\/\/www.sisinternational.com\/pt\/qualitative-research-to-enhance-customer-experience\/\" title=\"Qualitative Research to Enhance Customer Experience\"  data-wpil-monitor-id=\"9499\">experience and customer<\/a> satisfaction, it can become even more complex.<\/li>\n\n\n\n<li>A escolha de concorrentes adequados para compara\u00e7\u00e3o pode ser dif\u00edcil devido \u00e0 presen\u00e7a de v\u00e1rios produtos semelhantes ou distintos no mercado. Pode ser um desafio decidir quais produtos comparar e como quantificar as varia\u00e7\u00f5es.<\/li>\n\n\n\n<li>A precis\u00e3o e a confiabilidade dos resultados da pesquisa podem ser significativamente afetadas pelo tamanho e pela representa\u00e7\u00e3o da amostra. A obten\u00e7\u00e3o de uma amostra representativa do mercado-alvo pode ser um desafio, resultando potencialmente em resultados tendenciosos.<\/li>\n\n\n\n<li>A realiza\u00e7\u00e3o de pesquisas de superioridade de produtos pode ser dispendiosa, principalmente ao avaliar v\u00e1rios produtos e exigir um grande tamanho de amostra. Pequenas empresas ou startups com recursos limitados podem achar isso um desafio.<\/li>\n\n\n\n<li>Avaliar v\u00e1rios produtos em diferentes categorias pode consumir muito tempo ao conduzir pesquisas para determinar a superioridade do produto. O lan\u00e7amento de um novo produto ou funcionalidade pode ser adiado, o que pode impactar a competitividade do neg\u00f3cio.<\/li>\n<\/ul>\n\n\n\n<h2 class=\"wp-block-heading\">Considera\u00e7\u00f5es na execu\u00e7\u00e3o de pesquisas de mercado de superioridade de produto<\/h2>\n\n\n\n<p>A pesquisa de mercado de superioridade de produto oferece \u00e0s empresas insights importantes e uma vantagem competitiva. No entanto, tamb\u00e9m apresenta certos desafios e requer uma considera\u00e7\u00e3o cuidadosa. Ao conduzir pesquisas de mercado para superioridade, considere estes fatores-chave:<\/p>\n\n\n\n<ul class=\"wp-block-list\">\n<li>Para garantir uma pesquisa de mercado bem-sucedida, \u00e9 vital garantir a qualidade e a precis\u00e3o dos dados coletados. Para minimizar erros e distor\u00e7\u00f5es nos seus dados, as empresas devem selecionar fontes de informa\u00e7\u00e3o fi\u00e1veis e utilizar m\u00e9todos de amostragem adequados.<\/li>\n\n\n\n<li>A realiza\u00e7\u00e3o de pesquisas de mercado de superioridade de produto pode ser cara em termos de recursos. Exige investimento consider\u00e1vel em tempo, tecnologia e pessoal. Alcan\u00e7ar uma aloca\u00e7\u00e3o de recursos e um gerenciamento de custos bem-sucedidos nas opera\u00e7\u00f5es comerciais exige encontrar o equil\u00edbrio adequado entre a obten\u00e7\u00e3o de insights \u00fateis e a preserva\u00e7\u00e3o de um or\u00e7amento ideal.<\/li>\n\n\n\n<li>Manter a objetividade e evitar preconceitos \u00e9 crucial para os pesquisadores que precisam evitar qualquer influ\u00eancia potencial nos resultados de suas pesquisas. Para garantir que a investiga\u00e7\u00e3o mant\u00e9m a sua integridade, \u00e9 necess\u00e1rio considerar o vi\u00e9s de confirma\u00e7\u00e3o e o vi\u00e9s de sele\u00e7\u00e3o, juntamente com outras poss\u00edveis armadilhas.<\/li>\n\n\n\n<li>To stay relevant in today&#8217;s rapidly changing markets, <a href=\"https:\/\/www.sisinternational.com\/pt\/solucoes\/pesquisa-de-consultoria-em-estrategia-fintech\/consultoria-em-estrategia-de-pesquisa-de-mercado-de-seguros-contra-interrupcao-de-negocios\/\" title=\"Pesquisa de mercado de seguros contra interrup\u00e7\u00e3o de neg\u00f3cios e consultoria estrat\u00e9gica\"  data-wpil-monitor-id=\"9496\">businesses need to adjust their research strategies<\/a> and methodologies quickly. Updating <a href=\"https:\/\/www.sisinternational.com\/pt\/cobertura\/europa\/pesquisa-de-mercado-em-liverpool-reino-unido\/\" title=\"Pesquisa de Mercado em Liverpool | Grupos focais e coleta de dados no Reino Unido\"  data-wpil-monitor-id=\"9494\">research questions or refining data collection<\/a> methods along with incorporating new technologies can help in staying relevant.<\/li>\n\n\n\n<li>Achieving a comprehensive understanding of the market involves balancing both quantitative and qualitative <a href=\"https:\/\/www.sisinternational.com\/pt\/cobertura\/pesquisa-de-mercado-asia\/pesquisa-de-mercado-em-timor\/\" title=\"Pesquisa de Mercado em Timor\"  data-wpil-monitor-id=\"4737\">pesquisar<\/a> methods in product superiority market research. A complete and accurate perception of their target audience and <a href=\"https:\/\/www.sisinternational.com\/pt\/pericia\/industrias\/pesquisa-de-mercado-automotivo\/clinicas-de-carros-estaticos-vs-dinamicos\/\" title=\"Market Research Methods for Automotive Research &#8211; Static vs Dynamic Car Clinics\"  data-wpil-monitor-id=\"9497\">market dynamics<\/a> can be achieved through careful selection and balance of these methods.<\/li>\n\n\n\n<li>Maximizar o impacto dos resultados da investiga\u00e7\u00e3o nas decis\u00f5es empresariais requer interpreta\u00e7\u00e3o e comunica\u00e7\u00e3o eficazes. \u00c9 necess\u00e1rio ter a capacidade de transformar dados e insights complexos em sugest\u00f5es simples que os tomadores de decis\u00e3o possam compreender sem dificuldade.<\/li>\n\n\n\n<li>Um dos principais desafios enfrentados durante a pesquisa de mercado de superioridade de produtos \u00e9 a indisponibilidade de dados adequados. Em certos sectores, pode haver falta de informa\u00e7\u00e3o prontamente dispon\u00edvel ou os dados existentes podem n\u00e3o ser fi\u00e1veis ou precisos.<\/li>\n\n\n\n<li>Comparar dados de m\u00faltiplas fontes \u00e9 essencial para fazer compara\u00e7\u00f5es precisas entre empresas em pesquisas de mercado de superioridade de produtos. O desafio surge quando os dados n\u00e3o s\u00e3o consistentes ou padronizados em todas as fontes.<\/li>\n\n\n\n<li>Em certas situa\u00e7\u00f5es, obter uma amostra suficientemente grande para conduzir uma pesquisa de mercado eficaz sobre a superioridade do produto pode ser um desafio.<\/li>\n<\/ul>","protected":false},"excerpt":{"rendered":"<p>Para apoiar a sua lideran\u00e7a de mercado, as empresas utilizam pesquisas de mercado de superioridade de produtos para respaldar seus produtos com dados de pesquisa confi\u00e1veis.<\/p>","protected":false},"author":1,"featured_media":68806,"parent":14514,"menu_order":308,"comment_status":"closed","ping_status":"closed","template":"","meta":{"footnotes":""},"class_list":["post-42688","page","type-page","status-publish","has-post-thumbnail"],"_links":{"self":[{"href":"https:\/\/www.sisinternational.com\/pt\/wp-json\/wp\/v2\/pages\/42688","targetHints":{"allow":["GET"]}}],"collection":[{"href":"https:\/\/www.sisinternational.com\/pt\/wp-json\/wp\/v2\/pages"}],"about":[{"href":"https:\/\/www.sisinternational.com\/pt\/wp-json\/wp\/v2\/types\/page"}],"author":[{"embeddable":true,"href":"https:\/\/www.sisinternational.com\/pt\/wp-json\/wp\/v2\/users\/1"}],"replies":[{"embeddable":true,"href":"https:\/\/www.sisinternational.com\/pt\/wp-json\/wp\/v2\/comments?post=42688"}],"version-history":[{"count":5,"href":"https:\/\/www.sisinternational.com\/pt\/wp-json\/wp\/v2\/pages\/42688\/revisions"}],"predecessor-version":[{"id":81585,"href":"https:\/\/www.sisinternational.com\/pt\/wp-json\/wp\/v2\/pages\/42688\/revisions\/81585"}],"up":[{"embeddable":true,"href":"https:\/\/www.sisinternational.com\/pt\/wp-json\/wp\/v2\/pages\/14514"}],"wp:featuredmedia":[{"embeddable":true,"href":"https:\/\/www.sisinternational.com\/pt\/wp-json\/wp\/v2\/media\/68806"}],"wp:attachment":[{"href":"https:\/\/www.sisinternational.com\/pt\/wp-json\/wp\/v2\/media?parent=42688"}],"curies":[{"name":"wp","href":"https:\/\/api.w.org\/{rel}","templated":true}]}}