{"id":42686,"date":"2023-05-03T15:49:01","date_gmt":"2023-05-03T19:49:01","guid":{"rendered":"https:\/\/www.sisinternational.com\/?page_id=42686"},"modified":"2026-01-26T17:13:45","modified_gmt":"2026-01-26T22:13:45","slug":"gerente-de-beneficios-de-farmacia-pesquisa-de-mercado-pbm","status":"publish","type":"page","link":"https:\/\/www.sisinternational.com\/pt\/pericia\/gerente-de-beneficios-de-farmacia-pesquisa-de-mercado-pbm\/","title":{"rendered":"Pesquisa de mercado do Gerente de Benef\u00edcios Farmac\u00eauticos (PBM)"},"content":{"rendered":"<h1 class=\"wp-block-heading\">Pesquisa de mercado do Gerente de Benef\u00edcios Farmac\u00eauticos (PBM)<\/h1>\n\n\n\n<figure class=\"gb-block-image gb-block-image-581ee796\"><img loading=\"lazy\" decoding=\"async\" width=\"1456\" height=\"816\" class=\"gb-image gb-image-581ee796\" src=\"https:\/\/www.sisinternational.com\/wp-content\/uploads\/2025\/08\/Pharmaceutical-6.jpg\" alt=\"Pesquisa e Estrat\u00e9gia de Mercado Internacional da SIS\" title=\"Pharmaceutical (6)\" srcset=\"https:\/\/www.sisinternational.com\/wp-content\/uploads\/2025\/08\/Pharmaceutical-6.jpg 1456w, https:\/\/www.sisinternational.com\/wp-content\/uploads\/2025\/08\/Pharmaceutical-6-300x168.jpg 300w, https:\/\/www.sisinternational.com\/wp-content\/uploads\/2025\/08\/Pharmaceutical-6-1024x574.jpg 1024w, https:\/\/www.sisinternational.com\/wp-content\/uploads\/2025\/08\/Pharmaceutical-6-768x430.jpg 768w, https:\/\/www.sisinternational.com\/wp-content\/uploads\/2025\/08\/Pharmaceutical-6-18x10.jpg 18w\" sizes=\"auto, (max-width: 1456px) 100vw, 1456px\"><\/figure>\n\n\n\n<p><\/p>\n\n\n\n<p>A pesquisa de mercado PBM \u00e9 uma ferramenta crucial para compreender a din\u00e2mica e tend\u00eancias desta ind\u00fastria. Os PBMs atuam como intermedi\u00e1rios no sistema de sa\u00fade, assumindo a responsabilidade pela gest\u00e3o dos benef\u00edcios dos medicamentos prescritos para planos de sa\u00fade, empregadores e programas governamentais.<\/p>\n\n\n\n<p>Eles negociam com os fabricantes de medicamentos para definir os pre\u00e7os dos medicamentos, criar formul\u00e1rios de medicamentos e supervisionar as redes de farm\u00e1cias para garantir a entrega eficiente e econ\u00f4mica de medicamentos aos pacientes. Portanto, \u00e0 medida que a procura de servi\u00e7os de sa\u00fade continua a aumentar, as partes interessadas e os investidores t\u00eam tido um grande interesse na pesquisa de mercado do PBM.<\/p>\n\n\n\n<h2 class=\"wp-block-heading\">O que \u00e9 pesquisa de mercado do Pharmacy Benefit Manager (PBM)?<\/h2>\n\n\n\n<p>A pesquisa de mercado PBM inclui uma abordagem met\u00f3dica para adquirir, analisar e compreender dados associados \u00e0 ind\u00fastria farmac\u00eautica. A pesquisa tem como objetivo oferecer insights \u00fateis sobre o estado atual do mercado, como tamanho, tend\u00eancias, potencial de crescimento, requisitos regulat\u00f3rios, cen\u00e1rio competitivo e prefer\u00eancias do consumidor. Al\u00e9m disso, ajuda a identificar novas oportunidades e obst\u00e1culos que sustentam a ind\u00fastria, permitindo que os decisores fa\u00e7am escolhas informadas e desenvolvam estrat\u00e9gias de crescimento eficazes que garantam o sucesso cont\u00ednuo.<\/p>\n\n\n\n<p>Por esse motivo, as organiza\u00e7\u00f5es podem obter uma compreens\u00e3o profunda dos fatores que impulsionam as mudan\u00e7as na ind\u00fastria de PBM e obter insights valiosos sobre o futuro do mercado. Esta pesquisa pode ser particularmente \u00fatil para planos de sa\u00fade, empregadores, ag\u00eancias governamentais, fabricantes farmac\u00eauticos e outras partes interessadas da ind\u00fastria que navegam no cen\u00e1rio complexo e competitivo do mercado de PBM.<\/p>\n\n\n\n<h2 class=\"wp-block-heading\">O papel crucial da pesquisa de mercado do Pharmacy Benefit Manager (PBM) para empresas<\/h2>\n\n\n\n<figure class=\"gb-block-image gb-block-image-3fac324b\"><img loading=\"lazy\" decoding=\"async\" width=\"1456\" height=\"816\" class=\"gb-image gb-image-3fac324b\" src=\"https:\/\/www.sisinternational.com\/wp-content\/uploads\/2025\/08\/Pharmaceutical-22.jpg\" alt=\"Pesquisa e Estrat\u00e9gia de Mercado Internacional da SIS\" title=\"Pharmaceutical (22)\" srcset=\"https:\/\/www.sisinternational.com\/wp-content\/uploads\/2025\/08\/Pharmaceutical-22.jpg 1456w, https:\/\/www.sisinternational.com\/wp-content\/uploads\/2025\/08\/Pharmaceutical-22-300x168.jpg 300w, https:\/\/www.sisinternational.com\/wp-content\/uploads\/2025\/08\/Pharmaceutical-22-1024x574.jpg 1024w, https:\/\/www.sisinternational.com\/wp-content\/uploads\/2025\/08\/Pharmaceutical-22-768x430.jpg 768w, https:\/\/www.sisinternational.com\/wp-content\/uploads\/2025\/08\/Pharmaceutical-22-18x10.jpg 18w\" sizes=\"auto, (max-width: 1456px) 100vw, 1456px\"><\/figure>\n\n\n\n<p><\/p>\n\n\n\n<p>PBM market research empowers stakeholders to make informed decisions, devise effective strategies, and attain sustainable growth. Essentially, it equips businesses with the necessary tools to stay ahead of the curve and succeed in a highly competitive market. The following points highlight the importance of <a href=\"https:\/\/www.sisinternational.com\/pt\/pericia\/industrias\/pesquisa-de-mercado-no-ponto-de-venda\/\" title=\"Pesquisa de mercado de ponto de venda\"  data-wpil-monitor-id=\"4917\">PBM market research<\/a> for businesses:<\/p>\n\n\n\n<ul class=\"wp-block-list\">\n<li><strong>Tomada de decis\u00e3o informada:<\/strong> Ao realizar pesquisas de mercado minuciosas, as empresas obt\u00eam informa\u00e7\u00f5es valiosas sobre a condi\u00e7\u00e3o atual do setor PBM e prev\u00eaem desenvolvimentos futuros.<\/li>\n\n\n\n<li><strong>Identificando oportunidades e amea\u00e7as:<\/strong> Ao analisar tend\u00eancias e dados, as empresas podem identificar novos mercados, avan\u00e7os tecnol\u00f3gicos e ofertas de servi\u00e7os inovadores que podem aumentar a sua vantagem competitiva. Essas informa\u00e7\u00f5es permitem que as empresas capitalizem essas perspectivas e mantenham sua vantagem no mercado.<\/li>\n\n\n\n<li><strong>Vantagem competitiva:<\/strong> Atrav\u00e9s da realiza\u00e7\u00e3o de pesquisas de mercado PBM, as empresas podem obter conhecimentos valiosos sobre as t\u00e1ticas e realiza\u00e7\u00f5es dos seus concorrentes para obter uma vantagem competitiva.<\/li>\n\n\n\n<li><strong>Conformidade regulat\u00f3ria:<\/strong> A ind\u00fastria de PBM opera em um ambiente fortemente regulamentado. Mudan\u00e7as nas regulamenta\u00e7\u00f5es podem ter um impacto significativo na din\u00e2mica do mercado e atrapalhar as opera\u00e7\u00f5es das empresas do setor. Para se manter \u00e0 frente da curva, a pesquisa de mercado PBM \u00e9 essencial para se manter informado e se adaptar atempadamente \u00e0s novas exig\u00eancias.<\/li>\n\n\n\n<li><strong>Gerenciamento de riscos:<\/strong> A pesquisa de mercado PBM oferece \u00e0s empresas uma perspectiva hol\u00edstica do mercado, permitindo-lhes identificar perigos potenciais e conceber estrat\u00e9gias eficazes para enfrent\u00e1-los. Esta abordagem proativa de gest\u00e3o de risco \u00e9 fundamental para garantir a viabilidade de um neg\u00f3cio a longo prazo.<\/li>\n<\/ul>\n\n\n\n<h2 class=\"wp-block-heading\">Principais oportunidades<\/h2>\n\n\n\n<ul class=\"wp-block-list\">\n<li><strong>Identificando segmentos de crescimento:<\/strong> A realiza\u00e7\u00e3o de pesquisas de mercado na ind\u00fastria de PBM pode ser uma forma eficaz de identificar os segmentos de alto crescimento, incluindo servi\u00e7os farmac\u00eauticos especializados, modelos de cuidados baseados em valor e plataformas digitais de sa\u00fade. Ao obter uma compreens\u00e3o abrangente destas tend\u00eancias emergentes, as empresas podem alocar os seus recursos e conceber estrat\u00e9gias para capitalizar nas \u00e1reas com maior potencial de expans\u00e3o e rentabilidade.<\/li>\n\n\n\n<li><strong>Melhorando as experi\u00eancias do cliente:<\/strong> Ao conduzir pesquisas de mercado PBM, as empresas podem obter informa\u00e7\u00f5es valiosas sobre as prefer\u00eancias, comportamentos e \u00e1reas de insatisfa\u00e7\u00e3o dos clientes. Esse conhecimento pode ser usado para personalizar e aprimorar os servi\u00e7os empresariais, resultando em maior satisfa\u00e7\u00e3o e fideliza\u00e7\u00e3o do cliente e num impulso geral ao desempenho financeiro da empresa.<\/li>\n\n\n\n<li><strong>Optimizing cost <\/strong><a href=\"https:\/\/www.sisinternational.com\/pt\/a-crise-global-de-talentos-um-white-paper-de-ruth-stanat\/\" title=\"Pesquisa de mercado de gest\u00e3o de talentos\"  data-wpil-monitor-id=\"2198\">management strategies: By undertaking comprehensive market research<\/a>, businesses can uncover valuable insights that can be leveraged to identify cost-saving opportunities and optimize their operations. Some of the strategies that can be adopted to achieve this end include implementing more efficient drug utilization review processes, negotiating better pricing with manufacturers, and using data analytics to identify and address cost drivers.<\/li>\n\n\n\n<li><strong>Aproveitando a an\u00e1lise de dados e a tecnologia:<\/strong> A pesquisa de mercado PBM tem o potencial de revelar insights inexplorados para aproveitar an\u00e1lises e tecnologia de ponta para agilizar as opera\u00e7\u00f5es, aumentar os n\u00edveis de satisfa\u00e7\u00e3o do cliente e otimizar os resultados financeiros. Por exemplo, a intelig\u00eancia artificial e a aprendizagem autom\u00e1tica podem ser aproveitadas para uma gest\u00e3o eficaz da utiliza\u00e7\u00e3o de medicamentos, enquanto as ferramentas digitais de sa\u00fade podem facilitar o envolvimento personalizado dos pacientes.<\/li>\n\n\n\n<li><strong>Expans\u00e3o para novos mercados e parcerias:<\/strong> A realiza\u00e7\u00e3o de pesquisas de mercado de PBM na ind\u00fastria de PBM pode ser um ativo valioso para empresas que buscam expandir seus horizontes. Ao analisar as tend\u00eancias do mercado e as prefer\u00eancias dos clientes, as empresas podem descobrir oportunidades potenciais, como aventurar-se em mercados globais, formar alian\u00e7as com prestadores de cuidados de sa\u00fade ou colaborar com startups de sa\u00fade digital.<\/li>\n\n\n\n<li><strong>Promover a inova\u00e7\u00e3o na ind\u00fastria de PBM:<\/strong> A pesquisa de mercado PBM pode revelar necessidades e lacunas n\u00e3o atendidas no mercado, estimulando a inova\u00e7\u00e3o em produtos e servi\u00e7os. Ao identificar essas oportunidades, as empresas podem desenvolver solu\u00e7\u00f5es inovadoras que abordem os pontos problem\u00e1ticos dos clientes e os diferenciem da concorr\u00eancia.<\/li>\n\n\n\n<li><strong>Aumentar a transpar\u00eancia e a confian\u00e7a:<\/strong> A utiliza\u00e7\u00e3o de estudos de mercado PBM \u00e9 uma estrat\u00e9gia eficaz para empresas que procuram oportunidades para aumentar a transpar\u00eancia nas suas opera\u00e7\u00f5es, especialmente em \u00e1reas como pre\u00e7os de medicamentos, descontos e gest\u00e3o de formul\u00e1rios. O aumento da transpar\u00eancia pode criar confian\u00e7a entre clientes, pacientes e reguladores, conduzindo, em \u00faltima an\u00e1lise, a um aumento da quota de mercado e ao crescimento e prosperidade a longo prazo.<\/li>\n<\/ul>\n\n\n\n<h2 class=\"wp-block-heading\">Principais desafios da pesquisa de mercado PBM<\/h2>\n\n\n\n<figure class=\"gb-block-image gb-block-image-ff1df4fb\"><img loading=\"lazy\" decoding=\"async\" width=\"1456\" height=\"816\" class=\"gb-image gb-image-ff1df4fb\" src=\"https:\/\/www.sisinternational.com\/wp-content\/uploads\/2025\/08\/Pharmaceutical-14.jpg\" alt=\"Pesquisa e Estrat\u00e9gia de Mercado Internacional da SIS\" title=\"Pharmaceutical (14)\" srcset=\"https:\/\/www.sisinternational.com\/wp-content\/uploads\/2025\/08\/Pharmaceutical-14.jpg 1456w, https:\/\/www.sisinternational.com\/wp-content\/uploads\/2025\/08\/Pharmaceutical-14-300x168.jpg 300w, https:\/\/www.sisinternational.com\/wp-content\/uploads\/2025\/08\/Pharmaceutical-14-1024x574.jpg 1024w, https:\/\/www.sisinternational.com\/wp-content\/uploads\/2025\/08\/Pharmaceutical-14-768x430.jpg 768w, https:\/\/www.sisinternational.com\/wp-content\/uploads\/2025\/08\/Pharmaceutical-14-18x10.jpg 18w\" sizes=\"auto, (max-width: 1456px) 100vw, 1456px\"><\/figure>\n\n\n\n<ul class=\"wp-block-list\">\n<li><strong>Acesso limitado aos dados:<\/strong> O campo da pesquisa de mercado de PBM enfrenta v\u00e1rios desafios quando se trata de adquirir dados relevantes, uma vez que as leis de privacidade, a prote\u00e7\u00e3o de dados e a concorr\u00eancia podem limitar o acesso a esta informa\u00e7\u00e3o valiosa. Os pesquisadores podem encontrar obst\u00e1culos ao tentar coletar dados relacionados \u00e0s tend\u00eancias de uso de medicamentos, descontos, designs de formul\u00e1rios e outros aspectos vitais da pesquisa de mercado de PBM.<\/li>\n\n\n\n<li><strong>Ambiente de mercado din\u00e2mico:<\/strong> The dynamic PBM industry is constantly transforming due to shifts in legislation, regulations, drug pricing, and healthcare consumer behavior. These ongoing changes pose a challenge for <a href=\"https:\/\/www.sisinternational.com\/pt\/pericia\/industrias\/pesquisa-de-mercado-de-macarrao\/\" title=\"Pesquisa de mercado de macarr\u00e3o\"  data-wpil-monitor-id=\"3055\">researchers seeking to obtain up-to-date market<\/a> data, as outdated information can result in flawed market analyses.<\/li>\n\n\n\n<li><strong>Concorr\u00eancia e satura\u00e7\u00e3o do mercado:<\/strong> O mercado de PBM \u00e9 altamente competitivo, com v\u00e1rios grandes players dominando o mercado. Os pesquisadores podem enfrentar dificuldades no acesso \u00e0s informa\u00e7\u00f5es sobre estrat\u00e9gias, modelos de neg\u00f3cios e estrat\u00e9gias de pre\u00e7os dos concorrentes.<\/li>\n\n\n\n<li><strong>Recursos limitados:<\/strong> Conducting PBM market <a href=\"https:\/\/www.sisinternational.com\/pt\/pericia\/industrias\/pesquisa-de-mercado-de-gestao-de-residuos\/\" title=\"Pesquisa de mercado de gest\u00e3o de res\u00edduos\"  data-wpil-monitor-id=\"5979\">pesquisar<\/a> can be costly and require significant resources such as data management and analytics tools. Limited resources can lead to compromised research quality and incomplete data analysis.<\/li>\n<\/ul>\n\n\n\n<h2 class=\"wp-block-heading\">Perspectivas futuras do mercado e oportunidades de crescimento<\/h2>\n\n\n\n<figure class=\"gb-block-image gb-block-image-27ec4735\"><img loading=\"lazy\" decoding=\"async\" width=\"1456\" height=\"816\" class=\"gb-image gb-image-27ec4735\" src=\"https:\/\/www.sisinternational.com\/wp-content\/uploads\/2025\/08\/Pharmaceutical-29.jpg\" alt=\"Pesquisa e Estrat\u00e9gia de Mercado Internacional da SIS\" title=\"Pharmaceutical (29)\" srcset=\"https:\/\/www.sisinternational.com\/wp-content\/uploads\/2025\/08\/Pharmaceutical-29.jpg 1456w, https:\/\/www.sisinternational.com\/wp-content\/uploads\/2025\/08\/Pharmaceutical-29-300x168.jpg 300w, https:\/\/www.sisinternational.com\/wp-content\/uploads\/2025\/08\/Pharmaceutical-29-1024x574.jpg 1024w, https:\/\/www.sisinternational.com\/wp-content\/uploads\/2025\/08\/Pharmaceutical-29-768x430.jpg 768w, https:\/\/www.sisinternational.com\/wp-content\/uploads\/2025\/08\/Pharmaceutical-29-18x10.jpg 18w\" sizes=\"auto, (max-width: 1456px) 100vw, 1456px\"><\/figure>\n\n\n\n<ul class=\"wp-block-list\">\n<li>Espera-se que o mercado de PBM continue a crescer no futuro, impulsionado por fatores como o envelhecimento da popula\u00e7\u00e3o, a crescente preval\u00eancia de doen\u00e7as cr\u00f3nicas e a crescente procura de solu\u00e7\u00f5es de sa\u00fade com boa rela\u00e7\u00e3o custo-benef\u00edcio.<\/li>\n\n\n\n<li>As healthcare systems in developing countries continue to improve, PBMs have the opportunity to enter these <a href=\"https:\/\/www.sisinternational.com\/pt\/solucoes\/solucoes-de-pesquisa-quantitativa-qualitativa\/pesquisa-de-mercado-de-gerenciamento-de-instalacoes\/\" title=\"Pesquisa de mercado de gest\u00e3o de instala\u00e7\u00f5es\"  data-wpil-monitor-id=\"6453\">markets and provide cost-effective prescription drug management<\/a> services.<\/li>\n\n\n\n<li>A ado\u00e7\u00e3o de tecnologias inovadoras, como IA, an\u00e1lise de big data e telemedicina, pode melhorar as opera\u00e7\u00f5es de PBM, melhorar o atendimento ao paciente e reduzir custos.<\/li>\n\n\n\n<li>\u00c0 medida que aumenta o foco na medicina personalizada e nos medicamentos especializados, os PBMs podem capitalizar esta tend\u00eancia, oferecendo servi\u00e7os e solu\u00e7\u00f5es direcionadas para a gest\u00e3o destas terapias complexas.<\/li>\n<\/ul>\n\n\n\n<p>A SIS International oferece Pesquisa Quantitativa, Qualitativa e Estrat\u00e9gica. Fornecemos dados, ferramentas, estrat\u00e9gias, relat\u00f3rios e insights para tomada de decis\u00f5es. Conduzimos entrevistas, pesquisas, grupos focais e muitos outros m\u00e9todos e abordagens de Pesquisa de Mercado. Contate-nos para o seu pr\u00f3ximo projeto de Pesquisa de Mercado.<\/p>","protected":false},"excerpt":{"rendered":"<p>A pesquisa de mercado PBM inclui uma abordagem met\u00f3dica para adquirir, analisar e compreender dados da ind\u00fastria farmac\u00eautica.<\/p>","protected":false},"author":1,"featured_media":62853,"parent":14514,"menu_order":307,"comment_status":"closed","ping_status":"closed","template":"","meta":{"footnotes":""},"class_list":["post-42686","page","type-page","status-publish","has-post-thumbnail"],"_links":{"self":[{"href":"https:\/\/www.sisinternational.com\/pt\/wp-json\/wp\/v2\/pages\/42686","targetHints":{"allow":["GET"]}}],"collection":[{"href":"https:\/\/www.sisinternational.com\/pt\/wp-json\/wp\/v2\/pages"}],"about":[{"href":"https:\/\/www.sisinternational.com\/pt\/wp-json\/wp\/v2\/types\/page"}],"author":[{"embeddable":true,"href":"https:\/\/www.sisinternational.com\/pt\/wp-json\/wp\/v2\/users\/1"}],"replies":[{"embeddable":true,"href":"https:\/\/www.sisinternational.com\/pt\/wp-json\/wp\/v2\/comments?post=42686"}],"version-history":[{"count":8,"href":"https:\/\/www.sisinternational.com\/pt\/wp-json\/wp\/v2\/pages\/42686\/revisions"}],"predecessor-version":[{"id":80036,"href":"https:\/\/www.sisinternational.com\/pt\/wp-json\/wp\/v2\/pages\/42686\/revisions\/80036"}],"up":[{"embeddable":true,"href":"https:\/\/www.sisinternational.com\/pt\/wp-json\/wp\/v2\/pages\/14514"}],"wp:featuredmedia":[{"embeddable":true,"href":"https:\/\/www.sisinternational.com\/pt\/wp-json\/wp\/v2\/media\/62853"}],"wp:attachment":[{"href":"https:\/\/www.sisinternational.com\/pt\/wp-json\/wp\/v2\/media?parent=42686"}],"curies":[{"name":"wp","href":"https:\/\/api.w.org\/{rel}","templated":true}]}}