{"id":42682,"date":"2023-05-03T14:39:50","date_gmt":"2023-05-03T18:39:50","guid":{"rendered":"https:\/\/www.sisinternational.com\/?page_id=42682"},"modified":"2026-01-27T15:25:54","modified_gmt":"2026-01-27T20:25:54","slug":"pesquisa-de-mercado-de-pastelaria","status":"publish","type":"page","link":"https:\/\/www.sisinternational.com\/pt\/pericia\/pesquisa-de-mercado-de-pastelaria\/","title":{"rendered":"Pesquisa de mercado de pastelaria"},"content":{"rendered":"<h1 class=\"wp-block-heading\">Pesquisa de mercado de pastelaria<\/h1>\n\n\n\n<figure class=\"gb-block-image gb-block-image-5b3f6317\"><img loading=\"lazy\" decoding=\"async\" width=\"1456\" height=\"816\" class=\"gb-image gb-image-5b3f6317\" src=\"https:\/\/www.sisinternational.com\/wp-content\/uploads\/2025\/08\/Pastries-4.jpg\" alt=\"Pesquisa e Estrat\u00e9gia de Mercado Internacional da SIS\" title=\"Pastries (4)\" srcset=\"https:\/\/www.sisinternational.com\/wp-content\/uploads\/2025\/08\/Pastries-4.jpg 1456w, https:\/\/www.sisinternational.com\/wp-content\/uploads\/2025\/08\/Pastries-4-300x168.jpg 300w, https:\/\/www.sisinternational.com\/wp-content\/uploads\/2025\/08\/Pastries-4-1024x574.jpg 1024w, https:\/\/www.sisinternational.com\/wp-content\/uploads\/2025\/08\/Pastries-4-768x430.jpg 768w, https:\/\/www.sisinternational.com\/wp-content\/uploads\/2025\/08\/Pastries-4-18x10.jpg 18w\" sizes=\"auto, (max-width: 1456px) 100vw, 1456px\"><\/figure>\n\n\n\n<p><\/p>\n\n\n\n<p>A pesquisa de mercado de pastelaria envolve acumular e analisar dados pertencentes ao setor. O objetivo principal desta pesquisa \u00e9 obter uma compreens\u00e3o das prefer\u00eancias do consumidor, tend\u00eancias de mercado e concorr\u00eancia para que as empresas possam tomar decis\u00f5es informadas. A pesquisa de mercado de pastelaria fornece insights sobre in\u00fameras facetas da ind\u00fastria, como tipos de produtos, comportamento do consumidor e din\u00e2mica do mercado.<\/p>\n\n\n\n<h2 class=\"wp-block-heading\">Vis\u00e3o geral do produto de pesquisa de mercado de pastelaria<\/h2>\n\n\n\n<p>Pastelaria \u00e9 uma forma de alimento assado composto de farinha, gordura e \u00e1gua. Antes de assar, a mistura \u00e9 estendida e moldada em v\u00e1rios formatos, resultando em uma textura escamosa e quebradi\u00e7a. Os doces podem ser doces ou salgados e geralmente s\u00e3o recheados com frutas, latic\u00ednios ou carne.<\/p>\n\n\n\n<h2 class=\"wp-block-heading\">Tipos de Pastelaria:<\/h2>\n\n\n\n<h3 class=\"wp-block-heading\">A ind\u00fastria da pastelaria oferece uma grande variedade de produtos, cada um com caracter\u00edsticas e sabores distintos. Aqui est\u00e3o as descri\u00e7\u00f5es de algumas das variedades de doces mais populares:<\/h3>\n\n\n\n<ul class=\"wp-block-list\">\n<li>Croissants s\u00e3o doces franceses compostos por camadas de massa amanteigada e escamosa.<\/li>\n\n\n\n<li>Donuts s\u00e3o um doce redondo \u00e0 base de massa que normalmente \u00e9 coberto com a\u00e7\u00facar ou glac\u00ea e frito.<\/li>\n\n\n\n<li>Os bolos s\u00e3o deliciosos assados feitos com farinha, a\u00e7\u00facar, ovos e manteiga ou \u00f3leo.<\/li>\n\n\n\n<li>As tortas s\u00e3o past\u00e9is assados que consistem em massa recheada com frutas, creme ou componentes salgados.<\/li>\n\n\n\n<li>Muffins s\u00e3o pequenos past\u00e9is doces assados, compostos de farinha, a\u00e7\u00facar, ovos e manteiga ou \u00f3leo.<\/li>\n<\/ul>\n\n\n\n<h2 class=\"wp-block-heading\">Escopo da pesquisa de mercado de pastelaria<\/h2>\n\n\n\n<p>A pesquisa de mercado de pastelaria fornece insights sobre prefer\u00eancias do consumidor, tend\u00eancias de mercado, an\u00e1lise competitiva e desenvolvimento de produtos. Cada uma dessas categorias \u00e9 examinada com mais detalhes abaixo.<\/p>\n\n\n\n<p><strong>Prefer\u00eancias do Consumidor \u2013<\/strong> Compreender o que os consumidores desejam e exigem \u00e9 crucial para o sucesso de qualquer empresa. A pesquisa de mercado sobre pastelaria pode produzir informa\u00e7\u00f5es valiosas sobre as prefer\u00eancias dos consumidores, tais como as suas variedades preferidas de pastelaria, sabores, ingredientes e embalagens.<\/p>\n\n\n\n<p><strong>Drivers de mercado \u2013<\/strong> O mercado da pastelaria est\u00e1 em constante mudan\u00e7a, surgindo frequentemente novas tend\u00eancias. A pesquisa de mercado de confeitaria pode ajudar as empresas a se manterem atualizadas sobre os desenvolvimentos mais atualizados do setor, incluindo tend\u00eancias emergentes, como a crescente demanda por confeitaria sem gl\u00faten e vegana.<\/p>\n\n\n\n<p><strong>Analise competitiva -<\/strong> Compreender o cen\u00e1rio competitivo \u00e9 essencial para as empresas do setor de pastelaria. A pesquisa de mercado sobre pastelaria pode fornecer informa\u00e7\u00f5es valiosas sobre a quota de mercado dos principais intervenientes, as suas estrat\u00e9gias de pre\u00e7os e as perce\u00e7\u00f5es dos consumidores sobre as suas marcas.<\/p>\n\n\n\n<p><strong>Desenvolvimento de Produto \u2013<\/strong> Para que as empresas permane\u00e7am competitivas, \u00e9 essencial desenvolver novos produtos de pastelaria que satisfa\u00e7am as prefer\u00eancias dos consumidores. A pesquisa de mercado sobre pastelaria pode produzir informa\u00e7\u00f5es valiosas sobre as variedades de pastelaria que os consumidores desejam, os seus ingredientes e sabores preferidos e as suas prefer\u00eancias de embalagem.<\/p>\n\n\n\n<h2 class=\"wp-block-heading\">Principais impulsionadores na pesquisa de mercado de doces<\/h2>\n\n\n\n<figure class=\"gb-block-image gb-block-image-3067d281\"><img loading=\"lazy\" decoding=\"async\" width=\"1456\" height=\"816\" class=\"gb-image gb-image-3067d281\" src=\"https:\/\/www.sisinternational.com\/wp-content\/uploads\/2025\/08\/pastries-4-2.jpg\" alt=\"Pesquisa e Estrat\u00e9gia de Mercado Internacional da SIS\" title=\"pastries 4 (2)\" srcset=\"https:\/\/www.sisinternational.com\/wp-content\/uploads\/2025\/08\/pastries-4-2.jpg 1456w, https:\/\/www.sisinternational.com\/wp-content\/uploads\/2025\/08\/pastries-4-2-300x168.jpg 300w, https:\/\/www.sisinternational.com\/wp-content\/uploads\/2025\/08\/pastries-4-2-1024x574.jpg 1024w, https:\/\/www.sisinternational.com\/wp-content\/uploads\/2025\/08\/pastries-4-2-768x430.jpg 768w, https:\/\/www.sisinternational.com\/wp-content\/uploads\/2025\/08\/pastries-4-2-18x10.jpg 18w\" sizes=\"auto, (max-width: 1456px) 100vw, 1456px\"><\/figure>\n\n\n\n<p><\/p>\n\n\n\n<p>A pesquisa de mercado de pastelaria fornece insights sobre o cen\u00e1rio do setor. A ind\u00fastria da pastelaria est\u00e1 em constante evolu\u00e7\u00e3o, com novas tend\u00eancias surgindo regularmente. Aqui est\u00e3o algumas das tend\u00eancias mais significativas do mercado de pastelaria:<\/p>\n\n\n\n<p><strong>Sa\u00fade e bem-estar -<\/strong> Quando se trata de escolher doces, a sa\u00fade e o bem-estar tornaram-se determinantes cruciais na escolha do consumidor. Doces sem gl\u00faten e veganos, bem como produtos elaborados com ingredientes org\u00e2nicos e n\u00e3o transg\u00eanicos, s\u00e3o procurados pelos consumidores.<\/p>\n\n\n\n<p><strong>Conveni\u00eancia \u2013<\/strong> Os consumidores procuram produtos de pastelaria que sejam pr\u00e1ticos e simples de consumir. Os doces embalados individualmente est\u00e3o se tornando cada vez mais populares como op\u00e7\u00f5es para levar.<\/p>\n\n\n\n<p><strong>Localiza\u00e7\u00e3o \u2013<\/strong> Os consumidores est\u00e3o cada vez mais interessados em doces de origem local. Esta tend\u00eancia \u00e9 motivada pelo desejo dos consumidores de apoiar as empresas locais e reduzir o impacto ambiental do transporte.<\/p>\n\n\n\n<p><strong>Inova\u00e7\u00e3o -<\/strong> O mercado de pastelaria est\u00e1 em constante evolu\u00e7\u00e3o e a procura de produtos de pastelaria novos e inovadores est\u00e1 a crescer. Desenvolvedores de produtos de confeitaria exclusivos e criativos provavelmente florescer\u00e3o no mercado.<\/p>\n\n\n\n<h2 class=\"wp-block-heading\">Metodologias de pesquisa de mercado de pastelaria<\/h2>\n\n\n\n<p>Ao realizar pesquisas de mercado de pastelaria, as empresas podem utilizar m\u00e9todos quantitativos e qualitativos para adquirir dados de mercado e prefer\u00eancias do consumidor. Listados abaixo est\u00e3o exemplos de metodologias de pesquisa quantitativa e qualitativa que podem ser utilizadas na ind\u00fastria de pastelaria:<\/p>\n\n\n\n<h2 class=\"wp-block-heading\">M\u00e9todos de pesquisa quantitativa:<\/h2>\n\n\n\n<figure class=\"gb-block-image gb-block-image-2174eaa2\"><img loading=\"lazy\" decoding=\"async\" width=\"1456\" height=\"816\" class=\"gb-image gb-image-2174eaa2\" src=\"https:\/\/www.sisinternational.com\/wp-content\/uploads\/2025\/08\/Pastries-5.jpg\" alt=\"Pesquisa e Estrat\u00e9gia de Mercado Internacional da SIS\" title=\"Pastries (5)\" srcset=\"https:\/\/www.sisinternational.com\/wp-content\/uploads\/2025\/08\/Pastries-5.jpg 1456w, https:\/\/www.sisinternational.com\/wp-content\/uploads\/2025\/08\/Pastries-5-300x168.jpg 300w, https:\/\/www.sisinternational.com\/wp-content\/uploads\/2025\/08\/Pastries-5-1024x574.jpg 1024w, https:\/\/www.sisinternational.com\/wp-content\/uploads\/2025\/08\/Pastries-5-768x430.jpg 768w, https:\/\/www.sisinternational.com\/wp-content\/uploads\/2025\/08\/Pastries-5-18x10.jpg 18w\" sizes=\"auto, (max-width: 1456px) 100vw, 1456px\"><\/figure>\n\n\n\n<p><\/p>\n\n\n\n<p>Surveys provide quantitative data and <a href=\"https:\/\/www.sisinternational.com\/pt\/multiplos-circulos-eleitorais-influenciadores-indiretos-nas-compras-do-consumidor\/\" title=\"M\u00faltiplos influenciadores nas compras do consumidor\"  data-wpil-monitor-id=\"7377\">strategies in pastries market research<\/a> that can be used to collect information regarding consumer preferences, attitudes, and behaviors. For instance, a food service company could conduct a survey to determine the most popular varieties of pastries or to collect demographic information about its customers.<\/p>\n\n\n\n<p>A an\u00e1lise de dados de vendas \u00e9 outra t\u00e9cnica de pesquisa quantitativa que pode produzir insights valiosos sobre as prefer\u00eancias e padr\u00f5es de compra do consumidor. Por exemplo, uma confeitaria poderia analisar dados de vendas para determinar quais produtos vendem mais, quais sabores s\u00e3o mais populares e quais canais de marketing s\u00e3o mais eficazes para impulsionar as vendas.<\/p>\n\n\n\n<h2 class=\"wp-block-heading\">M\u00e9todos de pesquisa qualitativa:<\/h2>\n\n\n\n<p>Os grupos focais envolvem reunir um grupo de consumidores para discutir seus pensamentos e opini\u00f5es sobre produtos de confeitaria. Os grupos focais podem ser usados para reunir informa\u00e7\u00f5es qualitativas sobre as atitudes e prefer\u00eancias dos consumidores. Por exemplo, uma empresa poderia realizar um grupo focal para coletar feedback sobre um novo produto que est\u00e1 pensando em lan\u00e7ar.<\/p>\n\n\n\n<p><a class=\"wpil_keyword_link\" href=\"https:\/\/www.sisinternational.com\/pt\/solucoes\/solucoes-de-pesquisa-quantitativa-qualitativa\/entrevistas-em-profundidade\/\"   title=\"Entrevistas aprofundadas\" data-wpil-keyword-link=\"linked\"  data-wpil-monitor-id=\"683\">Entrevistas aprofundadas<\/a> are another qualitative research method that can be used to collect detailed information regarding consumer attitudes and preferences. For instance, a business that sells pastries could conduct in-depth interviews with consumers to collect feedback on their products.<\/p>\n\n\n\n<p>Social media monitoring is a qualitative research technique that entails tracking mentions of a business or its products on social media platforms. This can be an effective method for collecting data and <a href=\"https:\/\/www.sisinternational.com\/pt\/como-continuar-sua-expansao-em-mercados-emergentes-nesta-recessao\/\" title=\"Como continuar sua expans\u00e3o nos mercados emergentes nesta recess\u00e3o\"  data-wpil-monitor-id=\"2146\">strategies in pastries market research<\/a> on consumer sentiment toward a brand or product and identifying emerging market trends. For instance, a bakery could use social media monitoring to track brand mentions and identify opportunities to engage with consumers or address negative feedback.<\/p>\n\n\n\n<p>Ao empregar t\u00e9cnicas de pesquisa quantitativa e qualitativa, as empresas da ind\u00fastria de confeitaria podem coletar informa\u00e7\u00f5es valiosas sobre as prefer\u00eancias do consumidor, tend\u00eancias de mercado e concorr\u00eancia. Essas informa\u00e7\u00f5es podem ser usadas para informar a estrat\u00e9gia de neg\u00f3cios, criar novos produtos e permanecer competitivo em um mercado em constante evolu\u00e7\u00e3o.<\/p>\n\n\n\n<h2 class=\"wp-block-heading\">Sobre a pesquisa de mercado de pastelaria<\/h2>\n\n\n\n<figure class=\"gb-block-image gb-block-image-36bc6c90\"><img loading=\"lazy\" decoding=\"async\" width=\"1456\" height=\"816\" class=\"gb-image gb-image-36bc6c90\" src=\"https:\/\/www.sisinternational.com\/wp-content\/uploads\/2025\/08\/Pastries-1.jpg\" alt=\"Pesquisa e Estrat\u00e9gia de Mercado Internacional da SIS\" title=\"Pastries (1)\" srcset=\"https:\/\/www.sisinternational.com\/wp-content\/uploads\/2025\/08\/Pastries-1.jpg 1456w, https:\/\/www.sisinternational.com\/wp-content\/uploads\/2025\/08\/Pastries-1-300x168.jpg 300w, https:\/\/www.sisinternational.com\/wp-content\/uploads\/2025\/08\/Pastries-1-1024x574.jpg 1024w, https:\/\/www.sisinternational.com\/wp-content\/uploads\/2025\/08\/Pastries-1-768x430.jpg 768w, https:\/\/www.sisinternational.com\/wp-content\/uploads\/2025\/08\/Pastries-1-18x10.jpg 18w\" sizes=\"auto, (max-width: 1456px) 100vw, 1456px\"><\/figure>\n\n\n\n<p><\/p>\n\n\n\n<p>A pesquisa de mercado para pastelaria \u00e9 essencial para qualquer estrat\u00e9gia de neg\u00f3cios na ind\u00fastria de pastelaria. Oferece informa\u00e7\u00f5es valiosas sobre as prefer\u00eancias dos consumidores, tend\u00eancias de mercado e concorr\u00eancia, permitindo que as empresas tomem decis\u00f5es informadas e mantenham uma vantagem competitiva. Dados e estrat\u00e9gias em pesquisas de mercado de pastelaria podem ajudar os principais players do setor a identificar tamb\u00e9m potenciais lacunas no mercado e a desenvolver estrat\u00e9gias de marketing direcionadas. Isso pode ajud\u00e1-los a criar produtos ou melhorar os existentes que possam repercutir em seu p\u00fablico-alvo, aumentar a fidelidade do cliente e, em \u00faltima an\u00e1lise, impulsionar o crescimento das vendas e da receita.<\/p>","protected":false},"excerpt":{"rendered":"<p>A pesquisa de mercado de pastelaria fornece insights sobre muitas facetas da ind\u00fastria, como tipos de produtos, comportamento do consumidor e din\u00e2mica do mercado.<\/p>","protected":false},"author":1,"featured_media":64298,"parent":14514,"menu_order":305,"comment_status":"closed","ping_status":"closed","template":"","meta":{"footnotes":""},"class_list":["post-42682","page","type-page","status-publish","has-post-thumbnail"],"_links":{"self":[{"href":"https:\/\/www.sisinternational.com\/pt\/wp-json\/wp\/v2\/pages\/42682","targetHints":{"allow":["GET"]}}],"collection":[{"href":"https:\/\/www.sisinternational.com\/pt\/wp-json\/wp\/v2\/pages"}],"about":[{"href":"https:\/\/www.sisinternational.com\/pt\/wp-json\/wp\/v2\/types\/page"}],"author":[{"embeddable":true,"href":"https:\/\/www.sisinternational.com\/pt\/wp-json\/wp\/v2\/users\/1"}],"replies":[{"embeddable":true,"href":"https:\/\/www.sisinternational.com\/pt\/wp-json\/wp\/v2\/comments?post=42682"}],"version-history":[{"count":6,"href":"https:\/\/www.sisinternational.com\/pt\/wp-json\/wp\/v2\/pages\/42682\/revisions"}],"predecessor-version":[{"id":81021,"href":"https:\/\/www.sisinternational.com\/pt\/wp-json\/wp\/v2\/pages\/42682\/revisions\/81021"}],"up":[{"embeddable":true,"href":"https:\/\/www.sisinternational.com\/pt\/wp-json\/wp\/v2\/pages\/14514"}],"wp:featuredmedia":[{"embeddable":true,"href":"https:\/\/www.sisinternational.com\/pt\/wp-json\/wp\/v2\/media\/64298"}],"wp:attachment":[{"href":"https:\/\/www.sisinternational.com\/pt\/wp-json\/wp\/v2\/media?parent=42682"}],"curies":[{"name":"wp","href":"https:\/\/api.w.org\/{rel}","templated":true}]}}