{"id":42680,"date":"2023-05-03T14:06:45","date_gmt":"2023-05-03T18:06:45","guid":{"rendered":"https:\/\/www.sisinternational.com\/?page_id=42680"},"modified":"2026-01-25T17:19:14","modified_gmt":"2026-01-25T22:19:14","slug":"pesquisa-de-mercado-de-tecnologias-de-proxima-geracao","status":"publish","type":"page","link":"https:\/\/www.sisinternational.com\/pt\/pericia\/pesquisa-de-mercado-de-tecnologias-de-proxima-geracao\/","title":{"rendered":"Pesquisa de mercado de tecnologias de pr\u00f3xima gera\u00e7\u00e3o"},"content":{"rendered":"<h1 class=\"wp-block-heading\">Pesquisa de mercado de tecnologias de pr\u00f3xima gera\u00e7\u00e3o<\/h1>\n\n\n\n<figure class=\"gb-block-image gb-block-image-aa6b2a93\"><img loading=\"lazy\" decoding=\"async\" width=\"1456\" height=\"816\" class=\"gb-image gb-image-aa6b2a93\" src=\"https:\/\/www.sisinternational.com\/wp-content\/uploads\/2025\/09\/Fintech-4.jpg\" alt=\"Pesquisa e Estrat\u00e9gia de Mercado Internacional da SIS\" title=\"Fintech (4)\" srcset=\"https:\/\/www.sisinternational.com\/wp-content\/uploads\/2025\/09\/Fintech-4.jpg 1456w, https:\/\/www.sisinternational.com\/wp-content\/uploads\/2025\/09\/Fintech-4-300x168.jpg 300w, https:\/\/www.sisinternational.com\/wp-content\/uploads\/2025\/09\/Fintech-4-1024x574.jpg 1024w, https:\/\/www.sisinternational.com\/wp-content\/uploads\/2025\/09\/Fintech-4-768x430.jpg 768w, https:\/\/www.sisinternational.com\/wp-content\/uploads\/2025\/09\/Fintech-4-18x10.jpg 18w\" sizes=\"auto, (max-width: 1456px) 100vw, 1456px\"><\/figure>\n\n\n\n<p><\/p>\n\n\n\n<p>\u201cTecnologias da Pr\u00f3xima Gera\u00e7\u00e3o\u201d refere-se aos mais recentes avan\u00e7os e inova\u00e7\u00f5es tecnol\u00f3gicas. Eles impactar\u00e3o nossa vida di\u00e1ria, trabalho e sociedade nos pr\u00f3ximos anos. Estas tecnologias s\u00e3o frequentemente vistas como transformadoras e disruptivas. Outra caracter\u00edstica das Tecnologias de Pr\u00f3xima Gera\u00e7\u00e3o \u00e9 que elas oferecem novas solu\u00e7\u00f5es para problemas ou melhoram os existentes.<\/p>\n\n\n\n<h3 class=\"wp-block-heading\">Alguns exemplos de tecnologias de pr\u00f3xima gera\u00e7\u00e3o incluem:<\/h3>\n\n\n\n<ol class=\"wp-block-list\">\n<li>Intelig\u00eancia artificial (IA) e aprendizado de m\u00e1quina (ML)<\/li>\n\n\n\n<li>Internet das Coisas (IoT) e casas inteligentes<\/li>\n\n\n\n<li>Redes 5G e computa\u00e7\u00e3o de ponta<\/li>\n\n\n\n<li>Blockchain e tecnologia de raz\u00e3o distribu\u00edda (DLT)<\/li>\n\n\n\n<li>Computa\u00e7\u00e3o qu\u00e2ntica e criptografia qu\u00e2ntica<\/li>\n\n\n\n<li>Realidade aumentada e virtual (AR\/VR)<\/li>\n\n\n\n<li>Biotecnologia e engenharia gen\u00e9tica<\/li>\n\n\n\n<li>Energias renov\u00e1veis e tecnologias de armazenamento de energia<\/li>\n\n\n\n<li>Ve\u00edculos aut\u00f4nomos e drones<\/li>\n\n\n\n<li>Nanotecnologia e ci\u00eancia dos materiais<\/li>\n<\/ol>\n\n\n\n<p>Outro ponto fundamental \u00e9 que estas tecnologias impulsionar\u00e3o a inova\u00e7\u00e3o e o crescimento em diversas ind\u00fastrias e setores. Na verdade, os utilizadores, desde os cuidados de sa\u00fade e finan\u00e7as at\u00e9 \u00e0 ind\u00fastria e aos transportes, consideraram-no inestim\u00e1vel. Eles podem revolucionar a forma como vivemos, trabalhamos e interagimos uns com os outros. \u00c9 prov\u00e1vel que moldem o futuro do nosso mundo.<\/p>\n\n\n\n<h2 class=\"wp-block-heading\">Por que as tecnologias da pr\u00f3xima gera\u00e7\u00e3o s\u00e3o importantes?<\/h2>\n\n\n\n<p>As tecnologias da pr\u00f3xima gera\u00e7\u00e3o s\u00e3o essenciais por v\u00e1rios motivos. Primeiro, eles melhoram a efici\u00eancia e tamb\u00e9m a produtividade. Muitas tecnologias de pr\u00f3xima gera\u00e7\u00e3o, como automa\u00e7\u00e3o, IA e IoT, podem automatizar tarefas repetitivas. Eles tamb\u00e9m podem agilizar processos e otimizar fluxos de trabalho. Essa automa\u00e7\u00e3o e racionaliza\u00e7\u00e3o podem ajudar ainda mais as empresas e organiza\u00e7\u00f5es a se tornarem eficientes e produtivas. Tamb\u00e9m reduz custos e aumenta a lucratividade.<\/p>\n\n\n\n<p>As tecnologias da pr\u00f3xima gera\u00e7\u00e3o tamb\u00e9m podem melhorar a qualidade de vida dos indiv\u00edduos. Al\u00e9m disso, fornecem solu\u00e7\u00f5es novas e melhores para problemas existentes. Por exemplo, a tecnologia wearable pode monitorar a sa\u00fade e o condicionamento f\u00edsico. Casas inteligentes podem aumentar a conveni\u00eancia e a efici\u00eancia energ\u00e9tica.<\/p>\n\n\n\n<p>As tecnologias da pr\u00f3xima gera\u00e7\u00e3o muitas vezes representam um avan\u00e7o significativo com base na capacidade e na funcionalidade. Al\u00e9m disso, impulsionam a inova\u00e7\u00e3o e estimulam novas ideias e solu\u00e7\u00f5es, criando novas oportunidades para empreendedores e empresas. Ajuda a impulsionar o crescimento econ\u00f3mico.<\/p>\n\n\n\n<p>Muitas das tecnologias da pr\u00f3xima gera\u00e7\u00e3o concentram-se em enfrentar desafios sociais. Por exemplo, eles abordam as mudan\u00e7as clim\u00e1ticas, a sa\u00fade e a educa\u00e7\u00e3o. Eles oferecem solu\u00e7\u00f5es novas e melhores. Assim, estas tecnologias podem ajudar a criar um mundo mais sustent\u00e1vel e mais justo.<\/p>\n\n\n\n<p>Finalmente, as tecnologias da pr\u00f3xima gera\u00e7\u00e3o s\u00e3o essenciais para permanecermos competitivos num mercado global em evolu\u00e7\u00e3o. As empresas e os pa\u00edses devem investir nestas tecnologias. Isso os torna mais propensos a permanecer \u00e0 frente da curva. Tamb\u00e9m os ajuda a manter sua vantagem competitiva no longo prazo.<\/p>\n\n\n\n<h2 class=\"wp-block-heading\">Principais cargos<\/h2>\n\n\n\n<figure class=\"gb-block-image gb-block-image-29281429\"><img loading=\"lazy\" decoding=\"async\" width=\"1456\" height=\"816\" class=\"gb-image gb-image-29281429\" src=\"https:\/\/www.sisinternational.com\/wp-content\/uploads\/2025\/09\/Fintech-5.jpg\" alt=\"Pesquisa e Estrat\u00e9gia de Mercado Internacional da SIS\" title=\"Fintech (5)\" srcset=\"https:\/\/www.sisinternational.com\/wp-content\/uploads\/2025\/09\/Fintech-5.jpg 1456w, https:\/\/www.sisinternational.com\/wp-content\/uploads\/2025\/09\/Fintech-5-300x168.jpg 300w, https:\/\/www.sisinternational.com\/wp-content\/uploads\/2025\/09\/Fintech-5-1024x574.jpg 1024w, https:\/\/www.sisinternational.com\/wp-content\/uploads\/2025\/09\/Fintech-5-768x430.jpg 768w, https:\/\/www.sisinternational.com\/wp-content\/uploads\/2025\/09\/Fintech-5-18x10.jpg 18w\" sizes=\"auto, (max-width: 1456px) 100vw, 1456px\"><\/figure>\n\n\n\n<h2 class=\"wp-block-heading\">Aqui est\u00e3o alguns cargos importantes relacionados \u00e0s tecnologias de pr\u00f3xima gera\u00e7\u00e3o:<\/h2>\n\n\n\n<ol class=\"wp-block-list\">\n<li>Engenheiro de Intelig\u00eancia Artificial (IA)<\/li>\n\n\n\n<li>Engenheiro de aprendizado de m\u00e1quina (ML)<\/li>\n\n\n\n<li>Especialista em Internet das Coisas (IoT)<\/li>\n\n\n\n<li>Especialista em seguran\u00e7a cibern\u00e9tica<\/li>\n\n\n\n<li>Desenvolvedor Blockchain<\/li>\n\n\n\n<li>Cientista de Dados<\/li>\n\n\n\n<li>Engenheiro de Computa\u00e7\u00e3o Qu\u00e2ntica<\/li>\n\n\n\n<li>Desenvolvedor de AR\/VR<\/li>\n\n\n\n<li>Engenheiro de Energia Renov\u00e1vel<\/li>\n\n\n\n<li>Engenheiro de Ve\u00edculos Aut\u00f4nomos<\/li>\n\n\n\n<li>Pesquisador de Nanotecnologia<\/li>\n\n\n\n<li>Pesquisador de Biotecnologia<\/li>\n\n\n\n<li>Engenheiro de Rob\u00f3tica<\/li>\n\n\n\n<li>Engenheiro de Rede 5G<\/li>\n\n\n\n<li>Consultor de Transforma\u00e7\u00e3o Digital<\/li>\n<\/ol>\n\n\n\n<h2 class=\"wp-block-heading\">Por que as empresas precisam de tecnologias de pr\u00f3xima gera\u00e7\u00e3o?<\/h2>\n\n\n\n<p>Businesses need Next <a href=\"https:\/\/www.sisinternational.com\/pt\/solucoes\/pesquisa-de-mercado-de-ia-e-consultoria-estrategica\/pesquisa-de-mercado-generativa-de-ia\/\" title=\"Pesquisa de mercado de IA generativa\"  data-wpil-monitor-id=\"2029\">Generation Technologies Market Research<\/a> for several reasons. The first is that these technologies improve efficiency and productivity. At least, Next Generation Technologies can automate repetitive tasks, streamline processes, and optimize workflows. Thus, they make businesses more efficient and productive, reducing costs and increasing profitability. It also frees employees to focus on higher-value activities.<\/p>\n\n\n\n<p>As tecnologias de pr\u00f3xima gera\u00e7\u00e3o tamb\u00e9m podem melhorar a experi\u00eancia do cliente. Ajuda as empresas a fornecer servi\u00e7os mais r\u00e1pidos, personalizados e convenientes. Por exemplo, os chatbots podem fornecer suporte ao cliente 24 horas por dia, 7 dias por semana. Da mesma forma, os dispositivos habilitados para IoT podem fornecer feedback e alertas em tempo real.<\/p>\n\n\n\n<p>As tecnologias da pr\u00f3xima gera\u00e7\u00e3o podem proporcionar \u00e0s empresas uma vantagem competitiva. Por exemplo, permitem que as empresas inovem mais rapidamente e respondam \u00e0s mudan\u00e7as do mercado. Assim, podem criar novos produtos e servi\u00e7os, que podem ajudar as empresas a diferenciarem-se dos seus concorrentes. Tamb\u00e9m lhes permite capturar novas oportunidades de mercado.<\/p>\n\n\n\n<p>As tecnologias da pr\u00f3xima gera\u00e7\u00e3o tamb\u00e9m podem ajudar as empresas a reduzir custos. Eles fazem isso por meio de automa\u00e7\u00e3o, otimiza\u00e7\u00e3o e melhor gerenciamento de recursos. Por exemplo, a manuten\u00e7\u00e3o preditiva habilitada por IA pode reduzir o tempo de inatividade do equipamento e os custos de manuten\u00e7\u00e3o. Sensores habilitados para IoT podem otimizar o uso de energia e reduzir contas de servi\u00e7os p\u00fablicos.<\/p>\n\n\n\n<p><a href=\"https:\/\/www.sisinternational.com\/pt\/b2b\/\" title=\"Cost-Effective and Actionable Insights to Drive Your Next Strategic Move\"  data-wpil-monitor-id=\"1475\">Next Generation Technologies<\/a> can give businesses new insights into their operations and customers. Thus, it enables them to make more informed decisions. For example, data analytics can identify patterns and trends in customer behavior. AI coupled with ML can provide predictive insights into future demand and market trends.<\/p>\n\n\n\n<h2 class=\"wp-block-heading\">Principais fatores de sucesso<\/h2>\n\n\n\n<figure class=\"gb-block-image gb-block-image-4c5a7031\"><img loading=\"lazy\" decoding=\"async\" width=\"1456\" height=\"816\" class=\"gb-image gb-image-4c5a7031\" src=\"https:\/\/www.sisinternational.com\/wp-content\/uploads\/2025\/09\/FinTech-Terch-technology-AI-artificial-intelligence-36.jpg\" alt=\"Pesquisa e Estrat\u00e9gia de Mercado Internacional da SIS\" title=\"FinTech Terch technology AI artificial intelligence (36)\" srcset=\"https:\/\/www.sisinternational.com\/wp-content\/uploads\/2025\/09\/FinTech-Terch-technology-AI-artificial-intelligence-36.jpg 1456w, https:\/\/www.sisinternational.com\/wp-content\/uploads\/2025\/09\/FinTech-Terch-technology-AI-artificial-intelligence-36-300x168.jpg 300w, https:\/\/www.sisinternational.com\/wp-content\/uploads\/2025\/09\/FinTech-Terch-technology-AI-artificial-intelligence-36-1024x574.jpg 1024w, https:\/\/www.sisinternational.com\/wp-content\/uploads\/2025\/09\/FinTech-Terch-technology-AI-artificial-intelligence-36-768x430.jpg 768w, https:\/\/www.sisinternational.com\/wp-content\/uploads\/2025\/09\/FinTech-Terch-technology-AI-artificial-intelligence-36-18x10.jpg 18w\" sizes=\"auto, (max-width: 1456px) 100vw, 1456px\"><\/figure>\n\n\n\n<p><\/p>\n\n\n\n<h3 class=\"wp-block-heading\">Aqui est\u00e3o alguns fatores-chave de sucesso para tecnologias de pr\u00f3xima gera\u00e7\u00e3o:<\/h3>\n\n\n\n<ol class=\"wp-block-list\">\n<li><strong>Inova\u00e7\u00e3o:<\/strong> As tecnologias da pr\u00f3xima gera\u00e7\u00e3o t\u00eam tudo a ver com inova\u00e7\u00e3o. As empresas devem ser criativas e inovadoras para ter sucesso neste campo. Devem tamb\u00e9m desenvolver solu\u00e7\u00f5es novas e melhores para os problemas existentes.<\/li>\n\n\n\n<li><strong>Talento:<\/strong> As tecnologias da pr\u00f3xima gera\u00e7\u00e3o necessitam de compet\u00eancias e conhecimentos especializados. As empresas devem atrair e manter profissionais talentosos. Esses profissionais projetam, desenvolvem e instalam essas tecnologias.<\/li>\n\n\n\n<li><strong>Planejamento estrat\u00e9gico:<\/strong> A implementa\u00e7\u00e3o de tecnologias da pr\u00f3xima gera\u00e7\u00e3o requer planejamento estrat\u00e9gico. As empresas precisam desenvolver uma vis\u00e3o e um roteiro claros para implementar essas tecnologias. Este roteiro deve incluir um plano para treinamento de funcion\u00e1rios. Deve tamb\u00e9m integrar as tecnologias nos sistemas e processos existentes.<\/li>\n\n\n\n<li><strong>Colabora\u00e7\u00e3o:<\/strong> Muitas tecnologias da pr\u00f3xima gera\u00e7\u00e3o necessitam de colabora\u00e7\u00e3o e parcerias com outras organiza\u00e7\u00f5es. As empresas devem identificar e colaborar com os principais parceiros. Dessa forma, eles poder\u00e3o desenvolver e instalar essas tecnologias.<\/li>\n\n\n\n<li><strong>Gest\u00e3o de dados:<\/strong> As tecnologias da pr\u00f3xima gera\u00e7\u00e3o geram grandes quantidades de dados. As empresas precisam de sistemas robustos de gerenciamento de dados. Ele permite que eles coletem, armazenem, analisem e protejam esses dados.<\/li>\n\n\n\n<li><strong>Flexibilidade e Agilidade:<\/strong> As tecnologias da pr\u00f3xima gera\u00e7\u00e3o est\u00e3o evoluindo. As empresas precisam ser flex\u00edveis e \u00e1geis, capazes de se adaptar \u00e0s mudan\u00e7as e adotar novas tecnologias.<\/li>\n\n\n\n<li><strong>Investimento:<\/strong> As tecnologias da pr\u00f3xima gera\u00e7\u00e3o necessitam de investimentos significativos. As empresas devem estar dispostas a investir na infraestrutura, tecnologia e talento necess\u00e1rios. \u00c9 a melhor maneira de implementar essas tecnologias.<\/li>\n\n\n\n<li><strong>Experi\u00eancia de usu\u00e1rio:<\/strong> As tecnologias de pr\u00f3xima gera\u00e7\u00e3o devem proporcionar uma experi\u00eancia positiva ao usu\u00e1rio. As empresas devem se concentrar na cria\u00e7\u00e3o de interfaces intuitivas e f\u00e1ceis de usar. Essas interfaces facilitam a intera\u00e7\u00e3o dos usu\u00e1rios com essas tecnologias.<\/li>\n<\/ol>\n\n\n\n<h2 class=\"wp-block-heading\">Sobre a pesquisa de mercado de tecnologias de pr\u00f3xima gera\u00e7\u00e3o<\/h2>\n\n\n\n<figure class=\"gb-block-image gb-block-image-d4703231\"><img loading=\"lazy\" decoding=\"async\" width=\"1456\" height=\"816\" class=\"gb-image gb-image-d4703231\" src=\"https:\/\/www.sisinternational.com\/wp-content\/uploads\/2025\/09\/FinTech-Terch-technology-AI-artificial-intelligence-14.jpg\" alt=\"Pesquisa e Estrat\u00e9gia de Mercado Internacional da SIS\" title=\"FinTech Terch technology AI artificial intelligence (14)\" srcset=\"https:\/\/www.sisinternational.com\/wp-content\/uploads\/2025\/09\/FinTech-Terch-technology-AI-artificial-intelligence-14.jpg 1456w, https:\/\/www.sisinternational.com\/wp-content\/uploads\/2025\/09\/FinTech-Terch-technology-AI-artificial-intelligence-14-300x168.jpg 300w, https:\/\/www.sisinternational.com\/wp-content\/uploads\/2025\/09\/FinTech-Terch-technology-AI-artificial-intelligence-14-1024x574.jpg 1024w, https:\/\/www.sisinternational.com\/wp-content\/uploads\/2025\/09\/FinTech-Terch-technology-AI-artificial-intelligence-14-768x430.jpg 768w, https:\/\/www.sisinternational.com\/wp-content\/uploads\/2025\/09\/FinTech-Terch-technology-AI-artificial-intelligence-14-18x10.jpg 18w\" sizes=\"auto, (max-width: 1456px) 100vw, 1456px\"><\/figure>\n\n\n\n<p><\/p>\n\n\n\n<p>Next Generation <a href=\"https:\/\/www.sisinternational.com\/pt\/europa-nova-tecnologia-de-navegacao-global-gnss\/\" title=\"O que \u00e9 a tecnologia de navega\u00e7\u00e3o global GNSS?\"  data-wpil-monitor-id=\"1766\">Technologies influence global<\/a> organizations in the ever-evolving digital-first business world. SIS International Research tracks different use cases of <a href=\"https:\/\/www.sisinternational.com\/pt\/pericia\/industrias\/tecnologia-medica-pesquisa-de-mercado-de-tecnologia-medica\/\" title=\"Pesquisa de mercado de tecnologia m\u00e9dica (Med Tech)\"  data-wpil-monitor-id=\"4177\">Next Generation<\/a> Technologies. We also enable global players to channel their innovation and product development activities. We help them achieve stable revenue growth in this dynamic market environment.<\/p>\n\n\n\n<p>SIS provides Qualitative and <a class=\"wpil_keyword_link\" href=\"https:\/\/www.sisinternational.com\/pt\/top-5-benefits-of-conducting-quantitative-market-research\/\"   title=\"Top 5 Benefits of Conducting Quantitative Market Research\" data-wpil-keyword-link=\"linked\"  data-wpil-monitor-id=\"684\">Pesquisa Quantitativa de Mercado<\/a>. We also offer UX, Strategy, Market Entry, Market Opportunity, and <a href=\"https:\/\/www.sisinternational.com\/pt\/pericia\/industrias\/pesquisa-de-mercado-de-macarrao\/\" title=\"Pesquisa de mercado de macarr\u00e3o\"  data-wpil-monitor-id=\"3064\">Pesquisa de dimensionamento de mercado<\/a>. For instance, we can organize Focus Groups, Surveys, and Interviews. These tools will help with your Competitive Analysis and Go to Market Strategy. Contact us now for a consultation!<\/p>","protected":false},"excerpt":{"rendered":"<p>\u201cNext Gen Tech\u201d refere-se \u00e0s inova\u00e7\u00f5es mais recentes que ter\u00e3o um grande impacto na nossa vida quotidiana e nas nossas profiss\u00f5es nos pr\u00f3ximos anos.<\/p>","protected":false},"author":1,"featured_media":69520,"parent":14514,"menu_order":304,"comment_status":"closed","ping_status":"closed","template":"","meta":{"footnotes":""},"class_list":["post-42680","page","type-page","status-publish","has-post-thumbnail"],"_links":{"self":[{"href":"https:\/\/www.sisinternational.com\/pt\/wp-json\/wp\/v2\/pages\/42680","targetHints":{"allow":["GET"]}}],"collection":[{"href":"https:\/\/www.sisinternational.com\/pt\/wp-json\/wp\/v2\/pages"}],"about":[{"href":"https:\/\/www.sisinternational.com\/pt\/wp-json\/wp\/v2\/types\/page"}],"author":[{"embeddable":true,"href":"https:\/\/www.sisinternational.com\/pt\/wp-json\/wp\/v2\/users\/1"}],"replies":[{"embeddable":true,"href":"https:\/\/www.sisinternational.com\/pt\/wp-json\/wp\/v2\/comments?post=42680"}],"version-history":[{"count":10,"href":"https:\/\/www.sisinternational.com\/pt\/wp-json\/wp\/v2\/pages\/42680\/revisions"}],"predecessor-version":[{"id":78280,"href":"https:\/\/www.sisinternational.com\/pt\/wp-json\/wp\/v2\/pages\/42680\/revisions\/78280"}],"up":[{"embeddable":true,"href":"https:\/\/www.sisinternational.com\/pt\/wp-json\/wp\/v2\/pages\/14514"}],"wp:featuredmedia":[{"embeddable":true,"href":"https:\/\/www.sisinternational.com\/pt\/wp-json\/wp\/v2\/media\/69520"}],"wp:attachment":[{"href":"https:\/\/www.sisinternational.com\/pt\/wp-json\/wp\/v2\/media?parent=42680"}],"curies":[{"name":"wp","href":"https:\/\/api.w.org\/{rel}","templated":true}]}}