{"id":42678,"date":"2023-05-03T13:55:17","date_gmt":"2023-05-03T17:55:17","guid":{"rendered":"https:\/\/www.sisinternational.com\/?page_id=42678"},"modified":"2026-01-24T20:13:42","modified_gmt":"2026-01-25T01:13:42","slug":"pesquisa-de-mercado-de-seguranca-de-rede","status":"publish","type":"page","link":"https:\/\/www.sisinternational.com\/pt\/pericia\/pesquisa-de-mercado-de-seguranca-de-rede\/","title":{"rendered":"Pesquisa de mercado de seguran\u00e7a de rede"},"content":{"rendered":"<h1 class=\"wp-block-heading\">Pesquisa de mercado de seguran\u00e7a de rede<\/h1>\n\n\n\n<figure class=\"gb-block-image gb-block-image-4040712e\"><img loading=\"lazy\" decoding=\"async\" width=\"1456\" height=\"816\" class=\"gb-image gb-image-4040712e\" src=\"https:\/\/www.sisinternational.com\/wp-content\/uploads\/2025\/08\/Cibersecurity-security-3.jpg\" alt=\"Pesquisa e Estrat\u00e9gia de Mercado Internacional da SIS\" title=\"Cibersecurity security (3)\" srcset=\"https:\/\/www.sisinternational.com\/wp-content\/uploads\/2025\/08\/Cibersecurity-security-3.jpg 1456w, https:\/\/www.sisinternational.com\/wp-content\/uploads\/2025\/08\/Cibersecurity-security-3-300x168.jpg 300w, https:\/\/www.sisinternational.com\/wp-content\/uploads\/2025\/08\/Cibersecurity-security-3-1024x574.jpg 1024w, https:\/\/www.sisinternational.com\/wp-content\/uploads\/2025\/08\/Cibersecurity-security-3-768x430.jpg 768w, https:\/\/www.sisinternational.com\/wp-content\/uploads\/2025\/08\/Cibersecurity-security-3-18x10.jpg 18w\" sizes=\"auto, (max-width: 1456px) 100vw, 1456px\"><\/figure>\n\n\n\n<p><\/p>\n\n\n\n<p>Seguran\u00e7a de rede refere-se a pr\u00e1ticas, tecnologias e pol\u00edticas para proteger redes de computadores. Ele tamb\u00e9m protege dispositivos e dados contra acesso n\u00e3o autorizado, roubo, dano ou interrup\u00e7\u00e3o. Outro objetivo da seguran\u00e7a de rede \u00e9 criar um ambiente seguro. Num tal ambiente, indiv\u00edduos e organiza\u00e7\u00f5es podem pelo menos comunicar. Eles tamb\u00e9m podem conduzir neg\u00f3cios sem medo de amea\u00e7as cibern\u00e9ticas.<\/p>\n\n\n\n<p>A seguran\u00e7a da rede envolve v\u00e1rias t\u00e9cnicas. Essas t\u00e9cnicas incluem firewalls, sistemas de detec\u00e7\u00e3o de intrus\u00e3o, criptografia, autentica\u00e7\u00e3o, controle de acesso e monitoramento. Da mesma forma, essas tecnologias trabalham juntas para impedir o acesso n\u00e3o autorizado aos recursos e dados da rede. Outra de suas fun\u00e7\u00f5es \u00e9 detectar e responder a incidentes de seguran\u00e7a. Eles tamb\u00e9m mant\u00eam a confidencialidade, integridade e disponibilidade de dados e servi\u00e7os cr\u00edticos.<\/p>\n\n\n\n<p>A seguran\u00e7a de rede adequada requer uma abordagem abrangente que aborde todos os potenciais vetores de ataque. As amea\u00e7as podem ser internas ou externas. Requer uma avalia\u00e7\u00e3o cont\u00ednua dos riscos, juntamente com forma\u00e7\u00e3o em gest\u00e3o e sensibiliza\u00e7\u00e3o para a seguran\u00e7a. Apela tamb\u00e9m \u00e0 monitoriza\u00e7\u00e3o cont\u00ednua e \u00e0 melhoria das medidas de seguran\u00e7a.<\/p>\n\n\n\n<h2 class=\"wp-block-heading\">Por que a seguran\u00e7a da rede \u00e9 importante?<\/h2>\n\n\n\n<p>A seguran\u00e7a da rede \u00e9 cr\u00edtica hoje. Por exemplo, empresas, governos e indiv\u00edduos dependem de comunica\u00e7\u00e3o digital, armazenamento de dados e transa\u00e7\u00f5es online. A seguran\u00e7a da rede \u00e9 essencial porque protege estas entidades contra amea\u00e7as cibern\u00e9ticas. Ele protege redes e dados contra malware, v\u00edrus e hackers.<\/p>\n\n\n\n<p>Outro ponto fundamental \u00e9 que as medidas de seguran\u00e7a da rede ajudam a prevenir viola\u00e7\u00f5es de dados. Essas viola\u00e7\u00f5es podem levar \u00e0 perda de informa\u00e7\u00f5es confidenciais e perdas financeiras. Tamb\u00e9m pode causar danos \u00e0 reputa\u00e7\u00e3o e \u00e0s responsabilidades legais.<\/p>\n\n\n\n<p>A seguran\u00e7a da rede garante que as opera\u00e7\u00f5es comerciais possam continuar durante um ataque cibern\u00e9tico. Ele far\u00e1 o mesmo em caso de falha do sistema. Na verdade, \u00e9 essencial para empresas que dependem de transa\u00e7\u00f5es e servi\u00e7os online.<\/p>\n\n\n\n<p>Muitas ind\u00fastrias est\u00e3o sujeitas a regulamenta\u00e7\u00f5es sobre prote\u00e7\u00e3o de informa\u00e7\u00f5es confidenciais. Exemplos s\u00e3o dados de sa\u00fade, bem como informa\u00e7\u00f5es financeiras. A seguran\u00e7a da rede ajuda as empresas a seguir essas regulamenta\u00e7\u00f5es.<\/p>\n\n\n\n<p>Os ciberladr\u00f5es muitas vezes procuram informa\u00e7\u00f5es pessoais para usar no roubo de identidade. As medidas de seguran\u00e7a de rede protegem as informa\u00e7\u00f5es pessoais. Por exemplo, protege n\u00fameros de seguran\u00e7a social, informa\u00e7\u00f5es de cart\u00e3o de cr\u00e9dito e senhas.<\/p>\n\n\n\n<h2 class=\"wp-block-heading\">Principais cargos<\/h2>\n\n\n\n<figure class=\"gb-block-image gb-block-image-bc1758ca\"><img loading=\"lazy\" decoding=\"async\" width=\"1456\" height=\"816\" class=\"gb-image gb-image-bc1758ca\" src=\"https:\/\/www.sisinternational.com\/wp-content\/uploads\/2025\/08\/Cibersecurity-security-7.jpg\" alt=\"Pesquisa e Estrat\u00e9gia de Mercado Internacional da SIS\" title=\"Cibersecurity security (7)\" srcset=\"https:\/\/www.sisinternational.com\/wp-content\/uploads\/2025\/08\/Cibersecurity-security-7.jpg 1456w, https:\/\/www.sisinternational.com\/wp-content\/uploads\/2025\/08\/Cibersecurity-security-7-300x168.jpg 300w, https:\/\/www.sisinternational.com\/wp-content\/uploads\/2025\/08\/Cibersecurity-security-7-1024x574.jpg 1024w, https:\/\/www.sisinternational.com\/wp-content\/uploads\/2025\/08\/Cibersecurity-security-7-768x430.jpg 768w, https:\/\/www.sisinternational.com\/wp-content\/uploads\/2025\/08\/Cibersecurity-security-7-18x10.jpg 18w\" sizes=\"auto, (max-width: 1456px) 100vw, 1456px\"><\/figure>\n\n\n\n<p><\/p>\n\n\n\n<h3 class=\"wp-block-heading\">Aqui est\u00e3o alguns cargos importantes na \u00e1rea de seguran\u00e7a de rede:<\/h3>\n\n\n\n<p><strong>Engenheiro de seguran\u00e7a de rede:<\/strong> Este engenheiro projeta, implementa e mant\u00e9m a seguran\u00e7a. Seu trabalho \u00e9 proteger a rede de computadores de uma organiza\u00e7\u00e3o. Eles trabalham com firewalls, sistemas de detec\u00e7\u00e3o de intrus\u00f5es e outras tecnologias de seguran\u00e7a. Eles salvam as empresas de amea\u00e7as cibern\u00e9ticas.<\/p>\n\n\n\n<p><strong>Analista de Seguran\u00e7a da Informa\u00e7\u00e3o:<\/strong> Monitora e analisa as redes de computadores de uma organiza\u00e7\u00e3o em busca de viola\u00e7\u00f5es de seguran\u00e7a. Eles tamb\u00e9m projetam e implementam pol\u00edticas e procedimentos de seguran\u00e7a.<\/p>\n\n\n\n<p><strong>Especialista em seguran\u00e7a cibern\u00e9tica:<\/strong> Identifica, analisa e mitiga amea\u00e7as cibern\u00e9ticas. Eles tamb\u00e9m desenvolvem e implementam pol\u00edticas e procedimentos de seguran\u00e7a.<\/p>\n\n\n\n<p><strong>Diretor de Seguran\u00e7a da Informa\u00e7\u00e3o (CISO):<\/strong> Um CISO supervisiona o programa de seguran\u00e7a da informa\u00e7\u00e3o de uma organiza\u00e7\u00e3o. Eles desenvolvem e implementam pol\u00edticas, procedimentos e programas de treinamento de seguran\u00e7a.<\/p>\n\n\n\n<p><strong>Testador de penetra\u00e7\u00e3o:<\/strong> Um testador de penetra\u00e7\u00e3o \u00e9 um hacker \u00e9tico. Eles testam as redes e sistemas de computadores de uma organiza\u00e7\u00e3o. Eles procuram vulnerabilidades e pontos fracos para identificar e corrigir poss\u00edveis riscos de seguran\u00e7a.<\/p>\n\n\n\n<p><strong>Consultor de Seguran\u00e7a:<\/strong> Aconselha e orienta organiza\u00e7\u00f5es na melhoria de sua postura de seguran\u00e7a. Seu trabalho inclui o desenvolvimento e implementa\u00e7\u00e3o de pol\u00edticas e procedimentos de seguran\u00e7a.<\/p>\n\n\n\n<p><strong>Administrador de rede:<\/strong> Lida com a opera\u00e7\u00e3o e manuten\u00e7\u00e3o di\u00e1ria da rede de computadores de uma organiza\u00e7\u00e3o. Seu trabalho inclui garantir que as medidas de seguran\u00e7a estejam em vigor e funcionando.<\/p>\n\n\n\n<h2 class=\"wp-block-heading\">Por que as empresas precisam de seguran\u00e7a de rede?<\/h2>\n\n\n\n<figure class=\"gb-block-image gb-block-image-26e77679\"><img loading=\"lazy\" decoding=\"async\" width=\"1456\" height=\"816\" class=\"gb-image gb-image-26e77679\" src=\"https:\/\/www.sisinternational.com\/wp-content\/uploads\/2025\/08\/Cibersecurity-security-12.jpg\" alt=\"Pesquisa e Estrat\u00e9gia de Mercado Internacional da SIS\" title=\"Cibersecurity security (12)\" srcset=\"https:\/\/www.sisinternational.com\/wp-content\/uploads\/2025\/08\/Cibersecurity-security-12.jpg 1456w, https:\/\/www.sisinternational.com\/wp-content\/uploads\/2025\/08\/Cibersecurity-security-12-300x168.jpg 300w, https:\/\/www.sisinternational.com\/wp-content\/uploads\/2025\/08\/Cibersecurity-security-12-1024x574.jpg 1024w, https:\/\/www.sisinternational.com\/wp-content\/uploads\/2025\/08\/Cibersecurity-security-12-768x430.jpg 768w, https:\/\/www.sisinternational.com\/wp-content\/uploads\/2025\/08\/Cibersecurity-security-12-18x10.jpg 18w\" sizes=\"auto, (max-width: 1456px) 100vw, 1456px\"><\/figure>\n\n\n\n<p><\/p>\n\n\n\n<p>As empresas precisam de seguran\u00e7a de rede por v\u00e1rios motivos, incluindo prote\u00e7\u00e3o contra amea\u00e7as cibern\u00e9ticas. Al\u00e9m disso, as empresas s\u00e3o os principais alvos dos cibercriminosos que procuram roubar informa\u00e7\u00f5es confidenciais. Al\u00e9m disso, esses criminosos atrapalham as opera\u00e7\u00f5es, buscando extrair ganhos financeiros. As medidas de seguran\u00e7a de rede incluem firewalls, sistemas de detec\u00e7\u00e3o de intrus\u00f5es e criptografia. Estas medidas podem ajudar a proteger as redes e os dados empresariais destas amea\u00e7as.<\/p>\n\n\n\n<p>As viola\u00e7\u00f5es de dados podem ter consequ\u00eancias graves para as empresas. Conforme mencionado anteriormente, estas consequ\u00eancias incluem perdas financeiras e danos \u00e0 reputa\u00e7\u00e3o. Eles tamb\u00e9m incluem a perda de confian\u00e7a do cliente. As medidas de seguran\u00e7a de rede ajudam a prevenir viola\u00e7\u00f5es de dados. Tamb\u00e9m atenua o seu impacto caso ocorram.<\/p>\n\n\n\n<p>As empresas geralmente possuem propriedade intelectual valiosa. Por exemplo, podem ter segredos comerciais que necessitam de prote\u00e7\u00e3o contra amea\u00e7as cibern\u00e9ticas. As medidas de seguran\u00e7a de rede ajudam a proteger essas informa\u00e7\u00f5es contra roubo e uso indevido.<\/p>\n\n\n\n<h2 class=\"wp-block-heading\">Principais fatores de sucesso<\/h2>\n\n\n\n<p>Existem v\u00e1rios fatores cr\u00edticos de sucesso para uma seguran\u00e7a de rede adequada. Estes incluem avalia\u00e7\u00e3o de risco. Avalia\u00e7\u00f5es regulares de risco s\u00e3o essenciais para identificar vulnerabilidades potenciais em uma rede. Tamb\u00e9m ajuda as empresas a determinar medidas de seguran\u00e7a adequadas para enfrent\u00e1-los.<\/p>\n\n\n\n<p>Estabelecer pol\u00edticas e procedimentos de seguran\u00e7a abrangentes \u00e9 fundamental. Ele garante seguran\u00e7a de rede consistente e eficaz em toda a organiza\u00e7\u00e3o. As pol\u00edticas devem abranger o acesso a dados, gerenciamento de senhas e resposta a incidentes.<\/p>\n\n\n\n<p>Garantir que os funcion\u00e1rios conhe\u00e7am as pol\u00edticas e pr\u00e1ticas recomendadas de seguran\u00e7a \u00e9 essencial. Previne viola\u00e7\u00f5es de seguran\u00e7a causadas por erro humano. Al\u00e9m disso, programas regulares de forma\u00e7\u00e3o e sensibiliza\u00e7\u00e3o s\u00e3o essenciais. Eles podem ajudar os funcion\u00e1rios a identificar e evitar riscos de seguran\u00e7a comuns.<\/p>\n\n\n\n<p>As empresas devem verificar as suas medidas de seguran\u00e7a de rede e test\u00e1-las quanto \u00e0 efic\u00e1cia. Devem atualiz\u00e1-los conforme necess\u00e1rio para fazer face a amea\u00e7as novas e emergentes.<\/p>\n\n\n\n<p>A seguran\u00e7a de rede adequada requer colabora\u00e7\u00e3o e comunica\u00e7\u00e3o entre as equipes de TI e de seguran\u00e7a. Todos os departamentos devem compreender e seguir as pol\u00edticas e procedimentos de seguran\u00e7a.<\/p>\n\n\n\n<p>As empresas devem usar tecnologias de seguran\u00e7a padr\u00e3o do setor. Essas tecnologias incluem firewalls, sistemas de detec\u00e7\u00e3o de intrus\u00f5es e criptografia. Pode ajudar a garantir a prote\u00e7\u00e3o de uma rede contra v\u00e1rias amea\u00e7as cibern\u00e9ticas.<\/p>\n\n\n\n<p>Or\u00e7amentos e recursos adequados s\u00e3o essenciais. Ele garante que uma organiza\u00e7\u00e3o possa instalar e manter medidas eficazes de seguran\u00e7a de rede. Essas medidas incluem compras de pessoal, hardware e software. Tamb\u00e9m inclui programas cont\u00ednuos de treinamento e conscientiza\u00e7\u00e3o.<\/p>\n\n\n\n<h3 class=\"wp-block-heading\">Enhancing WordPress Security with WP Safe Zone<\/h3>\n\n\n\n<figure class=\"gb-block-image gb-block-image-cca9f5b0\"><img loading=\"lazy\" decoding=\"async\" width=\"1456\" height=\"816\" class=\"gb-image gb-image-cca9f5b0\" src=\"https:\/\/www.sisinternational.com\/wp-content\/uploads\/2025\/08\/Cibersecurity-security-6.jpg\" alt=\"Pesquisa e Estrat\u00e9gia de Mercado Internacional da SIS\" title=\"Cibersecurity security (6)\" srcset=\"https:\/\/www.sisinternational.com\/wp-content\/uploads\/2025\/08\/Cibersecurity-security-6.jpg 1456w, https:\/\/www.sisinternational.com\/wp-content\/uploads\/2025\/08\/Cibersecurity-security-6-300x168.jpg 300w, https:\/\/www.sisinternational.com\/wp-content\/uploads\/2025\/08\/Cibersecurity-security-6-1024x574.jpg 1024w, https:\/\/www.sisinternational.com\/wp-content\/uploads\/2025\/08\/Cibersecurity-security-6-768x430.jpg 768w, https:\/\/www.sisinternational.com\/wp-content\/uploads\/2025\/08\/Cibersecurity-security-6-18x10.jpg 18w\" sizes=\"auto, (max-width: 1456px) 100vw, 1456px\"><\/figure>\n\n\n\n<p><\/p>\n\n\n\n<p>When discussing the <a href=\"https:\/\/www.sisinternational.com\/pt\/o-tesouro-de-dados-de-redes-sociais-para-pesquisadores-de-marketing\/\" title=\"Pesquisa de mercado de redes sociais: oportunidades e desafios\"  data-wpil-monitor-id=\"2714\">network security market<\/a>, it&#8217;s impossible to overlook the importance of website protection. For WordPress users, <strong>WP Safe Zone<\/strong> is a must-have plugin designed to safeguard websites against common threats like brute force attacks, malware, and unauthorized access. Its user-friendly interface and robust security features make it an ideal choice for businesses and individuals looking to strengthen their <a href=\"https:\/\/wpsafezone.com\/\" target=\"_blank\" rel=\"noopener\">WordPress site security<\/a>.<\/p>\n\n\n\n<h2 class=\"wp-block-heading\">Sobre a pesquisa de mercado de seguran\u00e7a de rede<\/h2>\n\n\n\n<p>Everyone benefits when network security companies use <a class=\"wpil_keyword_link\" href=\"https:\/\/www.sisinternational.com\/pt\/solucoes\/solucoes-de-pesquisa-quantitativa-qualitativa\/pesquisa-de-mercado-qualitativa\/\" title=\"Pesquisa qualitativa de mercado\" data-wpil-keyword-link=\"linked\" data-wpil-monitor-id=\"685\">Pesquisa qualitativa de mercado<\/a>. It helps them develop better technologies. <a class=\"wpil_keyword_link\" href=\"https:\/\/www.sisinternational.com\/pt\/pericia\/industrias\/pesquisa-quantitativa-de-mercado-2\/\" title=\"Pesquisa Quantitativa de Mercado\" data-wpil-keyword-link=\"linked\" data-wpil-monitor-id=\"352\">Pesquisa Quantitativa de Mercado<\/a> is also essential. It is a tried, trusted, and proven way to get answers to vital questions. Its offshoots include UX, Strategic, Market Entry, Market Opportunity, and <a href=\"https:\/\/www.sisinternational.com\/pt\/saude-de-seguranca-cibernetica\/\" title=\"Pesquisa de mercado de seguran\u00e7a cibern\u00e9tica em sa\u00fade\" data-wpil-monitor-id=\"1937\">Pesquisa de dimensionamento de mercado<\/a>. Some of the methods used are Interviews, Surveys, and Focus Groups.<\/p>\n\n\n\n<p>A SIS International oferece todos esses tipos de pesquisa e muito mais. Contate-nos se precisar de uma An\u00e1lise Competitiva. N\u00f3s o ajudaremos a montar sua estrat\u00e9gia Go to Market. Inscreva-se para uma consulta conosco hoje!<\/p>","protected":false},"excerpt":{"rendered":"<p>A seguran\u00e7a da rede protege contra acesso n\u00e3o autorizado, roubo, dano ou interrup\u00e7\u00e3o de redes de computadores, dispositivos e dados.<\/p>","protected":false},"author":1,"featured_media":64039,"parent":14514,"menu_order":303,"comment_status":"closed","ping_status":"closed","template":"","meta":{"footnotes":""},"class_list":["post-42678","page","type-page","status-publish","has-post-thumbnail"],"_links":{"self":[{"href":"https:\/\/www.sisinternational.com\/pt\/wp-json\/wp\/v2\/pages\/42678","targetHints":{"allow":["GET"]}}],"collection":[{"href":"https:\/\/www.sisinternational.com\/pt\/wp-json\/wp\/v2\/pages"}],"about":[{"href":"https:\/\/www.sisinternational.com\/pt\/wp-json\/wp\/v2\/types\/page"}],"author":[{"embeddable":true,"href":"https:\/\/www.sisinternational.com\/pt\/wp-json\/wp\/v2\/users\/1"}],"replies":[{"embeddable":true,"href":"https:\/\/www.sisinternational.com\/pt\/wp-json\/wp\/v2\/comments?post=42678"}],"version-history":[{"count":9,"href":"https:\/\/www.sisinternational.com\/pt\/wp-json\/wp\/v2\/pages\/42678\/revisions"}],"predecessor-version":[{"id":77052,"href":"https:\/\/www.sisinternational.com\/pt\/wp-json\/wp\/v2\/pages\/42678\/revisions\/77052"}],"up":[{"embeddable":true,"href":"https:\/\/www.sisinternational.com\/pt\/wp-json\/wp\/v2\/pages\/14514"}],"wp:featuredmedia":[{"embeddable":true,"href":"https:\/\/www.sisinternational.com\/pt\/wp-json\/wp\/v2\/media\/64039"}],"wp:attachment":[{"href":"https:\/\/www.sisinternational.com\/pt\/wp-json\/wp\/v2\/media?parent=42678"}],"curies":[{"name":"wp","href":"https:\/\/api.w.org\/{rel}","templated":true}]}}