{"id":42674,"date":"2023-05-02T21:53:32","date_gmt":"2023-05-03T01:53:32","guid":{"rendered":"https:\/\/www.sisinternational.com\/?page_id=42674"},"modified":"2026-01-26T18:17:55","modified_gmt":"2026-01-26T23:17:55","slug":"pesquisa-de-mercado-monadica-vs-sequencial","status":"publish","type":"page","link":"https:\/\/www.sisinternational.com\/pt\/pericia\/pesquisa-de-mercado-monadica-vs-sequencial\/","title":{"rendered":"Pesquisa de mercado mon\u00e1dica vs sequencial"},"content":{"rendered":"<h1 class=\"wp-block-heading\">Pesquisa de mercado mon\u00e1dica vs sequencial<\/h1>\n\n\n\n<figure class=\"gb-block-image gb-block-image-7cc1db0c\"><img loading=\"lazy\" decoding=\"async\" width=\"1456\" height=\"816\" class=\"gb-image gb-image-7cc1db0c\" src=\"https:\/\/www.sisinternational.com\/wp-content\/uploads\/2025\/09\/Research-5.jpg\" alt=\"Pesquisa e Estrat\u00e9gia de Mercado Internacional da SIS\" title=\"Research (5)\" srcset=\"https:\/\/www.sisinternational.com\/wp-content\/uploads\/2025\/09\/Research-5.jpg 1456w, https:\/\/www.sisinternational.com\/wp-content\/uploads\/2025\/09\/Research-5-300x168.jpg 300w, https:\/\/www.sisinternational.com\/wp-content\/uploads\/2025\/09\/Research-5-1024x574.jpg 1024w, https:\/\/www.sisinternational.com\/wp-content\/uploads\/2025\/09\/Research-5-768x430.jpg 768w, https:\/\/www.sisinternational.com\/wp-content\/uploads\/2025\/09\/Research-5-18x10.jpg 18w\" sizes=\"auto, (max-width: 1456px) 100vw, 1456px\"><\/figure>\n\n\n\n<p><\/p>\n\n\n\n<p>As empresas e os pesquisadores que buscam insights precisos e \u00fateis em seus estudos devem considerar metodologias de pesquisa de mercado mon\u00e1dicas e sequenciais. A sele\u00e7\u00e3o de um m\u00e9todo de pesquisa apropriado \u00e9 essencial para obter insights valiosos, uma vez que ambas as abordagens apresentam benef\u00edcios e limita\u00e7\u00f5es distintos.<\/p>\n\n\n\n<p>Portanto, comparar a pesquisa de mercado mon\u00e1dica com a sequencial \u00e9 fundamental para as empresas que buscam determinar a melhor metodologia de pesquisa hoje para obter insights aprofundados sobre seus produtos, servi\u00e7os e mercado.<\/p>\n\n\n\n<h2 class=\"wp-block-heading\">Pesquisa de mercado mon\u00e1dica<\/h2>\n\n\n\n<p>Em um projeto de pesquisa de mercado mon\u00e1dico, cada respondente avalia apenas um conceito ou produto. Os pesquisadores t\u00eam uma avalia\u00e7\u00e3o focada nesta abordagem, e potenciais vieses que podem surgir da compara\u00e7\u00e3o direta com outros conceitos s\u00e3o minimizados.<\/p>\n\n\n\n<h3 class=\"wp-block-heading\">Vantagens da pesquisa de mercado mon\u00e1dica<\/h3>\n\n\n\n<ul class=\"wp-block-list\">\n<li><a href=\"https:\/\/www.sisinternational.com\/pt\/pericia\/industrias\/pesquisa-de-mercado-de-testes-monadicos\/\" title=\"Pesquisa de mercado de testes mon\u00e1dicos\"  data-wpil-monitor-id=\"8767\">Monadic market research<\/a> reduces bias and order effects by presenting only one concept to respondents.<\/li>\n\n\n\n<li>Uma experi\u00eancia mais simples do respondente, com foco singular em um conceito, poderia potencialmente melhorar a precis\u00e3o do feedback obtido no processo de avalia\u00e7\u00e3o.<\/li>\n\n\n\n<li>Por meio da pesquisa de mercado mon\u00e1dica, \u00e9 poss\u00edvel realizar um exame intensivo de ideias isoladas, levando a uma maior precis\u00e3o nas avalia\u00e7\u00f5es. Isolar estas ideias de influ\u00eancias externas garante que a sua verdadeira for\u00e7a ou fraqueza possa ser identificada.<\/li>\n<\/ul>\n\n\n\n<h3 class=\"wp-block-heading\">Desvantagens da pesquisa de mercado mon\u00e1dica:<\/h3>\n\n\n\n<ul class=\"wp-block-list\">\n<li>Como cada respondente avalia apenas uma ideia, \u00e9 essencial ter uma amostra maior para obter resultados estatisticamente significativos para todos os conceitos avaliados.<\/li>\n\n\n\n<li>Direct comparison between concepts is not possible through <a href=\"https:\/\/www.sisinternational.com\/pt\/solucoes\/consultoria-estrategica\/pesquisa-de-prova-de-conceito\/\" title=\"Pesquisa de prova de conceito\"  data-wpil-monitor-id=\"6813\">monadic market research<\/a>, resulting in limited comparative insights and making it more challenging to determine their relative performance in the market.<\/li>\n\n\n\n<li>Devido \u00e0 sua depend\u00eancia de amostras grandes em rela\u00e7\u00e3o \u00e0s exigidas pelos m\u00e9todos sequenciais, os testes mon\u00f3dicos est\u00e3o provavelmente associados a despesas e atrasos mais significativos.<\/li>\n<\/ul>\n\n\n\n<h2 class=\"wp-block-heading\">Pesquisa de mercado sequencial<\/h2>\n\n\n\n<p>During sequential <a href=\"https:\/\/www.sisinternational.com\/pt\/pericia\/industrias\/pesquisa-de-mercado-para-empresa-de-design\/\" title=\"Pesquisa de mercado de empresa de design\"  data-wpil-monitor-id=\"8768\">market research design<\/a>, respondents evaluate multiple concepts or stimuli in a sequence. By utilizing this approach, researchers can enable direct comparison of concepts while offering a broadened perspective to the respondent group.<\/p>\n\n\n\n<h3 class=\"wp-block-heading\">Vantagens da pesquisa de mercado sequencial:<\/h3>\n\n\n\n<ul class=\"wp-block-list\">\n<li>Para determinar o desempenho e a prefer\u00eancia entre ideias testadas, a pesquisa sequencial permite a compara\u00e7\u00e3o direta de v\u00e1rios conceitos.<\/li>\n\n\n\n<li>Para obter resultados estatisticamente significativos com cada respondente avaliando v\u00e1rios conceitos, s\u00e3o necess\u00e1rios tamanhos de amostra menores.<\/li>\n\n\n\n<li>A apresenta\u00e7\u00e3o de m\u00faltiplos conceitos proporciona aos respondentes um contexto mais amplo, o que pode permitir-lhes fazer avalia\u00e7\u00f5es mais informadas e fornecer melhor feedback.<\/li>\n<\/ul>\n\n\n\n<h3 class=\"wp-block-heading\">Desvantagens da pesquisa de mercado sequencial:<\/h3>\n\n\n\n<ul class=\"wp-block-list\">\n<li>A introdu\u00e7\u00e3o de vieses \u00e9 poss\u00edvel ao apresentar conceitos sequencialmente. Isso pode impactar a avalia\u00e7\u00e3o do entrevistado.<\/li>\n\n\n\n<li>Quando os entrevistados avaliam v\u00e1rios conceitos, isso pode se tornar complexo, levando a uma poss\u00edvel fadiga ou confus\u00e3o, resultando em feedback impreciso.<\/li>\n\n\n\n<li>Isolar o feedback espec\u00edfico do conceito torna-se um desafio ao avaliar v\u00e1rios conceitos, uma vez que \u00e9 dif\u00edcil determinar quais aspectos espec\u00edficos contribuem para a avalia\u00e7\u00e3o e prefer\u00eancias gerais.<\/li>\n<\/ul>\n\n\n\n<h2 class=\"wp-block-heading\">Import\u00e2ncia de escolher o desenho de pesquisa certo<\/h2>\n\n\n\n<p>The accuracy of insights obtained from <a href=\"https:\/\/www.sisinternational.com\/pt\/pericia\/industrias\/selecione-pesquisa-de-mercado-de-hoteis-de-servico\/\" title=\"Selecione pesquisa de mercado de hot\u00e9is de servi\u00e7o\"  data-wpil-monitor-id=\"8770\">market research depends on selecting<\/a> the right research design. In addition to affecting the quality of results obtained from a study, the choice of research design can impact both its efficiency and cost. The importance of choosing the correct research design lies for multiple reasons:<\/p>\n\n\n\n<ul class=\"wp-block-list\">\n<li>A otimiza\u00e7\u00e3o da aloca\u00e7\u00e3o de recursos, incluindo tempo e dinheiro para o ROI m\u00e1ximo, pode ser alcan\u00e7ada decidindo um projeto de pesquisa adequado que priorize a resposta eficiente \u00e0s perguntas pertinentes.<\/li>\n\n\n\n<li>A pesquisa sequencial \u00e9 ideal para comparar v\u00e1rios conceitos diretamente, enquanto a pesquisa mon\u00e1dica \u00e9 mais adequada para avaliar conceitos individuais em profundidade. Portanto, escolher entre pesquisa de mercado mon\u00e1dica ou sequencial \u00e9 fundamental, dependendo dos objetivos e metas da pesquisa.<\/li>\n\n\n\n<li>Implementing an effective research strategy can unveil deeper insights and encourage a complete grasp of <a href=\"https:\/\/www.sisinternational.com\/pt\/global-beverage-market\/\" title=\"Global Beverage Market: Market Dynamics, Growth Projections &amp; Consumer Insights\"  data-wpil-monitor-id=\"8771\">market conditions along with consumer<\/a> choices that drive business accomplishment.<\/li>\n\n\n\n<li>A an\u00e1lise e interpreta\u00e7\u00e3o dos dados podem ser facilitadas e mais significativas com o desenho de pesquisa apropriado. Isso permite que as empresas extraiam insights e recomenda\u00e7\u00f5es acion\u00e1veis de seus dados.<\/li>\n\n\n\n<li>Deciding on a <a href=\"https:\/\/www.sisinternational.com\/pt\/quais-sao-algumas-tendencias-no-setor-de-pesquisa-de-mercado\/\" title=\"Quais s\u00e3o algumas tend\u00eancias no setor de pesquisa de mercado?\"  data-wpil-monitor-id=\"8772\">research design in line with industry<\/a> standards and best practices helps maintain the comparability of results across different studies while ensuring consistency over time. This enables effective benchmarking exercises alongside trend analyses.<\/li>\n\n\n\n<li>When a <a href=\"https:\/\/www.sisinternational.com\/pt\/solucoes\/solucoes-de-pesquisa-quantitativa-qualitativa\/empresas-de-design-de-pesquisa-de-mercado\/\" title=\"Empresa de pesquisa de design\"  data-wpil-monitor-id=\"8773\">research study is designed<\/a> properly, it can strengthen the credibility and validity of its results. Therefore, making them more beneficial in terms of decision-making.<\/li>\n<\/ul>\n\n\n\n<h2 class=\"wp-block-heading\">Melhores Pr\u00e1ticas<\/h2>\n\n\n\n<p>A implementa\u00e7\u00e3o das melhores pr\u00e1ticas para projetos de pesquisa mon\u00e1dicos e sequenciais pode ajudar a garantir que o processo de pesquisa seja eficiente, preciso e forne\u00e7a insights acion\u00e1veis. Algumas das melhores pr\u00e1ticas para ambos os projetos de pesquisa incluem<\/p>\n\n\n\n<ul class=\"wp-block-list\">\n<li><strong>Garantir a apresenta\u00e7\u00e3o clara e concisa dos est\u00edmulos:<\/strong> As empresas devem apresentar os conceitos, produtos ou est\u00edmulos de forma clara, concisa e consistente para minimizar a confus\u00e3o e ajudar os entrevistados a avaliar cada conceito com precis\u00e3o.<\/li>\n\n\n\n<li><strong>Equilibrando a dura\u00e7\u00e3o e a complexidade das pesquisas:<\/strong> Espera-se que as empresas mantenham as pesquisas t\u00e3o curtas e diretas quanto poss\u00edvel para manter o envolvimento dos entrevistados e minimizar o cansa\u00e7o. Pesquisas longas ou complexas podem levar ao desligamento e \u00e0 redu\u00e7\u00e3o da qualidade dos dados.<\/li>\n\n\n\n<li><strong>Randomizando a ordem dos est\u00edmulos na pesquisa sequencial:<\/strong> Para mitigar os efeitos de ordem e os preconceitos na investiga\u00e7\u00e3o sequencial, os investigadores devem randomizar a ordem em que os conceitos s\u00e3o apresentados aos entrevistados.<\/li>\n\n\n\n<li><strong>Usando uma combina\u00e7\u00e3o de m\u00e9todos quantitativos e qualitativos:<\/strong> A combina\u00e7\u00e3o de dados quantitativos com feedback qualitativo \u00e9 um factor importante para obter uma compreens\u00e3o abrangente das percep\u00e7\u00f5es e prefer\u00eancias dos inquiridos.<\/li>\n\n\n\n<li><strong>Validando descobertas com pesquisas adicionais:<\/strong> As organiza\u00e7\u00f5es devem considerar a realiza\u00e7\u00e3o de pesquisas complementares para validar ou expandir as descobertas do estudo inicial. Isso pode ajudar a aumentar a confiabilidade e a robustez dos insights.<\/li>\n\n\n\n<li><strong>Garantir a qualidade dos dados e a representatividade dos entrevistados:<\/strong> <a href=\"https:\/\/www.sisinternational.com\/pt\/cobertura\/europa\/pesquisa-de-mercado-em-liverpool-reino-unido\/\" title=\"Pesquisa de Mercado em Liverpool | Grupos focais e coleta de dados no Reino Unido\"  data-wpil-monitor-id=\"8769\">Researchers must verify that the data collected<\/a> is of high quality and that the respondents are representative of the target population. This can help ensure that the findings are generalizable and relevant to the market.<\/li>\n\n\n\n<li><strong>Manter a privacidade dos dados e os padr\u00f5es \u00e9ticos:<\/strong> Colete, armazene e analise dados de acordo com os regulamentos de privacidade de dados e padr\u00f5es \u00e9ticos para proteger as informa\u00e7\u00f5es dos entrevistados e manter a integridade do processo de pesquisa.<\/li>\n<\/ul>\n\n\n\n<h2 class=\"wp-block-heading\">Escolhendo entre pesquisa de mercado mon\u00e1dica e sequencial<\/h2>\n\n\n\n<p>Ao decidir usar pesquisa de mercado mon\u00e1dica ou sequencial, h\u00e1 v\u00e1rias considera\u00e7\u00f5es, incluindo, entre outras, objetivos de pesquisa, restri\u00e7\u00f5es or\u00e7ament\u00e1rias e disponibilidade de recursos. Assim, selecionar a abordagem mais adequada para um projeto de pesquisa envolve considerar v\u00e1rios fatores.<\/p>\n\n\n\n<ul class=\"wp-block-list\">\n<li><strong>Objetivos de pesquisa:<\/strong> Para examinar ideias individuais em detalhe e evitar a influ\u00eancia externa de outros pensamentos, as empresas poderiam considerar a utiliza\u00e7\u00e3o da investiga\u00e7\u00e3o mon\u00e1dica. A pesquisa sequencial poderia ser uma op\u00e7\u00e3o melhor ao fazer compara\u00e7\u00f5es diretas entre v\u00e1rios conceitos.<\/li>\n\n\n\n<li><strong>Or\u00e7amento e recursos:<\/strong> Ao realizar pesquisas mon\u00e1dicas, \u00e9 comum exigir um tamanho amostral maior, resultando em poss\u00edveis gastos elevados ou cronogramas prolongados. O or\u00e7amento dispon\u00edvel e a avalia\u00e7\u00e3o dos recursos ajudam a determinar um desenho de investiga\u00e7\u00e3o mais vi\u00e1vel.<\/li>\n\n\n\n<li><strong>Cronograma e escopo do projeto:<\/strong> Quando as empresas escolhem entre pesquisas de mercado mon\u00e1dicas e sequenciais, elas consideram o cronograma e o escopo do projeto. Embora a condu\u00e7\u00e3o de estudos mon\u00e1dicos possa exigir amostras maiores, resultando em mais tempo do que o normal para conclu\u00ed-los. Por outro lado, estudos sequenciais s\u00e3o relativamente r\u00e1pidos.<\/li>\n<\/ul>\n\n\n\n<p>Finally, choosing between monadic vs sequential market research designs ultimately depends on evaluating the project&#8217;s objectives and available resources thoroughly. To achieve precise and dependable insights in their market research endeavors, <a href=\"https:\/\/www.sisinternational.com\/pt\/pericia\/industrias\/testes-de-pesquisa-de-cuidados-com-a-pele\/\" title=\"Pesquisa e testes de cuidados com a pele\"  data-wpil-monitor-id=\"8775\">researchers need to consider these factors carefully<\/a> when selecting a suitable research design.<\/p>","protected":false},"excerpt":{"rendered":"<p>As empresas e os investigadores que procuram insights precisos e \u00fateis a partir dos seus estudos devem considerar pesquisas de mercado mon\u00e1dicas e sequenciais.<\/p>","protected":false},"author":1,"featured_media":69501,"parent":14514,"menu_order":301,"comment_status":"closed","ping_status":"closed","template":"","meta":{"footnotes":""},"class_list":["post-42674","page","type-page","status-publish","has-post-thumbnail"],"_links":{"self":[{"href":"https:\/\/www.sisinternational.com\/pt\/wp-json\/wp\/v2\/pages\/42674","targetHints":{"allow":["GET"]}}],"collection":[{"href":"https:\/\/www.sisinternational.com\/pt\/wp-json\/wp\/v2\/pages"}],"about":[{"href":"https:\/\/www.sisinternational.com\/pt\/wp-json\/wp\/v2\/types\/page"}],"author":[{"embeddable":true,"href":"https:\/\/www.sisinternational.com\/pt\/wp-json\/wp\/v2\/users\/1"}],"replies":[{"embeddable":true,"href":"https:\/\/www.sisinternational.com\/pt\/wp-json\/wp\/v2\/comments?post=42674"}],"version-history":[{"count":5,"href":"https:\/\/www.sisinternational.com\/pt\/wp-json\/wp\/v2\/pages\/42674\/revisions"}],"predecessor-version":[{"id":81471,"href":"https:\/\/www.sisinternational.com\/pt\/wp-json\/wp\/v2\/pages\/42674\/revisions\/81471"}],"up":[{"embeddable":true,"href":"https:\/\/www.sisinternational.com\/pt\/wp-json\/wp\/v2\/pages\/14514"}],"wp:featuredmedia":[{"embeddable":true,"href":"https:\/\/www.sisinternational.com\/pt\/wp-json\/wp\/v2\/media\/69501"}],"wp:attachment":[{"href":"https:\/\/www.sisinternational.com\/pt\/wp-json\/wp\/v2\/media?parent=42674"}],"curies":[{"name":"wp","href":"https:\/\/api.w.org\/{rel}","templated":true}]}}