{"id":42672,"date":"2023-05-02T21:39:21","date_gmt":"2023-05-03T01:39:21","guid":{"rendered":"https:\/\/www.sisinternational.com\/?page_id=42672"},"modified":"2026-01-25T19:34:46","modified_gmt":"2026-01-26T00:34:46","slug":"pesquisa-de-mercado-de-mineracao","status":"publish","type":"page","link":"https:\/\/www.sisinternational.com\/pt\/pericia\/pesquisa-de-mercado-de-mineracao\/","title":{"rendered":"Pesquisa de mercado de minera\u00e7\u00e3o"},"content":{"rendered":"<h1 class=\"wp-block-heading\">Pesquisa de mercado de minera\u00e7\u00e3o<\/h1>\n\n\n\n<figure class=\"gb-block-image gb-block-image-47ed78b1\"><img loading=\"lazy\" decoding=\"async\" width=\"1456\" height=\"816\" class=\"gb-image gb-image-47ed78b1\" src=\"https:\/\/www.sisinternational.com\/wp-content\/uploads\/2025\/08\/Supermarket-5.jpg\" alt=\"Pesquisa e Estrat\u00e9gia de Mercado Internacional da SIS\" title=\"Supermarket (5)\" srcset=\"https:\/\/www.sisinternational.com\/wp-content\/uploads\/2025\/08\/Supermarket-5.jpg 1456w, https:\/\/www.sisinternational.com\/wp-content\/uploads\/2025\/08\/Supermarket-5-300x168.jpg 300w, https:\/\/www.sisinternational.com\/wp-content\/uploads\/2025\/08\/Supermarket-5-1024x574.jpg 1024w, https:\/\/www.sisinternational.com\/wp-content\/uploads\/2025\/08\/Supermarket-5-768x430.jpg 768w, https:\/\/www.sisinternational.com\/wp-content\/uploads\/2025\/08\/Supermarket-5-18x10.jpg 18w\" sizes=\"auto, (max-width: 1456px) 100vw, 1456px\"><\/figure>\n\n\n\n<p><\/p>\n\n\n\n<p>A ind\u00fastria mineira fornece mat\u00e9rias-primas essenciais para diversos sectores, como a constru\u00e7\u00e3o e a ind\u00fastria transformadora. Neste contexto, a pesquisa do mercado mineiro \u00e9 uma ferramenta cr\u00edtica para a tomada de decis\u00f5es informadas e o planeamento estrat\u00e9gico, ajudando as partes interessadas a navegar pelas complexidades desta ind\u00fastria e a melhorar o desempenho econ\u00f3mico, apesar das mudan\u00e7as no mercado. \u00c0 medida que a procura destes recursos continua a crescer, as empresas mineiras enfrentam desafios, incluindo flutua\u00e7\u00f5es nos pre\u00e7os das mat\u00e9rias-primas, preocupa\u00e7\u00f5es ambientais e altera\u00e7\u00f5es nos cen\u00e1rios regulamentares.<\/p>\n\n\n\n<h2 class=\"wp-block-heading\">Import\u00e2ncia da Pesquisa de Mercado Mineiro<\/h2>\n\n\n\n<p><a href=\"https:\/\/www.sisinternational.com\/pt\/pericia\/industrias\/pesquisa-de-mercado-de-mineracao-espacial\/\" title=\"Pesquisa de mercado de minera\u00e7\u00e3o espacial\"  data-wpil-monitor-id=\"6305\">Mining market research<\/a> provides valuable insights into market trends, commodity prices, and production data, enabling industry players to make business decisions and develop strategic plans based on accurate and up-to-date information.<\/p>\n\n\n\n<p>Tamb\u00e9m permite que as partes interessadas identifiquem e avaliem riscos potenciais, incluindo riscos econ\u00f3micos, ambientais e sociais. Esta informa\u00e7\u00e3o permite-lhes desenvolver e implementar estrat\u00e9gias de mitiga\u00e7\u00e3o de riscos, garantindo a viabilidade e sustentabilidade a longo prazo das opera\u00e7\u00f5es mineiras.<\/p>\n\n\n\n<p>Al\u00e9m disso, compreender a din\u00e2mica do mercado e a disponibilidade de recursos ajuda as empresas mineiras a alocar recursos de forma eficiente e a otimizar o planeamento da mina, garantindo um processo de extra\u00e7\u00e3o mais sustent\u00e1vel e econ\u00f3mico.<\/p>\n\n\n\n<p>Similarly, governments and regulatory bodies can utilize <a href=\"https:\/\/www.sisinternational.com\/pt\/pericia\/industrias\/pesquisa-de-mercado-do-governo-federal\/\" title=\"Pesquisa de Mercado do Governo Federal\"  data-wpil-monitor-id=\"5768\">pesquisa de mercado de minera\u00e7\u00e3o<\/a> to develop and implement effective policies and regulations that promote responsible mining practices, protect the environment, and safeguard the interests of local communities.<\/p>\n\n\n\n<p>Portanto, esta pesquisa oferece insights sobre o impacto ambiental das atividades de minera\u00e7\u00e3o, ajudando as empresas a adotarem pr\u00e1ticas mais sustent\u00e1veis e a reduzirem a sua pegada ecol\u00f3gica. Isto contribui para a sustentabilidade a longo prazo da ind\u00fastria e mitiga potenciais efeitos negativos sobre o ambiente.<\/p>\n\n\n\n<h2 class=\"wp-block-heading\">Componentes-chave da pesquisa de mercado de minera\u00e7\u00e3o<\/h2>\n\n\n\n<p><a href=\"https:\/\/www.sisinternational.com\/pt\/venezuela-oil-mining-industry-potential-strategic-forecast-2026-2036\/\" title=\"Venezuela Oil &amp; Mining Industry Potential: Strategic Forecast 2026-2036\"  data-wpil-monitor-id=\"1308\">Mining market research<\/a> provides valuable insights into the industry&#8217;s dynamics, challenges, and opportunities. Some of the key components of mining market research include:<\/p>\n\n\n\n<ul class=\"wp-block-list\">\n<li><strong>Din\u00e2mica de oferta e demanda:<\/strong> Analyzing the balance between the global supply and demand of various minerals and <a href=\"https:\/\/www.sisinternational.com\/pt\/pericia\/industrias\/pesquisa-de-mercado-de-metais-de-terras-raras\/\" title=\"Pesquisa de mercado de metais de terras raras\"  data-wpil-monitor-id=\"5184\">metals helps identify market<\/a> trends and potential areas of growth (or decline).<\/li>\n\n\n\n<li><strong>Segmenta\u00e7\u00e3o de mercado:<\/strong> Compreender os diferentes segmentos da ind\u00fastria mineira, como metais preciosos, metais b\u00e1sicos e minerais, pode ajudar a identificar oportunidades e desafios espec\u00edficos para cada segmento.<\/li>\n\n\n\n<li><strong>An\u00e1lise hist\u00f3rica de pre\u00e7os:<\/strong> O exame de dados hist\u00f3ricos de pre\u00e7os de commodities pode fornecer insights sobre tend\u00eancias e flutua\u00e7\u00f5es de pre\u00e7os, informando decis\u00f5es estrat\u00e9gicas e gerenciamento de riscos. Embora este m\u00e9todo n\u00e3o seja perfeito e o passado nem sempre preveja tend\u00eancias futuras, \u00e9 uma boa forma de previs\u00e3o no campo da pesquisa do mercado mineiro.<\/li>\n\n\n\n<li><strong>Previs\u00e3o de pre\u00e7os:<\/strong> A previs\u00e3o dos pre\u00e7os futuros das mat\u00e9rias-primas com base nas tend\u00eancias do mercado, nos indicadores econ\u00f3micos e noutros factores pode ajudar as partes interessadas a tomar decis\u00f5es informadas relacionadas com investimentos e planeamento da produ\u00e7\u00e3o.<\/li>\n\n\n\n<li><strong>Dados de produ\u00e7\u00e3o:<\/strong> A avalia\u00e7\u00e3o dos dados de produ\u00e7\u00e3o (incluindo a produ\u00e7\u00e3o mineira, os custos de produ\u00e7\u00e3o e a efici\u00eancia operacional) pode fornecer informa\u00e7\u00f5es sobre o desempenho das empresas mineiras e da ind\u00fastria como um todo.<\/li>\n\n\n\n<li><strong>Regulamentos de minera\u00e7\u00e3o:<\/strong> Compreender o ambiente regulamentar em diferentes pa\u00edses e regi\u00f5es \u00e9 crucial para garantir a conformidade e identificar riscos potenciais ou oportunidades associadas a mudan\u00e7as na legisla\u00e7\u00e3o.<\/li>\n\n\n\n<li><strong>Tecnologias de minera\u00e7\u00e3o:<\/strong> Avaliar os mais recentes avan\u00e7os na tecnologia de minera\u00e7\u00e3o, como automa\u00e7\u00e3o, sensoriamento remoto e an\u00e1lise de dados, pode ajudar as empresas a melhorar a efici\u00eancia operacional e reduzir os impactos ambientais.<\/li>\n\n\n\n<li><strong>Impacto ambiental:<\/strong> A avalia\u00e7\u00e3o do impacto ambiental das opera\u00e7\u00f5es mineiras pode ajudar as empresas a implementar pr\u00e1ticas sustent\u00e1veis, mitigar riscos potenciais e manter uma reputa\u00e7\u00e3o como empresa ambientalmente respons\u00e1vel no contexto das altera\u00e7\u00f5es clim\u00e1ticas.<\/li>\n\n\n\n<li><strong>Impacto social:<\/strong> A avalia\u00e7\u00e3o do impacto social das actividades mineiras, como o envolvimento comunit\u00e1rio, o emprego local e a preserva\u00e7\u00e3o do patrim\u00f3nio cultural, pode informar estrat\u00e9gias para pr\u00e1ticas mineiras respons\u00e1veis e rela\u00e7\u00f5es fortes com as partes interessadas.<\/li>\n<\/ul>\n\n\n\n<h2 class=\"wp-block-heading\">Benef\u00edcios da pesquisa de mercado de minera\u00e7\u00e3o para diversas partes interessadas<\/h2>\n\n\n\n<p>A pesquisa de mercado mineiro oferece uma s\u00e9rie de benef\u00edcios para diversas partes interessadas envolvidas na ind\u00fastria mineira, incluindo empresas mineiras, investidores, governos, organiza\u00e7\u00f5es ambientais e sociais e comunidades locais. Esses benef\u00edcios incluem:<\/p>\n\n\n\n<ul class=\"wp-block-list\">\n<li><strong>Tomada de decis\u00e3o aprimorada:<\/strong> A pesquisa de mercado mineiro equipa as empresas mineiras e os investidores com os dados e conhecimentos necess\u00e1rios para tomar decis\u00f5es informadas e navegar pelas mudan\u00e7as nas regulamenta\u00e7\u00f5es locais e nos mercados globais.<\/li>\n\n\n\n<li><strong>Maior competitividade:<\/strong> Ao compreender a din\u00e2mica do mercado, os pre\u00e7os das mat\u00e9rias-primas e as tend\u00eancias emergentes, as empresas mineiras podem melhorar a sua competitividade e adaptar-se \u00e0s mudan\u00e7as nas condi\u00e7\u00f5es da ind\u00fastria.<\/li>\n\n\n\n<li><strong>Opera\u00e7\u00f5es otimizadas:<\/strong> A pesquisa de mercado mineiro ajuda as empresas a otimizar as suas opera\u00e7\u00f5es, desde a aloca\u00e7\u00e3o de recursos e planeamento de minas at\u00e9 \u00e0 ado\u00e7\u00e3o de tecnologias inovadoras e pr\u00e1ticas sustent\u00e1veis.<\/li>\n\n\n\n<li><strong>Desenvolvimento de pol\u00edticas eficazes:<\/strong> A investiga\u00e7\u00e3o do mercado mineiro informa os governos e os decisores pol\u00edticos sobre as tend\u00eancias, desafios e oportunidades da ind\u00fastria, permitindo-lhes desenvolver e implementar pol\u00edticas e regulamentos eficazes que promovam pr\u00e1ticas mineiras respons\u00e1veis.<\/li>\n\n\n\n<li><strong>Monitoramento e fiscaliza\u00e7\u00e3o:<\/strong> A pesquisa do mercado mineiro tamb\u00e9m ajuda os governos a monitorizar a conformidade da ind\u00fastria com os regulamentos e a aplicar pol\u00edticas, garantindo a protec\u00e7\u00e3o do ambiente e o bem-estar das comunidades locais.<\/li>\n\n\n\n<li><strong>Colabora\u00e7\u00e3o e parceria:<\/strong> Ao fornecer uma compreens\u00e3o partilhada das condi\u00e7\u00f5es e prioridades da ind\u00fastria, a pesquisa do mercado mineiro facilita a colabora\u00e7\u00e3o e a parceria entre diferentes organiza\u00e7\u00f5es e partes interessadas.<\/li>\n<\/ul>\n\n\n\n<h2 class=\"wp-block-heading\">Desafios e Limita\u00e7\u00f5es<\/h2>\n\n\n\n<ul class=\"wp-block-list\">\n<li><strong>Acesso limitado aos dados:<\/strong> O acesso a dados fi\u00e1veis e actualizados pode ser um desafio, especialmente em pa\u00edses com sectores mineiros menos desenvolvidos ou onde a informa\u00e7\u00e3o n\u00e3o est\u00e1 prontamente dispon\u00edvel. Os dados sobre atividades, recursos e impactos de minera\u00e7\u00e3o podem estar incompletos ou desatualizados, o que pode afetar a precis\u00e3o dos resultados da pesquisa de mercado.<\/li>\n\n\n\n<li><strong>Informa\u00e7\u00f5es propriet\u00e1rias:<\/strong> As empresas mineiras podem hesitar em partilhar informa\u00e7\u00f5es confidenciais ou propriet\u00e1rias, tais como dados operacionais, resultados de explora\u00e7\u00e3o ou detalhes financeiros, o que pode limitar o \u00e2mbito e a profundidade da pesquisa de mercado.<\/li>\n\n\n\n<li><strong>Requisitos legais e regulamentares:<\/strong> As leis e regulamentos de privacidade de dados podem restringir o compartilhamento ou uso de certos tipos de informa\u00e7\u00f5es, impactando a abrang\u00eancia da pesquisa de mercado de minera\u00e7\u00e3o.<\/li>\n\n\n\n<li><strong>Ind\u00fastria complexa e din\u00e2mica:<\/strong> A ind\u00fastria mineira \u00e9 complexa e est\u00e1 em constante evolu\u00e7\u00e3o, com numerosos fatores que influenciam a din\u00e2mica do mercado, dificultando o desenvolvimento de modelos de previs\u00e3o precisos e fi\u00e1veis.<\/li>\n\n\n\n<li><strong>Contextos diversos e localizados:<\/strong> A ind\u00fastria mineira opera em contextos diversos e localizados, o que pode representar desafios na concep\u00e7\u00e3o de metodologias de investiga\u00e7\u00e3o que possam capturar estas varia\u00e7\u00f5es e produzir resultados generaliz\u00e1veis.<\/li>\n\n\n\n<li><strong>Aplicabilidade das conclus\u00f5es:<\/strong> A generaliza\u00e7\u00e3o dos resultados da investiga\u00e7\u00e3o do mercado mineiro pode ser limitada, uma vez que os conhecimentos podem ser espec\u00edficos para determinadas regi\u00f5es, mercadorias ou segmentos de mercado.<\/li>\n\n\n\n<li><strong>Traduzindo a pesquisa em a\u00e7\u00e3o:<\/strong> Transforming <a href=\"https:\/\/www.sisinternational.com\/pt\/pericia\/industrias\/pesquisa-de-mercado-de-macarrao\/\" title=\"Pesquisa de mercado de macarr\u00e3o\"  data-wpil-monitor-id=\"3067\">market<\/a> research insights into actionable strategies and policies can be challenging, particularly in complex and dynamic environments.<\/li>\n\n\n\n<li><strong>Medindo o impacto:<\/strong> Avaliar o impacto da investiga\u00e7\u00e3o do mercado mineiro nas pr\u00e1ticas, pol\u00edticas e resultados da ind\u00fastria pode ser dif\u00edcil, dados os numerosos factores que podem influenciar estes resultados.<\/li>\n<\/ul>\n\n\n\n<p>A SIS International oferece Pesquisa Quantitativa, Qualitativa e Estrat\u00e9gica. Fornecemos dados, ferramentas, estrat\u00e9gias, relat\u00f3rios e insights para tomada de decis\u00f5es. Conduzimos entrevistas, pesquisas, grupos focais e muitos outros m\u00e9todos e abordagens de Pesquisa de Mercado. Contate-nos para o seu pr\u00f3ximo projeto de Pesquisa de Mercado.<\/p>","protected":false},"excerpt":{"rendered":"<p>A ind\u00fastria mineira fornece mat\u00e9rias-primas essenciais para diversos setores, como a constru\u00e7\u00e3o e a ind\u00fastria transformadora.<\/p>","protected":false},"author":1,"featured_media":63725,"parent":14514,"menu_order":300,"comment_status":"closed","ping_status":"closed","template":"","meta":{"footnotes":""},"class_list":["post-42672","page","type-page","status-publish","has-post-thumbnail"],"_links":{"self":[{"href":"https:\/\/www.sisinternational.com\/pt\/wp-json\/wp\/v2\/pages\/42672","targetHints":{"allow":["GET"]}}],"collection":[{"href":"https:\/\/www.sisinternational.com\/pt\/wp-json\/wp\/v2\/pages"}],"about":[{"href":"https:\/\/www.sisinternational.com\/pt\/wp-json\/wp\/v2\/types\/page"}],"author":[{"embeddable":true,"href":"https:\/\/www.sisinternational.com\/pt\/wp-json\/wp\/v2\/users\/1"}],"replies":[{"embeddable":true,"href":"https:\/\/www.sisinternational.com\/pt\/wp-json\/wp\/v2\/comments?post=42672"}],"version-history":[{"count":8,"href":"https:\/\/www.sisinternational.com\/pt\/wp-json\/wp\/v2\/pages\/42672\/revisions"}],"predecessor-version":[{"id":79888,"href":"https:\/\/www.sisinternational.com\/pt\/wp-json\/wp\/v2\/pages\/42672\/revisions\/79888"}],"up":[{"embeddable":true,"href":"https:\/\/www.sisinternational.com\/pt\/wp-json\/wp\/v2\/pages\/14514"}],"wp:featuredmedia":[{"embeddable":true,"href":"https:\/\/www.sisinternational.com\/pt\/wp-json\/wp\/v2\/media\/63725"}],"wp:attachment":[{"href":"https:\/\/www.sisinternational.com\/pt\/wp-json\/wp\/v2\/media?parent=42672"}],"curies":[{"name":"wp","href":"https:\/\/api.w.org\/{rel}","templated":true}]}}