{"id":42670,"date":"2023-05-02T20:50:27","date_gmt":"2023-05-03T00:50:27","guid":{"rendered":"https:\/\/www.sisinternational.com\/?page_id=42670"},"modified":"2026-03-12T12:46:00","modified_gmt":"2026-03-12T16:46:00","slug":"o-que-e-imagem-medica","status":"publish","type":"page","link":"https:\/\/www.sisinternational.com\/pt\/solucoes\/pesquisa-de-mercado-de-saude\/o-que-e-imagem-medica\/","title":{"rendered":"Pesquisa de mercado de imagens m\u00e9dicas"},"content":{"rendered":"<h1 class=\"wp-block-heading\">Pesquisa de mercado de imagens m\u00e9dicas<\/h1>\n\n\n\n<figure class=\"gb-block-image gb-block-image-ba6f9742\"><img loading=\"lazy\" decoding=\"async\" width=\"1456\" height=\"816\" class=\"gb-image gb-image-ba6f9742\" src=\"https:\/\/www.sisinternational.com\/wp-content\/uploads\/2025\/08\/Healthcare-14.jpg\" alt=\"Pesquisa e Estrat\u00e9gia de Mercado Internacional da SIS\" title=\"Healthcare (14)\" srcset=\"https:\/\/www.sisinternational.com\/wp-content\/uploads\/2025\/08\/Healthcare-14.jpg 1456w, https:\/\/www.sisinternational.com\/wp-content\/uploads\/2025\/08\/Healthcare-14-300x168.jpg 300w, https:\/\/www.sisinternational.com\/wp-content\/uploads\/2025\/08\/Healthcare-14-1024x574.jpg 1024w, https:\/\/www.sisinternational.com\/wp-content\/uploads\/2025\/08\/Healthcare-14-768x430.jpg 768w, https:\/\/www.sisinternational.com\/wp-content\/uploads\/2025\/08\/Healthcare-14-18x10.jpg 18w\" sizes=\"auto, (max-width: 1456px) 100vw, 1456px\"><\/figure>\n\n\n\n<p><\/p>\n\n\n\n<p>A imagem m\u00e9dica \u00e9 uma t\u00e9cnica usada pelos profissionais de sa\u00fade. Eles o utilizam para observar o interior do corpo humano para fins diagn\u00f3sticos e terap\u00eauticos. Envolve a cria\u00e7\u00e3o de representa\u00e7\u00f5es visuais das estruturas internas do corpo. Por exemplo, mostra imagens de \u00f3rg\u00e3os, ossos, vasos sangu\u00edneos e tecidos. Essas imagens auxiliam no diagn\u00f3stico e tratamento de diversas condi\u00e7\u00f5es m\u00e9dicas.<\/p>\n\n\n\n<p>As t\u00e9cnicas de imagens m\u00e9dicas utilizam diferentes tecnologias para capturar imagens do corpo. Essas tecnologias incluem raios X, tomografia computadorizada (TC) e resson\u00e2ncia magn\u00e9tica (MRI). O ultrassom e a medicina nuclear tamb\u00e9m s\u00e3o t\u00e9cnicas de imagem bem conhecidas. Essas t\u00e9cnicas de imagem permitem que os profissionais de sa\u00fade examinem as estruturas internas do corpo. Eles podem obter informa\u00e7\u00f5es valiosas sobre a presen\u00e7a de anomalias ou doen\u00e7as. As imagens m\u00e9dicas tamb\u00e9m mostram a localiza\u00e7\u00e3o, o tamanho e as caracter\u00edsticas de anormalidades ou doen\u00e7as.<\/p>\n\n\n\n<p>A imagem m\u00e9dica \u00e9 cr\u00edtica no diagn\u00f3stico e monitoramento de v\u00e1rias condi\u00e7\u00f5es m\u00e9dicas. Os profissionais de sa\u00fade o utilizam para pacientes com c\u00e2ncer, doen\u00e7as cardiovasculares e dist\u00farbios musculoesquel\u00e9ticos. Tamb\u00e9m \u00e9 \u00f3timo para detectar dist\u00farbios neurol\u00f3gicos e muitas outras condi\u00e7\u00f5es. Ajuda os profissionais de sa\u00fade a diagnosticar doen\u00e7as e planejar e acompanhar o tratamento. Eles o utilizam para orientar procedimentos cir\u00fargicos e avaliar a resposta ao tratamento. As imagens m\u00e9dicas levam a um melhor atendimento ao paciente e a melhores resultados.<\/p>\n\n\n\n<h2 class=\"wp-block-heading\">Por que as imagens m\u00e9dicas s\u00e3o importantes?<\/h2>\n\n\n\n<p>A imagem m\u00e9dica \u00e9 importante para diagn\u00f3stico e detec\u00e7\u00e3o. Ele permite que os profissionais de sa\u00fade visualizem e detectem doen\u00e7as, condi\u00e7\u00f5es e anormalidades. Estas condi\u00e7\u00f5es podem n\u00e3o ser vis\u00edveis a olho nu. As imagens m\u00e9dicas tamb\u00e9m ajudam a identificar a presen\u00e7a, localiza\u00e7\u00e3o, tamanho e caracter\u00edsticas dos tumores. Os profissionais de sa\u00fade o utilizam para detectar fraturas, infec\u00e7\u00f5es e outras doen\u00e7as. O diagn\u00f3stico preciso e precoce atrav\u00e9s de imagens m\u00e9dicas \u00e9 crucial. Pode impactar os resultados dos pacientes, permitindo um tratamento oportuno e apropriado.<\/p>\n\n\n\n<p>A imagem m\u00e9dica desempenha um papel crucial no planejamento e monitoramento de estrat\u00e9gias de tratamento. Ele fornece informa\u00e7\u00f5es detalhadas sobre a localiza\u00e7\u00e3o e extens\u00e3o de doen\u00e7as ou condi\u00e7\u00f5es. Assim, ajuda os prestadores de cuidados de sa\u00fade a desenvolver planos de tratamento direcionados. Os profissionais de sa\u00fade tamb\u00e9m podem usar tomografia computadorizada, resson\u00e2ncia magn\u00e9tica e ultrassom para outros fins. Por exemplo, eles podem us\u00e1-lo para orientar procedimentos minimamente invasivos. Eles podem ent\u00e3o fazer bi\u00f3psias e cirurgias com maior precis\u00e3o e riscos reduzidos.<\/p>\n\n\n\n<p>As imagens m\u00e9dicas permitem que os profissionais de sa\u00fade obtenham imagens internas do corpo sem procedimentos invasivos. Reduz a necessidade de cirurgias explorat\u00f3rias ou outras t\u00e9cnicas de diagn\u00f3stico invasivas. Isso minimiza o desconforto do paciente, o risco de complica\u00e7\u00f5es e o tempo de recupera\u00e7\u00e3o. A maioria das t\u00e9cnicas de imagens m\u00e9dicas, como raios X, tomografias computadorizadas e resson\u00e2ncias magn\u00e9ticas, s\u00e3o seguras. Profissionais treinados devem realiz\u00e1-las seguindo protocolos adequados.<\/p>\n\n\n\n<p>A imagem m\u00e9dica \u00e9 essencial para monitorar o progresso do tratamento. Os profissionais de sa\u00fade tamb\u00e9m o utilizam para avaliar a resposta ao tratamento ao longo do tempo. Isso lhes permite testar a efic\u00e1cia das terapias. Eles tamb\u00e9m podem us\u00e1-lo para rastrear altera\u00e7\u00f5es no tamanho ou nas caracter\u00edsticas das les\u00f5es. Depois, eles podem ajustar os planos de tratamento conforme necess\u00e1rio. As imagens m\u00e9dicas tamb\u00e9m facilitam o acompanhamento a longo prazo de condi\u00e7\u00f5es cr\u00f3nicas. Al\u00e9m disso, permite a vigil\u00e2ncia de recorr\u00eancias ou met\u00e1stases de doen\u00e7as, como o c\u00e2ncer.<\/p>\n\n\n\n<p><a href=\"https:\/\/www.sisinternational.com\/pt\/pericia\/industrias\/tecnologia-medica-pesquisa-de-mercado-de-tecnologia-medica\/\" title=\"Pesquisa de mercado de tecnologia m\u00e9dica (Med Tech)\"  data-wpil-monitor-id=\"4182\">Imagens m\u00e9dicas<\/a> is an evolving field with continuous technological advancements. These advancements improve image quality. They lead to faster acquisition and new imaging modalities. The advancements also allow for more accurate and detailed visualization of internal structures. They enhance diagnostic capabilities and improve patient care.<\/p>\n\n\n\n<p>Em resumo, a imagem m\u00e9dica \u00e9 crucial na medicina moderna. Precisamos dele para um diagn\u00f3stico preciso e planejamento de tratamento. Tamb\u00e9m \u00e9 \u00f3timo para monitoramento e acompanhamento de diversas condi\u00e7\u00f5es m\u00e9dicas. \u00c9 uma forma n\u00e3o invasiva e segura de visualizar o interior do corpo. As imagens m\u00e9dicas fornecem informa\u00e7\u00f5es valiosas para os profissionais de sa\u00fade tomarem decis\u00f5es informadas. Isso permite que eles forne\u00e7am atendimento ideal ao paciente.<\/p>\n\n\n\n<h2 class=\"wp-block-heading\">Principais cargos<\/h2>\n\n\n\n<h2 class=\"wp-block-heading\">Existem muitos cargos na \u00e1rea de imagens m\u00e9dicas, incluindo:<\/h2>\n\n\n\n<figure class=\"gb-block-image gb-block-image-67121d2e\"><img loading=\"lazy\" decoding=\"async\" width=\"1456\" height=\"816\" class=\"gb-image gb-image-67121d2e\" src=\"https:\/\/www.sisinternational.com\/wp-content\/uploads\/2025\/08\/Healthcare-16.jpg\" alt=\"Pesquisa e Estrat\u00e9gia de Mercado Internacional da SIS\" title=\"Healthcare (16)\" srcset=\"https:\/\/www.sisinternational.com\/wp-content\/uploads\/2025\/08\/Healthcare-16.jpg 1456w, https:\/\/www.sisinternational.com\/wp-content\/uploads\/2025\/08\/Healthcare-16-300x168.jpg 300w, https:\/\/www.sisinternational.com\/wp-content\/uploads\/2025\/08\/Healthcare-16-1024x574.jpg 1024w, https:\/\/www.sisinternational.com\/wp-content\/uploads\/2025\/08\/Healthcare-16-768x430.jpg 768w, https:\/\/www.sisinternational.com\/wp-content\/uploads\/2025\/08\/Healthcare-16-18x10.jpg 18w\" sizes=\"auto, (max-width: 1456px) 100vw, 1456px\"><\/figure>\n\n\n\n<ol class=\"wp-block-list\">\n<li><strong>Tecn\u00f3logos Radiol\u00f3gicos:<\/strong> Tamb\u00e9m conhecidos como radiologistas, esses profissionais de sa\u00fade realizam procedimentos de diagn\u00f3stico por imagem. Por exemplo, eles fazem radiografias, tomografias computadorizadas e resson\u00e2ncias magn\u00e9ticas em pacientes. Eles operam e mant\u00eam equipamentos de imagem e posicionam os pacientes para exames de imagem. Eles tamb\u00e9m garantem a qualidade das imagens.<\/li>\n\n\n\n<li><strong>Tecn\u00f3logo em resson\u00e2ncia magn\u00e9tica:<\/strong> Tecn\u00f3logos radiol\u00f3gicos especializados que operam scanners de resson\u00e2ncia magn\u00e9tica (MRI). Esses scanners usam campos magn\u00e9ticos e ondas de r\u00e1dio. Eles criam imagens detalhadas das estruturas internas do corpo. Os tecn\u00f3logos de resson\u00e2ncia magn\u00e9tica tamb\u00e9m podem administrar agentes de contraste para melhorar a imagem. Eles trabalham com radiologistas para interpretar as imagens de resson\u00e2ncia magn\u00e9tica.<\/li>\n\n\n\n<li><strong>Tecn\u00f3logos de CT:<\/strong> tamb\u00e9m conhecidos como tecn\u00f3logos de tomografia computadorizada. Eles s\u00e3o especializados na realiza\u00e7\u00e3o de tomografias computadorizadas (TC). As tomografias computadorizadas usam raios X e processamento de computador para criar imagens transversais do corpo. Os tecn\u00f3logos preparam os pacientes para tomografias computadorizadas e operam os scanners. Eles podem administrar agentes de contraste para melhorar a qualidade da imagem.<\/li>\n\n\n\n<li><strong>Ultrassonografistas:<\/strong> also known as ultrasound technologists. Sonographers use ultrasound technology to produce images of the body\u2019s internal structures. For example, these scans show the organs, blood vessels, and tissues. Sonographers perform <a href=\"https:\/\/www.sisinternational.com\/pt\/pericia\/industrias\/pesquisa-de-mercado-de-diagnostico-por-imagem\/\" title=\"Pesquisa de mercado de diagn\u00f3stico por imagem\"  data-wpil-monitor-id=\"6364\">diagnostic ultrasound exams and interpret images<\/a>. They may assist physicians with procedures such as biopsies and drainages.<\/li>\n\n\n\n<li><strong>Tecn\u00f3logo em Medicina Nuclear:<\/strong> utiliza materiais radioativos para realizar procedimentos diagn\u00f3sticos e terap\u00eauticos. Eles preparam e administram drogas radioativas aos pacientes. Eles tamb\u00e9m capturam imagens do material radioativo no corpo. Os tecn\u00f3logos da medicina nuclear trabalham com os m\u00e9dicos para interpretar as imagens.<\/li>\n\n\n\n<li><strong>Gerente de Radiologia:<\/strong> Os gerentes de radiologia supervisionam as opera\u00e7\u00f5es dos departamentos de radiologia ou centros de imagem. Eles gerenciam equipe, or\u00e7amento, controle de qualidade e fluxo de trabalho. Eles tamb\u00e9m garantem a conformidade com regulamentos e pol\u00edticas. Eles trabalham com outros profissionais de sa\u00fade para coordenar os servi\u00e7os de imagem. Garantir o bom funcionamento \u00e9 outra de suas fun\u00e7\u00f5es.<\/li>\n\n\n\n<li><strong>Radiologistas:<\/strong> m\u00e9dicos especializados na interpreta\u00e7\u00e3o de imagens m\u00e9dicas para diagnosticar doen\u00e7as e condi\u00e7\u00f5es. Eles revisam e interpretam raios X, tomografias computadorizadas, resson\u00e2ncias magn\u00e9ticas e imagens de ultrassom. Eles tamb\u00e9m fornecem relat\u00f3rios escritos para orientar o manejo do paciente. Os radiologistas geralmente trabalham com outros provedores. Eles tendem a adotar uma abordagem de equipe multidisciplinar no atendimento ao paciente.<\/li>\n\n\n\n<li><strong>Radioterapeuta:<\/strong> trabalha com pacientes com c\u00e2ncer. Eles administram tratamentos prescritos por oncologistas de radia\u00e7\u00e3o. Eles operam equipamentos de radia\u00e7\u00e3o e administram doses direcionadas aos tecidos cancerosos. Eles tamb\u00e9m examinam os pacientes durante o tratamento e fornecem educa\u00e7\u00e3o e apoio.<\/li>\n<\/ol>\n\n\n\n<p>Estes s\u00e3o apenas alguns exemplos dos muitos cargos em imagens m\u00e9dicas. O campo diversificado oferece oportunidades de carreira para profissionais de sa\u00fade com habilidades especializadas. O treinamento em diversas modalidades de imagem \u00e9 essencial para a maioria desses trabalhos.<\/p>\n\n\n\n<h2 class=\"wp-block-heading\">Por que as empresas precisam de pesquisas de mercado de imagens m\u00e9dicas?<\/h2>\n\n\n\n<p>As empresas podem precisar de imagens m\u00e9dicas por v\u00e1rios motivos. Depende do setor e dos requisitos espec\u00edficos. Aqui est\u00e3o alguns cen\u00e1rios comuns em que as empresas podem precisar de imagens m\u00e9dicas:<\/p>\n\n\n\n<ul class=\"wp-block-list\">\n<li><strong>Prestadores de cuidados de sa\u00fade:<\/strong> A imagem m\u00e9dica \u00e9 uma ferramenta essencial para os profissionais de sa\u00fade. Hospitais, cl\u00ednicas e consult\u00f3rios particulares usam imagens m\u00e9dicas.<\/li>\n\n\n\n<li><strong>Fabricantes de dispositivos m\u00e9dicos:<\/strong> a imagem \u00e9 frequentemente usada no desenvolvimento e teste de dispositivos m\u00e9dicos. Por exemplo, os fabricantes o utilizam para testar m\u00e1quinas de raios X, tomografia computadorizada, resson\u00e2ncia magn\u00e9tica e outros scanners. Eles tamb\u00e9m o utilizam para verificar m\u00e1quinas de ultrassom e outros equipamentos de imagem. Os fabricantes de dispositivos m\u00e9dicos utilizam imagens para avaliar o desempenho e a seguran\u00e7a de seus produtos. Eles tamb\u00e9m o utilizam para conduzir pesquisa e desenvolvimento e obter aprova\u00e7\u00f5es regulat\u00f3rias.<\/li>\n\n\n\n<li><strong>Empresas farmac\u00eauticas e de biotecnologia:<\/strong> pode us\u00e1-lo em processos de descoberta e desenvolvimento de medicamentos. Ajuda-os a avaliar a efic\u00e1cia e seguran\u00e7a dos medicamentos em ensaios pr\u00e9-cl\u00ednicos e cl\u00ednicos. Eles o usam para verificar a progress\u00e3o da doen\u00e7a e testar a resposta ao tratamento. Eles tamb\u00e9m podem us\u00e1-lo para desenvolver agentes de imagem ou de contraste para estudos de imagem.<\/li>\n\n\n\n<li><strong>Companhias de seguros de sa\u00fade:<\/strong> use-o para avaliar a necessidade m\u00e9dica de estudos de imagem. \u00c9 tamb\u00e9m uma boa verifica\u00e7\u00e3o da adequa\u00e7\u00e3o desses estudos. Essas empresas o utilizam para fins de cobertura e reembolso. As imagens m\u00e9dicas podem ajudar as seguradoras a determinar a necessidade m\u00e9dica de exames de imagem. Eles podem avaliar a adequa\u00e7\u00e3o do uso de imagens e verificar a precis\u00e3o das reivindica\u00e7\u00f5es.<\/li>\n\n\n\n<li><strong>Sa\u00fade e seguran\u00e7a Ocupacional:<\/strong> A imagem \u00e9 \u00fatil para ind\u00fastrias que exp\u00f5em os trabalhadores \u00e0 radia\u00e7\u00e3o ou outros perigos. Por exemplo, as empresas podem usar imagens m\u00e9dicas para exames pr\u00e9-contrata\u00e7\u00e3o. Eles tamb\u00e9m podem us\u00e1-lo para monitorar a sa\u00fade dos trabalhadores. \u00c9 \u00fatil para detectar poss\u00edveis les\u00f5es ou condi\u00e7\u00f5es relacionadas ao trabalho. A imagem m\u00e9dica \u00e9 perfeita para setores como energia nuclear, manufatura e avia\u00e7\u00e3o.<\/li>\n\n\n\n<li><strong>Medicina Esportiva e Fitness:<\/strong> Empresas de medicina esportiva e fitness usam imagens m\u00e9dicas para avaliar e verificar les\u00f5es. Eles podem acompanhar o progresso da cura e otimizar o desempenho. T\u00e9cnicas de imagem como raio-X, resson\u00e2ncia magn\u00e9tica e ultrassom podem ajudar a diagnosticar les\u00f5es relacionadas ao esporte. Essas t\u00e9cnicas tamb\u00e9m orientam as decis\u00f5es de tratamento e ajudam na reabilita\u00e7\u00e3o e recupera\u00e7\u00e3o.<\/li>\n\n\n\n<li><strong>Bem-estar e Sa\u00fade Preventiva:<\/strong> Programas de bem-estar e sa\u00fade preventiva tamb\u00e9m utilizam imagens m\u00e9dicas. \u00c9 \u00fatil para exames de corpo inteiro, avalia\u00e7\u00f5es cardiovasculares e exames de c\u00e2ncer. Os estudos de imagem podem fornecer detec\u00e7\u00e3o precoce e identifica\u00e7\u00e3o de potenciais riscos \u00e0 sa\u00fade. Permite que indiv\u00edduos e empresas tomem medidas proativas. Tamb\u00e9m os ajuda a prevenir ou controlar problemas de sa\u00fade.<\/li>\n<\/ul>\n\n\n\n<h2 class=\"wp-block-heading\">Principais fatores de sucesso na pesquisa de mercado de imagens m\u00e9dicas<\/h2>\n\n\n\n<p>Existem v\u00e1rios fatores-chave de sucesso em imagens m\u00e9dicas. Esses fatores s\u00e3o essenciais para alcan\u00e7ar resultados e desempenho ideais. Eles incluem compet\u00eancia t\u00e9cnica. Os profissionais de imagens m\u00e9dicas devem ter habilidades e conhecimentos para operar equipamentos de imagem. Eles devem saber realizar procedimentos e produzir imagens de alta qualidade. A educa\u00e7\u00e3o e a forma\u00e7\u00e3o cont\u00ednuas s\u00e3o cr\u00edticas. Os profissionais tamb\u00e9m devem se manter atualizados com os mais recentes avan\u00e7os na tecnologia de imagem. \u00c9 a \u00fanica maneira de manter a compet\u00eancia t\u00e9cnica.<\/p>\n\n\n\n<p>Garantir a qualidade e a seguran\u00e7a dos procedimentos de imagens m\u00e9dicas \u00e9 fundamental. Isso inclui aderir aos protocolos de imagem estabelecidos e seguir as diretrizes de seguran\u00e7a contra radia\u00e7\u00e3o. Os t\u00e9cnicos tamb\u00e9m devem manter medidas de controle de infec\u00e7\u00e3o. Al\u00e9m disso, eles precisam verificar a identidade do paciente e as requisi\u00e7\u00f5es de exames. Programas de garantia de qualidade e manuten\u00e7\u00e3o de equipamentos tamb\u00e9m s\u00e3o essenciais. O mesmo acontece com o monitoramento cont\u00ednuo do desempenho da imagem. Essas medidas mant\u00eam resultados de imagem de alta qualidade.<\/p>\n\n\n\n<p>Profissionais de imagens m\u00e9dicas e radiologistas devem ter fortes habilidades de julgamento cl\u00ednico. Eles devem interpretar imagens para fazer diagn\u00f3sticos e decis\u00f5es de tratamento apropriados. Isso requer conhecimento de anatomia, fisiologia, patologia e contexto cl\u00ednico. Eles tamb\u00e9m precisam da capacidade de reconhecer resultados normais e anormais. Depois, devem comunicar-se com outros profissionais de sa\u00fade.<\/p>\n\n\n\n<p>Habilidades eficazes de comunica\u00e7\u00e3o e colabora\u00e7\u00e3o s\u00e3o cruciais no campo da imagem m\u00e9dica. Isso inclui obter hist\u00f3ricos precisos dos pacientes e explicar os procedimentos aos pacientes. Tamb\u00e9m inclui a obten\u00e7\u00e3o do consentimento informado e o fornecimento de instru\u00e7\u00f5es claras durante os exames de imagem. Os t\u00e9cnicos tamb\u00e9m devem saber como documentar suas descobertas. A colabora\u00e7\u00e3o com outros membros da equipe de sa\u00fade \u00e9 essencial para o atendimento coordenado ao paciente. As equipes podem incluir radiologistas, m\u00e9dicos solicitantes e outros profissionais de imagem.<\/p>\n\n\n\n<p>Os profissionais de imagens m\u00e9dicas devem fornecer atendimento compassivo e centrado no paciente. Isso inclui garantir o conforto e a seguran\u00e7a do paciente e abordar as preocupa\u00e7\u00f5es e d\u00favidas do paciente. Tamb\u00e9m inclui fornecer apoio emocional. A educa\u00e7\u00e3o e defesa do paciente tamb\u00e9m s\u00e3o importantes. Eles ajudam os pacientes a compreender o processo e os resultados da imagem.<br>Os profissionais de imagens m\u00e9dicas devem manter elevados padr\u00f5es de profissionalismo e conduta \u00e9tica. Isso inclui manter a confidencialidade do paciente e aderir aos c\u00f3digos de \u00e9tica profissional. Eles tamb\u00e9m devem manter certifica\u00e7\u00f5es e licen\u00e7as profissionais. Al\u00e9m disso, eles precisam se envolver em desenvolvimento profissional cont\u00ednuo. O profissionalismo tamb\u00e9m envolve a colabora\u00e7\u00e3o com os colegas e a demonstra\u00e7\u00e3o de integridade. Esses profissionais tamb\u00e9m devem manter um ambiente de trabalho respeitoso e inclusivo.<\/p>\n\n\n\n<p>Os profissionais de imagens m\u00e9dicas devem ser adapt\u00e1veis e flex\u00edveis para acompanhar as mudan\u00e7as. Eles devem estar abertos para adquirir novas habilidades. Eles tamb\u00e9m devem ser capazes de se adaptar a diferentes modalidades ou configura\u00e7\u00f5es de imagem.<br>Os profissionais de imagens m\u00e9dicas devem administrar seu tempo. Um bom gerenciamento do tempo garante um fluxo de trabalho tranquilo e uma entrega oportuna de servi\u00e7os de imagem. Isso inclui agendar compromissos e priorizar tarefas. Tamb\u00e9m inclui a otimiza\u00e7\u00e3o de protocolos de imagem e o gerenciamento de equipamentos e recursos.<\/p>\n\n\n\n<h2 class=\"wp-block-heading\">Sobre pesquisa de mercado de imagens m\u00e9dicas<\/h2>\n\n\n\n<figure class=\"gb-block-image gb-block-image-7335df7f\"><img loading=\"lazy\" decoding=\"async\" width=\"1456\" height=\"816\" class=\"gb-image gb-image-7335df7f\" src=\"https:\/\/www.sisinternational.com\/wp-content\/uploads\/2025\/08\/Healthcare-11.jpg\" alt=\"Pesquisa e Estrat\u00e9gia de Mercado Internacional da SIS\" title=\"Healthcare (11)\" srcset=\"https:\/\/www.sisinternational.com\/wp-content\/uploads\/2025\/08\/Healthcare-11.jpg 1456w, https:\/\/www.sisinternational.com\/wp-content\/uploads\/2025\/08\/Healthcare-11-300x168.jpg 300w, https:\/\/www.sisinternational.com\/wp-content\/uploads\/2025\/08\/Healthcare-11-1024x574.jpg 1024w, https:\/\/www.sisinternational.com\/wp-content\/uploads\/2025\/08\/Healthcare-11-768x430.jpg 768w, https:\/\/www.sisinternational.com\/wp-content\/uploads\/2025\/08\/Healthcare-11-18x10.jpg 18w\" sizes=\"auto, (max-width: 1456px) 100vw, 1456px\"><\/figure>\n\n\n\n<p>Medical Imaging companies do well when they conduct <a class=\"wpil_keyword_link\" href=\"https:\/\/www.sisinternational.com\/pt\/solucoes\/solucoes-de-pesquisa-quantitativa-qualitativa\/pesquisa-de-mercado-qualitativa\/\"   title=\"Pesquisa qualitativa de mercado\" data-wpil-keyword-link=\"linked\"  data-wpil-monitor-id=\"686\">Pesquisa qualitativa de mercado<\/a>. It gives them a chance to understand what their customers want. Qualitative Research tells them if they are fulfilling the needs of the organizations with which they do business. It thereby reduces customer churn. Thus, they keep the brand-consumer relationship.<\/p>\n\n\n\n<p><a class=\"wpil_keyword_link\" href=\"https:\/\/www.sisinternational.com\/pt\/pericia\/industrias\/pesquisa-quantitativa-de-mercado-2\/\"   title=\"Pesquisa Quantitativa de Mercado\" data-wpil-keyword-link=\"linked\"  data-wpil-monitor-id=\"687\">Pesquisa Quantitativa de Mercado<\/a> is also important for Medical Imaging companies. It allows them to measure and analyze numerical data. This enables them to gain insight into consumer preferences and behavior. They can then use these statistics to make data-driven decisions. These stats also inform marketing strategies. Quantitative Market Research often includes Surveys. A survey can provide a representative sample of a population. It can also reveal trends and patterns. Quantitative Research also allows for the testing of hypotheses. Plus, it enables the identification of cause-and-effect relationships. Thus, it can provide a deeper understanding of consumer behavior.<\/p>\n\n\n\n<p>SIS International provides both Qualitative and Quantitative Market Research. We also offer UX Market Research and Competitive Analysis. We can inform your Go-to-Market Strategy with Focus Groups and Interviews. Let SIS handle your Strategy, Market Entry, Market Opportunity, and <a href=\"https:\/\/www.sisinternational.com\/pt\/pericia\/industrias\/pesquisa-de-mercado-de-macarrao\/\" title=\"Pesquisa de mercado de macarr\u00e3o\"  data-wpil-monitor-id=\"3071\">Pesquisa de dimensionamento de mercado<\/a>. Contact us now to speak to one of our representatives about how we can serve you.<\/p>","protected":false},"excerpt":{"rendered":"<p>A imagem m\u00e9dica \u00e9 uma t\u00e9cnica que os profissionais de sa\u00fade usam para observar o interior do corpo humano para fins diagn\u00f3sticos e terap\u00eauticos.<\/p>","protected":false},"author":1,"featured_media":62432,"parent":11294,"menu_order":299,"comment_status":"closed","ping_status":"closed","template":"","meta":{"footnotes":""},"class_list":["post-42670","page","type-page","status-publish","has-post-thumbnail"],"_links":{"self":[{"href":"https:\/\/www.sisinternational.com\/pt\/wp-json\/wp\/v2\/pages\/42670","targetHints":{"allow":["GET"]}}],"collection":[{"href":"https:\/\/www.sisinternational.com\/pt\/wp-json\/wp\/v2\/pages"}],"about":[{"href":"https:\/\/www.sisinternational.com\/pt\/wp-json\/wp\/v2\/types\/page"}],"author":[{"embeddable":true,"href":"https:\/\/www.sisinternational.com\/pt\/wp-json\/wp\/v2\/users\/1"}],"replies":[{"embeddable":true,"href":"https:\/\/www.sisinternational.com\/pt\/wp-json\/wp\/v2\/comments?post=42670"}],"version-history":[{"count":8,"href":"https:\/\/www.sisinternational.com\/pt\/wp-json\/wp\/v2\/pages\/42670\/revisions"}],"predecessor-version":[{"id":79947,"href":"https:\/\/www.sisinternational.com\/pt\/wp-json\/wp\/v2\/pages\/42670\/revisions\/79947"}],"up":[{"embeddable":true,"href":"https:\/\/www.sisinternational.com\/pt\/wp-json\/wp\/v2\/pages\/11294"}],"wp:featuredmedia":[{"embeddable":true,"href":"https:\/\/www.sisinternational.com\/pt\/wp-json\/wp\/v2\/media\/62432"}],"wp:attachment":[{"href":"https:\/\/www.sisinternational.com\/pt\/wp-json\/wp\/v2\/media?parent=42670"}],"curies":[{"name":"wp","href":"https:\/\/api.w.org\/{rel}","templated":true}]}}