{"id":42655,"date":"2023-05-02T18:07:41","date_gmt":"2023-05-02T22:07:41","guid":{"rendered":"https:\/\/www.sisinternational.com\/?page_id=42655"},"modified":"2026-03-12T13:21:41","modified_gmt":"2026-03-12T17:21:41","slug":"pesquisa-de-mercado-kosher","status":"publish","type":"page","link":"https:\/\/www.sisinternational.com\/pt\/solucoes\/pesquisa-de-mercado-da-industria-de-bebidas-alimenticias\/pesquisa-de-mercado-kosher\/","title":{"rendered":"Pesquisa de mercado Kosher"},"content":{"rendered":"<h1 class=\"wp-block-heading\">Pesquisa de mercado Kosher<\/h1>\n\n\n\n<figure class=\"gb-block-image gb-block-image-f7565345\"><img loading=\"lazy\" decoding=\"async\" width=\"1456\" height=\"816\" class=\"gb-image gb-image-f7565345\" src=\"https:\/\/www.sisinternational.com\/wp-content\/uploads\/2025\/10\/Kosher-1.jpg\" alt=\"Pesquisa e Estrat\u00e9gia de Mercado Internacional da SIS\" title=\"Kosher (1)\" srcset=\"https:\/\/www.sisinternational.com\/wp-content\/uploads\/2025\/10\/Kosher-1.jpg 1456w, https:\/\/www.sisinternational.com\/wp-content\/uploads\/2025\/10\/Kosher-1-300x168.jpg 300w, https:\/\/www.sisinternational.com\/wp-content\/uploads\/2025\/10\/Kosher-1-1024x574.jpg 1024w, https:\/\/www.sisinternational.com\/wp-content\/uploads\/2025\/10\/Kosher-1-768x430.jpg 768w, https:\/\/www.sisinternational.com\/wp-content\/uploads\/2025\/10\/Kosher-1-18x10.jpg 18w\" sizes=\"auto, (max-width: 1456px) 100vw, 1456px\"><\/figure>\n\n\n\n<p><\/p>\n\n\n\n<hr class=\"wp-block-separator has-alpha-channel-opacity is-style-dots\"\/>\n\n\n\n<p>O povo judeu pratica uma dieta Kosher que cumpre a estrita lei diet\u00e9tica da lei judaica tradicional. A maioria dos judeus pratica a dieta n\u00e3o principalmente por raz\u00f5es de sa\u00fade, mas como ades\u00e3o \u00e0s suas tradi\u00e7\u00f5es religiosas. Por\u00e9m, mesmo os n\u00e3o-judeus consomem muitos produtos Kosher, diversificando o p\u00fablico desses itens.<\/p>\n\n\n\n<p>Pessoas em todo o mundo exercem dietas diferentes, dependendo de v\u00e1rios fatores. Um fator significativo que influencia a prefer\u00eancia alimentar \u00e9 a cultura e os costumes.<\/p>\n\n\n\n<p>A ind\u00fastria alimentar tem sabido adaptar-se a este fator, utilizando-o at\u00e9 para destacar e diferenciar os seus produtos dos demais. A capitaliza\u00e7\u00e3o destes produtos consum\u00edveis permite que as empresas continuem a prosperar e a expandir as suas ofertas.<\/p>\n\n\n\n<p><\/p>\n\n\n\n<div class=\"wp-block-columns has-global-color-9-color has-text-color has-background has-link-color wp-elements-060067c4a1522f47acb9643260b5a53f is-layout-flex wp-container-core-columns-is-layout-9d6595d7 wp-block-columns-is-layout-flex\" style=\"background-color:#f7f9fa6e\">\n<div class=\"wp-block-column is-layout-flow wp-block-column-is-layout-flow\" style=\"flex-basis:18%\"><\/div>\n\n\n\n<div class=\"wp-block-column is-vertically-aligned-center is-layout-flow wp-block-column-is-layout-flow\" style=\"flex-basis:71.28%\">\n<div class=\"wp-block-rank-math-toc-block aligncenter has-global-color-9-color has-text-color has-link-color wp-elements-c66aac9b46ab180d649eef52155cc666\" style=\"font-size:16px\" id=\"rank-math-toc\"><h2><br><strong>T<\/strong>able of Contents<\/h2><nav><ul><li class=\"\"><a href=\"#what-is-kosher\">O que \u00e9 Kosher?<\/a><\/li><li class=\"\"><a href=\"#trends-and-opportunities-in-kosher-food\">Tend\u00eancias e oportunidades na alimenta\u00e7\u00e3o Kosher<\/a><\/li><li class=\"\"><a href=\"#key-countries\">Principais pa\u00edses<\/a><\/li><li class=\"\"><a href=\"#challenges-in-kosher-market-research\">Desafios na pesquisa de mercado Kosher<\/a><\/li><\/ul><\/nav><\/div>\n<\/div>\n<\/div>\n\n\n\n<p><\/p>\n\n\n\n<h2 class=\"wp-block-heading\" id=\"what-is-kosher\">O que \u00e9 Kosher?<\/h2>\n\n\n\n<p>Kosher \u00e9 derivado da palavra hebraica kash\u00e9r, que significa ser puro para consumo. Refere-se a uma dieta baseada nas leis tradicionais judaicas, praticada principalmente por judeus. No entanto, nem todos os judeus aderem estritamente a estas regras. A maioria deles pratica isso com base em seus crit\u00e9rios e prefer\u00eancias.<\/p>\n\n\n\n<p>Para que um alimento seja considerado Kosher, ele deve atender a requisitos espec\u00edficos. As regras tamb\u00e9m fornecem uma estrutura r\u00edgida que fornece os alimentos permitidos e proibidos e o procedimento sobre como process\u00e1-los, produzi-los e prepar\u00e1-los antes do consumo.<\/p>\n\n\n\n<p>As regras tamb\u00e9m prev\u00eaem combina\u00e7\u00f5es proibidas, especialmente carne com qualquer produto l\u00e1cteo. Prev\u00ea ainda que se deve esperar um certo n\u00famero de horas antes de ingerir latic\u00ednios ap\u00f3s o consumo de carne. Essa proibi\u00e7\u00e3o de misturar os dois vale tamb\u00e9m para os utens\u00edlios utilizados no preparo de carnes e latic\u00ednios.<\/p>\n\n\n\n<p>Os alimentos \u00e0 base de plantas tamb\u00e9m t\u00eam diretrizes a seguir. A maioria das instru\u00e7\u00f5es para manter os alimentos kosher s\u00e3o a sua prepara\u00e7\u00e3o e processamento. Quanto \u00e0s bebidas, como o vinho, para serem consideradas kosher, suas mat\u00e9rias-primas devem ser kosher.<\/p>\n\n\n\n<h2 class=\"wp-block-heading\" id=\"trends-and-opportunities-in-kosher-food\">Tend\u00eancias e oportunidades na alimenta\u00e7\u00e3o Kosher<\/h2>\n\n\n\n<figure class=\"gb-block-image gb-block-image-70e69b13\"><img loading=\"lazy\" decoding=\"async\" width=\"1456\" height=\"816\" class=\"gb-image gb-image-70e69b13\" src=\"https:\/\/www.sisinternational.com\/wp-content\/uploads\/2025\/10\/Kosher-3.jpg\" alt=\"Pesquisa e Estrat\u00e9gia de Mercado Internacional da SIS\" title=\"Kosher (3)\" srcset=\"https:\/\/www.sisinternational.com\/wp-content\/uploads\/2025\/10\/Kosher-3.jpg 1456w, https:\/\/www.sisinternational.com\/wp-content\/uploads\/2025\/10\/Kosher-3-300x168.jpg 300w, https:\/\/www.sisinternational.com\/wp-content\/uploads\/2025\/10\/Kosher-3-1024x574.jpg 1024w, https:\/\/www.sisinternational.com\/wp-content\/uploads\/2025\/10\/Kosher-3-768x430.jpg 768w, https:\/\/www.sisinternational.com\/wp-content\/uploads\/2025\/10\/Kosher-3-18x10.jpg 18w\" sizes=\"auto, (max-width: 1456px) 100vw, 1456px\"><\/figure>\n\n\n\n<p><\/p>\n\n\n\n<h3 class=\"wp-block-heading\">Aqui est\u00e3o tend\u00eancias e oportunidades a serem observadas:<\/h3>\n\n\n\n<ul class=\"wp-block-list\">\n<li><strong>Demanda crescente por alimentos Kosher:<\/strong> \u00c0 medida que os judeus migram para diferentes pa\u00edses, a sua procura por alimentos e bebidas Kosher tamb\u00e9m ganha destaque. Tamb\u00e9m ajuda o fato de os alimentos Kosher serem vistos como puros e limpos, em compara\u00e7\u00e3o com os alimentos altamente processados do mercado. Devido \u00e0 natureza do seu processo e prepara\u00e7\u00e3o, o mercado Kosher tamb\u00e9m atrai indiv\u00edduos preocupados com a sa\u00fade e consumidores vegetarianos. Pessoas que tamb\u00e9m sofrem de intoler\u00e2ncia \u00e0 lactose e doen\u00e7a cel\u00edaca t\u00eam se tornado um alvo demogr\u00e1fico para empresas que oferecem alimentos Kosher. Muitos distribuidores de alimentos Kosher tamb\u00e9m vendem refei\u00e7\u00f5es sem gl\u00faten.<\/li>\n\n\n\n<li><strong>Visando a ind\u00fastria de fitness:<\/strong> A comida Kosher come\u00e7ou a atender ao p\u00fablico fitness. Serve como uma op\u00e7\u00e3o melhor, principalmente para fisiculturistas que desejam uma op\u00e7\u00e3o saud\u00e1vel. Kosher tem sido considerado um alimento limpo, criando um apelo para o p\u00fablico do fitness.<\/li>\n\n\n\n<li><strong>Kosherfest nos Estados Unidos:<\/strong> \u00c0 medida que a comida Kosher come\u00e7ou a se tornar um alimento b\u00e1sico nos Estados Unidos com o aumento da popula\u00e7\u00e3o judaica e dos consumidores preocupados com a sa\u00fade, o Kosherfest foi introduzido. Kosherfest \u00e9 uma competi\u00e7\u00e3o para os participantes competirem para se tornarem um dos principais fornecedores de alimentos kosher. \u00c9 julgado por especialistas do setor, especialistas em culin\u00e1ria, m\u00eddia e compradores comuns selecionados.<\/li>\n\n\n\n<li><strong>Alimenta\u00e7\u00e3o e sa\u00fade Kosher:<\/strong> Como muitos n\u00e3o-judeus demonstram interesse na comida Kosher, muitas empresas come\u00e7aram a desenvolver novas receitas e alimentos que atendam ao seu gosto, mantendo a qualidade dos alimentos. Muitos se aventuraram a explorar o segmento vegetariano. Serve como uma vantagem para os distribuidores Kosher existentes devido \u00e0 natureza de seus alimentos limpos.<\/li>\n\n\n\n<li><strong>Alimentos Kosher para acompanhar a demanda no Oriente M\u00e9dio:<\/strong> O Oriente M\u00e9dio tem experimentado um r\u00e1pido crescimento no fast food. \u00c9 atribu\u00eddo ao aumento da renda por fam\u00edlia. Tem havido uma abund\u00e2ncia de aberturas de novas cadeias nestes pa\u00edses do M\u00e9dio Oriente. Devido \u00e0 cren\u00e7a religiosa, a carne Kosher tem sido altamente desej\u00e1vel para atender \u00e0 crescente demanda. Os salgadinhos Kosher tamb\u00e9m tiveram crescimento, respondendo por 48,4% do mercado global.<\/li>\n\n\n\n<li><strong>Mais f\u00e1cil de encontrar alimentos e bebidas Kosher:<\/strong> Muitos sites online agora oferecem uma lista de alimentos e bebidas Kosher dispon\u00edveis no mercado. Torna mais f\u00e1cil para um comprador consciente verificar se a marca que est\u00e1 comprando \u00e9 Kosher. Ele tamb\u00e9m fornece informa\u00e7\u00f5es detalhadas sobre os produtos.<\/li>\n<\/ul>\n\n\n\n<h2 class=\"wp-block-heading\" id=\"key-countries\">Principais pa\u00edses<\/h2>\n\n\n\n<figure class=\"gb-block-image gb-block-image-f2efc586\"><img loading=\"lazy\" decoding=\"async\" width=\"1456\" height=\"816\" class=\"gb-image gb-image-f2efc586\" src=\"https:\/\/www.sisinternational.com\/wp-content\/uploads\/2025\/10\/Kosher-2.jpg\" alt=\"Pesquisa e Estrat\u00e9gia de Mercado Internacional da SIS\" title=\"Kosher (2)\" srcset=\"https:\/\/www.sisinternational.com\/wp-content\/uploads\/2025\/10\/Kosher-2.jpg 1456w, https:\/\/www.sisinternational.com\/wp-content\/uploads\/2025\/10\/Kosher-2-300x168.jpg 300w, https:\/\/www.sisinternational.com\/wp-content\/uploads\/2025\/10\/Kosher-2-1024x574.jpg 1024w, https:\/\/www.sisinternational.com\/wp-content\/uploads\/2025\/10\/Kosher-2-768x430.jpg 768w, https:\/\/www.sisinternational.com\/wp-content\/uploads\/2025\/10\/Kosher-2-18x10.jpg 18w\" sizes=\"auto, (max-width: 1456px) 100vw, 1456px\"><\/figure>\n\n\n\n<p><\/p>\n\n\n\n<p>Kosher food distribution is only possible with the help of each business from production to distribution. There are at least 6,000 Kosher food and beverages for sale to end users. Many European countries serve as key players in producing and distributing Kosher. Some of these countries are the United Kingdom, Germany, <a class=\"wpil_keyword_link\" href=\"https:\/\/www.sisinternational.com\/pt\/cobertura\/europa\/pesquisa-de-mercado-na-noruega\/\"   title=\"Pesquisa de mercado na Noruega\" data-wpil-keyword-link=\"linked\"  data-wpil-monitor-id=\"689\">Norway<\/a>, France, and Moldova.<\/p>\n\n\n\n<p>Israel \u00e9 um pa\u00eds importante no que diz respeito \u00e0 alimenta\u00e7\u00e3o Kosher. Eles s\u00e3o os principais produtores e consumidores de produtos relacionados ao kosher. Isto resulta em produtos Kosher assumindo 80% dos $20 bilh\u00f5es da ind\u00fastria aliment\u00edcia de Israel.<\/p>\n\n\n\n<p>Os Emirados \u00c1rabes Unidos iniciaram o influxo de alimentos Kosher em seu territ\u00f3rio \u00e0 medida que turistas judeus come\u00e7aram a visitar o pa\u00eds. O acordo bilateral de paz entre Israel e os Emirados \u00c1rabes Unidos incentivou a abertura tur\u00edstica.<\/p>\n\n\n\n<p><\/p>\n\n\n\n<!DOCTYPE html>\n<html lang=\"en\">\n<head>\n    <meta charset=\"UTF-8\">\n    <meta name=\"viewport\" content=\"width=device-width, initial-scale=1.0\">\n    <title>AI Blog Banner<\/title>\n    <style>\n        * {\n            margin: 0;\n            padding: 0;\n            box-sizing: border-box;\n        }\n\n        .banner {\n            position: relative;\n            width: 100%;\n            height: 350px;\n            overflow: hidden;\n            display: flex;\n            align-items: center;\n            justify-content: center;\n            font-family: 'Arial', sans-serif;\n            border-radius: 25px;\n        }\n\n        .animated-background {\n            position: absolute;\n            top: 0;\n            left: 0;\n            width: 100%;\n            height: 100%;\n            background: linear-gradient(45deg, #003f6b, #2d5a7b, #003f6b, #2d5a7b);\n            background-size: 400% 400%;\n            animation: gradientMove 8s ease-in-out infinite;\n        }\n\n        .ai-pattern {\n            position: absolute;\n            top: 0;\n            left: 0;\n            width: 100%;\n            height: 100%;\n            opacity: 0.1;\n            background-image: \n                radial-gradient(circle at 20% 20%, rgba(255,255,255,0.3) 2px, transparent 2px),\n                radial-gradient(circle at 80% 80%, rgba(255,255,255,0.2) 1px, transparent 1px),\n                radial-gradient(circle at 40% 60%, rgba(255,255,255,0.15) 1.5px, transparent 1.5px),\n                radial-gradient(circle at 60% 20%, rgba(255,255,255,0.25) 1px, transparent 1px),\n                radial-gradient(circle at 80% 40%, rgba(255,255,255,0.2) 2px, transparent 2px);\n            background-size: 100px 100px, 150px 150px, 80px 80px, 120px 120px, 90px 90px;\n            animation: patternFloat 12s linear infinite;\n        }\n\n        .neural-network {\n            position: absolute;\n            top: 0;\n            left: 0;\n            width: 100%;\n            height: 100%;\n            opacity: 0.08;\n        }\n\n        .neural-line {\n            position: absolute;\n            height: 1px;\n            background: linear-gradient(90deg, transparent, rgba(255,255,255,0.5), transparent);\n            animation: neuralPulse 6s ease-in-out infinite;\n        }\n\n        .neural-line:nth-child(1) {\n            top: 30%;\n            left: 0;\n            width: 60%;\n            animation-delay: 0s;\n        }\n\n        .neural-line:nth-child(2) {\n            top: 50%;\n            right: 0;\n            width: 70%;\n            animation-delay: 2s;\n        }\n\n        .neural-line:nth-child(3) {\n            top: 70%;\n            left: 20%;\n            width: 50%;\n            animation-delay: 4s;\n        }\n\n        .content {\n            position: relative;\n            z-index: 10;\n            text-align: center;\n            color: white !important;\n            max-width: 800px;\n            padding: 30px;\n        }\n\n        .content * {\n            color: white !important;\n        }\n\n        .cta-text {\n            font-size: 1.9rem;\n            font-weight: 700;\n            margin-bottom: 15px;\n            color: white !important;\n            background: linear-gradient(90deg, rgba(255,255,255,0.6), rgba(255,255,255,1), rgba(230,230,230,1), rgba(255,255,255,1), rgba(240,240,240,0.8), rgba(255,255,255,0.6));\n            background-size: 200% 100%;\n            -webkit-background-clip: text;\n            -webkit-text-fill-color: transparent;\n            background-clip: text;\n            animation: shineEffect 10s ease-in-out infinite;\n            line-height: 1.3;\n        }\n\n        .cta-subheading {\n            font-size: 1rem;\n            font-weight: 400;\n            margin-bottom: 25px;\n            color: white !important;\n            line-height: 1.6;\n            opacity: 0.95;\n        }\n\n        .cta-button {\n            background: linear-gradient(135deg, #8a6b0f, #bd9013, #d4a519);\n            border: 2px solid #8a6b0f;\n            color: white !important;\n            padding: 18px 40px;\n            font-size: 1.2rem;\n            font-weight: 600;\n            border-radius: 50px;\n            cursor: pointer;\n            transition: all 0.3s ease;\n            text-decoration: none;\n            display: inline-block;\n            position: relative;\n            overflow: hidden;\n        }\n\n        .cta-button::before {\n            content: '';\n            position: absolute;\n            top: 0;\n            left: -100%;\n            width: 100%;\n            height: 100%;\n            background: linear-gradient(90deg, \n                transparent 0%, \n                rgba(255, 255, 255, 0.3) 25%,\n                rgba(255, 255, 255, 0.6) 50%,\n                rgba(255, 255, 255, 0.3) 75%,\n                transparent 100%);\n            animation: shine 3s ease-in-out infinite;\n        }\n\n        .cta-button:hover {\n            transform: translateY(-3px);\n            box-shadow: 0 10px 25px rgba(0,0,0,0.2);\n            border-color: #bd9013;\n            background: linear-gradient(135deg, #bd9013, #d4a519, #e6b61f);\n        }\n\n        .floating-elements {\n            position: absolute;\n            top: 0;\n            left: 0;\n            width: 100%;\n            height: 100%;\n            pointer-events: none;\n        }\n\n        .floating-circle {\n            position: absolute;\n            border-radius: 50%;\n            background: rgba(255,255,255,0.1);\n            animation: float 8s ease-in-out infinite;\n        }\n\n        .floating-circle:nth-child(1) {\n            width: 80px;\n            height: 80px;\n            top: 20%;\n            left: 10%;\n            animation-delay: 0s;\n        }\n\n        .floating-circle:nth-child(2) {\n            width: 60px;\n            height: 60px;\n            top: 60%;\n            right: 15%;\n            animation-delay: 3s;\n        }\n\n        .floating-circle:nth-child(3) {\n            width: 40px;\n            height: 40px;\n            top: 80%;\n            left: 80%;\n            animation-delay: 6s;\n        }\n\n        .floating-circle:nth-child(4) {\n            width: 70px;\n            height: 70px;\n            top: 10%;\n            right: 20%;\n            animation-delay: 1.5s;\n        }\n\n        .floating-circle:nth-child(5) {\n            width: 50px;\n            height: 50px;\n            top: 75%;\n            left: 30%;\n            animation-delay: 4.5s;\n        }\n\n        @keyframes gradientMove {\n            0% { background-position: 0% 50%; }\n            25% { background-position: 100% 50%; }\n            50% { background-position: 100% 100%; }\n            75% { background-position: 0% 100%; }\n            100% { background-position: 0% 50%; }\n        }\n\n        @keyframes patternFloat {\n            0% { transform: translateX(0) translateY(0); }\n            33% { transform: translateX(30px) translateY(-20px); }\n            66% { transform: translateX(-20px) translateY(10px); }\n            100% { transform: translateX(0) translateY(0); }\n        }\n\n        @keyframes neuralPulse {\n            0%, 100% { opacity: 0.08; }\n            50% { opacity: 0.2; }\n        }\n\n        @keyframes shineEffect {\n            0% { background-position: 200% 0; }\n            100% { background-position: -200% 0; }\n        }\n\n        @keyframes shine {\n            0% {\n                left: -100%;\n            }\n            20%, 100% {\n                left: 100%;\n            }\n        }\n\n        @keyframes float {\n            0%, 100% { transform: translateY(0px) rotate(0deg); }\n            33% { transform: translateY(-30px) rotate(120deg); }\n            66% { transform: translateY(15px) rotate(240deg); }\n        }\n\n        @media (max-width: 768px) {\n            .banner {\n                height: 320px;\n                padding: 30px 0;\n            }\n            \n            .content {\n                padding: 40px 20px;\n            }\n            \n            .cta-text {\n                font-size: 1.3rem;\n                margin-bottom: 12px;\n            }\n            \n            .cta-subheading {\n                font-size: 0.85rem;\n                margin-bottom: 20px;\n            }\n            \n            .cta-button {\n                padding: 14px 28px;\n                font-size: 0.95rem;\n            }\n        }\n    <\/style>\n<\/head>\n<body>\n    <div class=\"banner\">\n        <div class=\"animated-background\"><\/div>\n        \n        <div class=\"ai-pattern\"><\/div>\n        \n        <div class=\"neural-network\">\n            <div class=\"neural-line\"><\/div>\n            <div class=\"neural-line\"><\/div>\n            <div class=\"neural-line\"><\/div>\n        <\/div>\n        \n        <div class=\"floating-elements\">\n            <div class=\"floating-circle\"><\/div>\n            <div class=\"floating-circle\"><\/div>\n            <div class=\"floating-circle\"><\/div>\n            <div class=\"floating-circle\"><\/div>\n            <div class=\"floating-circle\"><\/div>\n        <\/div>\n        \n        <div class=\"content\">\n            <div class=\"cta-text\">Ready to explore the insights that drive smarter decisions?<\/div>\n            <div class=\"cta-subheading\">Contact our Research experts today.<\/div>\n            <a href=\"mailto:Research@sisinternational.com\" class=\"cta-button\">Contact us now!<\/a>\n        <\/div>\n    <\/div>\n<\/body>\n<\/html>\n\n\n\n<p><\/p>\n\n\n\n<h2 class=\"wp-block-heading\" id=\"challenges-in-kosher-market-research\">Desafios na pesquisa de mercado Kosher<\/h2>\n\n\n\n<p>Os pa\u00edses europeus t\u00eam sido mais do que flex\u00edveis na produ\u00e7\u00e3o, prepara\u00e7\u00e3o e distribui\u00e7\u00e3o de produtos Kosher. Influenciou muitos investidores a continuar investindo nesses empreendimentos com suas avalia\u00e7\u00f5es e retornos elogiosos.<\/p>\n\n\n\n<p>No entanto, os pa\u00edses europeus colocaram um limite \u00e0 produ\u00e7\u00e3o de alimentos Kosher. Kosher, incluindo Halal, a produ\u00e7\u00e3o de carne \u00e9 estritamente proibida no continente. O abate ritual iniciou uma discuss\u00e3o na Europa ap\u00f3s a diretiva de 1998 intitulada Conven\u00e7\u00e3o Europeia para a Prote\u00e7\u00e3o de Animais para Abate. Tornou-se um problema devido a preocupa\u00e7\u00f5es com o bem-estar animal que s\u00e3o consideradas s\u00e9rias.<\/p>\n\n\n\n<p>Os investidores em carne Kosher podem enfrentar graves consequ\u00eancias financeiras se n\u00e3o forem remediadas imediatamente. Uma das melhores formas de recupera\u00e7\u00e3o \u00e9 redirecionar o fornecimento de carne Kosher para outros condados. No entanto, isso tamb\u00e9m significa custos adicionais de log\u00edstica e distribui\u00e7\u00e3o.<\/p>\n\n\n\n<p>Another point for investors to look at with <a href=\"https:\/\/www.sisinternational.com\/pt\/pericia\/industrias\/pesquisa-de-mercado-no-ponto-de-venda\/\" title=\"Pesquisa de mercado de ponto de venda\"  data-wpil-monitor-id=\"4919\">Pesquisa de mercado Kosher<\/a> is the increasing competition, especially in the United States. Some companies, like Manischewitz Company and Welch, entered into partnerships to introduce new Kosher product lines. Others, like Cargill Inc., expanded their operation by opening a new farm to produce and distribute Kosher meat and fill the growing demand.<\/p>\n\n\n<h2>Localiza\u00e7\u00e3o de nossas instala\u00e7\u00f5es em Nova York<\/h2>\n<p><!-- \/wp:post-content --> <!-- wp:html --> <iframe loading=\"lazy\" src=\"https:\/\/www.google.com\/maps\/embed?pb=!1m18!1m12!1m3!1d3022.976188376966!2d-73.99130312499956!3d40.740549471389315!2m3!1f0!2f0!3f0!3m2!1i1024!2i768!4f13.1!3m3!1m2!1s0x89c259a15798c731%3A0xd695d09bdd495f25!2s11%20E%2022nd%20St%20FL%202%2C%20New%20York%2C%20NY%2010010%2C%20USA!5e0!3m2!1sen!2spe!4v1726171763526!5m2!1sen!2spe\" width=\"600\" height=\"450\" allowfullscreen=\"allowfullscreen\" data-mce-fragment=\"1\"><\/iframe> <!-- \/wp:html --> <!-- wp:paragraph --><\/p>\n<h3 class=\"wp-block-heading\">11 E 22nd Street, andar 2, Nova York, NY 10010 T: +1(212) 505-6805<\/h3>\n<hr \/>\n<h2><span style=\"font-weight: 400;\">Sobre SIS Internacional<\/span><\/h2>\n<p><a href=\"https:\/\/www.sisinternational.com\/pt\/\"><span style=\"font-weight: 400;\">SIS Internacional<\/span><\/a><span style=\"font-weight: 400;\"> oferece pesquisa quantitativa, qualitativa e estrat\u00e9gica. Fornecemos dados, ferramentas, estrat\u00e9gias, relat\u00f3rios e insights para a tomada de decis\u00f5es. Tamb\u00e9m realizamos entrevistas, pesquisas, grupos focais e outros m\u00e9todos e abordagens de Pesquisa de Mercado.<\/span><a href=\"https:\/\/www.sisinternational.com\/pt\/sobre-a-sis-international-research\/contact-sis-international-market-research\/\"><span style=\"font-weight: 400;\"> Entre em contato conosco<\/span><\/a><span style=\"font-weight: 400;\"> para o seu pr\u00f3ximo projeto de pesquisa de mercado.<\/span><\/p>","protected":false},"excerpt":{"rendered":"<p>\u201cKosher\u201d (da palavra hebraica \u201ckash\u00e9r\u201d que significa \u201cpuro para consumo\u201d), refere-se \u00e0s leis diet\u00e9ticas judaicas seguidas pela comunidade judaica.<\/p>","protected":false},"author":1,"featured_media":71321,"parent":22018,"menu_order":297,"comment_status":"closed","ping_status":"closed","template":"","meta":{"footnotes":""},"class_list":["post-42655","page","type-page","status-publish","has-post-thumbnail"],"_links":{"self":[{"href":"https:\/\/www.sisinternational.com\/pt\/wp-json\/wp\/v2\/pages\/42655","targetHints":{"allow":["GET"]}}],"collection":[{"href":"https:\/\/www.sisinternational.com\/pt\/wp-json\/wp\/v2\/pages"}],"about":[{"href":"https:\/\/www.sisinternational.com\/pt\/wp-json\/wp\/v2\/types\/page"}],"author":[{"embeddable":true,"href":"https:\/\/www.sisinternational.com\/pt\/wp-json\/wp\/v2\/users\/1"}],"replies":[{"embeddable":true,"href":"https:\/\/www.sisinternational.com\/pt\/wp-json\/wp\/v2\/comments?post=42655"}],"version-history":[{"count":7,"href":"https:\/\/www.sisinternational.com\/pt\/wp-json\/wp\/v2\/pages\/42655\/revisions"}],"predecessor-version":[{"id":78850,"href":"https:\/\/www.sisinternational.com\/pt\/wp-json\/wp\/v2\/pages\/42655\/revisions\/78850"}],"up":[{"embeddable":true,"href":"https:\/\/www.sisinternational.com\/pt\/wp-json\/wp\/v2\/pages\/22018"}],"wp:featuredmedia":[{"embeddable":true,"href":"https:\/\/www.sisinternational.com\/pt\/wp-json\/wp\/v2\/media\/71321"}],"wp:attachment":[{"href":"https:\/\/www.sisinternational.com\/pt\/wp-json\/wp\/v2\/media?parent=42655"}],"curies":[{"name":"wp","href":"https:\/\/api.w.org\/{rel}","templated":true}]}}