{"id":42646,"date":"2023-05-02T15:13:24","date_gmt":"2023-05-02T19:13:24","guid":{"rendered":"https:\/\/www.sisinternational.com\/?page_id=42646"},"modified":"2026-03-12T12:36:37","modified_gmt":"2026-03-12T16:36:37","slug":"pesquisa-de-mercado-de-ti-na-area-da-saude","status":"publish","type":"page","link":"https:\/\/www.sisinternational.com\/pt\/solucoes\/pesquisa-de-mercado-de-saude\/pesquisa-de-mercado-de-ti-na-area-da-saude\/","title":{"rendered":"Pesquisa de mercado de TI em sa\u00fade"},"content":{"rendered":"<h1 class=\"wp-block-heading\">Pesquisa de mercado de TI em sa\u00fade<\/h1>\n\n\n\n<figure class=\"gb-block-image gb-block-image-a9fa4426\"><img loading=\"lazy\" decoding=\"async\" width=\"1456\" height=\"816\" class=\"gb-image gb-image-a9fa4426\" src=\"https:\/\/www.sisinternational.com\/wp-content\/uploads\/2025\/08\/Healthcare-16.jpg\" alt=\"Pesquisa e Estrat\u00e9gia de Mercado Internacional da SIS\" title=\"Healthcare (16)\" srcset=\"https:\/\/www.sisinternational.com\/wp-content\/uploads\/2025\/08\/Healthcare-16.jpg 1456w, https:\/\/www.sisinternational.com\/wp-content\/uploads\/2025\/08\/Healthcare-16-300x168.jpg 300w, https:\/\/www.sisinternational.com\/wp-content\/uploads\/2025\/08\/Healthcare-16-1024x574.jpg 1024w, https:\/\/www.sisinternational.com\/wp-content\/uploads\/2025\/08\/Healthcare-16-768x430.jpg 768w, https:\/\/www.sisinternational.com\/wp-content\/uploads\/2025\/08\/Healthcare-16-18x10.jpg 18w\" sizes=\"auto, (max-width: 1456px) 100vw, 1456px\"><\/figure>\n\n\n\n<p><\/p>\n\n\n\n<p>Healthcare IT usa tecnologia, software e outras solu\u00e7\u00f5es para gerenciar dados de sa\u00fade. Ele melhora o atendimento e os resultados do paciente e agiliza as opera\u00e7\u00f5es de sa\u00fade. Tamb\u00e9m melhora a experi\u00eancia de cuidados de sa\u00fade para pacientes, prestadores e outras partes interessadas.<\/p>\n\n\n\n<p>Outra grande vantagem da TI em sa\u00fade \u00e9 que ela cobre uma ampla gama de aplicativos e sistemas. Por exemplo, inclui registros eletr\u00f4nicos de sa\u00fade (EHRs) e telemedicina. Tamb\u00e9m envolve troca de informa\u00e7\u00f5es de sa\u00fade (HIE) e sistemas de imagens m\u00e9dicas. Os sistemas de apoio \u00e0 decis\u00e3o cl\u00ednica (CDSS) tamb\u00e9m se enquadram na TI de sa\u00fade. O mesmo acontece com os portais de pacientes.<\/p>\n\n\n\n<p>O uso da TI em sa\u00fade tornou-se essencial nos \u00faltimos anos. Por um lado, \u00e9 \u00fatil \u00e0 medida que as organiza\u00e7\u00f5es de sa\u00fade se esfor\u00e7am para melhorar o atendimento aos pacientes. Tamb\u00e9m ajuda essas organiza\u00e7\u00f5es a reduzir custos e atender aos requisitos regulat\u00f3rios. Com a ajuda da tecnologia, os provedores podem coletar, armazenar e analisar dados dos pacientes. Isso leva a melhores diagn\u00f3sticos, tratamento e resultados para os pacientes.<\/p>\n\n\n\n<h2 class=\"wp-block-heading\">Por que a TI na \u00e1rea da sa\u00fade \u00e9 importante?<\/h2>\n\n\n\n<p>A TI em sa\u00fade \u00e9 essencial por v\u00e1rios motivos. Por um lado, melhora o atendimento e os resultados do paciente. EHRs, CDSS e telemedicina podem melhorar ainda mais a precis\u00e3o e a oportunidade dos diagn\u00f3sticos. Eles permitem um tratamento mais r\u00e1pido e eficaz e levam a melhores resultados para os pacientes. Eles tamb\u00e9m ajudam os prestadores de servi\u00e7os de sa\u00fade a oferecer atendimento melhor e mais personalizado aos pacientes.<\/p>\n\n\n\n<p>Os sistemas de TI de sa\u00fade permitem comunica\u00e7\u00e3o e coordena\u00e7\u00e3o perfeitas entre os provedores. Os envolvidos no cuidado de um paciente podem acessar as mesmas informa\u00e7\u00f5es. Assim, eles podem trabalhar juntos para prestar o melhor atendimento poss\u00edvel.<\/p>\n\n\n\n<p>As solu\u00e7\u00f5es de TI para sa\u00fade podem automatizar muitas tarefas administrativas. Por exemplo, eles podem agendar consultas e gerenciar registros de pacientes. Al\u00e9m disso, permitem que os prestadores de cuidados de sa\u00fade concentrem mais tempo e recursos no atendimento ao paciente.<\/p>\n\n\n\n<p>Os sistemas de TI de sa\u00fade podem ajudar a reduzir o risco de erros m\u00e9dicos. Eles fornecem informa\u00e7\u00f5es precisas e atualizadas sobre o hist\u00f3rico m\u00e9dico de um paciente. Eles tamb\u00e9m informam os prestadores sobre o uso de medicamentos pelo paciente. Assim, os prestadores conhecer\u00e3o os factores cr\u00edticos que afectam o cuidado dos seus pacientes. A maior efici\u00eancia e a redu\u00e7\u00e3o do risco de erros m\u00e9dicos t\u00eam outro benef\u00edcio. Eles ajudam as organiza\u00e7\u00f5es de sa\u00fade a reduzir custos e melhorar seus resultados financeiros.<\/p>\n\n\n\n<p>Healthcare organizations must follow many regulations, including HIPAA. These regulations mandate the secure handling of patient data. <a href=\"https:\/\/www.sisinternational.com\/pt\/saude-de-seguranca-cibernetica\/\" title=\"Pesquisa de mercado de seguran\u00e7a cibern\u00e9tica em sa\u00fade\"  data-wpil-monitor-id=\"7262\">Healthcare IT solutions ensure the security<\/a> and privacy of patient data. Thus, they can help healthcare organizations meet regulatory requirements.<\/p>\n\n\n\n<h2 class=\"wp-block-heading\">Principais cargos<\/h2>\n\n\n\n<figure class=\"gb-block-image gb-block-image-d33cd57e\"><img loading=\"lazy\" decoding=\"async\" width=\"1456\" height=\"816\" class=\"gb-image gb-image-d33cd57e\" src=\"https:\/\/www.sisinternational.com\/wp-content\/uploads\/2025\/08\/Healthcare-14.jpg\" alt=\"Pesquisa e Estrat\u00e9gia de Mercado Internacional da SIS\" title=\"Healthcare (14)\" srcset=\"https:\/\/www.sisinternational.com\/wp-content\/uploads\/2025\/08\/Healthcare-14.jpg 1456w, https:\/\/www.sisinternational.com\/wp-content\/uploads\/2025\/08\/Healthcare-14-300x168.jpg 300w, https:\/\/www.sisinternational.com\/wp-content\/uploads\/2025\/08\/Healthcare-14-1024x574.jpg 1024w, https:\/\/www.sisinternational.com\/wp-content\/uploads\/2025\/08\/Healthcare-14-768x430.jpg 768w, https:\/\/www.sisinternational.com\/wp-content\/uploads\/2025\/08\/Healthcare-14-18x10.jpg 18w\" sizes=\"auto, (max-width: 1456px) 100vw, 1456px\"><\/figure>\n\n\n\n<p><\/p>\n\n\n\n<h3 class=\"wp-block-heading\">A \u00e1rea de TI em sa\u00fade tem muitos cargos. Esses cargos variam de fun\u00e7\u00f5es t\u00e9cnicas a cargos de gest\u00e3o e lideran\u00e7a. Aqui est\u00e3o alguns cargos importantes:<\/h3>\n\n\n\n<ul class=\"wp-block-list\">\n<li><strong>Analista de TI em sa\u00fade:<\/strong> Respons\u00e1vel por analisar e usar dados de sa\u00fade para melhorar processos e resultados.<\/li>\n\n\n\n<li><strong>Especialista em Inform\u00e1tica Cl\u00ednica:<\/strong>\u00a0Este especialista ajuda os prestadores de cuidados de sa\u00fade a implementar sistemas de informa\u00e7\u00e3o cl\u00ednica. Eles tamb\u00e9m analisam esses sistemas. Exemplos desses sistemas s\u00e3o EHRs e CDSS.<\/li>\n\n\n\n<li><strong>Gerente de Projetos de TI em Sa\u00fade:<\/strong>\u00a0Supervisiona o planejamento, implementa\u00e7\u00e3o e avalia\u00e7\u00e3o de projetos de TI em sa\u00fade. Eles tamb\u00e9m garantem que sua equipe conclua os projetos dentro do prazo e do or\u00e7amento.<\/li>\n\n\n\n<li><strong>Diretor de Informa\u00e7\u00f5es (CIO):<\/strong> Respons\u00e1vel pela estrat\u00e9gia e opera\u00e7\u00f5es de TI de uma organiza\u00e7\u00e3o de sa\u00fade. O CIO tamb\u00e9m supervisiona a implementa\u00e7\u00e3o de sistemas de TI de sa\u00fade.<\/li>\n\n\n\n<li><strong>Consultor de TI em sa\u00fade:<\/strong> Este consultor fornece consultoria especializada e orienta\u00e7\u00e3o sobre estrat\u00e9gia, implementa\u00e7\u00e3o e otimiza\u00e7\u00e3o de TI em sa\u00fade. Eles relatam suas descobertas \u00e0s organiza\u00e7\u00f5es de sa\u00fade.<\/li>\n\n\n\n<li><strong>Instrutor de TI em sa\u00fade:<\/strong> Educa prestadores de servi\u00e7os de sa\u00fade e funcion\u00e1rios sobre como usar sistemas de TI de sa\u00fade.<\/li>\n\n\n\n<li><strong>Especialista em seguran\u00e7a de TI em sa\u00fade:<\/strong> Este especialista garante a seguran\u00e7a e privacidade dos dados e sistemas de sa\u00fade. Eles gerenciam protocolos de seguran\u00e7a e respondem a viola\u00e7\u00f5es de seguran\u00e7a.<\/li>\n\n\n\n<li><strong>Especialista em suporte de TI em sa\u00fade:<\/strong> Fornece suporte t\u00e9cnico a prestadores de servi\u00e7os de sa\u00fade e funcion\u00e1rios que usam sistemas de TI de sa\u00fade.<\/li>\n\n\n\n<li><strong>Analista de Dados Cl\u00ednicos:<\/strong> Analisa dados de sa\u00fade para identificar tend\u00eancias e padr\u00f5es. Eles podem usar essas informa\u00e7\u00f5es para melhorar os processos e resultados de sa\u00fade.<\/li>\n<\/ul>\n\n\n\n<p>Estes s\u00e3o apenas alguns exemplos dos muitos cargos em TI de sa\u00fade. O campo est\u00e1 evoluindo e novas fun\u00e7\u00f5es e t\u00edtulos est\u00e3o surgindo. Al\u00e9m disso, a tecnologia continua transformando o setor de sa\u00fade.<\/p>\n\n\n\n<h2 class=\"wp-block-heading\">Por que as empresas precisam de pesquisas de mercado de TI em sa\u00fade?<\/h2>\n\n\n\n<figure class=\"gb-block-image gb-block-image-378e966a\"><img loading=\"lazy\" decoding=\"async\" width=\"1456\" height=\"816\" class=\"gb-image gb-image-378e966a\" src=\"https:\/\/www.sisinternational.com\/wp-content\/uploads\/2025\/08\/Healthcare-4.jpg\" alt=\"Pesquisa e Estrat\u00e9gia de Mercado Internacional da SIS\" title=\"Healthcare (4)\" srcset=\"https:\/\/www.sisinternational.com\/wp-content\/uploads\/2025\/08\/Healthcare-4.jpg 1456w, https:\/\/www.sisinternational.com\/wp-content\/uploads\/2025\/08\/Healthcare-4-300x168.jpg 300w, https:\/\/www.sisinternational.com\/wp-content\/uploads\/2025\/08\/Healthcare-4-1024x574.jpg 1024w, https:\/\/www.sisinternational.com\/wp-content\/uploads\/2025\/08\/Healthcare-4-768x430.jpg 768w, https:\/\/www.sisinternational.com\/wp-content\/uploads\/2025\/08\/Healthcare-4-18x10.jpg 18w\" sizes=\"auto, (max-width: 1456px) 100vw, 1456px\"><\/figure>\n\n\n\n<p><\/p>\n\n\n\n<p>As empresas do setor de sa\u00fade incluem hospitais, cl\u00ednicas e consult\u00f3rios particulares. Eles precisam de TI na \u00e1rea da sa\u00fade por v\u00e1rios motivos. Em primeiro lugar, estes sistemas melhoram a gest\u00e3o e an\u00e1lise de dados. Eles podem ajudar as organiza\u00e7\u00f5es de sa\u00fade a coletar e gerenciar grandes quantidades de dados. Eles tamb\u00e9m identificam tend\u00eancias e padr\u00f5es que podem melhorar o atendimento e os resultados dos pacientes.<\/p>\n\n\n\n<p>Os portais de pacientes e a telemedicina tamb\u00e9m podem melhorar a experi\u00eancia do paciente. Por que? Porque oferecem op\u00e7\u00f5es de atendimento mais convenientes e acess\u00edveis.<\/p>\n\n\n\n<h2 class=\"wp-block-heading\">Principais fatores de sucesso<\/h2>\n\n\n\n<p>V\u00e1rios fatores-chave de sucesso s\u00e3o cr\u00edticos para o uso da TI em sa\u00fade. Os dois primeiros s\u00e3o lideran\u00e7a e governan\u00e7a, que s\u00e3o fatores essenciais. Eles garantem a implementa\u00e7\u00e3o e ado\u00e7\u00e3o bem-sucedidas de solu\u00e7\u00f5es de TI para sa\u00fade. Os l\u00edderes devem concentrar-se em iniciativas de TI na \u00e1rea da sa\u00fade e estabelecer metas e objetivos claros. Eles tamb\u00e9m devem garantir que os projetos estejam alinhados com o plano estrat\u00e9gico da organiza\u00e7\u00e3o.<\/p>\n\n\n\n<p>A implementa\u00e7\u00e3o bem-sucedida de solu\u00e7\u00f5es de TI para sa\u00fade depende da ado\u00e7\u00e3o pelos usu\u00e1rios. As organiza\u00e7\u00f5es devem treinar seus profissionais e profissionais de sa\u00fade. Eles devem educ\u00e1-los sobre o uso eficaz e eficiente dos sistemas de TI de sa\u00fade. Essa \u00e9 a melhor maneira de alcan\u00e7ar os resultados desejados.<\/p>\n\n\n\n<p>As solu\u00e7\u00f5es de TI para sa\u00fade dependem de dados de sa\u00fade precisos e seguros. Esses dados permitem que os profissionais de sa\u00fade prestem cuidados adequados. Assim, a qualidade e a seguran\u00e7a dos dados s\u00e3o fatores essenciais de sucesso na implementa\u00e7\u00e3o de TI na \u00e1rea da sa\u00fade. As organiza\u00e7\u00f5es de sa\u00fade devem garantir que os dados sejam precisos, completos e atualizados. Protocolos de seguran\u00e7a tamb\u00e9m devem estar em vigor. Esses protocolos s\u00e3o essenciais para proteger os dados do paciente contra acesso n\u00e3o autorizado.<\/p>\n\n\n\n<p>A interoperabilidade \u00e9 cr\u00edtica para solu\u00e7\u00f5es de TI na \u00e1rea da sa\u00fade. Permite-lhes trocar e partilhar dados entre prestadores e sistemas de sa\u00fade. As organiza\u00e7\u00f5es de sa\u00fade devem garantir que as suas solu\u00e7\u00f5es de TI s\u00e3o interoper\u00e1veis com outros sistemas. Essa \u00e9 a melhor maneira de melhorar a coordena\u00e7\u00e3o do cuidado e os resultados dos pacientes.<\/p>\n\n\n\n<p>As solu\u00e7\u00f5es e tecnologias de TI na \u00e1rea da sa\u00fade est\u00e3o evoluindo. As organiza\u00e7\u00f5es de sa\u00fade devem testar e melhorar os seus sistemas de TI. Dessa forma, eles podem garantir o cumprimento de suas metas e objetivos.<\/p>\n\n\n\n<p>As solu\u00e7\u00f5es de TI na \u00e1rea da sa\u00fade devem estar alinhadas com as necessidades e expectativas dos pacientes para serem bem-sucedidas. As organiza\u00e7\u00f5es de sa\u00fade devem considerar o feedback e as prefer\u00eancias dos pacientes ao implementar solu\u00e7\u00f5es de TI. Dessa forma, eles podem melhorar a experi\u00eancia do paciente.<\/p>\n\n\n\n<h2 class=\"wp-block-heading\">Sobre a pesquisa de mercado de TI em sa\u00fade<\/h2>\n\n\n\n<figure class=\"gb-block-image gb-block-image-fb99ea0e\"><img loading=\"lazy\" decoding=\"async\" width=\"1456\" height=\"816\" class=\"gb-image gb-image-fb99ea0e\" src=\"https:\/\/www.sisinternational.com\/wp-content\/uploads\/2025\/08\/Healthcare-2.jpg\" alt=\"Pesquisa e Estrat\u00e9gia de Mercado Internacional da SIS\" title=\"Healthcare (2)\" srcset=\"https:\/\/www.sisinternational.com\/wp-content\/uploads\/2025\/08\/Healthcare-2.jpg 1456w, https:\/\/www.sisinternational.com\/wp-content\/uploads\/2025\/08\/Healthcare-2-300x168.jpg 300w, https:\/\/www.sisinternational.com\/wp-content\/uploads\/2025\/08\/Healthcare-2-1024x574.jpg 1024w, https:\/\/www.sisinternational.com\/wp-content\/uploads\/2025\/08\/Healthcare-2-768x430.jpg 768w, https:\/\/www.sisinternational.com\/wp-content\/uploads\/2025\/08\/Healthcare-2-18x10.jpg 18w\" sizes=\"auto, (max-width: 1456px) 100vw, 1456px\"><\/figure>\n\n\n\n<p><\/p>\n\n\n\n<p>Strategic Market Research can help you make wise decisions. These are the decisions that drive your company forward. It also stops you from making poor ones that can damage your business. <a class=\"wpil_keyword_link\" href=\"https:\/\/www.sisinternational.com\/pt\/top-5-benefits-of-conducting-quantitative-market-research\/\"   title=\"Top 5 Benefits of Conducting Quantitative Market Research\" data-wpil-keyword-link=\"linked\"  data-wpil-monitor-id=\"690\">Pesquisa Quantitativa de Mercado<\/a> is another powerful tool for any Healthcare IT company. It helps companies to learn more about their market and customers. So is Qualitative Market Research. These tools allow you to gain objective, reliable insights. You can learn from data and understand patterns and trends.<\/p>\n\n\n\n<p>UX Market Research is another tool to help your <a href=\"https:\/\/www.sisinternational.com\/pt\/pesquisa-de-mercado-de-saude\/\" title=\"Pesquisa de mercado farmac\u00eautico e de sa\u00fade\"  data-wpil-monitor-id=\"6627\">Assist\u00eancia m\u00e9dica<\/a> IT business. You can use it to gain insights, find problems, establish facts, and reach new conclusions. Competitive Analysis is another, helping you get a picture of the competition. You can emulate their success and recognize and avoid their failure.<\/p>\n\n\n\n<p>Successful new businesses enjoy longevity when owners conduct <a class=\"wpil_keyword_link\" href=\"https:\/\/www.sisinternational.com\/pt\/solucoes\/consultoria-estrategica\/pesquisa-de-entrada-no-mercado\/\"   title=\"Pesquisa de entrada no mercado\" data-wpil-keyword-link=\"linked\"  data-wpil-monitor-id=\"356\">Pesquisa de entrada no mercado<\/a>. It helps them understand their target market and identify consumer problems. It also pinpoints realistic competitors. <a href=\"https:\/\/www.sisinternational.com\/pt\/pericia\/industrias\/pesquisa-de-mercado-de-plasticos\/\" title=\"Pesquisa de mercado de pl\u00e1sticos\"  data-wpil-monitor-id=\"3083\">Pesquisa de oportunidades de mercado<\/a> enables you to understand the needs and preferences of your customers. It tells you the unmet needs of your target audience. It can give you the pioneer benefit and a competitive edge. <a href=\"https:\/\/www.sisinternational.com\/pt\/pericia\/industrias\/pesquisa-de-mercado-de-milho\/\" title=\"Pesquisa de mercado de milho\"  data-wpil-monitor-id=\"3100\">Pesquisa de dimensionamento de mercado<\/a> tells you if a market is large enough to be worth your investment. You\u2019ll also learn if your product or service will be viable.<\/p>\n\n\n\n<p>SIS International Research provides all these research services and more. We can also organize Focus Groups, Surveys, and Interviews. These tools inform the Go to <a href=\"https:\/\/www.sisinternational.com\/pt\/pesquisa-de-mercado-de-saude-emea\/\" title=\"Pesquisa de mercado de sa\u00fade na Europa\"  data-wpil-monitor-id=\"6693\">Market Strategy for your Healthcare<\/a> IT business. Call SIS today to schedule a consultation.<\/p>","protected":false},"excerpt":{"rendered":"<p>A TI de sa\u00fade usa tecnologia, software e outras solu\u00e7\u00f5es para gerenciar dados e, ao mesmo tempo, melhorar o atendimento e os resultados dos pacientes.<\/p>","protected":false},"author":1,"featured_media":62434,"parent":11294,"menu_order":296,"comment_status":"closed","ping_status":"closed","template":"","meta":{"footnotes":""},"class_list":["post-42646","page","type-page","status-publish","has-post-thumbnail"],"_links":{"self":[{"href":"https:\/\/www.sisinternational.com\/pt\/wp-json\/wp\/v2\/pages\/42646","targetHints":{"allow":["GET"]}}],"collection":[{"href":"https:\/\/www.sisinternational.com\/pt\/wp-json\/wp\/v2\/pages"}],"about":[{"href":"https:\/\/www.sisinternational.com\/pt\/wp-json\/wp\/v2\/types\/page"}],"author":[{"embeddable":true,"href":"https:\/\/www.sisinternational.com\/pt\/wp-json\/wp\/v2\/users\/1"}],"replies":[{"embeddable":true,"href":"https:\/\/www.sisinternational.com\/pt\/wp-json\/wp\/v2\/comments?post=42646"}],"version-history":[{"count":10,"href":"https:\/\/www.sisinternational.com\/pt\/wp-json\/wp\/v2\/pages\/42646\/revisions"}],"predecessor-version":[{"id":80910,"href":"https:\/\/www.sisinternational.com\/pt\/wp-json\/wp\/v2\/pages\/42646\/revisions\/80910"}],"up":[{"embeddable":true,"href":"https:\/\/www.sisinternational.com\/pt\/wp-json\/wp\/v2\/pages\/11294"}],"wp:featuredmedia":[{"embeddable":true,"href":"https:\/\/www.sisinternational.com\/pt\/wp-json\/wp\/v2\/media\/62434"}],"wp:attachment":[{"href":"https:\/\/www.sisinternational.com\/pt\/wp-json\/wp\/v2\/media?parent=42646"}],"curies":[{"name":"wp","href":"https:\/\/api.w.org\/{rel}","templated":true}]}}