{"id":42644,"date":"2023-05-02T14:32:16","date_gmt":"2023-05-02T18:32:16","guid":{"rendered":"https:\/\/www.sisinternational.com\/?page_id=42644"},"modified":"2026-01-25T19:27:53","modified_gmt":"2026-01-26T00:27:53","slug":"pesquisa-de-mercado-de-graos","status":"publish","type":"page","link":"https:\/\/www.sisinternational.com\/pt\/pericia\/pesquisa-de-mercado-de-graos\/","title":{"rendered":"Pesquisa de mercado de gr\u00e3os"},"content":{"rendered":"<h1 class=\"wp-block-heading\">Pesquisa de mercado de gr\u00e3os<\/h1>\n\n\n\n<figure class=\"gb-block-image gb-block-image-f2e28518\"><img loading=\"lazy\" decoding=\"async\" width=\"1456\" height=\"816\" class=\"gb-image gb-image-f2e28518\" src=\"https:\/\/www.sisinternational.com\/wp-content\/uploads\/2025\/08\/Bean-soybean-1.jpg\" alt=\"Pesquisa e Estrat\u00e9gia de Mercado Internacional da SIS\" title=\"Bean soybean (1)\" srcset=\"https:\/\/www.sisinternational.com\/wp-content\/uploads\/2025\/08\/Bean-soybean-1.jpg 1456w, https:\/\/www.sisinternational.com\/wp-content\/uploads\/2025\/08\/Bean-soybean-1-300x168.jpg 300w, https:\/\/www.sisinternational.com\/wp-content\/uploads\/2025\/08\/Bean-soybean-1-1024x574.jpg 1024w, https:\/\/www.sisinternational.com\/wp-content\/uploads\/2025\/08\/Bean-soybean-1-768x430.jpg 768w, https:\/\/www.sisinternational.com\/wp-content\/uploads\/2025\/08\/Bean-soybean-1-18x10.jpg 18w\" sizes=\"auto, (max-width: 1456px) 100vw, 1456px\"><\/figure>\n\n\n\n<p><\/p>\n\n\n\n<p>A pesquisa do mercado de gr\u00e3os envolve a coleta e avalia\u00e7\u00e3o de dados relativos \u00e0 ind\u00fastria de gr\u00e3os, incluindo fatores como oferta, demanda, pre\u00e7os e tend\u00eancias de mercado. O objetivo da realiza\u00e7\u00e3o do estudo \u00e9 conhecer melhor o setor com base nos dados e estrat\u00e9gias da pesquisa de mercado de gr\u00e3os. Esta investiga\u00e7\u00e3o visa fornecer informa\u00e7\u00f5es valiosas sobre os numerosos factores que influenciam o mercado de cereais, tais como flutua\u00e7\u00f5es na procura do consumidor, altera\u00e7\u00f5es ambientais, conformidade regulamentar e perturba\u00e7\u00f5es na cadeia de abastecimento.<\/p>\n\n\n\n<h2 class=\"wp-block-heading\">Segmenta\u00e7\u00e3o da Ind\u00fastria do Mercado de Gr\u00e3os<\/h2>\n\n\n\n<p>Compreendendo os diferentes segmentos da ind\u00fastria do mercado de gr\u00e3os, as empresas podem desenvolver estrat\u00e9gias de marketing direcionadas para atingir grupos espec\u00edficos de clientes e melhorar o seu desempenho geral no mercado.<\/p>\n\n\n\n<h3 class=\"wp-block-heading\">Aqui est\u00e3o algumas maneiras comuns de categorizar a ind\u00fastria de gr\u00e3os:<\/h3>\n\n\n\n<p><strong>Tipos de gr\u00e3os \u2013<\/strong> O mercado de gr\u00e3os pode ser segmentado com base no tipo de gr\u00e3o, como gr\u00e3o, trigo, milho, cevada, entre outros. Cada tipo de gr\u00e3o possui caracter\u00edsticas, usos e demanda de mercado \u00fanicos.<\/p>\n\n\n\n<p><strong>Regi\u00e3o geogr\u00e1fica -<\/strong> O mercado de cereais tamb\u00e9m pode ser dividido em subgrupos com base no local onde \u00e9 produzido, incluindo \u00c1sia-Pac\u00edfico, Am\u00e9rica do Norte, Europa e o resto do mundo. Cada regi\u00e3o tem suas pr\u00f3prias variedades de gr\u00e3os, h\u00e1bitos alimentares e m\u00e9todos de produ\u00e7\u00e3o distintos.<\/p>\n\n\n\n<p><strong>Canal de distribui\u00e7\u00e3o -<\/strong> O mercado tamb\u00e9m pode ser dividido com base na forma como os produtos de gr\u00e3os s\u00e3o vendidos, incluindo supermercados, hipermercados, lojas especializadas e mercados online.<\/p>\n\n\n\n<p><strong>Aplicativo de uso final \u2013<\/strong> O mercado de gr\u00e3os tamb\u00e9m pode ser segmentado com base na aplica\u00e7\u00e3o de uso final, como alimentos, ra\u00e7\u00e3o animal, biocombust\u00edveis e aplica\u00e7\u00f5es industriais. Diferentes gr\u00e3os s\u00e3o utilizados para diferentes aplica\u00e7\u00f5es e a demanda por cada gr\u00e3o varia de acordo.<\/p>\n\n\n\n<p><strong>Faixa de pre\u00e7o -<\/strong> O mercado tamb\u00e9m pode ser dividido em segmentos, dependendo dos produtos de arroz premium, de pre\u00e7o m\u00e9dio e de baixo pre\u00e7o dispon\u00edveis.<\/p>\n\n\n\n<h2 class=\"wp-block-heading\">Produtos da Ind\u00fastria do Mercado de Gr\u00e3os<\/h2>\n\n\n\n<figure class=\"gb-block-image gb-block-image-fd36fac4\"><img loading=\"lazy\" decoding=\"async\" width=\"1456\" height=\"816\" class=\"gb-image gb-image-fd36fac4\" src=\"https:\/\/www.sisinternational.com\/wp-content\/uploads\/2025\/08\/Bean-soybean-5.jpg\" alt=\"Pesquisa e Estrat\u00e9gia de Mercado Internacional da SIS\" title=\"Bean soybean (5)\" srcset=\"https:\/\/www.sisinternational.com\/wp-content\/uploads\/2025\/08\/Bean-soybean-5.jpg 1456w, https:\/\/www.sisinternational.com\/wp-content\/uploads\/2025\/08\/Bean-soybean-5-300x168.jpg 300w, https:\/\/www.sisinternational.com\/wp-content\/uploads\/2025\/08\/Bean-soybean-5-1024x574.jpg 1024w, https:\/\/www.sisinternational.com\/wp-content\/uploads\/2025\/08\/Bean-soybean-5-768x430.jpg 768w, https:\/\/www.sisinternational.com\/wp-content\/uploads\/2025\/08\/Bean-soybean-5-18x10.jpg 18w\" sizes=\"auto, (max-width: 1456px) 100vw, 1456px\"><\/figure>\n\n\n\n<p><\/p>\n\n\n\n<p>A ind\u00fastria de gr\u00e3os produz uma gama diversificada de produtos finais que s\u00e3o utilizados para diversos fins. A pesquisa de mercado fornece insights sobre alguns dos produtos finais mais comuns na ind\u00fastria de gr\u00e3os, que incluem bits e n\u00e3o se limitam ao seguinte:<\/p>\n\n\n\n<ul class=\"wp-block-list\">\n<li><strong>Trigo -<\/strong> Um gr\u00e3o de cereal comumente usado para fazer farinha, p\u00e3o, macarr\u00e3o e outros produtos assados.<\/li>\n\n\n\n<li><strong>Milho (Milho) \u2013<\/strong> Cereal utilizado para consumo humano, alimenta\u00e7\u00e3o animal e produ\u00e7\u00e3o de biocombust\u00edveis e produtos industriais.<\/li>\n\n\n\n<li><strong>Arroz -<\/strong> Uma cultura alimentar b\u00e1sica que \u00e9 a principal fonte de nutri\u00e7\u00e3o para muitas pessoas em todo o mundo.<\/li>\n\n\n\n<li><strong>Cevada -<\/strong> Gr\u00e3o de cereal utilizado na alimenta\u00e7\u00e3o animal, alimenta\u00e7\u00e3o humana e na produ\u00e7\u00e3o de cerveja e u\u00edsque.<\/li>\n\n\n\n<li><strong>Sorgo \u2013<\/strong> Cereal utilizado na alimenta\u00e7\u00e3o animal, alimenta\u00e7\u00e3o humana e na produ\u00e7\u00e3o de etanol.<\/li>\n\n\n\n<li><strong>Aveia \u2013<\/strong> Gr\u00e3o de cereal utilizado para consumo humano, ra\u00e7\u00e3o animal e para a produ\u00e7\u00e3o de aveia e outros produtos aliment\u00edcios.<\/li>\n\n\n\n<li><strong>Centeio \u2013<\/strong> Gr\u00e3o de cereal utilizado para consumo humano, ra\u00e7\u00e3o animal e para produ\u00e7\u00e3o de p\u00e3o de centeio e u\u00edsque.<\/li>\n<\/ul>\n\n\n\n<p>Estes gr\u00e3os s\u00e3o produtos essenciais no mercado alimentar mundial e os seus valores s\u00e3o influenciados por v\u00e1rios factores, como a oferta e a procura, as condi\u00e7\u00f5es meteorol\u00f3gicas e as tend\u00eancias econ\u00f3micas globais, para citar alguns.<\/p>\n\n\n\n<h2 class=\"wp-block-heading\">Fatores que impactam a ind\u00fastria de gr\u00e3os<\/h2>\n\n\n\n<h3 class=\"wp-block-heading\">A pesquisa de mercado sobre gr\u00e3os pode ser afetada por uma s\u00e9rie de coisas, tais como:<\/h3>\n\n\n\n<ul class=\"wp-block-list\">\n<li><strong>Mudan\u00e7as clim\u00e1ticas -<\/strong> A oferta e a procura de cereais podem ser severamente afectadas por eventos de altera\u00e7\u00f5es clim\u00e1ticas, incluindo inunda\u00e7\u00f5es, secas e tempestades, que podem causar varia\u00e7\u00f5es de pre\u00e7os.<\/li>\n\n\n\n<li><strong>Demanda global -<\/strong> A procura de produtos de cereais, incluindo alimentos, ra\u00e7\u00f5es animais e biocombust\u00edveis, \u00e9 um factor cr\u00edtico na ind\u00fastria de cereais. As flutua\u00e7\u00f5es na procura podem influenciar os pre\u00e7os e os padr\u00f5es comerciais.<\/li>\n\n\n\n<li><strong>Leis governamentais -<\/strong> A cadeia de abastecimento e os pre\u00e7os do mercado de cereais podem ser afectados por leis governamentais, tais como pol\u00edticas comerciais, regras de importa\u00e7\u00e3o\/exporta\u00e7\u00e3o e directrizes de seguran\u00e7a.<\/li>\n\n\n\n<li><strong>Desenvolvimentos Tecnol\u00f3gicos \u2013<\/strong> Os avan\u00e7os tecnol\u00f3gicos nas pr\u00e1ticas agr\u00edcolas, maquinaria e engenharia gen\u00e9tica podem melhorar o rendimento e a efici\u00eancia das colheitas, impactando a oferta e os pre\u00e7os dos cereais.<\/li>\n\n\n\n<li><strong>Pre\u00e7os da Energia \u2013<\/strong> Os pre\u00e7os do petr\u00f3leo e de outras fontes de energia podem ter impacto na procura de biocombust\u00edveis, que muitas vezes s\u00e3o produzidos a partir de cereais.<\/li>\n\n\n\n<li><strong>Competi\u00e7\u00e3o de Mercado -<\/strong> \u00c0 medida que as empresas competem pela quota de mercado, o n\u00edvel de concorr\u00eancia no mercado de cereais pode ter um impacto no custo e na disponibilidade dos produtos de cereais.<\/li>\n\n\n\n<li><strong>Fatores ECONOMICOS -<\/strong> Factores econ\u00f3micos, como a infla\u00e7\u00e3o, as taxas de juro e as taxas de c\u00e2mbio, podem ter um impacto nos pre\u00e7os, bem como na procura geral de produtos \u00e0 base de cereais.<\/li>\n<\/ul>\n\n\n\n<p>As empresas podem criar estrat\u00e9gias mais eficazes para gerir riscos, identificar oportunidades e melhorar o seu desempenho geral na ind\u00fastria de cereais, compreendendo os numerosos elementos que t\u00eam impacto na investiga\u00e7\u00e3o do mercado de cereais.<\/p>\n\n\n\n<h2 class=\"wp-block-heading\">M\u00e9todos Utilizados em Pesquisa de Mercado de Gr\u00e3os<\/h2>\n\n\n\n<figure class=\"gb-block-image gb-block-image-fa55ab7c\"><img loading=\"lazy\" decoding=\"async\" width=\"1456\" height=\"816\" class=\"gb-image gb-image-fa55ab7c\" src=\"https:\/\/www.sisinternational.com\/wp-content\/uploads\/2025\/08\/Bean-soybean-3.jpg\" alt=\"Pesquisa e Estrat\u00e9gia de Mercado Internacional da SIS\" title=\"Bean soybean (3)\" srcset=\"https:\/\/www.sisinternational.com\/wp-content\/uploads\/2025\/08\/Bean-soybean-3.jpg 1456w, https:\/\/www.sisinternational.com\/wp-content\/uploads\/2025\/08\/Bean-soybean-3-300x168.jpg 300w, https:\/\/www.sisinternational.com\/wp-content\/uploads\/2025\/08\/Bean-soybean-3-1024x574.jpg 1024w, https:\/\/www.sisinternational.com\/wp-content\/uploads\/2025\/08\/Bean-soybean-3-768x430.jpg 768w, https:\/\/www.sisinternational.com\/wp-content\/uploads\/2025\/08\/Bean-soybean-3-18x10.jpg 18w\" sizes=\"auto, (max-width: 1456px) 100vw, 1456px\"><\/figure>\n\n\n\n<p><\/p>\n\n\n\n<h3 class=\"wp-block-heading\">Para pesquisas de mercado sobre gr\u00e3os, s\u00e3o empregadas diversas t\u00e9cnicas, incluindo:<\/h3>\n\n\n\n<ul class=\"wp-block-list\">\n<li>As pesquisas s\u00e3o frequentemente utilizadas para coletar informa\u00e7\u00f5es sobre as prefer\u00eancias dos consumidores, padr\u00f5es de compra e opini\u00f5es sobre v\u00e1rios itens relacionados aos gr\u00e3os. Pesquisas on-line, por telefone ou pessoalmente s\u00e3o op\u00e7\u00f5es.<\/li>\n\n\n\n<li>Os grupos focais s\u00e3o utilizados para obter detalhes mais aprofundados sobre as atitudes, a\u00e7\u00f5es e opini\u00f5es dos clientes em rela\u00e7\u00e3o a itens relacionados a gr\u00e3os. Uma discuss\u00e3o \u00e9 facilitada por um moderador enquanto um pequeno grupo de participantes expressa suas opini\u00f5es e experi\u00eancias.<\/li>\n\n\n\n<li>Para saber mais sobre o mercado de cereais, a investiga\u00e7\u00e3o secund\u00e1ria implica examinar fontes de dados j\u00e1 publicadas, incluindo relat\u00f3rios governamentais, revistas comerciais e relat\u00f3rios de investiga\u00e7\u00e3o de mercado.<\/li>\n\n\n\n<li>To better understand how people engage with various kinds of grain products, observational research entails watching and documenting consumer behavior in real-world situations like <a href=\"https:\/\/www.sisinternational.com\/pt\/mystery-shopping-for-restaurants\/\" title=\"Mystery Shopping for Restaurants\"  data-wpil-monitor-id=\"1320\">restaurants and grocery shops<\/a>.<\/li>\n\n\n\n<li>Os experimentos testam teorias sobre o comportamento do consumidor ou tend\u00eancias de mercado, alterando uma ou mais vari\u00e1veis. Por exemplo, uma experi\u00eancia pode examinar o impacto de v\u00e1rias embalagens ou esquemas de pre\u00e7os na procura de cereais por parte dos consumidores.<\/li>\n\n\n\n<li>Utilizando m\u00e9todos estat\u00edsticos e computacionais de ponta, a an\u00e1lise de dados analisa enormes conjuntos de dados para detectar padr\u00f5es e tend\u00eancias no mercado de gr\u00e3os.<\/li>\n<\/ul>\n\n\n\n<p>Major players and businesses in the grain industry can better understand customer requirements and preferences, market trends, and other elements that have an impact on the grain sector by employing these techniques. Making wise business decisions and improving product development are all possible with the help of data and strategies in <a href=\"https:\/\/www.sisinternational.com\/pt\/pericia\/industrias\/pesquisa-de-mercado-de-loja-de-ferragens\/\" title=\"Pesquisa de mercado de lojas de ferragens e melhorias residenciais\"  data-wpil-monitor-id=\"7056\">pesquisa de mercado de gr\u00e3os<\/a>.<\/p>\n\n\n\n<h2 class=\"wp-block-heading\">Sobre a pesquisa de mercado de gr\u00e3os<\/h2>\n\n\n\n<p>The insights provided by grain market research can inform industry discussions and policy decisions. Stakeholders can be advised of the findings of grain market research through reports, presentations, and visual aids. The information and strategies gleaned from <a href=\"https:\/\/www.sisinternational.com\/pt\/pericia\/industrias\/diretor-de-informacoes-cio-pesquisa-de-mercado\/\" title=\"Diretor de Informa\u00e7\u00f5es (CIO) Pesquisa de Mercado\"  data-wpil-monitor-id=\"5677\">pesquisa de mercado de gr\u00e3os<\/a> can assist industry leaders in making informed choices. Multiple industries and businesses can improve their production, pricing, and marketing strategies in response to grain market research, resulting in increased profitability and expansion.<\/p>","protected":false},"excerpt":{"rendered":"<p>A pesquisa do mercado de gr\u00e3os envolve a coleta e avalia\u00e7\u00e3o de dados sobre a ind\u00fastria de gr\u00e3os, incluindo oferta, demanda, pre\u00e7os e tend\u00eancias de mercado.<\/p>","protected":false},"author":1,"featured_media":63768,"parent":14514,"menu_order":295,"comment_status":"closed","ping_status":"closed","template":"","meta":{"footnotes":""},"class_list":["post-42644","page","type-page","status-publish","has-post-thumbnail"],"_links":{"self":[{"href":"https:\/\/www.sisinternational.com\/pt\/wp-json\/wp\/v2\/pages\/42644","targetHints":{"allow":["GET"]}}],"collection":[{"href":"https:\/\/www.sisinternational.com\/pt\/wp-json\/wp\/v2\/pages"}],"about":[{"href":"https:\/\/www.sisinternational.com\/pt\/wp-json\/wp\/v2\/types\/page"}],"author":[{"embeddable":true,"href":"https:\/\/www.sisinternational.com\/pt\/wp-json\/wp\/v2\/users\/1"}],"replies":[{"embeddable":true,"href":"https:\/\/www.sisinternational.com\/pt\/wp-json\/wp\/v2\/comments?post=42644"}],"version-history":[{"count":5,"href":"https:\/\/www.sisinternational.com\/pt\/wp-json\/wp\/v2\/pages\/42644\/revisions"}],"predecessor-version":[{"id":80619,"href":"https:\/\/www.sisinternational.com\/pt\/wp-json\/wp\/v2\/pages\/42644\/revisions\/80619"}],"up":[{"embeddable":true,"href":"https:\/\/www.sisinternational.com\/pt\/wp-json\/wp\/v2\/pages\/14514"}],"wp:featuredmedia":[{"embeddable":true,"href":"https:\/\/www.sisinternational.com\/pt\/wp-json\/wp\/v2\/media\/63768"}],"wp:attachment":[{"href":"https:\/\/www.sisinternational.com\/pt\/wp-json\/wp\/v2\/media?parent=42644"}],"curies":[{"name":"wp","href":"https:\/\/api.w.org\/{rel}","templated":true}]}}