{"id":42639,"date":"2023-05-01T19:23:55","date_gmt":"2023-05-01T23:23:55","guid":{"rendered":"https:\/\/www.sisinternational.com\/?page_id=42639"},"modified":"2026-01-25T19:05:49","modified_gmt":"2026-01-26T00:05:49","slug":"pesquisa-de-mercado-de-golfe","status":"publish","type":"page","link":"https:\/\/www.sisinternational.com\/pt\/pericia\/pesquisa-de-mercado-de-golfe\/","title":{"rendered":"Pesquisa de mercado de golfe"},"content":{"rendered":"<h1 class=\"wp-block-heading\">Pesquisa de mercado de golfe<\/h1>\n\n\n\n<figure class=\"gb-block-image gb-block-image-3a68c684\"><img loading=\"lazy\" decoding=\"async\" width=\"1456\" height=\"816\" class=\"gb-image gb-image-3a68c684\" src=\"https:\/\/www.sisinternational.com\/wp-content\/uploads\/2025\/08\/Golf-sport-4.jpg\" alt=\"Pesquisa e Estrat\u00e9gia de Mercado Internacional da SIS\" title=\"Golf sport (4)\" srcset=\"https:\/\/www.sisinternational.com\/wp-content\/uploads\/2025\/08\/Golf-sport-4.jpg 1456w, https:\/\/www.sisinternational.com\/wp-content\/uploads\/2025\/08\/Golf-sport-4-300x168.jpg 300w, https:\/\/www.sisinternational.com\/wp-content\/uploads\/2025\/08\/Golf-sport-4-1024x574.jpg 1024w, https:\/\/www.sisinternational.com\/wp-content\/uploads\/2025\/08\/Golf-sport-4-768x430.jpg 768w, https:\/\/www.sisinternational.com\/wp-content\/uploads\/2025\/08\/Golf-sport-4-18x10.jpg 18w\" sizes=\"auto, (max-width: 1456px) 100vw, 1456px\"><\/figure>\n\n\n\n<p><\/p>\n\n\n\n<p>O golfe costumava ser um desporto mais exclusivo, mas nos \u00faltimos anos tem havido claramente um desenvolvimento constante no tamanho do mercado de equipamentos de golfe e na utiliza\u00e7\u00e3o de campos de golfe de design. O golfe \u00e9 um desporto que d\u00e1 origem a muitas oportunidades, n\u00e3o s\u00f3 financeiras, mas tamb\u00e9m em termos de emprego. Tamb\u00e9m se tornou mais popular entre jogadores de diversas origens econ\u00f4micas.<\/p>\n\n\n\n<h2 class=\"wp-block-heading\">Vis\u00e3o geral da pesquisa de mercado de golfe<\/h2>\n\n\n\n<p>In the past years, the golf industry has grown in the billions. Not only more <a href=\"https:\/\/www.sisinternational.com\/pt\/pericia\/industrias\/pesquisa-de-mercado-de-resorts-de-golfe\/\" title=\"Pesquisa de mercado de resorts de golfe\"  data-wpil-monitor-id=\"4647\">golf courses have sprung up in resorts<\/a> and frequently visited regions, but the consumer base has also increased significantly. Golf is a sport that has seen incredibly high numbers of beginners. Notably, women make up a large part of golf beginners, and there has also been a sharp increase in juniors taking up this sport.<\/p>\n\n\n\n<p>O mercado ainda apresenta muito potencial para crescer, j\u00e1 que milh\u00f5es de pessoas manifestaram interesse pelo golfe. Definitivamente ganhou popularidade, incluindo o golfe fora do campo.<\/p>\n\n\n\n<p>O golfe fora do campo pode incluir simuladores internos, campos de golfe independentes, programas escolares e para jovens fora do campo, etc.<\/p>\n\n\n\n<h2 class=\"wp-block-heading\">Principais tend\u00eancias e motivadores na ind\u00fastria do golfe<\/h2>\n\n\n\n<figure class=\"gb-block-image gb-block-image-9198c587\"><img loading=\"lazy\" decoding=\"async\" width=\"1456\" height=\"816\" class=\"gb-image gb-image-9198c587\" src=\"https:\/\/www.sisinternational.com\/wp-content\/uploads\/2025\/08\/Golf-sport-1.jpg\" alt=\"Pesquisa e Estrat\u00e9gia de Mercado Internacional da SIS\" title=\"Golf sport (1)\" srcset=\"https:\/\/www.sisinternational.com\/wp-content\/uploads\/2025\/08\/Golf-sport-1.jpg 1456w, https:\/\/www.sisinternational.com\/wp-content\/uploads\/2025\/08\/Golf-sport-1-300x168.jpg 300w, https:\/\/www.sisinternational.com\/wp-content\/uploads\/2025\/08\/Golf-sport-1-1024x574.jpg 1024w, https:\/\/www.sisinternational.com\/wp-content\/uploads\/2025\/08\/Golf-sport-1-768x430.jpg 768w, https:\/\/www.sisinternational.com\/wp-content\/uploads\/2025\/08\/Golf-sport-1-18x10.jpg 18w\" sizes=\"auto, (max-width: 1456px) 100vw, 1456px\"><\/figure>\n\n\n\n<p><\/p>\n\n\n\n<p>A crescente demanda por golfe impulsiona a ind\u00fastria a mais oportunidades e crescimento. Um n\u00famero consider\u00e1vel de jogadores s\u00e3o millennials. Com esta mudan\u00e7a nas faixas et\u00e1rias, haver\u00e1 mudan\u00e7as not\u00e1veis na ind\u00fastria do golfe, por exemplo no tipo de comida que \u00e9 servida nos clubhouses \u2013 com mais foco na alimenta\u00e7\u00e3o saud\u00e1vel \u2013 e tamb\u00e9m na tecnologia.<\/p>\n\n\n\n<p>Dispositivos de sistema de posicionamento global e an\u00e1lise de swing s\u00e3o apenas dois exemplos de tecnologia de golfe. Sensores no carrinho de golfe e sensores de swing (fixados aos tacos) podem ajudar a melhorar o jogo do jogador de golfe. Al\u00e9m disso, bolas de golfe inteligentes usam tecnologia para se conectar a um aplicativo de telefone. Isso permite ao jogador obter informa\u00e7\u00f5es a partir do contato que faz com a bola.<\/p>\n\n\n\n<p>Com o crescente apelo do golfe entre as jogadoras, isso tamb\u00e9m significa mais interesse em moda, acess\u00f3rios e equipamentos de golfe.<\/p>\n\n\n\n<p>Por outras palavras, estas mudan\u00e7as demogr\u00e1ficas ir\u00e3o impulsionar mais empreendimentos comerciais na ind\u00fastria do golfe, trazendo oportunidades de emprego, investimento e vendas.<\/p>\n\n\n\n<h2 class=\"wp-block-heading\">Oportunidades na ind\u00fastria do golfe<\/h2>\n\n\n\n<p>A constru\u00e7\u00e3o de campos de golfe e a maior procura de equipamentos de golfe significam novas oportunidades de trabalho para os habitantes locais. As localidades tur\u00edsticas beneficiam muito da adi\u00e7\u00e3o de campos de golfe, uma vez que apenas trazem mais interesse e valor e atraem mais viajantes que ir\u00e3o \u2013 al\u00e9m de jogar golfe \u2013 tamb\u00e9m visitar as atra\u00e7\u00f5es locais.<\/p>\n\n\n\n<p>Jack Niklaus, Robert Trent Jones e Tom Weiskopf s\u00e3o apenas alguns nomes de campos de golfe de design de classe mundial, que ir\u00e3o agradar tanto a jogadores experientes como a novatos. Esses renomados campos de golfe podem praticamente garantir emprego cont\u00ednuo para os funcion\u00e1rios locais.<\/p>\n\n\n\n<p>A ind\u00fastria do golfe oferece trabalho para moradores locais nas seguintes \u00e1reas: lojas de equipamentos de golfe, caddies, atendimento de carrinhos, atendente de clube, manobrista e manuten\u00e7\u00e3o de campos (irriga\u00e7\u00e3o de determinadas \u00e1reas, limpeza de entulhos, controle de pragas, etc.). Algumas oportunidades de emprego no clube incluem funcion\u00e1rios de bar, restaurante e cozinha.<\/p>\n\n\n\n<p>A escolha de locais tur\u00edsticos populares para a pr\u00e1tica do golfe certamente aumentar\u00e1 o n\u00famero de visitantes e viajantes nessas \u00e1reas; por exemplo, campos de golfe \u00e0 beira de penhascos ou greens situados em \u00e1reas des\u00e9rticas com vista para o mar, para citar alguns. Tais cen\u00e1rios dram\u00e1ticos e vistas espectaculares apenas acrescentam mais interesse a estes campos de golfe.<\/p>\n\n\n\n<h2 class=\"wp-block-heading\">Desafios<\/h2>\n\n\n\n<figure class=\"gb-block-image gb-block-image-fa42d46b\"><img loading=\"lazy\" decoding=\"async\" width=\"1456\" height=\"816\" class=\"gb-image gb-image-fa42d46b\" src=\"https:\/\/www.sisinternational.com\/wp-content\/uploads\/2025\/08\/Golf-sport-6.jpg\" alt=\"Pesquisa e Estrat\u00e9gia de Mercado Internacional da SIS\" title=\"Golf sport (6)\" srcset=\"https:\/\/www.sisinternational.com\/wp-content\/uploads\/2025\/08\/Golf-sport-6.jpg 1456w, https:\/\/www.sisinternational.com\/wp-content\/uploads\/2025\/08\/Golf-sport-6-300x168.jpg 300w, https:\/\/www.sisinternational.com\/wp-content\/uploads\/2025\/08\/Golf-sport-6-1024x574.jpg 1024w, https:\/\/www.sisinternational.com\/wp-content\/uploads\/2025\/08\/Golf-sport-6-768x430.jpg 768w, https:\/\/www.sisinternational.com\/wp-content\/uploads\/2025\/08\/Golf-sport-6-18x10.jpg 18w\" sizes=\"auto, (max-width: 1456px) 100vw, 1456px\"><\/figure>\n\n\n\n<p><\/p>\n\n\n\n<p>Financing golf courses is a challenging endeavor. To solve this issue, the following primary funding sources were proposed in golf <a class=\"wpil_keyword_link\" href=\"https:\/\/www.sisinternational.com\/pt\/blog\/\"   title=\"Blogue\" data-wpil-keyword-link=\"linked\"  data-wpil-monitor-id=\"691\">blog<\/a> posts and articles: conventional financing, investment from life insurance companies, small business administration loans, private equity financing, and commercial mortgage-backed security loans.<\/p>\n\n\n\n<p>As oportunidades de emprego tamb\u00e9m podem representar um desafio quando se consideram os sal\u00e1rios m\u00e9dios por hora dos trabalhadores da manuten\u00e7\u00e3o de campos de golfe e os hor\u00e1rios de trabalho rigorosos. Claro que isto depende do pa\u00eds onde o campo de golfe est\u00e1 ou ser\u00e1 constru\u00eddo. Em geral, isto s\u00f3 pode representar uma desvantagem em pa\u00edses com baixo desemprego.<\/p>\n\n\n\n<p>Outra desvantagem da manuten\u00e7\u00e3o de campos de golfe \u00e9 a grande quantidade de \u00e1gua utilizada para irriga\u00e7\u00e3o. Especialmente em zonas secas, isto pode ter consequ\u00eancias negativas para o ambiente e para a popula\u00e7\u00e3o local. Alternativamente, as \u00e1guas residuais de esta\u00e7\u00f5es de tratamento de \u00e1gua pr\u00f3ximas constituem um substituto bom e mais dispon\u00edvel. Irrigar os greens com \u00e1gua de esgoto em vez de \u00e1gua doce \u00e9 uma solu\u00e7\u00e3o que hoje \u00e9 aplicada em v\u00e1rios campos de golfe no deserto. At\u00e9 os campos de golfe em ambientes mais verdes est\u00e3o a olhar para esta op\u00e7\u00e3o. Dado que a gera\u00e7\u00e3o mais jovem de intervenientes est\u00e1 mais consciente das altera\u00e7\u00f5es clim\u00e1ticas, h\u00e1 uma press\u00e3o crescente para uma gest\u00e3o da \u00e1gua respeitadora do ambiente.<\/p>\n\n\n\n<h2 class=\"wp-block-heading\">Clusters de inova\u00e7\u00e3o para analisar pesquisas de mercado de golfe<\/h2>\n\n\n\n<p>Os desafios podem abrir caminho para novas oportunidades. Ap\u00f3s a cobi\u00e7osa pandemia, os sal\u00e1rios de muitos funcion\u00e1rios ca\u00edram, incluindo jogadores de golfe. Para evitar a perda dos seus membros, os clubes de golfe reduziram as suas taxas de ades\u00e3o, possibilitando que os membros existentes continuassem a jogar e que novos membros aderissem.<\/p>\n\n\n\n<p>Al\u00e9m disso, oferecer aos membros a oportunidade de jogar nove buracos em vez de uma rodada completa permite que mais pessoas incluam uma partida de golfe em suas programa\u00e7\u00f5es. Per\u00edodos mais curtos \u2013 n\u00e3o apenas nove, mas tamb\u00e9m seis buracos \u2013 est\u00e3o a tornar-se mais tentadores para o p\u00fablico em geral. Adaptar as voltas a esta procura e at\u00e9 mesmo conceber campos de golfe que satisfa\u00e7am estas exig\u00eancias certamente aumentar\u00e1 o apelo a segmentos mais vastos da popula\u00e7\u00e3o.<\/p>\n\n\n\n<p>No que diz respeito \u00e0s preocupa\u00e7\u00f5es ambientais, os cursos com carbono positivo est\u00e3o agora a ganhar popularidade. Em geral, a comunidade do golfe pretende melhorar n\u00e3o s\u00f3 a gest\u00e3o da \u00e1gua, mas tamb\u00e9m tornar-se um modelo em conserva\u00e7\u00e3o e biodiversidade.<\/p>\n\n\n\n<h2 class=\"wp-block-heading\">Perspectiva futura<\/h2>\n\n\n\n<figure class=\"gb-block-image gb-block-image-0f5c41b9\"><img loading=\"lazy\" decoding=\"async\" width=\"1456\" height=\"816\" class=\"gb-image gb-image-0f5c41b9\" src=\"https:\/\/www.sisinternational.com\/wp-content\/uploads\/2025\/08\/Golf-sport-5.jpg\" alt=\"Pesquisa e Estrat\u00e9gia de Mercado Internacional da SIS\" title=\"Golf sport (5)\" srcset=\"https:\/\/www.sisinternational.com\/wp-content\/uploads\/2025\/08\/Golf-sport-5.jpg 1456w, https:\/\/www.sisinternational.com\/wp-content\/uploads\/2025\/08\/Golf-sport-5-300x168.jpg 300w, https:\/\/www.sisinternational.com\/wp-content\/uploads\/2025\/08\/Golf-sport-5-1024x574.jpg 1024w, https:\/\/www.sisinternational.com\/wp-content\/uploads\/2025\/08\/Golf-sport-5-768x430.jpg 768w, https:\/\/www.sisinternational.com\/wp-content\/uploads\/2025\/08\/Golf-sport-5-18x10.jpg 18w\" sizes=\"auto, (max-width: 1456px) 100vw, 1456px\"><\/figure>\n\n\n\n<p><\/p>\n\n\n\n<p>Regardless of the challenges, golf offers opportunities and has a promising future. Even though the changes in demographics may be a shock to the golfing community (which used to be a middle-aged and older crowd) these changes promote growth and innovation. With the rise in technology, healthier food options, employment opportunities, and the chance to play nine or six holes instead of a full round, the golf <a href=\"https:\/\/www.sisinternational.com\/pt\/pericia\/industrias\/pesquisa-de-mercado-de-jogos-e-apostas\/\" title=\"Pesquisa de mercado de jogos e apostas\"  data-wpil-monitor-id=\"5399\">market will prosper and the game<\/a> will become more available and interesting for all.<\/p>\n\n\n\n<p>A SIS International oferece Pesquisa Quantitativa, Qualitativa e Estrat\u00e9gica. Fornecemos dados, ferramentas, estrat\u00e9gias, relat\u00f3rios e insights para a tomada de decis\u00f5es. Conduzimos entrevistas, pesquisas, grupos focais e muitos outros m\u00e9todos e abordagens de Pesquisa de Mercado. Contate-nos para o seu pr\u00f3ximo projeto de Pesquisa de Mercado.<\/p>","protected":false},"excerpt":{"rendered":"<p>A ind\u00fastria do golfe cresceu significativamente com mais campos, resorts e uma diversidade de clientes, que agora valem milhares de milh\u00f5es.<\/p>","protected":false},"author":1,"featured_media":63666,"parent":14514,"menu_order":294,"comment_status":"closed","ping_status":"closed","template":"","meta":{"footnotes":""},"class_list":["post-42639","page","type-page","status-publish","has-post-thumbnail"],"_links":{"self":[{"href":"https:\/\/www.sisinternational.com\/pt\/wp-json\/wp\/v2\/pages\/42639","targetHints":{"allow":["GET"]}}],"collection":[{"href":"https:\/\/www.sisinternational.com\/pt\/wp-json\/wp\/v2\/pages"}],"about":[{"href":"https:\/\/www.sisinternational.com\/pt\/wp-json\/wp\/v2\/types\/page"}],"author":[{"embeddable":true,"href":"https:\/\/www.sisinternational.com\/pt\/wp-json\/wp\/v2\/users\/1"}],"replies":[{"embeddable":true,"href":"https:\/\/www.sisinternational.com\/pt\/wp-json\/wp\/v2\/comments?post=42639"}],"version-history":[{"count":6,"href":"https:\/\/www.sisinternational.com\/pt\/wp-json\/wp\/v2\/pages\/42639\/revisions"}],"predecessor-version":[{"id":79180,"href":"https:\/\/www.sisinternational.com\/pt\/wp-json\/wp\/v2\/pages\/42639\/revisions\/79180"}],"up":[{"embeddable":true,"href":"https:\/\/www.sisinternational.com\/pt\/wp-json\/wp\/v2\/pages\/14514"}],"wp:featuredmedia":[{"embeddable":true,"href":"https:\/\/www.sisinternational.com\/pt\/wp-json\/wp\/v2\/media\/63666"}],"wp:attachment":[{"href":"https:\/\/www.sisinternational.com\/pt\/wp-json\/wp\/v2\/media?parent=42639"}],"curies":[{"name":"wp","href":"https:\/\/api.w.org\/{rel}","templated":true}]}}