{"id":42636,"date":"2023-05-01T19:13:15","date_gmt":"2023-05-01T23:13:15","guid":{"rendered":"https:\/\/www.sisinternational.com\/?page_id=42636"},"modified":"2026-01-24T21:00:29","modified_gmt":"2026-01-25T02:00:29","slug":"pesquisa-de-mercado-em-postos-de-gasolina","status":"publish","type":"page","link":"https:\/\/www.sisinternational.com\/pt\/pericia\/pesquisa-de-mercado-em-postos-de-gasolina\/","title":{"rendered":"Pesquisa de mercado em postos de gasolina"},"content":{"rendered":"<h1 class=\"wp-block-heading\">Pesquisa de mercado em postos de gasolina<\/h1>\n\n\n\n<figure class=\"gb-block-image gb-block-image-90f9f5d8\"><img loading=\"lazy\" decoding=\"async\" width=\"1456\" height=\"816\" class=\"gb-image gb-image-90f9f5d8\" src=\"https:\/\/www.sisinternational.com\/wp-content\/uploads\/2025\/08\/Gas-station-2.jpg\" alt=\"Pesquisa e Estrat\u00e9gia de Mercado Internacional da SIS\" title=\"Gas station (2)\" srcset=\"https:\/\/www.sisinternational.com\/wp-content\/uploads\/2025\/08\/Gas-station-2.jpg 1456w, https:\/\/www.sisinternational.com\/wp-content\/uploads\/2025\/08\/Gas-station-2-300x168.jpg 300w, https:\/\/www.sisinternational.com\/wp-content\/uploads\/2025\/08\/Gas-station-2-1024x574.jpg 1024w, https:\/\/www.sisinternational.com\/wp-content\/uploads\/2025\/08\/Gas-station-2-768x430.jpg 768w, https:\/\/www.sisinternational.com\/wp-content\/uploads\/2025\/08\/Gas-station-2-18x10.jpg 18w\" sizes=\"auto, (max-width: 1456px) 100vw, 1456px\"><\/figure>\n\n\n\n<p><\/p>\n\n\n\n<p>Os postos de gasolina devem ser capazes de responder rapidamente \u00e0s tend\u00eancias flutuantes do mercado ou \u00e0s mudan\u00e7as nas demandas dos clientes. Portanto, para permanecerem competitivos neste cen\u00e1rio em constante mudan\u00e7a, os propriet\u00e1rios de postos de gasolina devem priorizar o investimento em pesquisas de mercado que forne\u00e7am informa\u00e7\u00f5es \u00fateis sobre as necessidades dos seus clientes e as tend\u00eancias do setor.<\/p>\n\n\n\n<p>Com isso, a pesquisa de mercado de postos de combust\u00edveis oferece uma melhor compreens\u00e3o da import\u00e2ncia de conhecer esse mercado e identificar oportunidades de crescimento.<\/p>\n\n\n\n<h2 class=\"wp-block-heading\">Pesquisa de mercado de postos de gasolina: principais tend\u00eancias de mercado e influenciadores<\/h2>\n\n\n\n<p>A ind\u00fastria de postos de gasolina \u00e9 influenciada por diversas tend\u00eancias e fatores importantes que moldam o cen\u00e1rio competitivo e o comportamento do consumidor. Identificar e compreender essas tend\u00eancias \u00e9 essencial para que as empresas tomem decis\u00f5es informadas e permane\u00e7am competitivas.<\/p>\n\n\n\n<h3 class=\"wp-block-heading\">Abaixo est\u00e3o algumas das principais tend\u00eancias de mercado e influenciadores na ind\u00fastria de postos de gasolina:<\/h3>\n\n\n\n<ul class=\"wp-block-list\">\n<li><strong>Flutua\u00e7\u00f5es no pre\u00e7o do combust\u00edvel:<\/strong> A import\u00e2ncia das mudan\u00e7as nos pre\u00e7os dos combust\u00edveis, juntamente com as dos mercados petrol\u00edferos mundiais, afecta fortemente os postos de gasolina. Afeta as decis\u00f5es de compra ou os n\u00edveis de consumo juntamente com o desempenho financeiro geral.<\/li>\n\n\n\n<li><strong>Avan\u00e7os tecnol\u00f3gicos:<\/strong> The emergence of electric vehicles (EVs), hydrogen, and biofuel alternatives are playing a significant role in determining <a href=\"https:\/\/www.sisinternational.com\/pt\/solucoes\/pesquisa-de-mercado-de-oleodutos-e-gasodutos\/\" title=\"Pesquisa de mercado de oleodutos e gasodutos\"  data-wpil-monitor-id=\"2164\">pesquisa de mercado em postos de gasolina<\/a>.<\/li>\n\n\n\n<li><strong>Mudando as prefer\u00eancias do consumidor:<\/strong> Consumer preferences are changing towards eco-friendly fuel alternatives. The key for gasoline retailers in meeting shifting customer requirements lies in conducting regular <a href=\"https:\/\/www.sisinternational.com\/pt\/mercado-de-varejo-asiatico\/\" title=\"Pesquisa de mercado de varejo asi\u00e1tico\"  data-wpil-monitor-id=\"2683\">pesquisa de mercado em postos de gasolina<\/a> to keep up with these trends.<\/li>\n\n\n\n<li><strong>Preocupa\u00e7\u00f5es e regulamenta\u00e7\u00f5es ambientais:<\/strong> Para atender \u00e0s exig\u00eancias das novas leis ambientais, a conformidade \u00e9 crucial para os operadores que procuram atrair clientes ecol\u00f3gicos.<\/li>\n\n\n\n<li><strong>Fluxos de receitas n\u00e3o relacionados com combust\u00edveis:<\/strong> Ao fornecer lavagens de carros e outros servi\u00e7os, como lojas de conveni\u00eancia e pontos de venda de alimentos, os postos de gasolina est\u00e3o tentando expandir suas fontes de receita. Se for devidamente identificado e utilizado pelos retalhistas de gasolina que procuram maiores retornos das opera\u00e7\u00f5es dos seus neg\u00f3cios, existe um potencial significativo em formas alternativas de rendimento fora das vendas tradicionais de combust\u00edveis.<\/li>\n\n\n\n<li><strong>Mudan\u00e7a para a digitaliza\u00e7\u00e3o:<\/strong> A utiliza\u00e7\u00e3o de aplica\u00e7\u00f5es m\u00f3veis e a implementa\u00e7\u00e3o de programas de fideliza\u00e7\u00e3o combinados com t\u00e1ticas de marketing digital t\u00eam crescido no setor retalhista de combust\u00edveis devido aos avan\u00e7os da tecnologia.<\/li>\n<\/ul>\n\n\n\n<h2 class=\"wp-block-heading\">Benef\u00edcios potenciais da realiza\u00e7\u00e3o de pesquisas de mercado em postos de gasolina<\/h2>\n\n\n\n<figure class=\"gb-block-image gb-block-image-04e0ff32\"><img loading=\"lazy\" decoding=\"async\" width=\"1456\" height=\"816\" class=\"gb-image gb-image-04e0ff32\" src=\"https:\/\/www.sisinternational.com\/wp-content\/uploads\/2025\/08\/Gas-station-4.jpg\" alt=\"Pesquisa e Estrat\u00e9gia de Mercado Internacional da SIS\" title=\"Gas station (4)\" srcset=\"https:\/\/www.sisinternational.com\/wp-content\/uploads\/2025\/08\/Gas-station-4.jpg 1456w, https:\/\/www.sisinternational.com\/wp-content\/uploads\/2025\/08\/Gas-station-4-300x168.jpg 300w, https:\/\/www.sisinternational.com\/wp-content\/uploads\/2025\/08\/Gas-station-4-1024x574.jpg 1024w, https:\/\/www.sisinternational.com\/wp-content\/uploads\/2025\/08\/Gas-station-4-768x430.jpg 768w, https:\/\/www.sisinternational.com\/wp-content\/uploads\/2025\/08\/Gas-station-4-18x10.jpg 18w\" sizes=\"auto, (max-width: 1456px) 100vw, 1456px\"><\/figure>\n\n\n\n<ul class=\"wp-block-list\">\n<li><a href=\"https:\/\/www.sisinternational.com\/pt\/pericia\/industrias\/pesquisa-de-mercado-de-petroleo-e-gas\/\" title=\"Pesquisa de mercado de petr\u00f3leo e g\u00e1s\"  data-wpil-monitor-id=\"3085\">Gas station market research<\/a> provides an opportunity for gas station operators to gain insight into the behaviors and requirements of their customers. Through analyzing this data, businesses are able to create effective advertising campaigns aimed at both acquiring new clients and retaining current ones.<\/li>\n\n\n\n<li>Insights baseados em dados de pesquisas de mercado abrangentes permitem que as empresas tomem melhores decis\u00f5es em rela\u00e7\u00e3o a estrat\u00e9gias de pre\u00e7os e ofertas de produtos.<\/li>\n\n\n\n<li>Para identificar \u00e1reas de diferencia\u00e7\u00e3o e melhoria, os postos de gasolina precisam compreender o cen\u00e1rio competitivo, o que inclui a an\u00e1lise dos pontos fortes e fracos dos concorrentes. Empregar esses detalhes ajuda a criar argumentos de venda incompar\u00e1veis.<\/li>\n\n\n\n<li>Ao utilizar a pesquisa de mercado de postos de gasolina para analisar fatores que incluem a concorr\u00eancia local e informa\u00e7\u00f5es demogr\u00e1ficas, as empresas podem determinar locais ideais para novos postos de gasolina ou avaliar o sucesso dos locais atuais.<\/li>\n\n\n\n<li>As perspectivas de ganhos n\u00e3o baseados na gasolina, como lojas de conveni\u00eancia e instala\u00e7\u00f5es de lavagem de ve\u00edculos, podem ser descobertas atrav\u00e9s de pesquisas de mercado em postos de gasolina.<\/li>\n\n\n\n<li>O processo de realiza\u00e7\u00e3o de estudos de marketing completos pode levar \u00e0 identifica\u00e7\u00e3o de poss\u00edveis caminhos para o desenvolvimento, tais como necessidades de clientes insatisfeitas ou novos mercados. As empresas podem aumentar as suas quotas de mercado e alcan\u00e7ar um progresso sustentado no futuro.<\/li>\n\n\n\n<li>Os operadores de postos de gasolina podem reduzir os perigos e criar t\u00e1ticas para superar obst\u00e1culos, conduzindo pesquisas de mercado completas nos postos de gasolina que identificam perigos potenciais e problemas de mercado.<\/li>\n<\/ul>\n\n\n\n<h2 class=\"wp-block-heading\">Desafios<\/h2>\n\n\n\n<ul class=\"wp-block-list\">\n<li>As influ\u00eancias na ind\u00fastria de postos de gasolina incluem os pre\u00e7os dos combust\u00edveis e as condi\u00e7\u00f5es econ\u00f3micas, juntamente com os r\u00e1pidos avan\u00e7os tecnol\u00f3gicos.<\/li>\n\n\n\n<li>Lidar com informa\u00e7\u00f5es confidenciais, como estrat\u00e9gias de pre\u00e7os ou detalhes de clientes, torna a coleta de dados precisos e confi\u00e1veis um desafio.<\/li>\n\n\n\n<li>A conserva\u00e7\u00e3o ambiental, os protocolos de seguran\u00e7a, bem como as pol\u00edticas de confidencialidade exigem uma ades\u00e3o estrita, e os investigadores devem enfrentar o desafio de incorporar estes regulamentos e, ao mesmo tempo, garantir o cumprimento.<\/li>\n\n\n\n<li>Para permanecerem competitivas no setor de postos de gasolina, as empresas devem adaptar frequentemente suas estrat\u00e9gias. Manter uma vantagem competitiva requer monitorar as atividades e estrat\u00e9gias de marketing dos concorrentes, apesar dos desafios e do comprometimento de tempo envolvidos.<\/li>\n\n\n\n<li>A realiza\u00e7\u00e3o de an\u00e1lises detalhadas de mercado requer uma aloca\u00e7\u00e3o consider\u00e1vel de ativos valiosos, como for\u00e7a de trabalho experiente, tempo e capital. As pequenas entidades empresariais muitas vezes carecem dos meios necess\u00e1rios para realizar pesquisas intensivas de marketing.<\/li>\n\n\n\n<li>Quantificar alguns elementos da ind\u00fastria de postos de gasolina, como a satisfa\u00e7\u00e3o do cliente ou a percep\u00e7\u00e3o da marca, pode representar um desafio.<\/li>\n<\/ul>\n\n\n\n<h2 class=\"wp-block-heading\">Perspectiva futura<\/h2>\n\n\n\n<figure class=\"gb-block-image gb-block-image-531a479b\"><img loading=\"lazy\" decoding=\"async\" width=\"1456\" height=\"816\" class=\"gb-image gb-image-531a479b\" src=\"https:\/\/www.sisinternational.com\/wp-content\/uploads\/2025\/08\/Gas-station-1.jpg\" alt=\"Pesquisa e Estrat\u00e9gia de Mercado Internacional da SIS\" title=\"Gas station (1)\" srcset=\"https:\/\/www.sisinternational.com\/wp-content\/uploads\/2025\/08\/Gas-station-1.jpg 1456w, https:\/\/www.sisinternational.com\/wp-content\/uploads\/2025\/08\/Gas-station-1-300x168.jpg 300w, https:\/\/www.sisinternational.com\/wp-content\/uploads\/2025\/08\/Gas-station-1-1024x574.jpg 1024w, https:\/\/www.sisinternational.com\/wp-content\/uploads\/2025\/08\/Gas-station-1-768x430.jpg 768w, https:\/\/www.sisinternational.com\/wp-content\/uploads\/2025\/08\/Gas-station-1-18x10.jpg 18w\" sizes=\"auto, (max-width: 1456px) 100vw, 1456px\"><\/figure>\n\n\n\n<p><\/p>\n\n\n\n<p>Influenciadas por v\u00e1rios fatores, como a evolu\u00e7\u00e3o das prefer\u00eancias dos consumidores e os avan\u00e7os tecnol\u00f3gicos, juntamente com as preocupa\u00e7\u00f5es ambientais, espera-se que as perspectivas futuras da pesquisa de mercado de postos de gasolina sofram mudan\u00e7as significativas. Para entender como a pesquisa de mercado de postos de gasolina evoluir\u00e1 no futuro, \u00e9 importante considerar estes fatores-chave:<\/p>\n\n\n\n<ul class=\"wp-block-list\">\n<li>Os combust\u00edveis alternativos, como as c\u00e9lulas de combust\u00edvel de hidrog\u00e9nio e os biocombust\u00edveis, est\u00e3o a tornar-se mais populares devido \u00e0 crescente preocupa\u00e7\u00e3o com as altera\u00e7\u00f5es clim\u00e1ticas e a polui\u00e7\u00e3o atmosf\u00e9rica. Para compreender as atitudes dos consumidores em rela\u00e7\u00e3o aos combust\u00edveis alternativos e sua ado\u00e7\u00e3o, a pesquisa de mercado dos postos de gasolina \u00e9 fundamental.<\/li>\n\n\n\n<li>A incorpora\u00e7\u00e3o de an\u00e1lises avan\u00e7adas com a ado\u00e7\u00e3o de novas tecnologias, como sistemas de pagamento digital e dispositivos IoT, continuar\u00e1 a transformar os postos de gasolina para melhorar a experi\u00eancia do cliente e aumentar a gera\u00e7\u00e3o de receitas.<\/li>\n\n\n\n<li>A expans\u00e3o das ofertas das lojas de conveni\u00eancia est\u00e1 a tornar-se cada vez mais comum entre os postos de gasolina para atrair clientes e gerar receitas adicionais, e a pesquisa de mercado dos postos de gasolina desempenha um papel fundamental na identifica\u00e7\u00e3o das prefer\u00eancias dos consumidores e das \u00e1reas potenciais de crescimento.<\/li>\n\n\n\n<li>No setor de postos de gasolina, onde a concorr\u00eancia est\u00e1 se intensificando, \u00e9 essencial proporcionar uma excelente experi\u00eancia ao cliente para manter e atrair clientes.<\/li>\n\n\n\n<li>To reduce their carbon footprint and satisfy the rising need for environmentally friendly goods and services, businesses may emphasize sustainability and environmental impact more in <a href=\"https:\/\/www.sisinternational.com\/pt\/biocombustiveis-na-industria-aerea\/\" title=\"Pesquisa de mercado de sustentabilidade em companhias a\u00e9reas\"  data-wpil-monitor-id=\"2444\">pesquisa de mercado em postos de gasolina<\/a> in the future. Moreover, comprehensive market research can provide valuable insights into identifying the best practices as well as understanding consumer preferences and potential growth opportunities within this area.<\/li>\n\n\n\n<li>Incentives for alternative fuel vehicles and government regulations and policies such as emission standards and fuel economy requirements can have a significant impact on the <a href=\"https:\/\/www.sisinternational.com\/pt\/compreender-o-regime-de-comercio-de-emissoes-da-ue-um-relatorio-sis\/\" title=\"Pesquisa de mercado de com\u00e9rcio de emiss\u00f5es\"  data-wpil-monitor-id=\"1732\">pesquisa de mercado em postos de gasolina<\/a>. To understand the implications of these policies and develop strategies for adapting to the changing regulatory landscape, it will be crucial to conduct regular market research.<\/li>\n\n\n\n<li>A evolu\u00e7\u00e3o da ind\u00fastria dos postos de gasolina pode resultar em novos modelos de neg\u00f3cio, incluindo servi\u00e7os de abastecimento por assinatura ou entrega de combust\u00edvel a pedido, e tamb\u00e9m \u00e9 poss\u00edvel que parcerias estrat\u00e9gicas com retalhistas e prestadores de servi\u00e7os se tornem mais comuns. A realiza\u00e7\u00e3o de pesquisas de mercado em postos de gasolina \u00e9 essencial para identificar a viabilidade e o potencial desses novos modelos de neg\u00f3cios.<\/li>\n<\/ul>","protected":false},"excerpt":{"rendered":"<p>A pesquisa de mercado de postos de gasolina oferece uma melhor compreens\u00e3o da import\u00e2ncia de conhecer o mercado e identificar oportunidades de crescimento.<\/p>","protected":false},"author":1,"featured_media":63840,"parent":14514,"menu_order":293,"comment_status":"closed","ping_status":"closed","template":"","meta":{"footnotes":""},"class_list":["post-42636","page","type-page","status-publish","has-post-thumbnail"],"_links":{"self":[{"href":"https:\/\/www.sisinternational.com\/pt\/wp-json\/wp\/v2\/pages\/42636","targetHints":{"allow":["GET"]}}],"collection":[{"href":"https:\/\/www.sisinternational.com\/pt\/wp-json\/wp\/v2\/pages"}],"about":[{"href":"https:\/\/www.sisinternational.com\/pt\/wp-json\/wp\/v2\/types\/page"}],"author":[{"embeddable":true,"href":"https:\/\/www.sisinternational.com\/pt\/wp-json\/wp\/v2\/users\/1"}],"replies":[{"embeddable":true,"href":"https:\/\/www.sisinternational.com\/pt\/wp-json\/wp\/v2\/comments?post=42636"}],"version-history":[{"count":8,"href":"https:\/\/www.sisinternational.com\/pt\/wp-json\/wp\/v2\/pages\/42636\/revisions"}],"predecessor-version":[{"id":77383,"href":"https:\/\/www.sisinternational.com\/pt\/wp-json\/wp\/v2\/pages\/42636\/revisions\/77383"}],"up":[{"embeddable":true,"href":"https:\/\/www.sisinternational.com\/pt\/wp-json\/wp\/v2\/pages\/14514"}],"wp:featuredmedia":[{"embeddable":true,"href":"https:\/\/www.sisinternational.com\/pt\/wp-json\/wp\/v2\/media\/63840"}],"wp:attachment":[{"href":"https:\/\/www.sisinternational.com\/pt\/wp-json\/wp\/v2\/media?parent=42636"}],"curies":[{"name":"wp","href":"https:\/\/api.w.org\/{rel}","templated":true}]}}