{"id":42632,"date":"2023-05-01T18:33:59","date_gmt":"2023-05-01T22:33:59","guid":{"rendered":"https:\/\/www.sisinternational.com\/?page_id=42632"},"modified":"2026-01-25T18:36:20","modified_gmt":"2026-01-25T23:36:20","slug":"pesquisa-de-mercado-florestal","status":"publish","type":"page","link":"https:\/\/www.sisinternational.com\/pt\/pericia\/pesquisa-de-mercado-florestal\/","title":{"rendered":"Pesquisa de Mercado Florestal"},"content":{"rendered":"<h1 class=\"wp-block-heading\">Pesquisa de Mercado Florestal<\/h1>\n\n\n\n<figure class=\"gb-block-image gb-block-image-666f0a67\"><img loading=\"lazy\" decoding=\"async\" width=\"1456\" height=\"816\" class=\"gb-image gb-image-666f0a67\" src=\"https:\/\/www.sisinternational.com\/wp-content\/uploads\/2025\/08\/Forestry-4.jpg\" alt=\"Pesquisa e Estrat\u00e9gia de Mercado Internacional da SIS\" title=\"Forestry (4)\" srcset=\"https:\/\/www.sisinternational.com\/wp-content\/uploads\/2025\/08\/Forestry-4.jpg 1456w, https:\/\/www.sisinternational.com\/wp-content\/uploads\/2025\/08\/Forestry-4-300x168.jpg 300w, https:\/\/www.sisinternational.com\/wp-content\/uploads\/2025\/08\/Forestry-4-1024x574.jpg 1024w, https:\/\/www.sisinternational.com\/wp-content\/uploads\/2025\/08\/Forestry-4-768x430.jpg 768w, https:\/\/www.sisinternational.com\/wp-content\/uploads\/2025\/08\/Forestry-4-18x10.jpg 18w\" sizes=\"auto, (max-width: 1456px) 100vw, 1456px\"><\/figure>\n\n\n\n<p><\/p>\n\n\n\n<p>A ind\u00fastria florestal \u00e9 essencial no fornecimento de recursos valiosos, como madeira, papel e produtos florestais n\u00e3o madeireiros. \u00c0 medida que a procura de produtos florestais continua a crescer e as preocupa\u00e7\u00f5es ambientais se tornam mais prementes, \u00e9 essencial que as empresas, os decisores pol\u00edticos e as partes interessadas se mantenham informados sobre a din\u00e2mica da ind\u00fastria atrav\u00e9s de pesquisas de mercado florestais.<\/p>\n\n\n\n<p>A pesquisa de mercado florestal \u00e9 uma ferramenta cr\u00edtica para compreender as tend\u00eancias do mercado, identificar oportunidades emergentes e tomar decis\u00f5es informadas que promovam pr\u00e1ticas sustent\u00e1veis e impulsionem a rentabilidade, enquanto as empresas aderem \u00e0s melhores pr\u00e1ticas do setor e respeitam as regulamenta\u00e7\u00f5es atuais.<\/p>\n\n\n\n<h2 class=\"wp-block-heading\">O que \u00e9 pesquisa de mercado florestal?<\/h2>\n\n\n\n<p>Forestry market research is a systematic process of collecting, analyzing, and drawing conclusions about the forestry industry to provide valuable insights for stakeholders. It studies various aspects of the industry such as <a href=\"https:\/\/www.sisinternational.com\/pt\/solucoes\/consultoria-estrategica\/estudos-de-dimensionamento-de-viabilidade-de-entrada-no-mercado\/\" title=\"Estudos de entrada no mercado, viabilidade e dimensionamento\"  data-wpil-monitor-id=\"9127\">market size<\/a>, growth trends, product demand, consumer preferences, emerging opportunities, and challenges.<\/p>\n\n\n\n<p>Tamb\u00e9m ajuda as empresas a identificar mercados potenciais, compreender a concorr\u00eancia, desenvolver estrat\u00e9gias para o crescimento sustent\u00e1vel e prever tend\u00eancias futuras. Al\u00e9m disso, os decisores pol\u00edticos podem utilizar esta investiga\u00e7\u00e3o para formular pol\u00edticas eficazes, promover pr\u00e1ticas de gest\u00e3o florestal respons\u00e1vel e abordar preocupa\u00e7\u00f5es ambientais.<\/p>\n\n\n\n<h2 class=\"wp-block-heading\">O papel fundamental das empresas<\/h2>\n\n\n\n<figure class=\"gb-block-image gb-block-image-fdc93313\"><img loading=\"lazy\" decoding=\"async\" width=\"1456\" height=\"816\" class=\"gb-image gb-image-fdc93313\" src=\"https:\/\/www.sisinternational.com\/wp-content\/uploads\/2025\/08\/Forestry-2.jpg\" alt=\"Pesquisa e Estrat\u00e9gia de Mercado Internacional da SIS\" title=\"Forestry (2)\" srcset=\"https:\/\/www.sisinternational.com\/wp-content\/uploads\/2025\/08\/Forestry-2.jpg 1456w, https:\/\/www.sisinternational.com\/wp-content\/uploads\/2025\/08\/Forestry-2-300x168.jpg 300w, https:\/\/www.sisinternational.com\/wp-content\/uploads\/2025\/08\/Forestry-2-1024x574.jpg 1024w, https:\/\/www.sisinternational.com\/wp-content\/uploads\/2025\/08\/Forestry-2-768x430.jpg 768w, https:\/\/www.sisinternational.com\/wp-content\/uploads\/2025\/08\/Forestry-2-18x10.jpg 18w\" sizes=\"auto, (max-width: 1456px) 100vw, 1456px\"><\/figure>\n\n\n\n<p>A pesquisa de mercado ajuda as empresas a navegar na ind\u00fastria florestal em constante evolu\u00e7\u00e3o. Ao fornecer informa\u00e7\u00f5es valiosas e an\u00e1lises baseadas em dados, apoia empresas globais na tomada de decis\u00f5es informadas que impulsionam o crescimento, a inova\u00e7\u00e3o e a sustentabilidade \u2013 e alguns dos elementos que a pesquisa de mercado florestal revela s\u00e3o:<\/p>\n\n\n\n<ul class=\"wp-block-list\">\n<li><strong>Identificando oportunidades:<\/strong> A pesquisa de mercado florestal permite que as empresas identifiquem novas oportunidades de mercado, como tend\u00eancias emergentes, nichos inexplorados ou desenvolvimentos de produtos inovadores. Essas informa\u00e7\u00f5es ajudam as empresas a expandir suas ofertas de produtos, entrar em novos mercados e permanecer \u00e0 frente da concorr\u00eancia.<\/li>\n\n\n\n<li><strong>Entendimento <\/strong><a href=\"https:\/\/www.sisinternational.com\/pt\/estudo-de-caso-hipotetico-de-analise-de-consumo-eharmony\/\" title=\"An\u00e1lise do consumidor: estudo de caso hipot\u00e9tico da eHarmony\"  data-wpil-monitor-id=\"9129\">consumer preferences: By studying<\/a> consumer preferences and buying behavior, market research allows businesses to tailor their products and marketing strategies to meet customer demands. It builds strong customer relationships, <a href=\"https:\/\/www.sisinternational.com\/pt\/melhorando-o-relacionamento-com-o-cliente\/\" title=\"Como melhorar a satisfa\u00e7\u00e3o do cliente e encantar clientes insatisfeitos\"  data-wpil-monitor-id=\"9123\">improves customer satisfaction<\/a>, and increases sales.<\/li>\n\n\n\n<li><strong>Analise competitiva:<\/strong> Market research provides businesses with an in-depth understanding of their competitors, including their market share, product offerings, strengths, and weaknesses. With this data, businesses can develop <a href=\"https:\/\/www.sisinternational.com\/pt\/a-necessidade-de-inteligencia-competitiva-nesta-recessao\/\" title=\"A necessidade de intelig\u00eancia competitiva em uma recess\u00e3o\"  data-wpil-monitor-id=\"9125\">strategies<\/a> to differentiate themselves and gain a competitive edge.<\/li>\n\n\n\n<li><strong>Gest\u00e3o de riscos e conformidade regulat\u00f3ria:<\/strong> A ind\u00fastria florestal est\u00e1 sujeita a in\u00fameras regulamenta\u00e7\u00f5es e preocupa\u00e7\u00f5es ambientais \u2013 e a pesquisa de mercado florestal ajuda as empresas a compreender e cumprir as regulamenta\u00e7\u00f5es relevantes, a mitigar riscos e a adotar pr\u00e1ticas sustent\u00e1veis que melhorem a sua reputa\u00e7\u00e3o e o valor da marca.<\/li>\n\n\n\n<li><strong>Planejamento estrat\u00e9gico:<\/strong> Ao analisar dados hist\u00f3ricos e identificar tend\u00eancias, a pesquisa de mercado apoia as empresas na previs\u00e3o de desenvolvimentos futuros do mercado florestal e na tomada de decis\u00f5es baseadas em dados. Isto permite-lhes alocar recursos de forma eficaz, planear o crescimento a longo prazo e adaptar-se \u00e0s mudan\u00e7as nas condi\u00e7\u00f5es do mercado.<\/li>\n<\/ul>\n\n\n\n<h2 class=\"wp-block-heading\">Principais impulsionadores do mercado<\/h2>\n\n\n\n<figure class=\"gb-block-image gb-block-image-0afb418a\"><img loading=\"lazy\" decoding=\"async\" width=\"1456\" height=\"816\" class=\"gb-image gb-image-0afb418a\" src=\"https:\/\/www.sisinternational.com\/wp-content\/uploads\/2025\/08\/Forestry-3.jpg\" alt=\"Pesquisa e Estrat\u00e9gia de Mercado Internacional da SIS\" title=\"Forestry (3)\" srcset=\"https:\/\/www.sisinternational.com\/wp-content\/uploads\/2025\/08\/Forestry-3.jpg 1456w, https:\/\/www.sisinternational.com\/wp-content\/uploads\/2025\/08\/Forestry-3-300x168.jpg 300w, https:\/\/www.sisinternational.com\/wp-content\/uploads\/2025\/08\/Forestry-3-1024x574.jpg 1024w, https:\/\/www.sisinternational.com\/wp-content\/uploads\/2025\/08\/Forestry-3-768x430.jpg 768w, https:\/\/www.sisinternational.com\/wp-content\/uploads\/2025\/08\/Forestry-3-18x10.jpg 18w\" sizes=\"auto, (max-width: 1456px) 100vw, 1456px\"><\/figure>\n\n\n\n<p><\/p>\n\n\n\n<p>A pesquisa de mercado florestal \u00e9 essencial para compreender os fatores que impulsionam o crescimento e o desenvolvimento da ind\u00fastria florestal. Ao examinar estes principais impulsionadores do mercado, as empresas e os decisores pol\u00edticos podem tomar decis\u00f5es informadas para capitalizar as oportunidades e garantir um futuro lucrativo.<\/p>\n\n\n\n<ul class=\"wp-block-list\">\n<li><strong>Crescente demanda por produtos de madeira:<\/strong> A procura global de madeira, papel e outros produtos florestais continua a aumentar, impulsionada pelo crescimento populacional, pela urbaniza\u00e7\u00e3o e pelo aumento dos rendimentos dispon\u00edveis. Portanto, a pesquisa de mercado florestal permite que as empresas identifiquem tend\u00eancias e oportunidades no mercado para atender \u00e0 crescente demanda, mantendo pr\u00e1ticas sustent\u00e1veis.<\/li>\n\n\n\n<li><strong>Manejo florestal sustent\u00e1vel:<\/strong> As environmental concerns become more prominent, there is an increasing focus on sustainable forest management practices. Market research provides insights into best practices, certification standards, and <a href=\"https:\/\/www.sisinternational.com\/pt\/pericia\/curriculos-de-experiencia\/pesquisa-de-mercado-de-produtos-de-higiene-pessoal\/\" title=\"Pesquisa de mercado de produtos de cuidados pessoais\"  data-wpil-monitor-id=\"9132\">market preferences for sustainably sourced products<\/a>, helping businesses and policymakers adopt responsible forest management strategies. Furthermore, this type of <a href=\"https:\/\/www.sisinternational.com\/pt\/pericia\/curriculos-de-experiencia\/pesquisa-de-marca\/\" title=\"Empresa de pesquisa de marca\"  data-wpil-monitor-id=\"9133\">research helps companies<\/a> to maintain their reputation as eco-friendly and sustainable organizations.<\/li>\n\n\n\n<li><strong>Fontes de energia alternativa:<\/strong> The growing need for alternative and renewable energy sources has spurred interest in forest-based bioenergy and biofuels. Forestry market research provides valuable information on the potential of these resources, helping businesses and policymakers explore opportunities and develop strategies to <a href=\"https:\/\/www.sisinternational.com\/pt\/solucoes\/pesquisa-de-consultoria-em-estrategia-fintech\/pesquisa-de-mercado-mercado-de-capitais\/\" title=\"Pesquisa de mercado de mercado de capitais\"  data-wpil-monitor-id=\"9131\">capitalize on this growing market<\/a> segment.<\/li>\n\n\n\n<li><strong>Mitiga\u00e7\u00e3o das altera\u00e7\u00f5es clim\u00e1ticas:<\/strong> As florestas desempenham um papel fundamental na mitiga\u00e7\u00e3o das altera\u00e7\u00f5es clim\u00e1ticas, absorvendo e armazenando di\u00f3xido de carbono. \u00c0 medida que os governos e as empresas procuram reduzir a sua pegada de carbono, a pesquisa de mercado florestal oferece insights sobre o potencial das florestas para o sequestro de carbono e o desenvolvimento de mercados de carbono baseados em florestas.<\/li>\n<\/ul>\n\n\n\n<h2 class=\"wp-block-heading\">Desafios de mercado e restri\u00e7\u00f5es que impactam a ind\u00fastria florestal<\/h2>\n\n\n\n<h3 class=\"wp-block-heading\">Embora a ind\u00fastria florestal ofere\u00e7a um imenso potencial de crescimento e sustentabilidade, tamb\u00e9m enfrenta v\u00e1rios desafios. Alguns dos principais desafios s\u00e3o:<\/h3>\n\n\n\n<ul class=\"wp-block-list\">\n<li><strong>Desmatamento:<\/strong> O r\u00e1pido desmatamento representa amea\u00e7as significativas \u00e0 ind\u00fastria florestal. Contudo, a pesquisa de mercado florestal ajuda as partes interessadas a avaliar a extens\u00e3o destas quest\u00f5es e a desenvolver estrat\u00e9gias para a gest\u00e3o e restaura\u00e7\u00e3o florestal sustent\u00e1vel.<\/li>\n\n\n\n<li><strong>Quest\u00f5es regulat\u00f3rias:<\/strong> A ind\u00fastria florestal est\u00e1 sujeita a in\u00fameras regulamenta\u00e7\u00f5es e navegar por essas regulamenta\u00e7\u00f5es complexas pode ser desafiador e caro. Especialmente porque as regulamenta\u00e7\u00f5es continuam a aumentar devido \u00e0s mudan\u00e7as clim\u00e1ticas.<\/li>\n\n\n\n<li><strong>Conflitos pelo uso da terra:<\/strong> As exig\u00eancias conflitantes por terras podem criar competi\u00e7\u00e3o pelos recursos florestais. A pesquisa de mercado florestal ajuda as partes interessadas a compreender estes conflitos e a identificar estrat\u00e9gias para equilibrar as exig\u00eancias concorrentes de uso da terra, preservando simultaneamente os recursos florestais.<\/li>\n\n\n\n<li><strong>Das Altera\u00e7\u00f5es Clim\u00e1ticas:<\/strong> Climate change poses significant threats to forest ecosystems and <a href=\"https:\/\/www.sisinternational.com\/pt\/pericia\/industrias\/pesquisa-de-mercado-sobre-mudancas-climaticas\/\" title=\"Pesquisa de mercado sobre mudan\u00e7as clim\u00e1ticas\"  data-wpil-monitor-id=\"4989\">pesquisa de mercado florestal<\/a> helps stakeholders assess the impacts of climate change on forests and develop adaptive management strategies to mitigate these risks.<\/li>\n<\/ul>\n\n\n\n<h2 class=\"wp-block-heading\">A perspectiva da Pesquisa de Mercado Florestal: Prevendo um futuro sustent\u00e1vel e lucrativo<\/h2>\n\n\n\n<figure class=\"gb-block-image gb-block-image-5d90649e\"><img loading=\"lazy\" decoding=\"async\" width=\"1456\" height=\"816\" class=\"gb-image gb-image-5d90649e\" src=\"https:\/\/www.sisinternational.com\/wp-content\/uploads\/2025\/08\/Forestry-1.jpg\" alt=\"Pesquisa e Estrat\u00e9gia de Mercado Internacional da SIS\" title=\"Forestry (1)\" srcset=\"https:\/\/www.sisinternational.com\/wp-content\/uploads\/2025\/08\/Forestry-1.jpg 1456w, https:\/\/www.sisinternational.com\/wp-content\/uploads\/2025\/08\/Forestry-1-300x168.jpg 300w, https:\/\/www.sisinternational.com\/wp-content\/uploads\/2025\/08\/Forestry-1-1024x574.jpg 1024w, https:\/\/www.sisinternational.com\/wp-content\/uploads\/2025\/08\/Forestry-1-768x430.jpg 768w, https:\/\/www.sisinternational.com\/wp-content\/uploads\/2025\/08\/Forestry-1-18x10.jpg 18w\" sizes=\"auto, (max-width: 1456px) 100vw, 1456px\"><\/figure>\n\n\n\n<p><\/p>\n\n\n\n<p>A perspectiva da pesquisa de mercado florestal \u00e9 promissora, uma vez que continua a desempenhar um papel importante na defini\u00e7\u00e3o do futuro da ind\u00fastria florestal.<\/p>\n\n\n\n<ul class=\"wp-block-list\">\n<li>As the demand for forest products continues to grow globally, market research will be crucial in identifying new markets and opportunities for businesses. By understanding regional market dynamics, businesses can tailor their strategies, products, and <a href=\"https:\/\/www.sisinternational.com\/pt\/solucoes\/pesquisa-de-consultoria-em-estrategia-fintech\/pesquisa-de-mercado-de-servicos-financeiros\/\" title=\"Pesquisa de mercado de servi\u00e7os financeiros\"  data-wpil-monitor-id=\"9134\">services to meet specific market<\/a> demands, paving the way for global expansion and maintaining steady growth despite industry challenges.<\/li>\n\n\n\n<li>Com as preocupa\u00e7\u00f5es crescentes sobre a desfloresta\u00e7\u00e3o e as altera\u00e7\u00f5es clim\u00e1ticas, a necessidade de pr\u00e1ticas de gest\u00e3o florestal sustent\u00e1vel nunca foi t\u00e3o grande. A pesquisa de mercado florestal desempenhar\u00e1 um papel vital na identifica\u00e7\u00e3o de melhores pr\u00e1ticas, solu\u00e7\u00f5es inovadoras e prefer\u00eancias de mercado para produtos de origem sustent\u00e1vel, permitindo que as empresas e os decisores pol\u00edticos promovam a gest\u00e3o e conserva\u00e7\u00e3o respons\u00e1vel das florestas.<\/li>\n\n\n\n<li>O desenvolvimento de novos produtos florestais e de tecnologias de processamento de valor acrescentado, como materiais de base biol\u00f3gica e produtos qu\u00edmicos, oferece oportunidades de diversifica\u00e7\u00e3o e crescimento. Consequentemente, a pesquisa de mercado florestal ajudar\u00e1 as empresas a identificar estas oportunidades emergentes e a capitaliz\u00e1-las para expandir os seus portf\u00f3lios de produtos e aumentar a rentabilidade.<\/li>\n<\/ul>\n\n\n\n<p>A SIS International oferece Pesquisa Quantitativa, Qualitativa e Estrat\u00e9gica. Fornecemos dados, ferramentas, estrat\u00e9gias, relat\u00f3rios e insights para tomada de decis\u00f5es. Conduzimos entrevistas, pesquisas, grupos focais e muitos outros m\u00e9todos e abordagens de Pesquisa de Mercado. Contate-nos para o seu pr\u00f3ximo projeto de Pesquisa de Mercado.<\/p>","protected":false},"excerpt":{"rendered":"<p>\u00c0 medida que a procura e as preocupa\u00e7\u00f5es ambientais crescem, as empresas devem manter-se informadas sobre a ind\u00fastria de produtos florestais com a Pesquisa de Mercado Florestal.<\/p>","protected":false},"author":1,"featured_media":63807,"parent":14514,"menu_order":292,"comment_status":"closed","ping_status":"closed","template":"","meta":{"footnotes":""},"class_list":["post-42632","page","type-page","status-publish","has-post-thumbnail"],"_links":{"self":[{"href":"https:\/\/www.sisinternational.com\/pt\/wp-json\/wp\/v2\/pages\/42632","targetHints":{"allow":["GET"]}}],"collection":[{"href":"https:\/\/www.sisinternational.com\/pt\/wp-json\/wp\/v2\/pages"}],"about":[{"href":"https:\/\/www.sisinternational.com\/pt\/wp-json\/wp\/v2\/types\/page"}],"author":[{"embeddable":true,"href":"https:\/\/www.sisinternational.com\/pt\/wp-json\/wp\/v2\/users\/1"}],"replies":[{"embeddable":true,"href":"https:\/\/www.sisinternational.com\/pt\/wp-json\/wp\/v2\/comments?post=42632"}],"version-history":[{"count":5,"href":"https:\/\/www.sisinternational.com\/pt\/wp-json\/wp\/v2\/pages\/42632\/revisions"}],"predecessor-version":[{"id":81528,"href":"https:\/\/www.sisinternational.com\/pt\/wp-json\/wp\/v2\/pages\/42632\/revisions\/81528"}],"up":[{"embeddable":true,"href":"https:\/\/www.sisinternational.com\/pt\/wp-json\/wp\/v2\/pages\/14514"}],"wp:featuredmedia":[{"embeddable":true,"href":"https:\/\/www.sisinternational.com\/pt\/wp-json\/wp\/v2\/media\/63807"}],"wp:attachment":[{"href":"https:\/\/www.sisinternational.com\/pt\/wp-json\/wp\/v2\/media?parent=42632"}],"curies":[{"name":"wp","href":"https:\/\/api.w.org\/{rel}","templated":true}]}}