{"id":42629,"date":"2023-05-01T17:43:49","date_gmt":"2023-05-01T21:43:49","guid":{"rendered":"https:\/\/www.sisinternational.com\/?page_id=42629"},"modified":"2026-03-12T13:21:29","modified_gmt":"2026-03-12T17:21:29","slug":"pesquisa-de-mercado-de-ingredientes-de-bebidas-alimenticias","status":"publish","type":"page","link":"https:\/\/www.sisinternational.com\/pt\/solucoes\/pesquisa-de-mercado-da-industria-de-bebidas-alimenticias\/pesquisa-de-mercado-de-ingredientes-de-bebidas-alimenticias\/","title":{"rendered":"Pesquisa de mercado de ingredientes de alimentos e bebidas"},"content":{"rendered":"<h1 class=\"wp-block-heading\">Pesquisa de mercado de ingredientes de alimentos e bebidas<\/h1>\n\n\n\n<figure class=\"gb-block-image gb-block-image-66181560\"><img loading=\"lazy\" decoding=\"async\" width=\"1456\" height=\"816\" class=\"gb-image gb-image-66181560\" src=\"https:\/\/www.sisinternational.com\/wp-content\/uploads\/2025\/08\/Mexican-food-lunch-10.jpg\" alt=\"Pesquisa e Estrat\u00e9gia de Mercado Internacional da SIS\" title=\"Mexican food lunch (10)\" srcset=\"https:\/\/www.sisinternational.com\/wp-content\/uploads\/2025\/08\/Mexican-food-lunch-10.jpg 1456w, https:\/\/www.sisinternational.com\/wp-content\/uploads\/2025\/08\/Mexican-food-lunch-10-300x168.jpg 300w, https:\/\/www.sisinternational.com\/wp-content\/uploads\/2025\/08\/Mexican-food-lunch-10-1024x574.jpg 1024w, https:\/\/www.sisinternational.com\/wp-content\/uploads\/2025\/08\/Mexican-food-lunch-10-768x430.jpg 768w, https:\/\/www.sisinternational.com\/wp-content\/uploads\/2025\/08\/Mexican-food-lunch-10-18x10.jpg 18w\" sizes=\"auto, (max-width: 1456px) 100vw, 1456px\"><\/figure>\n\n\n\n<p><\/p>\n\n\n\n<h2 class=\"wp-block-heading\">Pesquisa de mercado de ingredientes de alimentos e bebidas: vis\u00e3o geral do mercado<\/h2>\n\n\n\n<p>A pesquisa de mercado de ingredientes de alimentos e bebidas fornece insights sobre informa\u00e7\u00f5es vitais para players importantes da ind\u00fastria global de alimentos e bebidas. Ingredientes alimentares s\u00e3o subst\u00e2ncias que s\u00e3o adicionadas aos produtos alimentares durante o processamento para melhorar o seu sabor, textura, apar\u00eancia, estabilidade e conte\u00fado nutricional. Eles podem ser naturais ou sint\u00e9ticos e s\u00e3o usados em uma ampla variedade de produtos aliment\u00edcios e bebidas, incluindo produtos de panifica\u00e7\u00e3o, latic\u00ednios, bebidas, confeitaria, molhos, temperos e muito mais.<\/p>\n\n\n\n<h2 class=\"wp-block-heading\">Benef\u00edcios dos Ingredientes de Alimentos e Bebidas<\/h2>\n\n\n\n<h3 class=\"wp-block-heading\">Os ingredientes de alimentos e bebidas oferecem in\u00fameros benef\u00edcios para a ind\u00fastria de alimentos e bebidas.<\/h3>\n\n\n\n<ul class=\"wp-block-list\">\n<li><strong>Sabor e Sabor Melhorados \u2013<\/strong> Ingredientes alimentares, como sabores e temperos, melhoram o sabor e o sabor dos produtos aliment\u00edcios, dando-lhes uma vantagem de mercado.<\/li>\n\n\n\n<li><strong>Textura e apar\u00eancia aprimoradas \u2013<\/strong> Emulsificantes, estabilizantes e espessantes melhoram a textura e a apar\u00eancia dos produtos aliment\u00edcios, evitando assim a separa\u00e7\u00e3o ou deteriora\u00e7\u00e3o.<\/li>\n\n\n\n<li><strong>Vida \u00fatil estendida \u2013<\/strong> Os aditivos alimentares, como conservantes e antioxidantes, prolongam a vida \u00fatil dos produtos alimentares, minimizando assim o desperd\u00edcio de alimentos e beneficiando tanto os fabricantes como os consumidores.<\/li>\n\n\n\n<li><strong>Aprimoramento Nutricional \u2013<\/strong> Ingredientes alimentares como fortificantes, vitaminas e minerais melhoram o valor nutricional dos produtos alimentares, abordando assim as defici\u00eancias nutricionais e incentivando escolhas alimentares mais saud\u00e1veis.<\/li>\n\n\n\n<li><strong>Seguran\u00e7a Alimentar Melhorada \u2013<\/strong> Os agentes antimicrobianos e conservantes desempenham um papel vital na garantia da seguran\u00e7a alimentar, reduzindo o risco de doen\u00e7as contaminadas e prevenindo a deteriora\u00e7\u00e3o durante o transporte e armazenamento.<\/li>\n\n\n\n<li><strong>Desenvolvimento de produto aprimorado \u2013<\/strong> Os ingredientes alimentares permitem a inova\u00e7\u00e3o de produtos, permitindo o desenvolvimento de produtos especializados para necessidades diet\u00e9ticas espec\u00edficas ou prefer\u00eancias do consumidor e a cria\u00e7\u00e3o de experi\u00eancias alimentares \u00fanicas.<\/li>\n\n\n\n<li><strong>Maior conveni\u00eancia \u2013<\/strong> Os ingredientes alimentares aumentam a conveni\u00eancia dos produtos alimentares, permitindo uma vida \u00fatil mais longa, reduzindo a necessidade de refrigera\u00e7\u00e3o e permitindo um armazenamento e transporte simples, satisfazendo assim o estilo de vida agitado de hoje.<\/li>\n<\/ul>\n\n\n\n<p>\u00c0 medida que a procura dos consumidores por op\u00e7\u00f5es alimentares mais saud\u00e1veis, mais naturais e mais sustent\u00e1veis continua a aumentar, espera-se que a utiliza\u00e7\u00e3o de ingredientes em produtos alimentares e bebidas aumente, impulsionando ainda mais a inova\u00e7\u00e3o e o crescimento do mercado.<\/p>\n\n\n\n<h2 class=\"wp-block-heading\">Pesquisa de mercado de ingredientes de alimentos e bebidas: an\u00e1lise de mercado<\/h2>\n\n\n\n<figure class=\"gb-block-image gb-block-image-35f00f7f\"><img loading=\"lazy\" decoding=\"async\" width=\"1456\" height=\"816\" class=\"gb-image gb-image-35f00f7f\" src=\"https:\/\/www.sisinternational.com\/wp-content\/uploads\/2025\/08\/Mexican-food-lunch-11.jpg\" alt=\"Pesquisa e Estrat\u00e9gia de Mercado Internacional da SIS\" title=\"Mexican food lunch (11)\" srcset=\"https:\/\/www.sisinternational.com\/wp-content\/uploads\/2025\/08\/Mexican-food-lunch-11.jpg 1456w, https:\/\/www.sisinternational.com\/wp-content\/uploads\/2025\/08\/Mexican-food-lunch-11-300x168.jpg 300w, https:\/\/www.sisinternational.com\/wp-content\/uploads\/2025\/08\/Mexican-food-lunch-11-1024x574.jpg 1024w, https:\/\/www.sisinternational.com\/wp-content\/uploads\/2025\/08\/Mexican-food-lunch-11-768x430.jpg 768w, https:\/\/www.sisinternational.com\/wp-content\/uploads\/2025\/08\/Mexican-food-lunch-11-18x10.jpg 18w\" sizes=\"auto, (max-width: 1456px) 100vw, 1456px\"><\/figure>\n\n\n\n<p><\/p>\n\n\n\n<p>O mercado de ingredientes alimentares \u00e9 extremamente competitivo e caracterizado por um grande n\u00famero de players globais. O mercado \u00e9 segmentado por tipo de produto, fornecimento, aplica\u00e7\u00e3o e geografia. Sabores, cores, conservantes, emulsionantes, enzimas, ado\u00e7antes, vitaminas e minerais est\u00e3o entre as diversas categorias de ingredientes alimentares.<\/p>\n\n\n\n<p>Food ingredients can be derived from natural sources like fruits, vegetables, dairy, grains, and livestock, as well as synthetic sources. Food ingredients have numerous uses and can be found in numerous food and beverage products. The market is also categorized by region, with the largest markets located in North America, Europe, Asia-Pacific, Latin America, and the Middle <a href=\"https:\/\/www.sisinternational.com\/pt\/cobertura\/pesquisa-de-mercado-africa\/pesquisa-de-mercado-em-uganda-africa\/\" title=\"Pesquisa de mercado em Uganda, \u00c1frica Oriental\"  data-wpil-monitor-id=\"6103\">East and Africa<\/a>.<\/p>\n\n\n\n<h2 class=\"wp-block-heading\">Tend\u00eancias de mercado de pesquisa de mercado de ingredientes de alimentos e bebidas<\/h2>\n\n\n\n<p>A pesquisa de mercado de ingredientes para alimentos e bebidas fornece insights sobre as tend\u00eancias mais recentes que influenciam a ind\u00fastria de alimentos e bebidas. Os fabricantes de ingredientes alimentares, fornecedores e desenvolvedores de produtos aliment\u00edcios devem estar cientes das tend\u00eancias do mercado para permanecerem competitivos e satisfazerem as demandas dos consumidores.<\/p>\n\n\n\n<p>Listadas abaixo est\u00e3o algumas das tend\u00eancias de mercado mais significativas na ind\u00fastria de ingredientes aliment\u00edcios com base em dados e estrat\u00e9gias de pesquisa de mercado de ingredientes para alimentos e bebidas:<\/p>\n\n\n\n<ul class=\"wp-block-list\">\n<li><strong>Ingredientes de etiqueta limpa: <\/strong>Os consumidores procuram cada vez mais a transpar\u00eancia nos produtos alimentares, resultando num aumento na procura de ingredientes com r\u00f3tulos limpos. Ingredientes de r\u00f3tulo limpo s\u00e3o ingredientes naturais ou minimamente processados que s\u00e3o facilmente identific\u00e1veis e compreens\u00edveis para os consumidores. Eles n\u00e3o possuem aditivos sint\u00e9ticos, conservantes e outros componentes qu\u00edmicos. Ingredientes de r\u00f3tulo limpo est\u00e3o se tornando cada vez mais populares devido aos seus benef\u00edcios \u00e0 sa\u00fade e \u00e0 prefer\u00eancia por op\u00e7\u00f5es alimentares mais naturais e nutritivas.<\/li>\n\n\n\n<li><strong>Ingredientes \u00e0 base de plantas: <\/strong>Com o aumento das dietas \u00e0 base de plantas e a crescente consci\u00eancia da sustentabilidade e das quest\u00f5es ambientais, a utiliza\u00e7\u00e3o de ingredientes alimentares \u00e0 base de plantas est\u00e1 a aumentar. Os ingredientes \u00e0 base de plantas s\u00e3o derivados de fontes vegetais, como frutas, vegetais, gr\u00e3os, nozes e sementes, que s\u00e3o utilizados em v\u00e1rios produtos aliment\u00edcios e bebidas. Em compara\u00e7\u00e3o com ingredientes de origem animal, s\u00e3o considerados mais saud\u00e1veis e mais ecol\u00f3gicos, sendo, portanto, preferidos pelos consumidores que procuram op\u00e7\u00f5es alimentares \u00e0 base de plantas ou veganas.<\/li>\n\n\n\n<li><strong>Ingredientes Funcionais: <\/strong>Ingredientes funcionais s\u00e3o aqueles que proporcionam efeitos ben\u00e9ficos \u00e0 sa\u00fade, al\u00e9m da nutri\u00e7\u00e3o b\u00e1sica. Estes ingredientes s\u00e3o adicionados aos produtos alimentares para aumentar o seu valor nutricional e promover a sa\u00fade e o bem-estar. Probi\u00f3ticos, prebi\u00f3ticos, antioxidantes, \u00e1cidos graxos \u00f4mega-3 e fibras s\u00e3o alguns desses exemplos. A procura por ingredientes funcionais \u00e9 impulsionada pela crescente consciencializa\u00e7\u00e3o dos consumidores sobre a liga\u00e7\u00e3o entre dieta e sa\u00fade e pelo seu desejo por alimentos nutritivos que proporcionem benef\u00edcios de sa\u00fade adicionais para al\u00e9m da nutri\u00e7\u00e3o b\u00e1sica.<\/li>\n<\/ul>\n\n\n\n<p>Al\u00e9m disso, o mercado de ingredientes alimentares \u00e9 impactado por factores como a varia\u00e7\u00e3o das prefer\u00eancias dos consumidores por op\u00e7\u00f5es alimentares mais saud\u00e1veis e naturais, o aumento da procura de alimentos de conveni\u00eancia e o aumento da consciencializa\u00e7\u00e3o sobre os benef\u00edcios dos ingredientes funcionais. Al\u00e9m disso, o aumento da popula\u00e7\u00e3o global, a urbaniza\u00e7\u00e3o e a altera\u00e7\u00e3o dos estilos de vida levaram a um aumento na procura de alimentos processados e embalados, o que contribuiu para a expans\u00e3o do mercado de ingredientes alimentares.<\/p>\n\n\n\n<h2 class=\"wp-block-heading\">Metodologias de pesquisa de mercado de ingredientes para alimentos e bebidas<\/h2>\n\n\n\n<figure class=\"gb-block-image gb-block-image-c70da8d3\"><img loading=\"lazy\" decoding=\"async\" width=\"1456\" height=\"816\" class=\"gb-image gb-image-c70da8d3\" src=\"https:\/\/www.sisinternational.com\/wp-content\/uploads\/2025\/10\/Hotel-restaurant-1.jpg\" alt=\"Pesquisa e Estrat\u00e9gia de Mercado Internacional da SIS\" title=\"Hotel restaurant (1)\" srcset=\"https:\/\/www.sisinternational.com\/wp-content\/uploads\/2025\/10\/Hotel-restaurant-1.jpg 1456w, https:\/\/www.sisinternational.com\/wp-content\/uploads\/2025\/10\/Hotel-restaurant-1-300x168.jpg 300w, https:\/\/www.sisinternational.com\/wp-content\/uploads\/2025\/10\/Hotel-restaurant-1-1024x574.jpg 1024w, https:\/\/www.sisinternational.com\/wp-content\/uploads\/2025\/10\/Hotel-restaurant-1-768x430.jpg 768w, https:\/\/www.sisinternational.com\/wp-content\/uploads\/2025\/10\/Hotel-restaurant-1-18x10.jpg 18w\" sizes=\"auto, (max-width: 1456px) 100vw, 1456px\"><\/figure>\n\n\n\n<p>The choice of research methods may vary depending on the research objectives, scope, and resources available for the <a href=\"https:\/\/www.sisinternational.com\/pt\/pericia\/industrias\/pesquisa-de-mercado-de-recursos-naturais\/\" title=\"Pesquisa de mercado de recursos naturais\"  data-wpil-monitor-id=\"4757\">Food and beverage ingredient market<\/a> research:<\/p>\n\n\n\n<ul class=\"wp-block-list\">\n<li>Realiza\u00e7\u00e3o de pesquisas e question\u00e1rios entre p\u00fablicos-alvo, incluindo fabricantes de alimentos, fornecedores e consumidores, a fim de coletar informa\u00e7\u00f5es sobre prefer\u00eancias de ingredientes, padr\u00f5es de uso e tend\u00eancias de mercado.<\/li>\n\n\n\n<li>Realiza\u00e7\u00e3o de entrevistas aprofundadas com especialistas do setor, principais partes interessadas e l\u00edderes de opini\u00e3o influentes, a fim de obter insights qualitativos sobre tend\u00eancias, desafios e oportunidades de mercado.<\/li>\n\n\n\n<li>Analyzing data and <a href=\"https:\/\/www.sisinternational.com\/pt\/desenvolvimento-da-cidade-de-hartford-connecticut\/\" title=\"Pesquisa de mercado em Hartford, Connecticut\"  data-wpil-monitor-id=\"1761\">strategies in Food and beverage ingredient market<\/a> research, reports, and evaluations in order to extract pertinent information on market trends, market size, growth rate, and market share.<\/li>\n\n\n\n<li>Conduzir uma an\u00e1lise de mercado completa utilizando uma variedade de ferramentas e metodologias para avaliar o cen\u00e1rio competitivo, a din\u00e2mica do mercado e as tend\u00eancias do mercado.<\/li>\n\n\n\n<li>Revisar e analisar literatura publicada, peri\u00f3dicos, artigos e relat\u00f3rios do setor para adquirir informa\u00e7\u00f5es sobre tend\u00eancias de mercado, atualiza\u00e7\u00f5es regulat\u00f3rias e desenvolvimentos do setor relativos aos mercados de ingredientes aliment\u00edcios.<\/li>\n\n\n\n<li>Pesquisa observacional em ambientes da vida real, como lojas de varejo de alimentos e estabelecimentos de servi\u00e7os de alimenta\u00e7\u00e3o, para coletar dados sobre utiliza\u00e7\u00e3o de ingredientes, posicionamento de produtos e comportamento do consumidor.<\/li>\n<\/ul>\n\n\n\n<p>Utilizing data and strategies in <a href=\"https:\/\/www.sisinternational.com\/pt\/pericia\/industrias\/pesquisa-de-mercado-sobre-utilidades\/\" title=\"Pesquisa de mercado em servi\u00e7os p\u00fablicos\"  data-wpil-monitor-id=\"4023\">food and beverage ingredient market<\/a> research can lead to more effective and efficient business operations, increased market share, and sustainable business growth in the dynamic and evolving food ingredient industry.<\/p>","protected":false},"excerpt":{"rendered":"<p>A pesquisa de mercado de ingredientes de alimentos e bebidas fornece insights sobre informa\u00e7\u00f5es vitais para importantes players globais da ind\u00fastria de alimentos e bebidas.<\/p>","protected":false},"author":1,"featured_media":63962,"parent":22018,"menu_order":291,"comment_status":"closed","ping_status":"closed","template":"","meta":{"footnotes":""},"class_list":["post-42629","page","type-page","status-publish","has-post-thumbnail"],"_links":{"self":[{"href":"https:\/\/www.sisinternational.com\/pt\/wp-json\/wp\/v2\/pages\/42629","targetHints":{"allow":["GET"]}}],"collection":[{"href":"https:\/\/www.sisinternational.com\/pt\/wp-json\/wp\/v2\/pages"}],"about":[{"href":"https:\/\/www.sisinternational.com\/pt\/wp-json\/wp\/v2\/types\/page"}],"author":[{"embeddable":true,"href":"https:\/\/www.sisinternational.com\/pt\/wp-json\/wp\/v2\/users\/1"}],"replies":[{"embeddable":true,"href":"https:\/\/www.sisinternational.com\/pt\/wp-json\/wp\/v2\/comments?post=42629"}],"version-history":[{"count":8,"href":"https:\/\/www.sisinternational.com\/pt\/wp-json\/wp\/v2\/pages\/42629\/revisions"}],"predecessor-version":[{"id":79727,"href":"https:\/\/www.sisinternational.com\/pt\/wp-json\/wp\/v2\/pages\/42629\/revisions\/79727"}],"up":[{"embeddable":true,"href":"https:\/\/www.sisinternational.com\/pt\/wp-json\/wp\/v2\/pages\/22018"}],"wp:featuredmedia":[{"embeddable":true,"href":"https:\/\/www.sisinternational.com\/pt\/wp-json\/wp\/v2\/media\/63962"}],"wp:attachment":[{"href":"https:\/\/www.sisinternational.com\/pt\/wp-json\/wp\/v2\/media?parent=42629"}],"curies":[{"name":"wp","href":"https:\/\/api.w.org\/{rel}","templated":true}]}}