{"id":42627,"date":"2023-05-01T16:54:09","date_gmt":"2023-05-01T20:54:09","guid":{"rendered":"https:\/\/www.sisinternational.com\/?page_id=42627"},"modified":"2026-03-12T13:28:44","modified_gmt":"2026-03-12T17:28:44","slug":"pesquisa-de-mercado-de-aditivos-para-bebidas-alimentares","status":"publish","type":"page","link":"https:\/\/www.sisinternational.com\/pt\/solucoes\/pesquisa-de-mercado-da-industria-de-bebidas-alimenticias\/pesquisa-de-mercado-de-aditivos-para-bebidas-alimentares\/","title":{"rendered":"Pesquisa de mercado de aditivos para alimentos e bebidas"},"content":{"rendered":"<h1 class=\"wp-block-heading\">Pesquisa de mercado de aditivos para alimentos e bebidas<\/h1>\n\n\n\n<figure class=\"gb-block-image gb-block-image-7c5645a7\"><img loading=\"lazy\" decoding=\"async\" width=\"1456\" height=\"816\" class=\"gb-image gb-image-7c5645a7\" src=\"https:\/\/www.sisinternational.com\/wp-content\/uploads\/2025\/08\/Ready-to-Drink-RTD-Beverage-5.jpg\" alt=\"Pesquisa e Estrat\u00e9gia de Mercado Internacional da SIS\" title=\"Ready to Drink (RTD) Beverage (5)\" srcset=\"https:\/\/www.sisinternational.com\/wp-content\/uploads\/2025\/08\/Ready-to-Drink-RTD-Beverage-5.jpg 1456w, https:\/\/www.sisinternational.com\/wp-content\/uploads\/2025\/08\/Ready-to-Drink-RTD-Beverage-5-300x168.jpg 300w, https:\/\/www.sisinternational.com\/wp-content\/uploads\/2025\/08\/Ready-to-Drink-RTD-Beverage-5-1024x574.jpg 1024w, https:\/\/www.sisinternational.com\/wp-content\/uploads\/2025\/08\/Ready-to-Drink-RTD-Beverage-5-768x430.jpg 768w, https:\/\/www.sisinternational.com\/wp-content\/uploads\/2025\/08\/Ready-to-Drink-RTD-Beverage-5-18x10.jpg 18w\" sizes=\"auto, (max-width: 1456px) 100vw, 1456px\"><\/figure>\n\n\n\n<p><\/p>\n\n\n\n<p>A pesquisa de mercado de aditivos para alimentos e bebidas fornece insights sobre a ind\u00fastria de aditivos alimentares que abrange uma ampla gama de subst\u00e2ncias usadas para melhorar a qualidade, seguran\u00e7a e conveni\u00eancia dos alimentos processados. Aditivos alimentares s\u00e3o definidos como qualquer subst\u00e2ncia adicionada intencionalmente aos alimentos para fins tecnol\u00f3gicos, funcionais ou sensoriais e que n\u00e3o seja consumida rotineiramente como ingrediente alimentar. Antes de poderem ser utilizados em qualquer produto alimentar, s\u00e3o normalmente adicionados em quantidades m\u00ednimas e est\u00e3o sujeitos a aprova\u00e7\u00e3o regulamentar e avalia\u00e7\u00f5es de seguran\u00e7a. Eles servem a uma variedade de prop\u00f3sitos, incluindo melhorar o sabor, a cor, a textura, o aroma, a estabilidade e a seguran\u00e7a dos alimentos.<\/p>\n\n\n\n<h2 class=\"wp-block-heading\">Tipos de produtos de pesquisa de mercado de aditivos para alimentos e bebidas<\/h2>\n\n\n\n<p>A pesquisa de mercado fornece insights sobre alguns tipos comuns de aditivos para alimentos e bebidas e suas fun\u00e7\u00f5es. Existem in\u00fameros tipos de aditivos alimentares, cada um com suas fun\u00e7\u00f5es espec\u00edficas, conforme mostrado abaixo:<\/p>\n\n\n\n<ul class=\"wp-block-list\">\n<li><strong>Conservantes \u2013<\/strong> Estas subst\u00e2ncias inibem a prolifera\u00e7\u00e3o de microrganismos nocivos nos produtos alimentares, prolongando o seu prazo de validade e garantindo a sua seguran\u00e7a.<\/li>\n\n\n\n<li><strong>Antioxidantes \u2013<\/strong> Estes aditivos previnem ou retardam a oxida\u00e7\u00e3o de gorduras e \u00f3leos em produtos alimentares, evitando assim o ran\u00e7o e aumentando o prazo de validade.<\/li>\n\n\n\n<li><strong>Emulsionantes \u2013<\/strong> Esses aditivos alimentares auxiliam na mistura e estabiliza\u00e7\u00e3o de ingredientes imisc\u00edveis, como \u00f3leo e \u00e1gua, para melhorar a textura, consist\u00eancia e apar\u00eancia dos produtos aliment\u00edcios.<\/li>\n\n\n\n<li><strong>Ado\u00e7antes \u2013<\/strong> Eles conferem um sabor adocicado aos produtos aliment\u00edcios, natural ou artificialmente, sem influenciar significativamente os n\u00edveis de a\u00e7\u00facar no sangue ou as calorias.<\/li>\n\n\n\n<li><strong>Corantes \u2013<\/strong> Agentes corantes que real\u00e7am a cor dos produtos alimentares, aumentando assim o seu apelo visual e atrac\u00e7\u00e3o ao consumidor.<\/li>\n\n\n\n<li><strong>Intensificadores de sabor \u2013<\/strong> Aditivos alimentares que melhoram o sabor e aroma dos produtos alimentares, aumentando assim as suas qualidades sensoriais e palatabilidade geral.<\/li>\n\n\n\n<li><strong>Estabilizadores \u2013<\/strong> Aditivos que auxiliam na manuten\u00e7\u00e3o da textura, consist\u00eancia e estabilidade dos produtos aliment\u00edcios, evitando a separa\u00e7\u00e3o ou sedimenta\u00e7\u00e3o durante o armazenamento ou processamento.<\/li>\n\n\n\n<li><strong>Espessantes -<\/strong>\u00a0Estes aditivos melhoram a textura e a estabilidade dos produtos alimentares, aumentando a sua viscosidade ou espessura.<\/li>\n<\/ul>\n\n\n\n<p>Food and beverage additives are essential in modern food processing, as they play a crucial role in improving the stability and sensory properties of food products. Data and <a href=\"https:\/\/www.sisinternational.com\/pt\/desenvolvimento-da-cidade-de-hartford-connecticut\/\" title=\"Pesquisa de mercado em Hartford, Connecticut\"  data-wpil-monitor-id=\"1764\">strategies in Food and Beverage Additive Market<\/a> Research help in understanding the types and functions of food additives is vital for food manufacturers, regulators, and consumers to ensure the safety and quality of food products in the market.<\/p>\n\n\n\n<h2 class=\"wp-block-heading\">Principais segmentos de mercado<\/h2>\n\n\n\n<figure class=\"gb-block-image gb-block-image-306f4189\"><img loading=\"lazy\" decoding=\"async\" width=\"1456\" height=\"816\" class=\"gb-image gb-image-306f4189\" src=\"https:\/\/www.sisinternational.com\/wp-content\/uploads\/2025\/08\/Ready-to-Drink-RTD-Beverage-3.jpg\" alt=\"Pesquisa e Estrat\u00e9gia de Mercado Internacional da SIS\" title=\"Ready to Drink (RTD) Beverage (3)\" srcset=\"https:\/\/www.sisinternational.com\/wp-content\/uploads\/2025\/08\/Ready-to-Drink-RTD-Beverage-3.jpg 1456w, https:\/\/www.sisinternational.com\/wp-content\/uploads\/2025\/08\/Ready-to-Drink-RTD-Beverage-3-300x168.jpg 300w, https:\/\/www.sisinternational.com\/wp-content\/uploads\/2025\/08\/Ready-to-Drink-RTD-Beverage-3-1024x574.jpg 1024w, https:\/\/www.sisinternational.com\/wp-content\/uploads\/2025\/08\/Ready-to-Drink-RTD-Beverage-3-768x430.jpg 768w, https:\/\/www.sisinternational.com\/wp-content\/uploads\/2025\/08\/Ready-to-Drink-RTD-Beverage-3-18x10.jpg 18w\" sizes=\"auto, (max-width: 1456px) 100vw, 1456px\"><\/figure>\n\n\n\n<p><\/p>\n\n\n\n<p>Nos \u00faltimos anos, o mercado global de aditivos alimentares expandiu-se significativamente devido a factores como a mudan\u00e7a nas prefer\u00eancias dos consumidores, o aumento da procura de alimentos processados e de conveni\u00eancia, e inova\u00e7\u00f5es nas tecnologias de processamento de alimentos. O mercado de aditivos para alimentos e bebidas \u00e9 segmentado com base em diversos fatores, incluindo tipo, aplica\u00e7\u00e3o, origem e regi\u00e3o.<\/p>\n\n\n\n<p>As informa\u00e7\u00f5es coletadas para dados e estrat\u00e9gias em Pesquisa de Mercado de Aditivos Alimentares incluem os principais segmentos de mercado de aditivos alimentares:<\/p>\n\n\n\n<ul class=\"wp-block-list\">\n<li><strong>Segmenta\u00e7\u00e3o baseada em tipo: <\/strong>Os aditivos alimentares podem ser categorizados em diferentes tipos com base nas suas fun\u00e7\u00f5es, tais como conservantes, antioxidantes, ado\u00e7antes, intensificadores de sabor, emulsionantes, corantes, estabilizantes, espessantes e muito mais. Cada tipo de aditivo alimentar atende a uma finalidade espec\u00edfica no processamento de alimentos e possui seu segmento de mercado \u00fanico. Por exemplo, a procura de conservantes naturais e antioxidantes tem aumentado devido \u00e0 crescente prefer\u00eancia dos consumidores por produtos alimentares naturais.<\/li>\n\n\n\n<li><strong>Segmenta\u00e7\u00e3o baseada em aplicativos: <\/strong>Na ind\u00fastria de alimentos e bebidas, os aditivos s\u00e3o utilizados em v\u00e1rios produtos aliment\u00edcios, incluindo guloseimas e doces a\u00e7ucarados, bebidas, latic\u00ednios, carnes e aves, molhos e temperos e lanches. A procura de aditivos alimentares pode variar substancialmente com base na sua utiliza\u00e7\u00e3o em diversas categorias de produtos alimentares. Na ind\u00fastria de latic\u00ednios, por exemplo, emulsificantes e estabilizantes s\u00e3o comumente usados para melhorar a textura e a estabilidade de produtos como sorvetes, enquanto conservantes e antioxidantes s\u00e3o comumente usados para prolongar a vida \u00fatil de carnes processadas.<\/li>\n\n\n\n<li><strong>Segmenta\u00e7\u00e3o baseada na fonte: <\/strong>Os aditivos alimentares podem ser derivados de v\u00e1rias fontes naturais, sint\u00e9ticas e h\u00edbridas. Os aditivos alimentares naturais s\u00e3o derivados de fontes naturais, como frutas, vegetais, ervas e temperos, enquanto os aditivos alimentares sint\u00e9ticos s\u00e3o produzidos quimicamente em laborat\u00f3rios. As origens dos aditivos alimentares h\u00edbridos s\u00e3o naturais e sint\u00e9ticas. A demanda do mercado por aditivos alimentares naturais aumentou devido \u00e0 crescente prefer\u00eancia dos consumidores por produtos aliment\u00edcios naturais e com r\u00f3tulo limpo.<\/li>\n\n\n\n<li><strong>Segmenta\u00e7\u00e3o Regional: <\/strong>Factores regionais como as prefer\u00eancias dos consumidores, as pr\u00e1ticas alimentares e os requisitos regulamentares podem influenciar a procura de aditivos alimentares. Por exemplo, o mercado norte-americano de aditivos alimentares naturais registou um crescimento significativo devido \u00e0 crescente sensibiliza\u00e7\u00e3o para a sa\u00fade e o bem-estar, enquanto a regi\u00e3o \u00c1sia-Pac\u00edfico registou uma r\u00e1pida expans\u00e3o do mercado devido ao aumento do consumo de alimentos processados e \u00e0 mudan\u00e7a de estilos de vida.<\/li>\n<\/ul>\n\n\n\n<h2 class=\"wp-block-heading\">Crescimento da ind\u00fastria de aditivos de alimentos e bebidas<\/h2>\n\n\n\n<p>Espera-se que a ind\u00fastria de aditivos para alimentos e bebidas testemunhe um crescimento constante nos pr\u00f3ximos anos. O crescimento da demanda por alimentos processados, a mudan\u00e7a nas prefer\u00eancias dos consumidores por produtos naturais e de r\u00f3tulo limpo, os avan\u00e7os nas tecnologias de processamento de alimentos e regulamenta\u00e7\u00f5es mais rigorosas para seguran\u00e7a e qualidade alimentar s\u00e3o alguns dos principais impulsionadores do crescimento do mercado. Al\u00e9m disso, a crescente consci\u00eancia sobre os benef\u00edcios dos aditivos alimentares, tais como propriedades melhoradas dos alimentos, prazo de validade prolongado e maior qualidade e seguran\u00e7a, est\u00e1 a impulsionar a ado\u00e7\u00e3o de aditivos alimentares na ind\u00fastria alimentar e de bebidas. O mercado tamb\u00e9m est\u00e1 a assistir a uma mudan\u00e7a em dire\u00e7\u00e3o aos aditivos alimentares naturais, \u00e0 medida que os consumidores se tornam mais conscientes sobre os ingredientes utilizados naquilo que comem.<\/p>\n\n\n\n<h2 class=\"wp-block-heading\">Sobre a pesquisa de mercado de aditivos para alimentos e bebidas<\/h2>\n\n\n\n<figure class=\"gb-block-image gb-block-image-0dae3fb5\"><img loading=\"lazy\" decoding=\"async\" width=\"1456\" height=\"816\" class=\"gb-image gb-image-0dae3fb5\" src=\"https:\/\/www.sisinternational.com\/wp-content\/uploads\/2025\/08\/Ready-to-Drink-RTD-Beverage-1.jpg\" alt=\"Pesquisa e Estrat\u00e9gia de Mercado Internacional da SIS\" title=\"Ready to Drink (RTD) Beverage (1)\" srcset=\"https:\/\/www.sisinternational.com\/wp-content\/uploads\/2025\/08\/Ready-to-Drink-RTD-Beverage-1.jpg 1456w, https:\/\/www.sisinternational.com\/wp-content\/uploads\/2025\/08\/Ready-to-Drink-RTD-Beverage-1-300x168.jpg 300w, https:\/\/www.sisinternational.com\/wp-content\/uploads\/2025\/08\/Ready-to-Drink-RTD-Beverage-1-1024x574.jpg 1024w, https:\/\/www.sisinternational.com\/wp-content\/uploads\/2025\/08\/Ready-to-Drink-RTD-Beverage-1-768x430.jpg 768w, https:\/\/www.sisinternational.com\/wp-content\/uploads\/2025\/08\/Ready-to-Drink-RTD-Beverage-1-18x10.jpg 18w\" sizes=\"auto, (max-width: 1456px) 100vw, 1456px\"><\/figure>\n\n\n\n<p><\/p>\n\n\n\n<p><a href=\"https:\/\/www.sisinternational.com\/pt\/solucoes\/pesquisa-de-mercado-da-industria-de-bebidas-alimenticias\/\" title=\"Pesquisa de mercado do setor de alimentos e bebidas\"  data-wpil-monitor-id=\"3639\">Pesquisa de mercado de aditivos para alimentos e bebidas<\/a> provides insights into the future trends in the industry such as the changes in the demand for processed foods, shifting consumer preferences and advances in food processing technologies. In addition, the growing awareness of the benefits of food additives, such as enhanced visual properties, extended shelf life, and increased food safety, is accelerating the adoption of food additives in the food and beverage industry. As individuals become more aware of the ingredients in food products, the market is also experiencing a shift toward natural and clean-label food additives.<\/p>\n\n\n\n<p>Data and <a href=\"https:\/\/www.sisinternational.com\/pt\/ser-verde-melhora-o-desempenho-da-recessao\/\" title=\"Como cortar custos no seu neg\u00f3cio\"  data-wpil-monitor-id=\"7459\">strategies in Food and Beverage Additive Market<\/a> Research can help businesses understand their competitors&#8217; strategies, discover strengths and weaknesses as well as market positioning, enabling them to develop effective competitive strategies.<\/p>\n\n\n\n<p>Al\u00e9m disso, os resultados da pesquisa ajudam as empresas a navegar em cen\u00e1rios regulat\u00f3rios complexos, garantindo a conformidade com as regulamenta\u00e7\u00f5es de seguran\u00e7a e qualidade alimentar e evitando riscos legais e de reputa\u00e7\u00e3o dispendiosos. Por \u00faltimo, a pesquisa de mercado de aditivos para alimentos e bebidas fornece insights que podem permitir que qualquer participante-chave do setor tome decis\u00f5es informadas, otimize suas opera\u00e7\u00f5es e permane\u00e7a \u00e0 frente em uma ind\u00fastria de alimentos e bebidas din\u00e2mica e competitiva.<\/p>","protected":false},"excerpt":{"rendered":"<p>A pesquisa de mercado de aditivos para alimentos e bebidas fornece insights sobre subst\u00e2ncias que melhoram a qualidade, seguran\u00e7a e conveni\u00eancia dos alimentos processados.<\/p>","protected":false},"author":1,"featured_media":64856,"parent":22018,"menu_order":290,"comment_status":"closed","ping_status":"closed","template":"","meta":{"footnotes":""},"class_list":["post-42627","page","type-page","status-publish","has-post-thumbnail"],"_links":{"self":[{"href":"https:\/\/www.sisinternational.com\/pt\/wp-json\/wp\/v2\/pages\/42627","targetHints":{"allow":["GET"]}}],"collection":[{"href":"https:\/\/www.sisinternational.com\/pt\/wp-json\/wp\/v2\/pages"}],"about":[{"href":"https:\/\/www.sisinternational.com\/pt\/wp-json\/wp\/v2\/types\/page"}],"author":[{"embeddable":true,"href":"https:\/\/www.sisinternational.com\/pt\/wp-json\/wp\/v2\/users\/1"}],"replies":[{"embeddable":true,"href":"https:\/\/www.sisinternational.com\/pt\/wp-json\/wp\/v2\/comments?post=42627"}],"version-history":[{"count":7,"href":"https:\/\/www.sisinternational.com\/pt\/wp-json\/wp\/v2\/pages\/42627\/revisions"}],"predecessor-version":[{"id":81091,"href":"https:\/\/www.sisinternational.com\/pt\/wp-json\/wp\/v2\/pages\/42627\/revisions\/81091"}],"up":[{"embeddable":true,"href":"https:\/\/www.sisinternational.com\/pt\/wp-json\/wp\/v2\/pages\/22018"}],"wp:featuredmedia":[{"embeddable":true,"href":"https:\/\/www.sisinternational.com\/pt\/wp-json\/wp\/v2\/media\/64856"}],"wp:attachment":[{"href":"https:\/\/www.sisinternational.com\/pt\/wp-json\/wp\/v2\/media?parent=42627"}],"curies":[{"name":"wp","href":"https:\/\/api.w.org\/{rel}","templated":true}]}}