{"id":42625,"date":"2023-05-01T15:52:44","date_gmt":"2023-05-01T19:52:44","guid":{"rendered":"https:\/\/www.sisinternational.com\/?page_id=42625"},"modified":"2026-01-26T19:01:41","modified_gmt":"2026-01-27T00:01:41","slug":"pesquisa-de-mercado-de-diversidade-e-inclusao-de-equidade","status":"publish","type":"page","link":"https:\/\/www.sisinternational.com\/pt\/pericia\/pesquisa-de-mercado-de-diversidade-e-inclusao-de-equidade\/","title":{"rendered":"Pesquisa de Mercado de Diversidade, Equidade e Inclus\u00e3o"},"content":{"rendered":"<h1 class=\"wp-block-heading\">Pesquisa de Mercado de Diversidade, Equidade e Inclus\u00e3o<\/h1>\n\n\n\n<figure class=\"gb-block-image gb-block-image-01da82c1\"><img loading=\"lazy\" decoding=\"async\" width=\"1456\" height=\"816\" class=\"gb-image gb-image-01da82c1\" src=\"https:\/\/www.sisinternational.com\/wp-content\/uploads\/2025\/08\/Inclusion-diversity-4.jpg\" alt=\"Pesquisa e Estrat\u00e9gia de Mercado Internacional da SIS\" title=\"Inclusion diversity (4)\" srcset=\"https:\/\/www.sisinternational.com\/wp-content\/uploads\/2025\/08\/Inclusion-diversity-4.jpg 1456w, https:\/\/www.sisinternational.com\/wp-content\/uploads\/2025\/08\/Inclusion-diversity-4-300x168.jpg 300w, https:\/\/www.sisinternational.com\/wp-content\/uploads\/2025\/08\/Inclusion-diversity-4-1024x574.jpg 1024w, https:\/\/www.sisinternational.com\/wp-content\/uploads\/2025\/08\/Inclusion-diversity-4-768x430.jpg 768w, https:\/\/www.sisinternational.com\/wp-content\/uploads\/2025\/08\/Inclusion-diversity-4-18x10.jpg 18w\" sizes=\"auto, (max-width: 1456px) 100vw, 1456px\"><\/figure>\n\n\n\n<p><\/p>\n\n\n\n<p>Para permanecerem competitivas e protegerem a sua reputa\u00e7\u00e3o no cen\u00e1rio empresarial global em constante evolu\u00e7\u00e3o, as organiza\u00e7\u00f5es atuais devem dar prioridade \u00e0 Diversidade, Equidade e Inclus\u00e3o (DEI).<\/p>\n\n\n\n<p>Para atingir eficazmente os seus objetivos de DEI, as organiza\u00e7\u00f5es devem contar com pesquisas de mercado completas que identifiquem \u00e1reas de melhoria. Ao utilizar essas informa\u00e7\u00f5es, eles podem criar um ambiente de trabalho melhor, que valorize a diversidade e atenda aos requisitos atuais das empresas modernas.<\/p>\n\n\n\n<h2 class=\"wp-block-heading\">O que \u00e9 pesquisa de mercado DEI?<\/h2>\n\n\n\n<p>A pesquisa de mercado DEI \u00e9 uma ferramenta fundamental para obter informa\u00e7\u00f5es valiosas sobre como as empresas podem melhorar a diversidade e a inclus\u00e3o em seus locais de trabalho. \u00c9 uma abordagem organizada para coletar, analisar e interpretar dados associados ao patrim\u00f4nio de diversidade de uma empresa, juntamente com suas diretrizes de inclus\u00e3o.<\/p>\n\n\n\n<p>Al\u00e9m disso, a realiza\u00e7\u00e3o deste tipo de investiga\u00e7\u00e3o permite \u00e0s empresas avaliar a sua posi\u00e7\u00e3o em rela\u00e7\u00e3o aos padr\u00f5es DEI porque, ao identificar os pontos fortes e fracos relacionados com o DEI, as empresas s\u00e3o capazes de visar \u00e1reas espec\u00edficas que requerem aten\u00e7\u00e3o. Com este conhecimento, podem melhorar os processos de tomada de decis\u00e3o, ao mesmo tempo que promovem uma cultura de local de trabalho inclusiva.<\/p>\n\n\n\n<h2 class=\"wp-block-heading\">A crescente necessidade de pesquisa de mercado DEI no mundo empresarial moderno<\/h2>\n\n\n\n<figure class=\"gb-block-image gb-block-image-a111d754\"><img loading=\"lazy\" decoding=\"async\" width=\"1456\" height=\"816\" class=\"gb-image gb-image-a111d754\" src=\"https:\/\/www.sisinternational.com\/wp-content\/uploads\/2025\/08\/Inclusion-diversity-3.jpg\" alt=\"Pesquisa e Estrat\u00e9gia de Mercado Internacional da SIS\" title=\"Inclusion diversity (3)\" srcset=\"https:\/\/www.sisinternational.com\/wp-content\/uploads\/2025\/08\/Inclusion-diversity-3.jpg 1456w, https:\/\/www.sisinternational.com\/wp-content\/uploads\/2025\/08\/Inclusion-diversity-3-300x168.jpg 300w, https:\/\/www.sisinternational.com\/wp-content\/uploads\/2025\/08\/Inclusion-diversity-3-1024x574.jpg 1024w, https:\/\/www.sisinternational.com\/wp-content\/uploads\/2025\/08\/Inclusion-diversity-3-768x430.jpg 768w, https:\/\/www.sisinternational.com\/wp-content\/uploads\/2025\/08\/Inclusion-diversity-3-18x10.jpg 18w\" sizes=\"auto, (max-width: 1456px) 100vw, 1456px\"><\/figure>\n\n\n\n<p><\/p>\n\n\n\n<p>Businesses around the world have made DEI <a href=\"https:\/\/www.sisinternational.com\/pt\/pericia\/industrias\/pesquisa-de-mercado-over-the-top-media-ott\/\" title=\"Pesquisa de mercado de m\u00eddia superior (OTT)\"  data-wpil-monitor-id=\"6207\">market research a top<\/a> priority. Diversity within organizations has become increasingly valued thanks largely due to its association with positive outcomes and social responsibility practices caused by evolving population growth and economic interdependence between countries. Some of the key drivers of DEI market research are:<\/p>\n\n\n\n<ul class=\"wp-block-list\">\n<li><strong>Mudan\u00e7a demogr\u00e1fica:<\/strong> \u00c0 medida que a for\u00e7a de trabalho se torna mais diversificada, as organiza\u00e7\u00f5es devem se adaptar. Isso significa acomodar uma variedade de perspectivas, experi\u00eancias e origens. Portanto, para promover a diversidade, as empresas devem utilizar a pesquisa de mercado da DEI para identificar e atender \u00e0s necessidades dos seus diversos funcion\u00e1rios.<\/li>\n\n\n\n<li><strong>Globaliza\u00e7\u00e3o:<\/strong> Marketplace interconnectivity coupled and increased levels of international trade have created more intricate multinational landscapes for corporations. Thus, understanding cultural differences is key for organizations and DEI <a href=\"https:\/\/www.sisinternational.com\/pt\/pericia\/industrias\/dei-consultoria-de-comunicacao\/\" title=\"Consultoria de Comunica\u00e7\u00e3o DEI\"  data-wpil-monitor-id=\"7190\">pesquisa de mercado<\/a> offers the necessary tools to tailor their strategies and communication styles to reach global audiences.<\/li>\n\n\n\n<li><strong>Maior conscientiza\u00e7\u00e3o sobre quest\u00f5es de justi\u00e7a social:<\/strong> O crescente discurso p\u00fablico em torno de quest\u00f5es de justi\u00e7a social incentivou as empresas a olharem mais de perto as suas pr\u00f3prias pr\u00e1ticas de DEI. A pesquisa de mercado da DEI capacita as organiza\u00e7\u00f5es a avaliar o impacto das suas pol\u00edticas nas comunidades marginalizadas, garantindo que as suas pr\u00e1ticas est\u00e3o alinhadas com os seus compromissos com a DEI.<\/li>\n\n\n\n<li><strong>Benef\u00edcios comprovados de diversas for\u00e7as de trabalho:<\/strong> Grupos com experi\u00eancias diferentes t\u00eam melhor desempenho quando se trata de lidar com problemas de forma criativa. A compreens\u00e3o da for\u00e7a de trabalho diversificada de uma empresa \u00e9 melhorada atrav\u00e9s da realiza\u00e7\u00e3o de pesquisas de mercado DEI, o que leva ao aproveitamento dos seus pontos fortes para aumentar a produtividade e a rentabilidade.<\/li>\n\n\n\n<li><strong>Requisitos legais e regulamentares:<\/strong> Since various countries have issued regulations that compel businesses to endorse diversity, using DEI <a href=\"https:\/\/www.sisinternational.com\/pt\/solucoes\/legal-market-research\/\" title=\"Legal Market Research\"  data-wpil-monitor-id=\"2979\">market research helps companies minimize legal<\/a> risks and ensure compliance with regulations.<\/li>\n\n\n\n<li><strong>Expectativas do consumidor:<\/strong> No mercado socialmente consciente de hoje, os consumidores exigem cada vez mais que as empresas demonstrem um compromisso com a DEI. As empresas que investem em pesquisas de mercado DEI podem compreender e responder melhor a essas expectativas, levando a um aumento da fidelidade do cliente, do valor da marca e da participa\u00e7\u00e3o no mercado.<\/li>\n<\/ul>\n\n\n\n<h2 class=\"wp-block-heading\">Tend\u00eancias emergentes<\/h2>\n\n\n\n<ul class=\"wp-block-list\">\n<li><strong>Compet\u00eancia cultural:<\/strong> Cultural Competence means the ability and expertise in dealing proficiently with individuals hailing from varied social or ethnic groups by acknowledging their uniqueness. To ensure that they are able to respectfully and meaningfully interact with diverse consumer groups during their work researchers must possess cultural competence according to DEI <a href=\"https:\/\/www.sisinternational.com\/pt\/cobertura\/pesquisa-de-mercado-asia\/pesquisa-de-mercado-em-timor\/\" title=\"Pesquisa de Mercado em Timor\"  data-wpil-monitor-id=\"4743\">market<\/a> research.<\/li>\n\n\n\n<li><strong>\u00canfase na pesquisa qualitativa:<\/strong> Na pesquisa de mercado DEI h\u00e1 um foco crescente em m\u00e9todos qualitativos \u2013 embora as abordagens quantitativas ainda sejam essenciais para compreender tend\u00eancias e padr\u00f5es de comportamento do consumidor. Abordagens de investiga\u00e7\u00e3o qualitativa, incluindo discuss\u00f5es em grupos focais ou entrevistas aprofundadas, podem produzir uma melhor vis\u00e3o das experi\u00eancias e prefer\u00eancias de diferentes segmentos raciais e sociais de consumidores.<\/li>\n\n\n\n<li><strong>Uso de tecnologia:<\/strong> Pesquisas online e grupos focais virtuais junto com as m\u00eddias sociais est\u00e3o entre as diferentes maneiras pelas quais a tecnologia pode ajudar a facilitar a pesquisa de mercado de DEI.<\/li>\n<\/ul>\n\n\n\n<h2 class=\"wp-block-heading\">Analisando Dados<\/h2>\n\n\n\n<ul class=\"wp-block-list\">\n<li><strong>Avalie o estado atual do DEI dentro da organiza\u00e7\u00e3o ou mercado:<\/strong> A an\u00e1lise de dados fornece informa\u00e7\u00f5es valiosas sobre as iniciativas de diversidade existentes em uma empresa. Envolve comparar os resultados da pesquisa com os padr\u00f5es industriais relevantes e os KPIs da empresa.<\/li>\n\n\n\n<li><strong>Identifique \u00e1reas de melhoria e oportunidades potenciais:<\/strong> Detecte defici\u00eancias ou potencial de crescimento e melhoria nos esfor\u00e7os de DEI da organiza\u00e7\u00e3o por meio de pesquisas de mercado de DEI adequadas.<\/li>\n\n\n\n<li><strong>Analise a efic\u00e1cia das iniciativas DEI existentes:<\/strong> Avalie se as atuais estrat\u00e9gias e a\u00e7\u00f5es de DEI da organiza\u00e7\u00e3o est\u00e3o alinhadas com os resultados desejados. A pesquisa de mercado da DEI pode identificar se essas iniciativas foram bem-sucedidas em promover mudan\u00e7as positivas ou se alguma modifica\u00e7\u00e3o \u00e9 necess\u00e1ria.<\/li>\n\n\n\n<li><strong>Interprete os resultados com sensibilidade cultural:<\/strong> A an\u00e1lise adequada dos dados de pesquisa de mercado da DEI requer a considera\u00e7\u00e3o das nuances culturais e do contexto. Para evitar assumir factores culturais e incluir preconceitos na investiga\u00e7\u00e3o, \u00e9 necess\u00e1rio reflectir com precis\u00e3o as experi\u00eancias de diversos indiv\u00edduos e comunidades com sensibilidade cultural.<\/li>\n<\/ul>\n\n\n\n<h2 class=\"wp-block-heading\">Pesquisa de mercado sobre o futuro da diversidade, equidade e inclus\u00e3o<\/h2>\n\n\n\n<figure class=\"gb-block-image gb-block-image-6232ab5a\"><img loading=\"lazy\" decoding=\"async\" width=\"1456\" height=\"816\" class=\"gb-image gb-image-6232ab5a\" src=\"https:\/\/www.sisinternational.com\/wp-content\/uploads\/2025\/08\/Inclusion-diversity-1.jpg\" alt=\"Pesquisa e Estrat\u00e9gia de Mercado Internacional da SIS\" title=\"Inclusion diversity (1)\" srcset=\"https:\/\/www.sisinternational.com\/wp-content\/uploads\/2025\/08\/Inclusion-diversity-1.jpg 1456w, https:\/\/www.sisinternational.com\/wp-content\/uploads\/2025\/08\/Inclusion-diversity-1-300x168.jpg 300w, https:\/\/www.sisinternational.com\/wp-content\/uploads\/2025\/08\/Inclusion-diversity-1-1024x574.jpg 1024w, https:\/\/www.sisinternational.com\/wp-content\/uploads\/2025\/08\/Inclusion-diversity-1-768x430.jpg 768w, https:\/\/www.sisinternational.com\/wp-content\/uploads\/2025\/08\/Inclusion-diversity-1-18x10.jpg 18w\" sizes=\"auto, (max-width: 1456px) 100vw, 1456px\"><\/figure>\n\n\n\n<p><\/p>\n\n\n\n<p>\u00c0 medida que a DEI continua a ganhar destaque no mundo dos neg\u00f3cios, a pesquisa de mercado da DEI desempenhar\u00e1 um papel cada vez mais vital para ajudar as organiza\u00e7\u00f5es a compreender e abordar a complexa din\u00e2mica da diversidade, equidade e inclus\u00e3o. Consequentemente, o futuro da pesquisa de mercado DEI provavelmente ser\u00e1 moldado por tend\u00eancias emergentes, tais como:<\/p>\n\n\n\n<ul class=\"wp-block-list\">\n<li><strong>Tend\u00eancias e desafios emergentes:<\/strong> A investiga\u00e7\u00e3o de mercado da DEI ter\u00e1 de acompanhar o cen\u00e1rio social, econ\u00f3mico e pol\u00edtico em r\u00e1pida evolu\u00e7\u00e3o, bem como o surgimento de novas quest\u00f5es e desafios de justi\u00e7a social. Os investigadores devem manter-se informados sobre estes desenvolvimentos e adaptar continuamente as suas metodologias e abordagens para permanecerem relevantes e eficazes.<\/li>\n\n\n\n<li><strong>O papel da tecnologia no avan\u00e7o da pesquisa DEI:<\/strong> Os avan\u00e7os tecnol\u00f3gicos, como intelig\u00eancia artificial, aprendizado de m\u00e1quina e an\u00e1lise de big data, est\u00e3o transformando a forma como as organiza\u00e7\u00f5es coletam, analisam e interpretam dados DEI. \u00c0 medida que estas tecnologias continuam a evoluir, a investiga\u00e7\u00e3o de mercado de DEI tornar-se-\u00e1 mais sofisticada, permitindo \u00e0s organiza\u00e7\u00f5es obter conhecimentos mais profundos e desenvolver estrat\u00e9gias de DEI mais direcionadas.<\/li>\n\n\n\n<li><strong>A crescente necessidade de pesquisa de mercado DEI em v\u00e1rios setores:<\/strong> \u00c0 medida que mais ind\u00fastrias reconhecem a import\u00e2ncia do DEI, haver\u00e1 um aumento na procura de pesquisas de mercado de DEI em v\u00e1rios setores. Os investigadores ter\u00e3o de desenvolver abordagens e metodologias personalizadas que abordem os desafios e oportunidades \u00fanicos dentro de cada ind\u00fastria.<\/li>\n\n\n\n<li><strong>Inclusive <\/strong><a href=\"https:\/\/www.sisinternational.com\/pt\/pericia\/industrias\/pesquisa-de-mercado-de-plasticos\/\" title=\"Pesquisa de mercado de pl\u00e1sticos\"  data-wpil-monitor-id=\"3087\">research methods: DEI market<\/a> research will continue to prioritize intersectionality, recognizing that individuals&#8217; experiences are shaped by the intersection of multiple aspects of their identity. Researchers will need to adopt more inclusive research methods and approaches that capture the complexity of these experiences and ensure that all voices are heard and represented.<\/li>\n\n\n\n<li><strong>Integra\u00e7\u00e3o do DEI em todos os aspectos do neg\u00f3cio:<\/strong> \u00c0 medida que a DEI se torna mais profundamente integrada em todos os aspectos das opera\u00e7\u00f5es comerciais, a pesquisa de mercado da DEI desempenhar\u00e1 um papel cada vez mais importante na tomada de decis\u00f5es e no desenvolvimento de estrat\u00e9gias em todas as fun\u00e7\u00f5es, desde a gest\u00e3o de talentos at\u00e9 ao marketing e desenvolvimento de produtos.<\/li>\n<\/ul>","protected":false},"excerpt":{"rendered":"<p>Para permanecerem competitivas e protegerem a sua reputa\u00e7\u00e3o, as organiza\u00e7\u00f5es atuais devem priorizar a Pesquisa de Mercado de Diversidade, Equidade e Inclus\u00e3o.<\/p>","protected":false},"author":1,"featured_media":64811,"parent":14514,"menu_order":289,"comment_status":"closed","ping_status":"closed","template":"","meta":{"footnotes":""},"class_list":["post-42625","page","type-page","status-publish","has-post-thumbnail"],"_links":{"self":[{"href":"https:\/\/www.sisinternational.com\/pt\/wp-json\/wp\/v2\/pages\/42625","targetHints":{"allow":["GET"]}}],"collection":[{"href":"https:\/\/www.sisinternational.com\/pt\/wp-json\/wp\/v2\/pages"}],"about":[{"href":"https:\/\/www.sisinternational.com\/pt\/wp-json\/wp\/v2\/types\/page"}],"author":[{"embeddable":true,"href":"https:\/\/www.sisinternational.com\/pt\/wp-json\/wp\/v2\/users\/1"}],"replies":[{"embeddable":true,"href":"https:\/\/www.sisinternational.com\/pt\/wp-json\/wp\/v2\/comments?post=42625"}],"version-history":[{"count":9,"href":"https:\/\/www.sisinternational.com\/pt\/wp-json\/wp\/v2\/pages\/42625\/revisions"}],"predecessor-version":[{"id":80753,"href":"https:\/\/www.sisinternational.com\/pt\/wp-json\/wp\/v2\/pages\/42625\/revisions\/80753"}],"up":[{"embeddable":true,"href":"https:\/\/www.sisinternational.com\/pt\/wp-json\/wp\/v2\/pages\/14514"}],"wp:featuredmedia":[{"embeddable":true,"href":"https:\/\/www.sisinternational.com\/pt\/wp-json\/wp\/v2\/media\/64811"}],"wp:attachment":[{"href":"https:\/\/www.sisinternational.com\/pt\/wp-json\/wp\/v2\/media?parent=42625"}],"curies":[{"name":"wp","href":"https:\/\/api.w.org\/{rel}","templated":true}]}}