{"id":42623,"date":"2023-05-01T15:11:26","date_gmt":"2023-05-01T19:11:26","guid":{"rendered":"https:\/\/www.sisinternational.com\/?page_id=42623"},"modified":"2026-01-25T18:15:26","modified_gmt":"2026-01-25T23:15:26","slug":"pesquisa-de-mercado-de-distribuidores","status":"publish","type":"page","link":"https:\/\/www.sisinternational.com\/pt\/pericia\/pesquisa-de-mercado-de-distribuidores\/","title":{"rendered":"Pesquisa de mercado de distribuidores"},"content":{"rendered":"<h1 class=\"wp-block-heading\">Pesquisa de mercado de distribuidores<\/h1>\n\n\n\n<figure class=\"gb-block-image gb-block-image-4612a3f9\"><img loading=\"lazy\" decoding=\"async\" width=\"1456\" height=\"816\" class=\"gb-image gb-image-4612a3f9\" src=\"https:\/\/www.sisinternational.com\/wp-content\/uploads\/2025\/09\/Focus-group-4-14.jpg\" alt=\"Pesquisa e Estrat\u00e9gia de Mercado Internacional da SIS\" title=\"Focus group 4 (14)\" srcset=\"https:\/\/www.sisinternational.com\/wp-content\/uploads\/2025\/09\/Focus-group-4-14.jpg 1456w, https:\/\/www.sisinternational.com\/wp-content\/uploads\/2025\/09\/Focus-group-4-14-300x168.jpg 300w, https:\/\/www.sisinternational.com\/wp-content\/uploads\/2025\/09\/Focus-group-4-14-1024x574.jpg 1024w, https:\/\/www.sisinternational.com\/wp-content\/uploads\/2025\/09\/Focus-group-4-14-768x430.jpg 768w, https:\/\/www.sisinternational.com\/wp-content\/uploads\/2025\/09\/Focus-group-4-14-18x10.jpg 18w\" sizes=\"auto, (max-width: 1456px) 100vw, 1456px\"><\/figure>\n\n\n\n<p><\/p>\n\n\n\n<p>\u00c0 medida que o mercado global continua a crescer cada vez mais competitivo, a import\u00e2ncia da pesquisa de mercado dos distribuidores n\u00e3o pode ser subestimada. \u00c9 um instrumento crucial para empresas que pretendem expandir o seu alcance e alcan\u00e7ar sucesso a longo prazo.<\/p>\n\n\n\n<p>Portanto, a pesquisa de mercado de distribuidores permite que as organiza\u00e7\u00f5es identifiquem perspectivas de crescimento, avaliem o cen\u00e1rio competitivo e tomem decis\u00f5es informadas sobre canais de distribui\u00e7\u00e3o e parceiros com base em insights baseados em dados.<\/p>\n\n\n\n<h2 class=\"wp-block-heading\">Compreendendo a pesquisa de mercado de distribuidores<\/h2>\n\n\n\n<p>A pesquisa de mercado de distribuidores \u00e9 um processo sistem\u00e1tico de coleta, an\u00e1lise e interpreta\u00e7\u00e3o de dados relacionados \u00e0 distribui\u00e7\u00e3o de produtos ou servi\u00e7os de uma empresa. Esta pesquisa ajuda as empresas a tomar decis\u00f5es informadas sobre as suas estrat\u00e9gias de distribui\u00e7\u00e3o, identificar novas oportunidades e otimizar as suas redes de distribui\u00e7\u00e3o. Para compreender a pesquisa de mercado do distribuidor, \u00e9 essencial examinar estes elementos-chave:<\/p>\n\n\n\n<ul class=\"wp-block-list\">\n<li><strong>An\u00e1lise de mercado:<\/strong> An in-depth examination of the target market and its potential for growth, prevalent trends, and consumer behavior empower enterprises to identify prospects, gain new <a href=\"https:\/\/www.sisinternational.com\/pt\/global-beverage-market\/\" title=\"Global Beverage Market: Market Dynamics, Growth Projections &amp; Consumer Insights\"  data-wpil-monitor-id=\"9504\">insights into the market dynamics<\/a> and reconfigure their distribution strategies.<\/li>\n\n\n\n<li><strong>Analise competitiva:<\/strong> Requer uma avalia\u00e7\u00e3o minuciosa do cen\u00e1rio competitivo, abrangendo uma avalia\u00e7\u00e3o da quota de mercado, dos canais de distribui\u00e7\u00e3o, bem como dos pontos fortes e fracos da concorr\u00eancia.<\/li>\n\n\n\n<li><strong>Identifica\u00e7\u00e3o e avalia\u00e7\u00e3o do distribuidor:<\/strong> A realiza\u00e7\u00e3o de pesquisas de mercado de distribuidores envolve a identifica\u00e7\u00e3o de parceiros de distribui\u00e7\u00e3o promissores e a realiza\u00e7\u00e3o de uma avalia\u00e7\u00e3o completa de sua confiabilidade e compatibilidade com os princ\u00edpios e objetivos da organiza\u00e7\u00e3o. Esta abordagem sistem\u00e1tica permite \u00e0s empresas estabelecer uma rede robusta de distribuidores que promove a sua expans\u00e3o.<\/li>\n\n\n\n<li><strong>Monitoramento e avalia\u00e7\u00e3o de desempenho:<\/strong> Com a pesquisa de mercado de distribuidores, as empresas podem monitorar de perto m\u00e9tricas cr\u00edticas de desempenho, identificar oportunidades de avan\u00e7o e fortalecer alian\u00e7as com distribuidores.<\/li>\n<\/ul>\n\n\n\n<h2 class=\"wp-block-heading\">Import\u00e2ncia da pesquisa de mercado de distribuidores para empresas<\/h2>\n\n\n\n<p>By conducting distributor market research, <a href=\"https:\/\/www.sisinternational.com\/pt\/publicacoes\/pesquisa-de-mercado-de-negocios-escalaveis-7-maneiras-de-construir-um-negocio-escalavel\/\" title=\"Pesquisa de mercado de neg\u00f3cios escal\u00e1veis: 7 maneiras de construir um neg\u00f3cio escal\u00e1vel\"  data-wpil-monitor-id=\"9508\">businesses can better understand market<\/a> dynamics, assess the competitive landscape, and make informed decisions about their distribution strategies. Here are some key reasons why distributor market research is essential for businesses:<\/p>\n\n\n\n<ul class=\"wp-block-list\">\n<li>A pesquisa de mercado permite que as empresas descubram novos segmentos de mercado, canais de distribui\u00e7\u00e3o inexplorados e novos mercados.<\/li>\n\n\n\n<li>Ao aproveitar a pesquisa de mercado dos distribuidores, as empresas podem desenvolver estrat\u00e9gias focadas que capitalizem eficazmente as vulnerabilidades dos seus concorrentes e se destaquem no mercado.<\/li>\n\n\n\n<li>A realiza\u00e7\u00e3o de pesquisas de mercado produz insights valiosos e baseados em dados para empresas que buscam otimizar seus canais de distribui\u00e7\u00e3o.<\/li>\n\n\n\n<li>It enables companies to effectively <a href=\"https:\/\/www.sisinternational.com\/pt\/pericia\/industrias\/pesquisa-de-mercado-de-rastreamento-de-tendencias\/\" title=\"Pesquisa de mercado de rastreamento de tend\u00eancias\"  data-wpil-monitor-id=\"9501\">track market trends<\/a>, determine customer preferences and keep abreast of any changes in the competitive landscape.<\/li>\n\n\n\n<li>Ao investir em pesquisas de mercado de distribuidores, as empresas podem obter informa\u00e7\u00f5es valiosas sobre o setor, os clientes e os parceiros potenciais.<\/li>\n\n\n\n<li>Esta pesquisa permite que as empresas identifiquem e selecionem os distribuidores mais adequados com base em fatores como tamanho, alcance geogr\u00e1fico e especializa\u00e7\u00e3o do produto. Isso garante a otimiza\u00e7\u00e3o dos canais de distribui\u00e7\u00e3o e melhor alinhamento com os objetivos da empresa.<\/li>\n\n\n\n<li>A pesquisa de mercado sobre distribuidores pode melhorar o n\u00edvel de comunica\u00e7\u00e3o e compreens\u00e3o entre as empresas e os seus parceiros de distribui\u00e7\u00e3o. Isto abre caminho para o estabelecimento de relacionamentos robustos, promovendo a resolu\u00e7\u00e3o colaborativa de problemas e fomentando a inova\u00e7\u00e3o.<\/li>\n<\/ul>\n\n\n\n<h2 class=\"wp-block-heading\">Como aproveitar a pesquisa de mercado do distribuidor<\/h2>\n\n\n\n<h3 class=\"wp-block-heading\">Para aproveitar plenamente as oportunidades apresentadas, as empresas devem:<\/h3>\n\n\n\n<ul class=\"wp-block-list\">\n<li><strong>Invista na coleta e an\u00e1lise de dados:<\/strong> Re\u00fana e analise dados relevantes de diversas fontes, como pesquisas com consumidores, relat\u00f3rios de vendas e relat\u00f3rios do setor, para identificar tend\u00eancias e oportunidades.<\/li>\n\n\n\n<li><strong>Fa\u00e7a parceria com uma empresa confi\u00e1vel de pesquisa de mercado:<\/strong> \u00c9 imperativo fazer parceria com uma organiza\u00e7\u00e3o de pesquisa de mercado bem estabelecida para garantir a precis\u00e3o e confiabilidade dos dados coletados, bem como as conclus\u00f5es deles extra\u00eddas.<\/li>\n\n\n\n<li><strong>Implemente um processo de aprendizagem cont\u00ednua:<\/strong> To <a href=\"https:\/\/www.sisinternational.com\/pt\/solucoes\/inovacao\/como-escalar-um-negocio\/\" title=\"Como escalar um neg\u00f3cio | Alcan\u00e7ando o crescimento exponencial\"  data-wpil-monitor-id=\"9505\">achieve business growth<\/a>, it is crucial to incorporate new findings and insights into distribution strategies regularly. This proactive and adaptive approach ensures that businesses stay ahead of the curve and maintain a competitive edge.<\/li>\n\n\n\n<li><strong>Promova relacionamentos s\u00f3lidos com distribuidores:<\/strong> Para garantir que os dados e as informa\u00e7\u00f5es s\u00e3o partilhados de forma eficaz, \u00e9 essencial estabelecer e manter uma comunica\u00e7\u00e3o e colabora\u00e7\u00e3o transparentes com os parceiros de distribui\u00e7\u00e3o. Isto promove uma rela\u00e7\u00e3o sin\u00e9rgica onde ambas as partes podem aproveitar os seus pontos fortes para alcan\u00e7ar o sucesso m\u00fatuo.<\/li>\n<\/ul>\n\n\n\n<h2 class=\"wp-block-heading\">Principais oportunidades<\/h2>\n\n\n\n<h3 class=\"wp-block-heading\">Ao realizar pesquisas de mercado de distribuidores, as empresas podem desbloquear uma infinidade de oportunidades, incluindo:<\/h3>\n\n\n\n<ul class=\"wp-block-list\">\n<li><strong>Identifying <\/strong><a href=\"https:\/\/www.sisinternational.com\/pt\/publicacoes\/comportamento-do-comprador-apos-coronavirus-novo-consumidor\/\" title=\"Comportamento do comprador ap\u00f3s o coronav\u00edrus \u2013 Pesquisa de mercado de consumo\"  data-wpil-monitor-id=\"9506\">market trends and opportunities: Exploring consumer behavior<\/a> patterns, demographics, and purchasing habits can offer businesses an opportunity to identify current market trends and leverage novel opportunities.<\/li>\n\n\n\n<li><strong>Otimizando canais de distribui\u00e7\u00e3o:<\/strong> A realiza\u00e7\u00e3o de pesquisas de mercado sobre distribuidores pode revelar-se altamente vantajosa para empresas que pretendem identificar os canais de distribui\u00e7\u00e3o e parceiros mais adequados. Isto pode ajudar a racionalizar as suas cadeias de abastecimento, conduzindo, em \u00faltima an\u00e1lise, a uma maior efici\u00eancia e a uma redu\u00e7\u00e3o de custos.<\/li>\n\n\n\n<li><strong>Obtendo vantagem competitiva:<\/strong> By leveraging this information, businesses can gain a competitive edge in the market and enhance their overall market position. Additionally, distributor market research can help businesses identify new opportunities and potential growth areas, enabling them to expand their <a href=\"https:\/\/www.sisinternational.com\/pt\/pericia\/industrias\/pesquisa-de-mercado-de-loja-de-ferragens\/\" title=\"Pesquisa de mercado de lojas de ferragens e melhorias residenciais\"  data-wpil-monitor-id=\"9507\">market reach and improve<\/a> their bottom line.<\/li>\n\n\n\n<li><a href=\"https:\/\/www.sisinternational.com\/pt\/expandindo-o-alcance-do-mercado-por-meio-de-uma-estrategia-de-marketing-multifacetada\/\" title=\"Expandindo o alcance do mercado por meio de uma estrat\u00e9gia de marketing multifacetada\"  data-wpil-monitor-id=\"9502\">Expanding market reach: By identifying potential new markets and distribution channels, distributor market research can aid businesses in expanding their reach<\/a> and tapping into untapped markets, ultimately driving growth and revenue.<\/li>\n\n\n\n<li><strong>Melhorando a experi\u00eancia do cliente:<\/strong> Alcan\u00e7ar o sucesso nos neg\u00f3cios requer uma compreens\u00e3o profunda das necessidades e prefer\u00eancias dos clientes. Ao realizar pesquisas de mercado, os distribuidores podem descobrir informa\u00e7\u00f5es valiosas sobre as expectativas da sua base de clientes.<\/li>\n<\/ul>\n\n\n\n<h2 class=\"wp-block-heading\">Desafios<\/h2>\n\n\n\n<ul class=\"wp-block-list\">\n<li><strong>Mercados fragmentados:<\/strong> A ind\u00fastria da distribui\u00e7\u00e3o \u00e9 caracterizada por um elevado grau de fragmenta\u00e7\u00e3o. \u00c9 comum encontrar in\u00fameras pequenas e m\u00e9dias empresas operando em conjunto com grandes corpora\u00e7\u00f5es. Este cen\u00e1rio complexo coloca desafios significativos em termos de recolha de dados, an\u00e1lise e identifica\u00e7\u00e3o de tend\u00eancias. Como resultado, obter informa\u00e7\u00f5es abrangentes e precisas sobre o setor pode revelar-se bastante desafiador.<\/li>\n\n\n\n<li><strong>Acesso limitado \u00e0 informa\u00e7\u00e3o:<\/strong> <a href=\"https:\/\/www.sisinternational.com\/pt\/cobertura\/pesquisa-de-mercado-asia\/pesquisa-de-dimensionamento-do-cenario-do-mercado-asiatico\/\" title=\"Pesquisa de cen\u00e1rio e dimensionamento do mercado asi\u00e1tico\"  data-wpil-monitor-id=\"9503\">Researching market size<\/a>, competition, and customer preferences can be a challenge for many analysts due to the confidentiality practices of distributors. Oftentimes, distributors opt to keep their business information private, making it difficult for researchers to obtain accurate data.<\/li>\n\n\n\n<li><strong>Alta competi\u00e7\u00e3o e mudan\u00e7as r\u00e1pidas:<\/strong> O ambiente din\u00e2mico dos distribuidores \u00e9 amplamente conhecido pela sua rivalidade feroz e transforma\u00e7\u00f5es r\u00e1pidas, levando \u00e0 possibilidade de a pesquisa de mercado se tornar obsoleta num instante.<\/li>\n\n\n\n<li><strong>Diferen\u00e7as geogr\u00e1ficas e culturais:<\/strong> Ao estudar os mercados de distribui\u00e7\u00e3o, \u00e9 importante ter em mente que eles s\u00e3o fortemente influenciados pela localiza\u00e7\u00e3o e por fatores culturais. Para garantir resultados precisos, os investigadores devem adaptar as suas metodologias para ter em conta estas nuances e ter em considera\u00e7\u00e3o as caracter\u00edsticas \u00fanicas de cada mercado local.<\/li>\n\n\n\n<li><strong>Barreiras regulat\u00f3rias e legais:<\/strong> Researchers need to stay informed of the varying regulations that impact <a href=\"https:\/\/www.sisinternational.com\/pt\/cobertura\/pesquisa-de-mercado-asia\/pesquisa-de-mercado-em-timor\/\" title=\"Pesquisa de Mercado em Timor\"  data-wpil-monitor-id=\"4747\">distributor<\/a> markets across different countries and regions. They can ensure that their research adheres to local laws and guidelines. Researchers must be mindful of these differences to avoid any legal complications and ensure the ethical conduct of their research.<\/li>\n\n\n\n<li><strong>Construindo confian\u00e7a e credibilidade:<\/strong> Estabelecer confian\u00e7a e credibilidade com os distribuidores \u00e9 crucial para a realiza\u00e7\u00e3o de pesquisas de mercado eficazes. Os investigadores precisam de demonstrar a sua experi\u00eancia e mostrar que compreendem os desafios e oportunidades \u00fanicos que os distribuidores enfrentam nas suas respetivas ind\u00fastrias.<\/li>\n\n\n\n<li><strong>Restri\u00e7\u00f5es de tempo e recursos:<\/strong> A realiza\u00e7\u00e3o de pesquisas aprofundadas de mercado de distribuidores pode ser demorada e exigir recursos significativos. Os investigadores devem equilibrar a necessidade de informa\u00e7\u00e3o abrangente com as restri\u00e7\u00f5es de tempo e or\u00e7amento.<\/li>\n<\/ul>\n\n\n\n<p>A SIS International oferece Pesquisa Quantitativa, Qualitativa e Estrat\u00e9gica. Fornecemos dados, ferramentas, estrat\u00e9gias, relat\u00f3rios e insights para tomada de decis\u00f5es. Conduzimos entrevistas, pesquisas, grupos focais e muitos outros m\u00e9todos e abordagens de Pesquisa de Mercado. Contate-nos para o seu pr\u00f3ximo projeto de Pesquisa de Mercado.<\/p>","protected":false},"excerpt":{"rendered":"<p>A Pesquisa de Mercado de Distribuidores permite que as organiza\u00e7\u00f5es identifiquem perspectivas de crescimento e decidam sobre canais de distribui\u00e7\u00e3o e parceiros.<\/p>","protected":false},"author":1,"featured_media":66901,"parent":14514,"menu_order":288,"comment_status":"closed","ping_status":"closed","template":"","meta":{"footnotes":""},"class_list":["post-42623","page","type-page","status-publish","has-post-thumbnail"],"_links":{"self":[{"href":"https:\/\/www.sisinternational.com\/pt\/wp-json\/wp\/v2\/pages\/42623","targetHints":{"allow":["GET"]}}],"collection":[{"href":"https:\/\/www.sisinternational.com\/pt\/wp-json\/wp\/v2\/pages"}],"about":[{"href":"https:\/\/www.sisinternational.com\/pt\/wp-json\/wp\/v2\/types\/page"}],"author":[{"embeddable":true,"href":"https:\/\/www.sisinternational.com\/pt\/wp-json\/wp\/v2\/users\/1"}],"replies":[{"embeddable":true,"href":"https:\/\/www.sisinternational.com\/pt\/wp-json\/wp\/v2\/comments?post=42623"}],"version-history":[{"count":5,"href":"https:\/\/www.sisinternational.com\/pt\/wp-json\/wp\/v2\/pages\/42623\/revisions"}],"predecessor-version":[{"id":81586,"href":"https:\/\/www.sisinternational.com\/pt\/wp-json\/wp\/v2\/pages\/42623\/revisions\/81586"}],"up":[{"embeddable":true,"href":"https:\/\/www.sisinternational.com\/pt\/wp-json\/wp\/v2\/pages\/14514"}],"wp:featuredmedia":[{"embeddable":true,"href":"https:\/\/www.sisinternational.com\/pt\/wp-json\/wp\/v2\/media\/66901"}],"wp:attachment":[{"href":"https:\/\/www.sisinternational.com\/pt\/wp-json\/wp\/v2\/media?parent=42623"}],"curies":[{"name":"wp","href":"https:\/\/api.w.org\/{rel}","templated":true}]}}