{"id":42620,"date":"2023-05-01T13:12:33","date_gmt":"2023-05-01T17:12:33","guid":{"rendered":"https:\/\/www.sisinternational.com\/?page_id=42620"},"modified":"2026-01-25T19:08:21","modified_gmt":"2026-01-26T00:08:21","slug":"pesquisa-de-mercado-de-molho","status":"publish","type":"page","link":"https:\/\/www.sisinternational.com\/pt\/pericia\/pesquisa-de-mercado-de-molho\/","title":{"rendered":"Pesquisa de mercado de molho para mergulho"},"content":{"rendered":"<h1 class=\"wp-block-heading\">Pesquisa de mercado de molho para mergulho<\/h1>\n\n\n\n<figure class=\"gb-block-image gb-block-image-0fa77bf1\"><img loading=\"lazy\" decoding=\"async\" width=\"1456\" height=\"816\" class=\"gb-image gb-image-0fa77bf1\" src=\"https:\/\/www.sisinternational.com\/wp-content\/uploads\/2025\/10\/Dipping-sauce-1.jpg\" alt=\"Pesquisa e Estrat\u00e9gia de Mercado Internacional da SIS\" title=\"Dipping sauce (1)\" srcset=\"https:\/\/www.sisinternational.com\/wp-content\/uploads\/2025\/10\/Dipping-sauce-1.jpg 1456w, https:\/\/www.sisinternational.com\/wp-content\/uploads\/2025\/10\/Dipping-sauce-1-300x168.jpg 300w, https:\/\/www.sisinternational.com\/wp-content\/uploads\/2025\/10\/Dipping-sauce-1-1024x574.jpg 1024w, https:\/\/www.sisinternational.com\/wp-content\/uploads\/2025\/10\/Dipping-sauce-1-768x430.jpg 768w, https:\/\/www.sisinternational.com\/wp-content\/uploads\/2025\/10\/Dipping-sauce-1-18x10.jpg 18w\" sizes=\"auto, (max-width: 1456px) 100vw, 1456px\"><\/figure>\n\n\n\n<p><\/p>\n\n\n\n<h2 class=\"wp-block-heading\">Vis\u00e3o geral da pesquisa de mercado de molho para mergulho<\/h2>\n\n\n\n<p>A pesquisa de mercado de molhos fornece insights e vantagens estrat\u00e9gicas para ajudar as empresas a prosperar na competitiva e em constante evolu\u00e7\u00e3o da ind\u00fastria de molhos. A ind\u00fastria de molhos para imers\u00e3o faz parte do mercado mais amplo de condimentos e molhos, que inclui v\u00e1rios tipos de molhos, temperos e condimentos usados para adicionar sabor aos alimentos. Os molhos para imers\u00e3o, em particular, s\u00e3o tipicamente molhos espessos ou semigrossos que s\u00e3o servidos junto com alimentos para imers\u00e3o, como lanches, aperitivos, petiscos e pratos principais. Os molhos para imers\u00e3o s\u00e3o famosos em uma ampla variedade de cozinhas e comumente usados em fast food, jantares casuais e comida caseira.<\/p>\n\n\n\n<h2 class=\"wp-block-heading\">Segmenta\u00e7\u00e3o de pesquisa de mercado de molho de molho<\/h2>\n\n\n\n<h3 class=\"wp-block-heading\">A ind\u00fastria de Molhos para Mergulhar pode ser segmentada em diversos fatores. Aqui est\u00e3o alguns tipos diferentes de produtos que podem ser encontrados na ind\u00fastria de molhos para imers\u00e3o:<\/h3>\n\n\n\n<ul class=\"wp-block-list\">\n<li>Sabores cl\u00e1ssicos, como molho ranch, ketchup, maionese, mostarda e molho barbecue.<\/li>\n\n\n\n<li>Sabores especiais, como aioli de alho, chipotle, agridoce, teriyaki e agridoce.<\/li>\n\n\n\n<li>Sabores \u00e9tnicos, como homus, tzatziki, molho de ameixa, molho de soja e molho hoisin.<\/li>\n\n\n\n<li>Molhos feitos com latic\u00ednios - molhos de queijo, molhos de iogurte, molhos de creme de leite, etc.<\/li>\n\n\n\n<li>Molhos veganos\/\u00e0 base de plantas, como rancho vegano, maionese vegana e hummus vegano.<\/li>\n\n\n\n<li>Molhos preocupados com a sa\u00fade, como baixo teor de gordura, baixo teor de s\u00f3dio, org\u00e2nicos, sem gl\u00faten, sem al\u00e9rgenos, etc.<\/li>\n\n\n\n<li>Molhos \u00e0 base de frutas, como molhos de iogurte de frutas, molho de frutas e chutney de frutas.<\/li>\n\n\n\n<li>Molhos de sobremesa, como molhos de chocolate, caramelo e manteiga de biscoito.<\/li>\n\n\n\n<li>Molhos picantes\/picantes, como molhos feitos com jalapenos ou molho picante.<\/li>\n\n\n\n<li>Molhos sazonais ou de edi\u00e7\u00e3o limitada, como molho de cranberry e molhos de ab\u00f3bora com especiarias.<\/li>\n\n\n\n<li>Os molhos fabricados com a marca de um varejista ou restaurante espec\u00edfico e receitas exclusivas s\u00e3o conhecidos como molhos de marca pr\u00f3pria ou feitos sob medida.<\/li>\n<\/ul>\n\n\n\n<p>It&#8217;s important to note that these segments may overlap or vary depending on the specific <a href=\"https:\/\/www.sisinternational.com\/pt\/publicacoes\/comportamento-do-comprador-apos-coronavirus-novo-consumidor\/\" title=\"Comportamento do comprador ap\u00f3s o coronav\u00edrus \u2013 Pesquisa de mercado de consumo\"  data-wpil-monitor-id=\"9826\">market and consumer<\/a> preferences. Data and strategies in Dipping Sauce Market Research will help significant players understand the various segments in the Dipping Sauce industry. This can help <a href=\"https:\/\/www.sisinternational.com\/pt\/solucoes\/pesquisa-de-consultoria-em-estrategia-fintech\/consultoria-em-estrategia-de-pesquisa-de-mercado-de-seguros-contra-interrupcao-de-negocios\/\" title=\"Pesquisa de mercado de seguros contra interrup\u00e7\u00e3o de neg\u00f3cios e consultoria estrat\u00e9gica\"  data-wpil-monitor-id=\"9824\">businesses tailor their marketing strategies<\/a>, product development, and packaging options to meet the unique needs and likings of different customer groups.<\/p>\n\n\n\n<h2 class=\"wp-block-heading\">Benef\u00edcios da pesquisa de mercado de molho para molho<\/h2>\n\n\n\n<figure class=\"gb-block-image gb-block-image-75ff09d3\"><img loading=\"lazy\" decoding=\"async\" width=\"1456\" height=\"816\" class=\"gb-image gb-image-75ff09d3\" src=\"https:\/\/www.sisinternational.com\/wp-content\/uploads\/2025\/10\/Dipping-sauce-2.jpg\" alt=\"Pesquisa e Estrat\u00e9gia de Mercado Internacional da SIS\" title=\"Dipping sauce (2)\" srcset=\"https:\/\/www.sisinternational.com\/wp-content\/uploads\/2025\/10\/Dipping-sauce-2.jpg 1456w, https:\/\/www.sisinternational.com\/wp-content\/uploads\/2025\/10\/Dipping-sauce-2-300x168.jpg 300w, https:\/\/www.sisinternational.com\/wp-content\/uploads\/2025\/10\/Dipping-sauce-2-1024x574.jpg 1024w, https:\/\/www.sisinternational.com\/wp-content\/uploads\/2025\/10\/Dipping-sauce-2-768x430.jpg 768w, https:\/\/www.sisinternational.com\/wp-content\/uploads\/2025\/10\/Dipping-sauce-2-18x10.jpg 18w\" sizes=\"auto, (max-width: 1456px) 100vw, 1456px\"><\/figure>\n\n\n\n<p><\/p>\n\n\n\n<p>Dipping Sauce Market Research provides insights that help businesses in the industry gain a competitive edge. Here are the main benefits of gathering data and strategies in <a href=\"https:\/\/www.sisinternational.com\/pt\/cobertura\/as-americas\/cobertura-dos-eua\/pesquisa-de-mercado-no-maine\/\" title=\"Pesquisa de mercado no Maine\"  data-wpil-monitor-id=\"5419\">Pesquisa de mercado de molho para mergulho<\/a> for any major player in the industry-<\/p>\n\n\n\n<p><strong>Explorando Prefer\u00eancias Interculturais<\/strong><\/p>\n\n\n\n<p>Em todo o mundo, os molhos s\u00e3o comuns em uma ampla variedade de cozinhas e culturas. A pesquisa de mercado pode esclarecer as prefer\u00eancias interculturais de molhos, como perfis de sabor, ingredientes preferidos ou tend\u00eancias de uso. Isso pode ajudar as empresas do setor de molhos a criar ofertas de molhos espec\u00edficas regional ou culturalmente que ir\u00e3o agradar a uma variedade de gostos e prefer\u00eancias de consumidores em diversas \u00e1reas.<\/p>\n\n\n\n<p><strong>Identificando oportunidades de mercado<\/strong><\/p>\n\n\n\n<p>Na ind\u00fastria de Molhos para Mergulhar, a pesquisa de marketing pode identificar oportunidades de mercado inexploradas. Ao analisar as tend\u00eancias do mercado, as ofertas dos concorrentes e o feedback dos consumidores, voc\u00ea pode identificar lacunas do mercado que podem ser exploradas para criar produtos inovadores de molhos ou campanhas de marketing. Isso pode ajudar as empresas a permanecerem competitivas e a conquistar uma maior participa\u00e7\u00e3o de mercado.<\/p>\n\n\n\n<p><strong><a href=\"https:\/\/www.sisinternational.com\/pt\/solucoes\/solucoes-de-branding-e-pesquisa-de-clientes\/pesquisa-de-mercado-para-testes-de-produtos\/new-product-concept-testing-methods\/\" title=\"New Product Concept Testing Methods\"  data-wpil-monitor-id=\"9820\">Testando conceitos de produto<\/a><\/strong><\/p>\n\n\n\n<p>Before launching a new dipping sauce product, it is necessary to evaluate its viability with the target market. Through concept testing, taste tests, and mock trials, data and <a href=\"https:\/\/www.sisinternational.com\/pt\/solucoes\/sis-crescimento-global\/consultoria-estrategica-em-mercados-emergentes\/\" title=\"Consultoria em Estrat\u00e9gia para Mercados Emergentes\"  data-wpil-monitor-id=\"9827\">strategies in Dipping Sauce Market<\/a> can help garner feedback on product concepts, flavors, packaging, and pricing options. This can provide valuable insights into <a href=\"https:\/\/www.sisinternational.com\/pt\/73903-2\/\" title=\"Turn Consumer Flavor Preferences Into Winning Products\"  data-wpil-monitor-id=\"9823\">consumer preferences and assist in refining product<\/a> offerings in order to increase the likelihood of market success.<\/p>\n\n\n\n<p><strong>Avaliando a percep\u00e7\u00e3o da marca<\/strong><\/p>\n\n\n\n<p>Antes de introduzir um novo produto de molho no mercado, sua viabilidade deve ser determinada. Por meio de testes de conceito, testes de sabor e testes simulados, os dados e estrat\u00e9gias do mercado de molhos para imers\u00e3o podem ajudar a coletar feedback sobre conceitos de produtos, sabores, embalagens e alternativas de pre\u00e7os. Isto pode fornecer informa\u00e7\u00f5es valiosas sobre as prefer\u00eancias do consumidor e ajudar a refinar as ofertas de produtos para aumentar a probabilidade de sucesso no mercado.<\/p>\n\n\n\n<p><strong>Identificando tend\u00eancias emergentes de sabores<\/strong><\/p>\n\n\n\n<p>A pesquisa de mercado de molhos de imers\u00e3o fornece insights que podem identificar tend\u00eancias emergentes de sabores no setor. Ao permanecer atualizado sobre as prefer\u00eancias dos consumidores, tend\u00eancias culin\u00e1rias e inova\u00e7\u00f5es em sabores, a pesquisa de mercado pode identificar perfis de sabores distintos que podem ainda n\u00e3o estar amplamente dispon\u00edveis no mercado. Isto pode proporcionar \u00e0s empresas uma vantagem inicial no desenvolvimento de novos e inventivos sabores de molhos que podem atrair a aten\u00e7\u00e3o dos consumidores e estimular a procura.<\/p>\n\n\n\n<h2 class=\"wp-block-heading\">Principais empresas<\/h2>\n\n\n\n<p>The Dipping Sauce industry is extremely competitive, with numerous participants operating on a range of scales, from multinational corporations to local or regional brands. On the basis of their market presence, brand recognition, and market share, the following <a href=\"https:\/\/www.sisinternational.com\/pt\/melhor-empresa-de-analise-da-industria-em-ny\/\" title=\"Melhor empresa de an\u00e1lise da ind\u00fastria em NY\"  data-wpil-monitor-id=\"9822\">companies are among the industry&#8217;s top<\/a> leaders:<\/p>\n\n\n\n<ul class=\"wp-block-list\">\n<li>Companhia Alimentar Cholula<\/li>\n\n\n\n<li>Conagra Brands Inc.<\/li>\n\n\n\n<li>Del Monte Foods, Inc.<\/li>\n\n\n\n<li>Oetker GmbH<\/li>\n\n\n\n<li>Frito-Lay, Inc. (uma subsidi\u00e1ria da PepsiCo, Inc.)<\/li>\n\n\n\n<li>General Mills Inc.<\/li>\n\n\n\n<li>McCormick &amp; Company, Inc.<\/li>\n\n\n\n<li>Nestl\u00e9 SA<\/li>\n\n\n\n<li>A empresa Clorox<\/li>\n\n\n\n<li>O Hain Celestial Group, Inc.<\/li>\n\n\n\n<li>A Companhia Kraft Heinz<\/li>\n\n\n\n<li>Grupo Unilever<\/li>\n\n\n\n<li>Yihai International Holding Ltd<\/li>\n<\/ul>\n\n\n\n<p>Compreender os principais atores da ind\u00fastria de molhos para molho \u00e9 crucial para as empresas porque lhes permite compreender o cen\u00e1rio competitivo, comparar-se com os l\u00edderes do setor e identificar potenciais oportunidades de colabora\u00e7\u00e3o ou parceria para permanecerem competitivos e informados sobre o mercado.<\/p>\n\n\n\n<h2 class=\"wp-block-heading\">Fatores de crescimento<\/h2>\n\n\n\n<figure class=\"gb-block-image gb-block-image-e4b6aff4\"><img loading=\"lazy\" decoding=\"async\" width=\"1456\" height=\"816\" class=\"gb-image gb-image-e4b6aff4\" src=\"https:\/\/www.sisinternational.com\/wp-content\/uploads\/2025\/10\/Dipping-sauce-3.jpg\" alt=\"Pesquisa e Estrat\u00e9gia de Mercado Internacional da SIS\" title=\"Dipping sauce (3)\" srcset=\"https:\/\/www.sisinternational.com\/wp-content\/uploads\/2025\/10\/Dipping-sauce-3.jpg 1456w, https:\/\/www.sisinternational.com\/wp-content\/uploads\/2025\/10\/Dipping-sauce-3-300x168.jpg 300w, https:\/\/www.sisinternational.com\/wp-content\/uploads\/2025\/10\/Dipping-sauce-3-1024x574.jpg 1024w, https:\/\/www.sisinternational.com\/wp-content\/uploads\/2025\/10\/Dipping-sauce-3-768x430.jpg 768w, https:\/\/www.sisinternational.com\/wp-content\/uploads\/2025\/10\/Dipping-sauce-3-18x10.jpg 18w\" sizes=\"auto, (max-width: 1456px) 100vw, 1456px\"><\/figure>\n\n\n\n<p><\/p>\n\n\n\n<p>Existem v\u00e1rios fatores-chave de crescimento no mercado de molhos. Os fatores que impulsionam sua expans\u00e3o e criam oportunidades para os neg\u00f3cios do setor s\u00e3o os seguintes \u2013<\/p>\n\n\n\n<ul class=\"wp-block-list\">\n<li>A demanda dos consumidores por sabores diversos, combina\u00e7\u00f5es distintas e ingredientes de alta qualidade est\u00e1 aumentando.<\/li>\n\n\n\n<li>Mudan\u00e7a nos padr\u00f5es alimentares e nas tend\u00eancias culin\u00e1rias, como lanches e refei\u00e7\u00f5es caseiras.<\/li>\n\n\n\n<li>Prefer\u00eancias crescentes por cozinhas \u00e9tnicas e internacionais.<\/li>\n\n\n\n<li>Considera\u00e7\u00f5es sobre sa\u00fade e bem-estar, como op\u00e7\u00f5es com baixo teor de gordura, baixo teor de s\u00f3dio, baixo teor de a\u00e7\u00facar, org\u00e2nicas e \u00e0 base de plantas.<\/li>\n\n\n\n<li>Conveni\u00eancia e consumo em movimento para lanches, refei\u00e7\u00f5es para viagem e alimentos prontos para consumo<\/li>\n\n\n\n<li>Descoberta de perfis de sabores inovadores e distintos para atrair consumidores curiosos.<\/li>\n\n\n\n<li>Rising demand in the <a href=\"https:\/\/www.sisinternational.com\/pt\/industria-de-servicos-de-alimentacao\/\" title=\"Destaque da Ind\u00fastria de Food Service 2011\"  data-wpil-monitor-id=\"9821\">food service and hospitality industries<\/a>.<\/li>\n\n\n\n<li>F\u00e1cil acesso ao e-commerce e canais de vendas on-line para uma ampla variedade de molhos.<\/li>\n<\/ul>\n\n\n\n<p>These factors contribute to the expansion of the market for dipping sauces and present opportunities for companies operating in this industry. Understanding these factors and incorporating them into <a href=\"https:\/\/www.sisinternational.com\/pt\/solucoes\/pesquisa-de-consultoria-em-estrategia-fintech\/pesquisa-de-mercado-mercado-de-capitais\/\" title=\"Pesquisa de mercado de mercado de capitais\"  data-wpil-monitor-id=\"9825\">marketing strategies can assist businesses in capitalizing<\/a> on the increasing demand for dipping sauces and succeeding in the competitive market.<\/p>\n\n\n\n<h2 class=\"wp-block-heading\">Sobre a pesquisa de mercado de molho para molho<\/h2>\n\n\n\n<p>Dipping Sauce market research offers businesses in the Dipping Sauce industry data-driven insights that can guide their decisions. Whether it&#8217;s deciding on new product launches, marketing strategies, pricing, or distribution channels, marketing research can give valuable information to aid in decision-making. Dipping Sauce Market Research provides insights into the information that can reduce the risk of making costly mistakes and increase the chances of success in the market. By utilizing data and strategies in <a href=\"https:\/\/www.sisinternational.com\/pt\/pericia\/industrias\/pesquisa-de-mercado-sobre-utilidades\/\" title=\"Pesquisa de mercado em servi\u00e7os p\u00fablicos\"  data-wpil-monitor-id=\"4015\">Pesquisa de mercado de molho para mergulho<\/a>, businesses can improve their product offerings, enhance their brand image, and remain ahead of the competition, resulting in increased sales and profits.<\/p>","protected":false},"excerpt":{"rendered":"<p>A pesquisa de mercado de molhos fornece insights e benef\u00edcios estrat\u00e9gicos para ajudar as empresas na competitiva e em constante evolu\u00e7\u00e3o da ind\u00fastria de molhos.<\/p>","protected":false},"author":1,"featured_media":71821,"parent":14514,"menu_order":287,"comment_status":"closed","ping_status":"closed","template":"","meta":{"footnotes":""},"class_list":["post-42620","page","type-page","status-publish","has-post-thumbnail"],"_links":{"self":[{"href":"https:\/\/www.sisinternational.com\/pt\/wp-json\/wp\/v2\/pages\/42620","targetHints":{"allow":["GET"]}}],"collection":[{"href":"https:\/\/www.sisinternational.com\/pt\/wp-json\/wp\/v2\/pages"}],"about":[{"href":"https:\/\/www.sisinternational.com\/pt\/wp-json\/wp\/v2\/types\/page"}],"author":[{"embeddable":true,"href":"https:\/\/www.sisinternational.com\/pt\/wp-json\/wp\/v2\/users\/1"}],"replies":[{"embeddable":true,"href":"https:\/\/www.sisinternational.com\/pt\/wp-json\/wp\/v2\/comments?post=42620"}],"version-history":[{"count":6,"href":"https:\/\/www.sisinternational.com\/pt\/wp-json\/wp\/v2\/pages\/42620\/revisions"}],"predecessor-version":[{"id":81632,"href":"https:\/\/www.sisinternational.com\/pt\/wp-json\/wp\/v2\/pages\/42620\/revisions\/81632"}],"up":[{"embeddable":true,"href":"https:\/\/www.sisinternational.com\/pt\/wp-json\/wp\/v2\/pages\/14514"}],"wp:featuredmedia":[{"embeddable":true,"href":"https:\/\/www.sisinternational.com\/pt\/wp-json\/wp\/v2\/media\/71821"}],"wp:attachment":[{"href":"https:\/\/www.sisinternational.com\/pt\/wp-json\/wp\/v2\/media?parent=42620"}],"curies":[{"name":"wp","href":"https:\/\/api.w.org\/{rel}","templated":true}]}}