{"id":42618,"date":"2023-04-30T21:51:25","date_gmt":"2023-05-01T01:51:25","guid":{"rendered":"https:\/\/www.sisinternational.com\/?page_id=42618"},"modified":"2026-02-15T14:18:08","modified_gmt":"2026-02-15T19:18:08","slug":"pesquisa-de-mercado-de-midia-digital","status":"publish","type":"page","link":"https:\/\/www.sisinternational.com\/pt\/pericia\/pesquisa-de-mercado-de-midia-digital\/","title":{"rendered":"Pesquisa de mercado de m\u00eddia digital"},"content":{"rendered":"<h1 class=\"wp-block-heading\">Pesquisa de mercado de m\u00eddia digital<\/h1>\n\n\n\n<figure class=\"gb-block-image gb-block-image-3a730470\"><img loading=\"lazy\" decoding=\"async\" width=\"1456\" height=\"816\" class=\"gb-image gb-image-3a730470\" src=\"https:\/\/www.sisinternational.com\/wp-content\/uploads\/2025\/09\/Predictive-analytics-70.jpg\" alt=\"Pesquisa e Estrat\u00e9gia de Mercado Internacional da SIS\" title=\"Predictive analytics (70)\" srcset=\"https:\/\/www.sisinternational.com\/wp-content\/uploads\/2025\/09\/Predictive-analytics-70.jpg 1456w, https:\/\/www.sisinternational.com\/wp-content\/uploads\/2025\/09\/Predictive-analytics-70-300x168.jpg 300w, https:\/\/www.sisinternational.com\/wp-content\/uploads\/2025\/09\/Predictive-analytics-70-1024x574.jpg 1024w, https:\/\/www.sisinternational.com\/wp-content\/uploads\/2025\/09\/Predictive-analytics-70-768x430.jpg 768w, https:\/\/www.sisinternational.com\/wp-content\/uploads\/2025\/09\/Predictive-analytics-70-18x10.jpg 18w\" sizes=\"auto, (max-width: 1456px) 100vw, 1456px\"><\/figure>\n\n\n\n<hr class=\"wp-block-separator has-alpha-channel-opacity is-style-dots\"\/>\n\n\n\n<p>Digital media refers to electronic content that one can send over the Internet. We can also use other computer networks for sending Digital Media Content. It includes various forms of digital communication. Examples are text, audio, images, and video. <a href=\"https:\/\/www.sisinternational.com\/pt\/transformacao-digital-na-construcao\/\" title=\"Transforma\u00e7\u00e3o digital na constru\u00e7\u00e3o\" data-wpil-monitor-id=\"2797\">Digital media has transformed<\/a> the way we consume and share information. It also has changed the way we communicate with others.<\/p>\n\n\n\n<p>Exemplos de m\u00eddia digital incluem sites e plataformas de m\u00eddia social. Inclui arquivos digitais de \u00e1udio e v\u00eddeo, e-books, blogs e podcasts. Os aplicativos m\u00f3veis s\u00e3o outra forma de m\u00eddia digital. O mesmo acontece com a publicidade online. A m\u00eddia digital permite experi\u00eancias interativas e envolventes. Ele tamb\u00e9m permite que voc\u00ea alcance grandes p\u00fablicos.<\/p>\n\n\n\n<h2 class=\"wp-block-heading\">Por que a m\u00eddia digital \u00e9 importante?<\/h2>\n\n\n\n<p>A m\u00eddia digital \u00e9 essencial por v\u00e1rios motivos. A acessibilidade \u00e9 um dos principais motivos. A m\u00eddia digital tornou a informa\u00e7\u00e3o mais acess\u00edvel do que nunca. Com poucos cliques, as pessoas podem acessar informa\u00e7\u00f5es sobre qualquer assunto de qualquer lugar do mundo.<br>A m\u00eddia digital permite que as pessoas consumam conte\u00fado de acordo com sua programa\u00e7\u00e3o. Portanto, \u00e9 uma forma conveniente de comunica\u00e7\u00e3o.<\/p>\n\n\n\n<p>A m\u00eddia digital oferece outras maneiras de interagir com o conte\u00fado. Os usu\u00e1rios t\u00eam de tudo, desde v\u00eddeos interativos at\u00e9 discuss\u00f5es nas redes sociais. Pelo menos, este envolvimento pode construir relacionamentos mais fortes entre marcas e consumidores.<\/p>\n\n\n\n<p>Al\u00e9m disso, a m\u00eddia digital permite publicidade e mensagens direcionadas. Isso permitir\u00e1 que as marcas alcancem p\u00fablicos espec\u00edficos com conte\u00fado relevante.<\/p>\n\n\n\n<p>Outro ponto importante \u00e9 que a m\u00eddia digital fornece an\u00e1lises detalhadas sobre o comportamento do usu\u00e1rio. Al\u00e9m disso, permite que as marcas me\u00e7am a efic\u00e1cia das suas campanhas. Uma vez medidos, \u00e9 f\u00e1cil ajustar suas estrat\u00e9gias.<\/p>\n\n\n\n<p>A m\u00eddia digital pode ser econ\u00f4mica para as empresas. Oferece mais valor do que as formas tradicionais de publicidade, como an\u00fancios de TV ou r\u00e1dio.<\/p>\n\n\n\n<p>A m\u00eddia digital transformou a forma como nos comunicamos, consumimos informa\u00e7\u00f5es e conduzimos neg\u00f3cios. Da mesma forma, \u00e9 agora uma parte vital da nossa vida quotidiana. Ele continua a evoluir e moldar a forma como interagimos com o mundo.<\/p>\n\n\n\n<h2 class=\"wp-block-heading\">Principais cargos<\/h2>\n\n\n\n<figure class=\"gb-block-image gb-block-image-dc9bc9bf\"><img decoding=\"async\" class=\"gb-image gb-image-dc9bc9bf\" src=\"https:\/\/www.sisinternational.com\/wp-content\/uploads\/2025\/08\/Social-media-3.jpg\" alt=\"Pesquisa e Estrat\u00e9gia de Mercado Internacional da SIS\" title=\"Social media (3)\"><\/figure>\n\n\n\n<p><\/p>\n\n\n\n<h3 class=\"wp-block-heading\">A m\u00eddia digital \u00e9 um campo amplo que abrange muitos cargos diferentes. Aqui est\u00e3o alguns dos cargos cr\u00edticos na m\u00eddia digital:<\/h3>\n\n\n\n<ul class=\"wp-block-list\">\n<li><strong>Gerente de Marketing Digital:<\/strong> Respons\u00e1vel pelo desenvolvimento e execu\u00e7\u00e3o de campanhas de marketing digital. Essas campanhas promovem os produtos ou servi\u00e7os de uma empresa.<\/li>\n\n\n\n<li><strong>Gerente de m\u00eddia social:<\/strong> Gerencia a presen\u00e7a de m\u00eddia social de uma empresa. Esse gestor tamb\u00e9m desenvolve estrat\u00e9gias para aumentar o engajamento e aumentar o n\u00famero de seguidores.<\/li>\n\n\n\n<li><strong>Criador\/Escritor de Conte\u00fado:<\/strong> Cria conte\u00fado para sites e blogs. O criador de conte\u00fado tamb\u00e9m escreve para redes sociais e outras plataformas digitais.<\/li>\n\n\n\n<li><strong>Designer gr\u00e1fico:<\/strong> Projeta conte\u00fado visual para sites, m\u00eddias sociais e outras plataformas digitais.<\/li>\n\n\n\n<li><strong>Produtor de v\u00eddeo:<\/strong> Cria conte\u00fado de v\u00eddeo para sites, m\u00eddias sociais e outras plataformas digitais.<\/li>\n\n\n\n<li><strong>Desenvolvedor Web:<\/strong> Constr\u00f3i e mant\u00e9m sites e aplicativos da web.<\/li>\n\n\n\n<li><strong>Especialista em SEO:<\/strong> Otimiza sites e conte\u00fado digital para melhorar as classifica\u00e7\u00f5es nos mecanismos de pesquisa.<\/li>\n\n\n\n<li><strong>Gerente de An\u00e1lise:<\/strong> Analisa dados digitais para medir a efic\u00e1cia das campanhas. O gerente de an\u00e1lise tamb\u00e9m identifica oportunidades de melhoria.<\/li>\n\n\n\n<li><strong>Designer de UX\/UI:<\/strong> Projeta interfaces de usu\u00e1rio e experi\u00eancias de usu\u00e1rio para sites. Eles tamb\u00e9m projetam aplicativos m\u00f3veis e outras plataformas digitais.<\/li>\n\n\n\n<li><strong>Gerente de com\u00e9rcio eletr\u00f4nico:<\/strong> Gerencia vendas e opera\u00e7\u00f5es on-line para um site de com\u00e9rcio eletr\u00f4nico.<\/li>\n<\/ul>\n\n\n\n<p>Esses s\u00e3o apenas alguns dos cargos cr\u00edticos na m\u00eddia digital. O campo est\u00e1 evoluindo. Assim, novos cargos e fun\u00e7\u00f5es est\u00e3o surgindo \u00e0 medida que a tecnologia avan\u00e7a.<\/p>\n\n\n\n<h2 class=\"wp-block-heading\">Por que as empresas precisam de pesquisas de mercado de m\u00eddia digital?<\/h2>\n\n\n\n<p>As empresas precisam de m\u00eddia digital por v\u00e1rios motivos. O alcance \u00e9 um dos principais motivos. Permite que as empresas alcancem um p\u00fablico muito maior do que os canais de marketing tradicionais. Com a estrat\u00e9gia certa, as empresas podem entrar em contato com pessoas em todo o mundo. Eles podem atingir dados demogr\u00e1ficos espec\u00edficos com precis\u00e3o.<\/p>\n\n\n\n<p>A m\u00eddia digital permite que as empresas interajam com seus clientes em tempo real. Esse envolvimento pode construir relacionamentos mais fortes com os clientes e melhorar a fidelidade \u00e0 marca.<\/p>\n\n\n\n<p>A m\u00eddia digital pode ser uma forma econ\u00f4mica de atingir um grande p\u00fablico. Por exemplo, a publicidade nas redes sociais \u00e9 muito mais acess\u00edvel do que os canais de publicidade tradicionais.<\/p>\n\n\n\n<p>A m\u00eddia digital fornece an\u00e1lises detalhadas sobre o comportamento do usu\u00e1rio. Essas an\u00e1lises podem ajudar as empresas a medir a efic\u00e1cia de suas campanhas. Assim, eles podem ajustar suas estrat\u00e9gias.<\/p>\n\n\n\n<p>Na era digital de hoje, as empresas devem ter uma presen\u00e7a digital s\u00f3lida. Aqueles que n\u00e3o t\u00eam essa presen\u00e7a correm o risco de ficar para tr\u00e1s em rela\u00e7\u00e3o aos concorrentes. Ter uma estrat\u00e9gia robusta de m\u00eddia digital pode ajudar as empresas a permanecerem competitivas. Isso tamb\u00e9m os mant\u00e9m relevantes em seu setor.<\/p>\n\n\n\n<p>A m\u00eddia digital permite que as empresas interajam com seus clientes. Eles podem conduzir neg\u00f3cios de acordo com as programa\u00e7\u00f5es de seus clientes. Esses fatores podem levar a uma maior satisfa\u00e7\u00e3o do cliente.<\/p>\n\n\n\n<p>A m\u00eddia digital \u00e9 uma ferramenta poderosa. Pode ajudar as empresas a alcan\u00e7ar e interagir com seu p\u00fablico-alvo. Tamb\u00e9m lhes permite medir a efic\u00e1cia de suas campanhas de marketing. Assim, eles podem permanecer competitivos no atual ambiente de neg\u00f3cios acelerado.<\/p>\n\n\n\n<h2 class=\"wp-block-heading\">Principais fatores de sucesso<\/h2>\n\n\n\n<figure class=\"gb-block-image gb-block-image-b6426cf8\"><img loading=\"lazy\" decoding=\"async\" width=\"1456\" height=\"816\" class=\"gb-image gb-image-b6426cf8\" src=\"https:\/\/www.sisinternational.com\/wp-content\/uploads\/2025\/08\/Social-media-5.jpg\" alt=\"Pesquisa e Estrat\u00e9gia de Mercado Internacional da SIS\" title=\"Social media (5)\" srcset=\"https:\/\/www.sisinternational.com\/wp-content\/uploads\/2025\/08\/Social-media-5.jpg 1456w, https:\/\/www.sisinternational.com\/wp-content\/uploads\/2025\/08\/Social-media-5-300x168.jpg 300w, https:\/\/www.sisinternational.com\/wp-content\/uploads\/2025\/08\/Social-media-5-1024x574.jpg 1024w, https:\/\/www.sisinternational.com\/wp-content\/uploads\/2025\/08\/Social-media-5-768x430.jpg 768w, https:\/\/www.sisinternational.com\/wp-content\/uploads\/2025\/08\/Social-media-5-18x10.jpg 18w\" sizes=\"auto, (max-width: 1456px) 100vw, 1456px\"><\/figure>\n\n\n\n<p><\/p>\n\n\n\n<p>Existem v\u00e1rios fatores cr\u00edticos de sucesso a serem considerados para uma estrat\u00e9gia de m\u00eddia digital. Um dos mais importantes s\u00e3o objetivos claros. \u00c9 essencial compreender os objetivos da estrat\u00e9gia de m\u00eddia digital. Na verdade, esta compreens\u00e3o ajudar\u00e1 a orientar o desenvolvimento do plano de jogo. \u00c9 tamb\u00e9m uma forma de alinh\u00e1-lo aos objetivos do neg\u00f3cio.<\/p>\n\n\n\n<p>Compreender o p\u00fablico-alvo \u00e9 fundamental para o desenvolvimento de uma estrat\u00e9gia eficaz de m\u00eddia digital. As empresas precisam pesquisar o comportamento, as prefer\u00eancias e os interesses de seu p\u00fablico. Dessa forma, eles podem garantir a entrega de conte\u00fado que ressoe com eles.<\/p>\n\n\n\n<p>Conte\u00fado de alta qualidade \u00e9 essencial para envolver o p\u00fablico. Tamb\u00e9m \u00e9 vital se voc\u00ea estiver construindo seguidores leais. O conte\u00fado deve ser relevante, informativo e envolvente. Ajudaria se voc\u00ea o adaptasse ao p\u00fablico-alvo.<\/p>\n\n\n\n<p>A consist\u00eancia \u00e9 vital quando se trata de m\u00eddia digital. Voc\u00ea deve entregar o conte\u00fado regularmente. A mensagem deve ser consistente em todos os canais.<\/p>\n\n\n\n<p>A an\u00e1lise \u00e9 vital para medir a efic\u00e1cia da estrat\u00e9gia de m\u00eddia digital. As empresas devem acompanhar m\u00e9tricas como engajamento, alcance e taxas de convers\u00e3o. Dessa forma, eles podem entender o desempenho do sistema. Eles tamb\u00e9m podem identificar \u00e1reas para melhoria.<\/p>\n\n\n\n<p>O cen\u00e1rio da m\u00eddia digital est\u00e1 evoluindo. As empresas precisam ser flex\u00edveis e adapt\u00e1veis para acompanhar as mudan\u00e7as. Eles precisar\u00e3o experimentar novas abordagens. Eles tamb\u00e9m devem ajustar a estrat\u00e9gia conforme necess\u00e1rio.<\/p>\n\n\n\n<p>As empresas devem integrar a m\u00eddia digital em sua estrat\u00e9gia de neg\u00f3cios. Eles n\u00e3o deveriam encarar isso como uma atividade aut\u00f4noma. Eles devem alinh\u00e1-lo aos valores e objetivos da marca. As empresas tamb\u00e9m devem integr\u00e1-lo a outras atividades de marketing. Essa \u00e9 a melhor maneira de criar uma abordagem coesa.<\/p>\n\n\n\n<p>As empresas devem considerar esses fatores cr\u00edticos de sucesso. Eles podem us\u00e1-los para desenvolver uma estrat\u00e9gia de m\u00eddia digital eficaz e envolvente. Esses fatores de sucesso ajudar\u00e3o a entregar resultados.<\/p>\n\n\n\n<h2 class=\"wp-block-heading\">Sobre a pesquisa de mercado de m\u00eddia digital<\/h2>\n\n\n\n<p>At SIS International, we conduct two main types of market research. We do Quantitative and Qualitative Market Research. An essential element of <a class=\"wpil_keyword_link\" href=\"https:\/\/www.sisinternational.com\/pt\/top-5-benefits-of-conducting-quantitative-market-research\/\" title=\"Top 5 Benefits of Conducting Quantitative Market Research\" data-wpil-keyword-link=\"linked\" data-wpil-monitor-id=\"692\">Pesquisa Quantitativa de Mercado<\/a> is Surveys. Qualitative Market Research uses tools like Focus Groups and In-depth Interviews.<\/p>\n\n\n\n<p>Market Research allows you to understand your competitors. We make it easy for you by providing Competitive Analysis coupled with <a class=\"wpil_keyword_link\" href=\"https:\/\/www.sisinternational.com\/pt\/solucoes\/consultoria-estrategica\/pesquisa-de-entrada-no-mercado\/\" title=\"Pesquisa de entrada no mercado\" data-wpil-keyword-link=\"linked\" data-wpil-monitor-id=\"362\">Pesquisa de entrada no mercado<\/a>. We also offer UX, Strategy, Market Opportunity, and <a href=\"https:\/\/www.sisinternational.com\/pt\/pericia\/industrias\/pesquisa-de-mercado-avicola\/\" title=\"Pesquisa de mercado av\u00edcola\" data-wpil-monitor-id=\"3091\">Pesquisa de dimensionamento de mercado<\/a>. Contact SIS for a consultation today!<\/p>\n\n\n\n<p><\/p>","protected":false},"excerpt":{"rendered":"<p>A m\u00eddia digital tornou a informa\u00e7\u00e3o mais acess\u00edvel do que nunca, \u00e0 medida que as pessoas acessam informa\u00e7\u00f5es sobre qualquer assunto em qualquer lugar do mundo.<\/p>","protected":false},"author":1,"featured_media":70286,"parent":14514,"menu_order":286,"comment_status":"closed","ping_status":"closed","template":"","meta":{"footnotes":""},"class_list":["post-42618","page","type-page","status-publish","has-post-thumbnail"],"_links":{"self":[{"href":"https:\/\/www.sisinternational.com\/pt\/wp-json\/wp\/v2\/pages\/42618","targetHints":{"allow":["GET"]}}],"collection":[{"href":"https:\/\/www.sisinternational.com\/pt\/wp-json\/wp\/v2\/pages"}],"about":[{"href":"https:\/\/www.sisinternational.com\/pt\/wp-json\/wp\/v2\/types\/page"}],"author":[{"embeddable":true,"href":"https:\/\/www.sisinternational.com\/pt\/wp-json\/wp\/v2\/users\/1"}],"replies":[{"embeddable":true,"href":"https:\/\/www.sisinternational.com\/pt\/wp-json\/wp\/v2\/comments?post=42618"}],"version-history":[{"count":7,"href":"https:\/\/www.sisinternational.com\/pt\/wp-json\/wp\/v2\/pages\/42618\/revisions"}],"predecessor-version":[{"id":82694,"href":"https:\/\/www.sisinternational.com\/pt\/wp-json\/wp\/v2\/pages\/42618\/revisions\/82694"}],"up":[{"embeddable":true,"href":"https:\/\/www.sisinternational.com\/pt\/wp-json\/wp\/v2\/pages\/14514"}],"wp:featuredmedia":[{"embeddable":true,"href":"https:\/\/www.sisinternational.com\/pt\/wp-json\/wp\/v2\/media\/70286"}],"wp:attachment":[{"href":"https:\/\/www.sisinternational.com\/pt\/wp-json\/wp\/v2\/media?parent=42618"}],"curies":[{"name":"wp","href":"https:\/\/api.w.org\/{rel}","templated":true}]}}