{"id":42612,"date":"2023-04-30T20:59:12","date_gmt":"2023-05-01T00:59:12","guid":{"rendered":"https:\/\/www.sisinternational.com\/?page_id=42612"},"modified":"2026-01-27T16:48:50","modified_gmt":"2026-01-27T21:48:50","slug":"pesquisa-de-mercado-de-revendedores","status":"publish","type":"page","link":"https:\/\/www.sisinternational.com\/pt\/pericia\/pesquisa-de-mercado-de-revendedores\/","title":{"rendered":"Pesquisa de mercado de revendedores"},"content":{"rendered":"<h1 class=\"wp-block-heading\">Pesquisa de mercado de revendedores<\/h1>\n\n\n\n<figure class=\"gb-block-image gb-block-image-31a8fdb2\"><img loading=\"lazy\" decoding=\"async\" width=\"1456\" height=\"816\" class=\"gb-image gb-image-31a8fdb2\" src=\"https:\/\/www.sisinternational.com\/wp-content\/uploads\/2025\/09\/European-food-delivery-2.jpg\" alt=\"Pesquisa e Estrat\u00e9gia de Mercado Internacional da SIS\" title=\"European food delivery (2)\" srcset=\"https:\/\/www.sisinternational.com\/wp-content\/uploads\/2025\/09\/European-food-delivery-2.jpg 1456w, https:\/\/www.sisinternational.com\/wp-content\/uploads\/2025\/09\/European-food-delivery-2-300x168.jpg 300w, https:\/\/www.sisinternational.com\/wp-content\/uploads\/2025\/09\/European-food-delivery-2-1024x574.jpg 1024w, https:\/\/www.sisinternational.com\/wp-content\/uploads\/2025\/09\/European-food-delivery-2-768x430.jpg 768w, https:\/\/www.sisinternational.com\/wp-content\/uploads\/2025\/09\/European-food-delivery-2-18x10.jpg 18w\" sizes=\"auto, (max-width: 1456px) 100vw, 1456px\"><\/figure>\n\n\n\n<p><\/p>\n\n\n\n<div>O mundo dos neg\u00f3cios est\u00e1 em constante evolu\u00e7\u00e3o e permanecer \u00e0 frente da concorr\u00eancia requer uma compreens\u00e3o profunda do panorama do mercado \u2013 e a pesquisa de mercado dos concession\u00e1rios oferece uma an\u00e1lise abrangente do panorama dos concession\u00e1rios, fornecendo informa\u00e7\u00f5es valiosas sobre as tend\u00eancias da ind\u00fastria, prefer\u00eancias dos clientes e potenciais parceiros. A import\u00e2ncia desta pesquisa reside na sua capacidade de influenciar as decis\u00f5es estrat\u00e9gicas de uma empresa, incluindo a sele\u00e7\u00e3o de revendedores apropriados, o aprimoramento das redes de revendedores e a otimiza\u00e7\u00e3o da satisfa\u00e7\u00e3o do cliente.<\/div>\n\n\n\n<h2 class=\"wp-block-heading\">Compreendendo a pesquisa de mercado do revendedor<\/h2>\n\n\n\n<p>A pesquisa de mercado de revendedores \u00e9 um elemento essencial para impulsionar o sucesso dos neg\u00f3cios, pois ajuda as empresas a navegar no cen\u00e1rio complexo das redes de revendedores e garante que estejam bem equipadas para tomar decis\u00f5es informadas.<\/p>\n\n\n\n<p>Compreender a pesquisa de mercado dos revendedores envolve uma explora\u00e7\u00e3o abrangente dos revendedores, como tend\u00eancias do setor, prefer\u00eancias dos clientes, tipos de revendedores e parceiros potenciais. Esta pesquisa tamb\u00e9m permite que as empresas tomem decis\u00f5es bem informadas e desenvolvam estrat\u00e9gias eficazes para crescimento e sucesso.<\/p>\n\n\n\n<p>Ajuda as empresas a selecionar o revendedor adequado com base em fatores como presen\u00e7a no mercado, tamanho do revendedor, cobertura geogr\u00e1fica, espectro de produtos e \u00e1rea de especializa\u00e7\u00e3o, entre outros elementos. Da mesma forma, fornece tend\u00eancias do setor, taxas de crescimento, oportunidades e desafios para desenvolver estrat\u00e9gias eficazes.<\/p>\n\n\n\n<h2 class=\"wp-block-heading\">O papel da pesquisa de mercado do revendedor no sucesso empresarial<\/h2>\n\n\n\n<ul class=\"wp-block-list\">\n<li><strong>Tomada de decis\u00e3o informada:<\/strong> A pesquisa de mercado dos revendedores fornece insights cr\u00edticos sobre as inclina\u00e7\u00f5es dos clientes e as t\u00e1ticas dos concorrentes, permitindo que as empresas tomem decis\u00f5es informadas sobre parcerias com revendedores, portf\u00f3lios de produtos e segmentos-alvo.<\/li>\n\n\n\n<li><strong>Sele\u00e7\u00e3o ideal de revendedor:<\/strong> Atrav\u00e9s da implementa\u00e7\u00e3o de uma pesquisa abrangente de mercado de revendedores, as empresas podem identificar com efic\u00e1cia os parceiros de concession\u00e1ria mais adequados com base em fatores cr\u00edticos como escala, alcance geogr\u00e1fico, portf\u00f3lio de produtos e posi\u00e7\u00e3o no setor.<\/li>\n\n\n\n<li><strong>Maior satisfa\u00e7\u00e3o do cliente:<\/strong> As empresas podem obter informa\u00e7\u00f5es valiosas sobre o comportamento de compra do cliente. Com esses dados, as empresas podem personalizar suas ofertas de produtos e t\u00e1ticas de marketing para atender \u00e0s demandas de seu p\u00fablico-alvo.<\/li>\n\n\n\n<li><strong>Aumento da participa\u00e7\u00e3o de mercado:<\/strong> Ao identificar tend\u00eancias de mercado, oportunidades inexploradas e amea\u00e7as potenciais, as organiza\u00e7\u00f5es podem capitalizar oportunidades de crescimento, superar os seus concorrentes e aumentar a sua quota de mercado.<\/li>\n\n\n\n<li><strong>Relacionamentos mais fortes com os revendedores:<\/strong> A pesquisa de mercado dos revendedores facilita uma melhor comunica\u00e7\u00e3o e compreens\u00e3o entre as empresas e seus parceiros revendedores. Isso promove relacionamentos mais fortes, solu\u00e7\u00e3o colaborativa de problemas e inova\u00e7\u00e3o.<\/li>\n<\/ul>\n\n\n\n<h2 class=\"wp-block-heading\">Tend\u00eancias atuais<\/h2>\n\n\n\n<figure class=\"gb-block-image gb-block-image-cab99223\"><img loading=\"lazy\" decoding=\"async\" width=\"1456\" height=\"816\" class=\"gb-image gb-image-cab99223\" src=\"https:\/\/www.sisinternational.com\/wp-content\/uploads\/2025\/09\/European-food-delivery-3.jpg\" alt=\"Pesquisa e Estrat\u00e9gia de Mercado Internacional da SIS\" title=\"European food delivery (3)\" srcset=\"https:\/\/www.sisinternational.com\/wp-content\/uploads\/2025\/09\/European-food-delivery-3.jpg 1456w, https:\/\/www.sisinternational.com\/wp-content\/uploads\/2025\/09\/European-food-delivery-3-300x168.jpg 300w, https:\/\/www.sisinternational.com\/wp-content\/uploads\/2025\/09\/European-food-delivery-3-1024x574.jpg 1024w, https:\/\/www.sisinternational.com\/wp-content\/uploads\/2025\/09\/European-food-delivery-3-768x430.jpg 768w, https:\/\/www.sisinternational.com\/wp-content\/uploads\/2025\/09\/European-food-delivery-3-18x10.jpg 18w\" sizes=\"auto, (max-width: 1456px) 100vw, 1456px\"><\/figure>\n\n\n\n<ul class=\"wp-block-list\">\n<li><strong>Maior foco em canais digitais:<\/strong> A mais recente pesquisa de mercado realizada pelos revendedores coloca agora uma maior \u00eanfase nos canais digitais, permitindo-lhes examinar de perto o comportamento, as prefer\u00eancias e as tend\u00eancias dos clientes online.<\/li>\n\n\n\n<li><strong>Uso de an\u00e1lises avan\u00e7adas e insights baseados em dados:<\/strong> O advento de big data de ponta e de ferramentas anal\u00edticas avan\u00e7adas resultou num aumento significativo na capacidade dos investigadores de analisar grandes quantidades de dados e extrair informa\u00e7\u00f5es pr\u00e1ticas e valiosas. Como resultado, ocorreu uma mudan\u00e7a de paradigma na pesquisa de mercado dos revendedores em dire\u00e7\u00e3o a abordagens baseadas em dados, que priorizam m\u00e9todos de an\u00e1lise quantitativa para descobrir correla\u00e7\u00f5es e padr\u00f5es.<\/li>\n\n\n\n<li><strong>Integra\u00e7\u00e3o de intelig\u00eancia artificial (IA) e aprendizado de m\u00e1quina (ML):<\/strong> The utilization of AI and ML technologies has become more prevalent in the realm of dealer <a href=\"https:\/\/www.sisinternational.com\/pt\/automacao-em-pesquisa-de-mercado\/\" title=\"Automa\u00e7\u00e3o em Pesquisa de Mercado\"  data-wpil-monitor-id=\"2541\">market research as their ability to automate<\/a> complex data analysis, recognize patterns, and deliver accurate predictions has proven highly effective.<\/li>\n\n\n\n<li><strong>\u00canfase na experi\u00eancia e satisfa\u00e7\u00e3o do cliente:<\/strong> A pesquisa de mercado dos revendedores est\u00e1 cada vez mais focada em obter uma compreens\u00e3o profunda da experi\u00eancia do cliente. Isso envolve examinar cuidadosamente os diferentes pontos de contato ao longo da jornada do cliente, incluindo intera\u00e7\u00f5es de vendas, qualidade do produto e suporte p\u00f3s-venda.<\/li>\n\n\n\n<li><strong>Segmenta\u00e7\u00e3o e personaliza\u00e7\u00e3o do revendedor:<\/strong> Para melhor direcionar os seus esfor\u00e7os de marketing e vendas, as empresas est\u00e3o cada vez mais focadas na segmenta\u00e7\u00e3o das suas redes de concession\u00e1rios com base em fatores como tamanho, localiza\u00e7\u00e3o e dados demogr\u00e1ficos dos clientes. Isso permite estrat\u00e9gias de marketing mais personalizadas e direcionadas, levando a um melhor desempenho do revendedor e \u00e0 satisfa\u00e7\u00e3o do cliente.<\/li>\n\n\n\n<li><strong>Colabora\u00e7\u00e3o entre fabricantes e revendedores:<\/strong> \u00c0 medida que o panorama do com\u00e9rcio continua a evoluir, torna-se cada vez mais claro que a colabora\u00e7\u00e3o entre fabricantes e revendedores \u00e9 essencial para otimizar os canais de vendas. Como resultado, as empresas est\u00e3o a dedicar uma aten\u00e7\u00e3o significativa ao fortalecimento destas parcerias atrav\u00e9s de estrat\u00e9gias como a partilha de informa\u00e7\u00f5es, iniciativas conjuntas de marketing e incentivos baseados no desempenho.<\/li>\n\n\n\n<li><strong>Foco na sustentabilidade e no impacto ambiental:<\/strong> Com a crescente consci\u00eancia da import\u00e2ncia da sustentabilidade e da necessidade de reduzir o impacto ambiental, as empresas est\u00e3o a considerar estes factores nas suas pesquisas de mercado de concession\u00e1rios. Isto pode envolver a an\u00e1lise dos esfor\u00e7os dos concession\u00e1rios para minimizar os res\u00edduos, reduzir as emiss\u00f5es de carbono e promover pr\u00e1ticas sustent\u00e1veis nas suas opera\u00e7\u00f5es.<\/li>\n<\/ul>\n\n\n\n<h2 class=\"wp-block-heading\">Oportunidades<\/h2>\n\n\n\n<p>Expansion into new markets: Conducting dealer market <a href=\"https:\/\/www.sisinternational.com\/pt\/mercado-fmcg-no-vietna\/\" title=\"Mercado FMCG no Vietn\u00e3\"  data-wpil-monitor-id=\"7589\">pesquisar<\/a> can help businesses identify and capitalize on emerging markets with growth potential. By analyzing local market dynamics and discerning customer preferences, companies can expand their dealer networks and secure a larger market share.<\/p>\n\n\n\n<p>Otimiza\u00e7\u00e3o do desempenho do revendedor: A realiza\u00e7\u00e3o desta pesquisa de mercado pode ajudar a otimizar as opera\u00e7\u00f5es e refor\u00e7ar o desempenho do revendedor. Atrav\u00e9s deste processo, as organiza\u00e7\u00f5es podem obter insights e desenvolver estrat\u00e9gias eficazes destinadas a aumentar a produtividade, elevar o relacionamento com os clientes e aumentar a rentabilidade.<\/p>\n\n\n\n<p>Vantagem competitiva: As empresas podem garantir uma vantagem competitiva mantendo-se atualizadas e bem informadas sobre as t\u00e1ticas dos concorrentes e as prefer\u00eancias dos clientes. Isso lhes permite tomar decis\u00f5es bem informadas e ajustar-se prontamente \u00e0s flutua\u00e7\u00f5es do mercado.<\/p>\n\n\n\n<h2 class=\"wp-block-heading\">Desafios<\/h2>\n\n\n\n<ul class=\"wp-block-list\">\n<li><strong>Gerenciando grandes volumes de dados:<\/strong> The vast amount of information gained from <a class=\"wpil_keyword_link\" href=\"https:\/\/www.sisinternational.com\/pt\/pericia\/industrias\/pesquisa-de-mercado-de-distribuidores\/\"   title=\"Pesquisa de mercado de distribuidores\" data-wpil-keyword-link=\"linked\"  data-wpil-monitor-id=\"364\">pesquisa de mercado de distribuidores<\/a> can be a daunting task. To draw meaningful conclusions, it is necessary to use sophisticated analytical tools and skills that are not always readily available.<\/li>\n\n\n\n<li><strong>Acompanhando os mercados em r\u00e1pida mudan\u00e7a:<\/strong> No cen\u00e1rio empresarial din\u00e2mico de hoje, as organiza\u00e7\u00f5es devem manter-se a par das \u00faltimas tend\u00eancias e desenvolvimentos. \u00c0 medida que os mercados evoluem incessantemente, as empresas devem realizar pesquisas de mercado regulares para se ajustarem \u00e0s mudan\u00e7as e sustentarem a sua vantagem competitiva.<\/li>\n\n\n\n<li><a href=\"https:\/\/www.sisinternational.com\/pt\/solucoes\/pesquisa-de-mercado-com-scorecard-balanceado\/\" title=\"Pesquisa de mercado do Balanced Scorecard\"  data-wpil-monitor-id=\"2250\">Balancing costs and benefits: Dealer market research<\/a> can be a costly endeavor, particularly for small and medium-sized businesses.<\/li>\n<\/ul>\n\n\n\n<h2 class=\"wp-block-heading\">Perspectivas para pesquisa de mercado de revendedores<\/h2>\n\n\n\n<figure class=\"gb-block-image gb-block-image-b53e5b9c\"><img loading=\"lazy\" decoding=\"async\" width=\"1456\" height=\"816\" class=\"gb-image gb-image-b53e5b9c\" src=\"https:\/\/www.sisinternational.com\/wp-content\/uploads\/2025\/09\/European-food-delivery-1.jpg\" alt=\"Pesquisa e Estrat\u00e9gia de Mercado Internacional da SIS\" title=\"European food delivery (1)\" srcset=\"https:\/\/www.sisinternational.com\/wp-content\/uploads\/2025\/09\/European-food-delivery-1.jpg 1456w, https:\/\/www.sisinternational.com\/wp-content\/uploads\/2025\/09\/European-food-delivery-1-300x168.jpg 300w, https:\/\/www.sisinternational.com\/wp-content\/uploads\/2025\/09\/European-food-delivery-1-1024x574.jpg 1024w, https:\/\/www.sisinternational.com\/wp-content\/uploads\/2025\/09\/European-food-delivery-1-768x430.jpg 768w, https:\/\/www.sisinternational.com\/wp-content\/uploads\/2025\/09\/European-food-delivery-1-18x10.jpg 18w\" sizes=\"auto, (max-width: 1456px) 100vw, 1456px\"><\/figure>\n\n\n\n<p><\/p>\n\n\n\n<h3 class=\"wp-block-heading\">\u00c0 medida que a pesquisa de mercado dos concession\u00e1rios continua a evoluir, espera-se que v\u00e1rias tend\u00eancias importantes moldem o seu desenvolvimento futuro:<\/h3>\n\n\n\n<ul class=\"wp-block-list\">\n<li><strong>Integra\u00e7\u00e3o de tecnologias avan\u00e7adas:<\/strong> A ado\u00e7\u00e3o de tecnologias de IA e ML na pesquisa de mercado de revendedores ajudar\u00e1 as empresas a analisar grandes volumes de dados e a tomar decis\u00f5es mais r\u00e1pidas e precisas. Esta integra\u00e7\u00e3o levar\u00e1 a m\u00e9todos de pesquisa de mercado mais eficientes e eficazes.<\/li>\n\n\n\n<li><strong>Maior foco em estrat\u00e9gias centradas no cliente:<\/strong> \u00c0 medida que as empresas reconhecem a import\u00e2ncia da satisfa\u00e7\u00e3o e fidelidade do cliente, a pesquisa de mercado dos revendedores concentrar-se-\u00e1 cada vez mais na compreens\u00e3o das necessidades e prefer\u00eancias dos clientes para desenvolver estrat\u00e9gias direcionadas e centradas no cliente.<\/li>\n\n\n\n<li><strong>Capacidades aprimoradas de an\u00e1lise de dados:<\/strong> \u00c0 medida que os dados se tornam mais cr\u00edticos para o sucesso dos neg\u00f3cios, a pesquisa de mercado de revendedores aproveitar\u00e1 ferramentas anal\u00edticas avan\u00e7adas para fornecer \u00e0s empresas insights mais profundos e pr\u00e1ticos sobre suas redes de revendedores e clientes.<\/li>\n\n\n\n<li><strong>Maior \u00eanfase em dados em tempo real:<\/strong> A crescente necessidade de informa\u00e7\u00f5es oportunas e precisas impulsionar\u00e1 a demanda por dados em tempo real nas pesquisas de mercado dos revendedores. Isto permitir\u00e1 que as empresas respondam mais rapidamente \u00e0s mudan\u00e7as do mercado e tomem decis\u00f5es mais informadas.<\/li>\n\n\n\n<li><strong>Colabora\u00e7\u00e3o com parceiros da ind\u00fastria:<\/strong> A pesquisa de mercado dos revendedores pode envolver uma maior colabora\u00e7\u00e3o com parceiros da ind\u00fastria, como fornecedores e fabricantes, para desenvolver uma compreens\u00e3o mais abrangente do mercado e da sua din\u00e2mica.<\/li>\n<\/ul>\n\n\n\n<p>A SIS International oferece Pesquisa Quantitativa, Qualitativa e Estrat\u00e9gica. Fornecemos dados, ferramentas, estrat\u00e9gias, relat\u00f3rios e insights para tomada de decis\u00f5es. Conduzimos entrevistas, pesquisas, grupos focais e muitos outros m\u00e9todos e abordagens de Pesquisa de Mercado. Contate-nos para o seu pr\u00f3ximo projeto de Pesquisa de Mercado.<\/p>","protected":false},"excerpt":{"rendered":"<p>A pesquisa de mercado do revendedor \u00e9 essencial para impulsionar o sucesso do neg\u00f3cio. Ajuda as empresas a navegar no complexo cen\u00e1rio das redes de concession\u00e1rios.<\/p>","protected":false},"author":1,"featured_media":66168,"parent":14514,"menu_order":284,"comment_status":"closed","ping_status":"closed","template":"","meta":{"footnotes":""},"class_list":["post-42612","page","type-page","status-publish","has-post-thumbnail"],"_links":{"self":[{"href":"https:\/\/www.sisinternational.com\/pt\/wp-json\/wp\/v2\/pages\/42612","targetHints":{"allow":["GET"]}}],"collection":[{"href":"https:\/\/www.sisinternational.com\/pt\/wp-json\/wp\/v2\/pages"}],"about":[{"href":"https:\/\/www.sisinternational.com\/pt\/wp-json\/wp\/v2\/types\/page"}],"author":[{"embeddable":true,"href":"https:\/\/www.sisinternational.com\/pt\/wp-json\/wp\/v2\/users\/1"}],"replies":[{"embeddable":true,"href":"https:\/\/www.sisinternational.com\/pt\/wp-json\/wp\/v2\/comments?post=42612"}],"version-history":[{"count":7,"href":"https:\/\/www.sisinternational.com\/pt\/wp-json\/wp\/v2\/pages\/42612\/revisions"}],"predecessor-version":[{"id":81212,"href":"https:\/\/www.sisinternational.com\/pt\/wp-json\/wp\/v2\/pages\/42612\/revisions\/81212"}],"up":[{"embeddable":true,"href":"https:\/\/www.sisinternational.com\/pt\/wp-json\/wp\/v2\/pages\/14514"}],"wp:featuredmedia":[{"embeddable":true,"href":"https:\/\/www.sisinternational.com\/pt\/wp-json\/wp\/v2\/media\/66168"}],"wp:attachment":[{"href":"https:\/\/www.sisinternational.com\/pt\/wp-json\/wp\/v2\/media?parent=42612"}],"curies":[{"name":"wp","href":"https:\/\/api.w.org\/{rel}","templated":true}]}}