{"id":42609,"date":"2023-04-30T18:43:58","date_gmt":"2023-04-30T22:43:58","guid":{"rendered":"https:\/\/www.sisinternational.com\/?page_id=42609"},"modified":"2026-01-24T20:38:29","modified_gmt":"2026-01-25T01:38:29","slug":"entrevista-por-telefone-assistida-por-computador-pesquisa-de-mercado","status":"publish","type":"page","link":"https:\/\/www.sisinternational.com\/pt\/pericia\/entrevista-por-telefone-assistida-por-computador-pesquisa-de-mercado\/","title":{"rendered":"Pesquisa de mercado de entrevistas por telefone assistidas por computador"},"content":{"rendered":"<h1 class=\"wp-block-heading\">Pesquisa de mercado de entrevistas por telefone assistidas por computador<\/h1>\n\n\n\n<figure class=\"gb-block-image gb-block-image-7e87736c\"><img loading=\"lazy\" decoding=\"async\" width=\"1456\" height=\"816\" class=\"gb-image gb-image-7e87736c\" src=\"https:\/\/www.sisinternational.com\/wp-content\/uploads\/2025\/08\/Computer-Assisted-Telephone-Interviewing.jpg\" alt=\"Pesquisa e Estrat\u00e9gia de Mercado Internacional da SIS\" title=\"Computer Assisted Telephone Interviewing\" srcset=\"https:\/\/www.sisinternational.com\/wp-content\/uploads\/2025\/08\/Computer-Assisted-Telephone-Interviewing.jpg 1456w, https:\/\/www.sisinternational.com\/wp-content\/uploads\/2025\/08\/Computer-Assisted-Telephone-Interviewing-300x168.jpg 300w, https:\/\/www.sisinternational.com\/wp-content\/uploads\/2025\/08\/Computer-Assisted-Telephone-Interviewing-1024x574.jpg 1024w, https:\/\/www.sisinternational.com\/wp-content\/uploads\/2025\/08\/Computer-Assisted-Telephone-Interviewing-768x430.jpg 768w, https:\/\/www.sisinternational.com\/wp-content\/uploads\/2025\/08\/Computer-Assisted-Telephone-Interviewing-18x10.jpg 18w\" sizes=\"auto, (max-width: 1456px) 100vw, 1456px\"><\/figure>\n\n\n\n<p><\/p>\n\n\n\n<p>A pesquisa de mercado de Entrevistas Telef\u00f4nicas Assistidas por Computador (CATI) \u00e9 uma forma popular de coletar dados de um grupo grande e diversificado de entrevistados por meio de entrevistas por telefone. Para melhorar a efici\u00eancia e a precis\u00e3o na coleta de informa\u00e7\u00f5es por meio de entrevistas telef\u00f4nicas, essa metodologia utiliza tecnologias assistidas por computador que facilitam a condu\u00e7\u00e3o do processo de pesquisa pelos pesquisadores.<\/p>\n\n\n\n<h2 class=\"wp-block-heading\">O que \u00e9 pesquisa de mercado CATI e por que ela \u00e9 importante?<\/h2>\n\n\n\n<p>A pesquisa de mercado do CATI \u00e9 realizada por meio da utiliza\u00e7\u00e3o de softwares de inform\u00e1tica que auxiliam os pesquisadores em seu trabalho. A sele\u00e7\u00e3o sistem\u00e1tica das perguntas subsequentes \u00e9 feita com base nas respostas dos entrevistados.<\/p>\n\n\n\n<p>Na pesquisa de mercado CATI, os entrevistadores utilizam um sistema informatizado para fazer uma s\u00e9rie de perguntas predefinidas aos entrevistados, registrar suas respostas diretamente no sistema e armazenar os dados para an\u00e1lise posterior.<\/p>\n\n\n\n<p>CATI market research facilitates gathering data from a large sample size through telephone interviews and it can enhance the accuracy and representativeness of the collected data. CATI allows real-time data collection, quick analysis, and decision-making, which is convenient for market researchers. It also has the capability of easily collecting <a href=\"https:\/\/www.sisinternational.com\/pt\/cobertura\/europa\/pesquisa-de-mercado-em-liverpool-reino-unido\/\" title=\"Pesquisa de Mercado em Liverpool | Grupos focais e coleta de dados no Reino Unido\"  data-wpil-monitor-id=\"9561\">data<\/a> from people belonging to various demographic groups including those with different ages, incomes, and locations.<\/p>\n\n\n\n<h2 class=\"wp-block-heading\">Vantagens da Pesquisa de Mercado CATI<\/h2>\n\n\n\n<h3 class=\"wp-block-heading\">Existem v\u00e1rias vantagens sobre outros m\u00e9todos de pesquisa, incluindo:<\/h3>\n\n\n\n<ul class=\"wp-block-list\">\n<li><strong>Custo-benef\u00edcio:<\/strong> Os pesquisadores de mercado que realizam suas pesquisas por telefone utilizando a metodologia CATI podem se beneficiar da redu\u00e7\u00e3o de gastos devido \u00e0 elimina\u00e7\u00e3o de despesas relacionadas a viagens.<\/li>\n\n\n\n<li><strong>Taxas de resposta mais altas:<\/strong> As entrevistas por telefone normalmente produzem taxas de resposta mais altas em compara\u00e7\u00e3o com outros m\u00e9todos de pesquisa devido \u00e0 intera\u00e7\u00e3o pessoal que proporcionam com os entrevistados.<\/li>\n\n\n\n<li><strong>Grande tamanho de amostra:<\/strong> A realiza\u00e7\u00e3o de pesquisas de mercado CATI por meio de entrevistas telef\u00f4nicas permite que um tamanho amostral maior possa melhorar a precis\u00e3o e a representatividade das informa\u00e7\u00f5es.<\/li>\n\n\n\n<li><strong>Maior efici\u00eancia:<\/strong> CATI systems can automate several tasks such as dialing phone numbers, scheduling calls, and routing calls to available interviewers. These automated processes help to increase the efficiency of the interviewing process, allowing more <a href=\"https:\/\/www.sisinternational.com\/pt\/how-to-conduct-in-depth-interviews-for-market-insights\/\" title=\"Como conduzir entrevistas em profundidade para obter insights de mercado\"  data-wpil-monitor-id=\"9563\">interviews to be conducted<\/a> in a shorter time frame.<\/li>\n<\/ul>\n\n\n\n<h2 class=\"wp-block-heading\">Tend\u00eancias atuais em pesquisa de mercado CATI<\/h2>\n\n\n\n<figure class=\"gb-block-image gb-block-image-f7986725\"><img loading=\"lazy\" decoding=\"async\" width=\"1456\" height=\"816\" class=\"gb-image gb-image-f7986725\" src=\"https:\/\/www.sisinternational.com\/wp-content\/uploads\/2025\/08\/Computer-Assisted-Telephone-Interviewing-6-1.jpg\" alt=\"Pesquisa e Estrat\u00e9gia de Mercado Internacional da SIS\" title=\"Computer Assisted Telephone Interviewing 6 (1)\" srcset=\"https:\/\/www.sisinternational.com\/wp-content\/uploads\/2025\/08\/Computer-Assisted-Telephone-Interviewing-6-1.jpg 1456w, https:\/\/www.sisinternational.com\/wp-content\/uploads\/2025\/08\/Computer-Assisted-Telephone-Interviewing-6-1-300x168.jpg 300w, https:\/\/www.sisinternational.com\/wp-content\/uploads\/2025\/08\/Computer-Assisted-Telephone-Interviewing-6-1-1024x574.jpg 1024w, https:\/\/www.sisinternational.com\/wp-content\/uploads\/2025\/08\/Computer-Assisted-Telephone-Interviewing-6-1-768x430.jpg 768w, https:\/\/www.sisinternational.com\/wp-content\/uploads\/2025\/08\/Computer-Assisted-Telephone-Interviewing-6-1-18x10.jpg 18w\" sizes=\"auto, (max-width: 1456px) 100vw, 1456px\"><\/figure>\n\n\n\n<p><\/p>\n\n\n\n<h3 class=\"wp-block-heading\">A pesquisa de mercado CATI est\u00e1 em constante evolu\u00e7\u00e3o com novas tend\u00eancias e inova\u00e7\u00f5es. Algumas das tend\u00eancias atuais nesta metodologia incluem:<\/h3>\n\n\n\n<ul class=\"wp-block-list\">\n<li><strong>Otimiza\u00e7\u00e3o m\u00f3vel:<\/strong> \u00c0 medida que aumenta o uso de dispositivos m\u00f3veis entre os consumidores, aumenta tamb\u00e9m a otimiza\u00e7\u00e3o da pesquisa de mercado CATI. Isso permite que os entrevistados participem facilmente de pesquisas em seus smartphones ou tablets.<\/li>\n\n\n\n<li><strong>Abordagem multicanal:<\/strong> To contact respondents effectively, <a href=\"https:\/\/www.sisinternational.com\/pt\/quantitative-market-research-methods-and-techniques\/\" title=\"Quantitative Market Research Methods and Techniques\"  data-wpil-monitor-id=\"9560\">research firms are using multiple communication methods<\/a> including email and SMS alongside the more traditional telephone interview approach.<\/li>\n\n\n\n<li><strong>An\u00e1lise de dados baseada em IA:<\/strong> The process to analyze CATI marketing involves <a href=\"https:\/\/www.sisinternational.com\/pt\/solucoes\/pesquisa-de-mercado-de-ia-e-consultoria-estrategica\/consultoria-em-inteligencia-artificial-em-automacao-de-utilidades\/\" title=\"Consultoria em Automa\u00e7\u00e3o de Utilidades e Intelig\u00eancia Artificial\"  data-wpil-monitor-id=\"9558\">utilizing Artificial Intelligence<\/a> (AI) to make better-informed decisions.<\/li>\n\n\n\n<li><strong>Personaliza\u00e7\u00e3o e personaliza\u00e7\u00e3o:<\/strong> Customized and personalized surveys are gaining popularity within the CATI market research industry. With personalized research, <a href=\"https:\/\/www.sisinternational.com\/pt\/solucoes\/consultoria-estrategica\/analise-de-dados\/\" title=\"Empresa de an\u00e1lise de dados\"  data-wpil-monitor-id=\"9562\">companies gain more relevant data<\/a>.<\/li>\n\n\n\n<li><strong>Maior uso de visualiza\u00e7\u00e3o de dados:<\/strong> Para melhorar a compreens\u00e3o e interpreta\u00e7\u00e3o dos resultados das pesquisas de mercado CATI, o uso de ferramentas de visualiza\u00e7\u00e3o de dados vem ganhando cada vez mais espa\u00e7o.<\/li>\n<\/ul>\n\n\n\n<h2 class=\"wp-block-heading\">Desafios e Limita\u00e7\u00f5es<\/h2>\n\n\n\n<h3 class=\"wp-block-heading\">Embora a pesquisa de mercado CATI por entrevista por telefone tenha muitas vantagens, ela tamb\u00e9m apresenta alguns desafios e limita\u00e7\u00f5es, incluindo:<\/h3>\n\n\n\n<ul class=\"wp-block-list\">\n<li><strong>Taxas de resposta decrescentes:<\/strong> Ao longo dos anos, tem havido uma diminui\u00e7\u00e3o nas taxas de resposta a inqu\u00e9ritos telef\u00f3nicos devido a v\u00e1rios factores, incluindo preocupa\u00e7\u00f5es crescentes com a privacidade e um aumento na utiliza\u00e7\u00e3o de telem\u00f3veis e tecnologia de bloqueio de chamadas.<\/li>\n\n\n\n<li><strong>Acesso limitado a certas popula\u00e7\u00f5es:<\/strong> Para realizar pesquisas de mercado CATI, o contacto telef\u00f3nico pode ser problem\u00e1tico quando se tenta alcan\u00e7ar determinadas popula\u00e7\u00f5es, como aquelas que n\u00e3o t\u00eam acesso a telefone fixo ou telem\u00f3vel e jovens que preferem comunicar atrav\u00e9s das redes sociais.<\/li>\n\n\n\n<li><strong>Vi\u00e9s do entrevistador:<\/strong> O preconceito do entrevistador pode ocorrer devido a fatores como a forma como as perguntas s\u00e3o feitas e o tom de voz, que podem afetar a confiabilidade dos dados coletados.<\/li>\n\n\n\n<li><strong>Restri\u00e7\u00f5es de tempo e custo:<\/strong> Embora a pesquisa de mercado CATI seja conhecida pela sua efici\u00eancia em compara\u00e7\u00e3o com entrevistas presenciais, ainda requer uma quantidade consider\u00e1vel de tempo e dinheiro, o que a torna menos prefer\u00edvel do que outras op\u00e7\u00f5es, como pesquisas online.<\/li>\n\n\n\n<li><strong>Dificuldade com t\u00f3picos complexos ou delicados:<\/strong> N\u00e3o \u00e9 aconselh\u00e1vel explorar temas complexos ou delicados atrav\u00e9s do CATI, pois os entrevistados podem sentir-se desconfort\u00e1veis ao discutir tais assuntos por telefone.<\/li>\n\n\n\n<li><strong>Desafios tecnol\u00f3gicos:<\/strong> <a href=\"https:\/\/www.sisinternational.com\/pt\/solucoes\/pesquisa-de-mercado-de-ia-e-consultoria-estrategica\/pesquisa-de-mercado-de-ia-de-visao-computacional\/\" title=\"Pesquisa de mercado de IA de vis\u00e3o computacional\"  data-wpil-monitor-id=\"2756\">Computer<\/a> systems and telecommunication infrastructure used in CATI market research are prone to technical issues like software glitches or network disruptions.<\/li>\n<\/ul>\n\n\n\n<h2 class=\"wp-block-heading\">Aplica\u00e7\u00f5es de Entrevista por Telefone CATI Market Research<\/h2>\n\n\n\n<figure class=\"gb-block-image gb-block-image-7e51a6e7\"><img loading=\"lazy\" decoding=\"async\" width=\"1456\" height=\"816\" class=\"gb-image gb-image-7e51a6e7\" src=\"https:\/\/www.sisinternational.com\/wp-content\/uploads\/2025\/08\/Computer-Assisted-Telephone-Interviewing-3.jpg\" alt=\"Pesquisa e Estrat\u00e9gia de Mercado Internacional da SIS\" title=\"Computer Assisted Telephone Interviewing (3)\" srcset=\"https:\/\/www.sisinternational.com\/wp-content\/uploads\/2025\/08\/Computer-Assisted-Telephone-Interviewing-3.jpg 1456w, https:\/\/www.sisinternational.com\/wp-content\/uploads\/2025\/08\/Computer-Assisted-Telephone-Interviewing-3-300x168.jpg 300w, https:\/\/www.sisinternational.com\/wp-content\/uploads\/2025\/08\/Computer-Assisted-Telephone-Interviewing-3-1024x574.jpg 1024w, https:\/\/www.sisinternational.com\/wp-content\/uploads\/2025\/08\/Computer-Assisted-Telephone-Interviewing-3-768x430.jpg 768w, https:\/\/www.sisinternational.com\/wp-content\/uploads\/2025\/08\/Computer-Assisted-Telephone-Interviewing-3-18x10.jpg 18w\" sizes=\"auto, (max-width: 1456px) 100vw, 1456px\"><\/figure>\n\n\n\n<p><\/p>\n\n\n\n<h3 class=\"wp-block-heading\">Entrevista por telefone A pesquisa de mercado CATI tem diversas aplica\u00e7\u00f5es em diferentes ind\u00fastrias e setores. Algumas das aplica\u00e7\u00f5es comuns incluem:<\/h3>\n\n\n\n<ul class=\"wp-block-list\">\n<li><a href=\"https:\/\/www.sisinternational.com\/pt\/how-to-conduct-effective-quantitative-market-research\/\" title=\"How to Conduct Effective Quantitative Market Research\"  data-wpil-monitor-id=\"9559\"><strong>Segmenta\u00e7\u00e3o de mercado:<\/strong> One way to segment a market is through conducting CATI marketing research<\/a> which allows for categorization based on demographics alongside psychographics and behaviors.<\/li>\n\n\n\n<li><strong>Satisfa\u00e7\u00e3o e feedback do cliente:<\/strong> Para coletar feedback e medir os n\u00edveis de satisfa\u00e7\u00e3o do cliente, as empresas utilizam entrevistas telef\u00f4nicas para aumentar os n\u00edveis gerais de satisfa\u00e7\u00e3o do cliente.<\/li>\n\n\n\n<li><strong>Teste e desenvolvimento de produtos:<\/strong> Coletar feedback dos clientes por meio da pesquisa de mercado CATI ajuda as empresas a melhorar seus produtos existentes ou a criar produtos melhores.<\/li>\n\n\n\n<li><strong>Pesquisa de opini\u00e3o p\u00fablica:<\/strong> Reunir a opini\u00e3o p\u00fablica sobre v\u00e1rios temas relevantes, incluindo quest\u00f5es sociais e ambientais, \u00e9 poss\u00edvel atrav\u00e9s da realiza\u00e7\u00e3o de pesquisas de mercado CATI.<\/li>\n\n\n\n<li><strong>Tend\u00eancias e insights de mercado:<\/strong> To make informed business decisions companies use CATI <a href=\"https:\/\/www.sisinternational.com\/pt\/solucoes\/solucoes-de-pesquisa-quantitativa-qualitativa\/entrevistas-por-telefone-pesquisa-de-mercado\/\" title=\"Pesquisa de mercado de entrevistas em profundidade por telefone\"  data-wpil-monitor-id=\"9557\">market research through telephone interviews<\/a> to gather insights on industry changes and market trends.<\/li>\n<\/ul>\n\n\n\n<h2 class=\"wp-block-heading\">Perspectiva futura<\/h2>\n\n\n\n<ul class=\"wp-block-list\">\n<li>A pesquisa de mercado CATI melhorar\u00e1 com o uso de IA, aprendizado de m\u00e1quina e sistemas de reconhecimento de voz, ao mesmo tempo que reduzir\u00e1 o erro humano e o preconceito do entrevistador.<\/li>\n\n\n\n<li>A integra\u00e7\u00e3o da pesquisa de mercado CATI com outras metodologias, como pesquisas on-line ou pesquisas m\u00f3veis, est\u00e1 se tornando cada vez mais popular entre os pesquisadores que desejam obter uma compreens\u00e3o mais aprofundada das opini\u00f5es e prefer\u00eancias dos consumidores.<\/li>\n\n\n\n<li>Manter-se relevante exige que a pesquisa de mercado do CATI se adapte \u00e0 medida que as prefer\u00eancias de comunica\u00e7\u00e3o mudam para melhorar as taxas de resposta e alcan\u00e7ar uma gama mais ampla de entrevistados.<\/li>\n\n\n\n<li>Targeting niche markets is becoming more common in the <a href=\"https:\/\/www.sisinternational.com\/pt\/pericia\/industrias\/\" title=\"Ind\u00fastrias\"  data-wpil-monitor-id=\"9556\">market research industry<\/a>, and CATI market research can help reach hard-to-reach or underserved communities to gather insights from these target groups effectively.<\/li>\n\n\n\n<li>Espera-se que este tipo de pesquisa tenha uma \u00eanfase mais forte na personaliza\u00e7\u00e3o, adaptando as perguntas da pesquisa aos entrevistados individuais com base em suas respostas anteriores ou usando formatos de perguntas mais envolventes e interativos.<\/li>\n<\/ul>","protected":false},"excerpt":{"rendered":"<p>A pesquisa de mercado de Entrevistas Telef\u00f4nicas Assistidas por Computador (CATI) \u00e9 uma forma popular de coletar dados por meio de entrevistas telef\u00f4nicas.<\/p>","protected":false},"author":1,"featured_media":64210,"parent":14514,"menu_order":283,"comment_status":"closed","ping_status":"closed","template":"","meta":{"footnotes":""},"class_list":["post-42609","page","type-page","status-publish","has-post-thumbnail"],"_links":{"self":[{"href":"https:\/\/www.sisinternational.com\/pt\/wp-json\/wp\/v2\/pages\/42609","targetHints":{"allow":["GET"]}}],"collection":[{"href":"https:\/\/www.sisinternational.com\/pt\/wp-json\/wp\/v2\/pages"}],"about":[{"href":"https:\/\/www.sisinternational.com\/pt\/wp-json\/wp\/v2\/types\/page"}],"author":[{"embeddable":true,"href":"https:\/\/www.sisinternational.com\/pt\/wp-json\/wp\/v2\/users\/1"}],"replies":[{"embeddable":true,"href":"https:\/\/www.sisinternational.com\/pt\/wp-json\/wp\/v2\/comments?post=42609"}],"version-history":[{"count":5,"href":"https:\/\/www.sisinternational.com\/pt\/wp-json\/wp\/v2\/pages\/42609\/revisions"}],"predecessor-version":[{"id":81593,"href":"https:\/\/www.sisinternational.com\/pt\/wp-json\/wp\/v2\/pages\/42609\/revisions\/81593"}],"up":[{"embeddable":true,"href":"https:\/\/www.sisinternational.com\/pt\/wp-json\/wp\/v2\/pages\/14514"}],"wp:featuredmedia":[{"embeddable":true,"href":"https:\/\/www.sisinternational.com\/pt\/wp-json\/wp\/v2\/media\/64210"}],"wp:attachment":[{"href":"https:\/\/www.sisinternational.com\/pt\/wp-json\/wp\/v2\/media?parent=42609"}],"curies":[{"name":"wp","href":"https:\/\/api.w.org\/{rel}","templated":true}]}}