{"id":42607,"date":"2023-04-30T18:20:44","date_gmt":"2023-04-30T22:20:44","guid":{"rendered":"https:\/\/www.sisinternational.com\/?page_id=42607"},"modified":"2026-01-24T21:02:06","modified_gmt":"2026-01-25T02:02:06","slug":"pesquisa-de-mercado-de-infraestrutura-de-comunicacoes","status":"publish","type":"page","link":"https:\/\/www.sisinternational.com\/pt\/pericia\/pesquisa-de-mercado-de-infraestrutura-de-comunicacoes\/","title":{"rendered":"Pesquisa de mercado de infraestrutura de comunica\u00e7\u00f5es"},"content":{"rendered":"<h1 class=\"wp-block-heading\">Pesquisa de mercado de infraestrutura de comunica\u00e7\u00f5es<\/h1>\n\n\n\n<figure class=\"gb-block-image gb-block-image-232dc930\"><img loading=\"lazy\" decoding=\"async\" width=\"1456\" height=\"816\" class=\"gb-image gb-image-232dc930\" src=\"https:\/\/www.sisinternational.com\/wp-content\/uploads\/2025\/08\/Communications-Infrastructure-3.jpg\" alt=\"Pesquisa e Estrat\u00e9gia de Mercado Internacional da SIS\" title=\"Communications Infrastructure (3)\" srcset=\"https:\/\/www.sisinternational.com\/wp-content\/uploads\/2025\/08\/Communications-Infrastructure-3.jpg 1456w, https:\/\/www.sisinternational.com\/wp-content\/uploads\/2025\/08\/Communications-Infrastructure-3-300x168.jpg 300w, https:\/\/www.sisinternational.com\/wp-content\/uploads\/2025\/08\/Communications-Infrastructure-3-1024x574.jpg 1024w, https:\/\/www.sisinternational.com\/wp-content\/uploads\/2025\/08\/Communications-Infrastructure-3-768x430.jpg 768w, https:\/\/www.sisinternational.com\/wp-content\/uploads\/2025\/08\/Communications-Infrastructure-3-18x10.jpg 18w\" sizes=\"auto, (max-width: 1456px) 100vw, 1456px\"><\/figure>\n\n\n\n<p><\/p>\n\n\n\n<p>Infraestrutura de comunica\u00e7\u00f5es refere-se a sistemas, redes e tecnologias f\u00edsicas e virtuais. Esses sistemas facilitam a transfer\u00eancia de informa\u00e7\u00f5es e dados entre indiv\u00edduos, organiza\u00e7\u00f5es e dispositivos. Constitui a base da comunica\u00e7\u00e3o moderna. Tamb\u00e9m permite a troca de voz, dados, v\u00eddeo e outras formas de informa\u00e7\u00e3o. Esta informa\u00e7\u00e3o pode agora circular detalhadamente atrav\u00e9s de redes locais, regionais, nacionais e globais.<\/p>\n\n\n\n<h3 class=\"wp-block-heading\">A infraestrutura de comunica\u00e7\u00f5es abrange uma ampla gama de componentes, incluindo:<\/h3>\n\n\n\n<ul class=\"wp-block-list\">\n<li><strong>Infraestrutura f\u00edsica:<\/strong> inclui ativos f\u00edsicos, como cabos, fios e linhas de fibra \u00f3ptica. Tamb\u00e9m cobre antenas, sistemas de sat\u00e9lite, roteadores, switches e data centers. As empresas de infraestrutura de comunica\u00e7\u00f5es utilizam esses sistemas para enviar e processar dados.<\/li>\n\n\n\n<li><strong>Infraestrutura de rede:<\/strong> inclui sistemas e redes interconectadas. Exemplos de infraestrutura de rede s\u00e3o a Internet e as redes sem fio. Outros exemplos s\u00e3o telefones fixos e redes de dados. Essas redes permitem a comunica\u00e7\u00e3o entre diferentes locais, dispositivos e usu\u00e1rios.<\/li>\n\n\n\n<li><strong>Infraestrutura de software:<\/strong> inclui aplicativos de software, protocolos e padr\u00f5es. Esses aplicativos permitem comunica\u00e7\u00e3o e transfer\u00eancia de dados. Exemplos s\u00e3o sistemas de e-mail, aplicativos de mensagens, plataformas de m\u00eddia social e outros softwares de comunica\u00e7\u00e3o.<\/li>\n\n\n\n<li><strong>Provedores de servi\u00e7o:<\/strong> as empresas e outras entidades que mant\u00eam as redes e infraestruturas. Essas entidades incluem provedores de servi\u00e7os de Internet (ISPs) e empresas de telecomunica\u00e7\u00f5es. As operadoras sem fio tamb\u00e9m est\u00e3o sob a \u00e9gide dos provedores de servi\u00e7os.<\/li>\n\n\n\n<li><strong>Dispositivos e terminais:<\/strong> os dispositivos, endpoints e equipamentos usados para acessar redes. Exemplos s\u00e3o smartphones, tablets, computadores, servidores e outros dispositivos conectados.<\/li>\n<\/ul>\n\n\n\n<h2 class=\"wp-block-heading\">Por que a infraestrutura de comunica\u00e7\u00f5es \u00e9 importante?<\/h2>\n\n\n\n<p>A infra-estrutura de comunica\u00e7\u00f5es \u00e9 crucial para a sociedade moderna e para a economia global. Por outras palavras, \u00e9 fundamental para v\u00e1rios sectores, incluindo as telecomunica\u00e7\u00f5es e as tecnologias de informa\u00e7\u00e3o. Tamb\u00e9m \u00e9 vital para m\u00eddia, entretenimento, transporte, finan\u00e7as, sa\u00fade e governo. Outra grande vantagem da infraestrutura de comunica\u00e7\u00f5es \u00e9 que ela permite a comunica\u00e7\u00e3o, a colabora\u00e7\u00e3o e a troca de informa\u00e7\u00f5es. Estes componentes s\u00e3o essenciais para a sociedade moderna, para n\u00e3o falar da economia global. Ele continua a evoluir com os avan\u00e7os tecnol\u00f3gicos. \u00c9 fundamental para moldar a comunica\u00e7\u00e3o e intera\u00e7\u00e3o das pessoas na era digital.<\/p>\n\n\n\n<p>A infraestrutura de comunica\u00e7\u00f5es tem muitas fun\u00e7\u00f5es e benef\u00edcios vitais. Por exemplo, facilita a comunica\u00e7\u00e3o. Ele permite que pessoas, organiza\u00e7\u00f5es e dispositivos troquem informa\u00e7\u00f5es em tempo real. Eles podem fazer isso em redes locais, regionais, nacionais e globais. Permite a transmiss\u00e3o de diferentes formas de informa\u00e7\u00e3o, como voz, dados e v\u00eddeo. Para esclarecer, permite a comunica\u00e7\u00e3o de diversas formas. Por exemplo, s\u00e3o poss\u00edveis chamadas telef\u00f4nicas, e-mails, m\u00eddias sociais e videoconfer\u00eancias. Esta infraestrutura permite que empresas, governos e indiv\u00edduos se conectem, colaborem e compartilhem informa\u00e7\u00f5es. Essas a\u00e7\u00f5es s\u00e3o essenciais para as intera\u00e7\u00f5es econ\u00f4micas, sociais e culturais.<\/p>\n\n\n\n<p>A infra-estrutura de comunica\u00e7\u00f5es catalisa o crescimento econ\u00f3mico. Facilita o com\u00e9rcio, o com\u00e9rcio e as transa\u00e7\u00f5es comerciais no pa\u00eds e no exterior. Por exemplo, permite o com\u00e9rcio eletr\u00f3nico, servi\u00e7os banc\u00e1rios online, pagamentos digitais e gest\u00e3o da cadeia de abastecimento. A infra-estrutura de comunica\u00e7\u00f5es tamb\u00e9m facilita outras actividades empresariais que impulsionam o desenvolvimento econ\u00f3mico e criam empregos. A infra-estrutura de comunica\u00e7\u00f5es tamb\u00e9m promove a inova\u00e7\u00e3o. Pelo menos, fornece uma plataforma para pesquisa, desenvolvimento e dissemina\u00e7\u00e3o de conhecimento e informa\u00e7\u00e3o.<\/p>\n\n\n\n<p>A infra-estrutura de comunica\u00e7\u00f5es permite o acesso a informa\u00e7\u00f5es e servi\u00e7os vitais para indiv\u00edduos e comunidades. Por exemplo, promove educa\u00e7\u00e3o, sa\u00fade, servi\u00e7os governamentais, not\u00edcias e entretenimento. Al\u00e9m disso, permite aprendizagem remota, telemedicina, governo eletr\u00f4nico e outros servi\u00e7os online. Da mesma forma, estes servi\u00e7os melhoram o acesso a recursos, oportunidades e benef\u00edcios. Eles s\u00e3o de particular interesse para popula\u00e7\u00f5es carentes e \u00e1reas remotas.<br>A infra-estrutura de comunica\u00e7\u00f5es desempenha um papel cr\u00edtico na gest\u00e3o de emerg\u00eancias e desastres. Por exemplo, fornece canais de comunica\u00e7\u00e3o fi\u00e1veis para servi\u00e7os de emerg\u00eancia, socorristas e comunidades afetadas. Permite a divulga\u00e7\u00e3o oportuna de informa\u00e7\u00f5es, a coordena\u00e7\u00e3o de recursos e os esfor\u00e7os de resposta. \u00c9 vital durante crises, desastres naturais e outras emerg\u00eancias.<\/p>\n\n\n\n<p>A infraestrutura de comunica\u00e7\u00f5es permite conex\u00f5es sociais e interc\u00e2mbio cultural. Al\u00e9m disso, facilita a comunica\u00e7\u00e3o e intera\u00e7\u00e3o entre pessoas de diferentes localiza\u00e7\u00f5es geogr\u00e1ficas. Pessoas de diferentes origens e perspectivas culturais tamb\u00e9m podem interagir. Al\u00e9m disso, promove a diversidade, a inclus\u00e3o e a compreens\u00e3o, permitindo a troca de ideias e experi\u00eancias. Promove tamb\u00e9m a coes\u00e3o social e o enriquecimento cultural.<\/p>\n\n\n\n<p>A infra-estrutura de comunica\u00e7\u00f5es serve como plataforma para a inova\u00e7\u00e3o tecnol\u00f3gica. Al\u00e9m disso, fornece a base para o desenvolvimento e implanta\u00e7\u00e3o de novas tecnologias e servi\u00e7os de comunica\u00e7\u00e3o. Ele permite avan\u00e7os em 5G e na Internet das Coisas (IoT). A infraestrutura de comunica\u00e7\u00f5es tamb\u00e9m melhora a intelig\u00eancia artificial (IA), a computa\u00e7\u00e3o em nuvem e a realidade virtual (VR). Esses avan\u00e7os impulsionam a inova\u00e7\u00e3o em v\u00e1rios setores. Eles podem transformar ind\u00fastrias, economias e sociedades.<\/p>\n\n\n\n<h2 class=\"wp-block-heading\">Principais cargos<\/h2>\n\n\n\n<ol class=\"wp-block-list\">\n<li><strong>Administrador de rede:<\/strong> Gerencia e mant\u00e9m a infraestrutura de rede de uma organiza\u00e7\u00e3o. O administrador de rede configura, monitora, soluciona problemas e otimiza sistemas, dispositivos e servi\u00e7os de rede.<\/li>\n\n\n\n<li><strong>Engenheiro de Telecomunica\u00e7\u00f5es:<\/strong> Projeta, implementa e gerencia sistemas de telecomunica\u00e7\u00f5es. Esses sistemas incluem redes de voz e dados, redes sem fio e outras tecnologias de comunica\u00e7\u00e3o.<\/li>\n\n\n\n<li><strong>Especialista em Seguran\u00e7a da Informa\u00e7\u00e3o:<\/strong> Garante a seguran\u00e7a da infraestrutura de comunica\u00e7\u00f5es. Este especialista implementa e gerencia medidas de seguran\u00e7a. Eles trabalham com firewalls, criptografia, autentica\u00e7\u00e3o e monitoramento. Esses sistemas protegem contra amea\u00e7as cibern\u00e9ticas e acesso n\u00e3o autorizado.<\/li>\n\n\n\n<li><strong>Arquiteto de Rede:<\/strong> Projeta a estrutura e o layout da infraestrutura de rede de uma organiza\u00e7\u00e3o. Eles definem os requisitos de rede, selecionam tecnologias apropriadas e projetam redes e documenta\u00e7\u00e3o.<\/li>\n\n\n\n<li><strong>Engenheiro VoIP:<\/strong> Especializada em tecnologias de protocolo de voz sobre Internet (VoIP). Eles gerenciam o projeto, implementa\u00e7\u00e3o e manuten\u00e7\u00e3o de sistemas VoIP, incluindo sistemas telef\u00f4nicos baseados em IP, comunica\u00e7\u00f5es unificadas e videoconfer\u00eancia.<\/li>\n\n\n\n<li><strong>Engenheiro de comunica\u00e7\u00f5es em nuvem:<\/strong> Projeta e implementa solu\u00e7\u00f5es de comunica\u00e7\u00e3o baseadas em nuvem. Eles gerenciam sistemas telef\u00f4nicos baseados em nuvem, mensagens, videoconfer\u00eancia e outros servi\u00e7os de comunica\u00e7\u00e3o.<\/li>\n\n\n\n<li><strong>T\u00e9cnico de Data Center:<\/strong> Gerencia e mant\u00e9m instala\u00e7\u00f5es de data center, servidores e equipamentos de rede. Eles tamb\u00e9m mant\u00eam sistemas de energia e refrigera\u00e7\u00e3o e outros componentes de infraestrutura. Eles garantem comunica\u00e7\u00e3o e transfer\u00eancia de dados confi\u00e1veis.<\/li>\n\n\n\n<li><strong>Engenheiro de rede sem fio:<\/strong> Projeta, implanta e gerencia redes sem fio. Eles funcionam com Wi-Fi, celular e outras tecnologias de comunica\u00e7\u00e3o sem fio. Eles fornecem conectividade sem fio e suporte para dispositivos m\u00f3veis e IoT.<\/li>\n\n\n\n<li><strong>Engenheiro do Centro de Opera\u00e7\u00f5es de Rede (NOC):<\/strong> Monitora e gerencia a infraestrutura de rede de uma organiza\u00e7\u00e3o. Eles identificam e resolvem problemas de rede, realizam an\u00e1lises de desempenho e mant\u00eam documenta\u00e7\u00e3o.<\/li>\n\n\n\n<li><strong>Analista de Sistemas de Comunica\u00e7\u00e3o:<\/strong> Analisa as necessidades de comunica\u00e7\u00e3o de uma organiza\u00e7\u00e3o e identifica os requisitos de comunica\u00e7\u00e3o. Eles tamb\u00e9m recomendam tecnologias e solu\u00e7\u00f5es de comunica\u00e7\u00e3o para atender a esses requisitos. Essas solu\u00e7\u00f5es incluem voz, dados, v\u00eddeo e outros servi\u00e7os de comunica\u00e7\u00e3o.<\/li>\n<\/ol>\n\n\n\n<h2 class=\"wp-block-heading\">Por que as empresas precisam de pesquisas de mercado de infraestrutura de comunica\u00e7\u00f5es?<\/h2>\n\n\n\n<figure class=\"gb-block-image gb-block-image-ad84a492\"><img loading=\"lazy\" decoding=\"async\" width=\"1456\" height=\"816\" class=\"gb-image gb-image-ad84a492\" src=\"https:\/\/www.sisinternational.com\/wp-content\/uploads\/2025\/08\/Communications-Infrastructure-2.jpg\" alt=\"Pesquisa e Estrat\u00e9gia de Mercado Internacional da SIS\" title=\"Communications Infrastructure (2)\" srcset=\"https:\/\/www.sisinternational.com\/wp-content\/uploads\/2025\/08\/Communications-Infrastructure-2.jpg 1456w, https:\/\/www.sisinternational.com\/wp-content\/uploads\/2025\/08\/Communications-Infrastructure-2-300x168.jpg 300w, https:\/\/www.sisinternational.com\/wp-content\/uploads\/2025\/08\/Communications-Infrastructure-2-1024x574.jpg 1024w, https:\/\/www.sisinternational.com\/wp-content\/uploads\/2025\/08\/Communications-Infrastructure-2-768x430.jpg 768w, https:\/\/www.sisinternational.com\/wp-content\/uploads\/2025\/08\/Communications-Infrastructure-2-18x10.jpg 18w\" sizes=\"auto, (max-width: 1456px) 100vw, 1456px\"><\/figure>\n\n\n\n<p><\/p>\n\n\n\n<h3 class=\"wp-block-heading\">As empresas precisam de infraestrutura de comunica\u00e7\u00f5es por v\u00e1rios motivos principais:<\/h3>\n\n\n\n<p>A comunica\u00e7\u00e3o eficaz \u00e9 crucial para o funcionamento das empresas. A infraestrutura de comunica\u00e7\u00f5es permite que as empresas estabele\u00e7am canais de comunica\u00e7\u00e3o confi\u00e1veis e seguros. Facilita a comunica\u00e7\u00e3o perfeita entre funcion\u00e1rios, departamentos e locais. Essa comunica\u00e7\u00e3o permite uma coordena\u00e7\u00e3o eficiente de tarefas, compartilhamento de informa\u00e7\u00f5es e tomada de decis\u00f5es. Isso leva ao aumento da produtividade e opera\u00e7\u00f5es simplificadas.<\/p>\n\n\n\n<p>Outro ponto importante \u00e9 que as empresas precisam se comunicar com clientes, fornecedores e parceiros. Eles tamb\u00e9m precisam entrar em contato com outras partes interessadas fora da organiza\u00e7\u00e3o. A infraestrutura de comunica\u00e7\u00f5es permite que as empresas estabele\u00e7am e mantenham canais de comunica\u00e7\u00e3o com partes externas. Facilita vendas, suporte ao cliente, gerenciamento da cadeia de suprimentos e outras intera\u00e7\u00f5es comerciais.<\/p>\n\n\n\n<p>A infraestrutura de comunica\u00e7\u00e3o permite que as empresas facilitem a colabora\u00e7\u00e3o e o trabalho em equipe entre os funcion\u00e1rios. Funciona mesmo quando eles n\u00e3o est\u00e3o pr\u00f3ximos um do outro. Na verdade, esses servi\u00e7os permitem que as equipes trabalhem juntas em tempo real. Eles podem compartilhar ideias, colaborar em documentos e tomar decis\u00f5es, independentemente da sua localiza\u00e7\u00e3o f\u00edsica. Assim, uma boa infraestrutura de comunica\u00e7\u00e3o promove inova\u00e7\u00e3o, criatividade e efici\u00eancia dentro da organiza\u00e7\u00e3o.<\/p>\n\n\n\n<p>Na era digital de hoje, acordos de trabalho remotos e flex\u00edveis est\u00e3o se tornando comuns. A infraestrutura de comunica\u00e7\u00f5es permite que as empresas apoiem o trabalho remoto. Ele fornece ferramentas de comunica\u00e7\u00e3o que permitem aos funcion\u00e1rios se comunicar e colaborar de qualquer lugar, a qualquer hora. Estas ferramentas permitem uma maior flexibilidade da for\u00e7a de trabalho, juntamente com o acesso a talentos para al\u00e9m das fronteiras geogr\u00e1ficas. Isso leva ao aumento da satisfa\u00e7\u00e3o dos funcion\u00e1rios.<\/p>\n\n\n\n<p>As empresas precisam se comunicar com seus clientes para construir e manter relacionamentos. Eles tamb\u00e9m precisam fornecer suporte ao cliente e oferecer um excelente atendimento ao cliente. A infraestrutura de comunica\u00e7\u00f5es permite que as empresas estabele\u00e7am canais de comunica\u00e7\u00e3o para interagir com os clientes. Isso permite que eles respondam \u00e0s suas d\u00favidas e atendam \u00e0s suas necessidades.<\/p>\n\n\n\n<p>Uma infraestrutura de comunica\u00e7\u00f5es confi\u00e1vel \u00e9 crucial para garantir a continuidade dos neg\u00f3cios. Interrup\u00e7\u00f5es e emerg\u00eancias acontecem, como desastres naturais, cortes de energia e falhas de rede. A infra-estrutura de comunica\u00e7\u00f5es permite que as empresas mantenham canais de comunica\u00e7\u00e3o, para n\u00e3o falar da coordena\u00e7\u00e3o de respostas de emerg\u00eancia. Tamb\u00e9m lhes permite continuar opera\u00e7\u00f5es comerciais cr\u00edticas. Eles podem atender seus clientes mesmo em circunst\u00e2ncias desafiadoras.<\/p>\n\n\n\n<p>A infraestrutura de comunica\u00e7\u00f5es \u00e9 essencial para que as empresas se mantenham competitivas e inovadoras. Ele permite que as empresas aproveitem as tecnologias de comunica\u00e7\u00e3o emergentes. Podem desenvolver novos produtos e servi\u00e7os utilizando 5G, IoT, IA, juntamente com computa\u00e7\u00e3o em nuvem. Al\u00e9m do mais, a infraestrutura melhora a efici\u00eancia operacional. Ajuda as empresas a obter uma vantagem competitiva no mercado. Tamb\u00e9m lhes permite adaptar-se \u00e0s mudan\u00e7as nas prefer\u00eancias dos clientes e na din\u00e2mica do mercado.<\/p>\n\n\n\n<h2 class=\"wp-block-heading\">Principais fatores de sucesso<\/h2>\n\n\n\n<figure class=\"gb-block-image gb-block-image-929a4999\"><img loading=\"lazy\" decoding=\"async\" width=\"1456\" height=\"816\" class=\"gb-image gb-image-929a4999\" src=\"https:\/\/www.sisinternational.com\/wp-content\/uploads\/2025\/08\/Communications-Infrastructure-1.jpg\" alt=\"Pesquisa e Estrat\u00e9gia de Mercado Internacional da SIS\" title=\"Communications Infrastructure (1)\" srcset=\"https:\/\/www.sisinternational.com\/wp-content\/uploads\/2025\/08\/Communications-Infrastructure-1.jpg 1456w, https:\/\/www.sisinternational.com\/wp-content\/uploads\/2025\/08\/Communications-Infrastructure-1-300x168.jpg 300w, https:\/\/www.sisinternational.com\/wp-content\/uploads\/2025\/08\/Communications-Infrastructure-1-1024x574.jpg 1024w, https:\/\/www.sisinternational.com\/wp-content\/uploads\/2025\/08\/Communications-Infrastructure-1-768x430.jpg 768w, https:\/\/www.sisinternational.com\/wp-content\/uploads\/2025\/08\/Communications-Infrastructure-1-18x10.jpg 18w\" sizes=\"auto, (max-width: 1456px) 100vw, 1456px\"><\/figure>\n\n\n\n<p><\/p>\n\n\n\n<h3 class=\"wp-block-heading\">Existem v\u00e1rios fatores cr\u00edticos de sucesso para o uso da infraestrutura de comunica\u00e7\u00f5es em uma empresa.<\/h3>\n\n\n\n<p>A primeira \u00e9 projetar, instalar e manter uma infraestrutura robusta e confi\u00e1vel. Isso garante servi\u00e7os de comunica\u00e7\u00e3o ininterruptos. Inclui sistemas redundantes, fontes de alimenta\u00e7\u00e3o de backup, monitoramento de rede e manuten\u00e7\u00e3o proativa. Dessa forma, voc\u00ea reduz o tempo de inatividade e maximiza a confiabilidade.<\/p>\n\n\n\n<p>A infraestrutura de comunica\u00e7\u00f5es deve ser escal\u00e1vel e flex\u00edvel. Deve ser capaz de acomodar as novas necessidades do neg\u00f3cio. Deve lidar com o aumento das demandas de comunica\u00e7\u00e3o \u00e0 medida que o neg\u00f3cio cresce. A infra-estrutura de comunica\u00e7\u00f5es tamb\u00e9m dever\u00e1 adaptar-se \u00e0s novas tecnologias e plataformas de comunica\u00e7\u00e3o.<\/p>\n\n\n\n<p>Seria melhor proteger a sua infraestrutura de comunica\u00e7\u00f5es contra acesso n\u00e3o autorizado e viola\u00e7\u00f5es de dados. Proteger sua infraestrutura inclui a implementa\u00e7\u00e3o de medidas de seguran\u00e7a apropriadas, como firewalls, criptografia, autentica\u00e7\u00e3o e monitoramento. Dessa forma, voc\u00ea pode proteger informa\u00e7\u00f5es confidenciais e garantir a conformidade com a privacidade.<\/p>\n\n\n\n<p>A integra\u00e7\u00e3o da infraestrutura de comunica\u00e7\u00f5es com outros sistemas e aplica\u00e7\u00f5es empresariais \u00e9 essencial. As empresas devem se esfor\u00e7ar para integr\u00e1-lo aos sistemas de gerenciamento de relacionamento com o cliente (CRM). Eles deveriam fazer o mesmo com sistemas de planejamento de recursos empresariais e ferramentas de colabora\u00e7\u00e3o. A integra\u00e7\u00e3o permite comunica\u00e7\u00e3o e troca de dados cont\u00ednuas entre diferentes sistemas, melhorando a efici\u00eancia dos neg\u00f3cios.<\/p>\n\n\n\n<p>Ter uma equipe qualificada e experiente \u00e9 crucial. Esta equipa tamb\u00e9m deve ser proficiente na gest\u00e3o e utiliza\u00e7\u00e3o da infra-estrutura de comunica\u00e7\u00f5es. O grupo inclui administradores de rede, engenheiros de telecomunica\u00e7\u00f5es, especialistas em seguran\u00e7a e outras fun\u00e7\u00f5es relevantes. Eles dever\u00e3o ser capazes de configurar, verificar, solucionar problemas e otimizar a infraestrutura de comunica\u00e7\u00f5es.<\/p>\n\n\n\n<p>As empresas devem alinhar a infraestrutura com as suas metas e objetivos estrat\u00e9gicos. Isto inclui ter uma estrat\u00e9gia de comunica\u00e7\u00e3o e um quadro de governa\u00e7\u00e3o bem definidos. As pol\u00edticas tamb\u00e9m devem orientar a gest\u00e3o e a utiliza\u00e7\u00e3o da infra-estrutura de comunica\u00e7\u00f5es. Deve estar sempre alinhado com as prioridades do neg\u00f3cio.<\/p>\n\n\n\n<p>As empresas devem testar sua infraestrutura de comunica\u00e7\u00f5es quanto ao desempenho, seguran\u00e7a e conformidade. Eles deveriam fazer melhorias conforme necess\u00e1rio. As empresas precisar\u00e3o realizar avalia\u00e7\u00f5es regulares e implementar melhores pr\u00e1ticas. Eles devem manter-se atualizados com as mais recentes tecnologias e tend\u00eancias em infraestrutura de comunica\u00e7\u00f5es.<\/p>\n\n\n\n<p>A ado\u00e7\u00e3o e o treinamento dos usu\u00e1rios s\u00e3o fatores cr\u00edticos de sucesso para a infraestrutura de comunica\u00e7\u00f5es. As empresas devem treinar os funcion\u00e1rios sobre como usar ferramentas e plataformas de comunica\u00e7\u00e3o. Devem tamb\u00e9m incentivar os funcion\u00e1rios a adot\u00e1-los no seu trabalho di\u00e1rio. \u00c9 importante coletar feedback dos usu\u00e1rios e incorpor\u00e1-lo em melhorias cont\u00ednuas. Dessa forma, podem garantir que a infraestrutura atenda \u00e0s necessidades do neg\u00f3cio e de seus usu\u00e1rios.<\/p>\n\n\n\n<p>A empresa depende de fornecedores terceirizados para servi\u00e7os de infraestrutura de comunica\u00e7\u00f5es? Ent\u00e3o, o gerenciamento eficaz de fornecedores \u00e9 crucial. As empresas devem selecionar fornecedores confi\u00e1veis e estabelecer acordos de n\u00edvel de servi\u00e7o (SLAs) claros. Tamb\u00e9m inclui manter relacionamentos s\u00f3lidos com os fornecedores. Dessa forma, eles podem garantir a entrega dos servi\u00e7os de acordo com os padr\u00f5es acordados.<br>Um plano s\u00f3lido de recupera\u00e7\u00e3o de desastres e continuidade de neg\u00f3cios \u00e9 essencial para a infra-estrutura de comunica\u00e7\u00f5es. Este plano deve incluir mecanismos de backup e recupera\u00e7\u00e3o, sistemas redundantes e planos de conting\u00eancia. Assim, a empresa pode restabelecer os servi\u00e7os de comunica\u00e7\u00e3o em caso de interrup\u00e7\u00f5es ou emerg\u00eancias.<\/p>\n\n\n\n<p>In short, it\u2019s essential to manage and leverage communications infrastructure. Businesses can improve internal and external communication and enhance collaboration and innovation. Communications <a class=\"wpil_keyword_link\" href=\"https:\/\/www.sisinternational.com\/pt\/pericia\/industrias\/pesquisa-de-mercado-de-infraestrutura\/\"   title=\"Pesquisa de mercado de infraestrutura\" data-wpil-keyword-link=\"linked\"  data-wpil-monitor-id=\"366\">Pesquisa de mercado de infraestrutura<\/a> helps them gain a competitive edge in today\u2019s fast-paced business environment.<\/p>\n\n\n\n<h2 class=\"wp-block-heading\">Sobre a pesquisa de mercado de infraestrutura de comunica\u00e7\u00f5es<\/h2>\n\n\n\n<p>SIS Internacional <a href=\"https:\/\/www.sisinternational.com\/pt\/pericia\/industrias\/pesquisa-de-mercado-avicola\/\" title=\"Pesquisa de mercado av\u00edcola\"  data-wpil-monitor-id=\"3094\">Research covers various market<\/a> studies in the Communications Infrastructure industry. For example, we offer Qualitative, Quantitative, UX, and Strategy Market Research. We also provide Competitive Analysis, Market Entry, Market Sizing, and <a href=\"https:\/\/www.sisinternational.com\/pt\/pericia\/industrias\/pesquisa-de-mercado-de-moteis\/\" title=\"Pesquisa de mercado de mot\u00e9is\"  data-wpil-monitor-id=\"3105\">Pesquisa de oportunidades de mercado<\/a>. You can use Focus Groups, Surveys, and Interviews organized by SIS. These tools will inform your Go to Market Strategy.<\/p>\n\n\n\n<p>O SIS fornece os dados, os insights e a plataforma que voc\u00ea precisa. Podemos ajud\u00e1-lo a atingir seus objetivos estrat\u00e9gicos e de neg\u00f3cios. Centenas de empresas em todo o mundo confiam na SIS International. Temos d\u00e9cadas de experi\u00eancia no fornecimento de pesquisas de mercado precisas e oportunas. Agora voc\u00ea pode aproveitar esses insights e fortalecer o posicionamento e as mensagens do seu produto. Aproveite o alcance global de clientes da SIS e uma equipe de analistas de classe mundial. Contate-nos hoje!<\/p>","protected":false},"excerpt":{"rendered":"<p>A infra-estrutura de comunica\u00e7\u00f5es \u00e9 crucial para a economia global moderna e cr\u00edtica para as telecomunica\u00e7\u00f5es e a tecnologia da informa\u00e7\u00e3o.<\/p>","protected":false},"author":1,"featured_media":64238,"parent":14514,"menu_order":282,"comment_status":"closed","ping_status":"closed","template":"","meta":{"footnotes":""},"class_list":["post-42607","page","type-page","status-publish","has-post-thumbnail"],"_links":{"self":[{"href":"https:\/\/www.sisinternational.com\/pt\/wp-json\/wp\/v2\/pages\/42607","targetHints":{"allow":["GET"]}}],"collection":[{"href":"https:\/\/www.sisinternational.com\/pt\/wp-json\/wp\/v2\/pages"}],"about":[{"href":"https:\/\/www.sisinternational.com\/pt\/wp-json\/wp\/v2\/types\/page"}],"author":[{"embeddable":true,"href":"https:\/\/www.sisinternational.com\/pt\/wp-json\/wp\/v2\/users\/1"}],"replies":[{"embeddable":true,"href":"https:\/\/www.sisinternational.com\/pt\/wp-json\/wp\/v2\/comments?post=42607"}],"version-history":[{"count":6,"href":"https:\/\/www.sisinternational.com\/pt\/wp-json\/wp\/v2\/pages\/42607\/revisions"}],"predecessor-version":[{"id":77401,"href":"https:\/\/www.sisinternational.com\/pt\/wp-json\/wp\/v2\/pages\/42607\/revisions\/77401"}],"up":[{"embeddable":true,"href":"https:\/\/www.sisinternational.com\/pt\/wp-json\/wp\/v2\/pages\/14514"}],"wp:featuredmedia":[{"embeddable":true,"href":"https:\/\/www.sisinternational.com\/pt\/wp-json\/wp\/v2\/media\/64238"}],"wp:attachment":[{"href":"https:\/\/www.sisinternational.com\/pt\/wp-json\/wp\/v2\/media?parent=42607"}],"curies":[{"name":"wp","href":"https:\/\/api.w.org\/{rel}","templated":true}]}}