{"id":42603,"date":"2023-04-30T17:49:47","date_gmt":"2023-04-30T21:49:47","guid":{"rendered":"https:\/\/www.sisinternational.com\/?page_id=42603"},"modified":"2026-03-12T12:50:29","modified_gmt":"2026-03-12T16:50:29","slug":"pesquisa-de-mercado-de-diagnostico-clinico","status":"publish","type":"page","link":"https:\/\/www.sisinternational.com\/pt\/solucoes\/pesquisa-de-mercado-de-saude\/pesquisa-de-mercado-de-diagnostico-clinico\/","title":{"rendered":"Pesquisa de mercado de diagn\u00f3stico cl\u00ednico"},"content":{"rendered":"<h1 class=\"wp-block-heading\">Pesquisa de mercado de diagn\u00f3stico cl\u00ednico<\/h1>\n\n\n\n<figure class=\"gb-block-image gb-block-image-27a6891f\"><img loading=\"lazy\" decoding=\"async\" width=\"1456\" height=\"816\" class=\"gb-image gb-image-27a6891f\" src=\"https:\/\/www.sisinternational.com\/wp-content\/uploads\/2025\/08\/Healthcare-7.jpg\" alt=\"Pesquisa e Estrat\u00e9gia de Mercado Internacional da SIS\" title=\"Healthcare (7)\" srcset=\"https:\/\/www.sisinternational.com\/wp-content\/uploads\/2025\/08\/Healthcare-7.jpg 1456w, https:\/\/www.sisinternational.com\/wp-content\/uploads\/2025\/08\/Healthcare-7-300x168.jpg 300w, https:\/\/www.sisinternational.com\/wp-content\/uploads\/2025\/08\/Healthcare-7-1024x574.jpg 1024w, https:\/\/www.sisinternational.com\/wp-content\/uploads\/2025\/08\/Healthcare-7-768x430.jpg 768w, https:\/\/www.sisinternational.com\/wp-content\/uploads\/2025\/08\/Healthcare-7-18x10.jpg 18w\" sizes=\"auto, (max-width: 1456px) 100vw, 1456px\"><\/figure>\n\n\n\n<p><\/p>\n\n\n\n<p>Clinical Diagnostics identifies the presence or absence of a disease or medical condition. Medical professionals do Clinical Diagnostics through various tests and procedures. The diagnostic process involves a series of steps. For example, the process may include medical history, physical examination, and laboratory tests. They may also consist of <a href=\"https:\/\/www.sisinternational.com\/pt\/pericia\/industrias\/pesquisa-de-mercado-de-diagnostico-por-imagem\/\" title=\"Pesquisa de mercado de diagn\u00f3stico por imagem\"  data-wpil-monitor-id=\"6365\">imaging studies and other diagnostic<\/a> procedures. Medical professionals use all these methods to make a definitive diagnosis. Or, they may use them to rule out potential conditions.<\/p>\n\n\n\n<p>Outra fun\u00e7\u00e3o do Diagn\u00f3stico Cl\u00ednico \u00e9 identificar e gerenciar diversas condi\u00e7\u00f5es de sa\u00fade. Eles pegam doen\u00e7as comuns (por exemplo, gripe). Eles tamb\u00e9m identificam doen\u00e7as mais complexas e cr\u00f4nicas como c\u00e2ncer e diabetes. Al\u00e9m disso, os projetistas de testes e procedimentos t\u00eam muito a ver com seus produtos. Eles garantiram que podem fornecer resultados precisos e confi\u00e1veis. Esses resultados devem orientar as decis\u00f5es de tratamento e melhorar os resultados dos pacientes.<\/p>\n\n\n\n<p>Alguns exemplos de testes e procedimentos de diagn\u00f3stico cl\u00ednico incluem exames de sangue e urina. Estudos de imagem, como raios X e resson\u00e2ncia magn\u00e9tica, tamb\u00e9m s\u00e3o diagn\u00f3sticos. O mesmo acontece com bi\u00f3psias e testes gen\u00e9ticos. Outro ponto fundamental \u00e9 que os exames e procedimentos espec\u00edficos dependem da condi\u00e7\u00e3o suspeita. Eles tamb\u00e9m est\u00e3o relacionados aos sintomas e ao hist\u00f3rico m\u00e9dico do paciente.<\/p>\n\n\n\n<h2 class=\"wp-block-heading\">Por que os diagn\u00f3sticos cl\u00ednicos s\u00e3o importantes?<\/h2>\n\n\n\n<p>O diagn\u00f3stico cl\u00ednico \u00e9 essencial por v\u00e1rios motivos, incluindo detec\u00e7\u00e3o precoce e preven\u00e7\u00e3o. Na verdade, o diagn\u00f3stico cl\u00ednico permite a detec\u00e7\u00e3o precoce de doen\u00e7as e condi\u00e7\u00f5es m\u00e9dicas. A detec\u00e7\u00e3o precoce pode ajudar a prevenir o desenvolvimento de complica\u00e7\u00f5es mais graves. Al\u00e9m disso, o diagn\u00f3stico e o tratamento precoces s\u00e3o cruciais para o c\u00e2ncer, doen\u00e7as cardiovasculares e diabetes. Pode melhorar os resultados e tamb\u00e9m reduzir as taxas de mortalidade.<\/p>\n\n\n\n<p>Os diagn\u00f3sticos cl\u00ednicos fornecem informa\u00e7\u00f5es precisas e confi\u00e1veis sobre a condi\u00e7\u00e3o do paciente. Essas informa\u00e7\u00f5es s\u00e3o essenciais para a tomada de decis\u00f5es informadas sobre o tratamento. Sem falar que sem um diagn\u00f3stico adequado, os pacientes podem receber tratamento inadequado e inapropriado. Pior ainda, o tratamento pode ser prejudicial ou potencialmente fatal.<\/p>\n\n\n\n<p>O diagn\u00f3stico cl\u00ednico permite monitorar a resposta do paciente ao tratamento ao longo do tempo. Os profissionais de sa\u00fade podem usar essas informa\u00e7\u00f5es para ajustar os planos de tratamento. Com ele, eles tamb\u00e9m podem garantir que os pacientes recebam o melhor atendimento poss\u00edvel.<\/p>\n\n\n\n<p>O diagn\u00f3stico cl\u00ednico desempenha um papel cr\u00edtico na pesquisa e desenvolvimento m\u00e9dico. Os profissionais m\u00e9dicos os utilizam para testar novas terapias e medicamentos. Eles tamb\u00e9m podem identificar novos biomarcadores e alvos para o tratamento de doen\u00e7as.<\/p>\n\n\n\n<p>Para esclarecer, os diagn\u00f3sticos cl\u00ednicos s\u00e3o essenciais para melhorar os resultados dos pacientes e promover o conhecimento m\u00e9dico. Eles permitem o diagn\u00f3stico preciso de diversas doen\u00e7as e condi\u00e7\u00f5es. Eles tamb\u00e9m permitem um tratamento eficaz, levando a melhores resultados de sa\u00fade do paciente.<\/p>\n\n\n\n<h2 class=\"wp-block-heading\">Principais cargos<\/h2>\n\n\n\n<h3 class=\"wp-block-heading\">O campo de diagn\u00f3stico cl\u00ednico tem uma variedade de cargos, incluindo:<\/h3>\n\n\n\n<ol class=\"wp-block-list\">\n<li><strong>Cientista de laborat\u00f3rio m\u00e9dico \/ tecn\u00f3logo m\u00e9dico.<\/strong> Cientistas de laborat\u00f3rios m\u00e9dicos\/tecn\u00f3logos m\u00e9dicos realizam testes e procedimentos laboratoriais em amostras de pacientes. Eles usam equipamentos e t\u00e9cnicas especializadas para analisar amostras de sangue, urina e tecidos. Dessa forma, ajudam a diagnosticar e verificar condi\u00e7\u00f5es m\u00e9dicas.<\/li>\n\n\n\n<li><strong>T\u00e9cnico de laborat\u00f3rio cl\u00ednico.<\/strong> T\u00e9cnicos de laborat\u00f3rio cl\u00ednico trabalham ao lado de cientistas\/tecn\u00f3logos m\u00e9dicos de laborat\u00f3rios m\u00e9dicos. Eles realizam exames e procedimentos laboratoriais de rotina.<\/li>\n\n\n\n<li><strong>Patologista.<\/strong> Os patologistas diagnosticam e tratam doen\u00e7as examinando tecidos e fluidos ao microsc\u00f3pio.<\/li>\n\n\n\n<li><strong>Diretor de laborat\u00f3rio m\u00e9dico.<\/strong> Os diretores de laborat\u00f3rios m\u00e9dicos s\u00e3o respons\u00e1veis por supervisionar as opera\u00e7\u00f5es de um laborat\u00f3rio cl\u00ednico. Eles garantem que os procedimentos e pol\u00edticas laboratoriais sigam os padr\u00f5es regulat\u00f3rios. Eles tamb\u00e9m cuidam do treinamento e supervis\u00e3o da equipe.<\/li>\n\n\n\n<li><strong>Geneticista molecular.<\/strong> Os geneticistas moleculares usam t\u00e9cnicas especializadas para analisar DNA e RNA. Eles identificam muta\u00e7\u00f5es gen\u00e9ticas associadas a certas condi\u00e7\u00f5es m\u00e9dicas.<\/li>\n\n\n\n<li><strong>Citotecnologista.<\/strong> Os citotecnologistas examinam amostras celulares, como aquelas obtidas no exame de Papanicolaou. Eles detectam anormalidades e sinais potenciais de c\u00e2ncer.<\/li>\n\n\n\n<li><strong>Histotecnologista.<\/strong> Os histotecnologistas preparam amostras de tecido para exame por um patologista. Parte de seu trabalho \u00e9 colorir e montar amostras em l\u00e2minas.<\/li>\n<\/ol>\n\n\n\n<p>Estes s\u00e3o apenas alguns exemplos de cargos de diagn\u00f3stico cl\u00ednico. O cargo e as responsabilidades espec\u00edficas depender\u00e3o de v\u00e1rios fatores. Por exemplo, as unidades de sa\u00fade podem basear os seus cargos na educa\u00e7\u00e3o e na experi\u00eancia. Ou podem basear-se na sua \u00e1rea de especializa\u00e7\u00e3o.<\/p>\n\n\n\n<h2 class=\"wp-block-heading\">Por que as empresas precisam de pesquisas de mercado de diagn\u00f3stico cl\u00ednico?<\/h2>\n\n\n\n<figure class=\"gb-block-image gb-block-image-bc11085e\"><img loading=\"lazy\" decoding=\"async\" width=\"1456\" height=\"816\" class=\"gb-image gb-image-bc11085e\" src=\"https:\/\/www.sisinternational.com\/wp-content\/uploads\/2025\/08\/Healthcare-18.jpg\" alt=\"Pesquisa e Estrat\u00e9gia de Mercado Internacional da SIS\" title=\"Healthcare (18)\" srcset=\"https:\/\/www.sisinternational.com\/wp-content\/uploads\/2025\/08\/Healthcare-18.jpg 1456w, https:\/\/www.sisinternational.com\/wp-content\/uploads\/2025\/08\/Healthcare-18-300x168.jpg 300w, https:\/\/www.sisinternational.com\/wp-content\/uploads\/2025\/08\/Healthcare-18-1024x574.jpg 1024w, https:\/\/www.sisinternational.com\/wp-content\/uploads\/2025\/08\/Healthcare-18-768x430.jpg 768w, https:\/\/www.sisinternational.com\/wp-content\/uploads\/2025\/08\/Healthcare-18-18x10.jpg 18w\" sizes=\"auto, (max-width: 1456px) 100vw, 1456px\"><\/figure>\n\n\n\n<p><\/p>\n\n\n\n<p>As empresas do setor de sa\u00fade incluem hospitais, laborat\u00f3rios de diagn\u00f3stico e empresas de dispositivos m\u00e9dicos. Todos eles dependem de diagn\u00f3sticos cl\u00ednicos. Desempenha um papel cr\u00edtico no diagn\u00f3stico e tratamento. Al\u00e9m disso, o diagn\u00f3stico cl\u00ednico \u00e9 essencial para diagnosticar condi\u00e7\u00f5es m\u00e9dicas e desenvolver planos de tratamento eficazes. As empresas do setor de sa\u00fade precisam de testes e procedimentos diagn\u00f3sticos confi\u00e1veis. Dessa forma, eles podem fornecer atendimento de alta qualidade aos seus pacientes.<\/p>\n\n\n\n<p>Os diagn\u00f3sticos cl\u00ednicos s\u00e3o cruciais para o desenvolvimento de novos medicamentos, terapias e dispositivos m\u00e9dicos. As empresas do setor de sa\u00fade precisam realizar ensaios cl\u00ednicos. Tamb\u00e9m precisam de utilizar ferramentas de diagn\u00f3stico para testar a seguran\u00e7a e efic\u00e1cia de novos tratamentos e dispositivos.<\/p>\n\n\n\n<p>Al\u00e9m disso, os diagn\u00f3sticos cl\u00ednicos garantem a qualidade e a precis\u00e3o dos produtos e servi\u00e7os de sa\u00fade. Al\u00e9m disso, laborat\u00f3rios de diagn\u00f3stico, fabricantes de dispositivos m\u00e9dicos e outras empresas de sa\u00fade dependem de testes de diagn\u00f3stico. \u00c9 como eles verificam o desempenho de seus produtos e servi\u00e7os. Dessa forma, eles podem garantir que atendam aos padr\u00f5es regulat\u00f3rios.<\/p>\n\n\n\n<p>Data from <a href=\"https:\/\/www.sisinternational.com\/pt\/pericia\/industrias\/pesquisa-de-mercado-automotivo\/clinicas-de-carros-estaticos-vs-dinamicos\/\" title=\"Market Research Methods for Automotive Research &#8211; Static vs Dynamic Car Clinics\"  data-wpil-monitor-id=\"1566\">Pesquisa de mercado de diagn\u00f3stico cl\u00ednico<\/a> can help healthcare businesses provide cost-effective care. At least, they reduce the need for expensive and unnecessary treatments. By the same token, accurate and timely diagnosis can help healthcare providers. It enables them to identify the most appropriate treatment options, to say nothing of reducing healthcare costs.<\/p>\n\n\n\n<p>Em resumo, os diagn\u00f3sticos cl\u00ednicos s\u00e3o essenciais para as empresas do setor de sa\u00fade. Isso lhes permite fornecer cuidados de alta qualidade e realizar pesquisa e desenvolvimento. Tamb\u00e9m garante o controle de qualidade e oferece atendimento com boa rela\u00e7\u00e3o custo-benef\u00edcio.<\/p>\n\n\n\n<h2 class=\"wp-block-heading\">Principais fatores de sucesso<\/h2>\n\n\n\n<p>Alguns fatores-chave de sucesso para diagn\u00f3sticos cl\u00ednicos incluem qualidade e precis\u00e3o. Em outras palavras, a precis\u00e3o e a confiabilidade dos testes e procedimentos diagn\u00f3sticos s\u00e3o essenciais. Eles garantem que os pacientes recebam o diagn\u00f3stico correto junto com o tratamento. As empresas de sa\u00fade que priorizam a qualidade aliada \u00e0 precis\u00e3o t\u00eam maior probabilidade de sucesso.<\/p>\n\n\n\n<p>O diagn\u00f3stico cl\u00ednico \u00e9 um campo em evolu\u00e7\u00e3o. Exige que as empresas se mantenham atualizadas com as mais recentes tecnologias e inova\u00e7\u00f5es. As empresas devem investir em investiga\u00e7\u00e3o e desenvolvimento e adotar novas tecnologias. Aqueles que o fazem t\u00eam maior probabilidade de sucesso.<\/p>\n\n\n\n<p>As empresas de sa\u00fade devem seguir uma ampla gama de padr\u00f5es regulat\u00f3rios. Dessa forma, garantem a seguran\u00e7a e efic\u00e1cia de seus produtos e servi\u00e7os. As empresas que priorizam a conformidade e mant\u00eam elevados padr\u00f5es \u00e9ticos t\u00eam maior probabilidade de sucesso.<\/p>\n\n\n\n<p>A satisfa\u00e7\u00e3o do paciente \u00e9 essencial para o sucesso dos neg\u00f3cios de sa\u00fade. Atendimento de alta qualidade, diagn\u00f3sticos precisos e excelente atendimento ao cliente s\u00e3o cruciais. Esses atributos podem ajudar as empresas a manter clientes fi\u00e9is e atrair novos pacientes.<\/p>\n\n\n\n<p>As empresas de sa\u00fade contam com profissionais qualificados e experientes. Esses profissionais realizam exames e procedimentos diagn\u00f3sticos. As empresas devem investir na forma\u00e7\u00e3o e desenvolvimento dos funcion\u00e1rios e atrair os melhores talentos. Essas empresas t\u00eam maior probabilidade de sucesso.<\/p>\n\n\n\n<p>O custo dos testes e procedimentos diagn\u00f3sticos \u00e9 essencial para os pacientes. Tamb\u00e9m afeta os prestadores de cuidados de sa\u00fade. As empresas devem oferecer solu\u00e7\u00f5es econ\u00f4micas que ajudem a reduzir os custos com sa\u00fade. Essas empresas t\u00eam maior probabilidade de sucesso na ind\u00fastria de diagn\u00f3stico cl\u00ednico.<\/p>\n\n\n\n<h2 class=\"wp-block-heading\">Sobre a pesquisa de mercado de diagn\u00f3stico cl\u00ednico<\/h2>\n\n\n\n<p>The Clinical Diagnostics market is competitive and consists of local and global players. It\u2019s essential to conduct Quantitative Market Research as part of your Go to Market Strategy. Quantitative <a href=\"https:\/\/www.sisinternational.com\/pt\/pericia\/industrias\/pesquisa-de-mercado-avicola\/\" title=\"Pesquisa de mercado av\u00edcola\"  data-wpil-monitor-id=\"3098\">Pesquisa de mercado<\/a>, Market Opportunity Research, and Market Sizing Research are crucial. They can help you understand a market opportunity\u2019s magnitude (or lack thereof).<\/p>\n\n\n\n<p>SIS International provides both Quantitative and Qualitative Market Research. We also offer UX Market Research, Strategy Market Research, and Competitive Analysis. Need Focus Groups, Surveys, and Interviews for your <a class=\"wpil_keyword_link\" href=\"https:\/\/www.sisinternational.com\/pt\/solucoes\/consultoria-estrategica\/pesquisa-de-entrada-no-mercado\/\"   title=\"Pesquisa de entrada no mercado\" data-wpil-keyword-link=\"linked\"  data-wpil-monitor-id=\"693\">Pesquisa de entrada no mercado<\/a>? We\u2019ve got you covered! Contact us today for a consultation.<\/p>","protected":false},"excerpt":{"rendered":"<p>O diagn\u00f3stico cl\u00ednico \u00e9 essencial por v\u00e1rios motivos, incluindo a detec\u00e7\u00e3o precoce de doen\u00e7as e condi\u00e7\u00f5es m\u00e9dicas.<\/p>","protected":false},"author":1,"featured_media":62425,"parent":11294,"menu_order":280,"comment_status":"closed","ping_status":"closed","template":"","meta":{"footnotes":""},"class_list":["post-42603","page","type-page","status-publish","has-post-thumbnail"],"_links":{"self":[{"href":"https:\/\/www.sisinternational.com\/pt\/wp-json\/wp\/v2\/pages\/42603","targetHints":{"allow":["GET"]}}],"collection":[{"href":"https:\/\/www.sisinternational.com\/pt\/wp-json\/wp\/v2\/pages"}],"about":[{"href":"https:\/\/www.sisinternational.com\/pt\/wp-json\/wp\/v2\/types\/page"}],"author":[{"embeddable":true,"href":"https:\/\/www.sisinternational.com\/pt\/wp-json\/wp\/v2\/users\/1"}],"replies":[{"embeddable":true,"href":"https:\/\/www.sisinternational.com\/pt\/wp-json\/wp\/v2\/comments?post=42603"}],"version-history":[{"count":9,"href":"https:\/\/www.sisinternational.com\/pt\/wp-json\/wp\/v2\/pages\/42603\/revisions"}],"predecessor-version":[{"id":79948,"href":"https:\/\/www.sisinternational.com\/pt\/wp-json\/wp\/v2\/pages\/42603\/revisions\/79948"}],"up":[{"embeddable":true,"href":"https:\/\/www.sisinternational.com\/pt\/wp-json\/wp\/v2\/pages\/11294"}],"wp:featuredmedia":[{"embeddable":true,"href":"https:\/\/www.sisinternational.com\/pt\/wp-json\/wp\/v2\/media\/62425"}],"wp:attachment":[{"href":"https:\/\/www.sisinternational.com\/pt\/wp-json\/wp\/v2\/media?parent=42603"}],"curies":[{"name":"wp","href":"https:\/\/api.w.org\/{rel}","templated":true}]}}