{"id":42600,"date":"2023-04-30T17:27:55","date_gmt":"2023-04-30T21:27:55","guid":{"rendered":"https:\/\/www.sisinternational.com\/?page_id=42600"},"modified":"2025-10-18T19:08:20","modified_gmt":"2025-10-18T23:08:20","slug":"pesquisa-de-mercado-ciso","status":"publish","type":"page","link":"https:\/\/www.sisinternational.com\/pt\/pericia\/pesquisa-de-mercado-ciso\/","title":{"rendered":"Pesquisa de Mercado CISO"},"content":{"rendered":"<h1 class=\"wp-block-heading\">Pesquisa de Mercado CISO<\/h1>\n\n\n\n<figure class=\"gb-block-image gb-block-image-19648e25\"><img loading=\"lazy\" decoding=\"async\" width=\"1456\" height=\"816\" class=\"gb-image gb-image-19648e25\" src=\"https:\/\/www.sisinternational.com\/wp-content\/uploads\/2025\/08\/Cibersecurity-security-1.jpg\" alt=\"Pesquisa e Estrat\u00e9gia de Mercado Internacional da SIS\" title=\"Cibersecurity security (1)\" srcset=\"https:\/\/www.sisinternational.com\/wp-content\/uploads\/2025\/08\/Cibersecurity-security-1.jpg 1456w, https:\/\/www.sisinternational.com\/wp-content\/uploads\/2025\/08\/Cibersecurity-security-1-300x168.jpg 300w, https:\/\/www.sisinternational.com\/wp-content\/uploads\/2025\/08\/Cibersecurity-security-1-1024x574.jpg 1024w, https:\/\/www.sisinternational.com\/wp-content\/uploads\/2025\/08\/Cibersecurity-security-1-768x430.jpg 768w, https:\/\/www.sisinternational.com\/wp-content\/uploads\/2025\/08\/Cibersecurity-security-1-18x10.jpg 18w\" sizes=\"auto, (max-width: 1456px) 100vw, 1456px\"><\/figure>\n\n\n\n<p><\/p>\n\n\n\n<p>\u00c0 medida que a sociedade se torna mais interligada com a tecnologia, a prote\u00e7\u00e3o de informa\u00e7\u00f5es sens\u00edveis tornou-se uma prioridade m\u00e1xima para as organiza\u00e7\u00f5es, e o Chief Information Security Officer (CISO) \u00e9 respons\u00e1vel por garantir que as informa\u00e7\u00f5es est\u00e3o seguras.<\/p>\n\n\n\n<p>O CISO \u00e9 respons\u00e1vel por proteger os dados e criar sistemas seguros que possam resistir a amea\u00e7as cibern\u00e9ticas e poss\u00edveis viola\u00e7\u00f5es. Devido \u00e0 import\u00e2ncia desta fun\u00e7\u00e3o, a procura por CISOs qualificados e experientes est\u00e1 a aumentar. Para organiza\u00e7\u00f5es que desejam preencher esta posi\u00e7\u00e3o ou para profissionais que desejam ingressar nesta \u00e1rea, \u00e9 crucial compreender o cen\u00e1rio de pesquisa de mercado do CISO para obter informa\u00e7\u00f5es valiosas sobre tend\u00eancias de contrata\u00e7\u00e3o, expectativas salariais e as habilidades e experi\u00eancias necess\u00e1rias para o sucesso nesta fun\u00e7\u00e3o cr\u00edtica. .<\/p>\n\n\n\n<h2 class=\"wp-block-heading\">O que \u00e9 pesquisa de mercado CISO?<\/h2>\n\n\n\n<p>A pesquisa de mercado do CISO envolve um processo met\u00f3dico de coleta, an\u00e1lise e compreens\u00e3o de dados relacionados aos CISOs. Esta pesquisa normalmente abrange m\u00faltiplas facetas da profiss\u00e3o de CISO, incluindo a necessidade de CISOs proficientes, as qualifica\u00e7\u00f5es e habilidades espec\u00edficas que s\u00e3o necess\u00e1rias, os v\u00e1rios setores que empregam CISOs, as tend\u00eancias predominantes em remunera\u00e7\u00e3o e as dificuldades e perspectivas que os CISOs encontram em suas atividades. posi\u00e7\u00f5es.<\/p>\n\n\n\n<h3 class=\"wp-block-heading\">Particularmente, a pesquisa de mercado do CISO ajuda organiza\u00e7\u00f5es, profissionais e partes interessadas no setor de seguran\u00e7a cibern\u00e9tica a:<\/h3>\n\n\n\n<ul class=\"wp-block-list\">\n<li>Understand the current <a href=\"https:\/\/www.sisinternational.com\/pt\/cobertura\/as-americas\/cobertura-dos-eua\/pesquisa-de-mercado-do-estado-de-nova-york\/\" title=\"Pesquisa de mercado do estado de Nova York\"  data-wpil-monitor-id=\"8446\">state of the CISO job market<\/a>, including the size, growth rate, and geographic distribution of demand for CISOs.<\/li>\n\n\n\n<li>Identifique tend\u00eancias e desafios emergentes no cen\u00e1rio da seguran\u00e7a cibern\u00e9tica que podem impactar a fun\u00e7\u00e3o e as responsabilidades dos CISOs.<\/li>\n\n\n\n<li>Determine as principais compet\u00eancias e qualifica\u00e7\u00f5es necess\u00e1rias para que os CISOs tenham sucesso nas suas fun\u00e7\u00f5es e os desafios relacionados com o recrutamento e reten\u00e7\u00e3o dos melhores talentos.<\/li>\n\n\n\n<li>Avalie a efic\u00e1cia dos programas existentes de treinamento e desenvolvimento de CISO e identifique oportunidades de melhoria.<\/li>\n\n\n\n<li>Inform strategic decision-making related to <a href=\"https:\/\/www.sisinternational.com\/pt\/solucoes\/pesquisa-de-consultoria-em-estrategia-fintech\/pesquisa-de-mercado-de-tecnologia-de-investimento\/\" title=\"Pesquisa de mercado de tecnologia de investimento\"  data-wpil-monitor-id=\"8447\">investments in cybersecurity technologies<\/a>, personnel, and initiatives.<\/li>\n<\/ul>\n\n\n\n<h2 class=\"wp-block-heading\">A import\u00e2ncia da pesquisa de mercado CISO no cen\u00e1rio empresarial atual<\/h2>\n\n\n\n<figure class=\"gb-block-image gb-block-image-56a7052e\"><img loading=\"lazy\" decoding=\"async\" width=\"1456\" height=\"816\" class=\"gb-image gb-image-56a7052e\" src=\"https:\/\/www.sisinternational.com\/wp-content\/uploads\/2025\/08\/Cibersecurity-security-7.jpg\" alt=\"Pesquisa e Estrat\u00e9gia de Mercado Internacional da SIS\" title=\"Cibersecurity security (7)\" srcset=\"https:\/\/www.sisinternational.com\/wp-content\/uploads\/2025\/08\/Cibersecurity-security-7.jpg 1456w, https:\/\/www.sisinternational.com\/wp-content\/uploads\/2025\/08\/Cibersecurity-security-7-300x168.jpg 300w, https:\/\/www.sisinternational.com\/wp-content\/uploads\/2025\/08\/Cibersecurity-security-7-1024x574.jpg 1024w, https:\/\/www.sisinternational.com\/wp-content\/uploads\/2025\/08\/Cibersecurity-security-7-768x430.jpg 768w, https:\/\/www.sisinternational.com\/wp-content\/uploads\/2025\/08\/Cibersecurity-security-7-18x10.jpg 18w\" sizes=\"auto, (max-width: 1456px) 100vw, 1456px\"><\/figure>\n\n\n\n<p><\/p>\n\n\n\n<p>O cen\u00e1rio empresarial atual \u00e9 atormentado por um n\u00famero crescente de amea\u00e7as cibern\u00e9ticas e viola\u00e7\u00f5es de dados cada vez mais complexas. Como resultado, \u00e9 essencial que as empresas compreendam totalmente a pesquisa de mercado do CISO para salvaguardar os seus ativos digitais. Aqui est\u00e3o algumas raz\u00f5es principais pelas quais a pesquisa de mercado do CISO \u00e9 crucial no atual ambiente de neg\u00f3cios:<\/p>\n\n\n\n<ul class=\"wp-block-list\">\n<li><strong>Identificando necessidades de talentos:<\/strong> A pesquisa de mercado do CISO ajuda as organiza\u00e7\u00f5es a identificar as habilidades e qualifica\u00e7\u00f5es espec\u00edficas necess\u00e1rias para um CISO de sucesso. Ao manterem-se informadas sobre as tend\u00eancias do mercado, as empresas podem garantir que recrutam e ret\u00eam os candidatos mais qualificados para proteger os seus ativos digitais.<\/li>\n\n\n\n<li><strong>Ficar \u00e0 frente das amea\u00e7as emergentes:<\/strong> A pesquisa de mercado do CISO fornece insights sobre amea\u00e7as emergentes, novas tecnologias e as mais recentes estrat\u00e9gias de seguran\u00e7a cibern\u00e9tica. Ao manterem-se atualizadas sobre estes desenvolvimentos, as organiza\u00e7\u00f5es podem antecipar e responder \u00e0s amea\u00e7as de forma mais eficaz, minimizando o potencial de dispendiosas viola\u00e7\u00f5es de dados e ataques cibern\u00e9ticos.<\/li>\n\n\n\n<li><strong>Informar decis\u00f5es de investimento:<\/strong> A pesquisa de mercado do CISO ajuda as organiza\u00e7\u00f5es a tomar decis\u00f5es baseadas em dados ao alocar recursos para suas iniciativas de seguran\u00e7a cibern\u00e9tica, garantindo que invistam nas solu\u00e7\u00f5es e no pessoal mais eficazes.<\/li>\n<\/ul>\n\n\n\n<h2 class=\"wp-block-heading\">Tend\u00eancias emergentes<\/h2>\n\n\n\n<p>The CISO <a href=\"https:\/\/www.sisinternational.com\/pt\/solucoes\/sis-crescimento-global\/consultoria-estrategica-em-mercados-emergentes\/\" title=\"Consultoria em Estrat\u00e9gia para Mercados Emergentes\"  data-wpil-monitor-id=\"8448\">market is experiencing several emerging<\/a> trends that are shaping the cybersecurity landscape. Some of the key emerging trends in CISO market research are:<\/p>\n\n\n\n<ul class=\"wp-block-list\">\n<li><strong>A ascens\u00e3o da Intelig\u00eancia Artificial (IA) e do Aprendizado de M\u00e1quina (ML):<\/strong> As tecnologias de IA e ML s\u00e3o cada vez mais utilizadas para melhorar as medidas de seguran\u00e7a cibern\u00e9tica, permitindo que as organiza\u00e7\u00f5es detectem e respondam \u00e0s amea\u00e7as de forma mais eficiente. Os CISOs devem manter-se informados sobre os avan\u00e7os mais recentes em IA e ML para garantir que suas organiza\u00e7\u00f5es aproveitem essas tecnologias de forma eficaz.<\/li>\n\n\n\n<li><strong>Maior foco na privacidade e conformidade de dados:<\/strong> Com a introdu\u00e7\u00e3o de regulamentos como o GDPR e o CCPA, as organiza\u00e7\u00f5es enfrentam agora um maior escrut\u00ednio relativamente \u00e0s suas pr\u00e1ticas de prote\u00e7\u00e3o de dados. Os CISOs devem priorizar a privacidade e a conformidade dos dados para evitar multas pesadas e danos \u00e0 reputa\u00e7\u00e3o.<\/li>\n\n\n\n<li><strong>Lacuna de compet\u00eancias em ciberseguran\u00e7a:<\/strong> A procura por profissionais qualificados em seguran\u00e7a cibern\u00e9tica continua a superar a oferta, criando uma lacuna de talentos na ind\u00fastria. Os CISOs devem desenvolver estrat\u00e9gias inovadoras para recrutar, reter e treinar talentos em seguran\u00e7a cibern\u00e9tica para enfrentar este desafio. Como o erro humano continua a ser um factor significativo nas viola\u00e7\u00f5es de dados, os CISOs est\u00e3o a dar mais \u00eanfase \u00e0 forma\u00e7\u00e3o dos funcion\u00e1rios em mat\u00e9ria de seguran\u00e7a cibern\u00e9tica e aos programas de sensibiliza\u00e7\u00e3o.<\/li>\n\n\n\n<li><strong>Aumento da demanda por CISOs:<\/strong> Com a crescente import\u00e2ncia da seguran\u00e7a cibern\u00e9tica em organiza\u00e7\u00f5es de todos os tamanhos, h\u00e1 uma demanda crescente para que os CISOs assumam a lideran\u00e7a no desenvolvimento e implementa\u00e7\u00e3o de estrat\u00e9gias de seguran\u00e7a abrangentes.<\/li>\n\n\n\n<li><strong>Aten\u00e7\u00e3o crescente \u00e0s amea\u00e7as internas:<\/strong> Os CISOs est\u00e3o cada vez mais concentrados na dete\u00e7\u00e3o e preven\u00e7\u00e3o de amea\u00e7as internas, sejam elas maliciosas ou n\u00e3o intencionais, atrav\u00e9s da implementa\u00e7\u00e3o de utilizadores robustos.<\/li>\n<\/ul>\n\n\n\n<h2 class=\"wp-block-heading\">O futuro<\/h2>\n\n\n\n<figure class=\"gb-block-image gb-block-image-e9024cc4\"><img loading=\"lazy\" decoding=\"async\" width=\"1456\" height=\"816\" class=\"gb-image gb-image-e9024cc4\" src=\"https:\/\/www.sisinternational.com\/wp-content\/uploads\/2025\/08\/Cibersecurity-security-9.jpg\" alt=\"Pesquisa e Estrat\u00e9gia de Mercado Internacional da SIS\" title=\"Cibersecurity security (9)\" srcset=\"https:\/\/www.sisinternational.com\/wp-content\/uploads\/2025\/08\/Cibersecurity-security-9.jpg 1456w, https:\/\/www.sisinternational.com\/wp-content\/uploads\/2025\/08\/Cibersecurity-security-9-300x168.jpg 300w, https:\/\/www.sisinternational.com\/wp-content\/uploads\/2025\/08\/Cibersecurity-security-9-1024x574.jpg 1024w, https:\/\/www.sisinternational.com\/wp-content\/uploads\/2025\/08\/Cibersecurity-security-9-768x430.jpg 768w, https:\/\/www.sisinternational.com\/wp-content\/uploads\/2025\/08\/Cibersecurity-security-9-18x10.jpg 18w\" sizes=\"auto, (max-width: 1456px) 100vw, 1456px\"><\/figure>\n\n\n\n<p><\/p>\n\n\n\n<p>The ever-evolving digital arena and the emergence of advanced cyber threats will lead to significant <a href=\"https:\/\/www.sisinternational.com\/pt\/solucoes\/pesquisa-de-mercado-de-transformacao-de-negocios\/\" title=\"Pesquisa de mercado sobre transforma\u00e7\u00e3o de neg\u00f3cios\"  data-wpil-monitor-id=\"8449\">transformations in the CISO market<\/a>. To prepare for the future, both organizations and cybersecurity professionals must gain an in-depth understanding of the potential changes in the CISO market. Here are some prospects for the future of CISO market research:<\/p>\n\n\n\n<ul class=\"wp-block-list\">\n<li><strong>Continued <\/strong><a href=\"https:\/\/www.sisinternational.com\/pt\/solucoes\/consultoria-em-hotelaria-e-turismo-em-viagens\/pesquisa-de-mercado-de-empresa-de-guia-turistico\/\" title=\"Pesquisa de mercado da empresa de guia tur\u00edstico\"  data-wpil-monitor-id=\"8450\">market growth: As companies<\/a> continue to prioritize cybersecurity, the need for capable and seasoned CISOs is projected to steadily increase. This recognition of the significance of robust cybersecurity leadership is anticipated to intensify the competition for top CISO talent and result in higher compensation packages.<\/li>\n\n\n\n<li><strong>A evolu\u00e7\u00e3o do papel dos CISOs:<\/strong> \u00c0 medida que o cen\u00e1rio de seguran\u00e7a continua a evoluir, as expectativas colocadas sobre os CISOs tamb\u00e9m mudar\u00e3o. Estes l\u00edderes ter\u00e3o de se concentrar no planeamento estrat\u00e9gico, na gest\u00e3o de riscos e na colabora\u00e7\u00e3o entre fun\u00e7\u00f5es para garantir que as suas organiza\u00e7\u00f5es est\u00e3o bem protegidas contra amea\u00e7as crescentes. Os CISOs ser\u00e3o obrigados a adquirir dom\u00ednio em dom\u00ednios espec\u00edficos, como seguran\u00e7a na nuvem, prote\u00e7\u00e3o de infraestruturas cr\u00edticas ou ades\u00e3o \u00e0s regulamenta\u00e7\u00f5es que regem a privacidade de dados.<\/li>\n\n\n\n<li><strong>Maior \u00eanfase em automa\u00e7\u00e3o e IA:<\/strong> No cen\u00e1rio atual de seguran\u00e7a cibern\u00e9tica em constante evolu\u00e7\u00e3o, as organiza\u00e7\u00f5es est\u00e3o recorrendo \u00e0 IA e \u00e0s tecnologias de automa\u00e7\u00e3o para fortalecer seus sistemas de defesa. Como resultado, os CISOs devem permanecer atualizados com os avan\u00e7os mais recentes e garantir que suas equipes utilizem essas ferramentas de maneira eficaz.<\/li>\n\n\n\n<li><strong>Demanda crescente por habilidades interpessoais:<\/strong> O papel de um CISO est\u00e1 evoluindo e se expandindo al\u00e9m do conhecimento t\u00e9cnico. Hoje em dia, espera-se que os CISOs tenham compet\u00eancias interpessoais bem desenvolvidas, incluindo comunica\u00e7\u00e3o eficaz, lideran\u00e7a e capacidade de negocia\u00e7\u00e3o. Esta tend\u00eancia \u00e9 impulsionada pela crescente necessidade de colabora\u00e7\u00e3o e trabalho em equipe entre CISOs e diversas partes interessadas em toda a organiza\u00e7\u00e3o. Para se destacarem na fun\u00e7\u00e3o, os CISOs devem possuir um forte equil\u00edbrio entre compet\u00eancias t\u00e9cnicas e interpessoais, sendo que estas \u00faltimas se tornam cada vez mais cr\u00edticas para o sucesso.<\/li>\n<\/ul>\n\n\n\n<p><a href=\"https:\/\/www.sisinternational.com\/pt\/sis-revela-plataforma-de-ciencia-de-dados-e-analise-quantitativa\/\" title=\"SIS revela plataforma de ci\u00eancia de dados e an\u00e1lise quantitativa\"  data-wpil-monitor-id=\"8443\">SIS International offers Quantitative<\/a>, Qualitative, and Strategy Research. We provide data, tools, strategies, reports and insights for decision-making. We conduct interviews, surveys, <a href=\"https:\/\/www.sisinternational.com\/pt\/solucoes\/pesquisa-de-mercado-em-grupo-focal\/\" title=\"Pesquisa de mercado com grupo focal\"  data-wpil-monitor-id=\"8444\">focus groups and many other Market Research<\/a> methods and approaches. Contact us for your <a href=\"https:\/\/www.sisinternational.com\/pt\/pericia\/industrias\/pesquisa-de-mercado-de-tecnologias-de-proxima-geracao\/\" title=\"Pesquisa de mercado de tecnologias de pr\u00f3xima gera\u00e7\u00e3o\"  data-wpil-monitor-id=\"8445\">next Market Research<\/a> projeto.<\/p>\n\n\n\n<p><\/p>\n\n\n\n<p><\/p>","protected":false},"excerpt":{"rendered":"<p>A pesquisa de mercado do CISO obt\u00e9m informa\u00e7\u00f5es valiosas sobre tend\u00eancias de contrata\u00e7\u00e3o, expectativas salariais e as habilidades e experi\u00eancia necess\u00e1rias para o sucesso.<\/p>","protected":false},"author":1,"featured_media":64037,"parent":14514,"menu_order":279,"comment_status":"closed","ping_status":"closed","template":"","meta":{"footnotes":""},"class_list":["post-42600","page","type-page","status-publish","has-post-thumbnail"],"_links":{"self":[{"href":"https:\/\/www.sisinternational.com\/pt\/wp-json\/wp\/v2\/pages\/42600","targetHints":{"allow":["GET"]}}],"collection":[{"href":"https:\/\/www.sisinternational.com\/pt\/wp-json\/wp\/v2\/pages"}],"about":[{"href":"https:\/\/www.sisinternational.com\/pt\/wp-json\/wp\/v2\/types\/page"}],"author":[{"embeddable":true,"href":"https:\/\/www.sisinternational.com\/pt\/wp-json\/wp\/v2\/users\/1"}],"replies":[{"embeddable":true,"href":"https:\/\/www.sisinternational.com\/pt\/wp-json\/wp\/v2\/comments?post=42600"}],"version-history":[{"count":4,"href":"https:\/\/www.sisinternational.com\/pt\/wp-json\/wp\/v2\/pages\/42600\/revisions"}],"predecessor-version":[{"id":81417,"href":"https:\/\/www.sisinternational.com\/pt\/wp-json\/wp\/v2\/pages\/42600\/revisions\/81417"}],"up":[{"embeddable":true,"href":"https:\/\/www.sisinternational.com\/pt\/wp-json\/wp\/v2\/pages\/14514"}],"wp:featuredmedia":[{"embeddable":true,"href":"https:\/\/www.sisinternational.com\/pt\/wp-json\/wp\/v2\/media\/64037"}],"wp:attachment":[{"href":"https:\/\/www.sisinternational.com\/pt\/wp-json\/wp\/v2\/media?parent=42600"}],"curies":[{"name":"wp","href":"https:\/\/api.w.org\/{rel}","templated":true}]}}