{"id":42598,"date":"2023-04-30T17:01:18","date_gmt":"2023-04-30T21:01:18","guid":{"rendered":"https:\/\/www.sisinternational.com\/?page_id=42598"},"modified":"2026-01-25T19:13:22","modified_gmt":"2026-01-26T00:13:22","slug":"diretor-de-investimentos-pesquisa-de-mercado","status":"publish","type":"page","link":"https:\/\/www.sisinternational.com\/pt\/pericia\/diretor-de-investimentos-pesquisa-de-mercado\/","title":{"rendered":"Diretor de Investimentos Pesquisa de Mercado"},"content":{"rendered":"<h1 class=\"wp-block-heading\">Diretor de Investimentos Pesquisa de Mercado<\/h1>\n\n\n\n<figure class=\"gb-block-image gb-block-image-f81175a7\"><img loading=\"lazy\" decoding=\"async\" width=\"1456\" height=\"816\" class=\"gb-image gb-image-f81175a7\" src=\"https:\/\/www.sisinternational.com\/wp-content\/uploads\/2025\/08\/CEO-CIO-manager-4.jpg\" alt=\"Pesquisa e Estrat\u00e9gia de Mercado Internacional da SIS\" title=\"CEO CIO manager (4)\" srcset=\"https:\/\/www.sisinternational.com\/wp-content\/uploads\/2025\/08\/CEO-CIO-manager-4.jpg 1456w, https:\/\/www.sisinternational.com\/wp-content\/uploads\/2025\/08\/CEO-CIO-manager-4-300x168.jpg 300w, https:\/\/www.sisinternational.com\/wp-content\/uploads\/2025\/08\/CEO-CIO-manager-4-1024x574.jpg 1024w, https:\/\/www.sisinternational.com\/wp-content\/uploads\/2025\/08\/CEO-CIO-manager-4-768x430.jpg 768w, https:\/\/www.sisinternational.com\/wp-content\/uploads\/2025\/08\/CEO-CIO-manager-4-18x10.jpg 18w\" sizes=\"auto, (max-width: 1456px) 100vw, 1456px\"><\/figure>\n\n\n\n<p><\/p>\n\n\n\n<p>\u00c0 medida que o mundo financeiro continua a evoluir, o papel do diretor de investimentos tornou-se mais vital do que nunca. Esses profissionais s\u00e3o respons\u00e1veis por supervisionar e refinar o portf\u00f3lio de investimentos de uma organiza\u00e7\u00e3o, desempenhando um papel crucial no estabelecimento e manuten\u00e7\u00e3o da estabilidade e do crescimento financeiro.<\/p>\n\n\n\n<p>Portanto, obter uma compreens\u00e3o abrangente do cen\u00e1rio de pesquisa de mercado do diretor de investimentos \u00e9 essencial para empresas e indiv\u00edduos que trabalham no setor financeiro.<\/p>\n\n\n\n<h2 class=\"wp-block-heading\">O que \u00e9 pesquisa de mercado do diretor de investimentos?<\/h2>\n\n\n\n<p>Chief investment officers have a major responsibility in managing and refining a company&#8217;s investment portfolio, making crucial decisions, and ensuring the financial prosperity and security of the organization. Chief <a href=\"https:\/\/www.sisinternational.com\/pt\/pericia\/industrias\/esg-investindo-pesquisa-de-mercado\/\" title=\"Pesquisa de mercado de investimentos ESG\"  data-wpil-monitor-id=\"4891\">investment officer market research<\/a> typically covers various aspects of the chief investment officer profession such as:<\/p>\n\n\n\n<ul class=\"wp-block-list\">\n<li>Uma an\u00e1lise abrangente do tamanho da ind\u00fastria mundial de CIOs para mostrar a contagem total de fun\u00e7\u00f5es de CIO dispon\u00edveis.<\/li>\n\n\n\n<li>Esta an\u00e1lise dos setores em que os CIOs s\u00e3o empregados, incluindo empresas de gest\u00e3o de ativos, bancos, companhias de seguros e fundos de pens\u00e3o, entre outros. Tamb\u00e9m explora os obst\u00e1culos e perspectivas \u00fanicos que os diretores de informa\u00e7\u00e3o encontram em cada setor.<\/li>\n\n\n\n<li>Uma reparti\u00e7\u00e3o da procura de diretores de informa\u00e7\u00e3o em diferentes regi\u00f5es e pa\u00edses, tendo em conta fatores como o desenvolvimento econ\u00f3mico regional, tend\u00eancias de investimento e regulamenta\u00e7\u00f5es locais.<br>Uma an\u00e1lise dos pacotes de remunera\u00e7\u00e3o oferecidos aos diretores de informa\u00e7\u00e3o, incluindo sal\u00e1rio-base, b\u00f4nus, participa\u00e7\u00e3o nos lucros e benef\u00edcios, e os fatores que influenciam essas tend\u00eancias.<\/li>\n\n\n\n<li>Uma revis\u00e3o das habilidades e qualifica\u00e7\u00f5es essenciais exigidas para diretores de informa\u00e7\u00e3o, que v\u00e3o desde conhecimentos financeiros e experi\u00eancia em gest\u00e3o de investimentos at\u00e9 habilidades de lideran\u00e7a, comunica\u00e7\u00e3o e pensamento estrat\u00e9gico.<\/li>\n<\/ul>\n\n\n\n<h2 class=\"wp-block-heading\">Tend\u00eancias atuais na pesquisa de mercado do diretor de investimentos<\/h2>\n\n\n\n<p>Understanding the latest market trends can help companies stay competitive in the ever-changing investment management industry. Here are some key current trends in chief <a href=\"https:\/\/www.sisinternational.com\/pt\/retorno-do-investimento-em-pesquisa-de-mercado\/\" title=\"Retorno do Investimento em Pesquisa de Mercado\"  data-wpil-monitor-id=\"5479\">investment officer market research<\/a>:<\/p>\n\n\n\n<ul class=\"wp-block-list\">\n<li><strong>Avan\u00e7os tecnol\u00f3gicos:<\/strong> \u00c0 medida que a tecnologia continua a revolucionar o setor financeiro, os diretores de investimento utilizam cada vez mais ferramentas avan\u00e7adas, como a intelig\u00eancia artificial (IA), a aprendizagem autom\u00e1tica (ML) e a an\u00e1lise de big data para informar as decis\u00f5es de investimento, otimizar carteiras e melhorar a gest\u00e3o de riscos. A transforma\u00e7\u00e3o digital em curso no setor financeiro est\u00e1 a remodelar a forma como os diretores de investimento operam. Isto inclui a ado\u00e7\u00e3o de plataformas, ferramentas e processos digitais para gest\u00e3o de investimentos, bem como a necessidade de desenvolver estrat\u00e9gias de investimento que priorizam o digital.<\/li>\n\n\n\n<li><strong>Investimentos alternativos:<\/strong> Para alcan\u00e7ar uma maior diversifica\u00e7\u00e3o e retornos potencialmente mais elevados, os diretores de investimento est\u00e3o a explorar investimentos alternativos, como capital privado, capital de risco, imobili\u00e1rio e mat\u00e9rias-primas. Esta tend\u00eancia reflecte um interesse crescente em classes de activos n\u00e3o tradicionais como forma de mitigar riscos e melhorar o desempenho da carteira.<\/li>\n\n\n\n<li><strong>Gest\u00e3o de riscos e conformidade regulat\u00f3ria:<\/strong> Com a crescente complexidade dos mercados financeiros e os requisitos regulamentares mais rigorosos, os diretores de investimento est\u00e3o a colocar uma maior \u00eanfase na gest\u00e3o de riscos e na conformidade. Isto envolve acompanhar de perto a evolu\u00e7\u00e3o do mercado, implementar estruturas robustas de gest\u00e3o de risco e manter-se informado sobre o cen\u00e1rio regulat\u00f3rio em evolu\u00e7\u00e3o.<\/li>\n<\/ul>\n\n\n\n<h2 class=\"wp-block-heading\">Oportunidades e Desafios<\/h2>\n\n\n\n<figure class=\"gb-block-image gb-block-image-202810a7\"><img loading=\"lazy\" decoding=\"async\" width=\"1456\" height=\"816\" class=\"gb-image gb-image-202810a7\" src=\"https:\/\/www.sisinternational.com\/wp-content\/uploads\/2025\/08\/CEO-CIO-manager-7.jpg\" alt=\"Pesquisa e Estrat\u00e9gia de Mercado Internacional da SIS\" title=\"CEO CIO manager (7)\" srcset=\"https:\/\/www.sisinternational.com\/wp-content\/uploads\/2025\/08\/CEO-CIO-manager-7.jpg 1456w, https:\/\/www.sisinternational.com\/wp-content\/uploads\/2025\/08\/CEO-CIO-manager-7-300x168.jpg 300w, https:\/\/www.sisinternational.com\/wp-content\/uploads\/2025\/08\/CEO-CIO-manager-7-1024x574.jpg 1024w, https:\/\/www.sisinternational.com\/wp-content\/uploads\/2025\/08\/CEO-CIO-manager-7-768x430.jpg 768w, https:\/\/www.sisinternational.com\/wp-content\/uploads\/2025\/08\/CEO-CIO-manager-7-18x10.jpg 18w\" sizes=\"auto, (max-width: 1456px) 100vw, 1456px\"><\/figure>\n\n\n\n<p><\/p>\n\n\n\n<p><a href=\"https:\/\/www.sisinternational.com\/pt\/pericia\/industrias\/diretor-de-informacoes-cio-pesquisa-de-mercado\/\" title=\"Diretor de Informa\u00e7\u00f5es (CIO) Pesquisa de Mercado\"  data-wpil-monitor-id=\"5653\">Chief investment officer market research<\/a> presents a wealth of data on the investment management industry. It provides unique insights into market opportunities and potential growth, while also identifying areas of concern and potential risks. Here are some key opportunities and challenges associated with <a href=\"https:\/\/www.sisinternational.com\/pt\/cobertura\/as-americas\/cobertura-dos-eua\/pesquisa-de-mercado-em-key-west-florida\/\" title=\"Pesquisa de mercado de Key West Fl\u00f3rida\"  data-wpil-monitor-id=\"7153\">diretor de investimentos pesquisa de mercado<\/a>:<\/p>\n\n\n\n<h3 class=\"wp-block-heading\">Oportunidades<\/h3>\n\n\n\n<ul class=\"wp-block-list\">\n<li>Ao compreender as \u00faltimas tend\u00eancias e desenvolvimentos no mercado de diretores de investimentos, as organiza\u00e7\u00f5es podem tomar decis\u00f5es mais informadas sobre suas estrat\u00e9gias de investimento, aloca\u00e7\u00e3o de recursos e recrutamento e reten\u00e7\u00e3o de diretores de investimentos.<\/li>\n\n\n\n<li>Os insights das pesquisas de mercado podem ajudar as organiza\u00e7\u00f5es a identificar as habilidades e qualifica\u00e7\u00f5es necess\u00e1rias para diretores de investimentos bem-sucedidos.<\/li>\n\n\n\n<li>A pesquisa de mercado do diretor de investimentos fornece insights sobre tend\u00eancias, desafios e oportunidades emergentes no cen\u00e1rio de gest\u00e3o de investimentos. Ao manterem-se atualizadas sobre estes desenvolvimentos, as organiza\u00e7\u00f5es podem antecipar e responder melhor \u00e0s mudan\u00e7as no mercado, garantindo que permanecem \u00e1geis e adapt\u00e1veis.<\/li>\n<\/ul>\n\n\n\n<h3 class=\"wp-block-heading\">Desafios<\/h3>\n\n\n\n<ul class=\"wp-block-list\">\n<li>A ind\u00fastria de gest\u00e3o de investimentos \u00e9 um espa\u00e7o complexo e em constante evolu\u00e7\u00e3o, influenciado por uma infinidade de fatores, como avan\u00e7os tecnol\u00f3gicos, mudan\u00e7as regulat\u00f3rias e volatilidade do mercado global. Pode ser um desafio para as organiza\u00e7\u00f5es manterem-se atualizadas com as \u00faltimas tend\u00eancias e desenvolvimentos do setor, especialmente devido \u00e0 escassez de profissionais qualificados na \u00e1rea. Como tal, h\u00e1 uma necessidade crescente de as organiza\u00e7\u00f5es realizarem pesquisas de mercado abrangentes.<\/li>\n\n\n\n<li>As descobertas e os dados coletados nas pesquisas de mercado s\u00e3o ativos valiosos para as organiza\u00e7\u00f5es. No entanto, colocar estes conhecimentos em pr\u00e1tica pode apresentar desafios que exigem um esfor\u00e7o colaborativo das equipas executivas e de outras partes interessadas dentro da organiza\u00e7\u00e3o.<\/li>\n\n\n\n<li>A pesquisa de mercado do diretor de investimentos geralmente revela tend\u00eancias e desafios de curto e longo prazo no setor de gest\u00e3o de investimentos. Equilibrar estas prioridades concorrentes e, ao mesmo tempo, manter o foco nos objetivos financeiros globais da organiza\u00e7\u00e3o pode ser um desafio tanto para os diretores de investimentos como para as organiza\u00e7\u00f5es que eles servem.<\/li>\n<\/ul>\n\n\n\n<h2 class=\"wp-block-heading\">Perspectivas da pesquisa de mercado do diretor de investimentos<\/h2>\n\n\n\n<figure class=\"gb-block-image gb-block-image-83d04cb0\"><img loading=\"lazy\" decoding=\"async\" width=\"1456\" height=\"816\" class=\"gb-image gb-image-83d04cb0\" src=\"https:\/\/www.sisinternational.com\/wp-content\/uploads\/2025\/08\/CEO-CIO-manager-5.jpg\" alt=\"Pesquisa e Estrat\u00e9gia de Mercado Internacional da SIS\" title=\"CEO CIO manager (5)\" srcset=\"https:\/\/www.sisinternational.com\/wp-content\/uploads\/2025\/08\/CEO-CIO-manager-5.jpg 1456w, https:\/\/www.sisinternational.com\/wp-content\/uploads\/2025\/08\/CEO-CIO-manager-5-300x168.jpg 300w, https:\/\/www.sisinternational.com\/wp-content\/uploads\/2025\/08\/CEO-CIO-manager-5-1024x574.jpg 1024w, https:\/\/www.sisinternational.com\/wp-content\/uploads\/2025\/08\/CEO-CIO-manager-5-768x430.jpg 768w, https:\/\/www.sisinternational.com\/wp-content\/uploads\/2025\/08\/CEO-CIO-manager-5-18x10.jpg 18w\" sizes=\"auto, (max-width: 1456px) 100vw, 1456px\"><\/figure>\n\n\n\n<p><\/p>\n\n\n\n<p>O setor financeiro pode esperar um futuro brilhante gra\u00e7as \u00e0 crescente import\u00e2ncia da pesquisa de mercado dos diretores de investimentos. A natureza mut\u00e1vel da gest\u00e3o de investimentos criou uma necessidade premente de pesquisas de mercado abrangentes, que oferecem grandes oportunidades para organiza\u00e7\u00f5es, profissionais e partes interessadas. Aqui est\u00e3o algumas perspectivas importantes para o futuro do investimento principal:<\/p>\n\n\n\n<ul class=\"wp-block-list\">\n<li><strong>An\u00e1lise de dados e IA aprimoradas:<\/strong> A integra\u00e7\u00e3o de t\u00e9cnicas avan\u00e7adas de an\u00e1lise de dados, IA e ML permitir\u00e1 previs\u00f5es mais precisas e insights mais profundos sobre a pesquisa de mercado do diretor de investimentos. Estas tecnologias podem ajudar a identificar padr\u00f5es, tend\u00eancias e correla\u00e7\u00f5es que estavam anteriormente ocultas, permitindo \u00e0s organiza\u00e7\u00f5es tomar decis\u00f5es mais informadas e desenvolver estrat\u00e9gias de investimento direcionadas.<\/li>\n\n\n\n<li><strong>Expandindo o escopo das responsabilidades do CIO:<\/strong> \u00c0 medida que a posi\u00e7\u00e3o do diretor de investimentos se transforma gradualmente, o mesmo acontecer\u00e1 com o dom\u00ednio da pesquisa de mercado do diretor de investimentos, para incluir campos de responsabilidade emergentes, como transforma\u00e7\u00e3o digital, inova\u00e7\u00e3o e gest\u00e3o de risco.<\/li>\n\n\n\n<li><strong>Aumento da demanda por pesquisas personalizadas:<\/strong> To enhance their investment strategies, organizations are increasingly looking for customized <a href=\"https:\/\/www.sisinternational.com\/pt\/pericia\/industrias\/pesquisa-de-mercado-de-produtos-quimicos-organicos\/\" title=\"Pesquisa de mercado de produtos qu\u00edmicos org\u00e2nicos\"  data-wpil-monitor-id=\"3321\">diretor de investimentos pesquisa de mercado<\/a> that is tailored to specific industries, regions, or investment approaches. This personalized research is crucial for gaining a comprehensive understanding of the market context and developing effective investment strategies that cater to the specific needs of each organization.<\/li>\n<\/ul>\n\n\n\n<p>A SIS International oferece Pesquisa Quantitativa, Qualitativa e Estrat\u00e9gica. Fornecemos dados, ferramentas, estrat\u00e9gias, relat\u00f3rios e insights para tomada de decis\u00f5es. Conduzimos entrevistas, pesquisas, grupos focais e muitos outros m\u00e9todos e abordagens de Pesquisa de Mercado. Contate-nos para o seu pr\u00f3ximo projeto de Pesquisa de Mercado.<\/p>","protected":false},"excerpt":{"rendered":"<p>A pesquisa de mercado do diretor de investimentos cobre aspectos da profiss\u00e3o de diretor de investimentos e ajuda as empresas a se manterem competitivas.<\/p>","protected":false},"author":1,"featured_media":64026,"parent":14514,"menu_order":278,"comment_status":"closed","ping_status":"closed","template":"","meta":{"footnotes":""},"class_list":["post-42598","page","type-page","status-publish","has-post-thumbnail"],"_links":{"self":[{"href":"https:\/\/www.sisinternational.com\/pt\/wp-json\/wp\/v2\/pages\/42598","targetHints":{"allow":["GET"]}}],"collection":[{"href":"https:\/\/www.sisinternational.com\/pt\/wp-json\/wp\/v2\/pages"}],"about":[{"href":"https:\/\/www.sisinternational.com\/pt\/wp-json\/wp\/v2\/types\/page"}],"author":[{"embeddable":true,"href":"https:\/\/www.sisinternational.com\/pt\/wp-json\/wp\/v2\/users\/1"}],"replies":[{"embeddable":true,"href":"https:\/\/www.sisinternational.com\/pt\/wp-json\/wp\/v2\/comments?post=42598"}],"version-history":[{"count":8,"href":"https:\/\/www.sisinternational.com\/pt\/wp-json\/wp\/v2\/pages\/42598\/revisions"}],"predecessor-version":[{"id":80717,"href":"https:\/\/www.sisinternational.com\/pt\/wp-json\/wp\/v2\/pages\/42598\/revisions\/80717"}],"up":[{"embeddable":true,"href":"https:\/\/www.sisinternational.com\/pt\/wp-json\/wp\/v2\/pages\/14514"}],"wp:featuredmedia":[{"embeddable":true,"href":"https:\/\/www.sisinternational.com\/pt\/wp-json\/wp\/v2\/media\/64026"}],"wp:attachment":[{"href":"https:\/\/www.sisinternational.com\/pt\/wp-json\/wp\/v2\/media?parent=42598"}],"curies":[{"name":"wp","href":"https:\/\/api.w.org\/{rel}","templated":true}]}}