{"id":42589,"date":"2023-04-29T22:40:41","date_gmt":"2023-04-30T02:40:41","guid":{"rendered":"https:\/\/www.sisinternational.com\/?page_id=42589"},"modified":"2026-01-27T16:48:50","modified_gmt":"2026-01-27T21:48:50","slug":"cargo-market-research","status":"publish","type":"page","link":"https:\/\/www.sisinternational.com\/pt\/expertise\/cargo-market-research\/","title":{"rendered":"Pesquisa de mercado de carga"},"content":{"rendered":"<h1 class=\"wp-block-heading\">Pesquisa de mercado de carga<\/h1>\n\n\n\n<figure class=\"gb-block-image gb-block-image-11d69482\"><img loading=\"lazy\" decoding=\"async\" width=\"1456\" height=\"816\" class=\"gb-image gb-image-11d69482\" src=\"https:\/\/www.sisinternational.com\/wp-content\/uploads\/2025\/08\/Dropshipping-2.jpg\" alt=\"SIS International Market Research &amp; Strategy\" title=\"Dropshipping (2)\" srcset=\"https:\/\/www.sisinternational.com\/wp-content\/uploads\/2025\/08\/Dropshipping-2.jpg 1456w, https:\/\/www.sisinternational.com\/wp-content\/uploads\/2025\/08\/Dropshipping-2-300x168.jpg 300w, https:\/\/www.sisinternational.com\/wp-content\/uploads\/2025\/08\/Dropshipping-2-1024x574.jpg 1024w, https:\/\/www.sisinternational.com\/wp-content\/uploads\/2025\/08\/Dropshipping-2-768x430.jpg 768w, https:\/\/www.sisinternational.com\/wp-content\/uploads\/2025\/08\/Dropshipping-2-18x10.jpg 18w\" sizes=\"auto, (max-width: 1456px) 100vw, 1456px\"><\/figure>\n\n\n\n<p><\/p>\n\n\n\n<p>O mercado de carga cresceu significativamente ano ap\u00f3s ano na virada do s\u00e9culo XXI. A economia global \u00e9 o principal componente do r\u00e1pido crescimento. Os pa\u00edses fazem transa\u00e7\u00f5es entre si para negociar com diferentes ind\u00fastrias e mercados, como a ind\u00fastria de produ\u00e7\u00e3o, o mercado de trabalho e as mat\u00e9rias-primas. O ciclo cont\u00ednuo de procura e oferta de um pa\u00eds para outro \u00e9 poss\u00edvel atrav\u00e9s de modos eficientes de transporte de carga.<\/p>\n\n\n\n<p>Existem diferentes transportadores de carga dispon\u00edveis, desde frete a\u00e9reo at\u00e9 carga aqu\u00e1tica, tornando-se uma ind\u00fastria de investimento lucrativa. Espera-se que o mercado mantenha seu crescimento \u00e0 medida que a popula\u00e7\u00e3o e a necessidade de necessidades b\u00e1sicas continuam a aumentar.<\/p>\n\n\n\n<h2 class=\"wp-block-heading\">Apresentando o Mercado de Carga<\/h2>\n\n\n\n<p>Cargo, commonly known as freight, describes the goods and produce hauled from one place to another using different modes of transportation, either by air, water, or land. Cargo carriers are different from passenger carriers and don&#8217;t fall under the same market. Businesses engaged in the cargo <a href=\"https:\/\/www.sisinternational.com\/pt\/expertise\/industries\/third-party-logistics-market-research\/\" title=\"Pesquisa de mercado de log\u00edstica de terceiros\"  data-wpil-monitor-id=\"7591\">market offer logistics<\/a> and supply chain solutions.<\/p>\n\n\n\n<p>The market heavily relies on these cargo carriers and all their consequences. Technically, the cargo <a href=\"https:\/\/www.sisinternational.com\/pt\/ambulance-transportation\/\" title=\"Pesquisa de mercado de transporte de ambul\u00e2ncias\"  data-wpil-monitor-id=\"6971\">market also falls under the transportation<\/a> industry. However, even as a stand-alone market, it contributes trillions of dollars every year. It is even anticipated to grow twice in the next 10 years.<\/p>\n\n\n\n<h2 class=\"wp-block-heading\">Tipos de transportadores de carga<\/h2>\n\n\n\n<p><\/p>\n\n\n\n<p>O mercado de cargas pode ser dividido em tr\u00eas componentes principais: transporte mar\u00edtimo de cargas, fretes a\u00e9reos e log\u00edstica terrestre. Cada divis\u00e3o se concentra no modo de transporte de carga envolvido. Vamos discutir mais detalhadamente cada componente abaixo:<\/p>\n\n\n\n<p><strong>Mercado de transporte de carga:<\/strong> O modo de transporte envolve navios e\/ou quaisquer embarca\u00e7\u00f5es aqu\u00e1ticas. Uma das vantagens do transporte mar\u00edtimo de carga \u00e9 a capacidade de transportar mercadorias volumosas que o frete terrestre ou a\u00e9reo n\u00e3o consegue transportar. O mercado de transporte mar\u00edtimo \u00e9 ainda segmentado em diferentes tipos, dependendo da embarca\u00e7\u00e3o utilizada.<\/p>\n\n\n\n<p>Sua maior desvantagem \u00e9 ser mais lento que o outro modo de operadora.<\/p>\n\n\n\n<p><strong>Mercado de frete a\u00e9reo:<\/strong> As transportadoras a\u00e9reas comerciais ou fretadas s\u00e3o ideais para transportar mercadorias internacionalmente com suas remessas r\u00e1pidas. Isso torna a transportadora a\u00e9rea ideal para transportar mercadorias perec\u00edveis, como frutas e vegetais, e itens valiosos, como joias e rem\u00e9dios.<\/p>\n\n\n\n<p>Semelhante ao transporte de carga, o mercado de frete a\u00e9reo pode ser ainda mais segmentado. Os segmentos incluem expresso, frete e correio.<\/p>\n\n\n\n<p><strong>Mercado de Transporte Terrestre:<\/strong> O servi\u00e7o de transporte mais comum do mercado. Atende desde as menores distribui\u00e7\u00f5es, como entregas de alimentos, at\u00e9 pedidos em grandes quantidades, como reboque para transporte de autom\u00f3veis. Consequentemente, os ve\u00edculos inclu\u00eddos neste servi\u00e7o de transporte variam em tamanho, desde motocicletas at\u00e9 caminh\u00f5es.<\/p>\n\n\n\n<p>No entanto, este segmento do mercado de carga tamb\u00e9m pode facilmente cair na ind\u00fastria de transporte rodovi\u00e1rio.<\/p>\n\n\n\n<h2 class=\"wp-block-heading\">Import\u00e2ncia da Pesquisa de Mercado de Carga<\/h2>\n\n\n\n<p>The cargo <a href=\"https:\/\/www.sisinternational.com\/pt\/expertise\/industries\/motel-market-research\/\" title=\"Pesquisa de mercado de mot\u00e9is\"  data-wpil-monitor-id=\"3113\">market requires detailed research<\/a> to understand. The said industry relies heavily on economic growth, international trade, government initiatives, and political influences, all of which can be hard to understand and analyze by a layman.<\/p>\n\n\n\n<p>Com a pesquisa de mercado de cargas, voc\u00ea simplificar\u00e1 todos os detalhes e apresentar\u00e1 todas as informa\u00e7\u00f5es dispon\u00edveis. Ele se concentrar\u00e1 em dados relevantes, segregando os n\u00e3o relacionados.<\/p>\n\n\n\n<p>Ao mesmo tempo, o mercado de cargas tem uma ampla abrang\u00eancia. Os investidores podem concentrar-se no segmento espec\u00edfico, adquirindo informa\u00e7\u00f5es sobre o panorama do mercado e como os consumidores percebem a imagem da marca das empresas.<\/p>\n\n\n\n<p>Al\u00e9m disso, a pesquisa de mercado de carga tamb\u00e9m pode fornecer informa\u00e7\u00f5es sobre o p\u00fablico-alvo da ind\u00fastria e as estrat\u00e9gias atuais de marketing sob demanda, determinar a viabilidade do mercado, etc.<\/p>\n\n\n\n<p>Em suma, orienta os investidores a darem um passo de investimento calculista em dire\u00e7\u00e3o ao mercado de carga.<\/p>\n\n\n\n<h2 class=\"wp-block-heading\">Tend\u00eancias e oportunidades<\/h2>\n\n\n\n<p>O mercado de carga provou a sua resili\u00eancia ao longo dos anos. E com a ascens\u00e3o do com\u00e9rcio eletr\u00f3nico, influenciando uma variedade de ind\u00fastrias, incluindo o mercado de carga, espera-se que este \u00faltimo mantenha o seu crescimento.<\/p>\n\n\n\n<p>No entanto, existem outras tend\u00eancias e oportunidades a serem procuradas no mercado de cargas. Aqui est\u00e3o alguns:<\/p>\n\n\n\n<ul class=\"wp-block-list\">\n<li><strong>Ascens\u00e3o da ind\u00fastria de varejo:<\/strong> O com\u00e9rcio eletr\u00f3nico mant\u00e9m o seu progresso positivo mesmo com a economia em constante mudan\u00e7a. A demanda, principalmente no espa\u00e7o da moda, assegura o setor de cargas com o fluxo cont\u00ednuo de entregas de um pa\u00eds ou cidade para outro.<\/li>\n\n\n\n<li><strong>Melhorias e Infraestrutura:<\/strong> Outro factor cr\u00edtico \u00e9 o estabelecimento de novos centros de carga. Estes tipos de infra-estruturas foram impulsionados pela crescente procura de servi\u00e7os de transporte, especialmente por parte dos fornecedores. Consequentemente, afeta o desenvolvimento de melhores sistemas de navega\u00e7\u00e3o, cargas dedicadas para atender diferentes mercadorias, melhores rotas de entrega e outros fatores relacionados.<\/li>\n\n\n\n<li><strong>Demanda por entrega mais r\u00e1pida de produtos farmac\u00eauticos:<\/strong> Durante a pandemia, a necessidade de entrega imediata de vacinas, tanques de oxig\u00e9nio e outros produtos m\u00e9dicos tornou-se uma prioridade. Esse servi\u00e7o de entrega continua a ser de extrema import\u00e2ncia. A maioria dessas mercadorias exige que a carga tome medidas extras devido \u00e0 sensibilidade ao tempo, \u00e0 temperatura e ao valor do medicamento. O servi\u00e7o de carga de qualidade consistente mant\u00e9m o valor e a integridade do produto m\u00e9dico.<\/li>\n\n\n\n<li><strong>Comercializa\u00e7\u00e3o de Ve\u00edculos Aut\u00f4nomos:<\/strong> Muitos fabricantes de autom\u00f3veis t\u00eam desenvolvido os seus ve\u00edculos aut\u00f3nomos sem condutor, adequados para servi\u00e7os de armaz\u00e9m e log\u00edstica.<\/li>\n<\/ul>\n\n\n\n<h2 class=\"wp-block-heading\">Problemas para o mercado de carga<\/h2>\n\n\n\n<p>A cont\u00ednua demanda por servi\u00e7os de carga e a expectativa por estrat\u00e9gias mais inovadoras tamb\u00e9m fazem com que o mercado de cargas enfrente desafios incessantes, principalmente para diversas transportadoras.<\/p>\n\n\n\n<p>Compreensivelmente, do lado do investimento, estes desafios devem ser tidos em conta para evitar decis\u00f5es de financiamento fatais. Alguns desses desafios s\u00e3o:<\/p>\n\n\n\n<ul class=\"wp-block-list\">\n<li><strong>Pre\u00e7o do pico do petr\u00f3leo:<\/strong> Com os pre\u00e7os inflacionados, aumenta as despesas operacionais dos transportadores de carga. Para ve\u00edculos, navios e aeronaves maiores, isso tamb\u00e9m significa custos mais elevados, uma vez que embarca\u00e7\u00f5es maiores significam maior consumo de petr\u00f3leo.<\/li>\n\n\n\n<li><strong>Movimenta\u00e7\u00e3o de carga:<\/strong> \u00c0 medida que aumenta o n\u00famero de entregas e embarques, h\u00e1 uma expectativa de efici\u00eancia na movimenta\u00e7\u00e3o de cargas. No entanto, n\u00e3o se espera que todos os funcion\u00e1rios dos armaz\u00e9ns e transportadores se adaptem imediatamente \u00e0 mudan\u00e7a, tendo em conta o s\u00fabito fluxo de entregas. H\u00e1 chances de manuseio incorreto de pacotes que podem causar devolu\u00e7\u00f5es e taxas caras tanto para transportadoras quanto para fornecedores.<\/li>\n\n\n\n<li><strong>Previs\u00f5es de mau tempo:<\/strong> O clima afeta as condi\u00e7\u00f5es de tr\u00e2nsito, causando estradas escorregadias, \u00e1guas agitadas e voos cancelados. Se o tempo for previsto erroneamente, ser\u00e1 prejudicial \u00e0 seguran\u00e7a do pessoal de entrega e \u00e0 integridade das encomendas.<\/li>\n<\/ul>","protected":false},"excerpt":{"rendered":"<p>O mercado de carga cresceu significativamente na virada do s\u00e9culo XXI. A economia global \u00e9 o principal componente do r\u00e1pido crescimento.<\/p>","protected":false},"author":1,"featured_media":64794,"parent":14514,"menu_order":275,"comment_status":"closed","ping_status":"closed","template":"","meta":{"footnotes":""},"class_list":["post-42589","page","type-page","status-publish","has-post-thumbnail"],"_links":{"self":[{"href":"https:\/\/www.sisinternational.com\/pt\/wp-json\/wp\/v2\/pages\/42589","targetHints":{"allow":["GET"]}}],"collection":[{"href":"https:\/\/www.sisinternational.com\/pt\/wp-json\/wp\/v2\/pages"}],"about":[{"href":"https:\/\/www.sisinternational.com\/pt\/wp-json\/wp\/v2\/types\/page"}],"author":[{"embeddable":true,"href":"https:\/\/www.sisinternational.com\/pt\/wp-json\/wp\/v2\/users\/1"}],"replies":[{"embeddable":true,"href":"https:\/\/www.sisinternational.com\/pt\/wp-json\/wp\/v2\/comments?post=42589"}],"version-history":[{"count":6,"href":"https:\/\/www.sisinternational.com\/pt\/wp-json\/wp\/v2\/pages\/42589\/revisions"}],"predecessor-version":[{"id":81214,"href":"https:\/\/www.sisinternational.com\/pt\/wp-json\/wp\/v2\/pages\/42589\/revisions\/81214"}],"up":[{"embeddable":true,"href":"https:\/\/www.sisinternational.com\/pt\/wp-json\/wp\/v2\/pages\/14514"}],"wp:featuredmedia":[{"embeddable":true,"href":"https:\/\/www.sisinternational.com\/pt\/wp-json\/wp\/v2\/media\/64794"}],"wp:attachment":[{"href":"https:\/\/www.sisinternational.com\/pt\/wp-json\/wp\/v2\/media?parent=42589"}],"curies":[{"name":"wp","href":"https:\/\/api.w.org\/{rel}","templated":true}]}}