{"id":42586,"date":"2023-04-29T22:25:09","date_gmt":"2023-04-30T02:25:09","guid":{"rendered":"https:\/\/www.sisinternational.com\/?page_id=42586"},"modified":"2026-03-12T13:28:31","modified_gmt":"2026-03-12T17:28:31","slug":"pesquisa-de-mercado-de-bolo","status":"publish","type":"page","link":"https:\/\/www.sisinternational.com\/pt\/solucoes\/pesquisa-de-mercado-da-industria-de-bebidas-alimenticias\/pesquisa-de-mercado-de-bolo\/","title":{"rendered":"Pesquisa de mercado de bolos"},"content":{"rendered":"<h1 class=\"wp-block-heading\">Pesquisa de mercado de bolos<\/h1>\n\n\n\n<figure class=\"gb-block-image gb-block-image-87a748d3\"><img loading=\"lazy\" decoding=\"async\" width=\"1456\" height=\"816\" class=\"gb-image gb-image-87a748d3\" src=\"https:\/\/www.sisinternational.com\/wp-content\/uploads\/2025\/08\/Cake-4.jpg\" alt=\"Pesquisa e Estrat\u00e9gia de Mercado Internacional da SIS\" title=\"Cake (4)\" srcset=\"https:\/\/www.sisinternational.com\/wp-content\/uploads\/2025\/08\/Cake-4.jpg 1456w, https:\/\/www.sisinternational.com\/wp-content\/uploads\/2025\/08\/Cake-4-300x168.jpg 300w, https:\/\/www.sisinternational.com\/wp-content\/uploads\/2025\/08\/Cake-4-1024x574.jpg 1024w, https:\/\/www.sisinternational.com\/wp-content\/uploads\/2025\/08\/Cake-4-768x430.jpg 768w, https:\/\/www.sisinternational.com\/wp-content\/uploads\/2025\/08\/Cake-4-18x10.jpg 18w\" sizes=\"auto, (max-width: 1456px) 100vw, 1456px\"><\/figure>\n\n\n\n<p><\/p>\n\n\n\n<p>A pesquisa de mercado de bolos \u00e9 um processo vital que fornece insights sobre a vis\u00e3o geral do mercado de bolos, segmento de mercado de bolos, ofertas de produtos do mercado de bolos e drivers de mercado da ind\u00fastria de bolos. Compreender os dados e estrat\u00e9gias na pesquisa de mercado de bolos \u00e9 crucial para que os participantes do setor permane\u00e7am competitivos e atendam \u00e0s necessidades em constante evolu\u00e7\u00e3o dos consumidores. Com a crescente demanda por bolos acess\u00edveis e de alta qualidade, o mercado de bolos est\u00e1 preparado para crescimento e desenvolvimento cont\u00ednuos nos pr\u00f3ximos anos.<\/p>\n\n\n\n<h2 class=\"wp-block-heading\">Vis\u00e3o geral do mercado de bolos<\/h2>\n\n\n\n<p>A ind\u00fastria de bolos \u00e9 um setor din\u00e2mico e crescente que oferece uma ampla gama de produtos aos consumidores. O mercado de bolos \u00e9 altamente competitivo, com in\u00fameros participantes, desde grandes corpora\u00e7\u00f5es multinacionais at\u00e9 pequenas padarias locais. O mercado de bolos \u00e9 impulsionado pela crescente demanda por bolos de alta qualidade e acess\u00edveis, dispon\u00edveis em diversos sabores e designs.<\/p>\n\n\n\n<h2 class=\"wp-block-heading\">Resumo do Produto<\/h2>\n\n\n\n<p>As ofertas de produtos do mercado de bolos incluem uma ampla variedade de bolos que atendem a diferentes gostos e prefer\u00eancias. As ofertas de produtos no mercado de bolos incluem bolos premium, bolos regulares e bolos econ\u00f4micos. Bolos premium s\u00e3o produtos de alta qualidade que oferecem sabores e designs \u00fanicos e sofisticados. Os bolos normais s\u00e3o os bolos mais comuns e amplamente dispon\u00edveis no mercado. Os bolos econ\u00f4micos s\u00e3o produtos de baixo custo e acess\u00edveis a uma gama mais ampla de consumidores. As ofertas de produtos do mercado de bolos variam de acordo com o segmento de mercado de bolos e o p\u00fablico-alvo.<\/p>\n\n\n\n<p>Os drivers de mercado da ind\u00fastria de bolos s\u00e3o fatores que influenciam o crescimento e desenvolvimento do mercado de bolos.<\/p>\n\n\n\n<h2 class=\"wp-block-heading\">Segmento de mercado de bolos<\/h2>\n\n\n\n<p>Segmenting the industry is an essential aspect of cake market research. The cake market is segmented based on the type of cake, the occasion, and the distribution channel. The type of cake includes sponge cakes, cheesecakes, fruit cakes, and others. The occasion includes birthdays, weddings, festivals, and others. The distribution channel includes supermarkets, hypermarkets, online stores, and others. <a href=\"https:\/\/www.sisinternational.com\/pt\/estudo-de-caso-sis-em-insights-de-lojas-em-todo-o-mundo\/\" title=\"Insights do comprador na loja \u2013 estudo de caso de pesquisa de mercado\"  data-wpil-monitor-id=\"9733\">Market research provides insights<\/a> into the various market segments that way, industry players can tailor their products and marketing strategies to meet the needs of specific target audiences.<\/p>\n\n\n\n<h2 class=\"wp-block-heading\">Impulsionadores da ind\u00fastria<\/h2>\n\n\n\n<figure class=\"gb-block-image gb-block-image-c3b6ba03\"><img loading=\"lazy\" decoding=\"async\" width=\"1456\" height=\"816\" class=\"gb-image gb-image-c3b6ba03\" src=\"https:\/\/www.sisinternational.com\/wp-content\/uploads\/2025\/08\/Cake-1.jpg\" alt=\"Pesquisa e Estrat\u00e9gia de Mercado Internacional da SIS\" title=\"Cake (1)\" srcset=\"https:\/\/www.sisinternational.com\/wp-content\/uploads\/2025\/08\/Cake-1.jpg 1456w, https:\/\/www.sisinternational.com\/wp-content\/uploads\/2025\/08\/Cake-1-300x168.jpg 300w, https:\/\/www.sisinternational.com\/wp-content\/uploads\/2025\/08\/Cake-1-1024x574.jpg 1024w, https:\/\/www.sisinternational.com\/wp-content\/uploads\/2025\/08\/Cake-1-768x430.jpg 768w, https:\/\/www.sisinternational.com\/wp-content\/uploads\/2025\/08\/Cake-1-18x10.jpg 18w\" sizes=\"auto, (max-width: 1456px) 100vw, 1456px\"><\/figure>\n\n\n\n<p><\/p>\n\n\n\n<h3 class=\"wp-block-heading\">A pesquisa de mercado fornece insights sobre os impulsionadores do mercado da ind\u00fastria de bolos, que incluem, mas n\u00e3o est\u00e3o limitados ao seguinte:<\/h3>\n\n\n\n<ul class=\"wp-block-list\">\n<li>Crescente demanda por bolos. O aumento da popula\u00e7\u00e3o, a urbaniza\u00e7\u00e3o e a crescente consci\u00eancia dos bolos como forma de indulg\u00eancia est\u00e3o a impulsionar a procura por bolos.<\/li>\n\n\n\n<li>Mudando as prefer\u00eancias do consumidor. Os consumidores exigem op\u00e7\u00f5es de bolos mais saud\u00e1veis, sabores \u00fanicos e inovadores e bolos personalizados que atendam aos seus gostos e prefer\u00eancias individuais.<\/li>\n\n\n\n<li>Aumento do rendimento dispon\u00edvel. \u00c0 medida que o rendimento dispon\u00edvel aumenta, os consumidores est\u00e3o mais dispostos a gastar em bolos premium e produtos de alta qualidade.<\/li>\n\n\n\n<li>Technological advancements. The cake industry is leveraging advanced equipment, software, and <a href=\"https:\/\/www.sisinternational.com\/pt\/pericia\/industrias\/consultoria-em-estrategia-de-pesquisa-de-mercado-de-identidade-digital\/\" title=\"Pesquisa de mercado de identidade digital e consultoria estrat\u00e9gica\"  data-wpil-monitor-id=\"9729\">digital marketing strategies<\/a> to improve the quality of cakes and reach a wider audience.<\/li>\n\n\n\n<li>Mude para as vendas online. H\u00e1 uma tend\u00eancia crescente para a venda online de bolos, uma vez que os consumidores procuram cada vez mais a comodidade de fazer compras a partir de casa e receber as suas encomendas atrav\u00e9s de servi\u00e7os de entrega.<\/li>\n\n\n\n<li><a href=\"https:\/\/www.sisinternational.com\/pt\/solucoes\/solucoes-de-branding-e-pesquisa-de-clientes\/o-que-e-marketing-de-influenciador\/\" title=\"O que \u00e9 marketing de influ\u00eancia? Marketing de m\u00eddia social?\"  data-wpil-monitor-id=\"9731\">Influence of social media<\/a>. Social media channels are playing an increasingly important role in shaping consumer preferences and driving demand for cakes through the sharing of cake-related content, reviews, and recommendations.<\/li>\n\n\n\n<li>Aumento da concorr\u00eancia. A ind\u00fastria de bolos est\u00e1 se tornando altamente competitiva, com novas empresas entrando no mercado e empresas j\u00e1 estabelecidas buscando se diferenciar por meio de produtos inovadores, estrat\u00e9gias de marketing e experi\u00eancias do cliente.<\/li>\n<\/ul>\n\n\n\n<h2 class=\"wp-block-heading\">Metodologias<\/h2>\n\n\n\n<p>H\u00e1 uma variedade de metodologias de pesquisa que podem ser utilizadas na realiza\u00e7\u00e3o de pesquisas de mercado sobre bolos. M\u00e9todos quantitativos e qualitativos est\u00e3o inclu\u00eddos nesses procedimentos de pesquisa.<\/p>\n\n\n\n<h3 class=\"wp-block-heading\">Aqui est\u00e3o cinco metodologias de pesquisa relevantes para a ind\u00fastria de bolos, juntamente com exemplos:<\/h3>\n\n\n\n<ol class=\"wp-block-list\">\n<li>Using questionnaires to capture data and strategies in cake market research from a sample of individuals, surveys are a <a href=\"https:\/\/www.sisinternational.com\/pt\/quantitative-market-research-methods-and-techniques\/\" title=\"Quantitative Market Research Methods and Techniques\"  data-wpil-monitor-id=\"9724\">quantitative research method<\/a>. In the cake industry, surveys can be used to collect data on consumer preferences, purchasing patterns, and product satisfaction. For instance, a survey can be conducted to determine which variety of cake is the most well-liked among consumers in a particular region.<\/li>\n\n\n\n<li>Data analysis is a quantitative <a href=\"https:\/\/www.sisinternational.com\/pt\/b2b-market-research-strategies-and-techniques\/\" title=\"B2B Market Research Strategies and Techniques\"  data-wpil-monitor-id=\"9727\">research strategy that employs statistical techniques<\/a> to analyze numerical data. In the cake industry, data analysis can be used to comprehend sales trends, consumer behavior, and other crucial market metrics. For instance, data analysis can be used to determine the most popular cake flavors among consumers in a particular region.<\/li>\n\n\n\n<li>Interviews are a <a href=\"https:\/\/www.sisinternational.com\/pt\/sampling-techniques-in-qualitative-research-the-complete-guide-to-choosing-the-right-method\/\" title=\"Sampling Techniques in Qualitative Research: The Complete Guide to Choosing the Right Method\"  data-wpil-monitor-id=\"9725\">qualitative research method<\/a> involving one-on-one conversations between a researcher and a participant. In the cake industry, interviews can be used to gain a deeper knowledge of consumer behavior, purchasing preferences, and opinions regarding various cake products. For instance, professional cake decorators can be interviewed to gain insight into their perspectives on the latest cake industry trends.<\/li>\n\n\n\n<li>Another qualitative research method that can be used is utilizing focus groups, where a group of people is gathered to discuss their opinions, attitudes, and experiences regarding a specific cake product. <a href=\"https:\/\/www.sisinternational.com\/pt\/focus-groups-that-deliver-real-voices-real-insight-real-advantage\/\" title=\"Focus Groups That Deliver Real Voices, Real Insight, Real Advantage\"  data-wpil-monitor-id=\"9736\">Grupos de foco<\/a> can be utilized in the cake industry to gain insight into consumer preferences, flavors, and opinions regarding specific cake products. For instance, a focus group can be used to determine why gluten-free pastries are becoming increasingly popular among consumers.<\/li>\n\n\n\n<li>As observa\u00e7\u00f5es s\u00e3o um m\u00e9todo de pesquisa qualitativa que envolve a observa\u00e7\u00e3o e registro do comportamento em seu ambiente natural. As observa\u00e7\u00f5es podem ser usadas na ind\u00fastria de bolos para compreender o comportamento e as prefer\u00eancias do consumidor em uma padaria ou confeitaria. As observa\u00e7\u00f5es podem ser usadas, por exemplo, para determinar como os clientes interagem com v\u00e1rios produtos de bolo em uma padaria ou confeitaria.<\/li>\n<\/ol>\n\n\n\n<p>Ao combinar esses m\u00e9todos, os principais players e l\u00edderes do setor de bolos podem obter dados e estrat\u00e9gias em pesquisas de mercado de bolos que podem fornecer insights valiosos sobre o comportamento do consumidor, prefer\u00eancias e din\u00e2mica do mercado.<\/p>\n\n\n\n<h2 class=\"wp-block-heading\">Sobre pesquisa de mercado de bolos<\/h2>\n\n\n\n<figure class=\"gb-block-image gb-block-image-fe41981b\"><img loading=\"lazy\" decoding=\"async\" width=\"1456\" height=\"816\" class=\"gb-image gb-image-fe41981b\" src=\"https:\/\/www.sisinternational.com\/wp-content\/uploads\/2025\/08\/Cake-3.jpg\" alt=\"Pesquisa e Estrat\u00e9gia de Mercado Internacional da SIS\" title=\"Cake (3)\" srcset=\"https:\/\/www.sisinternational.com\/wp-content\/uploads\/2025\/08\/Cake-3.jpg 1456w, https:\/\/www.sisinternational.com\/wp-content\/uploads\/2025\/08\/Cake-3-300x168.jpg 300w, https:\/\/www.sisinternational.com\/wp-content\/uploads\/2025\/08\/Cake-3-1024x574.jpg 1024w, https:\/\/www.sisinternational.com\/wp-content\/uploads\/2025\/08\/Cake-3-768x430.jpg 768w, https:\/\/www.sisinternational.com\/wp-content\/uploads\/2025\/08\/Cake-3-18x10.jpg 18w\" sizes=\"auto, (max-width: 1456px) 100vw, 1456px\"><\/figure>\n\n\n\n<p><\/p>\n\n\n\n<p>Cake market research can benefit various stakeholders in the cake industry, including cake manufacturers, cake suppliers, cake retailers, and consumers. <a href=\"https:\/\/www.sisinternational.com\/pt\/pericia\/industrias\/pesquisa-de-mercado-de-fabricacao-de-bebidas-alimenticias\/\" title=\"Pesquisa de mercado de fabrica\u00e7\u00e3o de alimentos e bebidas\"  data-wpil-monitor-id=\"9726\">Market research provides insights so manufacturers<\/a> and suppliers can gain better understanding into consumer preferences, trends, and behaviors to develop new products that meet the evolving needs of the market. Retailers can use <a href=\"https:\/\/www.sisinternational.com\/pt\/descontos-em-varejistas-superluxuosos\/\" title=\"Descontos em varejistas de luxo\"  data-wpil-monitor-id=\"2104\">market research to improve their marketing strategies<\/a> and product offerings to attract and retain customers. For consumers, market research can help to ensure that they have access to high-quality and affordable cake products that meet their preferences and needs.<\/p>\n\n\n\n<p>Ultimately, the benefits of cake <a href=\"https:\/\/www.sisinternational.com\/pt\/non-profit-market-research\/\" title=\"Pesquisa de mercado sem fins lucrativos\"  data-wpil-monitor-id=\"1011\">market research include increased profitability<\/a>, improved customer satisfaction, and a better understanding of the market dynamics, which can help to inform decision-making and drive growth in the cake industry.<\/p>","protected":false},"excerpt":{"rendered":"<p>Com a crescente demanda por bolos acess\u00edveis e de alta qualidade, o mercado de bolos est\u00e1 preparado para mais crescimento e desenvolvimento nos pr\u00f3ximos anos.<\/p>","protected":false},"author":1,"featured_media":63933,"parent":22018,"menu_order":274,"comment_status":"closed","ping_status":"closed","template":"","meta":{"footnotes":""},"class_list":["post-42586","page","type-page","status-publish","has-post-thumbnail"],"_links":{"self":[{"href":"https:\/\/www.sisinternational.com\/pt\/wp-json\/wp\/v2\/pages\/42586","targetHints":{"allow":["GET"]}}],"collection":[{"href":"https:\/\/www.sisinternational.com\/pt\/wp-json\/wp\/v2\/pages"}],"about":[{"href":"https:\/\/www.sisinternational.com\/pt\/wp-json\/wp\/v2\/types\/page"}],"author":[{"embeddable":true,"href":"https:\/\/www.sisinternational.com\/pt\/wp-json\/wp\/v2\/users\/1"}],"replies":[{"embeddable":true,"href":"https:\/\/www.sisinternational.com\/pt\/wp-json\/wp\/v2\/comments?post=42586"}],"version-history":[{"count":6,"href":"https:\/\/www.sisinternational.com\/pt\/wp-json\/wp\/v2\/pages\/42586\/revisions"}],"predecessor-version":[{"id":81620,"href":"https:\/\/www.sisinternational.com\/pt\/wp-json\/wp\/v2\/pages\/42586\/revisions\/81620"}],"up":[{"embeddable":true,"href":"https:\/\/www.sisinternational.com\/pt\/wp-json\/wp\/v2\/pages\/22018"}],"wp:featuredmedia":[{"embeddable":true,"href":"https:\/\/www.sisinternational.com\/pt\/wp-json\/wp\/v2\/media\/63933"}],"wp:attachment":[{"href":"https:\/\/www.sisinternational.com\/pt\/wp-json\/wp\/v2\/media?parent=42586"}],"curies":[{"name":"wp","href":"https:\/\/api.w.org\/{rel}","templated":true}]}}