{"id":42582,"date":"2023-04-29T19:07:03","date_gmt":"2023-04-29T23:07:03","guid":{"rendered":"https:\/\/www.sisinternational.com\/?page_id=42582"},"modified":"2026-03-12T20:01:04","modified_gmt":"2026-03-13T00:01:04","slug":"pesquisa-de-mercado-de-medicao-de-marca","status":"publish","type":"page","link":"https:\/\/www.sisinternational.com\/pt\/solucoes\/solucoes-de-branding-e-pesquisa-de-clientes\/pesquisa-de-mercado-de-medicao-de-marca\/","title":{"rendered":"Pesquisa de mercado de medi\u00e7\u00e3o de marca"},"content":{"rendered":"<h1 class=\"wp-block-heading\">Pesquisa de mercado de medi\u00e7\u00e3o de marca<\/h1>\n\n\n\n<figure class=\"gb-block-image gb-block-image-81ad583d\"><img loading=\"lazy\" decoding=\"async\" width=\"1456\" height=\"816\" class=\"gb-image gb-image-81ad583d\" src=\"https:\/\/www.sisinternational.com\/wp-content\/uploads\/2025\/09\/Branding-2.jpg\" alt=\"Pesquisa e Estrat\u00e9gia de Mercado Internacional da SIS\" title=\"Branding (2)\" srcset=\"https:\/\/www.sisinternational.com\/wp-content\/uploads\/2025\/09\/Branding-2.jpg 1456w, https:\/\/www.sisinternational.com\/wp-content\/uploads\/2025\/09\/Branding-2-300x168.jpg 300w, https:\/\/www.sisinternational.com\/wp-content\/uploads\/2025\/09\/Branding-2-1024x574.jpg 1024w, https:\/\/www.sisinternational.com\/wp-content\/uploads\/2025\/09\/Branding-2-768x430.jpg 768w, https:\/\/www.sisinternational.com\/wp-content\/uploads\/2025\/09\/Branding-2-18x10.jpg 18w\" sizes=\"auto, (max-width: 1456px) 100vw, 1456px\"><\/figure>\n\n\n\n<p><\/p>\n\n\n\n<p>In today&#8217;s fiercely competitive business world, comprehending and enhancing brand performance is essential. Brand measurement market research assesses branding effectiveness and identifies improvement opportunities.<\/p>\n\n\n\n<p>That\u2019s why brand measurement market research is key to making data-driven decisions and empowering organizations to enhance brand perception and foster customer loyalty, which drives business growth.<\/p>\n\n\n\n<h2 class=\"wp-block-heading\">Import\u00e2ncia da pesquisa de mercado de medi\u00e7\u00e3o de marca no mercado competitivo atual<\/h2>\n\n\n\n<p>In a crowded marketplace where multiple brands compete for consumers&#8217; attention, measuring brand awareness and visibility is critical. By conducting <a href=\"https:\/\/www.sisinternational.com\/pt\/garantindo-que-os-clientes-se-lembrem-de-sua-mensagem\/\" title=\"Pesquisa de mercado de ativa\u00e7\u00e3o de marca\"  data-wpil-monitor-id=\"2280\">pesquisa de mercado de medi\u00e7\u00e3o de marca<\/a>, businesses can identify gaps in awareness. This helps them develop targeted marketing campaigns and outreach strategies that increase visibility and attract potential customers.<\/p>\n\n\n\n<p>Additionally, people&#8217;s prior experiences with certain brands may strongly shape how they make future purchasing choices. <a href=\"https:\/\/www.sisinternational.com\/pt\/solucoes\/solucoes-de-branding-e-pesquisa-de-clientes\/pesquisa-de-mercado-de-diferenciacao-de-marca\/\" title=\"Pesquisa de mercado de diferencia\u00e7\u00e3o de marca\"  data-wpil-monitor-id=\"2851\">Brand measurement market research<\/a> assists organizations in measuring consumer perceptions and associations towards their brand. Through this process, they are able to recognize both positive aspects and areas that require improvement, which will help refine the organization&#8217;s overall branding position.<\/p>\n\n\n\n<p>Atrav\u00e9s <a href=\"https:\/\/www.sisinternational.com\/pt\/pericia\/industrias\/pesquisa-de-mercado-para-marcas-envelhecidas\/\" title=\"Pesquisa de mercado para marcas envelhecidas\"  data-wpil-monitor-id=\"3706\">pesquisa de mercado de medi\u00e7\u00e3o de marca<\/a> businesses can evaluate their brand equity and analyze the monetary effects of their branding activities. This assists in making informed decisions regarding resource allocation and strategic planning.<\/p>\n\n\n\n<h2 class=\"wp-block-heading\">Compreendendo a pesquisa de mercado de medi\u00e7\u00e3o de marca<\/h2>\n\n\n\n<p><a href=\"https:\/\/www.sisinternational.com\/pt\/pericia\/industrias\/pesquisa-de-mercado-da-marca\/\" title=\"Pesquisa de mercado da marca\"  data-wpil-monitor-id=\"6733\">Brand measurement market research<\/a> is the process of gathering information to enhance brand performance. By analyzing different components associated with branding, such as awareness, perception, loyalty, and equity, businesses can obtain significant knowledge that improves their branding and increases business growth.<\/p>\n\n\n\n<h3 class=\"wp-block-heading\">Os elementos-chave para compreender completamente a pesquisa de mercado de medi\u00e7\u00e3o de marca incluem:<\/h3>\n\n\n\n<ul class=\"wp-block-list\">\n<li><strong>Conhecimento da marca:<\/strong> Brand measurement <a href=\"https:\/\/www.sisinternational.com\/pt\/solucoes\/pesquisa-de-mercado-de-ia-e-consultoria-estrategica\/pesquisa-de-mercado-de-reconhecimento-facial\/\" title=\"Pesquisa de mercado de reconhecimento facial\"  data-wpil-monitor-id=\"2023\">market research can measure the brand&#8217;s recognition<\/a> by consumers since it studies the impact of customer preference and purchase decision-making processes directly.<\/li>\n\n\n\n<li><strong>Fidelidade \u00e0 marca:<\/strong> <a href=\"https:\/\/www.sisinternational.com\/pt\/pesquisa-de-marca-sis-e-fidelizacao-de-clientes\/\" title=\"Pesquisa de mercado de marca e fideliza\u00e7\u00e3o de clientes\"  data-wpil-monitor-id=\"2492\">Brand measurement market research<\/a> evaluates the probability of customers remaining loyal to a particular brand despite having other options available. Analyzing <a href=\"https:\/\/www.sisinternational.com\/pt\/criando-uma-marca-global-para-a-china-2\/\" title=\"Construindo Marcas Chinesas\"  data-wpil-monitor-id=\"3663\">brand<\/a> loyalty enables businesses to identify the contributing factors of customer retention and create plans for building lasting connections.<\/li>\n\n\n\n<li><strong>Valor da marca:<\/strong> Ele descreve quanto valor existe em qualquer item de marca registrada quando visto de diferentes \u00e2ngulos. Ao realizar pesquisas de mercado de medi\u00e7\u00e3o de marca, as organiza\u00e7\u00f5es podem determinar o valor de sua marca para a tomada de decis\u00f5es sobre planejamento estrat\u00e9gico.<\/li>\n<\/ul>\n\n\n\n<h2 class=\"wp-block-heading\">Opportunities and Benefits of Brand Measurement Market Research<\/h2>\n\n\n\n<figure class=\"wp-block-image\"><img decoding=\"async\" src=\"https:\/\/www.sisinternational.com\/wp-content\/uploads\/2024\/09\/pexels-enginakyurt-1437318.jpg\" alt=\"Pesquisa e Estrat\u00e9gia de Mercado Internacional da SIS\" class=\"wp-image-53276\"><\/figure>\n\n\n\n<p><\/p>\n\n\n\n<p>To understand and optimize their brand performance effectively. Businesses should consider utilizing the benefits offered by <a href=\"https:\/\/www.sisinternational.com\/pt\/pericia\/industrias\/pesquisa-de-mercado-sobre-utilidades\/\" title=\"Pesquisa de mercado em servi\u00e7os p\u00fablicos\"  data-wpil-monitor-id=\"4019\">pesquisa de mercado de medi\u00e7\u00e3o de marca<\/a>. Some of the opportunities and benefits are as follows:<\/p>\n\n\n\n<ul class=\"wp-block-list\">\n<li><strong>Analise competitiva:<\/strong> Ao realizar pesquisas de mercado de medi\u00e7\u00e3o de marca, as empresas podem avaliar seu desempenho em compara\u00e7\u00e3o com seus concorrentes. Obter insights valiosos atrav\u00e9s deste processo ajuda a compreender o posicionamento de mercado e permite a identifica\u00e7\u00e3o de \u00e1reas que necessitam de melhorias ou que apresentam potenciais oportunidades de diferencia\u00e7\u00e3o.<\/li>\n\n\n\n<li><strong>Percep\u00e7\u00e3o do cliente e an\u00e1lise de sentimento:<\/strong> Developing successful branding strategies relies heavily on understanding customer perceptions of the company\u2019s products or services. Thus, conducting market research makes tailoring messaging and product offerings according to customer feedback easier and provides businesses with important insights into what customers want.<\/li>\n\n\n\n<li><span style=\"box-sizing: border-box; margin: 0px; padding: 0px;\"><strong>Acompanhe a sa\u00fade da marca:<\/strong> The general health of a business&#8217; brands, including its attributes like customer loyalty and satisfaction, along with its branding equity, can be monitored through regular measurement processes.<\/span><\/li>\n\n\n\n<li><strong>Identifique segmentos de clientes:<\/strong> By conducting brand measurement research, businesses can pinpoint their most significant customer segments and gain insight into their unique requirements and preferences. This information enables the creation of specific advertising methods and personalization of consumer engagement.<\/li>\n\n\n\n<li><strong>Otimize as ofertas de produtos:<\/strong> A an\u00e1lise de como os clientes percebem o produto\/servi\u00e7o de uma empresa permite que as empresas avaliem defici\u00eancias e aprimorem o que oferecem, resultando em clientes mais felizes e fi\u00e9is.<\/li>\n\n\n\n<li><strong>Apoiar a tomada de decis\u00e3o:<\/strong> Market research&#8217;s ability to obtain data-driven insights can help businesses make informed decisions about various aspects, including, but not limited to, product development, pricing strategies, or even marketing\/communication planning.<\/li>\n\n\n\n<li><strong>Medir o ROI:<\/strong> Para avaliar o retorno do investimento (ROI) das suas atividades de marketing e fazer os ajustes necess\u00e1rios, conforme necess\u00e1rio, as empresas precisam avaliar como os esfor\u00e7os de branding afetam o comportamento do consumidor e as vendas.<\/li>\n\n\n\n<li><strong>Fortalecer a fidelidade \u00e0 marca:<\/strong> Understanding the factors contributing to brand loyalty enables businesses to develop effective strategies for fostering customer loyalty.<\/li>\n<\/ul>\n\n\n\n<h2 class=\"wp-block-heading\">Desafios e Limita\u00e7\u00f5es<\/h2>\n\n\n\n<p>Embora a pesquisa de mercado de medi\u00e7\u00e3o de marca ofere\u00e7a in\u00fameros benef\u00edcios e oportunidades, ela tamb\u00e9m traz desafios e limita\u00e7\u00f5es que as empresas devem considerar:<\/p>\n\n\n\n<ul class=\"wp-block-list\">\n<li><strong>Subjetividade:<\/strong> A experi\u00eancia e os valores pessoais influenciam a forma como os indiv\u00edduos interpretam as marcas, levando \u00e0 subjetividade na percep\u00e7\u00e3o da marca. A subjetividade pode dificultar a obten\u00e7\u00e3o de medidas consistentes e confi\u00e1veis.<\/li>\n\n\n\n<li><strong>Custo e tempo intensivo:<\/strong> A pesquisa abrangente de medi\u00e7\u00e3o de marca frequentemente exige recursos significativos, como investimentos financeiros e pessoal qualificado. A atribui\u00e7\u00e3o de financiamento e m\u00e3o-de-obra adequados necess\u00e1rios a tais esfor\u00e7os pode revelar-se dif\u00edcil, especialmente para as empresas mais pequenas.<\/li>\n\n\n\n<li><strong>Dificuldade em isolar vari\u00e1veis:<\/strong> As marcas operam frequentemente em ambientes din\u00e2micos com numerosos factores externos que podem influenciar as percep\u00e7\u00f5es dos consumidores, tais como condi\u00e7\u00f5es econ\u00f3micas ou actividades da concorr\u00eancia. Isolar o impacto de esfor\u00e7os espec\u00edficos de branding desses fatores externos pode ser um desafio.<\/li>\n\n\n\n<li><strong>Tend\u00eancias de mercado em r\u00e1pida mudan\u00e7a:<\/strong> Fast-paced changes in consumers&#8217; preferences and market trends can render previous branding metrics useless. Sustaining relevant perspectives could require persistent research endeavors.<\/li>\n\n\n\n<li><strong>Precis\u00e3o e confiabilidade dos dados:<\/strong> Erros de amostragem ou vieses de resposta podem impactar a precis\u00e3o e a confiabilidade da pesquisa de medi\u00e7\u00e3o de marca.<\/li>\n\n\n\n<li><strong>Dificuldade em medir os efeitos a longo prazo:<\/strong> As medi\u00e7\u00f5es da marca normalmente concentram-se no desempenho de curto prazo como indicador-chave. Medir os efeitos dos esfor\u00e7os de branding na fidelidade e defesa do cliente ao longo do tempo pode ser um desafio.<\/li>\n\n\n\n<li><strong>Preocupa\u00e7\u00f5es e regulamentos de privacidade:<\/strong> Brand measurement research that involves gathering consumer data should consider privacy concerns and adhere to relevant data protection regulations like GDPR. It is important to follow the given rules strictly to prevent any legal or financial issues.<\/li>\n\n\n\n<li><strong>Acionabilidade dos insights:<\/strong> Embora a realiza\u00e7\u00e3o de um estudo de medi\u00e7\u00e3o da marca possa proporcionar \u00e0s empresas aprendizagens importantes, estas podem encontrar desafios ao tentar implementar essas aprendizagens como planos acion\u00e1veis, o que pode levar \u00e0 utiliza\u00e7\u00e3o ineficaz de tais estudos.<\/li>\n<\/ul>\n\n\n\n<h2 class=\"wp-block-heading\">How SIS International\u2019s Brand Measurement Market Research Helps Businesses<\/h2>\n\n\n\n<figure class=\"wp-block-image\"><img decoding=\"async\" src=\"https:\/\/www.sisinternational.com\/wp-content\/uploads\/2024\/07\/Brand-awareness-market-research.jpg\" alt=\"Pesquisa e Estrat\u00e9gia de Mercado Internacional da SIS\" class=\"wp-image-52718\"><\/figure>\n\n\n\n<p><\/p>\n\n\n\n<p>No <a href=\"https:\/\/www.linkedin.com\/company\/sisinternationalresearch\/\" target=\"_blank\" rel=\"noopener\"><span style=\"font-weight: 400;\">SIS Internacional<\/span><\/a>, our brand measurement market research services are designed to empower businesses with the insights they need to build and sustain strong, competitive brands in the global marketplace. Here\u2019s how our brand measurement market research&nbsp;helps businesses achieve their goals:<\/p>\n\n\n\n<ul class=\"wp-block-list\">\n<li><strong>In-Depth Brand Analysis<\/strong>\n<ul class=\"wp-block-list\">\n<li><strong>We conduct<\/strong> thorough evaluations of your brand\u2019s current market position, identifying strengths, weaknesses, opportunities, and threats.<\/li>\n\n\n\n<li><strong>Nossa pesquisa de mercado<\/strong> utilizes both qualitative and quantitative data to provide a holistic view of your brand\u2019s performance.<\/li>\n\n\n\n<li><strong>Our team delivers<\/strong> detailed reports that highlight key metrics such as brand awareness, brand perception, and brand loyalty.<\/li>\n<\/ul>\n<\/li>\n\n\n\n<li><strong>Benchmarking competitivo<\/strong>\n<ul class=\"wp-block-list\">\n<li><strong>SIS does<\/strong> comparative analysis to measure your brand against industry competitors, identifying areas where you excel and where improvement is needed.<\/li>\n\n\n\n<li><strong>Nosso <\/strong><a href=\"https:\/\/www.sisinternational.com\/pt\/dia-mundial-do-autismo\/\" title=\"Estudos de pesquisa de mercado sobre autismo\" data-wpil-monitor-id=\"7441\">market research includes benchmarking studies<\/a> that track your brand\u2019s performance over time relative to key competitors.<\/li>\n\n\n\n<li><strong>We conduct<\/strong> assessments that reveal competitive advantages and potential threats, enabling strategic decision-making.<\/li>\n<\/ul>\n<\/li>\n\n\n\n<li><strong>Insights e segmenta\u00e7\u00e3o do cliente<\/strong>\n<ul class=\"wp-block-list\">\n<li><strong>Our team delivers<\/strong> comprehensive customer insights by analyzing demographic, psychographic, and behavioral data.<\/li>\n\n\n\n<li><strong>We conduct<\/strong> segmentation studies to identify distinct customer groups, allowing for targeted brand measurement market research.<\/li>\n\n\n\n<li><strong>Nossa pesquisa de mercado<\/strong> helps businesses understand the unique needs and preferences of different customer segments, enhancing personalized marketing efforts.<\/li>\n<\/ul>\n<\/li>\n\n\n\n<li><strong>Brand Equity Measurement<\/strong>\n<ul class=\"wp-block-list\">\n<li><strong>SIS does<\/strong> assess the value of your brand through metrics such as brand equity, which includes brand loyalty, brand associations, and perceived quality.<\/li>\n\n\n\n<li><strong>Nossa pesquisa de mercado<\/strong> employs advanced techniques to quantify the intangible assets of your brand, providing a clear picture of its market value.<\/li>\n\n\n\n<li><strong>We conduct<\/strong> longitudinal studies to track changes in brand equity over time, helping businesses measure the impact of their branding strategies.<\/li>\n<\/ul>\n<\/li>\n\n\n\n<li><strong>An\u00e1lise de tend\u00eancias de mercado<\/strong>\n<ul class=\"wp-block-list\">\n<li><strong>Nossa pesquisa de mercado<\/strong> monitors emerging trends and shifts in consumer behavior that influence brand performance.<\/li>\n\n\n\n<li><strong>We conduct<\/strong> trend analyses to anticipate future market conditions, allowing businesses to proactively adjust their brand strategies.<\/li>\n\n\n\n<li><strong>Our team delivers<\/strong> actionable insights on how to align your brand with current and future market trends, ensuring relevance and competitiveness.<\/li>\n<\/ul>\n<\/li>\n\n\n\n<li><strong>Brand Health Tracking<\/strong>\n<ul class=\"wp-block-list\">\n<li><strong>SIS does<\/strong> continuous monitoring of your brand\u2019s health through regular surveys and feedback mechanisms.<\/li>\n\n\n\n<li><strong>Nossa pesquisa de mercado<\/strong> provides real-time data on key performance indicators such as customer satisfaction, brand recall, and net promoter scores (NPS).<\/li>\n\n\n\n<li><strong>We conduct<\/strong> ongoing assessments to identify potential issues early, enabling timely interventions to maintain brand health.<\/li>\n<\/ul>\n<\/li>\n\n\n\n<li><strong>Recomenda\u00e7\u00f5es Estrat\u00e9gicas<\/strong>\n<ul class=\"wp-block-list\">\n<li><strong>Our team delivers<\/strong> expert recommendations based on brand measurement market research\u00a0findings, <a href=\"https:\/\/www.sisinternational.com\/pt\/brand-audit-in-new-york-the-complete-guide-to-strengthening-your-brand\/\" title=\"Brand Audit in New York: The Complete Guide to Strengthening Your Brand\" data-wpil-monitor-id=\"1379\">guiding strategic initiatives to strengthen your brand<\/a>.<\/li>\n\n\n\n<li><strong>We conduct<\/strong> workshops and strategy sessions to help businesses implement data-driven branding strategies effectively.<\/li>\n\n\n\n<li><strong>Nossa pesquisa de mercado<\/strong> supports the development of innovative branding campaigns that resonate with target audiences and drive business growth.<\/li>\n<\/ul>\n<\/li>\n\n\n\n<li><strong>Customized Reporting and Visualization<\/strong>\n<ul class=\"wp-block-list\">\n<li><strong>SIS does<\/strong> provide tailored reports that present brand measurement market research\u00a0data in a clear and actionable format.<\/li>\n\n\n\n<li><strong>Nossa pesquisa de mercado<\/strong> includes intuitive visualizations such as dashboards and infographics, making complex data easily understandable for stakeholders.<\/li>\n\n\n\n<li><strong>We conduct<\/strong> presentations and briefings to ensure that key insights are effectively communicated and integrated into your business strategies.<\/li>\n<\/ul>\n<\/li>\n<\/ul>\n\n\n\n<h2 class=\"wp-block-heading\"><strong>Sobre SIS Internacional<\/strong><\/h2>\n\n\n\n<p><a href=\"https:\/\/www.sisinternational.com\/pt\/\"><span style=\"font-weight: 400;\">SIS Internacional<\/span><\/a><span style=\"font-weight: 400;\"> oferece pesquisa quantitativa, qualitativa e estrat\u00e9gica. Fornecemos dados, ferramentas, estrat\u00e9gias, relat\u00f3rios e insights para a tomada de decis\u00f5es. Tamb\u00e9m realizamos entrevistas, pesquisas, grupos focais e outros m\u00e9todos e abordagens de Pesquisa de Mercado.<\/span><a href=\"https:\/\/www.sisinternational.com\/pt\/sobre-a-sis-international-research\/contact-sis-international-market-research\/\"><span style=\"font-weight: 400;\"> Entre em contato conosco<\/span><\/a><span style=\"font-weight: 400;\"> para o seu pr\u00f3ximo projeto de pesquisa de mercado.<\/span><\/p>","protected":false},"excerpt":{"rendered":"<p>A pesquisa de mercado de medi\u00e7\u00e3o da marca \u00e9 fundamental para melhorar a percep\u00e7\u00e3o da marca e promover a fidelidade do cliente para impulsionar o crescimento dos neg\u00f3cios.<\/p>","protected":false},"author":1,"featured_media":69131,"parent":14650,"menu_order":273,"comment_status":"closed","ping_status":"closed","template":"","meta":{"footnotes":""},"class_list":["post-42582","page","type-page","status-publish","has-post-thumbnail"],"_links":{"self":[{"href":"https:\/\/www.sisinternational.com\/pt\/wp-json\/wp\/v2\/pages\/42582","targetHints":{"allow":["GET"]}}],"collection":[{"href":"https:\/\/www.sisinternational.com\/pt\/wp-json\/wp\/v2\/pages"}],"about":[{"href":"https:\/\/www.sisinternational.com\/pt\/wp-json\/wp\/v2\/types\/page"}],"author":[{"embeddable":true,"href":"https:\/\/www.sisinternational.com\/pt\/wp-json\/wp\/v2\/users\/1"}],"replies":[{"embeddable":true,"href":"https:\/\/www.sisinternational.com\/pt\/wp-json\/wp\/v2\/comments?post=42582"}],"version-history":[{"count":14,"href":"https:\/\/www.sisinternational.com\/pt\/wp-json\/wp\/v2\/pages\/42582\/revisions"}],"predecessor-version":[{"id":81072,"href":"https:\/\/www.sisinternational.com\/pt\/wp-json\/wp\/v2\/pages\/42582\/revisions\/81072"}],"up":[{"embeddable":true,"href":"https:\/\/www.sisinternational.com\/pt\/wp-json\/wp\/v2\/pages\/14650"}],"wp:featuredmedia":[{"embeddable":true,"href":"https:\/\/www.sisinternational.com\/pt\/wp-json\/wp\/v2\/media\/69131"}],"wp:attachment":[{"href":"https:\/\/www.sisinternational.com\/pt\/wp-json\/wp\/v2\/media?parent=42582"}],"curies":[{"name":"wp","href":"https:\/\/api.w.org\/{rel}","templated":true}]}}