{"id":42580,"date":"2023-04-29T18:50:22","date_gmt":"2023-04-29T22:50:22","guid":{"rendered":"https:\/\/www.sisinternational.com\/?page_id=42580"},"modified":"2026-03-12T20:00:44","modified_gmt":"2026-03-13T00:00:44","slug":"pesquisa-de-mercado-de-extensao-de-marca","status":"publish","type":"page","link":"https:\/\/www.sisinternational.com\/pt\/solucoes\/solucoes-de-branding-e-pesquisa-de-clientes\/pesquisa-de-mercado-de-extensao-de-marca\/","title":{"rendered":"Pesquisa de mercado de extens\u00e3o de marca"},"content":{"rendered":"<h1 class=\"wp-block-heading\">Pesquisa de mercado de extens\u00e3o de marca<\/h1>\n\n\n\n<figure class=\"gb-block-image gb-block-image-a6290739\"><img loading=\"lazy\" decoding=\"async\" width=\"1456\" height=\"816\" class=\"gb-image gb-image-a6290739\" src=\"https:\/\/www.sisinternational.com\/wp-content\/uploads\/2025\/09\/Branding-4.jpg\" alt=\"Pesquisa e Estrat\u00e9gia de Mercado Internacional da SIS\" title=\"Branding (4)\" srcset=\"https:\/\/www.sisinternational.com\/wp-content\/uploads\/2025\/09\/Branding-4.jpg 1456w, https:\/\/www.sisinternational.com\/wp-content\/uploads\/2025\/09\/Branding-4-300x168.jpg 300w, https:\/\/www.sisinternational.com\/wp-content\/uploads\/2025\/09\/Branding-4-1024x574.jpg 1024w, https:\/\/www.sisinternational.com\/wp-content\/uploads\/2025\/09\/Branding-4-768x430.jpg 768w, https:\/\/www.sisinternational.com\/wp-content\/uploads\/2025\/09\/Branding-4-18x10.jpg 18w\" sizes=\"auto, (max-width: 1456px) 100vw, 1456px\"><\/figure>\n\n\n\n<p><\/p>\n\n\n\n<p>Num mundo corporativo altamente competitivo, as empresas procuram incansavelmente formas inovadoras de promover os seus produtos e, ao mesmo tempo, tirar partido da sua reputa\u00e7\u00e3o existente. Ao realizar pesquisas abrangentes de mercado de extens\u00e3o de marca, as empresas podem obter informa\u00e7\u00f5es valiosas sobre os poss\u00edveis benef\u00edcios ou desvantagens associados \u00e0 expans\u00e3o de suas marcas para outras regi\u00f5es.<\/p>\n\n\n\n<h2 class=\"wp-block-heading\">Import\u00e2ncia da pesquisa de mercado de extens\u00e3o de marca no crescimento e diversifica\u00e7\u00e3o dos neg\u00f3cios<\/h2>\n\n\n\n<p>Para alcan\u00e7ar o crescimento dos neg\u00f3cios, a realiza\u00e7\u00e3o de pesquisas completas de mercado de extens\u00e3o de marca \u00e9 fundamental porque permite que as empresas tomem decis\u00f5es informadas sobre a expans\u00e3o de sua marca para novas categorias de produtos ou mercados.<\/p>\n\n\n\n<p>It helps them detect fresh possibilities within markets as well as shortcomings within their existing products. <a href=\"https:\/\/www.sisinternational.com\/pt\/garantindo-que-os-clientes-se-lembrem-de-sua-mensagem\/\" title=\"Pesquisa de mercado de ativa\u00e7\u00e3o de marca\"  data-wpil-monitor-id=\"2284\">Pesquisa de mercado de extens\u00e3o de marca<\/a> also assists companies to determine potential risks and take informed actions to mitigate negative impacts when launching new products that may reduce their reputation.<\/p>\n\n\n\n<p>Al\u00e9m disso, para permanecerem relevantes no cen\u00e1rio din\u00e2mico do mercado, as empresas devem considerar alargar a sua marca a novas categorias ou mercados. Ao realizar pesquisas de mercado para obter insights sobre as expectativas e tend\u00eancias dos consumidores, as empresas podem criar novas ofertas que atendam a essas necessidades em constante mudan\u00e7a.<\/p>\n\n\n\n<p>Da mesma forma, expandir a atual linha de produtos atrav\u00e9s de extens\u00f5es de marca \u00e9 mais econ\u00f3mico do que criar uma marca inteiramente nova, porque as empresas j\u00e1 ter\u00e3o estabelecido algum n\u00edvel de familiaridade com os consumidores. O processo de an\u00e1lise de mercados ajuda as organiza\u00e7\u00f5es a descobrir op\u00e7\u00f5es lucrativas de marcas com alto potencial de crescimento a um custo menor.<\/p>\n\n\n\n<h2 class=\"wp-block-heading\">Oportunidades e benef\u00edcios<\/h2>\n\n\n\n<h3 class=\"wp-block-heading\">A pesquisa de mercado de extens\u00e3o de marca oferece amplas oportunidades para empresas que buscam aumentar e variar seu portf\u00f3lio de produtos. Algumas possibilidades e vantagens s\u00e3o as seguintes:<\/h3>\n\n\n\n<ul class=\"wp-block-list\">\n<li><strong>Inova\u00e7\u00e3o de produto:<\/strong> A pesquisa de mercado pode descobrir novos conceitos de produtos e oportunidades de inova\u00e7\u00e3o, reconhecendo necessidades n\u00e3o atendidas ou tend\u00eancias emergentes de consumo e mudan\u00e7as nas prefer\u00eancias.<\/li>\n\n\n\n<li><strong>Maior fideliza\u00e7\u00e3o do cliente:<\/strong> O fortalecimento dos la\u00e7os com os clientes atuais \u00e9 poss\u00edvel para as empresas atrav\u00e9s da expans\u00e3o para novas categorias de produtos ou mercados que correspondam \u00e0s prefer\u00eancias e expectativas dos consumidores.<\/li>\n\n\n\n<li><strong>Crescimento da receita:<\/strong> Ao alargar as suas marcas a mercados inexplorados ou atrair novos grupos de clientes, as empresas podem gerar fluxos de rendimento adicionais. Para atingir o potencial m\u00e1ximo de receita, as empresas devem identificar as melhores extens\u00f5es de marca atrav\u00e9s da realiza\u00e7\u00e3o de pesquisas completas de mercado de extens\u00f5es de marca.<\/li>\n\n\n\n<li><strong>Economias de escala:<\/strong> As empresas podem obter economias de escala na distribui\u00e7\u00e3o de marketing e no desenvolvimento de produtos ao lan\u00e7ar uma extens\u00e3o de marca, utilizando a reputa\u00e7\u00e3o e a infraestrutura da marca estabelecidas.<\/li>\n\n\n\n<li><strong>Mitiga\u00e7\u00e3o de riscos:<\/strong> To minimize risk while maximizing chances of success in extending their brands, businesses use <a href=\"https:\/\/www.sisinternational.com\/pt\/solucoes\/solucoes-de-branding-e-pesquisa-de-clientes\/pesquisa-de-mercado-de-diferenciacao-de-marca\/\" title=\"Pesquisa de mercado de diferencia\u00e7\u00e3o de marca\"  data-wpil-monitor-id=\"2855\">pesquisa de mercado de extens\u00e3o de marca<\/a> for evaluating potential risks and rewards. Brand equity assessment may involve evaluating the effect of brand extension while recognizing possible hurdles and difficulties in the market.<\/li>\n\n\n\n<li><strong>Diferencia\u00e7\u00e3o de mercado:<\/strong> By conducting <a href=\"https:\/\/www.sisinternational.com\/pt\/pericia\/industrias\/pesquisa-de-mercado-para-marcas-envelhecidas\/\" title=\"Pesquisa de mercado para marcas envelhecidas\"  data-wpil-monitor-id=\"3710\">pesquisa de mercado de extens\u00e3o de marca<\/a>, businesses can pinpoint unique selling propositions for their brand extension and gain a competitive edge over competitors.<\/li>\n\n\n\n<li><strong>Melhor tomada de decis\u00e3o:<\/strong> Data-driven insights obtained through <a href=\"https:\/\/www.sisinternational.com\/pt\/pericia\/industrias\/pesquisa-de-mercado-da-marca\/\" title=\"Pesquisa de mercado da marca\"  data-wpil-monitor-id=\"6736\">pesquisa de mercado de extens\u00e3o de marca<\/a> can assist businesses in making informed strategic decisions throughout the entire brand extension process. A higher rate of success in expanding brands is achievable through utilizing this evidenced-based methodology, which guides business owners into making better-informed choices.<\/li>\n<\/ul>\n\n\n\n<h2 class=\"wp-block-heading\">Limita\u00e7\u00f5es e Desafios<\/h2>\n\n\n\n<p>Apesar dos seus in\u00fameros benef\u00edcios e oportunidades, a pesquisa de mercado tamb\u00e9m apresenta limita\u00e7\u00f5es e desafios que as empresas devem considerar ao embarcar neste caminho estrat\u00e9gico. Algumas das limita\u00e7\u00f5es e desafios mais not\u00e1veis incluem:<\/p>\n\n\n\n<ul class=\"wp-block-list\">\n<li><strong>Qualidade e confiabilidade dos dados:<\/strong> Resultados precisos para estudos de expans\u00e3o de marca dependem da obten\u00e7\u00e3o de informa\u00e7\u00f5es confi\u00e1veis e de qualidade superior.<\/li>\n\n\n\n<li><strong>Condi\u00e7\u00f5es din\u00e2micas de mercado:<\/strong> Antecipar os resultados de uma extens\u00e3o de marca \u00e9 dif\u00edcil porque as prefer\u00eancias dos consumidores e as tend\u00eancias do setor mudam rapidamente junto com os cen\u00e1rios competitivos.<\/li>\n\n\n\n<li><strong>Diferen\u00e7as culturais e regionais:<\/strong> Para realizar pesquisas de mercado de extens\u00e3o de marca bem-sucedidas em v\u00e1rios pa\u00edses ou origens culturais, as empresas devem reconhecer as disparidades que existem entre os gostos, valores e h\u00e1bitos de compra dos consumidores. Estas diferen\u00e7as podem afectar a forma como os resultados da investiga\u00e7\u00e3o podem ser aplicados e generalizados.<\/li>\n\n\n\n<li><strong>Dificuldade em isolar efeitos de extens\u00e3o de marca:<\/strong> Isolar os efeitos de uma extens\u00e3o de marca de outros factores, como mudan\u00e7as nas condi\u00e7\u00f5es de mercado ou estrat\u00e9gias competitivas, pode ser um desafio em alguns casos.<\/li>\n\n\n\n<li><strong>Protegendo o valor da marca:<\/strong> A extens\u00e3o da marca apresenta um grande desafio na preserva\u00e7\u00e3o e melhoria do valor da marca. Para manter a consist\u00eancia entre todos os produtos e servi\u00e7os oferecidos sob uma determinada marca, as empresas devem garantir que quaisquer extens\u00f5es estejam alinhadas com os seus valores e imagem fundamentais.<\/li>\n\n\n\n<li><strong>Gerenciando as expectativas do consumidor:<\/strong> Para ampliar com sucesso uma marca, as empresas devem gerir as expectativas dos consumidores e garantir que a nova oferta se alinhe com as suas percep\u00e7\u00f5es da marca-m\u00e3e. A pesquisa de mercado pode fornecer informa\u00e7\u00f5es \u00fateis sobre as prefer\u00eancias dos clientes, mas manter a consist\u00eancia na marca requer uma gest\u00e3o cuidadosa das estrat\u00e9gias de marketing e comunica\u00e7\u00e3o de uma empresa.<\/li>\n<\/ul>\n\n\n\n<h2 class=\"wp-block-heading\">Tend\u00eancias Futuras em Pesquisa de Mercado de Extens\u00e3o de Marca<\/h2>\n\n\n\n<p>\u00c0 medida que as empresas continuam a adaptar-se e a evoluir num mercado cada vez mais competitivo e din\u00e2mico, a pesquisa de mercado tamb\u00e9m ter\u00e1 de se ajustar \u00e0s tend\u00eancias emergentes e aos avan\u00e7os tecnol\u00f3gicos. Algumas das tend\u00eancias futuras que provavelmente moldar\u00e3o a pesquisa de mercado de extens\u00e3o de marca incluem:<\/p>\n\n\n\n<ul class=\"wp-block-list\">\n<li>A integra\u00e7\u00e3o de tecnologias de IA e aprendizado de m\u00e1quina em estrat\u00e9gias de pesquisa de mercado de extens\u00e3o de marca pode revelar rela\u00e7\u00f5es ocultas nos dados. Um poss\u00edvel benef\u00edcio \u00e9 que poderia facilitar a previs\u00e3o de resultados, o que melhoraria a efic\u00e1cia global, melhorando tanto as decis\u00f5es tomadas como a velocidade.<\/li>\n\n\n\n<li>Satisfying the rising demand for personalized experiences among <a href=\"https:\/\/www.sisinternational.com\/pt\/pesquisa-de-marca-sis-e-fidelizacao-de-clientes\/\" title=\"Pesquisa de mercado de marca e fideliza\u00e7\u00e3o de clientes\"  data-wpil-monitor-id=\"2496\">customers because brand extension market research<\/a> concentrates on understanding small but specific customer segments&#8217; needs and preferences. By using this approach, businesses can develop more focused and suitable brand extensions for micro-segments.<\/li>\n\n\n\n<li>Considerar a diversidade cultural \u00e9 crucial ao realizar pesquisas de mercado \u00e0 medida que as empresas se aventuram em novos mercados internacionais. Este m\u00e9todo ajuda as empresas a produzir uma melhor consci\u00eancia cultural ao criar suas extens\u00f5es de marca.<\/li>\n\n\n\n<li>A combina\u00e7\u00e3o de insights da neuroci\u00eancia com a economia comportamental na pesquisa de mercado de extens\u00e3o de marca ajuda as empresas a ter uma compreens\u00e3o mais profunda de como os consumidores tomam decis\u00f5es. As extens\u00f5es de marca criadas aproveitando estas disciplinas provavelmente ter\u00e3o maior resson\u00e2ncia e efic\u00e1cia entre os consumidores.<\/li>\n\n\n\n<li>\u00c0 medida que os clientes d\u00e3o cada vez mais prioridade \u00e0 sustentabilidade e \u00e0 \u00e9tica nas suas decis\u00f5es de compra, as empresas precisam de desenvolver extens\u00f5es de marca que se alinhem com estes valores.<\/li>\n\n\n\n<li>Prev\u00ea-se que a pesquisa de mercado de extens\u00e3o de marca exija mais colabora\u00e7\u00e3o entre profissionais com conhecimentos variados, como os de psicologia ou sociologia. Esta t\u00e9cnica interdisciplinar ajuda as organiza\u00e7\u00f5es a obter um conhecimento mais amplo sobre os comportamentos e prefer\u00eancias dos clientes.<\/li>\n<\/ul>","protected":false},"excerpt":{"rendered":"<p>As empresas podem obter informa\u00e7\u00f5es valiosas sobre a expans\u00e3o para outras regi\u00f5es conduzindo pesquisas abrangentes de mercado de extens\u00e3o de marca.<\/p>","protected":false},"author":1,"featured_media":69133,"parent":14650,"menu_order":272,"comment_status":"closed","ping_status":"closed","template":"","meta":{"footnotes":""},"class_list":["post-42580","page","type-page","status-publish","has-post-thumbnail"],"_links":{"self":[{"href":"https:\/\/www.sisinternational.com\/pt\/wp-json\/wp\/v2\/pages\/42580","targetHints":{"allow":["GET"]}}],"collection":[{"href":"https:\/\/www.sisinternational.com\/pt\/wp-json\/wp\/v2\/pages"}],"about":[{"href":"https:\/\/www.sisinternational.com\/pt\/wp-json\/wp\/v2\/types\/page"}],"author":[{"embeddable":true,"href":"https:\/\/www.sisinternational.com\/pt\/wp-json\/wp\/v2\/users\/1"}],"replies":[{"embeddable":true,"href":"https:\/\/www.sisinternational.com\/pt\/wp-json\/wp\/v2\/comments?post=42580"}],"version-history":[{"count":8,"href":"https:\/\/www.sisinternational.com\/pt\/wp-json\/wp\/v2\/pages\/42580\/revisions"}],"predecessor-version":[{"id":80316,"href":"https:\/\/www.sisinternational.com\/pt\/wp-json\/wp\/v2\/pages\/42580\/revisions\/80316"}],"up":[{"embeddable":true,"href":"https:\/\/www.sisinternational.com\/pt\/wp-json\/wp\/v2\/pages\/14650"}],"wp:featuredmedia":[{"embeddable":true,"href":"https:\/\/www.sisinternational.com\/pt\/wp-json\/wp\/v2\/media\/69133"}],"wp:attachment":[{"href":"https:\/\/www.sisinternational.com\/pt\/wp-json\/wp\/v2\/media?parent=42580"}],"curies":[{"name":"wp","href":"https:\/\/api.w.org\/{rel}","templated":true}]}}