{"id":42576,"date":"2023-04-28T18:39:51","date_gmt":"2023-04-28T22:39:51","guid":{"rendered":"https:\/\/www.sisinternational.com\/?page_id=42576"},"modified":"2026-01-25T18:15:28","modified_gmt":"2026-01-25T23:15:28","slug":"pesquisa-de-mercado-de-biscoitos","status":"publish","type":"page","link":"https:\/\/www.sisinternational.com\/pt\/pericia\/pesquisa-de-mercado-de-biscoitos\/","title":{"rendered":"Pesquisa de mercado de biscoitos"},"content":{"rendered":"<h1 class=\"wp-block-heading\">Pesquisa de mercado de biscoitos<\/h1>\n\n\n\n<figure class=\"gb-block-image gb-block-image-88ed290d\"><img loading=\"lazy\" decoding=\"async\" width=\"1456\" height=\"816\" class=\"gb-image gb-image-88ed290d\" src=\"https:\/\/www.sisinternational.com\/wp-content\/uploads\/2025\/08\/Cookies-biscuit-8.jpg\" alt=\"Pesquisa e Estrat\u00e9gia de Mercado Internacional da SIS\" title=\"Cookies biscuit (8)\" srcset=\"https:\/\/www.sisinternational.com\/wp-content\/uploads\/2025\/08\/Cookies-biscuit-8.jpg 1456w, https:\/\/www.sisinternational.com\/wp-content\/uploads\/2025\/08\/Cookies-biscuit-8-300x168.jpg 300w, https:\/\/www.sisinternational.com\/wp-content\/uploads\/2025\/08\/Cookies-biscuit-8-1024x574.jpg 1024w, https:\/\/www.sisinternational.com\/wp-content\/uploads\/2025\/08\/Cookies-biscuit-8-768x430.jpg 768w, https:\/\/www.sisinternational.com\/wp-content\/uploads\/2025\/08\/Cookies-biscuit-8-18x10.jpg 18w\" sizes=\"auto, (max-width: 1456px) 100vw, 1456px\"><\/figure>\n\n\n\n<p><\/p>\n\n\n\n<p>A Pesquisa de Mercado de Biscoitos envolve o ac\u00famulo, an\u00e1lise e interpreta\u00e7\u00e3o sistem\u00e1tica de dados e estrat\u00e9gias em pesquisas de mercado de biscoitos, como tend\u00eancias de mercado, comportamento do consumidor, cen\u00e1rio competitivo e outros fatores pertinentes. Auxilia as empresas na compreens\u00e3o do estado atual e das previs\u00f5es futuras do mercado de biscoitos, bem como na identifica\u00e7\u00e3o de oportunidades e na redu\u00e7\u00e3o de riscos. Usando t\u00e9cnicas de pesquisa prim\u00e1ria e secund\u00e1ria, como pesquisas, entrevistas, grupos focais, an\u00e1lise de dados e relat\u00f3rios de mercado, \u00e9 poss\u00edvel realizar pesquisas de mercado sobre biscoitos.<\/p>\n\n\n\n<p>Biscuits market research provides insights into the industry and plays a crucial role in helping businesses gain a competitive advantage in the biscuit industry. By conducting comprehensive research, businesses can gain insights into key areas such as the size and <a href=\"https:\/\/www.sisinternational.com\/pt\/solucoes\/pesquisa-de-mercado-de-crescimento-corporativo-internacional\/\" title=\"Pesquisa de mercado sobre crescimento corporativo internacional\"  data-wpil-monitor-id=\"9852\">growth potential of the market<\/a>, consumer preferences, and the competitive landscape. With data and strategies in biscuits market research, businesses can develop effective ways to optimize their operations.<\/p>\n\n\n\n<h2 class=\"wp-block-heading\">Vis\u00e3o geral da ind\u00fastria de biscoitos<\/h2>\n\n\n\n<p>Um biscoito \u00e9 um p\u00e3o achatado assado, crocante ou macio e, muitas vezes, doce ou salgado, normalmente feito de farinha, a\u00e7\u00facar e manteiga ou \u00f3leo. Ele pode vir em v\u00e1rios formatos, tamanhos e sabores e pode conter outros ingredientes, como gotas de chocolate, nozes, passas ou especiarias. Os biscoitos s\u00e3o comumente consumidos como lanche ou com ch\u00e1\/caf\u00e9 e s\u00e3o um alimento popular em todo o mundo.<\/p>\n\n\n\n<h3 class=\"wp-block-heading\">Aqui est\u00e3o os v\u00e1rios tipos de biscoitos inclu\u00eddos na pesquisa de mercado:<\/h3>\n\n\n\n<ul class=\"wp-block-list\">\n<li>Biscoitos Doces s\u00e3o biscoitos doces normalmente consumidos com ch\u00e1 ou caf\u00e9.<\/li>\n\n\n\n<li>Biscoitos salgados t\u00eam um sabor saboroso e geralmente incluem ervas ou especiarias.<\/li>\n\n\n\n<li>Biscoitos s\u00e3o biscoitos secos, crocantes e frequentemente consumidos com queijo e outras coberturas.<\/li>\n\n\n\n<li>Cookies s\u00e3o biscoitos doces que apresentam textura macia ou em borracha.<\/li>\n\n\n\n<li>Wafers s\u00e3o biscoitos leves, de textura delicada, finos e crocantes.<\/li>\n\n\n\n<li>As barras de biscoito s\u00e3o formadas como barras, frequentemente aromatizadas com ingredientes adicionais, como chocolate ou am\u00eandoas.<\/li>\n\n\n\n<li>Sandu\u00edches de Biscoito s\u00e3o biscoitos com recheio, como creme ou gel\u00e9ia, imprensados entre eles.<\/li>\n\n\n\n<li>Os biscoitos saud\u00e1veis e especiais s\u00e3o feitos para atender a necessidades diet\u00e9ticas ou de sa\u00fade espec\u00edficas, como aqueles sem a\u00e7\u00facar, sem gl\u00faten ou org\u00e2nicos.<\/li>\n<\/ul>\n\n\n\n<p>Businesses must understand these various types of products&nbsp;in the biscuits market in order to create efficient <a href=\"https:\/\/www.sisinternational.com\/pt\/solucoes\/consultoria-estrategica\/consultoria-em-estrategia-de-pesquisa-de-mercado-de-responsabilidade-do-produto\/\" title=\"Pesquisa de mercado de responsabilidade do produto e consultoria estrat\u00e9gica\"  data-wpil-monitor-id=\"9851\">product strategies<\/a>, promotional initiatives, and distribution channels that will satisfy the unique requirements and tastes of their target clients.<\/p>\n\n\n\n<h2 class=\"wp-block-heading\">Metodologias<\/h2>\n\n\n\n<h3 class=\"wp-block-heading\">V\u00e1rios tipos de pesquisas de mercado podem ser realizadas para a ind\u00fastria de biscoitos. Eles consistem no seguinte:<\/h3>\n\n\n\n<figure class=\"gb-block-image gb-block-image-47f298a5\"><img loading=\"lazy\" decoding=\"async\" width=\"1456\" height=\"816\" class=\"gb-image gb-image-47f298a5\" src=\"https:\/\/www.sisinternational.com\/wp-content\/uploads\/2025\/08\/Cookies-biscuit-6.jpg\" alt=\"Pesquisa e Estrat\u00e9gia de Mercado Internacional da SIS\" title=\"Cookies biscuit (6)\" srcset=\"https:\/\/www.sisinternational.com\/wp-content\/uploads\/2025\/08\/Cookies-biscuit-6.jpg 1456w, https:\/\/www.sisinternational.com\/wp-content\/uploads\/2025\/08\/Cookies-biscuit-6-300x168.jpg 300w, https:\/\/www.sisinternational.com\/wp-content\/uploads\/2025\/08\/Cookies-biscuit-6-1024x574.jpg 1024w, https:\/\/www.sisinternational.com\/wp-content\/uploads\/2025\/08\/Cookies-biscuit-6-768x430.jpg 768w, https:\/\/www.sisinternational.com\/wp-content\/uploads\/2025\/08\/Cookies-biscuit-6-18x10.jpg 18w\" sizes=\"auto, (max-width: 1456px) 100vw, 1456px\"><\/figure>\n\n\n\n<p><\/p>\n\n\n\n<p><strong>An\u00e1lise quantitativa<\/strong><\/p>\n\n\n\n<p>In order to quantify market trends, customer preferences, and other pertinent elements, this form of research entails gathering and evaluating numerical data. Surveys, questionnaires, and data analysis are all examples of quantitative research techniques. Businesses are given <a href=\"https:\/\/www.sisinternational.com\/pt\/pericia\/industrias\/pesquisa-quantitativa-de-mercado-2\/\" title=\"Pesquisa Quantitativa de Mercado\"  data-wpil-monitor-id=\"9855\">quantitative insights into the market&#8217;s<\/a> size, consumer preferences, purchasing patterns, and other information that might assist them in making decisions.<\/p>\n\n\n\n<p><strong>An\u00e1lise qualitativa<\/strong><\/p>\n\n\n\n<p>This kind of study involves gathering and examining non-numerical data to learn more about the attitudes, actions, and motivations of consumers toward biscuits. The techniques used in qualitative <a href=\"https:\/\/www.sisinternational.com\/pt\/solucoes\/pesquisa-de-mercado-em-grupo-focal\/\" title=\"Pesquisa de mercado com grupo focal\"  data-wpil-monitor-id=\"9849\">research are focus groups<\/a>, interviews, and observation. Qualitative research offers detailed insights that can direct product development, marketing plans, and brand positioning and helps firms understand the &#8220;why&#8221; behind consumer actions.<\/p>\n\n\n\n<p><strong><a href=\"https:\/\/www.sisinternational.com\/pt\/solucoes\/pesquisa-de-consumo-internacional\/\" title=\"Pesquisa Internacional do Consumidor\"  data-wpil-monitor-id=\"9856\">Research on Consumer<\/a> Segmenta\u00e7\u00e3o<\/strong><\/p>\n\n\n\n<p>Based on variables including demographics, psychographics, behaviors, and preferences, this sort of <a href=\"https:\/\/www.sisinternational.com\/pt\/pericia\/industrias\/pesquisa-de-mercado-de-moteis\/\" title=\"Pesquisa de mercado de mot\u00e9is\"  data-wpil-monitor-id=\"3117\">research entails segmenting the market<\/a> into several consumer groups. By better comprehending the various market segments for biscuits, businesses can better target particular <a href=\"https:\/\/www.sisinternational.com\/pt\/pericia\/industrias\/voz-da-pesquisa-de-mercado-do-cliente-sobre-alimentos-e-bebidas\/\" title=\"Pesquisa de Mercado Voz do Cliente em Alimentos e Bebidas\"  data-wpil-monitor-id=\"9858\">customer segments with their marketing<\/a> initiatives, product lines, and messaging.<\/p>\n\n\n\n<p><strong>Pesquisa Competitiva<\/strong><\/p>\n\n\n\n<p>Neste tipo de pesquisa \u00e9 analisado o ambiente competitivo do setor de biscoitos, incluindo a identifica\u00e7\u00e3o dos principais rivais, sua participa\u00e7\u00e3o no mercado, pontos fracos e t\u00e1ticas. As empresas podem obter insights a partir de an\u00e1lises competitivas sobre posicionamento, ofertas de produtos, pre\u00e7os e estrat\u00e9gias de marketing de seus rivais. Os dados e estrat\u00e9gias da Pesquisa de Mercado de Biscoitos podem ajudar as empresas a avaliar seu desempenho, identificar \u00e1reas de desenvolvimento e formular planos para obter vantagem competitiva.<\/p>\n\n\n\n<p><strong>An\u00e1lise de tend\u00eancias<\/strong><\/p>\n\n\n\n<p>Analysis of market trends, customer preferences, and business developments that could affect the biscuit market is part of this type of <a href=\"https:\/\/www.sisinternational.com\/pt\/cobertura\/pesquisa-de-mercado-asia\/pesquisa-de-mercado-em-timor\/\" title=\"Pesquisa de Mercado em Timor\"  data-wpil-monitor-id=\"4755\">pesquisar<\/a>. New flavors, packaging innovations, dietary preferences, and sustainability issues are just a few examples of developing trends that can influence product development, marketing tactics, and overall business strategies. Trend analysis enables organizations to remain ahead of these trends.<\/p>\n\n\n\n<p><strong>An\u00e1lise de Canais de Distribui\u00e7\u00e3o<\/strong><\/p>\n\n\n\n<p>Este tipo de pesquisa de mercado fornece insights sobre os canais de distribui\u00e7\u00e3o de varejo, com\u00e9rcio eletr\u00f4nico e food service empregados no setor de biscoitos. Ajuda as empresas a compreender as prefer\u00eancias dos consumidores para v\u00e1rios canais de distribui\u00e7\u00e3o, a quota de mercado desses canais e as tend\u00eancias dos padr\u00f5es de distribui\u00e7\u00e3o. Com a utiliza\u00e7\u00e3o da an\u00e1lise dos canais de distribui\u00e7\u00e3o, as organiza\u00e7\u00f5es podem atingir os seus p\u00fablicos-alvo de forma mais eficiente, melhorar a sua rede de distribui\u00e7\u00e3o e otimizar a sua estrat\u00e9gia de distribui\u00e7\u00e3o.<\/p>\n\n\n\n<p><strong>An\u00e1lise de pre\u00e7os<\/strong><\/p>\n\n\n\n<p>This kind of study examines biscuit industry pricing patterns and tactics, including profitability analysis, rival pricing, and customer price sensitivity. Pricing <a href=\"https:\/\/www.sisinternational.com\/pt\/pericia\/curriculos-de-experiencia\/pesquisa-de-marca\/\" title=\"Empresa de pesquisa de marca\"  data-wpil-monitor-id=\"9857\">research aids companies<\/a> in refining their pricing tactics, choosing the right price points for their goods, and ensuring profitability while maintaining market competitiveness.<\/p>\n\n\n\n<p><strong>Pesquisa de estrat\u00e9gia<\/strong><\/p>\n\n\n\n<p>A pesquisa estrat\u00e9gica \u00e9 uma abordagem sistem\u00e1tica para estudar e analisar as metas, objetivos, pontos fortes, fracos, oportunidades e amea\u00e7as de uma empresa para desenvolver estrat\u00e9gias de neg\u00f3cios eficazes. No contexto da pesquisa de mercado de biscoitos, a pesquisa estrat\u00e9gica pode ser usada para ajudar as empresas a identificar tend\u00eancias de mercado, avaliar a concorr\u00eancia e desenvolver estrat\u00e9gias para otimizar opera\u00e7\u00f5es, melhorar a oferta de produtos e aumentar a participa\u00e7\u00e3o no mercado.<\/p>\n\n\n\n<h2 class=\"wp-block-heading\">Sobre a pesquisa de mercado de biscoitos<\/h2>\n\n\n\n<figure class=\"gb-block-image gb-block-image-41e917d8\"><img loading=\"lazy\" decoding=\"async\" width=\"1456\" height=\"816\" class=\"gb-image gb-image-41e917d8\" src=\"https:\/\/www.sisinternational.com\/wp-content\/uploads\/2025\/08\/Cookies-biscuit-7.jpg\" alt=\"Pesquisa e Estrat\u00e9gia de Mercado Internacional da SIS\" title=\"Cookies biscuit (7)\" srcset=\"https:\/\/www.sisinternational.com\/wp-content\/uploads\/2025\/08\/Cookies-biscuit-7.jpg 1456w, https:\/\/www.sisinternational.com\/wp-content\/uploads\/2025\/08\/Cookies-biscuit-7-300x168.jpg 300w, https:\/\/www.sisinternational.com\/wp-content\/uploads\/2025\/08\/Cookies-biscuit-7-1024x574.jpg 1024w, https:\/\/www.sisinternational.com\/wp-content\/uploads\/2025\/08\/Cookies-biscuit-7-768x430.jpg 768w, https:\/\/www.sisinternational.com\/wp-content\/uploads\/2025\/08\/Cookies-biscuit-7-18x10.jpg 18w\" sizes=\"auto, (max-width: 1456px) 100vw, 1456px\"><\/figure>\n\n\n\n<p><\/p>\n\n\n\n<p>Um dos principais benef\u00edcios da pesquisa de mercado de biscoitos \u00e9 que ela fornece \u00e0s empresas uma compreens\u00e3o da evolu\u00e7\u00e3o das necessidades e prefer\u00eancias dos consumidores. Essas informa\u00e7\u00f5es podem ajudar as empresas a adaptar suas ofertas de produtos para atender \u00e0s mudan\u00e7as nas demandas e prefer\u00eancias dos consumidores, resultando em aumento de vendas e melhor satisfa\u00e7\u00e3o do consumidor.<\/p>\n\n\n\n<p>Al\u00e9m disso. A pesquisa de mercado fornece insights sobre informa\u00e7\u00f5es que podem ajudar as empresas a se manterem atualizadas com as tend\u00eancias de consumo. Dados e estrat\u00e9gias na Pesquisa de Mercado de Biscoitos tamb\u00e9m podem fornecer informa\u00e7\u00f5es valiosas sobre as estrat\u00e9gias de pre\u00e7os e distribui\u00e7\u00e3o dos concorrentes. Armadas com esse conhecimento, as empresas podem desenvolver estrat\u00e9gias de pre\u00e7os e canais de distribui\u00e7\u00e3o eficazes para obter uma vantagem competitiva no mercado.<\/p>\n\n\n\n<p>Moreover, biscuit market research is a powerful tool so that businesses can stay ahead of the curve, especially when it comes to product innovation. By understanding consumer preferences and identifying gaps in the market, businesses can develop new products that meet the changing needs of consumers, not just resulting in increased market share and revenue but also in <a href=\"https:\/\/www.sisinternational.com\/pt\/publicidade-de-choque-e-marketing-de-choque\/\" title=\"Publicidade de choque e marketing de choque\"  data-wpil-monitor-id=\"9847\">brand<\/a> recognition.<\/p>","protected":false},"excerpt":{"rendered":"<p>A pesquisa de mercado de biscoitos fornece insights e desempenha um papel crucial para ajudar as empresas a obter uma vantagem na ind\u00fastria de biscoitos.<\/p>","protected":false},"author":1,"featured_media":64608,"parent":14514,"menu_order":271,"comment_status":"closed","ping_status":"closed","template":"","meta":{"footnotes":""},"class_list":["post-42576","page","type-page","status-publish","has-post-thumbnail"],"_links":{"self":[{"href":"https:\/\/www.sisinternational.com\/pt\/wp-json\/wp\/v2\/pages\/42576","targetHints":{"allow":["GET"]}}],"collection":[{"href":"https:\/\/www.sisinternational.com\/pt\/wp-json\/wp\/v2\/pages"}],"about":[{"href":"https:\/\/www.sisinternational.com\/pt\/wp-json\/wp\/v2\/types\/page"}],"author":[{"embeddable":true,"href":"https:\/\/www.sisinternational.com\/pt\/wp-json\/wp\/v2\/users\/1"}],"replies":[{"embeddable":true,"href":"https:\/\/www.sisinternational.com\/pt\/wp-json\/wp\/v2\/comments?post=42576"}],"version-history":[{"count":6,"href":"https:\/\/www.sisinternational.com\/pt\/wp-json\/wp\/v2\/pages\/42576\/revisions"}],"predecessor-version":[{"id":81636,"href":"https:\/\/www.sisinternational.com\/pt\/wp-json\/wp\/v2\/pages\/42576\/revisions\/81636"}],"up":[{"embeddable":true,"href":"https:\/\/www.sisinternational.com\/pt\/wp-json\/wp\/v2\/pages\/14514"}],"wp:featuredmedia":[{"embeddable":true,"href":"https:\/\/www.sisinternational.com\/pt\/wp-json\/wp\/v2\/media\/64608"}],"wp:attachment":[{"href":"https:\/\/www.sisinternational.com\/pt\/wp-json\/wp\/v2\/media?parent=42576"}],"curies":[{"name":"wp","href":"https:\/\/api.w.org\/{rel}","templated":true}]}}