{"id":42572,"date":"2023-04-28T17:48:35","date_gmt":"2023-04-28T21:48:35","guid":{"rendered":"https:\/\/www.sisinternational.com\/?page_id=42572"},"modified":"2026-01-24T21:02:09","modified_gmt":"2026-01-25T02:02:09","slug":"pesquisa-de-mercado-de-biotecnologia","status":"publish","type":"page","link":"https:\/\/www.sisinternational.com\/pt\/pericia\/pesquisa-de-mercado-de-biotecnologia\/","title":{"rendered":"Pesquisa de mercado de biotecnologia"},"content":{"rendered":"<h1 class=\"wp-block-heading\">Pesquisa de mercado de biotecnologia<\/h1>\n\n\n\n<figure class=\"gb-block-image gb-block-image-e7020e19\"><img loading=\"lazy\" decoding=\"async\" width=\"1456\" height=\"816\" class=\"gb-image gb-image-e7020e19\" src=\"https:\/\/www.sisinternational.com\/wp-content\/uploads\/2025\/08\/Biofurl-2.jpg\" alt=\"Pesquisa e Estrat\u00e9gia de Mercado Internacional da SIS\" title=\"Biofurl (2)\" srcset=\"https:\/\/www.sisinternational.com\/wp-content\/uploads\/2025\/08\/Biofurl-2.jpg 1456w, https:\/\/www.sisinternational.com\/wp-content\/uploads\/2025\/08\/Biofurl-2-300x168.jpg 300w, https:\/\/www.sisinternational.com\/wp-content\/uploads\/2025\/08\/Biofurl-2-1024x574.jpg 1024w, https:\/\/www.sisinternational.com\/wp-content\/uploads\/2025\/08\/Biofurl-2-768x430.jpg 768w, https:\/\/www.sisinternational.com\/wp-content\/uploads\/2025\/08\/Biofurl-2-18x10.jpg 18w\" sizes=\"auto, (max-width: 1456px) 100vw, 1456px\"><\/figure>\n\n\n\n<p><\/p>\n\n\n\n<p>A biotecnologia \u00e9 um campo da ci\u00eancia que utiliza organismos vivos ou suas partes. A biotecnologia desenvolve ou altera produtos, processos ou tecnologias para aplica\u00e7\u00f5es espec\u00edficas. Abrange v\u00e1rias disciplinas, incluindo biologia, gen\u00e9tica, bioqu\u00edmica, microbiologia e engenharia. Tem aplica\u00e7\u00f5es em v\u00e1rios campos, como agricultura e medicina. A ci\u00eancia ambiental e a produ\u00e7\u00e3o industrial tamb\u00e9m utilizam a biotecnologia.<\/p>\n\n\n\n<p>Podemos categorizar a Biotecnologia em duas \u00e1reas principais: tradicional e moderna. A Biotecnologia Tradicional utiliza processos biol\u00f3gicos naturais, como a fermenta\u00e7\u00e3o. Os t\u00e9cnicos o utilizam para produzir alimentos, bebidas e outros produtos. Exemplos incluem a produ\u00e7\u00e3o de queijo, iogurte e cerveja.<\/p>\n\n\n\n<p>Modern Biotechnology involves the manipulation of living organisms at the molecular level. We use it to develop new products, processes, or technologies, including genetic engineering, where scientists change DNA. Or they may transfer it from one organism to another. The result is for it to produce desired traits or characteristics. Modern Biotechnology has led to <a href=\"https:\/\/www.sisinternational.com\/pt\/pericia\/industrias\/pesquisa-de-mercado-de-alimentos-e-bebidas-com-organismos-geneticamente-modificados\/\" title=\"Pesquisa de mercado de alimentos e bebidas de organismos geneticamente modificados\"  data-wpil-monitor-id=\"9422\">genetically modified organisms<\/a> (GMOs). It also ushered in gene editing technologies like CRISPR-Cas9. Finally, it has led to biopharmaceuticals such as insulin and vaccines.<\/p>\n\n\n\n<p>A biotecnologia tem muitas aplica\u00e7\u00f5es em v\u00e1rios campos. Na agricultura, os cientistas utilizam-no para desenvolver culturas geneticamente modificadas. Essas culturas s\u00e3o resistentes a pragas, doen\u00e7as e condi\u00e7\u00f5es ambientais. Assim, a biotecnologia leva ao aumento do rendimento das colheitas e \u00e0 redu\u00e7\u00e3o do uso de pesticidas.<\/p>\n\n\n\n<p>Outro uso da biotecnologia \u00e9 o desenvolvimento de novos medicamentos e terapias para doen\u00e7as na medicina. Por exemplo, existem terapias gen\u00e9ticas para doen\u00e7as gen\u00e9ticas e imunoterapias contra o c\u00e2ncer. Na ci\u00eancia ambiental, utilizamos a Biotecnologia para desenvolver biocombust\u00edveis e processos de biorremedia\u00e7\u00e3o. Tamb\u00e9m o utilizamos para solu\u00e7\u00f5es sustent\u00e1veis de gest\u00e3o de res\u00edduos. Na fabrica\u00e7\u00e3o industrial, outro uso da biotecnologia \u00e9 para a produ\u00e7\u00e3o de enzimas. Tamb\u00e9m o usamos para materiais de base biol\u00f3gica e biopl\u00e1sticos.<\/p>\n\n\n\n<h2 class=\"wp-block-heading\">Por que a biotecnologia \u00e9 importante?<\/h2>\n\n\n\n<p>A biotecnologia \u00e9 essencial por v\u00e1rios motivos. O primeiro \u00e9 para a melhoria da sa\u00fade humana. A biotecnologia revolucionou a medicina e a sa\u00fade. Pelo menos, permite o desenvolvimento de novos medicamentos, terapias e tecnologias m\u00e9dicas. A biotecnologia tamb\u00e9m desempenha um papel crucial no diagn\u00f3stico, na medicina personalizada e na medicina regenerativa. Al\u00e9m disso. oferece novas maneiras de diagnosticar, tratar e prevenir doen\u00e7as.<\/p>\n\n\n\n<p>A biotecnologia pode revolucionar muitos aspectos de nossas vidas. Ele levantou considera\u00e7\u00f5es \u00e9ticas, sociais e regulat\u00f3rias. Al\u00e9m disso, tem potencial para contribuir para a resolu\u00e7\u00e3o de desafios globais. Por exemplo, pode ajudar na seguran\u00e7a alimentar, na erradica\u00e7\u00e3o de doen\u00e7as e na sustentabilidade ambiental. Mas requer uma considera\u00e7\u00e3o cuidadosa das implica\u00e7\u00f5es de seguran\u00e7a, \u00e9ticas e sociais. Os cientistas podem desenvolver culturas geneticamente modificadas para resistir a pragas, doen\u00e7as e condi\u00e7\u00f5es ambientais. Melhora os rendimentos agr\u00edcolas e reduz a necessidade de pesticidas qu\u00edmicos. A biotecnologia tamb\u00e9m \u00e9 usada para desenvolver biocombust\u00edveis, biopl\u00e1sticos e outros materiais sustent\u00e1veis. Da mesma forma, oferece uma alternativa aos combust\u00edveis f\u00f3sseis e reduz os impactos ambientais.<\/p>\n\n\n\n<p>Biotechnology has applications in various industrial processes, including enzyme production, fermentation, and bio-processing. It can lead to more efficient and sustainable manufacturing practices. Many industries use enzymes produced through biotechnology. These <a href=\"https:\/\/www.sisinternational.com\/pt\/solucoes\/pesquisa-de-mercado-da-industria-de-bebidas-alimenticias\/\" title=\"Pesquisa de mercado do setor de alimentos e bebidas\"  data-wpil-monitor-id=\"9425\">industries include food and beverage<\/a>, detergents, textiles, and biofuels. They use enzymes to improve processes, reduce waste, and enhance product quality.<\/p>\n\n\n\n<p>A biotecnologia fornece ferramentas e t\u00e9cnicas essenciais para a pesquisa cient\u00edfica. Os cientistas agora t\u00eam acesso \u00e0 engenharia gen\u00e9tica aliada a tecnologias de edi\u00e7\u00e3o gen\u00e9tica como CRISPR-Cas9. Estas e outras ferramentas biotecnol\u00f3gicas permitem-lhes manipular e estudar genes. Eles tamb\u00e9m podem usar essas ferramentas para aprender sobre prote\u00ednas e outras mol\u00e9culas biol\u00f3gicas. As ferramentas levam a avan\u00e7os na compreens\u00e3o da biologia b\u00e1sica, da gen\u00e9tica e dos mecanismos das doen\u00e7as.<\/p>\n\n\n\n<p>A biotecnologia \u00e9 uma ind\u00fastria em expans\u00e3o que promove o crescimento econ\u00f3mico e a inova\u00e7\u00e3o. Na verdade, tem potencial para criar novos empregos e estimular o desenvolvimento econ\u00f3mico. Tamb\u00e9m pode impulsionar avan\u00e7os tecnol\u00f3gicos. Muitas empresas de biotecnologia est\u00e3o na vanguarda da inova\u00e7\u00e3o. Est\u00e3o desenvolvendo novos produtos, processos e tecnologias com aplica\u00e7\u00f5es comerciais e tamb\u00e9m com valor econ\u00f4mico.<\/p>\n\n\n\n<p>Outro ponto-chave sobre a biotecnologia \u00e9 que ela tem potencial para promover a agricultura sustent\u00e1vel. F\u00e1-lo-\u00e1 reduzindo a utiliza\u00e7\u00e3o de fertilizantes qu\u00edmicos e pesticidas. Tamb\u00e9m melhora o rendimento das colheitas e conserva os recursos naturais. A biotecnologia tamb\u00e9m desempenha um papel na conserva\u00e7\u00e3o ambiental atrav\u00e9s da biorremedia\u00e7\u00e3o. Este m\u00e9todo usa organismos vivos para limpar o solo, a \u00e1gua e os poluentes do ar. Este m\u00e9todo alternativo funciona atrav\u00e9s do desenvolvimento de materiais e processos de base biol\u00f3gica. Essas t\u00e9cnicas s\u00e3o mais ecol\u00f3gicas do que os m\u00e9todos tradicionais.<\/p>\n\n\n\n<h2 class=\"wp-block-heading\">Principais cargos<\/h2>\n\n\n\n<figure class=\"gb-block-image gb-block-image-111c67a4\"><img loading=\"lazy\" decoding=\"async\" width=\"1456\" height=\"816\" class=\"gb-image gb-image-111c67a4\" src=\"https:\/\/www.sisinternational.com\/wp-content\/uploads\/2025\/08\/Biofurl-3.jpg\" alt=\"Pesquisa e Estrat\u00e9gia de Mercado Internacional da SIS\" title=\"Biofurl (3)\" srcset=\"https:\/\/www.sisinternational.com\/wp-content\/uploads\/2025\/08\/Biofurl-3.jpg 1456w, https:\/\/www.sisinternational.com\/wp-content\/uploads\/2025\/08\/Biofurl-3-300x168.jpg 300w, https:\/\/www.sisinternational.com\/wp-content\/uploads\/2025\/08\/Biofurl-3-1024x574.jpg 1024w, https:\/\/www.sisinternational.com\/wp-content\/uploads\/2025\/08\/Biofurl-3-768x430.jpg 768w, https:\/\/www.sisinternational.com\/wp-content\/uploads\/2025\/08\/Biofurl-3-18x10.jpg 18w\" sizes=\"auto, (max-width: 1456px) 100vw, 1456px\"><\/figure>\n\n\n\n<p><\/p>\n\n\n\n<p>O campo da biotecnologia possui v\u00e1rios cargos. Esses t\u00edtulos abrangem uma ampla gama de fun\u00e7\u00f5es e responsabilidades. Alguns cargos essenciais em biotecnologia incluem:<\/p>\n\n\n\n<ul class=\"wp-block-list\">\n<li><strong>Cientista Biom\u00e9dico:<\/strong> Conducts <a href=\"https:\/\/www.sisinternational.com\/pt\/pericia\/curriculos-de-experiencia\/curriculo-de-experiencia-em-estudos-de-etnografia\/\" title=\"Experi\u00eancia em pesquisa de mercado em etnografia\"  data-wpil-monitor-id=\"9426\">research and experiments<\/a> on human health and medicine. Job includes developing and testing new drugs, therapies, and medical technologies.<\/li>\n\n\n\n<li><strong>Geneticista:<\/strong> Estuda genes e caracter\u00edsticas gen\u00e9ticas e conduz pesquisas gen\u00e9ticas. Pode fazer engenharia gen\u00e9tica e trabalhar com tecnologias de edi\u00e7\u00e3o gen\u00e9tica.<\/li>\n\n\n\n<li><strong>Biotecn\u00f3logo:<\/strong> Aplica princ\u00edpios e t\u00e9cnicas para desenvolver novos produtos, processos ou tecnologias. Trabalha na agricultura, medicina, ci\u00eancias ambientais ou manufatura industrial.<\/li>\n\n\n\n<li><strong>Bioqu\u00edmico:<\/strong> Estuda os processos qu\u00edmicos e subst\u00e2ncias que ocorrem nos organismos vivos. Pode fazer pesquisas relacionadas a enzimas, prote\u00ednas e outras mol\u00e9culas biol\u00f3gicas.<\/li>\n\n\n\n<li><strong>Microbiologista:<\/strong> Estuda microrganismos como bact\u00e9rias, v\u00edrus e fungos. Pode fazer pesquisas relacionadas \u00e0 fermenta\u00e7\u00e3o, biorremedia\u00e7\u00e3o e outros processos microbiol\u00f3gicos.<\/li>\n\n\n\n<li><strong>Pesquisa cient\u00edfica:<\/strong> Realiza pesquisas em uma \u00e1rea espec\u00edfica da biotecnologia. Por exemplo, eles podem fazer an\u00e1lises gen\u00e9ticas, desenvolvimento de medicamentos ou biotecnologia agr\u00edcola. Pode trabalhar na academia, no governo ou na ind\u00fastria.<\/li>\n\n\n\n<li><strong>Especialista em Bioinform\u00e1tica:<\/strong> Utiliza ferramentas e t\u00e9cnicas computacionais para analisar dados biol\u00f3gicos. Por exemplo, eles podem trabalhar com sequ\u00eancias de DNA e estruturas proteicas. Eles tamb\u00e9m podem analisar dados gen\u00e9ticos, descoberta de medicamentos e outras aplica\u00e7\u00f5es de bioinform\u00e1tica.<\/li>\n\n\n\n<li><strong>Engenheiro de Bioprocessos:<\/strong> Projeta e otimiza t\u00e9cnicas e equipamentos para biofarmac\u00eauticos. Um engenheiro de bioprocessos tamb\u00e9m trabalha com enzimas e outros produtos biotecnol\u00f3gicos.<\/li>\n\n\n\n<li><strong>Especialista em Assuntos Regulat\u00f3rios:<\/strong> Garante a conformidade com os requisitos regulat\u00f3rios. O especialista em assuntos regulat\u00f3rios conhece as diretrizes para desenvolvimento, fabrica\u00e7\u00e3o e comercializa\u00e7\u00e3o de produtos biotecnol\u00f3gicos. Pode obter aprova\u00e7\u00f5es regulat\u00f3rias para novos medicamentos, terapias ou organismos geneticamente modificados.<\/li>\n\n\n\n<li><strong>Gerente de Desenvolvimento de Neg\u00f3cios:<\/strong> Identifica oportunidades de neg\u00f3cios e desenvolve parcerias. O gerente de desenvolvimento de neg\u00f3cios lida com o relacionamento com as partes interessadas na ind\u00fastria de biotecnologia, incluindo investidores, clientes e colaboradores.<\/li>\n\n\n\n<li><strong>Especialista em Controle de Qualidade\/Garantia de Qualidade:<\/strong> Garante a qualidade e seguran\u00e7a dos produtos biotecnol\u00f3gicos. Pode fazer isso por meio de testes, inspe\u00e7\u00e3o e conformidade com requisitos regulat\u00f3rios.<\/li>\n\n\n\n<li><strong>Associa\u00e7\u00e3o de Pesquisa Clinica:<\/strong> Conduz ensaios cl\u00ednicos e testa a seguran\u00e7a e efic\u00e1cia de produtos biofarmac\u00eauticos e outros produtos m\u00e9dicos. Este associado pode colaborar com prestadores de cuidados de sa\u00fade, pacientes e ag\u00eancias reguladoras.<\/li>\n<\/ul>\n\n\n\n<h2 class=\"wp-block-heading\">Por que as empresas precisam da biotecnologia?<\/h2>\n\n\n\n<h3 class=\"wp-block-heading\">As empresas precisam da biotecnologia por v\u00e1rios motivos.<\/h3>\n\n\n\n<p>A biotecnologia permite que as empresas desenvolvam produtos, processos e tecnologias inovadores. Esses produtos, processos e tecnologias podem proporcionar uma vantagem competitiva no mercado. Os avan\u00e7os biotecnol\u00f3gicos podem levar \u00e0 cria\u00e7\u00e3o de novos medicamentos, terapias e produtos agr\u00edcolas. Eles tamb\u00e9m podem inspirar as empresas a produzir enzimas industriais e outros bioprodutos. Esses produtos podem ter propriedades aprimoradas, como maior estabilidade, especificidade e efici\u00eancia. Eles podem atender a necessidades n\u00e3o atendidas. Eles tamb\u00e9m podem melhorar o desempenho de v\u00e1rios processos e produtos industriais. A biotecnologia pode diferenciar uma empresa de seus concorrentes.<\/p>\n\n\n\n<p>A biotecnologia pode ajudar as empresas a melhorar o desempenho e a qualidade dos seus produtos. Por exemplo, as empresas agr\u00edcolas podem utilizar tecnologias de engenharia gen\u00e9tica e de edi\u00e7\u00e3o de genes. Eles podem desenvolver culturas com caracter\u00edsticas melhoradas, como resist\u00eancia a doen\u00e7as. Ou podem melhorar o conte\u00fado nutricional e o prazo de validade das culturas.<\/p>\n\n\n\n<p>A biotecnologia permite que as empresas desenvolvam solu\u00e7\u00f5es sustent\u00e1veis que n\u00e3o prejudiquem o meio ambiente. Por exemplo, podem utilizar a biotecnologia para produzir materiais de base biol\u00f3gica e biocombust\u00edveis. Eles tamb\u00e9m podem produzir pl\u00e1sticos biodegrad\u00e1veis com menor impacto ambiental do que os materiais tradicionais. A biotecnologia tamb\u00e9m pode reduzir o uso de pesticidas e fertilizantes qu\u00edmicos na agricultura. Pode levar a pr\u00e1ticas agr\u00edcolas mais sustent\u00e1veis e ecol\u00f3gicas.<\/p>\n\n\n\n<p>A biotecnologia pode ajudar as empresas a desenvolver processos eficientes e com boa rela\u00e7\u00e3o custo-benef\u00edcio. Eles podem usar esses processos para desenvolvimento de produtos, fabrica\u00e7\u00e3o e outras opera\u00e7\u00f5es. O bioprocessamento, por exemplo, pode permitir a produ\u00e7\u00e3o de biof\u00e1rmacos e enzimas complexos. Isto se torna poss\u00edvel atrav\u00e9s de processos de fermenta\u00e7\u00e3o escalon\u00e1veis e eficientes. A biotecnologia tamb\u00e9m pode levar a processos simplificados de testes e diagn\u00f3sticos gen\u00e9ticos. Esses processos reduzem custos e aumentam a efici\u00eancia.<\/p>\n\n\n\n<p>As empresas de biotecnologia devem navegar por cen\u00e1rios regulat\u00f3rios complexos para garantir a conformidade com diversas regulamenta\u00e7\u00f5es. A conformidade permite que eles obtenham aprova\u00e7\u00f5es de produtos. Os especialistas em assuntos regulat\u00f3rios s\u00e3o cruciais para ajudar as empresas a compreender e seguir os requisitos regulat\u00f3rios. As empresas de biotecnologia devem ser capazes de navegar pelos processos regulat\u00f3rios e obter as licen\u00e7as necess\u00e1rias. Posiciona-os melhor para aceder aos mercados, atrair investidores e alcan\u00e7ar o sucesso comercial.<\/p>\n\n\n\n<p>As empresas de biotecnologia necessitam frequentemente de colabora\u00e7\u00f5es e parcerias com institui\u00e7\u00f5es de investiga\u00e7\u00e3o. Eles tamb\u00e9m podem trabalhar com centros acad\u00eamicos, prestadores de cuidados de sa\u00fade e outras partes interessadas. A colabora\u00e7\u00e3o pode fornecer acesso a conhecimentos especializados, recursos e financiamento. Tamb\u00e9m pode facilitar a tradu\u00e7\u00e3o dos resultados da investiga\u00e7\u00e3o em produtos comerciais. Gerentes de desenvolvimento de neg\u00f3cios e outros profissionais s\u00e3o essenciais. Eles podem ajudar a identificar e estabelecer colabora\u00e7\u00f5es e parcerias estrat\u00e9gicas.<\/p>\n\n\n\n<p>As empresas de biotecnologia precisam de uma for\u00e7a de trabalho qualificada e experiente, com experi\u00eancia em v\u00e1rios campos. Por exemplo, eles devem conhecer biologia molecular, gen\u00e9tica, bioqu\u00edmica, bioinform\u00e1tica e assuntos regulat\u00f3rios. Dessa forma, podem desenvolver e comercializar produtos e tecnologias biotecnol\u00f3gicas. Atrair e reter os melhores talentos com a experi\u00eancia necess\u00e1ria em biotecnologia \u00e9 crucial. Isso pode levar ao sucesso de um neg\u00f3cio de biotecnologia. As empresas precisam de uma for\u00e7a de trabalho qualificada, motivada e comprometida com a miss\u00e3o e os objetivos da empresa. Essa for\u00e7a de trabalho pode impulsionar a inova\u00e7\u00e3o, a produtividade e o sucesso.<\/p>\n\n\n\n<h2 class=\"wp-block-heading\">Principais fatores de sucesso<\/h2>\n\n\n\n<figure class=\"gb-block-image gb-block-image-5b8c80af\"><img loading=\"lazy\" decoding=\"async\" width=\"1456\" height=\"816\" class=\"gb-image gb-image-5b8c80af\" src=\"https:\/\/www.sisinternational.com\/wp-content\/uploads\/2025\/08\/Biofurl-1.jpg\" alt=\"Pesquisa e Estrat\u00e9gia de Mercado Internacional da SIS\" title=\"Biofurl (1)\" srcset=\"https:\/\/www.sisinternational.com\/wp-content\/uploads\/2025\/08\/Biofurl-1.jpg 1456w, https:\/\/www.sisinternational.com\/wp-content\/uploads\/2025\/08\/Biofurl-1-300x168.jpg 300w, https:\/\/www.sisinternational.com\/wp-content\/uploads\/2025\/08\/Biofurl-1-1024x574.jpg 1024w, https:\/\/www.sisinternational.com\/wp-content\/uploads\/2025\/08\/Biofurl-1-768x430.jpg 768w, https:\/\/www.sisinternational.com\/wp-content\/uploads\/2025\/08\/Biofurl-1-18x10.jpg 18w\" sizes=\"auto, (max-width: 1456px) 100vw, 1456px\"><\/figure>\n\n\n\n<p><\/p>\n\n\n\n<p>A biotecnologia \u00e9 um campo especializado. Requer uma compreens\u00e3o profunda dos princ\u00edpios cient\u00edficos e tecnol\u00f3gicos. Uma equipe com experi\u00eancia em biologia molecular, gen\u00e9tica, bioinform\u00e1tica e bioqu\u00edmica \u00e9 crucial. Essas disciplinas s\u00e3o cr\u00edticas para o sucesso de um neg\u00f3cio de biotecnologia. Essa experi\u00eancia permite que as empresas desenvolvam produtos, tecnologias e processos inovadores. Podem assim responder a necessidades n\u00e3o satisfeitas, melhorar o desempenho e alcan\u00e7ar o sucesso no mercado da biotecnologia.<\/p>\n\n\n\n<p>A inova\u00e7\u00e3o est\u00e1 no cerne da biotecnologia. As empresas precisam investir em pesquisa e desenvolvimento (P&amp;D). Dessa forma, eles podem desenvolver novos produtos, processos e tecnologias. As capacidades de inova\u00e7\u00e3o e I&amp;D s\u00e3o essenciais. Eles podem dar a uma empresa de biotecnologia uma vantagem competitiva no mercado. Esses recursos incluem processos robustos de gera\u00e7\u00e3o, valida\u00e7\u00e3o e comercializa\u00e7\u00e3o de ideias.<\/p>\n\n\n\n<p>A prote\u00e7\u00e3o da propriedade intelectual (PI) \u00e9 crucial no campo da biotecnologia. Ajuda as empresas a proteger suas inven\u00e7\u00f5es, produtos e tecnologias. Impede que os concorrentes os copiem ou utilizem. Garantir patentes, marcas registradas, direitos autorais e outras formas de prote\u00e7\u00e3o de propriedade intelectual \u00e9 essencial. Estas ferramentas podem proporcionar \u00e0s empresas direitos exclusivos sobre as suas inova\u00e7\u00f5es. Eles tamb\u00e9m podem criar uma barreira para os concorrentes. Assim, proporcionam aos detentores de patentes\/marcas uma vantagem competitiva.<\/p>\n\n\n\n<p>As empresas de biotecnologia precisam navegar em cen\u00e1rios regulat\u00f3rios complexos. Esses cen\u00e1rios incluem regulamenta\u00e7\u00f5es relacionadas ao desenvolvimento de produtos, fabrica\u00e7\u00e3o, seguran\u00e7a e impacto ambiental. Garantir a conformidade com as leis \u00e9 fundamental para o sucesso de um neg\u00f3cio de biotecnologia. O mesmo ocorre com a obten\u00e7\u00e3o das aprova\u00e7\u00f5es necess\u00e1rias. A n\u00e3o conformidade regulat\u00f3ria pode levar a atrasos, multas e danos \u00e0 reputa\u00e7\u00e3o.<\/p>\n\n\n\n<p>Biotechnology businesses must identify and address real market needs. They must also validate their products or technologies with customers. Understanding customer requirements and <a href=\"https:\/\/www.sisinternational.com\/pt\/how-to-conduct-effective-quantitative-market-research\/\" title=\"How to Conduct Effective Quantitative Market Research\"  data-wpil-monitor-id=\"9423\">conducting market research<\/a> are essential. So is obtaining feedback from potential customers. It can help businesses develop products and technologies that meet market demand. It also ensures that these products are viable, giving them a higher chance of success in the market.<\/p>\n\n\n\n<p>Having a well-defined business strategy is essential for success in biotech. This strategy should align with the company\u2019s vision, goals, and market opportunities. It is crucial for success in biotechnology. This includes developing a comprehensive commercialization plan. This plan should cover pricing, distribution, marketing, and sales strategies. Strategic <a href=\"https:\/\/www.sisinternational.com\/pt\/publicacoes\/pesquisa-de-mercado-de-negocios-escalaveis-7-maneiras-de-construir-um-negocio-escalavel\/\" title=\"Pesquisa de mercado de neg\u00f3cios escal\u00e1veis: 7 maneiras de construir um neg\u00f3cio escal\u00e1vel\"  data-wpil-monitor-id=\"9424\">Market Research can help your business<\/a> in this regard. It allows you to develop a robust business strategy and effective commercialization plan. Thus, you can penetrate the market, generate revenue, and achieve profitability.<\/p>\n\n\n\n<p>As empresas de biotecnologia necessitam frequentemente de recursos financeiros significativos. Eles devem financiar esfor\u00e7os de pesquisa e desenvolvimento, desenvolvimento de produtos, fabrica\u00e7\u00e3o, conformidade regulat\u00f3ria e comercializa\u00e7\u00e3o. O acesso a financiamento adequado \u00e9 essencial para o sucesso de uma empresa biotecnol\u00f3gica. Esse financiamento pode ser feito por meio de recursos internos, capital de risco e subs\u00eddios governamentais. Tamb\u00e9m pode vir de outras fontes.<\/p>\n\n\n\n<p>A biotecnologia \u00e9 um campo em evolu\u00e7\u00e3o e as empresas devem ser flex\u00edveis. Eles devem se adaptar \u00e0s mudan\u00e7as na din\u00e2mica do mercado, aos avan\u00e7os tecnol\u00f3gicos e aos requisitos regulat\u00f3rios. Ser capaz de dinamizar, ajustar estrat\u00e9gias e abra\u00e7ar novas oportunidades \u00e9 crucial. Ele permite o sucesso de um neg\u00f3cio de biotecnologia em um setor din\u00e2mico e em constante mudan\u00e7a.<\/p>\n\n\n\n<h2 class=\"wp-block-heading\">Sobre pesquisa de mercado de biotecnologia<\/h2>\n\n\n\n<p>At SIS International, we offer a variety of biotechnology market research reports. These reports provide valuable insights and data on critical segments worldwide. We also offer Quantitative and <a href=\"https:\/\/www.sisinternational.com\/pt\/tools-and-resources-for-qualitative-market-research\/\" title=\"Tools and Resources for Qualitative Market Research\"  data-wpil-monitor-id=\"9420\">Qualitative Market research<\/a>, UX, and Strategy Market Research. We do Competitive Analysis, Market Entry, Market Opportunity, and <a href=\"https:\/\/www.sisinternational.com\/pt\/pericia\/industrias\/pesquisa-de-mercado-de-moteis\/\" title=\"Pesquisa de mercado de mot\u00e9is\"  data-wpil-monitor-id=\"3119\">Pesquisa de dimensionamento de mercado<\/a>. SIS also <a href=\"https:\/\/www.sisinternational.com\/pt\/solucoes\/consultoria-estrategica\/consultoria-em-estrategia-de-pesquisa-de-mercado-de-capacitacao-de-vendas\/\" title=\"Pesquisa de mercado e consultoria estrat\u00e9gica para capacita\u00e7\u00e3o de vendas\"  data-wpil-monitor-id=\"9421\">enables forming a Go to Market Strategy<\/a>. How? By using information gleaned from Interviews, Surveys, and Focus Groups.<\/p>\n\n\n\n<p><a href=\"https:\/\/www.sisinternational.com\/pt\/entre-em-contato-com-a-sis-international-market-research\/\" title=\"Contate-nos\"  data-wpil-monitor-id=\"9419\">A SIS International Research<\/a> is a trusted source of business intelligence. We\u2019ve been doing it for over 40 years. If you need help, our team of knowledgeable research specialists is available.<\/p>","protected":false},"excerpt":{"rendered":"<p>A biotecnologia \u00e9 essencial para a melhoria da sa\u00fade humana e revolucionou a medicina e os cuidados de sa\u00fade.<\/p>","protected":false},"author":1,"featured_media":63777,"parent":14514,"menu_order":270,"comment_status":"closed","ping_status":"closed","template":"","meta":{"footnotes":""},"class_list":["post-42572","page","type-page","status-publish","has-post-thumbnail"],"_links":{"self":[{"href":"https:\/\/www.sisinternational.com\/pt\/wp-json\/wp\/v2\/pages\/42572","targetHints":{"allow":["GET"]}}],"collection":[{"href":"https:\/\/www.sisinternational.com\/pt\/wp-json\/wp\/v2\/pages"}],"about":[{"href":"https:\/\/www.sisinternational.com\/pt\/wp-json\/wp\/v2\/types\/page"}],"author":[{"embeddable":true,"href":"https:\/\/www.sisinternational.com\/pt\/wp-json\/wp\/v2\/users\/1"}],"replies":[{"embeddable":true,"href":"https:\/\/www.sisinternational.com\/pt\/wp-json\/wp\/v2\/comments?post=42572"}],"version-history":[{"count":5,"href":"https:\/\/www.sisinternational.com\/pt\/wp-json\/wp\/v2\/pages\/42572\/revisions"}],"predecessor-version":[{"id":81574,"href":"https:\/\/www.sisinternational.com\/pt\/wp-json\/wp\/v2\/pages\/42572\/revisions\/81574"}],"up":[{"embeddable":true,"href":"https:\/\/www.sisinternational.com\/pt\/wp-json\/wp\/v2\/pages\/14514"}],"wp:featuredmedia":[{"embeddable":true,"href":"https:\/\/www.sisinternational.com\/pt\/wp-json\/wp\/v2\/media\/63777"}],"wp:attachment":[{"href":"https:\/\/www.sisinternational.com\/pt\/wp-json\/wp\/v2\/media?parent=42572"}],"curies":[{"name":"wp","href":"https:\/\/api.w.org\/{rel}","templated":true}]}}