{"id":42567,"date":"2023-04-28T16:57:47","date_gmt":"2023-04-28T20:57:47","guid":{"rendered":"https:\/\/www.sisinternational.com\/?page_id=42567"},"modified":"2025-10-17T00:03:32","modified_gmt":"2025-10-17T04:03:32","slug":"pesquisa-de-mercado-de-biocombustiveis","status":"publish","type":"page","link":"https:\/\/www.sisinternational.com\/pt\/pericia\/pesquisa-de-mercado-de-biocombustiveis\/","title":{"rendered":"Pesquisa de mercado de biocombust\u00edveis"},"content":{"rendered":"<h1 class=\"wp-block-heading\">Pesquisa de mercado de biocombust\u00edveis<\/h1>\n\n\n\n<figure class=\"gb-block-image gb-block-image-4dae92a0\"><img loading=\"lazy\" decoding=\"async\" width=\"1456\" height=\"816\" class=\"gb-image gb-image-4dae92a0\" src=\"https:\/\/www.sisinternational.com\/wp-content\/uploads\/2025\/08\/Agriculture-19.jpg\" alt=\"Pesquisa e Estrat\u00e9gia de Mercado Internacional da SIS\" title=\"Agriculture (19)\" srcset=\"https:\/\/www.sisinternational.com\/wp-content\/uploads\/2025\/08\/Agriculture-19.jpg 1456w, https:\/\/www.sisinternational.com\/wp-content\/uploads\/2025\/08\/Agriculture-19-300x168.jpg 300w, https:\/\/www.sisinternational.com\/wp-content\/uploads\/2025\/08\/Agriculture-19-1024x574.jpg 1024w, https:\/\/www.sisinternational.com\/wp-content\/uploads\/2025\/08\/Agriculture-19-768x430.jpg 768w, https:\/\/www.sisinternational.com\/wp-content\/uploads\/2025\/08\/Agriculture-19-18x10.jpg 18w\" sizes=\"auto, (max-width: 1456px) 100vw, 1456px\"><\/figure>\n\n\n\n<p><\/p>\n\n\n\n<p>Energy from renewable sources is expected to put less strain on the environment and the already limited supply of fossil fuels. Pure biofuels produce fewer emissions than their fossil-derived equivalents. With the many environmental concerns and climate threats, changing to biofuels looks like the more responsible choice. Before diving into this market, one should address which type of biofuel works best, based on a company\u2019s needs and goals. The pros outweigh the cons, and to tackle the cons and integrate positive changes, it is best to prepare with <a href=\"https:\/\/www.sisinternational.com\/pt\/acoes-governamentais-sobre-biocombustiveis\/\" title=\"Pesquisa de mercado de biocombust\u00edveis\"  data-wpil-monitor-id=\"1721\">Biofuels market research<\/a>.<\/p>\n\n\n\n<h2 class=\"wp-block-heading\">Vis\u00e3o geral da pesquisa de mercado de biocombust\u00edveis<\/h2>\n\n\n\n<p>Nas \u00faltimas d\u00e9cadas, as empresas t\u00eam caminhado numa dire\u00e7\u00e3o mais sustent\u00e1vel, principalmente na fabrica\u00e7\u00e3o de produtos, mas tamb\u00e9m para diminuir as suas emiss\u00f5es anuais.<\/p>\n\n\n\n<p>Os consumidores est\u00e3o cada vez mais conscientes dos efeitos dos combust\u00edveis f\u00f3sseis, e n\u00e3o s\u00f3 isso, mas tamb\u00e9m est\u00e3o informados sobre quais as empresas que contribuem mais \u2013 ou menos \u2013 para os danos ambientais. O n\u00famero de consumidores eticamente respons\u00e1veis aumentou e n\u00e3o pode mais ser ignorado.<\/p>\n\n\n\n<p>Em geral, uma empresa com consci\u00eancia ambiental atrair\u00e1 mais clientes. \u00c9 mais prov\u00e1vel que as pessoas gastem em produtos produzidos com biocombust\u00edveis. Dessa forma, tanto a empresa como o cliente diminuem a sua pegada de carbono.<\/p>\n\n\n\n<h2 class=\"wp-block-heading\">Principais tend\u00eancias e impulsionadores na ind\u00fastria de biocombust\u00edveis<\/h2>\n\n\n\n<p>Biodiesel has become an attractive replacement for fossil fuels. Being biodegradable, non-toxic renewable, and eco-friendly (they burn cleaner than fossil fuels), the raw materials for this alternative are more affordable. Nonetheless, its synthesis is rather costly and may not necessarily <a href=\"https:\/\/www.sisinternational.com\/pt\/pesquisa-de-mercado-de-geracao-de-leads-b2b\/\" title=\"Pesquisa de mercado de gera\u00e7\u00e3o de leads B2B\"  data-wpil-monitor-id=\"9357\">lead to an immediately lucrative market<\/a>. Despite the high costs, though, Europe still is the largest producer of biodiesel. Regardless, one can expect biodiesel (made from plant-based oil seeds) to increase. Especially airlines are interested in using biofuels.<\/p>\n\n\n\n<p>Plant and refinery industries will grow as the need for them rises. These <a href=\"https:\/\/www.sisinternational.com\/pt\/venezuela-oil-mining-industry-potential-strategic-forecast-2026-2036\/\" title=\"Venezuela Oil &amp; Mining Industry Potential: Strategic Forecast 2026-2036\"  data-wpil-monitor-id=\"9360\">industries strip the oil<\/a> from plants for reuse. Especially in the regions where canola and sunflower are grown, one can expect those facilities to pop up.<\/p>\n\n\n\n<p>Al\u00e9m do biodiesel, tamb\u00e9m est\u00e3o sendo produzidas grandes quantidades de etanol. O milho, mas tamb\u00e9m a cana-de-a\u00e7\u00facar, s\u00e3o mat\u00e9rias-primas populares para a produ\u00e7\u00e3o desse combust\u00edvel. Existem opini\u00f5es divergentes sobre o etanol \u2013 que \u00e9 usado principalmente como componente da gasolina. Uma grande vantagem \u00e9 que o etanol tem um \u00edndice de octanas maior que a gasolina, melhorando a qualidade do combust\u00edvel e garantindo uma boa dirigibilidade.<\/p>\n\n\n\n<p>O butanol \u00e9 semelhante ao etanol, mas tem maior densidade energ\u00e9tica e menor press\u00e3o de vapor, o que o torna um melhor candidato para biocombust\u00edveis do que o etanol.<\/p>\n\n\n\n<p>A produ\u00e7\u00e3o do metanol \u00e9 mais barata do que o etanol e tamb\u00e9m \u00e9 um candidato popular para biocombust\u00edveis. Infelizmente, n\u00e3o s\u00f3 \u00e9 mais t\u00f3xico, mas tamb\u00e9m tem uma densidade energ\u00e9tica mais baixa que a gasolina.<\/p>\n\n\n\n<p>O biog\u00e1s \u00e9 outra fonte renov\u00e1vel ecologicamente correta, produzida a partir da decomposi\u00e7\u00e3o de mat\u00e9ria org\u00e2nica, como res\u00edduos, esterco, restos de alimentos, materiais vegetais e esgoto.<\/p>\n\n\n\n<h2 class=\"wp-block-heading\">Oportunidades<\/h2>\n\n\n\n<p>O surgimento de biocombust\u00edveis alternativos e o estudo dos processos de combust\u00edvel dar\u00e3o certamente origem a muitas oportunidades de carreira interessantes, e o crescimento das ind\u00fastrias industriais e de refinaria aumentar\u00e1 o emprego.<\/p>\n\n\n\n<h3 class=\"wp-block-heading\">Algumas das carreiras nesta ind\u00fastria s\u00e3o as seguintes:<\/h3>\n\n\n\n<p><strong>Pesquisa cient\u00edfica<\/strong><\/p>\n\n\n\n<ul class=\"wp-block-list\">\n<li>Bioqu\u00edmicos, biof\u00edsicos, microbiologistas, qu\u00edmicos e t\u00e9cnicos de laborat\u00f3rio,<\/li>\n<\/ul>\n\n\n\n<p><strong>Engenharia<\/strong><\/p>\n\n\n\n<ul class=\"wp-block-list\">\n<li>Engenheiros civis, ambientais, industriais, mec\u00e2nicos e el\u00e9tricos<\/li>\n<\/ul>\n\n\n\n<p><strong>Agricultura<\/strong><\/p>\n\n\n\n<p><strong>Plantas de processamento e refinarias<\/strong><\/p>\n\n\n\n<p><strong>Constru\u00e7\u00e3o<\/strong><\/p>\n\n\n\n<p><strong>Vendas<\/strong><\/p>\n\n\n\n<p>Muitos dos setores mencionados acima oferecem vagas em diferentes \u00e1reas, como gest\u00e3o, operadores de equipamentos, trabalhadores, produtores, agentes de compras, representantes de vendas atacadistas, etc.<\/p>\n\n\n\n<h2 class=\"wp-block-heading\">Desafios<\/h2>\n\n\n\n<p>Embora existam diversas vantagens, os biocombust\u00edveis podem ser caros. O custo da m\u00e3o de obra \u00e9 alto e, infelizmente, tamb\u00e9m exigem muito espa\u00e7o para armazenamento.<\/p>\n\n\n\n<p>Ironicamente, o cultivo de culturas para biocombust\u00edveis ocupa uma quantidade consider\u00e1vel de terra e, al\u00e9m disso, pode causar altera\u00e7\u00f5es negativas no uso da terra. O cultivo de plantas como combust\u00edvel requer o desmatamento de \u00e1rvores para usar o espa\u00e7o liberado para terras agr\u00edcolas. No entanto, o corte de florestas e tamb\u00e9m de pastagens pode libertar mais carbono, o que \u00e9 contraproducente para o prop\u00f3sito original da cria\u00e7\u00e3o destas terras agr\u00edcolas.<\/p>\n\n\n\n<p>Os biocombust\u00edveis tamb\u00e9m exigem mais consumo de \u00e1gua. Nas regi\u00f5es secas, isso pode ter consequ\u00eancias prejudiciais, n\u00e3o s\u00f3 para a natureza, mas tamb\u00e9m para os habitantes humanos.<\/p>\n\n\n\n<p>Por estas raz\u00f5es, os biocombust\u00edveis ainda n\u00e3o s\u00e3o totalmente sustent\u00e1veis e ainda podem ser um tema controverso para alguns.<\/p>\n\n\n\n<h2 class=\"wp-block-heading\">Clusters de inova\u00e7\u00e3o para analisar pesquisas de mercado de biocombust\u00edveis<\/h2>\n\n\n\n<p>Como mencionado anteriormente, a gasolina cont\u00e9m um biocombust\u00edvel, embora deva ser dito que esta vers\u00e3o atualizada funciona melhor em carros mais novos. As concession\u00e1rias e os mec\u00e2nicos est\u00e3o menos entusiasmados em adicionar esse combust\u00edvel a ve\u00edculos mais antigos, que podem n\u00e3o ser compat\u00edveis com ele.<\/p>\n\n\n\n<p>Em geral, a maioria dos biocombust\u00edveis \u00e9 utilizada para transporte, mas tamb\u00e9m pode ser utilizada para aquecimento e eletricidade. Outros usos comuns s\u00e3o: carregamento de eletr\u00f4nicos, limpeza de derramamentos de \u00f3leo e graxa, lubrifica\u00e7\u00e3o, cozimento, remo\u00e7\u00e3o de tinta e adesivo e redu\u00e7\u00e3o da necessidade (e custos) de petr\u00f3leo importado.<\/p>\n\n\n\n<ul class=\"wp-block-list\">\n<li>Carregamento de eletr\u00f4nicos: c\u00e9lulas a combust\u00edvel feitas com \u00f3leo de cozinha e a\u00e7\u00facar podem ser utilizadas para recarregar celulares, notebooks e eletr\u00f4nicos em geral.<\/li>\n\n\n\n<li>Limpeza de derramamentos de \u00f3leo e graxa. Este \u00e9 um uso interessante e muito ben\u00e9fico para evitar desastres ambientais. Por n\u00e3o ser t\u00f3xico, o biocombust\u00edvel pode funcionar como agente de limpeza para derramamentos de \u00f3leo.<\/li>\n\n\n\n<li>O biocombust\u00edvel funciona em fog\u00f5es, por isso \u00e9 \u00f3timo para cozinhar.<\/li>\n\n\n\n<li>Lubrifica\u00e7\u00e3o: mant\u00e9m o motor do carro funcionando e em bom estado<\/li>\n\n\n\n<li>Os produtos habituais para remo\u00e7\u00e3o de tintas e adesivos s\u00e3o muito t\u00f3xicos e \u00e9 recomend\u00e1vel substitu\u00ed-los por biocombust\u00edveis. Eles s\u00e3o igualmente eficazes.<\/li>\n\n\n\n<li>\u00c9 do conhecimento geral que a importa\u00e7\u00e3o de petr\u00f3leo \u00e9 cara e que o mundo est\u00e1 a ficar sem ele. Escusado ser\u00e1 dizer que a ind\u00fastria petrol\u00edfera tamb\u00e9m teve numerosos impactos desastrosos no ambiente. Portanto, os biocombust\u00edveis s\u00e3o a melhor alternativa \u2013 e a mais lucrativa, considerando a crescente demanda por combust\u00edvel.<\/li>\n<\/ul>\n\n\n\n<h2 class=\"wp-block-heading\">Perspectivas futuras da pesquisa de mercado de biocombust\u00edveis<\/h2>\n\n\n\n<p>Despite a drop in the biofuels market during the covid pandemic \u2013 figures are expected to increase in the <a href=\"https:\/\/www.sisinternational.com\/pt\/pericia\/industrias\/pesquisa-de-mercado-automotivo\/futuro-dos-veiculos-eletricos-nos-eua\/\" title=\"The Future of Electric Vehicles in the USA &#8211; The Next 5 Years\"  data-wpil-monitor-id=\"9358\">next coming years<\/a>. Even though biofuels need improvement \u2013 for example, the reduction of land use for production \u2013 they provide a welcome and environmentally-friendly alternative. Most <a href=\"https:\/\/www.sisinternational.com\/pt\/73903-2\/\" title=\"Turn Consumer Flavor Preferences Into Winning Products\"  data-wpil-monitor-id=\"9361\">consumers care about the environment and prefer<\/a> to spend money on responsibly-sourced goods. Combining these demands with the trend (and need) to use biofuels and the many new career and employment <a href=\"https:\/\/www.sisinternational.com\/pt\/oportunidades-bancarias-islamicas-e-obstaculos-para-a-industria-financeira-dos-eua\/\" title=\"Banco Isl\u00e2mico: Oportunidades e Obst\u00e1culos para a Ind\u00fastria Financeira dos EUA\"  data-wpil-monitor-id=\"9362\">opportunities this industry<\/a> provides, is a win-win for everyone.<\/p>\n\n\n\n<p><a href=\"https:\/\/www.sisinternational.com\/pt\/sis-application-of-quantitative-data-analytics-to-sensory-testing\/\" title=\"SIS Application of Quantitative Data Analytics to Sensory Testing\"  data-wpil-monitor-id=\"9359\">SIS International offers Quantitative<\/a>, Qualitative, and Strategy Research. We provide data, tools, strategies, reports, and insights for decision-making. We conduct interviews, surveys, focus groups, and many other Biofuels Market Research methods and approaches. Contact us for your next Biofuels Market Research project.<\/p>","protected":false},"excerpt":{"rendered":"<p>Os biocombust\u00edveis alternativos e o estudo dos processos de combust\u00edvel criar\u00e3o carreiras interessantes. \u00c9 melhor se preparar com pesquisas de mercado de biocombust\u00edveis.<\/p>","protected":false},"author":1,"featured_media":63143,"parent":14514,"menu_order":269,"comment_status":"closed","ping_status":"closed","template":"","meta":{"footnotes":""},"class_list":["post-42567","page","type-page","status-publish","has-post-thumbnail"],"_links":{"self":[{"href":"https:\/\/www.sisinternational.com\/pt\/wp-json\/wp\/v2\/pages\/42567","targetHints":{"allow":["GET"]}}],"collection":[{"href":"https:\/\/www.sisinternational.com\/pt\/wp-json\/wp\/v2\/pages"}],"about":[{"href":"https:\/\/www.sisinternational.com\/pt\/wp-json\/wp\/v2\/types\/page"}],"author":[{"embeddable":true,"href":"https:\/\/www.sisinternational.com\/pt\/wp-json\/wp\/v2\/users\/1"}],"replies":[{"embeddable":true,"href":"https:\/\/www.sisinternational.com\/pt\/wp-json\/wp\/v2\/comments?post=42567"}],"version-history":[{"count":5,"href":"https:\/\/www.sisinternational.com\/pt\/wp-json\/wp\/v2\/pages\/42567\/revisions"}],"predecessor-version":[{"id":81564,"href":"https:\/\/www.sisinternational.com\/pt\/wp-json\/wp\/v2\/pages\/42567\/revisions\/81564"}],"up":[{"embeddable":true,"href":"https:\/\/www.sisinternational.com\/pt\/wp-json\/wp\/v2\/pages\/14514"}],"wp:featuredmedia":[{"embeddable":true,"href":"https:\/\/www.sisinternational.com\/pt\/wp-json\/wp\/v2\/media\/63143"}],"wp:attachment":[{"href":"https:\/\/www.sisinternational.com\/pt\/wp-json\/wp\/v2\/media?parent=42567"}],"curies":[{"name":"wp","href":"https:\/\/api.w.org\/{rel}","templated":true}]}}