{"id":42565,"date":"2023-04-28T16:12:25","date_gmt":"2023-04-28T20:12:25","guid":{"rendered":"https:\/\/www.sisinternational.com\/?page_id=42565"},"modified":"2026-03-24T18:21:50","modified_gmt":"2026-03-24T22:21:50","slug":"pesquisa-de-mercado-de-baterias","status":"publish","type":"page","link":"https:\/\/www.sisinternational.com\/pt\/pericia\/pesquisa-de-mercado-de-baterias\/","title":{"rendered":"Pesquisa de mercado de baterias"},"content":{"rendered":"<h1 class=\"wp-block-heading\">Pesquisa de mercado de baterias<\/h1>\n\n\n\n<figure class=\"gb-block-image gb-block-image-9a0aeed0\"><img loading=\"lazy\" decoding=\"async\" width=\"1456\" height=\"816\" class=\"gb-image gb-image-9a0aeed0\" src=\"https:\/\/www.sisinternational.com\/wp-content\/uploads\/2025\/08\/Battery-3.jpg\" alt=\"Pesquisa e Estrat\u00e9gia de Mercado Internacional da SIS\" title=\"Battery (3)\" srcset=\"https:\/\/www.sisinternational.com\/wp-content\/uploads\/2025\/08\/Battery-3.jpg 1456w, https:\/\/www.sisinternational.com\/wp-content\/uploads\/2025\/08\/Battery-3-300x168.jpg 300w, https:\/\/www.sisinternational.com\/wp-content\/uploads\/2025\/08\/Battery-3-1024x574.jpg 1024w, https:\/\/www.sisinternational.com\/wp-content\/uploads\/2025\/08\/Battery-3-768x430.jpg 768w, https:\/\/www.sisinternational.com\/wp-content\/uploads\/2025\/08\/Battery-3-18x10.jpg 18w\" sizes=\"auto, (max-width: 1456px) 100vw, 1456px\"><\/figure>\n\n\n\n<p><\/p>\n\n\n\n<p>No mundo moderno impulsionado pela tecnologia, as baterias desempenham um papel crucial na alimenta\u00e7\u00e3o de in\u00fameros dispositivos e aplica\u00e7\u00f5es. Desde a alimenta\u00e7\u00e3o de telem\u00f3veis e ve\u00edculos el\u00e9ctricos (VE) at\u00e9 ao armazenamento de electricidade verde gerada por pain\u00e9is solares, as baterias desempenham um papel vital em v\u00e1rios aspectos da vida quotidiana moderna.<\/p>\n\n\n\n<p>The rapid increase in demand for batteries that meet efficiency standards while being eco-friendly has caused exponential growth within this industry. Therefore, to navigate this constantly evolving landscape, conducting <a href=\"https:\/\/www.sisinternational.com\/pt\/pericia\/pesquisa-de-mercado-de-baterias-lfp\/\" title=\"Pesquisa de mercado de baterias LFP\"  data-wpil-monitor-id=\"11425\">pesquisa de mercado de baterias<\/a> is essential. This helps stakeholders like manufacturers or investors to identify new opportunities by keeping an eye on emerging trends and technologies.<\/p>\n\n\n\n<h2 class=\"wp-block-heading\">Pesquisa de mercado de baterias: motivadores e restri\u00e7\u00f5es de mercado<\/h2>\n\n\n\n<p>Compreender os impulsionadores e as restri\u00e7\u00f5es do mercado de baterias \u00e9 essencial para que as partes interessadas aproveitem as oportunidades potenciais e mitiguem os riscos. Uma pesquisa aprofundada do mercado de baterias esclarece esses fatores, que podem impactar significativamente o crescimento do mercado e moldar o futuro da ind\u00fastria.<\/p>\n\n\n\n<h3 class=\"wp-block-heading\">Drivers de mercado:<\/h3>\n\n\n\n<ul class=\"wp-block-list\">\n<li><strong>Crescente demanda por ve\u00edculos el\u00e9tricos (EVs):<\/strong> \u00c0 medida que o transporte limpo e sustent\u00e1vel se torna cada vez mais importante em todo o mundo, a procura de VEs aumentou significativamente. As baterias desempenham um papel crucial quando se trata de operar EVs, resultando numa maior necessidade de baterias.<\/li>\n\n\n\n<li><strong>Increasing need for <a href=\"https:\/\/www.sisinternational.com\/pt\/foi-com-o-vento-a-crise-financeira-e-a-energia-eolica\/\" title=\"E o Vento Levou? A crise financeira e a energia e\u00f3lica\"  data-wpil-monitor-id=\"7488\">energia<\/a> storage solutions:<\/strong> Com o surgimento de fontes de energia renov\u00e1veis, como a solar e a e\u00f3lica, surge a necessidade de meios eficientes de armazenamento dessa energia. As baterias s\u00e3o essenciais para fornecer solu\u00e7\u00f5es de armazenamento confi\u00e1veis nos complexos sistemas el\u00e9tricos atuais, tornando-as um componente indispens\u00e1vel.<\/li>\n\n\n\n<li><strong>Ado\u00e7\u00e3o de fontes de energia renov\u00e1veis:<\/strong> Para diminuir a sua depend\u00eancia de recursos n\u00e3o renov\u00e1veis, como o petr\u00f3leo ou o carv\u00e3o, e as suas emiss\u00f5es de carbono, muitos governos em todo o mundo come\u00e7aram a utilizar energias renov\u00e1veis e baterias como alternativa.<\/li>\n\n\n\n<li><strong>Regulamenta\u00e7\u00f5es e pol\u00edticas governamentais rigorosas:<\/strong> A implementa\u00e7\u00e3o de regulamentos e pol\u00edticas voltadas para a redu\u00e7\u00e3o das emiss\u00f5es e o avan\u00e7o do uso de tecnologias ecol\u00f3gicas \u00e9 uma tend\u00eancia global. A ado\u00e7\u00e3o de ve\u00edculos el\u00e9tricos e de sistemas de energia renov\u00e1vel foi incentivada por estas pol\u00edticas, resultando num impulso para o mercado de baterias.<\/li>\n\n\n\n<li><strong>Restri\u00e7\u00f5es de mercado:<\/strong> Flutua\u00e7\u00f5es nos pre\u00e7os das mat\u00e9rias-primas: para fabricar baterias, as empresas precisam de uma variedade de mat\u00e9rias-primas que inclui l\u00edtio, cobalto, n\u00edquel e muito mais. A volatilidade dos pre\u00e7os dos materiais tem uma grande influ\u00eancia nas despesas de produ\u00e7\u00e3o de baterias e na expans\u00e3o geral da ind\u00fastria.<\/li>\n\n\n\n<li><strong>Preocupa\u00e7\u00f5es ambientais e desafios de reciclagem:<\/strong> Como cont\u00eam produtos qu\u00edmicos perigosos, o descarte de baterias velhas \u00e9 um grande problema para o meio ambiente. Apresenta riscos potenciais, como poluir \u00e1reas terrestres ou corpos d&#039;\u00e1gua. Os procedimentos de reciclagem de baterias s\u00e3o frequentemente complexos e caros.<\/li>\n\n\n\n<li><strong>Interrup\u00e7\u00f5es na cadeia de abastecimento:<\/strong> O mercado de baterias depende de uma intrincada cadeia de abastecimento global para obter mat\u00e9rias-primas e componentes. Tens\u00f5es geopol\u00edticas, desastres naturais e outros fatores podem perturbar esta cadeia de abastecimento, causando potencialmente atrasos e aumento de custos para os fabricantes de baterias.<\/li>\n\n\n\n<li><strong>Preocupa\u00e7\u00f5es de seguran\u00e7a e poss\u00edveis recalls:<\/strong> Quando as baterias falham, isso pode causar riscos \u00e0 seguran\u00e7a, como inc\u00eandios ou explos\u00f5es.<\/li>\n<\/ul>\n\n\n\n<h2 class=\"wp-block-heading\">Desafios e riscos na pesquisa de mercado de baterias<\/h2>\n\n\n\n<ul class=\"wp-block-list\">\n<li><strong>R\u00e1pidos avan\u00e7os tecnol\u00f3gicos:<\/strong> Frequent advancement characterized by innovative technology is changing the battery sector. Keeping up-to-date with such advances while also precisely predicting how they might influence <a href=\"https:\/\/www.sisinternational.com\/pt\/pericia\/industrias\/pesquisa-de-mercado-de-moteis\/\" title=\"Pesquisa de mercado de mot\u00e9is\"  data-wpil-monitor-id=\"3123\">markets poses challenges for researchers<\/a>.<\/li>\n\n\n\n<li><strong>Propriedade intelectual e disputas de patentes:<\/strong> Direitos de propriedade intelectual e disputas de patentes surgem frequentemente na competitiva ind\u00fastria de baterias.<\/li>\n\n\n\n<li><strong>Mudan\u00e7as regulat\u00f3rias e pol\u00edticas:<\/strong> Uma influ\u00eancia not\u00e1vel no mercado de baterias vem de leis e regulamentos governamentais. Acompanhar essas mudan\u00e7as, juntamente com os seus poss\u00edveis resultados, \u00e9 cada vez mais dif\u00edcil e cria incertezas adicionais em torno da investiga\u00e7\u00e3o.<\/li>\n\n\n\n<li><strong>Fatores geopol\u00edticos:<\/strong> As perturba\u00e7\u00f5es na cadeia de abastecimento resultantes de tens\u00f5es geopol\u00edticas ou disputas comerciais podem levar \u00e0 flutua\u00e7\u00e3o dos pre\u00e7os das mat\u00e9rias-primas, o que pode influenciar o mercado das baterias. Para os investigadores, compreender e incorporar estes fatores geopol\u00edticos complexos pode ser uma tarefa formid\u00e1vel.<\/li>\n\n\n\n<li><strong>Preocupa\u00e7\u00f5es ambientais e de sustentabilidade:<\/strong> As quest\u00f5es ambientais, incluindo a reciclagem e a elimina\u00e7\u00e3o, est\u00e3o a colocar problemas significativos ao setor das baterias. Consequentemente, \u00e9 importante que os investigadores avaliem at\u00e9 que ponto as diferentes tecnologias\/pr\u00e1ticas s\u00e3o sustent\u00e1veis ao longo do tempo.<\/li>\n<\/ul>\n\n\n\n<h2 class=\"wp-block-heading\">Tend\u00eancias futuras e oportunidades de mercado em pesquisas de mercado de baterias<\/h2>\n\n\n\n<ul class=\"wp-block-list\">\n<li><strong>Integra\u00e7\u00e3o de IoT e IA em sistemas de gerenciamento de baterias:<\/strong> A expectativa \u00e9 que os sistemas de gerenciamento de baterias passem por mudan\u00e7as revolucion\u00e1rias devido \u00e0 crescente popularidade da IoT e da IA. Utilizar monitoramento em tempo real e an\u00e1lise preditiva \u00e9 uma forma de melhorar a otimiza\u00e7\u00e3o do desempenho da bateria, bem como prolongar sua vida \u00fatil e, ao mesmo tempo, garantir a seguran\u00e7a. Com a pesquisa de mercado de baterias, torna-se poss\u00edvel identificar as empresas e tecnologias que est\u00e3o liderando este esfor\u00e7o de integra\u00e7\u00e3o.<\/li>\n\n\n\n<li><strong>Expans\u00e3o da reciclagem de baterias e aplica\u00e7\u00f5es de segunda vida:<\/strong> M\u00e9todos eficazes de reciclagem de baterias est\u00e3o se tornando mais cruciais \u00e0 medida que h\u00e1 um aumento no n\u00famero de baterias usadas. A pesquisa de mercado de baterias pode identificar oportunidades para desenvolver novas tecnologias de reciclagem e explorar o potencial de aplica\u00e7\u00f5es de segunda vida, como a utiliza\u00e7\u00e3o de baterias EV reutilizadas para armazenamento estacion\u00e1rio de energia.<\/li>\n\n\n\n<li><strong>Desenvolvimento de infraestrutura de carregamento r\u00e1pido:<\/strong> Widespread integration and utilization of EVs depend on having reliable access to quick charging stations The identification of opportunities for expanding charging networks and developing advanced technology that reduces charge time and minimizes strain on the power grid is possible through <a href=\"https:\/\/www.sisinternational.com\/pt\/pericia\/industrias\/pesquisa-de-mercado-de-energia-nuclear\/\" title=\"Pesquisa de mercado de energia nuclear\"  data-wpil-monitor-id=\"3312\">pesquisa de mercado de baterias<\/a>.<\/li>\n\n\n\n<li><strong>Pesquisa em produtos qu\u00edmicos avan\u00e7ados para baterias:<\/strong> A seguran\u00e7a melhorada combinada com uma maior densidade de energia e custos mais baixos est\u00e3o a impulsionar a investiga\u00e7\u00e3o cont\u00ednua sobre tecnologias alternativas de baterias, incluindo baterias de estado s\u00f3lido e outras baseadas na qu\u00edmica de i\u00f5es de s\u00f3dio ou de i\u00f5es de alum\u00ednio. Os \u00faltimos avan\u00e7os nestes campos podem ser identificados pelas partes interessadas que realizam pesquisas de mercado de baterias, descobrindo assim potenciais oportunidades de investimento.<\/li>\n\n\n\n<li><strong>Solu\u00e7\u00f5es de bateria personalizadas para aplica\u00e7\u00f5es de nicho:<\/strong> Com a crescente diversidade e especializa\u00e7\u00e3o de dispositivos operados por bateria, surge uma demanda crescente por solu\u00e7\u00f5es de energia personalizadas que atendam a necessidades espec\u00edficas, como as exigidas por drones ou equipamentos m\u00e9dicos. A realiza\u00e7\u00e3o de pesquisas de mercado de baterias pode revelar possibilidades na cria\u00e7\u00e3o e fabrica\u00e7\u00e3o dessas baterias espec\u00edficas.<\/li>\n\n\n\n<li><strong>Solu\u00e7\u00f5es de armazenamento de energia para microrredes e aplica\u00e7\u00f5es fora da rede:<\/strong> Com mais \u00eanfase nos m\u00e9todos descentralizados de gera\u00e7\u00e3o de eletricidade. As baterias est\u00e3o se tornando cada vez mais importantes para facilitar o crescimento de redes de microrredes e de sistemas aut\u00f4nomos de energia renov\u00e1vel. A identifica\u00e7\u00e3o de oportunidades de crescimento nestes mercados emergentes pode ser facilitada atrav\u00e9s da realiza\u00e7\u00e3o de pesquisas de mercado de baterias.<\/li>\n\n\n\n<li><strong>Colabora\u00e7\u00e3o entre fabricantes de baterias e ind\u00fastrias de usu\u00e1rios finais:<\/strong> \u00c0 medida que a concorr\u00eancia no setor das baterias se fortalece, \u00e9 prov\u00e1vel que haja um aumento nas colabora\u00e7\u00f5es entre os fabricantes de baterias e os seus clientes que pertencem a diversas \u00e1reas, como autom\u00f3veis ou dispositivos eletr\u00f3nicos. A realiza\u00e7\u00e3o de an\u00e1lises minuciosas sobre baterias oferece \u00e0s empresas insights sobre empreendimentos cooperativos promissores com outras entidades destinadas a promover a engenhosidade, bem como a refor\u00e7ar posi\u00e7\u00f5es em ind\u00fastrias espec\u00edficas.<\/li>\n<\/ul>","protected":false},"excerpt":{"rendered":"<p>A demanda por baterias que atendam aos padr\u00f5es de efici\u00eancia e ao mesmo tempo sejam ecologicamente corretas causou um crescimento exponencial nesta ind\u00fastria.<\/p>","protected":false},"author":1,"featured_media":63899,"parent":14514,"menu_order":268,"comment_status":"closed","ping_status":"closed","template":"","meta":{"footnotes":""},"class_list":["post-42565","page","type-page","status-publish","has-post-thumbnail"],"_links":{"self":[{"href":"https:\/\/www.sisinternational.com\/pt\/wp-json\/wp\/v2\/pages\/42565","targetHints":{"allow":["GET"]}}],"collection":[{"href":"https:\/\/www.sisinternational.com\/pt\/wp-json\/wp\/v2\/pages"}],"about":[{"href":"https:\/\/www.sisinternational.com\/pt\/wp-json\/wp\/v2\/types\/page"}],"author":[{"embeddable":true,"href":"https:\/\/www.sisinternational.com\/pt\/wp-json\/wp\/v2\/users\/1"}],"replies":[{"embeddable":true,"href":"https:\/\/www.sisinternational.com\/pt\/wp-json\/wp\/v2\/comments?post=42565"}],"version-history":[{"count":7,"href":"https:\/\/www.sisinternational.com\/pt\/wp-json\/wp\/v2\/pages\/42565\/revisions"}],"predecessor-version":[{"id":85012,"href":"https:\/\/www.sisinternational.com\/pt\/wp-json\/wp\/v2\/pages\/42565\/revisions\/85012"}],"up":[{"embeddable":true,"href":"https:\/\/www.sisinternational.com\/pt\/wp-json\/wp\/v2\/pages\/14514"}],"wp:featuredmedia":[{"embeddable":true,"href":"https:\/\/www.sisinternational.com\/pt\/wp-json\/wp\/v2\/media\/63899"}],"wp:attachment":[{"href":"https:\/\/www.sisinternational.com\/pt\/wp-json\/wp\/v2\/media?parent=42565"}],"curies":[{"name":"wp","href":"https:\/\/api.w.org\/{rel}","templated":true}]}}