{"id":42561,"date":"2023-04-28T15:44:45","date_gmt":"2023-04-28T19:44:45","guid":{"rendered":"https:\/\/www.sisinternational.com\/?page_id=42561"},"modified":"2026-01-27T16:48:51","modified_gmt":"2026-01-27T21:48:51","slug":"pesquisa-de-mercado-de-etnografia-asiatica","status":"publish","type":"page","link":"https:\/\/www.sisinternational.com\/pt\/cobertura\/pesquisa-de-mercado-asia\/pesquisa-de-mercado-de-etnografia-asiatica\/","title":{"rendered":"Pesquisa de Mercado de Etnografia da \u00c1sia"},"content":{"rendered":"<h1 class=\"wp-block-heading\">Pesquisa de Mercado de Etnografia da \u00c1sia<\/h1>\n\n\n\n<figure class=\"gb-block-image gb-block-image-f55cd3ef\"><img loading=\"lazy\" decoding=\"async\" width=\"1456\" height=\"816\" class=\"gb-image gb-image-f55cd3ef\" src=\"https:\/\/www.sisinternational.com\/wp-content\/uploads\/2025\/09\/Asia-33.jpg\" alt=\"Pesquisa e Estrat\u00e9gia de Mercado Internacional da SIS\" title=\"Asia (33)\" srcset=\"https:\/\/www.sisinternational.com\/wp-content\/uploads\/2025\/09\/Asia-33.jpg 1456w, https:\/\/www.sisinternational.com\/wp-content\/uploads\/2025\/09\/Asia-33-300x168.jpg 300w, https:\/\/www.sisinternational.com\/wp-content\/uploads\/2025\/09\/Asia-33-1024x574.jpg 1024w, https:\/\/www.sisinternational.com\/wp-content\/uploads\/2025\/09\/Asia-33-768x430.jpg 768w, https:\/\/www.sisinternational.com\/wp-content\/uploads\/2025\/09\/Asia-33-18x10.jpg 18w\" sizes=\"auto, (max-width: 1456px) 100vw, 1456px\"><\/figure>\n\n\n\n<div><\/div>\n\n\n\n<div>&nbsp;<\/div>\n\n\n\n<div><hr><\/div>\n\n\n\n<div>The ability to comprehend the sociocultural and economic traits of Asian markets has become indispensable for companies seeking success in them. Therefore, the importance of having targeted and localized marketing strategies has increased significantly with the multiple cultural variations and traditions in Asia\u2014and Asia ethnography market research focuses on understanding the unique cultural landscape of the targeted market.<\/div>\n\n\n\n<h2 class=\"wp-block-heading\">O papel da pesquisa de mercado de etnografia asi\u00e1tica no cen\u00e1rio empresarial atual<\/h2>\n\n\n\n<p>Ajuda as empresas a expandir constantemente as suas opera\u00e7\u00f5es al\u00e9m-fronteiras, entrando em novos mercados. Esta expans\u00e3o exige que as empresas adaptem os seus servi\u00e7os com base nas prefer\u00eancias regionais, ao mesmo tempo que gerem as complexidades das varia\u00e7\u00f5es interculturais.<\/p>\n\n\n\n<p>To address these challenges and ensure business success in this fiercely competitive landscape, it is necessary to conduct Asia <a class=\"wpil_keyword_link\" href=\"https:\/\/www.sisinternational.com\/pt\/solucoes\/solucoes-de-pesquisa-quantitativa-qualitativa\/etnografia\/\"   title=\"Pesquisa de Mercado Etnogr\u00e1fica\" data-wpil-keyword-link=\"linked\"  data-wpil-monitor-id=\"370\">ethnography market research<\/a> to remain competitive amidst rising competition from other firms that are also expanding their reach across Asia.<\/p>\n\n\n\n<p>Al\u00e9m disso, <a href=\"https:\/\/www.sisinternational.com\/pt\/como-elaborar-pesquisas-sobre-questoes-culturais-do-japao\/\" title=\"Como elaborar pesquisas para o Jap\u00e3o; Cultura \u00e9 importante!\"  data-wpil-monitor-id=\"4407\">Asia ethnography market research<\/a> is key to understanding cultural variations and their target audiences better as well as the particular obstacles they encounter in every market. Employing ethnographic research methods allows companies to acquire important knowledge about consumer attitudes and behavior in specific cultural settings.<\/p>\n\n\n\n<h2 class=\"wp-block-heading\">Key Countries and Regions for Asia Ethnography Market Research Landscape<\/h2>\n\n\n\n<ul class=\"wp-block-list\">\n<li><strong>China:<\/strong> A China \u00e9 a segunda economia mais forte do mundo e h\u00e1 in\u00fameras oportunidades \u00e0 espera das empresas. Navegar neste pa\u00eds complexo com uma cultura e um ambiente regulat\u00f3rio distintos exige que as empresas realizem pesquisas etnogr\u00e1ficas abrangentes.<\/li>\n\n\n\n<li><strong>\u00cdndia:<\/strong> As more people join the country&#8217;s burgeoning middle-class each, this creates vast opportunities for firms looking to explore this market \u2013 and <a href=\"https:\/\/www.sisinternational.com\/pt\/a-voz-dos-consumidores-indianos\/\" title=\"A voz dos consumidores indianos\"  data-wpil-monitor-id=\"2423\">Asia ethnography market research<\/a> is a major tool for understanding consumer behavior in this heterogeneous market.<\/li>\n\n\n\n<li><strong>Jap\u00e3o:<\/strong> Devido a ter uma sociedade modernizada estabelecida, baseada em avan\u00e7os de alta tecnologia misturados com valores tradicionais, in\u00fameras empresas procuram uma entrada bem-sucedida no mercado japon\u00eas.<\/li>\n\n\n\n<li><strong>Sudeste da \u00c1sia:<\/strong> The presence of Indonesia, Malaysia, the Philippines, Singapore, Thailand, and Vietnam makes Southeast Asia a culturally diverse and rapidly growing region. To comprehend distinctive customer behavior patterns across several nations or areas companies must conduct important Asia <a href=\"https:\/\/www.sisinternational.com\/pt\/pericia\/curriculos-de-experiencia\/curriculo-de-experiencia-em-estudos-de-etnografia\/\" title=\"Experi\u00eancia em pesquisa de mercado em etnografia\"  data-wpil-monitor-id=\"6351\">ethnography market research<\/a>.<\/li>\n<\/ul>\n\n\n\n<h2 class=\"wp-block-heading\">Pr\u00e1ticas bem-sucedidas de pesquisa de mercado etnogr\u00e1fica<\/h2>\n\n\n\n<p>Para garantir resultados bem sucedidos neste tipo de investiga\u00e7\u00e3o, \u00e9 crucial colaborar estreitamente com investigadores locais. A parceria com investigadores locais que possuem conhecimento em primeira m\u00e3o da l\u00edngua, da cultura e da comunidade pode ajudar a superar as barreiras lingu\u00edsticas e de comunica\u00e7\u00e3o, bem como os mal-entendidos culturais. Pode facilitar o acesso a comunidades e ambientes que de outra forma seriam dif\u00edceis de alcan\u00e7ar.<\/p>\n\n\n\n<p>Al\u00e9m disso, abra\u00e7ar a incerteza e a natureza iterativa da investiga\u00e7\u00e3o etnogr\u00e1fica pode levar a uma compreens\u00e3o mais rica e matizada do p\u00fablico-alvo e do mercado. Isto \u00e9 conseguido demonstrando respeito pelos costumes, cren\u00e7as e pr\u00e1ticas locais, o que \u00e9 crucial para estabelecer confian\u00e7a e relacionamento com os participantes e as comunidades.<\/p>\n\n\n\n<p>\u00c9 tamb\u00e9m crucial empregar uma combina\u00e7\u00e3o de m\u00e9todos de investiga\u00e7\u00e3o que melhor se adaptem ao contexto cultural espec\u00edfico e que os objectivos da investiga\u00e7\u00e3o possam melhorar a qualidade e a profundidade dos dados recolhidos.<\/p>\n\n\n\n<h2 class=\"wp-block-heading\">Benef\u00edcios<\/h2>\n\n\n\n<p>By studying people and cultures within Asian societies at a deep level through <a href=\"https:\/\/www.sisinternational.com\/pt\/mercado-de-varejo-asiatico\/\" title=\"Pesquisa de mercado de varejo asi\u00e1tico\"  data-wpil-monitor-id=\"2686\">Asia ethnography market research<\/a>, businesses aim to understand their behaviors and beliefs which can provide valuable insights to enter or expand in the Asian market.<\/p>\n\n\n\n<ul class=\"wp-block-list\">\n<li>Atrav\u00e9s da realiza\u00e7\u00e3o de pesquisas etnogr\u00e1ficas na \u00c1sia, os pesquisadores s\u00e3o capazes de obter uma compreens\u00e3o profunda das complexas nuances e valores culturais que existem em v\u00e1rias sociedades asi\u00e1ticas, o que torna crucial o sucesso das empresas na regi\u00e3o.<\/li>\n\n\n\n<li>The use of Asia <a href=\"https:\/\/www.sisinternational.com\/pt\/solucoes\/solucoes-de-branding-e-pesquisa-de-clientes\/pesquisa-etnografica-em-video\/\" title=\"Pesquisa Etnogr\u00e1fica em V\u00eddeo\"  data-wpil-monitor-id=\"6792\">ethnography market research<\/a> helps to expose the underlying motivations and drivers behind consumer behavior that cannot be identified through quantitative research methods.<\/li>\n\n\n\n<li>It uncovers unmet needs and gaps in the market. <a href=\"https:\/\/www.sisinternational.com\/pt\/oportunidades-de-mercado-no-sudeste-da-asia\/\" title=\"Pesquisa de oportunidades de mercado no Sudeste Asi\u00e1tico\"  data-wpil-monitor-id=\"2463\">Asia ethnography market research<\/a> can benefit businesses looking to capitalize on these opportunities and understand consumer pain points and desires.<\/li>\n\n\n\n<li>Estabelecer empatia por meio de pesquisa etnogr\u00e1fica permite que as empresas construam conex\u00f5es mais fortes com seus consumidores-alvo e promovam a confian\u00e7a, ao mesmo tempo em que projetam produtos e servi\u00e7os mais centrados no usu\u00e1rio e, ao mesmo tempo, criam mensagens de marketing que realmente repercutem no p\u00fablico.<\/li>\n\n\n\n<li><a href=\"https:\/\/www.sisinternational.com\/pt\/pesquisa-de-mercado-nas-cidades-de-segundo-nivel-da-china\/\" title=\"Pesquisa de mercado nas cidades de segundo n\u00edvel da China\"  data-wpil-monitor-id=\"7611\">Asia ethnography market research<\/a> can provide businesses with rich and qualitative data that can inform their strategic decision-making when entering or expanding into the region. Making use of this data helps companies improve their decision-making processes for product development along with marketing and customer service strategies.<\/li>\n\n\n\n<li>Gaining insight into competitor strategies and consumer perceptions of their products and services is possible through <a href=\"https:\/\/www.sisinternational.com\/pt\/rotulagem-de-produtos-nutricionais-asia\/\" title=\"Rotulagem e produtos nutricionais na pesquisa de mercado da \u00c1sia\"  data-wpil-monitor-id=\"2478\">Asia ethnography market research<\/a> which offers businesses the opportunity to distinguish themselves from other companies and obtain a competitive advantage.<\/li>\n<\/ul>\n\n\n\n<h2 class=\"wp-block-heading\">Desafios<\/h2>\n\n\n\n<p>Despite the numerous benefits of ethnographic <a href=\"https:\/\/www.sisinternational.com\/pt\/pericia\/industrias\/pesquisa-de-mercado-de-moteis\/\" title=\"Pesquisa de mercado de mot\u00e9is\"  data-wpil-monitor-id=\"3127\">research in the Asian market<\/a>, researchers face several challenges in conducting such studies such as:<\/p>\n\n\n\n<ul class=\"wp-block-list\">\n<li><strong>Barreiras de idioma e comunica\u00e7\u00e3o:<\/strong> A diversidade de l\u00ednguas faladas na \u00c1sia pode representar desafios significativos para os investigadores que tentam obter conhecimentos sobre as comunidades locais. Assim, garantir tradu\u00e7\u00f5es e interpreta\u00e7\u00f5es precisas \u00e9 crucial para manter a integridade dos resultados da investiga\u00e7\u00e3o.<\/li>\n\n\n\n<li><strong>Diferen\u00e7as e sensibilidades culturais:<\/strong> A vasta diversidade cultural na \u00c1sia exige uma compreens\u00e3o profunda dos costumes, cren\u00e7as e pr\u00e1ticas locais para evitar ofender involuntariamente os participantes.<\/li>\n\n\n\n<li><strong>Considera\u00e7\u00f5es \u00e9ticas:<\/strong> Garantir o consentimento informado, a confidencialidade e o anonimato dos participantes \u00e9 crucial para a condu\u00e7\u00e3o de pesquisas \u00e9ticas.<\/li>\n\n\n\n<li><a href=\"https:\/\/www.sisinternational.com\/pt\/pericia\/industrias\/pesquisa-de-mercado-de-logistica-de-terceiros\/\" title=\"Pesquisa de mercado de log\u00edstica de terceiros\"  data-wpil-monitor-id=\"7594\">Logistical challenges: Conducting ethnographic research<\/a> in Asia may involve traveling to remote locations and navigating unfamiliar environments, which can be time-consuming and resource-intensive.<\/li>\n<\/ul>\n\n\n\n<h2 class=\"wp-block-heading\">Perspectivas futuras da pesquisa de mercado de etnografia da \u00c1sia<\/h2>\n\n\n\n<p>Espera-se que as tecnologias emergentes, incluindo a realidade virtual e a intelig\u00eancia artificial, tenham um grande impacto na pesquisa de mercado de etnografia da \u00c1sia. Isso resultar\u00e1 em coleta e an\u00e1lise de dados mais eficientes durante estudos etnogr\u00e1ficos.<\/p>\n\n\n\n<p>Combining multiple research methodologies like quantitative and qualitative approaches along with digital methods is likely to be seen in the future of <a href=\"https:\/\/www.sisinternational.com\/pt\/pericia\/industrias\/pesquisa-de-mercado-de-fertilizantes-potassicos\/\" title=\"Pesquisa de mercado de fertilizantes pot\u00e1ssicos\"  data-wpil-monitor-id=\"3132\">Asia ethnography<\/a> market research as it leads to a more comprehensive understanding of consumer behavior and preferences.<\/p>\n\n\n\n<p>Pode-se esperar um maior foco na segmenta\u00e7\u00e3o dos mercados emergentes na regi\u00e3o \u00c1sia-Pac\u00edfico, \u00e0 medida que os pa\u00edses da regi\u00e3o continuam a registar crescimento econ\u00f3mico.<\/p>\n\n\n\n<h2 class=\"wp-block-heading\">Sobre SIS Internacional<\/h2>\n\n\n\n<p><a href=\"https:\/\/www.linkedin.com\/company\/sisinternationalresearch\/\" target=\"_blank\" rel=\"noopener\"><span style=\"font-weight: 400;\">SIS Internacional<\/span><\/a> offers Quantitative, Qualitative, and Strategy Research. We provide data, tools, strategies, reports and insights for decision-making. We conduct interviews, surveys, focus groups and many other Market Research methods and approaches. Contact us for your next Market Research project<\/p>","protected":false},"excerpt":{"rendered":"<p>A pesquisa de mercado de etnografia asi\u00e1tica concentra-se na compreens\u00e3o da paisagem cultural \u00fanica do mercado-alvo.<\/p>","protected":false},"author":1,"featured_media":65765,"parent":14508,"menu_order":86,"comment_status":"closed","ping_status":"closed","template":"","meta":{"footnotes":""},"class_list":["post-42561","page","type-page","status-publish","has-post-thumbnail"],"_links":{"self":[{"href":"https:\/\/www.sisinternational.com\/pt\/wp-json\/wp\/v2\/pages\/42561","targetHints":{"allow":["GET"]}}],"collection":[{"href":"https:\/\/www.sisinternational.com\/pt\/wp-json\/wp\/v2\/pages"}],"about":[{"href":"https:\/\/www.sisinternational.com\/pt\/wp-json\/wp\/v2\/types\/page"}],"author":[{"embeddable":true,"href":"https:\/\/www.sisinternational.com\/pt\/wp-json\/wp\/v2\/users\/1"}],"replies":[{"embeddable":true,"href":"https:\/\/www.sisinternational.com\/pt\/wp-json\/wp\/v2\/comments?post=42561"}],"version-history":[{"count":17,"href":"https:\/\/www.sisinternational.com\/pt\/wp-json\/wp\/v2\/pages\/42561\/revisions"}],"predecessor-version":[{"id":81234,"href":"https:\/\/www.sisinternational.com\/pt\/wp-json\/wp\/v2\/pages\/42561\/revisions\/81234"}],"up":[{"embeddable":true,"href":"https:\/\/www.sisinternational.com\/pt\/wp-json\/wp\/v2\/pages\/14508"}],"wp:featuredmedia":[{"embeddable":true,"href":"https:\/\/www.sisinternational.com\/pt\/wp-json\/wp\/v2\/media\/65765"}],"wp:attachment":[{"href":"https:\/\/www.sisinternational.com\/pt\/wp-json\/wp\/v2\/media?parent=42561"}],"curies":[{"name":"wp","href":"https:\/\/api.w.org\/{rel}","templated":true}]}}