{"id":42412,"date":"2023-04-16T15:12:17","date_gmt":"2023-04-16T19:12:17","guid":{"rendered":"https:\/\/www.sisinternational.com\/?page_id=42412"},"modified":"2026-03-12T12:49:45","modified_gmt":"2026-03-12T16:49:45","slug":"pesquisa-de-mercado-de-robos-cirurgicos","status":"publish","type":"page","link":"https:\/\/www.sisinternational.com\/pt\/solucoes\/pesquisa-de-mercado-de-saude\/pesquisa-de-mercado-de-robos-cirurgicos\/","title":{"rendered":"Pesquisa de mercado de rob\u00f4s cir\u00fargicos"},"content":{"rendered":"<h1 class=\"wp-block-heading\">Pesquisa de mercado de rob\u00f4s cir\u00fargicos<\/h1>\n\n\n\n<figure class=\"gb-block-image gb-block-image-acb65840\"><img loading=\"lazy\" decoding=\"async\" width=\"1456\" height=\"816\" class=\"gb-image gb-image-acb65840\" src=\"https:\/\/www.sisinternational.com\/wp-content\/uploads\/2025\/08\/Surgical-robot-3.jpg\" alt=\"Pesquisa e Estrat\u00e9gia de Mercado Internacional da SIS\" title=\"Surgical robot (3)\" srcset=\"https:\/\/www.sisinternational.com\/wp-content\/uploads\/2025\/08\/Surgical-robot-3.jpg 1456w, https:\/\/www.sisinternational.com\/wp-content\/uploads\/2025\/08\/Surgical-robot-3-300x168.jpg 300w, https:\/\/www.sisinternational.com\/wp-content\/uploads\/2025\/08\/Surgical-robot-3-1024x574.jpg 1024w, https:\/\/www.sisinternational.com\/wp-content\/uploads\/2025\/08\/Surgical-robot-3-768x430.jpg 768w, https:\/\/www.sisinternational.com\/wp-content\/uploads\/2025\/08\/Surgical-robot-3-18x10.jpg 18w\" sizes=\"auto, (max-width: 1456px) 100vw, 1456px\"><\/figure>\n\n\n\n<p><\/p>\n\n\n\n<p>O campo da rob\u00f3tica tem visto enormes avan\u00e7os nos \u00faltimos anos, trazendo inova\u00e7\u00e3o para v\u00e1rios setores e aumentando a produtividade. Particularmente, a rob\u00f3tica teve um impacto significativo na sa\u00fade atrav\u00e9s do desenvolvimento e implementa\u00e7\u00e3o de rob\u00f4s cir\u00fargicos.<\/p>\n\n\n\n<p>Por esta raz\u00e3o, a pesquisa de mercado de rob\u00f4s cir\u00fargicos desempenha um papel crucial na compreens\u00e3o das tend\u00eancias atuais, tecnologias emergentes e potencial futuro desta ind\u00fastria em r\u00e1pida evolu\u00e7\u00e3o \u2013 e uma an\u00e1lise abrangente do mercado de rob\u00f4s cir\u00fargicos torna-se essencial para que as empresas tomem decis\u00f5es informadas e permane\u00e7am \u00e0 frente. da competi\u00e7\u00e3o.<\/p>\n\n\n\n<h2 class=\"wp-block-heading\">A import\u00e2ncia da pesquisa de mercado de rob\u00f4s cir\u00fargicos no cen\u00e1rio empresarial atual<\/h2>\n\n\n\n<p>As the healthcare industry continues to evolve, the demand for more advanced and efficient surgical solutions has grown, paving the way for the rapid development and adoption of surgical robots. That\u2019s why surgical <a href=\"https:\/\/www.sisinternational.com\/pt\/pericia\/industrias\/pesquisa-de-mercado-de-robotica\/\" title=\"Pesquisa de mercado de rob\u00f3tica\"  data-wpil-monitor-id=\"5950\">robot market research<\/a> is relevant for several stakeholders such as manufacturers, healthcare providers, investors, and policymakers; to understand and capitalize on the opportunities surgical robots present.<\/p>\n\n\n\n<p>A pesquisa de mercado de rob\u00f4s cir\u00fargicos \u00e9 especialmente importante para competir em um mercado liderado por empresas como Intuitive Surgical, Stryker Corporation, Medtronic, Smith &amp; Nephew e Zimmer Biomet. Essas empresas t\u00eam forte presen\u00e7a no mercado, amplos portf\u00f3lios de produtos e investimentos significativos em pesquisa e desenvolvimento.<\/p>\n\n\n\n<p>In any case, some key reasons why surgical robot <a href=\"https:\/\/www.sisinternational.com\/pt\/pericia\/industrias\/pesquisa-de-mercado-de-restaurantes-fast-casual\/\" title=\"Pesquisa de mercado de restaurantes casuais r\u00e1pidos\"  data-wpil-monitor-id=\"5939\">market research is growing so fast<\/a> are the following:<\/p>\n\n\n\n<ul class=\"wp-block-list\">\n<li><strong>Identificando tend\u00eancias de mercado:<\/strong> Obter insights aprofundados sobre as \u00faltimas tend\u00eancias e avan\u00e7os tecnol\u00f3gicos na ind\u00fastria de rob\u00f4s cir\u00fargicos \u00e9 essencial para que as empresas mantenham uma vantagem competitiva. A pesquisa de mercado de rob\u00f4s cir\u00fargicos visa identificar essas tend\u00eancias, permitindo que as empresas desenvolvam produtos e solu\u00e7\u00f5es inovadoras que atendam \u00e0s crescentes necessidades dos prestadores de cuidados de sa\u00fade.<\/li>\n\n\n\n<li><strong>Compreendendo a din\u00e2mica do mercado:<\/strong> A ind\u00fastria de rob\u00f4s cir\u00fargicos \u00e9 controlada por fatores como regulamenta\u00e7\u00f5es governamentais e a preval\u00eancia de doen\u00e7as cr\u00f4nicas \u2013 e a pesquisa de mercado de rob\u00f4s cir\u00fargicos fornece insights valiosos sobre esses fatores, ajudando as empresas globais a tomar decis\u00f5es bem informadas.<\/li>\n\n\n\n<li><strong>Avaliando o potencial de mercado:<\/strong> A pesquisa de mercado de rob\u00f4s cir\u00fargicos ajuda as empresas a obter uma imagem do tamanho do mercado, do potencial de crescimento e da demanda futura por solu\u00e7\u00f5es cir\u00fargicas rob\u00f3ticas. Esses dados s\u00e3o essenciais para empresas que buscam expandir sua presen\u00e7a no mercado e investir neste setor.<\/li>\n\n\n\n<li><strong>Analise competitiva:<\/strong> Ajuda as empresas a compreender os pontos fortes e fracos dos seus concorrentes com uma an\u00e1lise aprofundada dos principais intervenientes no mercado, das suas ofertas de produtos e das suas estrat\u00e9gias de mercado.<\/li>\n\n\n\n<li><strong>Identificando oportunidades de crescimento:<\/strong> A pesquisa de mercado de rob\u00f4s cir\u00fargicos ajuda as empresas a identificar mercados inexplorados, segmentos de nicho e aplica\u00e7\u00f5es emergentes que podem oferecer oportunidades de crescimento significativas.<\/li>\n<\/ul>\n\n\n\n<h2 class=\"wp-block-heading\">Pesquisa de mercado de rob\u00f4s cir\u00fargicos: tend\u00eancias e motivadores<\/h2>\n\n\n\n<figure class=\"gb-block-image gb-block-image-04ced8d8\"><img loading=\"lazy\" decoding=\"async\" width=\"1456\" height=\"816\" class=\"gb-image gb-image-04ced8d8\" src=\"https:\/\/www.sisinternational.com\/wp-content\/uploads\/2025\/08\/Surgical-robot-5.jpg\" alt=\"Pesquisa e Estrat\u00e9gia de Mercado Internacional da SIS\" title=\"Surgical robot (5)\" srcset=\"https:\/\/www.sisinternational.com\/wp-content\/uploads\/2025\/08\/Surgical-robot-5.jpg 1456w, https:\/\/www.sisinternational.com\/wp-content\/uploads\/2025\/08\/Surgical-robot-5-300x168.jpg 300w, https:\/\/www.sisinternational.com\/wp-content\/uploads\/2025\/08\/Surgical-robot-5-1024x574.jpg 1024w, https:\/\/www.sisinternational.com\/wp-content\/uploads\/2025\/08\/Surgical-robot-5-768x430.jpg 768w, https:\/\/www.sisinternational.com\/wp-content\/uploads\/2025\/08\/Surgical-robot-5-18x10.jpg 18w\" sizes=\"auto, (max-width: 1456px) 100vw, 1456px\"><\/figure>\n\n\n\n<ul class=\"wp-block-list\">\n<li>Inova\u00e7\u00f5es cont\u00ednuas em tecnologias rob\u00f3ticas est\u00e3o impulsionando o mercado de rob\u00f4s cir\u00fargicos. Desenvolvimentos como visualiza\u00e7\u00e3o 3D, intelig\u00eancia artificial (IA) e aprendizado de m\u00e1quina (ML) est\u00e3o revolucionando os procedimentos cir\u00fargicos, fornecendo orienta\u00e7\u00e3o em tempo real e suporte \u00e0 tomada de decis\u00f5es.<\/li>\n\n\n\n<li>H\u00e1 uma prefer\u00eancia crescente por cirurgias minimamente invasivas e os rob\u00f4s cir\u00fargicos s\u00e3o adequados para essas tarefas. Eles oferecem maior precis\u00e3o e controle, tornando-os uma op\u00e7\u00e3o atraente para cirurgi\u00f5es que realizam procedimentos complexos.<\/li>\n\n\n\n<li>A crescente preval\u00eancia de doen\u00e7as cr\u00f3nicas, como o cancro e a obesidade, tem levado a uma procura crescente de interven\u00e7\u00f5es cir\u00fargicas. A pesquisa de mercado de rob\u00f4s cir\u00fargicos pode ser uma alternativa para solu\u00e7\u00f5es cir\u00fargicas eficientes e precisas.<\/li>\n\n\n\n<li>Os governos e os prestadores de cuidados de sa\u00fade privados est\u00e3o a investir em infraestruturas de sa\u00fade avan\u00e7adas para melhorar a qualidade do atendimento aos pacientes \u2013 e a investiga\u00e7\u00e3o do mercado de rob\u00f4s cir\u00fargicos ajuda a impulsionar a ado\u00e7\u00e3o de tecnologias de ponta.<\/li>\n\n\n\n<li>As empresas do mercado de rob\u00f4s cir\u00fargicos est\u00e3o cada vez mais engajadas em parcerias e colabora\u00e7\u00f5es para alavancar a experi\u00eancia, os recursos e a presen\u00e7a de mercado umas das outras. Estas colabora\u00e7\u00f5es centram-se frequentemente no desenvolvimento de novas tecnologias, na expans\u00e3o da oferta de produtos ou na entrada em novos mercados.<\/li>\n<\/ul>\n\n\n\n<h2 class=\"wp-block-heading\">Desafios do mercado<\/h2>\n\n\n\n<ul class=\"wp-block-list\">\n<li><strong>Altos custos de rob\u00f4s cir\u00fargicos:<\/strong> O investimento inicial necess\u00e1rio para a compra de um sistema rob\u00f3tico cir\u00fargico \u00e9 caro para muitas instala\u00e7\u00f5es de sa\u00fade, especialmente nas economias emergentes.<\/li>\n\n\n\n<li><strong>Consci\u00eancia limitada nos mercados emergentes:<\/strong> Apesar da crescente procura por solu\u00e7\u00f5es cir\u00fargicas avan\u00e7adas, ainda h\u00e1 conhecimento e ado\u00e7\u00e3o limitados de rob\u00f4s cir\u00fargicos em muitos mercados emergentes.<\/li>\n\n\n\n<li><strong>Preocupa\u00e7\u00f5es regulat\u00f3rias:<\/strong> O mercado de rob\u00f4s cir\u00fargicos est\u00e1 sujeito a rigorosos requisitos regulat\u00f3rios e escrut\u00ednio, uma vez que a seguran\u00e7a do paciente e os resultados cir\u00fargicos s\u00e3o de suma import\u00e2ncia. O processo de aprova\u00e7\u00e3o de novos sistemas e tecnologias rob\u00f3ticas pode ser demorado e complexo, atrasando potencialmente a entrada no mercado e impactando o crescimento geral da ind\u00fastria.<\/li>\n\n\n\n<li><strong>Preocupa\u00e7\u00f5es com seguran\u00e7a cibern\u00e9tica:<\/strong> \u00c0 medida que os rob\u00f4s cir\u00fargicos se tornam cada vez mais conectados e integrados nos sistemas de sa\u00fade, surgem preocupa\u00e7\u00f5es relacionadas com a seguran\u00e7a cibern\u00e9tica e a privacidade dos dados.<\/li>\n<\/ul>\n\n\n\n<h2 class=\"wp-block-heading\">Oportunidades em pesquisa de mercado de rob\u00f4s cir\u00fargicos<\/h2>\n\n\n\n<figure class=\"gb-block-image gb-block-image-4284349a\"><img loading=\"lazy\" decoding=\"async\" width=\"1456\" height=\"816\" class=\"gb-image gb-image-4284349a\" src=\"https:\/\/www.sisinternational.com\/wp-content\/uploads\/2025\/08\/Surgical-robot-4.jpg\" alt=\"Pesquisa e Estrat\u00e9gia de Mercado Internacional da SIS\" title=\"Surgical robot (4)\" srcset=\"https:\/\/www.sisinternational.com\/wp-content\/uploads\/2025\/08\/Surgical-robot-4.jpg 1456w, https:\/\/www.sisinternational.com\/wp-content\/uploads\/2025\/08\/Surgical-robot-4-300x168.jpg 300w, https:\/\/www.sisinternational.com\/wp-content\/uploads\/2025\/08\/Surgical-robot-4-1024x574.jpg 1024w, https:\/\/www.sisinternational.com\/wp-content\/uploads\/2025\/08\/Surgical-robot-4-768x430.jpg 768w, https:\/\/www.sisinternational.com\/wp-content\/uploads\/2025\/08\/Surgical-robot-4-18x10.jpg 18w\" sizes=\"auto, (max-width: 1456px) 100vw, 1456px\"><\/figure>\n\n\n\n<p><\/p>\n\n\n\n<p>Espera-se que o mercado de rob\u00f4s cir\u00fargicos tenha um crescimento significativo, impulsionado pelos avan\u00e7os tecnol\u00f3gicos, pelo aumento da demanda por cirurgias minimamente invasivas e pelo crescente envelhecimento da popula\u00e7\u00e3o. Portanto, a pesquisa de mercado de rob\u00f4s cir\u00fargicos desempenhar\u00e1 um papel vital nas seguintes \u00e1reas:<\/p>\n\n\n\n<ul class=\"wp-block-list\">\n<li><strong>Expans\u00e3o em mercados emergentes:<\/strong> The surgical robot market is expected to experience considerable growth in emerging markets such as Asia-Pacific, Latin America, and <a href=\"https:\/\/www.sisinternational.com\/pt\/pesquisa-de-mercado-de-saude-emea\/\" title=\"Pesquisa de mercado de sa\u00fade na Europa\"  data-wpil-monitor-id=\"7040\">Africa since healthcare<\/a> infrastructure in these regions continues to improve. Companies can capitalize on this opportunity by expanding their presence in these markets and tailoring their offerings to meet local needs.<\/li>\n\n\n\n<li><strong>Maior integra\u00e7\u00e3o de IA e ML:<\/strong> A incorpora\u00e7\u00e3o de IA e ML em sistemas rob\u00f3ticos cir\u00fargicos tem o potencial de revolucionar a ind\u00fastria. Essas tecnologias podem aprimorar as capacidades dos rob\u00f4s cir\u00fargicos, fornecendo orienta\u00e7\u00e3o em tempo real, an\u00e1lises preditivas e suporte \u00e0 tomada de decis\u00f5es, melhorando os resultados cir\u00fargicos e o atendimento ao paciente.<\/li>\n\n\n\n<li><strong>Desenvolvimento de rob\u00f4s cir\u00fargicos econ\u00f4micos:<\/strong> Os elevados custos associados aos rob\u00f4s cir\u00fargicos s\u00e3o uma barreira \u00e0 sua ado\u00e7\u00e3o generalizada. As empresas que puderem desenvolver sistemas rob\u00f3ticos mais acess\u00edveis e econ\u00f4micos, mantendo a qualidade e o desempenho, estar\u00e3o bem posicionadas para capturar uma fatia maior do mercado e impulsionar uma maior ado\u00e7\u00e3o.<\/li>\n\n\n\n<li><strong>Avan\u00e7os na cirurgia remota:<\/strong> Com a crescente ado\u00e7\u00e3o da telemedicina e a crescente necessidade de solu\u00e7\u00f5es cir\u00fargicas remotas, existe um potencial significativo de crescimento no desenvolvimento de rob\u00f4s cir\u00fargicos capazes de realizar procedimentos remotos.<\/li>\n\n\n\n<li><strong>Explora\u00e7\u00e3o de novas aplica\u00e7\u00f5es:<\/strong> \u00c0 medida que as tecnologias de rob\u00f4s cir\u00fargicos continuam a avan\u00e7ar, novas aplica\u00e7\u00f5es e especialidades m\u00e9dicas podem beneficiar da ado\u00e7\u00e3o de solu\u00e7\u00f5es rob\u00f3ticas. As empresas podem explorar estas \u00e1reas emergentes, identificar necessidades n\u00e3o satisfeitas e desenvolver rob\u00f4s cir\u00fargicos especializados para atender a procedimentos ou popula\u00e7\u00f5es de pacientes espec\u00edficos, expandindo assim o seu alcance de mercado e ofertas de produtos.<\/li>\n<\/ul>\n\n\n\n<p>A SIS International oferece Pesquisa Quantitativa, Qualitativa e Estrat\u00e9gica. Fornecemos dados, ferramentas, estrat\u00e9gias, relat\u00f3rios e insights para tomada de decis\u00f5es. Conduzimos entrevistas, pesquisas, grupos focais e muitos outros m\u00e9todos e abordagens de Pesquisa de Mercado. Contate-nos para o seu pr\u00f3ximo projeto de Pesquisa de Mercado.<\/p>","protected":false},"excerpt":{"rendered":"<p>A rob\u00f3tica teve um impacto significativo na sa\u00fade atrav\u00e9s do desenvolvimento e implementa\u00e7\u00e3o de rob\u00f4s cir\u00fargicos.<\/p>","protected":false},"author":1,"featured_media":64588,"parent":11294,"menu_order":267,"comment_status":"closed","ping_status":"closed","template":"","meta":{"footnotes":""},"class_list":["post-42412","page","type-page","status-publish","has-post-thumbnail"],"_links":{"self":[{"href":"https:\/\/www.sisinternational.com\/pt\/wp-json\/wp\/v2\/pages\/42412","targetHints":{"allow":["GET"]}}],"collection":[{"href":"https:\/\/www.sisinternational.com\/pt\/wp-json\/wp\/v2\/pages"}],"about":[{"href":"https:\/\/www.sisinternational.com\/pt\/wp-json\/wp\/v2\/types\/page"}],"author":[{"embeddable":true,"href":"https:\/\/www.sisinternational.com\/pt\/wp-json\/wp\/v2\/users\/1"}],"replies":[{"embeddable":true,"href":"https:\/\/www.sisinternational.com\/pt\/wp-json\/wp\/v2\/comments?post=42412"}],"version-history":[{"count":6,"href":"https:\/\/www.sisinternational.com\/pt\/wp-json\/wp\/v2\/pages\/42412\/revisions"}],"predecessor-version":[{"id":80604,"href":"https:\/\/www.sisinternational.com\/pt\/wp-json\/wp\/v2\/pages\/42412\/revisions\/80604"}],"up":[{"embeddable":true,"href":"https:\/\/www.sisinternational.com\/pt\/wp-json\/wp\/v2\/pages\/11294"}],"wp:featuredmedia":[{"embeddable":true,"href":"https:\/\/www.sisinternational.com\/pt\/wp-json\/wp\/v2\/media\/64588"}],"wp:attachment":[{"href":"https:\/\/www.sisinternational.com\/pt\/wp-json\/wp\/v2\/media?parent=42412"}],"curies":[{"name":"wp","href":"https:\/\/api.w.org\/{rel}","templated":true}]}}