{"id":42406,"date":"2023-04-16T14:33:23","date_gmt":"2023-04-16T18:33:23","guid":{"rendered":"https:\/\/www.sisinternational.com\/?page_id=42406"},"modified":"2026-01-26T14:31:14","modified_gmt":"2026-01-26T19:31:14","slug":"pesquisa-de-mercado-de-nitrogenio","status":"publish","type":"page","link":"https:\/\/www.sisinternational.com\/pt\/pericia\/pesquisa-de-mercado-de-nitrogenio\/","title":{"rendered":"Pesquisa de mercado de nitrog\u00eanio"},"content":{"rendered":"<h1 class=\"wp-block-heading\">Pesquisa de mercado de nitrog\u00eanio<\/h1>\n\n\n\n<figure class=\"gb-block-image gb-block-image-ee5e0d34\"><img loading=\"lazy\" decoding=\"async\" width=\"1456\" height=\"816\" class=\"gb-image gb-image-ee5e0d34\" src=\"https:\/\/www.sisinternational.com\/wp-content\/uploads\/2025\/08\/Hydrogen-nitrogen-1.jpg\" alt=\"Pesquisa e Estrat\u00e9gia de Mercado Internacional da SIS\" title=\"Hydrogen nitrogen (1)\" srcset=\"https:\/\/www.sisinternational.com\/wp-content\/uploads\/2025\/08\/Hydrogen-nitrogen-1.jpg 1456w, https:\/\/www.sisinternational.com\/wp-content\/uploads\/2025\/08\/Hydrogen-nitrogen-1-300x168.jpg 300w, https:\/\/www.sisinternational.com\/wp-content\/uploads\/2025\/08\/Hydrogen-nitrogen-1-1024x574.jpg 1024w, https:\/\/www.sisinternational.com\/wp-content\/uploads\/2025\/08\/Hydrogen-nitrogen-1-768x430.jpg 768w, https:\/\/www.sisinternational.com\/wp-content\/uploads\/2025\/08\/Hydrogen-nitrogen-1-18x10.jpg 18w\" sizes=\"auto, (max-width: 1456px) 100vw, 1456px\"><\/figure>\n\n\n\n<p><\/p>\n\n\n\n<p>Como elemento essencial, o nitrog\u00eanio \u00e9 amplamente utilizado na agricultura, nos processos industriais e na ind\u00fastria de alimentos e bebidas, entre outros. Como \u00e9 fundamental para a produ\u00e7\u00e3o em diversas ind\u00fastrias, os conhecimentos obtidos a partir da investiga\u00e7\u00e3o do mercado de azoto permitem que as partes interessadas da ind\u00fastria tomem decis\u00f5es informadas, identifiquem oportunidades de crescimento e enfrentem os desafios deste mercado em constante evolu\u00e7\u00e3o.<\/p>\n\n\n\n<h2 class=\"wp-block-heading\">O que \u00e9 pesquisa de mercado de nitrog\u00eanio?<\/h2>\n\n\n\n<p>A pesquisa de mercado de nitrog\u00eanio \u00e9 o processo de coleta sistem\u00e1tica de dados, an\u00e1lise deles e fornecimento de conclus\u00f5es sobre tend\u00eancias, desafios e oportunidades de mercado.<\/p>\n\n\n\n<p>Esta pesquisa \u00e9 de suma import\u00e2ncia para as empresas, pois fornece informa\u00e7\u00f5es e dados valiosos para otimizar as opera\u00e7\u00f5es e capitalizar as oportunidades de crescimento. Ao analisar o mercado de nitrog\u00eanio, as partes interessadas podem compreender melhor a din\u00e2mica, os desafios e as tend\u00eancias da ind\u00fastria, ganhando, em \u00faltima an\u00e1lise, uma vantagem competitiva.<\/p>\n\n\n\n<h3 class=\"wp-block-heading\">Abrange v\u00e1rios aspectos do mercado de nitrog\u00eanio, incluindo:<\/h3>\n\n\n\n<ul class=\"wp-block-list\">\n<li><strong>Taxa de crescimento do mercado:<\/strong> Ajuda a estimar o tamanho do mercado global e o potencial de crescimento do mercado.<\/li>\n\n\n\n<li>Prominent producers and consumers: Identifying the top producers and consumers of nitrogen provides key <a href=\"https:\/\/www.sisinternational.com\/pt\/how-to-conduct-in-depth-interviews-for-market-insights\/\" title=\"Como conduzir entrevistas em profundidade para obter insights de mercado\"  data-wpil-monitor-id=\"9835\">insights into the market&#8217;s<\/a> supply and demand dynamics, highlighting potential areas for expansion or investment.<\/li>\n\n\n\n<li><strong>Principais \u00e1reas de aplica\u00e7\u00e3o:<\/strong> Examinando as principais ind\u00fastrias e aplica\u00e7\u00f5es onde o nitrog\u00eanio \u00e9 empregado, como agricultura, processos industriais e preserva\u00e7\u00e3o de alimentos. Ajuda as partes interessadas a compreender os fatores que impulsionam a procura e a explorar novas aplica\u00e7\u00f5es.<\/li>\n\n\n\n<li><strong>Tend\u00eancias de mercado:<\/strong> A an\u00e1lise das \u00faltimas tend\u00eancias no mercado de nitrog\u00eanio, como avan\u00e7os tecnol\u00f3gicos, ind\u00fastrias emergentes e esfor\u00e7os de sustentabilidade, permite que as partes interessadas permane\u00e7am \u00e0 frente da concorr\u00eancia e se adaptem ao cen\u00e1rio de neg\u00f3cios em evolu\u00e7\u00e3o.<\/li>\n\n\n\n<li><strong>Desafios do mercado:<\/strong> A identifica\u00e7\u00e3o dos principais desafios que a ind\u00fastria enfrenta ajuda as partes interessadas a conceber estrat\u00e9gias para mitigar os riscos e superar esses desafios.<\/li>\n\n\n\n<li><strong>Cen\u00e1rio competitivo:<\/strong> A an\u00e1lise do cen\u00e1rio competitivo, incluindo os principais players do mercado, suas estrat\u00e9gias e desenvolvimentos recentes, permite que as partes interessadas desenvolvam estrat\u00e9gias competitivas e mantenham uma vantagem no mercado.<\/li>\n<\/ul>\n\n\n\n<h2 class=\"wp-block-heading\">Tend\u00eancias de mercado em pesquisa de mercado de nitrog\u00eanio<\/h2>\n\n\n\n<figure class=\"gb-block-image gb-block-image-fdf6de3a\"><img loading=\"lazy\" decoding=\"async\" width=\"1456\" height=\"816\" class=\"gb-image gb-image-fdf6de3a\" src=\"https:\/\/www.sisinternational.com\/wp-content\/uploads\/2025\/08\/Hydrogen-nitrogen-2.jpg\" alt=\"Pesquisa e Estrat\u00e9gia de Mercado Internacional da SIS\" title=\"Hydrogen nitrogen (2)\" srcset=\"https:\/\/www.sisinternational.com\/wp-content\/uploads\/2025\/08\/Hydrogen-nitrogen-2.jpg 1456w, https:\/\/www.sisinternational.com\/wp-content\/uploads\/2025\/08\/Hydrogen-nitrogen-2-300x168.jpg 300w, https:\/\/www.sisinternational.com\/wp-content\/uploads\/2025\/08\/Hydrogen-nitrogen-2-1024x574.jpg 1024w, https:\/\/www.sisinternational.com\/wp-content\/uploads\/2025\/08\/Hydrogen-nitrogen-2-768x430.jpg 768w, https:\/\/www.sisinternational.com\/wp-content\/uploads\/2025\/08\/Hydrogen-nitrogen-2-18x10.jpg 18w\" sizes=\"auto, (max-width: 1456px) 100vw, 1456px\"><\/figure>\n\n\n\n<ul class=\"wp-block-list\">\n<li>\u00c0 medida que as preocupa\u00e7\u00f5es ambientais se tornam mais proeminentes, a investiga\u00e7\u00e3o do mercado de azoto revela uma tend\u00eancia crescente para a adop\u00e7\u00e3o de solu\u00e7\u00f5es sustent\u00e1veis e energeticamente eficientes na produ\u00e7\u00e3o e utiliza\u00e7\u00e3o de azoto.<\/li>\n\n\n\n<li>A pesquisa de mercado de nitrog\u00eanio destaca a influ\u00eancia das pol\u00edticas e regulamenta\u00e7\u00f5es governamentais no cen\u00e1rio do mercado. Estas podem incluir incentivos para m\u00e9todos de produ\u00e7\u00e3o sustent\u00e1veis, restri\u00e7\u00f5es \u00e0 utiliza\u00e7\u00e3o de determinados produtos qu\u00edmicos ou processos e metas de redu\u00e7\u00e3o de emiss\u00f5es. Manter-se informado sobre estas pol\u00edticas e adaptar-se em conformidade \u00e9 crucial para que as empresas prosperem no mercado do azoto hoje em dia.<\/li>\n\n\n\n<li>A pesquisa de mercado de nitrog\u00eanio destaca a tend\u00eancia crescente de utiliza\u00e7\u00e3o de fertilizantes \u00e0 base de nitrog\u00eanio na agricultura de precis\u00e3o. Esta abordagem envolve a aplica\u00e7\u00e3o direcionada de fertilizantes para aumentar o rendimento das culturas, minimizando ao mesmo tempo o impacto ambiental, levando a pr\u00e1ticas agr\u00edcolas mais sustent\u00e1veis.<\/li>\n\n\n\n<li>The use of nitrogen in the <a href=\"https:\/\/www.sisinternational.com\/pt\/solucoes\/pesquisa-de-mercado-da-industria-de-bebidas-alimenticias\/\" title=\"Pesquisa de mercado do setor de alimentos e bebidas\"  data-wpil-monitor-id=\"9834\">food and beverage industry<\/a> is growing, particularly in food packaging and preservation applications.<\/li>\n<\/ul>\n\n\n\n<h2 class=\"wp-block-heading\">Oportunidades de mercado<\/h2>\n\n\n\n<p>A pesquisa de mercado de nitrog\u00eanio \u00e9 fundamental para identificar potenciais oportunidades de mercado que as partes interessadas da ind\u00fastria podem aproveitar para crescimento e expans\u00e3o. Essas oportunidades surgem de tend\u00eancias emergentes, avan\u00e7os tecnol\u00f3gicos e mudan\u00e7as na din\u00e2mica do setor. Algumas principais oportunidades de mercado reveladas atrav\u00e9s da pesquisa de mercado de nitrog\u00eanio s\u00e3o as seguintes:<\/p>\n\n\n\n<ul class=\"wp-block-list\">\n<li>Reciclagem de azoto: \u00c0 medida que as preocupa\u00e7\u00f5es ambientais ganham destaque, h\u00e1 uma procura crescente de solu\u00e7\u00f5es sustent\u00e1veis na ind\u00fastria do azoto. A pesquisa de mercado do nitrog\u00eanio aponta que a oportunidade de desenvolver tecnologias eficientes de recupera\u00e7\u00e3o e reciclagem de nitrog\u00eanio pode minimizar o consumo de recursos, reduzir o desperd\u00edcio e diminuir o impacto ambiental.<\/li>\n\n\n\n<li>Explora\u00e7\u00e3o de m\u00e9todos de produ\u00e7\u00e3o alternativos: A pesquisa de mercado do azoto revela o potencial de explora\u00e7\u00e3o de fontes alternativas e m\u00e9todos de produ\u00e7\u00e3o inovadores para satisfazer a crescente procura de azoto.<\/li>\n\n\n\n<li>Aplica\u00e7\u00f5es potenciais em novas ind\u00fastrias: \u00c0 medida que as ind\u00fastrias evoluem e surgem novos setores, a investiga\u00e7\u00e3o do mercado do azoto mostra o potencial para expandir a utiliza\u00e7\u00e3o do azoto em novas ind\u00fastrias e aplica\u00e7\u00f5es. Isto pode incluir \u00e1reas como armazenamento de energia renov\u00e1vel, materiais avan\u00e7ados e biotecnologia.<\/li>\n\n\n\n<li>Expanding into emerging markets: Nitrogen <a href=\"https:\/\/www.sisinternational.com\/pt\/economia-da-estonia\/\" title=\"Pesquisa de Mercado Econ\u00f4mico na Est\u00f4nia\"  data-wpil-monitor-id=\"2946\">market research identifies emerging<\/a> markets with high growth potential, which can present significant opportunities for industry stakeholders. By expanding into these markets, businesses can tap into new customer bases and diversify their revenue streams.<\/li>\n<\/ul>\n\n\n\n<h2 class=\"wp-block-heading\">Desafios<\/h2>\n\n\n\n<p>A pesquisa de mercado de nitrog\u00eanio \u00e9 essencial para identificar e compreender os desafios enfrentados pelas partes interessadas do setor. Ao estarem conscientes destes desafios, as partes interessadas podem desenvolver estrat\u00e9gias para mitigar riscos e superar obst\u00e1culos. Alguns desafios de mercado revelados s\u00e3o os seguintes:<\/p>\n\n\n\n<ul class=\"wp-block-list\">\n<li><strong>Volatility in raw <\/strong><a href=\"https:\/\/www.sisinternational.com\/pt\/pericia\/industrias\/pesquisa-de-mercado-de-manuseio-de-materiais\/\" title=\"Pesquisa de mercado de manuseio de materiais\"  data-wpil-monitor-id=\"6044\">material prices: Nitrogen market research<\/a> reveals that the challenge of fluctuating raw material prices can impact the cost of production and the overall profitability of businesses in the nitrogen industry. This volatility may result from changes in global economic conditions, supply chain disruptions, or geopolitical factors.<\/li>\n\n\n\n<li><strong>Preocupa\u00e7\u00f5es ambientais e novas regulamenta\u00e7\u00f5es:<\/strong> A ind\u00fastria do azoto enfrenta um escrut\u00ednio cada vez maior devido ao impacto ambiental da produ\u00e7\u00e3o e do consumo. A pesquisa de mercado do nitrog\u00eanio enfatiza o desafio de cumprir regulamenta\u00e7\u00f5es ambientais rigorosas, o que pode levar ao aumento dos custos operacionais e potenciais penalidades pelo n\u00e3o cumprimento.<\/li>\n\n\n\n<li><strong>Custos de transporte:<\/strong> A produ\u00e7\u00e3o e o transporte de nitrog\u00eanio podem consumir muita energia e ser caros, representando um desafio para as partes interessadas da ind\u00fastria. A pesquisa do mercado de nitrog\u00eanio indica que as empresas devem investir em pesquisa e desenvolvimento para melhorar os processos de produ\u00e7\u00e3o, reduzir o consumo de energia e otimizar a log\u00edstica de transporte para superar esse desafio.<\/li>\n\n\n\n<li><strong>Concorr\u00eancia de produtos e tecnologias alternativas:<\/strong> A investiga\u00e7\u00e3o do mercado do azoto identifica o desafio da concorr\u00eancia de produtos e tecnologias alternativas que podem potencialmente substituir ou reduzir a procura de azoto em determinadas aplica\u00e7\u00f5es.<\/li>\n<\/ul>\n\n\n\n<h2 class=\"wp-block-heading\">Perspectivas da pesquisa de mercado de nitrog\u00eanio<\/h2>\n\n\n\n<figure class=\"gb-block-image gb-block-image-9c14c858\"><img loading=\"lazy\" decoding=\"async\" width=\"1456\" height=\"816\" class=\"gb-image gb-image-9c14c858\" src=\"https:\/\/www.sisinternational.com\/wp-content\/uploads\/2025\/08\/Hydrogen-nitrogen-4.jpg\" alt=\"Pesquisa e Estrat\u00e9gia de Mercado Internacional da SIS\" title=\"Hydrogen nitrogen (4)\" srcset=\"https:\/\/www.sisinternational.com\/wp-content\/uploads\/2025\/08\/Hydrogen-nitrogen-4.jpg 1456w, https:\/\/www.sisinternational.com\/wp-content\/uploads\/2025\/08\/Hydrogen-nitrogen-4-300x168.jpg 300w, https:\/\/www.sisinternational.com\/wp-content\/uploads\/2025\/08\/Hydrogen-nitrogen-4-1024x574.jpg 1024w, https:\/\/www.sisinternational.com\/wp-content\/uploads\/2025\/08\/Hydrogen-nitrogen-4-768x430.jpg 768w, https:\/\/www.sisinternational.com\/wp-content\/uploads\/2025\/08\/Hydrogen-nitrogen-4-18x10.jpg 18w\" sizes=\"auto, (max-width: 1456px) 100vw, 1456px\"><\/figure>\n\n\n\n<ul class=\"wp-block-list\">\n<li>As developing economies continue to grow and modernize their agricultural sectors, the demand for nitrogen-based fertilizers and other products will increase. <a href=\"https:\/\/www.sisinternational.com\/pt\/solucoes\/consultoria-estrategica\/pesquisa-de-oportunidade-de-mercado\/\" title=\"Pesquisa de oportunidades de mercado\"  data-wpil-monitor-id=\"9833\">Market research can help identify opportunities<\/a> in these regions, offering insights into local market dynamics, consumer preferences, and potential barriers to entry.<\/li>\n\n\n\n<li>Increasing demand for nitrogen in industries such as pharmaceuticals, electronics, and environmental remediation presents new growth opportunities. Market research will be essential in uncovering these applications and understanding their potential impact on the <a href=\"https:\/\/www.sisinternational.com\/pt\/transportadoras-de-baixo-custo-na-industria-da-aviacao\/\" title=\"Pesquisa de mercado de companhias a\u00e9reas de baixo custo\"  data-wpil-monitor-id=\"9828\">global<\/a> nitrogen market.<\/li>\n\n\n\n<li>The adoption of precision agriculture technologies such as advanced sensors, drones and GPS-enabled equipment, has been transforming the way farmers use fertilizers. Market research will need to keep pace with these <a href=\"https:\/\/www.sisinternational.com\/pt\/sis-lanca-novas-solucoes-de-pesquisa-digital\/\" title=\"SIS lan\u00e7a novas solu\u00e7\u00f5es de Pesquisa Digital\"  data-wpil-monitor-id=\"9829\">innovations<\/a>, assessing the impact of precision agriculture on nitrogen demand and identifying opportunities for new product development and tailored fertilizer solutions.<\/li>\n\n\n\n<li>As preocupa\u00e7\u00f5es crescentes sobre o impacto ambiental dos m\u00e9todos tradicionais de produ\u00e7\u00e3o de azoto est\u00e3o a impulsionar a procura de alternativas mais sustent\u00e1veis e energeticamente eficientes. A investiga\u00e7\u00e3o de mercado desempenhar\u00e1 um papel vital na monitoriza\u00e7\u00e3o e previs\u00e3o da adop\u00e7\u00e3o destas tecnologias amigas do ambiente, ajudando as partes interessadas a tomar decis\u00f5es informadas sobre o investimento em novos processos e instala\u00e7\u00f5es de produ\u00e7\u00e3o.<\/li>\n<\/ul>\n\n\n\n<p><a href=\"https:\/\/www.sisinternational.com\/pt\/sis-revela-plataforma-de-ciencia-de-dados-e-analise-quantitativa\/\" title=\"SIS revela plataforma de ci\u00eancia de dados e an\u00e1lise quantitativa\"  data-wpil-monitor-id=\"9830\">SIS International offers Quantitative<\/a>, Qualitative, and Strategy Research. We provide data, tools, strategies, reports and insights for decision-making. We conduct interviews, surveys, <a href=\"https:\/\/www.sisinternational.com\/pt\/solucoes\/pesquisa-de-mercado-em-grupo-focal\/\" title=\"Pesquisa de mercado com grupo focal\"  data-wpil-monitor-id=\"9831\">focus groups and many other Market Research<\/a> methods and approaches. Contact us for your <a href=\"https:\/\/www.sisinternational.com\/pt\/pericia\/industrias\/pesquisa-de-mercado-de-tecnologias-de-proxima-geracao\/\" title=\"Pesquisa de mercado de tecnologias de pr\u00f3xima gera\u00e7\u00e3o\"  data-wpil-monitor-id=\"9832\">next Market Research<\/a> projeto.<\/p>","protected":false},"excerpt":{"rendered":"<p>Como elemento essencial, o nitrog\u00eanio \u00e9 amplamente utilizado na agricultura, nos processos industriais e na ind\u00fastria de alimentos e bebidas.<\/p>","protected":false},"author":1,"featured_media":64073,"parent":14514,"menu_order":265,"comment_status":"closed","ping_status":"closed","template":"","meta":{"footnotes":""},"class_list":["post-42406","page","type-page","status-publish","has-post-thumbnail"],"_links":{"self":[{"href":"https:\/\/www.sisinternational.com\/pt\/wp-json\/wp\/v2\/pages\/42406","targetHints":{"allow":["GET"]}}],"collection":[{"href":"https:\/\/www.sisinternational.com\/pt\/wp-json\/wp\/v2\/pages"}],"about":[{"href":"https:\/\/www.sisinternational.com\/pt\/wp-json\/wp\/v2\/types\/page"}],"author":[{"embeddable":true,"href":"https:\/\/www.sisinternational.com\/pt\/wp-json\/wp\/v2\/users\/1"}],"replies":[{"embeddable":true,"href":"https:\/\/www.sisinternational.com\/pt\/wp-json\/wp\/v2\/comments?post=42406"}],"version-history":[{"count":6,"href":"https:\/\/www.sisinternational.com\/pt\/wp-json\/wp\/v2\/pages\/42406\/revisions"}],"predecessor-version":[{"id":81633,"href":"https:\/\/www.sisinternational.com\/pt\/wp-json\/wp\/v2\/pages\/42406\/revisions\/81633"}],"up":[{"embeddable":true,"href":"https:\/\/www.sisinternational.com\/pt\/wp-json\/wp\/v2\/pages\/14514"}],"wp:featuredmedia":[{"embeddable":true,"href":"https:\/\/www.sisinternational.com\/pt\/wp-json\/wp\/v2\/media\/64073"}],"wp:attachment":[{"href":"https:\/\/www.sisinternational.com\/pt\/wp-json\/wp\/v2\/media?parent=42406"}],"curies":[{"name":"wp","href":"https:\/\/api.w.org\/{rel}","templated":true}]}}