{"id":42404,"date":"2023-04-16T14:06:43","date_gmt":"2023-04-16T18:06:43","guid":{"rendered":"https:\/\/www.sisinternational.com\/?page_id=42404"},"modified":"2026-01-26T18:35:32","modified_gmt":"2026-01-26T23:35:32","slug":"pesquisa-de-mercado-de-helio","status":"publish","type":"page","link":"https:\/\/www.sisinternational.com\/pt\/pericia\/pesquisa-de-mercado-de-helio\/","title":{"rendered":"Pesquisa de mercado de h\u00e9lio"},"content":{"rendered":"<h1 class=\"wp-block-heading\">Pesquisa de mercado de h\u00e9lio<\/h1>\n\n\n\n<figure class=\"gb-block-image gb-block-image-411522a8\"><img loading=\"lazy\" decoding=\"async\" width=\"1456\" height=\"816\" class=\"gb-image gb-image-411522a8\" src=\"https:\/\/www.sisinternational.com\/wp-content\/uploads\/2025\/08\/Butane-1.jpg\" alt=\"Pesquisa e Estrat\u00e9gia de Mercado Internacional da SIS\" title=\"Butane (1)\" srcset=\"https:\/\/www.sisinternational.com\/wp-content\/uploads\/2025\/08\/Butane-1.jpg 1456w, https:\/\/www.sisinternational.com\/wp-content\/uploads\/2025\/08\/Butane-1-300x168.jpg 300w, https:\/\/www.sisinternational.com\/wp-content\/uploads\/2025\/08\/Butane-1-1024x574.jpg 1024w, https:\/\/www.sisinternational.com\/wp-content\/uploads\/2025\/08\/Butane-1-768x430.jpg 768w, https:\/\/www.sisinternational.com\/wp-content\/uploads\/2025\/08\/Butane-1-18x10.jpg 18w\" sizes=\"auto, (max-width: 1456px) 100vw, 1456px\"><\/figure>\n\n\n\n<p><\/p>\n\n\n\n<p>O mercado global de h\u00e9lio testemunhou um crescimento significativo nos \u00faltimos anos, impulsionado pelas suas diversas aplica\u00e7\u00f5es em v\u00e1rios setores.<\/p>\n\n\n\n<p>Na verdade, o h\u00e9lio desempenha um papel cr\u00edtico em ind\u00fastrias como sa\u00fade, aeroespacial e fabrica\u00e7\u00e3o de semicondutores. Consequentemente, uma pesquisa abrangente de mercado de h\u00e9lio \u00e9 relevante para que as partes interessadas do setor entendam a din\u00e2mica atual do mercado, as tend\u00eancias e as perspectivas de crescimento futuro.<\/p>\n\n\n\n<h2 class=\"wp-block-heading\">Import\u00e2ncia da pesquisa de mercado de h\u00e9lio para as partes interessadas da ind\u00fastria<\/h2>\n\n\n\n<p>Market research provides an analysis of the market&#8217;s growth drivers, challenges, and emerging opportunities in the helium Industry. This information enables stakeholders to identify areas of potential growth and develop <a href=\"https:\/\/www.sisinternational.com\/pt\/o-papel-do-desenvolvimento-de-processos-e-sistemas-no-sucesso-organizacional\/\" title=\"Pesquisa de mercado de design organizacional\"  data-wpil-monitor-id=\"8232\">strategies to capture a larger market<\/a> share.<\/p>\n\n\n\n<p>Furthermore, helium market research helps businesses gain an understanding of the competitive landscape, including the key players, their market share, and recent developments. This knowledge allows businesses to adapt their strategies and better <a href=\"https:\/\/www.sisinternational.com\/pt\/solucoes\/solucoes-de-branding-e-pesquisa-de-clientes\/pesquisa-de-mercado-de-posicionamento-de-marca\/\" title=\"Pesquisa de mercado de posicionamento de marca\"  data-wpil-monitor-id=\"8248\">position themselves within the market<\/a>.<\/p>\n\n\n\n<p>It also provides stakeholders with an in-depth comprehension of the regional dynamics of the helium market. This includes insights into regional demand patterns, supply chain disruptions, and <a href=\"https:\/\/www.sisinternational.com\/pt\/pericia\/industrias\/pesquisa-de-mercado-do-governo-federal\/\" title=\"Pesquisa de Mercado do Governo Federal\"  data-wpil-monitor-id=\"8246\">government policies that can influence market<\/a> growth.<\/p>\n\n\n\n<h3 class=\"wp-block-heading\">Tend\u00eancias do mercado de h\u00e9lio<\/h3>\n\n\n\n<ul class=\"wp-block-list\">\n<li><strong>Avan\u00e7os tecnol\u00f3gicos na extra\u00e7\u00e3o e produ\u00e7\u00e3o de h\u00e9lio:<\/strong> Recent innovations in extraction and production technologies have made it more efficient and cost-effective to obtain helium from various sources. Helium market research highlights these advancements, enabling <a href=\"https:\/\/www.sisinternational.com\/pt\/solucoes\/pesquisa-de-mercado-de-ia-e-consultoria-estrategica\/consultoria-de-inteligencia-artificial-de-automacao-da-industria-de-tecnologia\/\" title=\"Consultoria em Automa\u00e7\u00e3o da Ind\u00fastria de Tecnologia e Intelig\u00eancia Artificial\"  data-wpil-monitor-id=\"8250\">industry players to adopt new technologies<\/a> and improve their production processes.<\/li>\n\n\n\n<li><strong>Demanda crescente em ind\u00fastrias emergentes:<\/strong> Helium market research reveals an increasing demand for helium in emerging industries such as renewable energy, advanced manufacturing, and electronics. Understanding this trend allows stakeholders to tap into new <a href=\"https:\/\/www.sisinternational.com\/pt\/pericia\/curriculos-de-experiencia\/pesquisa-de-mercado-de-produtos-de-higiene-pessoal\/\" title=\"Pesquisa de mercado de produtos de cuidados pessoais\"  data-wpil-monitor-id=\"8234\">markets and diversify their product<\/a> offerings.<\/li>\n\n\n\n<li><strong>Mudan\u00e7a para solu\u00e7\u00f5es energeticamente eficientes:<\/strong> \u00c0 medida que as preocupa\u00e7\u00f5es ambientais continuam a aumentar, as ind\u00fastrias procuram cada vez mais alternativas sustent\u00e1veis e energeticamente eficientes. A pesquisa de mercado de h\u00e9lio identifica esta tend\u00eancia e seu impacto na demanda por h\u00e9lio em aplica\u00e7\u00f5es como criogenia e detec\u00e7\u00e3o de vazamentos.<\/li>\n\n\n\n<li><strong>Pol\u00edticas e regulamentos governamentais:<\/strong> A pesquisa de mercado de h\u00e9lio ajuda as partes interessadas a se manterem informadas sobre as mais recentes pol\u00edticas e regulamenta\u00e7\u00f5es governamentais que podem influenciar o setor. Esta informa\u00e7\u00e3o \u00e9 crucial para as empresas garantirem a conformidade e desenvolverem estrat\u00e9gias para enfrentar os potenciais desafios colocados pelas mudan\u00e7as regulamentares.<\/li>\n<\/ul>\n\n\n\n<h2 class=\"wp-block-heading\">Oportunidades de mercado<\/h2>\n\n\n\n<ul class=\"wp-block-list\">\n<li>Com a crescente consci\u00eancia da oferta finita de h\u00e9lio e da procura crescente, a reciclagem e a recupera\u00e7\u00e3o de h\u00e9lio surgiram como oportunidades de mercado significativas. A pesquisa de mercado do h\u00e9lio destaca tecnologias e processos que permitem a recupera\u00e7\u00e3o e reutiliza\u00e7\u00e3o eficientes do h\u00e9lio, reduzindo o desperd\u00edcio e diminuindo a depend\u00eancia das reservas naturais.<\/li>\n\n\n\n<li>Os avan\u00e7os nas tecnologias de produ\u00e7\u00e3o podem levar a m\u00e9todos mais eficientes e econ\u00f4micos de extra\u00e7\u00e3o e purifica\u00e7\u00e3o de h\u00e9lio. A pesquisa de mercado de h\u00e9lio identifica as mais recentes inova\u00e7\u00f5es em tecnologias de produ\u00e7\u00e3o, proporcionando aos intervenientes da ind\u00fastria a oportunidade de melhorar os seus processos e manter uma vantagem competitiva.<\/li>\n\n\n\n<li>\u00c0 medida que surgem novas ind\u00fastrias e aplica\u00e7\u00f5es, espera-se que a procura de h\u00e9lio cres\u00e7a. A pesquisa de mercado de h\u00e9lio oferece insights sobre aplica\u00e7\u00f5es potenciais em setores como energia renov\u00e1vel, materiais avan\u00e7ados e computa\u00e7\u00e3o qu\u00e2ntica.<\/li>\n<\/ul>\n\n\n\n<h2 class=\"wp-block-heading\">Desafios do mercado<\/h2>\n\n\n\n<ul class=\"wp-block-list\">\n<li>Um dos principais desafios enfrentados pelo mercado de h\u00e9lio \u00e9 o esgotamento das reservas naturais de h\u00e9lio. Destaca a preocupa\u00e7\u00e3o crescente com os recursos finitos e a necessidade de solu\u00e7\u00f5es sustent\u00e1veis, como a reciclagem e a explora\u00e7\u00e3o de fontes alternativas para garantir o fornecimento de h\u00e9lio.<\/li>\n\n\n\n<li>As tens\u00f5es e conflitos geopol\u00edticos podem levar a perturba\u00e7\u00f5es na cadeia de abastecimento, afetando a disponibilidade e o pre\u00e7o do h\u00e9lio. A pesquisa de mercado de h\u00e9lio ajuda as partes interessadas a compreender estes desafios e a desenvolver estrat\u00e9gias para garantir um fornecimento est\u00e1vel e minimizar o impacto de interrup\u00e7\u00f5es nas suas opera\u00e7\u00f5es.<\/li>\n\n\n\n<li>A ind\u00fastria do h\u00e9lio est\u00e1 sujeita a regulamenta\u00e7\u00f5es ambientais rigorosas, o que pode representar desafios para as empresas. A pesquisa de mercado de h\u00e9lio permite que as partes interessadas se mantenham informadas sobre as regulamenta\u00e7\u00f5es mais recentes, garantindo a conformidade e reduzindo o risco de penalidades ou interrup\u00e7\u00f5es operacionais.<\/li>\n<\/ul>\n\n\n\n<h2 class=\"wp-block-heading\">Compreendendo o cen\u00e1rio competitivo da pesquisa de mercado de h\u00e9lio<\/h2>\n\n\n\n<p>A pesquisa de mercado do h\u00e9lio \u00e9 essencial para compreender o cen\u00e1rio competitivo do setor, que abrange os principais players do mercado, suas estrat\u00e9gias e desenvolvimentos recentes. Ao manterem-se informados sobre o cen\u00e1rio competitivo, as partes interessadas do setor podem adaptar as suas estrat\u00e9gias para manter uma vantagem competitiva e capitalizar as oportunidades de crescimento. Alguns dos principais fatores a serem considerados s\u00e3o os seguintes:<\/p>\n\n\n\n<ul class=\"wp-block-list\">\n<li><strong>Principais players do mercado:<\/strong> Helium market research identifies the leading companies operating in the industry, their market share, and core competencies. This information enables stakeholders to <a href=\"https:\/\/www.sisinternational.com\/pt\/solucoes\/consultoria-estrategica\/pesquisa-de-avaliacao-de-mercado\/\" title=\"Pesquisa de avalia\u00e7\u00e3o de mercado\"  data-wpil-monitor-id=\"8237\">assess their position in the market<\/a> and develop strategies to compete effectively against other players.<\/li>\n\n\n\n<li><a href=\"https:\/\/www.sisinternational.com\/pt\/solucoes\/consultoria-estrategica\/identificacao-de-alvos-de-fusoes-e-aquisicoes\/\" title=\"Pesquisa de Fus\u00f5es e Aquisi\u00e7\u00f5es\"  data-wpil-monitor-id=\"6950\">Mergers and acquisitions: Helium market research<\/a> provides insights into recent mergers, acquisitions, and collaborations in the industry, which can reshape the competitive landscape and offer growth opportunities for businesses.<\/li>\n\n\n\n<li><strong>Barreiras e oportunidades de entrada no mercado:<\/strong> A pesquisa de mercado de h\u00e9lio destaca as barreiras \u00e0 entrada de novos players, como elevados requisitos de capital, desafios tecnol\u00f3gicos e conformidade regulat\u00f3ria. Ao mesmo tempo, identifica oportunidades de mercado que podem ser aproveitadas por novos participantes ou players existentes que procuram expandir a sua presen\u00e7a.<\/li>\n<\/ul>\n\n\n\n<h2 class=\"wp-block-heading\">Previs\u00e3o de pesquisa de mercado de h\u00e9lio<\/h2>\n\n\n\n<ul class=\"wp-block-list\">\n<li>Helium market research offers projections for the global demand and supply of helium, taking into account factors such as the growth of key industries, technological advancements, and alternative sources. These projections enable stakeholders to assess the <a href=\"https:\/\/www.sisinternational.com\/pt\/solucoes\/consultoria-estrategica\/pesquisa-de-mercado-de-produto-minimo-viavel\/\" title=\"Pesquisa de mercado de produto m\u00ednimo vi\u00e1vel\"  data-wpil-monitor-id=\"8240\">market&#8217;s future potential and plan their production<\/a> capacities accordingly.<\/li>\n\n\n\n<li>\u00c0 medida que os governos de todo o mundo adoptam regulamenta\u00e7\u00f5es ambientais mais rigorosas, a ind\u00fastria do h\u00e9lio poder\u00e1 enfrentar uma press\u00e3o crescente para reduzir a sua pegada ambiental. Isto pode afetar os custos de produ\u00e7\u00e3o e a din\u00e2mica do mercado.<\/li>\n\n\n\n<li>Helium is used in the <a href=\"https:\/\/www.sisinternational.com\/pt\/solucoes\/solucoes-de-branding-e-pesquisa-de-clientes\/pesquisa-de-mercado-para-testes-de-produtos\/\" title=\"Pesquisa de mercado para testes de produtos\"  data-wpil-monitor-id=\"8243\">production and testing<\/a> of aerospace and defense equipment, including satellite and rocket launch systems. As space exploration and defense spending increase globally, so too will the demand for helium.<\/li>\n\n\n\n<li>Espera-se que o mercado de h\u00e9lio se expanda para as economias emergentes, onde a crescente industrializa\u00e7\u00e3o e o avan\u00e7o tecnol\u00f3gico criam novas oportunidades para o consumo de h\u00e9lio. \u00c0 medida que pa\u00edses como a China, a \u00cdndia e o Brasil continuam a desenvolver-se, \u00e9 prov\u00e1vel que a sua procura de h\u00e9lio aumente, contribuindo para o crescimento do mercado.<\/li>\n\n\n\n<li>\u00c0 medida que a procura por h\u00e9lio aumenta, os avan\u00e7os na tecnologia de liquefa\u00e7\u00e3o de h\u00e9lio desempenhar\u00e3o um papel significativo no aumento da efici\u00eancia da produ\u00e7\u00e3o e na redu\u00e7\u00e3o de custos. Processos de liquefa\u00e7\u00e3o aprimorados podem resultar em menor consumo de energia e maiores taxas de recupera\u00e7\u00e3o de h\u00e9lio.<\/li>\n\n\n\n<li>\u00c0 medida que o mercado do h\u00e9lio continua a crescer, os grandes intervenientes poder\u00e3o procurar consolidar as suas posi\u00e7\u00f5es atrav\u00e9s de fus\u00f5es e aquisi\u00e7\u00f5es. Esta tend\u00eancia poder\u00e1 levar \u00e0 cria\u00e7\u00e3o de empresas mais integradas verticalmente, simplificando a cadeia de abastecimento de h\u00e9lio e potencialmente estabilizando os pre\u00e7os.<\/li>\n<\/ul>\n\n\n\n<p>A SIS International oferece Pesquisa Quantitativa, Qualitativa e Estrat\u00e9gica. Fornecemos dados, ferramentas, estrat\u00e9gias, relat\u00f3rios e insights para tomada de decis\u00f5es. Conduzimos entrevistas, pesquisas, grupos focais e muitos outros m\u00e9todos e abordagens de Pesquisa de Mercado. Contate-nos para o seu pr\u00f3ximo projeto de Pesquisa de Mercado.<\/p>\n\n\n\n<p><\/p>","protected":false},"excerpt":{"rendered":"<p>O h\u00e9lio \u00e9 fundamental na sa\u00fade, na ind\u00fastria aeroespacial e na fabrica\u00e7\u00e3o de semicondutores. O mercado testemunhou um crescimento significativo nos \u00faltimos anos.<\/p>","protected":false},"author":1,"featured_media":63922,"parent":14514,"menu_order":264,"comment_status":"closed","ping_status":"closed","template":"","meta":{"footnotes":""},"class_list":["post-42404","page","type-page","status-publish","has-post-thumbnail"],"_links":{"self":[{"href":"https:\/\/www.sisinternational.com\/pt\/wp-json\/wp\/v2\/pages\/42404","targetHints":{"allow":["GET"]}}],"collection":[{"href":"https:\/\/www.sisinternational.com\/pt\/wp-json\/wp\/v2\/pages"}],"about":[{"href":"https:\/\/www.sisinternational.com\/pt\/wp-json\/wp\/v2\/types\/page"}],"author":[{"embeddable":true,"href":"https:\/\/www.sisinternational.com\/pt\/wp-json\/wp\/v2\/users\/1"}],"replies":[{"embeddable":true,"href":"https:\/\/www.sisinternational.com\/pt\/wp-json\/wp\/v2\/comments?post=42404"}],"version-history":[{"count":5,"href":"https:\/\/www.sisinternational.com\/pt\/wp-json\/wp\/v2\/pages\/42404\/revisions"}],"predecessor-version":[{"id":81384,"href":"https:\/\/www.sisinternational.com\/pt\/wp-json\/wp\/v2\/pages\/42404\/revisions\/81384"}],"up":[{"embeddable":true,"href":"https:\/\/www.sisinternational.com\/pt\/wp-json\/wp\/v2\/pages\/14514"}],"wp:featuredmedia":[{"embeddable":true,"href":"https:\/\/www.sisinternational.com\/pt\/wp-json\/wp\/v2\/media\/63922"}],"wp:attachment":[{"href":"https:\/\/www.sisinternational.com\/pt\/wp-json\/wp\/v2\/media?parent=42404"}],"curies":[{"name":"wp","href":"https:\/\/api.w.org\/{rel}","templated":true}]}}