{"id":42392,"date":"2023-04-15T11:01:28","date_gmt":"2023-04-15T15:01:28","guid":{"rendered":"https:\/\/www.sisinternational.com\/?page_id=42392"},"modified":"2026-01-27T16:48:51","modified_gmt":"2026-01-27T21:48:51","slug":"pesquisa-de-mercado-de-analise-meteorologica","status":"publish","type":"page","link":"https:\/\/www.sisinternational.com\/pt\/pericia\/pesquisa-de-mercado-de-analise-meteorologica\/","title":{"rendered":"Pesquisa de mercado de an\u00e1lise meteorol\u00f3gica"},"content":{"rendered":"<h1 class=\"wp-block-heading\">Pesquisa de mercado de an\u00e1lise meteorol\u00f3gica<\/h1>\n\n\n\n<figure class=\"gb-block-image gb-block-image-16a7d038\"><img loading=\"lazy\" decoding=\"async\" width=\"1456\" height=\"816\" class=\"gb-image gb-image-16a7d038\" src=\"https:\/\/www.sisinternational.com\/wp-content\/uploads\/2025\/10\/Weather-analytics-2.jpg\" alt=\"Pesquisa e Estrat\u00e9gia de Mercado Internacional da SIS\" title=\"Weather analytics (2)\" srcset=\"https:\/\/www.sisinternational.com\/wp-content\/uploads\/2025\/10\/Weather-analytics-2.jpg 1456w, https:\/\/www.sisinternational.com\/wp-content\/uploads\/2025\/10\/Weather-analytics-2-300x168.jpg 300w, https:\/\/www.sisinternational.com\/wp-content\/uploads\/2025\/10\/Weather-analytics-2-1024x574.jpg 1024w, https:\/\/www.sisinternational.com\/wp-content\/uploads\/2025\/10\/Weather-analytics-2-768x430.jpg 768w, https:\/\/www.sisinternational.com\/wp-content\/uploads\/2025\/10\/Weather-analytics-2-18x10.jpg 18w\" sizes=\"auto, (max-width: 1456px) 100vw, 1456px\"><\/figure>\n\n\n\n<p><\/p>\n\n\n\n<h3 class=\"wp-block-heading\">Nos \u00faltimos anos, a procura por pesquisas de mercado de an\u00e1lise meteorol\u00f3gica cresceu exponencialmente, juntamente com o crescente sentido de urg\u00eancia em rela\u00e7\u00e3o \u00e0s altera\u00e7\u00f5es clim\u00e1ticas. Da coleta \u00e0 an\u00e1lise e interpreta\u00e7\u00e3o de dados relevantes, essa experi\u00eancia ajuda as organiza\u00e7\u00f5es a tomar decis\u00f5es bem informadas em todos os setores.<\/h3>\n\n\n\n<p>What if your business could predict how weather patterns will impact your operations and customer preferences? Weather analytics market research makes this possible, providing crucial insights for businesses across industries.<\/p>\n\n\n\n<h2 class=\"wp-block-heading\"><strong>What Is Weather Analytics Market Research?<\/strong><\/h2>\n\n\n\n<p>Weather analytics market research uses tools such as predictive modeling, data integration, and geospatial analysis to uncover trends and relationships between weather events and business outcomes. This information is invaluable for companies operating in sectors such as agriculture, retail, energy, transportation, and insurance, where weather plays a critical role in determining success.<\/p>\n\n\n\n<p>One of the key goals of weather analytics market research is to help companies mitigate risks and capitalize on opportunities. For instance, retailers can use weather data to predict changes in consumer demand, while farmers can make more informed decisions regarding crop planting and harvesting.<\/p>\n\n\n\n<h2 class=\"wp-block-heading\">Import\u00e2ncia da pesquisa de mercado de an\u00e1lise meteorol\u00f3gica<\/h2>\n\n\n\n<p>A pesquisa de mercado de an\u00e1lise meteorol\u00f3gica \u00e9 um recurso essencial para empresas, governos e outras entidades que precisam de an\u00e1lises meteorol\u00f3gicas precisas. Para ilustrar por que esse tipo de investiga\u00e7\u00e3o \u00e9 t\u00e3o importante, aqui est\u00e1 uma lista de motivos:<\/p>\n\n\n\n<ul class=\"wp-block-list\">\n<li><strong>Gerenciamento de riscos:<\/strong> A an\u00e1lise meteorol\u00f3gica fornece uma base necess\u00e1ria para empresas e estados que procuram proteger os seus recursos contra condi\u00e7\u00f5es clim\u00e1ticas adversas.<\/li>\n\n\n\n<li><strong>Opera\u00e7\u00f5es aprimoradas:<\/strong> As empresas podem capitalizar o conhecimento meteorol\u00f3gico para refinar os seus processos de neg\u00f3cios e maximizar a efici\u00eancia. Por exemplo, ao utilizar an\u00e1lises meteorol\u00f3gicas, as empresas ter\u00e3o a capacidade de detectar potenciais complica\u00e7\u00f5es relacionadas com o clima na sua cadeia de abastecimento e tomar medidas em conformidade.<\/li>\n\n\n\n<li><strong>Planejamento agr\u00edcola:<\/strong> O clima desempenha um papel significativo na agricultura \u2013 e a pesquisa de mercado de an\u00e1lise meteorol\u00f3gica oferece aos agricultores e aos seus parceiros informa\u00e7\u00f5es muito necess\u00e1rias sobre os efeitos dos padr\u00f5es clim\u00e1ticos no rendimento das colheitas.<\/li>\n\n\n\n<li><strong>Produ\u00e7\u00e3o de energia:<\/strong> Weather conditions can play a fundamental role in energy production, especially when it comes to renewables like wind or solar. By utilizing weather <a href=\"https:\/\/www.sisinternational.com\/pt\/pericia\/industrias\/terceirizacao-de-analise-de-dados\/\" title=\"Terceiriza\u00e7\u00e3o de pesquisa de mercado de dados e an\u00e1lises\"  data-wpil-monitor-id=\"3672\">analytics market research data<\/a>, power generators can maximize their operations while also maximizing their yield.<\/li>\n<\/ul>\n\n\n\n<h2 class=\"wp-block-heading\"><strong>Nossa an\u00e1lise e recomenda\u00e7\u00f5es atuais do mercado<\/strong><\/h2>\n\n\n\n<p>To effectively leverage the power of weather analytics, we recommend that businesses start by identifying the areas of their operations that are most affected by weather.&nbsp;We believe that companies in industries such as agriculture, logistics, retail, and energy stand to benefit the most from incorporating weather analytics into their decision-making processes. Understanding how weather patterns impact supply chains, consumer demand, and resource allocation is key to building resilient strategies that drive growth.<\/p>\n\n\n\n<p>Our team suggests that businesses also invest in advanced technologies that allow for real-time data integration and predictive modeling. These tools are essential for ensuring that weather analytics provides actionable insights that can be implemented swiftly, minimizing disruptions and capitalizing on favorable weather conditions.<\/p>\n\n\n\n<h2 class=\"wp-block-heading\">Principais tend\u00eancias e motivadores do mercado<\/h2>\n\n\n\n<figure class=\"wp-block-image\"><img decoding=\"async\" src=\"https:\/\/www.sisinternational.com\/wp-content\/uploads\/2024\/10\/Weather-analytics-market-research-1.jpg\" alt=\"pesquisa de mercado de an\u00e1lise meteorol\u00f3gica\" class=\"wp-image-53712\"\/><\/figure>\n\n\n\n<p><\/p>\n\n\n\n<h3 class=\"wp-block-heading\">Several key trends and drivers are shaping the weather analytics market research industry. Here are a few:<\/h3>\n\n\n\n<ul class=\"wp-block-list\">\n<li><strong>Aumento da demanda por dados meteorol\u00f3gicos:<\/strong> As weather-related events become increasingly influential in business and society, there is an urgent need for precise and dependable weather data. This demand has stimulated an extraordinary growth boom in the emerging weather analysis market research industry.<\/li>\n\n\n\n<li><strong>O surgimento de novas aplica\u00e7\u00f5es:<\/strong> As more industries, such as aviation, shipping, and construction, realize the worth of weather analytics market research, this leads to unprecedented innovation while making tremendous progress in said field.<\/li>\n\n\n\n<li><strong>Foco crescente nas mudan\u00e7as clim\u00e1ticas:<\/strong> Com a crescente consci\u00eancia das altera\u00e7\u00f5es clim\u00e1ticas e dos seus potenciais efeitos no nosso ambiente, as comunidades tornaram-se mais expressivas na avalia\u00e7\u00e3o das tend\u00eancias meteorol\u00f3gicas a longo prazo. Isto resultou num impulso no desenvolvimento de novos modelos e tecnologias que identificam como o aquecimento global pode estar a influenciar os padr\u00f5es clim\u00e1ticos.<\/li>\n<\/ul>\n\n\n\n<h2 class=\"wp-block-heading\"><strong>Main Applications of Weather Analytics<\/strong><\/h2>\n\n\n\n<p>Weather analytics has a wide range of applications across different sectors, providing valuable insights that help businesses improve efficiency and resilience. Here are some of the main applications:<\/p>\n\n\n\n<ul class=\"wp-block-list\">\n<li><strong>Agricultura<\/strong>: Farmers use weather data to decide when to plant, irrigate, and harvest, optimizing yields.<\/li>\n\n\n\n<li><strong>Varejo<\/strong>: Weather analytics help retailers manage inventory, optimize promotions, and anticipate consumer demand.<\/li>\n\n\n\n<li><strong>Energy Management<\/strong>: Utilities and energy companies use weather data to forecast energy demand and optimize production.<\/li>\n\n\n\n<li><strong>Log\u00edstica e Transporte<\/strong>: Companies use weather insights to adjust routes, reduce delays, and improve supply chain efficiency.<\/li>\n\n\n\n<li><strong>Seguro<\/strong>: Insurers use weather analytics to assess risk, set premiums, and handle claims related to weather events.<\/li>\n\n\n\n<li><strong>Constru\u00e7\u00e3o<\/strong>: Weather data is used to schedule construction activities and avoid delays due to adverse weather conditions.<\/li>\n\n\n\n<li><strong>Aviation<\/strong>: Airlines use weather forecasts to ensure safe and efficient flight operations, minimizing delays.<\/li>\n<\/ul>\n\n\n\n<h2 class=\"wp-block-heading\">Oportunidades em pesquisa de mercado de an\u00e1lise meteorol\u00f3gica<\/h2>\n\n\n\n<figure class=\"gb-block-image gb-block-image-3219d0c6\"><img loading=\"lazy\" decoding=\"async\" width=\"1456\" height=\"816\" class=\"gb-image gb-image-3219d0c6\" src=\"https:\/\/www.sisinternational.com\/wp-content\/uploads\/2025\/10\/Weather-analytics-4.jpg\" alt=\"Pesquisa e Estrat\u00e9gia de Mercado Internacional da SIS\" title=\"Weather analytics (4)\" srcset=\"https:\/\/www.sisinternational.com\/wp-content\/uploads\/2025\/10\/Weather-analytics-4.jpg 1456w, https:\/\/www.sisinternational.com\/wp-content\/uploads\/2025\/10\/Weather-analytics-4-300x168.jpg 300w, https:\/\/www.sisinternational.com\/wp-content\/uploads\/2025\/10\/Weather-analytics-4-1024x574.jpg 1024w, https:\/\/www.sisinternational.com\/wp-content\/uploads\/2025\/10\/Weather-analytics-4-768x430.jpg 768w, https:\/\/www.sisinternational.com\/wp-content\/uploads\/2025\/10\/Weather-analytics-4-18x10.jpg 18w\" sizes=\"auto, (max-width: 1456px) 100vw, 1456px\"><\/figure>\n\n\n\n<ul class=\"wp-block-list\">\n<li>The weather analytics market research sector is broadening its scope, exploring new industries, including renewable energy, insurance, and agriculture. As these markets expand rapidly, the demand for weather analysis services and solutions will skyrocket.<\/li>\n\n\n\n<li>Ao combinar an\u00e1lises meteorol\u00f3gicas com tecnologias de ponta, como IoT e IA, as empresas podem produzir previs\u00f5es mais refinadas e precisas. Essa integra\u00e7\u00e3o oferece novas perspectivas no setor que revolucionar\u00e3o a forma como as empresas operam.<\/li>\n\n\n\n<li>A ind\u00fastria de pesquisa de mercado de an\u00e1lise meteorol\u00f3gica est\u00e1 constantemente inovando, introduzindo novas aplica\u00e7\u00f5es para dados meteorol\u00f3gicos, como manuten\u00e7\u00e3o preditiva e otimiza\u00e7\u00e3o da cadeia de suprimentos. Isto abre o potencial para criar novos fluxos de receitas para aqueles que trabalham neste setor.<\/li>\n\n\n\n<li>Com o aumento da procura global por an\u00e1lises meteorol\u00f3gicas, especialmente em \u00e1reas afetadas por condi\u00e7\u00f5es clim\u00e1ticas extremas, as empresas que operam nesta ind\u00fastria t\u00eam uma excelente oportunidade para expandir o seu alcance em novos mercados internacionais e capitalizar esta tend\u00eancia lucrativa.<\/li>\n<\/ul>\n\n\n\n<h2 class=\"wp-block-heading\">Desafios na pesquisa de mercado de an\u00e1lise meteorol\u00f3gica<\/h2>\n\n\n\n<p>A ind\u00fastria de pesquisa de mercado de an\u00e1lise meteorol\u00f3gica enfrenta v\u00e1rios desafios que podem impactar o crescimento e a lucratividade das empresas do setor. Aqui est\u00e3o alguns dos principais desafios:<\/p>\n\n\n\n<ul class=\"wp-block-list\">\n<li><strong>Qualidade dos dados:<\/strong> Inconsistent weather forecasts can make it difficult for clients to trust <a href=\"https:\/\/www.sisinternational.com\/pt\/industry-forecast\/financial-services-forecast\/\" title=\"Financial Services Forecast\"  data-wpil-monitor-id=\"3823\">analytics<\/a> services due to the varying accuracy and reliability of data sources. This leads to a lack of confidence in any given forecast, resulting in potential losses for companies depending on their success.<\/li>\n\n\n\n<li><strong>Ambiente regulat\u00f3rio:<\/strong> Weather analytics services must adhere to certain regulatory requirements, such as data security and privacy regulations, or risk hefty penalties and damaging their reputation. Companies in the field of weather analytics should remain compliant with all applicable laws to maintain a positive public image.<\/li>\n\n\n\n<li><strong>Impacto das altera\u00e7\u00f5es clim\u00e1ticas:<\/strong> Climate change is making hazardous weather events more frequent and intense, complicating forecasting accuracy. This demands cutting-edge solutions from industry companies. However, forecasting how climate change will affect our future conditions can be complicated.<\/li>\n<\/ul>\n\n\n\n<h2 class=\"wp-block-heading\">Perspectiva futura<\/h2>\n\n\n\n<figure class=\"wp-block-image\"><img decoding=\"async\" src=\"https:\/\/www.sisinternational.com\/wp-content\/uploads\/2024\/10\/Weather-analytics-market-research-2.jpg\" alt=\"Pesquisa e Estrat\u00e9gia de Mercado Internacional da SIS\" class=\"wp-image-53713\"><\/figure>\n\n\n\n<p><\/p>\n\n\n\n<ul class=\"wp-block-list\">\n<li>A an\u00e1lise meteorol\u00f3gica ser\u00e1 um enorme trunfo para as empresas, fornecendo informa\u00e7\u00f5es sobre os padr\u00f5es clim\u00e1ticos. Permitir-lhes-\u00e1 tomar decis\u00f5es mais informadas sobre opera\u00e7\u00f5es como consumo de energia, gest\u00e3o da cadeia de abastecimento e agricultura. Al\u00e9m disso, ser\u00e1 uma ferramenta inestim\u00e1vel para ajudar governos e organiza\u00e7\u00f5es a prepararem-se para desastres naturais ou condi\u00e7\u00f5es clim\u00e1ticas extremas.<\/li>\n\n\n\n<li>As AI and machine learning advance rapidly, they are projected to make a major impact on the weather analytics sector. These powerful technologies can evaluate an enormous amount of meteorology data, allowing companies to create more precise forecasts and gain deeper insights. This data can be analyzed to provide significant insights into weather patterns and climate change, and companies are increasingly investing in data analytics technologies to make sense of this data.<\/li>\n\n\n\n<li>The weather analytics market has experienced tremendous growth within <a href=\"https:\/\/www.sisinternational.com\/pt\/mercado-fmcg-no-vietna\/\" title=\"Mercado FMCG no Vietn\u00e3\"  data-wpil-monitor-id=\"7592\">emerging<\/a> markets, resulting in unprecedented opportunities for companies to expand their revenue streams. As the industry continues expanding into new geographies around the globe, now is a good opportunity for businesses to capitalize on this trend.<\/li>\n\n\n\n<li>Com a sustentabilidade na vanguarda da investiga\u00e7\u00e3o de mercado em an\u00e1lise meteorol\u00f3gica, as empresas est\u00e3o a criar solu\u00e7\u00f5es inovadoras para ajudar os clientes a reduzir a sua pegada de carbono.<\/li>\n\n\n\n<li>As the weather analytics market research industry grows in complexity, partnerships and collaborations are becoming increasingly important. Companies in this field will gain an edge by joining forces to leverage their respective strengths to create comprehensive solutions that can meet the demands of a dynamic landscape.<\/li>\n<\/ul>\n\n\n\n<h2 class=\"wp-block-heading\"><strong>How SIS International&#8217;s Weather Analytics Market Research Helps Businesses<\/strong><\/h2>\n\n\n\n<p>No <a href=\"https:\/\/www.linkedin.com\/company\/sisinternationalresearch\/\" target=\"_blank\" rel=\"noopener\"><span style=\"font-weight: 400;\">SIS Internacional<\/span><\/a>, we understand the power of weather analytics in transforming business strategies. Our weather analytics <a href=\"https:\/\/www.linkedin.com\/pulse\/how-market-research-enables-growth-ruth-stanat-phekf\/\" target=\"_blank\" rel=\"noopener\"><span style=\"font-weight: 400;\">pesquisa de mercado<\/span><\/a> services are designed to provide businesses with the insights they need to make informed decisions, mitigate risks, and seize opportunities.<\/p>\n\n\n\n<h3 class=\"wp-block-heading\"><strong>Comprehensive Weather Insights<\/strong><\/h3>\n\n\n\n<p>SIS International&#8217;s market research offers in-depth analysis of weather patterns and their impact on business operations. By combining historical data with real-time insights, we provide actionable recommendations that help companies anticipate and adapt to changing weather conditions. Our approach ensures that businesses are prepared to respond proactively rather than reactively.<\/p>\n\n\n\n<h3 class=\"wp-block-heading\"><strong>Industry-Specific Solutions<\/strong><\/h3>\n\n\n\n<figure class=\"gb-block-image gb-block-image-80462c62\"><img loading=\"lazy\" decoding=\"async\" width=\"1456\" height=\"816\" class=\"gb-image gb-image-80462c62\" src=\"https:\/\/www.sisinternational.com\/wp-content\/uploads\/2025\/10\/Weather-analytics-1.jpg\" alt=\"Pesquisa e Estrat\u00e9gia de Mercado Internacional da SIS\" title=\"Weather analytics (1)\" srcset=\"https:\/\/www.sisinternational.com\/wp-content\/uploads\/2025\/10\/Weather-analytics-1.jpg 1456w, https:\/\/www.sisinternational.com\/wp-content\/uploads\/2025\/10\/Weather-analytics-1-300x168.jpg 300w, https:\/\/www.sisinternational.com\/wp-content\/uploads\/2025\/10\/Weather-analytics-1-1024x574.jpg 1024w, https:\/\/www.sisinternational.com\/wp-content\/uploads\/2025\/10\/Weather-analytics-1-768x430.jpg 768w, https:\/\/www.sisinternational.com\/wp-content\/uploads\/2025\/10\/Weather-analytics-1-18x10.jpg 18w\" sizes=\"auto, (max-width: 1456px) 100vw, 1456px\"><\/figure>\n\n\n\n<p><\/p>\n\n\n\n<p>We recognize that different industries have unique needs when it comes to weather analytics. Our team provides tailored solutions that address the specific challenges faced by sectors such as agriculture, logistics, retail, and energy. Whether it&#8217;s optimizing supply chain routes or planning for seasonal demand fluctuations, SIS International delivers industry-specific insights that drive success.<\/p>\n\n\n\n<h3 class=\"wp-block-heading\"><strong>Real-Time Data Integration<\/strong><\/h3>\n\n\n\n<p>Our weather analytics research leverages advanced technology to integrate real-time weather data into your business processes. This allows for timely decision-making and operational adjustments, ensuring that your business remains resilient in the face of adverse weather conditions. SIS International helps you stay ahead of the competition by using data-driven insights to create agile business strategies.<\/p>\n\n\n\n<h3 class=\"wp-block-heading\"><strong>Customized Consulting Services<\/strong><\/h3>\n\n\n\n<p>In addition to providing data and insights, SIS International offers customized consulting services to help you navigate the complexities of weather analytics. Our consultants work closely with your team to understand your specific challenges and develop tailored strategies that maximize the benefits of weather analytics for your business.<\/p>\n\n\n\n<h3 class=\"wp-block-heading\"><strong>Training and Support<\/strong><\/h3>\n\n\n\n<p>We provide comprehensive training and support to ensure that your team is well-equipped to use weather analytics effectively. Our training programs are designed to enhance your team&#8217;s ability to interpret weather data and apply insights to improve business outcomes.<\/p>\n\n\n\n<h3 class=\"wp-block-heading\"><strong>Advanced Predictive Modeling<\/strong><\/h3>\n\n\n\n<p>Our expertise in predictive modeling allows us to provide businesses with accurate forecasts that can drive strategic planning. By using advanced algorithms and machine learning, we help companies predict weather impacts and make data-driven decisions that minimize risks and capitalize on favorable conditions.<\/p>\n\n\n\n<h3 class=\"wp-block-heading\"><strong>Parceria de longo prazo<\/strong><\/h3>\n\n\n\n<figure class=\"gb-block-image gb-block-image-0486d52b\"><img loading=\"lazy\" decoding=\"async\" width=\"1456\" height=\"816\" class=\"gb-image gb-image-0486d52b\" src=\"https:\/\/www.sisinternational.com\/wp-content\/uploads\/2025\/10\/Weather-analytics-3.jpg\" alt=\"Pesquisa e Estrat\u00e9gia de Mercado Internacional da SIS\" title=\"Weather analytics (3)\" srcset=\"https:\/\/www.sisinternational.com\/wp-content\/uploads\/2025\/10\/Weather-analytics-3.jpg 1456w, https:\/\/www.sisinternational.com\/wp-content\/uploads\/2025\/10\/Weather-analytics-3-300x168.jpg 300w, https:\/\/www.sisinternational.com\/wp-content\/uploads\/2025\/10\/Weather-analytics-3-1024x574.jpg 1024w, https:\/\/www.sisinternational.com\/wp-content\/uploads\/2025\/10\/Weather-analytics-3-768x430.jpg 768w, https:\/\/www.sisinternational.com\/wp-content\/uploads\/2025\/10\/Weather-analytics-3-18x10.jpg 18w\" sizes=\"auto, (max-width: 1456px) 100vw, 1456px\"><\/figure>\n\n\n\n<p><\/p>\n\n\n\n<p><a href=\"https:\/\/medium.com\/@sisinternational\/sis-international-c17160da8fac\" target=\"_blank\" rel=\"noopener\"><span style=\"font-weight: 400;\">SIS<\/span><\/a>&nbsp;aims to build long-term partnerships with our clients. We are committed to providing ongoing support and updates to our weather analytics solutions, ensuring that your business continues to benefit from the latest advancements in the field.<\/p>\n\n\n\n<h2 class=\"wp-block-heading\"><strong>Sobre SIS Internacional<\/strong><\/h2>\n\n\n\n<p><a href=\"https:\/\/www.sisinternational.com\/pt\/\"><span style=\"font-weight: 400;\">SIS Internacional<\/span><\/a><span style=\"font-weight: 400;\"> oferece pesquisa quantitativa, qualitativa e estrat\u00e9gica. Fornecemos dados, ferramentas, estrat\u00e9gias, relat\u00f3rios e insights para a tomada de decis\u00f5es. Tamb\u00e9m realizamos entrevistas, pesquisas, grupos focais e outros m\u00e9todos e abordagens de Pesquisa de Mercado.<\/span><a href=\"https:\/\/www.sisinternational.com\/pt\/sobre-a-sis-international-research\/contact-sis-international-market-research\/\"><span style=\"font-weight: 400;\"> Entre em contato conosco<\/span><\/a><span style=\"font-weight: 400;\"> para o seu pr\u00f3ximo projeto de pesquisa de mercado.<\/span><\/p>","protected":false},"excerpt":{"rendered":"<p>A pesquisa de mercado de an\u00e1lise meteorol\u00f3gica oferece insights sobre as tend\u00eancias atuais nos padr\u00f5es clim\u00e1ticos com implica\u00e7\u00f5es de longo alcance para muitos setores.<\/p>","protected":false},"author":1,"featured_media":72126,"parent":14514,"menu_order":261,"comment_status":"closed","ping_status":"closed","template":"","meta":{"footnotes":""},"class_list":["post-42392","page","type-page","status-publish","has-post-thumbnail"],"_links":{"self":[{"href":"https:\/\/www.sisinternational.com\/pt\/wp-json\/wp\/v2\/pages\/42392","targetHints":{"allow":["GET"]}}],"collection":[{"href":"https:\/\/www.sisinternational.com\/pt\/wp-json\/wp\/v2\/pages"}],"about":[{"href":"https:\/\/www.sisinternational.com\/pt\/wp-json\/wp\/v2\/types\/page"}],"author":[{"embeddable":true,"href":"https:\/\/www.sisinternational.com\/pt\/wp-json\/wp\/v2\/users\/1"}],"replies":[{"embeddable":true,"href":"https:\/\/www.sisinternational.com\/pt\/wp-json\/wp\/v2\/comments?post=42392"}],"version-history":[{"count":7,"href":"https:\/\/www.sisinternational.com\/pt\/wp-json\/wp\/v2\/pages\/42392\/revisions"}],"predecessor-version":[{"id":81215,"href":"https:\/\/www.sisinternational.com\/pt\/wp-json\/wp\/v2\/pages\/42392\/revisions\/81215"}],"up":[{"embeddable":true,"href":"https:\/\/www.sisinternational.com\/pt\/wp-json\/wp\/v2\/pages\/14514"}],"wp:featuredmedia":[{"embeddable":true,"href":"https:\/\/www.sisinternational.com\/pt\/wp-json\/wp\/v2\/media\/72126"}],"wp:attachment":[{"href":"https:\/\/www.sisinternational.com\/pt\/wp-json\/wp\/v2\/media?parent=42392"}],"curies":[{"name":"wp","href":"https:\/\/api.w.org\/{rel}","templated":true}]}}