{"id":42388,"date":"2023-04-14T23:09:16","date_gmt":"2023-04-15T03:09:16","guid":{"rendered":"https:\/\/www.sisinternational.com\/?page_id=42388"},"modified":"2026-01-26T16:47:56","modified_gmt":"2026-01-26T21:47:56","slug":"pesquisa-de-mercado-de-filtragem-de-purificacao-de-agua","status":"publish","type":"page","link":"https:\/\/www.sisinternational.com\/pt\/pericia\/pesquisa-de-mercado-de-filtragem-de-purificacao-de-agua\/","title":{"rendered":"Pesquisa de mercado de purifica\u00e7\u00e3o e filtragem de \u00e1gua"},"content":{"rendered":"<h1 class=\"wp-block-heading\">Pesquisa de mercado de purifica\u00e7\u00e3o e filtragem de \u00e1gua<\/h1>\n\n\n\n<figure class=\"gb-block-image gb-block-image-358ce2d3\"><img loading=\"lazy\" decoding=\"async\" width=\"1456\" height=\"816\" class=\"gb-image gb-image-358ce2d3\" src=\"https:\/\/www.sisinternational.com\/wp-content\/uploads\/2025\/08\/Water-21.jpg\" alt=\"Pesquisa e Estrat\u00e9gia de Mercado Internacional da SIS\" title=\"Water (21)\" srcset=\"https:\/\/www.sisinternational.com\/wp-content\/uploads\/2025\/08\/Water-21.jpg 1456w, https:\/\/www.sisinternational.com\/wp-content\/uploads\/2025\/08\/Water-21-300x168.jpg 300w, https:\/\/www.sisinternational.com\/wp-content\/uploads\/2025\/08\/Water-21-1024x574.jpg 1024w, https:\/\/www.sisinternational.com\/wp-content\/uploads\/2025\/08\/Water-21-768x430.jpg 768w, https:\/\/www.sisinternational.com\/wp-content\/uploads\/2025\/08\/Water-21-18x10.jpg 18w\" sizes=\"auto, (max-width: 1456px) 100vw, 1456px\"><\/figure>\n\n\n\n<p><\/p>\n\n\n\n<p>A pesquisa de mercado de filtragem e purifica\u00e7\u00e3o de \u00e1gua \u00e9 vital, pois envolve produtos que fornecem processos que garantem que os indiv\u00edduos tenham acesso a \u00e1gua limpa e segura para consumo. A crescente demanda por \u00e1gua pot\u00e1vel levou ao desenvolvimento de diversas tecnologias para tratamento de \u00e1gua.<\/p>\n\n\n\n<p>A filtragem e purifica\u00e7\u00e3o da \u00e1gua s\u00e3o fundamentais para garantir a sa\u00fade p\u00fablica, evitando a propaga\u00e7\u00e3o de doen\u00e7as transmitidas pela \u00e1gua. A \u00e1gua contaminada \u00e9 uma das principais causas de doen\u00e7as e mortes em muitas partes do mundo, especialmente nos pa\u00edses em desenvolvimento, onde o acesso \u00e0 \u00e1gua pot\u00e1vel \u00e9 limitado.<\/p>\n\n\n\n<p>The water filtration and purification industry are an essential sector that plays a critical role in ensuring that the world&#8217;s water supply is safe and clean for human consumption. With the increasing concern over drinking water quality, the demand for <a href=\"https:\/\/www.sisinternational.com\/pt\/pericia\/industrias\/pesquisa-de-mercado-de-tecnologia-de-agua\/\" title=\"Pesquisa de mercado de tecnologia de \u00e1gua\"  data-wpil-monitor-id=\"4678\">water filtration and purification<\/a> systems has been steadily increasing and market research provides insights vital to the growth of the industry.<\/p>\n\n\n\n<h2 class=\"wp-block-heading\">Drivers de mercado na pesquisa de mercado de purifica\u00e7\u00e3o e filtragem de \u00e1gua<\/h2>\n\n\n\n<p>Um dos impulsionadores significativos da ind\u00fastria de filtra\u00e7\u00e3o e purifica\u00e7\u00e3o de \u00e1gua \u00e9 a crescente conscientiza\u00e7\u00e3o sobre os riscos \u00e0 sa\u00fade associados \u00e0 \u00e1gua pot\u00e1vel contaminada. \u00c0 medida que mais pessoas se conscientizam dos perigos de consumir \u00e1gua com altos n\u00edveis de contaminantes, \u00e9 mais prov\u00e1vel que invistam em sistemas de filtragem e purifica\u00e7\u00e3o de \u00e1gua para garantir que a sua \u00e1gua seja segura.<\/p>\n\n\n\n<p>A ind\u00fastria tamb\u00e9m est\u00e1 a ser impulsionada por requisitos regulamentares que determinam a qualidade da \u00e1gua pot\u00e1vel em v\u00e1rias regi\u00f5es do mundo. Os governos e os organismos reguladores est\u00e3o a impor regulamenta\u00e7\u00f5es cada vez mais rigorosas sobre a qualidade da \u00e1gua, o que levou a um aumento da procura de sistemas de filtragem e purifica\u00e7\u00e3o de \u00e1gua.<\/p>\n\n\n\n<p>As inova\u00e7\u00f5es nas tecnologias de filtragem e purifica\u00e7\u00e3o de \u00e1gua tamb\u00e9m est\u00e3o contribuindo para as mudan\u00e7as e o crescimento da ind\u00fastria. Est\u00e3o a ser descobertas novas tecnologias para melhorar a efici\u00eancia e a efic\u00e1cia dos sistemas de tratamento de \u00e1gua, tornando-os mais econ\u00f3micos e acess\u00edveis a uma gama mais ampla de consumidores.<\/p>\n\n\n\n<h2 class=\"wp-block-heading\">Visualiza\u00e7\u00e3o do produto<\/h2>\n\n\n\n<figure class=\"gb-block-image gb-block-image-d55f5f83\"><img loading=\"lazy\" decoding=\"async\" width=\"1456\" height=\"816\" class=\"gb-image gb-image-d55f5f83\" src=\"https:\/\/www.sisinternational.com\/wp-content\/uploads\/2025\/08\/Water-25.jpg\" alt=\"Pesquisa e Estrat\u00e9gia de Mercado Internacional da SIS\" title=\"Water (25)\" srcset=\"https:\/\/www.sisinternational.com\/wp-content\/uploads\/2025\/08\/Water-25.jpg 1456w, https:\/\/www.sisinternational.com\/wp-content\/uploads\/2025\/08\/Water-25-300x168.jpg 300w, https:\/\/www.sisinternational.com\/wp-content\/uploads\/2025\/08\/Water-25-1024x574.jpg 1024w, https:\/\/www.sisinternational.com\/wp-content\/uploads\/2025\/08\/Water-25-768x430.jpg 768w, https:\/\/www.sisinternational.com\/wp-content\/uploads\/2025\/08\/Water-25-18x10.jpg 18w\" sizes=\"auto, (max-width: 1456px) 100vw, 1456px\"><\/figure>\n\n\n\n<p><\/p>\n\n\n\n<p>The water purification and water filtration industry offer a variety of products that are designed to remove contaminants and impurities from water. <a href=\"https:\/\/www.sisinternational.com\/pt\/pericia\/industrias\/pesquisa-de-mercado-de-agua-engarrafada\/\" title=\"Pesquisa de mercado de \u00e1gua engarrafada\"  data-wpil-monitor-id=\"4960\">Pesquisa de mercado de purifica\u00e7\u00e3o e filtragem de \u00e1gua<\/a> provides insights into the use of these products and their impact to the industry overall. Here are some of the products commonly sold in the industry:<\/p>\n\n\n\n<ul class=\"wp-block-list\">\n<li>Os filtros de \u00e1gua s\u00e3o um dos produtos mais comuns na ind\u00fastria de filtragem de \u00e1gua. Eles s\u00e3o projetados para remover impurezas da \u00e1gua da torneira e fornecer \u00e1gua pot\u00e1vel limpa e segura. Os filtros de \u00e1gua v\u00eam em v\u00e1rios formatos, incluindo filtros de jarro, montados em torneira, de bancada e embaixo da pia.<\/li>\n\n\n\n<li>Os sistemas de osmose reversa s\u00e3o outro produto popular vendido na ind\u00fastria de purifica\u00e7\u00e3o de \u00e1gua. Esses sistemas usam uma membrana semiperme\u00e1vel para erradicar contaminantes, incluindo sais, minerais e outras impurezas da \u00e1gua. Os sistemas de osmose reversa s\u00e3o comumente usados para purificar \u00e1gua em resid\u00eancias, escrit\u00f3rios e outros edif\u00edcios.<\/li>\n\n\n\n<li>Os amaciantes de \u00e1gua s\u00e3o projetados para remover minerais duros da \u00e1gua, como c\u00e1lcio e magn\u00e9sio. A \u00e1gua dura pode causar v\u00e1rios problemas, incluindo entupimento de canos e eletrodom\u00e9sticos e afetar o sabor e o cheiro da \u00e1gua. Amaciantes de \u00e1gua s\u00e3o comumente usados em resid\u00eancias, escrit\u00f3rios e outros edif\u00edcios.<\/li>\n\n\n\n<li>Os sistemas de desinfec\u00e7\u00e3o ultravioleta (UV) usam luz UV para acabar com bact\u00e9rias, v\u00edrus e outros microorganismos na \u00e1gua. Esses sistemas s\u00e3o comumente usados em esta\u00e7\u00f5es municipais de tratamento de \u00e1gua, hospitais e outros ambientes onde a pureza da \u00e1gua \u00e9 cr\u00edtica.<\/li>\n\n\n\n<li>Os sistemas de destila\u00e7\u00e3o s\u00e3o configurados para remover contaminantes da \u00e1gua fervendo-os e depois condensando o vapor. Esses sistemas s\u00e3o frequentemente usados em laborat\u00f3rios e outros ambientes que exigem \u00e1gua de alta pureza.<\/li>\n<\/ul>\n\n\n\n<h2 class=\"wp-block-heading\">Ind\u00fastrias que dependem de purifica\u00e7\u00e3o e filtragem de \u00e1gua<\/h2>\n\n\n\n<p>A filtragem e purifica\u00e7\u00e3o de \u00e1gua s\u00e3o cruciais em v\u00e1rios setores, por isso os dados e estrat\u00e9gias em pesquisa de mercado de purifica\u00e7\u00e3o e filtragem de \u00e1gua s\u00e3o valiosos. Abaixo est\u00e3o as principais ind\u00fastrias que dependem de purifica\u00e7\u00e3o e filtragem de \u00e1gua:<\/p>\n\n\n\n<ul class=\"wp-block-list\">\n<li><strong>As ind\u00fastrias de alimentos e bebidas<\/strong> dependem muito da \u00e1gua para os processos produtivos, e a qualidade da \u00e1gua utilizada pode afetar a qualidade e a seguran\u00e7a do produto. Os sistemas de filtragem e purifica\u00e7\u00e3o s\u00e3o essenciais para garantir que a \u00e1gua utilizada esteja livre de impurezas, microorganismos e outros contaminantes.<\/li>\n\n\n\n<li><strong>No setor de sa\u00fade<\/strong>, a qualidade da \u00e1gua \u00e9 fundamental para o atendimento ao paciente, inclusive em instala\u00e7\u00f5es m\u00e9dicas, laborat\u00f3rios e fabrica\u00e7\u00e3o de produtos farmac\u00eauticos. A purifica\u00e7\u00e3o e filtragem da \u00e1gua s\u00e3o necess\u00e1rias para garantir que a \u00e1gua utilizada seja segura para consumo humano e procedimentos m\u00e9dicos.<\/li>\n\n\n\n<li><strong>Tratamento municipal de \u00e1gua<\/strong> depende fortemente da filtragem e purifica\u00e7\u00e3o da \u00e1gua, pois \u00e9 respons\u00e1vel pelo fornecimento de \u00e1gua pot\u00e1vel a comunidades inteiras. O processo de tratamento envolve a remo\u00e7\u00e3o de contaminantes das fontes de \u00e1gua bruta para torn\u00e1-las seguras para consumo.<\/li>\n\n\n\n<li><strong>Tratamento de \u00e1gua polu\u00edda<\/strong> \u00e9 outra aplica\u00e7\u00e3o essencial de filtra\u00e7\u00e3o e purifica\u00e7\u00e3o de \u00e1gua. O processo envolve a remo\u00e7\u00e3o de poluentes e contaminantes das \u00e1guas residuais antes que sejam liberadas de volta ao meio ambiente. Isto ajuda a prevenir a contamina\u00e7\u00e3o de fontes naturais de \u00e1gua e a garantir a sustentabilidade ambiental.<\/li>\n\n\n\n<li><strong>Na ind\u00fastria eletr\u00f4nica<\/strong>, os sistemas de filtragem e purifica\u00e7\u00e3o de \u00e1gua s\u00e3o essenciais para garantir a qualidade e a pureza da \u00e1gua utilizada nos processos de fabrica\u00e7\u00e3o. Isso ajuda a prevenir a contamina\u00e7\u00e3o de componentes eletr\u00f4nicos e a manter a qualidade do produto.<\/li>\n<\/ul>\n\n\n\n<h2 class=\"wp-block-heading\">Por que as empresas devem realizar pesquisas de mercado de purifica\u00e7\u00e3o e filtragem de \u00e1gua<\/h2>\n\n\n\n<figure class=\"gb-block-image gb-block-image-4478ea7b\"><img loading=\"lazy\" decoding=\"async\" width=\"1456\" height=\"816\" class=\"gb-image gb-image-4478ea7b\" src=\"https:\/\/www.sisinternational.com\/wp-content\/uploads\/2025\/08\/Water-27.jpg\" alt=\"Pesquisa e Estrat\u00e9gia de Mercado Internacional da SIS\" title=\"Water (27)\" srcset=\"https:\/\/www.sisinternational.com\/wp-content\/uploads\/2025\/08\/Water-27.jpg 1456w, https:\/\/www.sisinternational.com\/wp-content\/uploads\/2025\/08\/Water-27-300x168.jpg 300w, https:\/\/www.sisinternational.com\/wp-content\/uploads\/2025\/08\/Water-27-1024x574.jpg 1024w, https:\/\/www.sisinternational.com\/wp-content\/uploads\/2025\/08\/Water-27-768x430.jpg 768w, https:\/\/www.sisinternational.com\/wp-content\/uploads\/2025\/08\/Water-27-18x10.jpg 18w\" sizes=\"auto, (max-width: 1456px) 100vw, 1456px\"><\/figure>\n\n\n\n<p><\/p>\n\n\n\n<p>Businesses and companies operating in the water purification and water filtration industry should conduct market research that way they can gain a deeper understanding of their customers, competition, and the overall market landscape. Here are the <a href=\"https:\/\/www.sisinternational.com\/pt\/pericia\/industrias\/pesquisa-de-mercado-over-the-top-media-ott\/\" title=\"Pesquisa de mercado de m\u00eddia superior (OTT)\"  data-wpil-monitor-id=\"6209\">top reasons why market research<\/a> is crucial for businesses in this industry:<\/p>\n\n\n\n<ul class=\"wp-block-list\">\n<li><strong>Identifique as necessidades do cliente:<\/strong> A pesquisa de mercado pode ajudar as empresas a identificar as necessidades espec\u00edficas de seus clientes. Ao reunir dados sobre as prefer\u00eancias, comportamentos e n\u00edveis de satisfa\u00e7\u00e3o dos clientes, as empresas podem desenvolver produtos e servi\u00e7os que atendam \u00e0s necessidades dos seus clientes de forma mais eficaz.<\/li>\n\n\n\n<li><strong>Pesquisa de mercado de purifica\u00e7\u00e3o e filtragem de \u00e1gua:<\/strong> Ele permite que as empresas permane\u00e7am competitivas e relevantes, identificando tend\u00eancias de mercado e mudan\u00e7as nas prefer\u00eancias dos clientes. Dados e estrat\u00e9gias em pesquisa de mercado de purifica\u00e7\u00e3o e filtragem de \u00e1gua podem ser usados para se adaptar \u00e0s condi\u00e7\u00f5es de mercado em evolu\u00e7\u00e3o e descobrir novos produtos.<\/li>\n\n\n\n<li><strong>Otimize estrat\u00e9gias de marketing como pesquisa de mercado:<\/strong> Isso fornece insights sobre dados demogr\u00e1ficos, prefer\u00eancias e comportamento de compra do cliente. As informa\u00e7\u00f5es coletadas podem ser utilizadas para desenvolver campanhas de marketing que ir\u00e3o engajar o p\u00fablico-alvo e aumentar a lucratividade.<\/li>\n\n\n\n<li><strong>Melhorar o desenvolvimento de produtos:<\/strong> A pesquisa de mercado fornece feedback sobre as necessidades e prefer\u00eancias do cliente, que pode ser usado para melhorar o desenvolvimento do produto, resultando em melhores rela\u00e7\u00f5es com o cliente.<\/li>\n<\/ul>\n\n\n\n<p>O futuro da ind\u00fastria de purifica\u00e7\u00e3o e filtragem de \u00e1gua parece promissor, com avan\u00e7os na tecnologia e preocupa\u00e7\u00f5es crescentes com a escassez e contamina\u00e7\u00e3o da \u00e1gua. Investir em pesquisas de mercado de purifica\u00e7\u00e3o e filtragem de \u00e1gua pode ajudar as empresas a prosperar e ter sucesso nesta ind\u00fastria din\u00e2mica e essencial.<\/p>","protected":false},"excerpt":{"rendered":"<p>A filtragem e purifica\u00e7\u00e3o da \u00e1gua s\u00e3o fundamentais para garantir a sa\u00fade p\u00fablica, evitando a propaga\u00e7\u00e3o de doen\u00e7as transmitidas pela \u00e1gua.<\/p>","protected":false},"author":1,"featured_media":63544,"parent":14514,"menu_order":260,"comment_status":"closed","ping_status":"closed","template":"","meta":{"footnotes":""},"class_list":["post-42388","page","type-page","status-publish","has-post-thumbnail"],"_links":{"self":[{"href":"https:\/\/www.sisinternational.com\/pt\/wp-json\/wp\/v2\/pages\/42388","targetHints":{"allow":["GET"]}}],"collection":[{"href":"https:\/\/www.sisinternational.com\/pt\/wp-json\/wp\/v2\/pages"}],"about":[{"href":"https:\/\/www.sisinternational.com\/pt\/wp-json\/wp\/v2\/types\/page"}],"author":[{"embeddable":true,"href":"https:\/\/www.sisinternational.com\/pt\/wp-json\/wp\/v2\/users\/1"}],"replies":[{"embeddable":true,"href":"https:\/\/www.sisinternational.com\/pt\/wp-json\/wp\/v2\/comments?post=42388"}],"version-history":[{"count":6,"href":"https:\/\/www.sisinternational.com\/pt\/wp-json\/wp\/v2\/pages\/42388\/revisions"}],"predecessor-version":[{"id":79796,"href":"https:\/\/www.sisinternational.com\/pt\/wp-json\/wp\/v2\/pages\/42388\/revisions\/79796"}],"up":[{"embeddable":true,"href":"https:\/\/www.sisinternational.com\/pt\/wp-json\/wp\/v2\/pages\/14514"}],"wp:featuredmedia":[{"embeddable":true,"href":"https:\/\/www.sisinternational.com\/pt\/wp-json\/wp\/v2\/media\/63544"}],"wp:attachment":[{"href":"https:\/\/www.sisinternational.com\/pt\/wp-json\/wp\/v2\/media?parent=42388"}],"curies":[{"name":"wp","href":"https:\/\/api.w.org\/{rel}","templated":true}]}}