{"id":42386,"date":"2023-04-14T16:14:40","date_gmt":"2023-04-14T20:14:40","guid":{"rendered":"https:\/\/www.sisinternational.com\/?page_id=42386"},"modified":"2026-01-24T21:08:38","modified_gmt":"2026-01-25T02:08:38","slug":"pesquisa-de-mercado-de-tratamento-de-lodo-de-agua","status":"publish","type":"page","link":"https:\/\/www.sisinternational.com\/pt\/pericia\/pesquisa-de-mercado-de-tratamento-de-lodo-de-agua\/","title":{"rendered":"Pesquisa de mercado de tratamento de \u00e1gua e lodo"},"content":{"rendered":"<h1 class=\"wp-block-heading\">Pesquisa de mercado de tratamento de \u00e1gua e lodo<\/h1>\n\n\n\n<figure class=\"gb-block-image gb-block-image-6c5f11c5\"><img loading=\"lazy\" decoding=\"async\" width=\"1456\" height=\"816\" class=\"gb-image gb-image-6c5f11c5\" src=\"https:\/\/www.sisinternational.com\/wp-content\/uploads\/2025\/08\/Water-28.jpg\" alt=\"Pesquisa e Estrat\u00e9gia de Mercado Internacional da SIS\" title=\"Water (28)\" srcset=\"https:\/\/www.sisinternational.com\/wp-content\/uploads\/2025\/08\/Water-28.jpg 1456w, https:\/\/www.sisinternational.com\/wp-content\/uploads\/2025\/08\/Water-28-300x168.jpg 300w, https:\/\/www.sisinternational.com\/wp-content\/uploads\/2025\/08\/Water-28-1024x574.jpg 1024w, https:\/\/www.sisinternational.com\/wp-content\/uploads\/2025\/08\/Water-28-768x430.jpg 768w, https:\/\/www.sisinternational.com\/wp-content\/uploads\/2025\/08\/Water-28-18x10.jpg 18w\" sizes=\"auto, (max-width: 1456px) 100vw, 1456px\"><\/figure>\n\n\n\n<p><\/p>\n\n\n\n<p>O tratamento de \u00e1gua e lodo remove contaminantes de \u00e1guas residuais e lodo. Este processo torna seguro para descarga ou reutiliza\u00e7\u00e3o.<\/p>\n\n\n\n<p>Geramos \u00e1guas residuais provenientes de atividades dom\u00e9sticas, industriais e agr\u00edcolas. Ele cont\u00e9m uma variedade de poluentes, incluindo compostos org\u00e2nicos e inorg\u00e2nicos. Tamb\u00e9m cont\u00e9m s\u00f3lidos em suspens\u00e3o, pat\u00f3genos e metais pesados. Lodo \u00e9 o res\u00edduo semiss\u00f3lido que permanece ap\u00f3s o processo de tratamento de \u00e1guas residuais.<\/p>\n\n\n\n<p>O tratamento de \u00e1gua e lodo envolve v\u00e1rios processos f\u00edsicos, qu\u00edmicos e biol\u00f3gicos. Esses processos removem os contaminantes das \u00e1guas residuais e do lodo. Alguns m\u00e9todos de tratamento padr\u00e3o incluem sedimenta\u00e7\u00e3o, filtra\u00e7\u00e3o, tratamento natural, tratamento qu\u00edmico e desinfec\u00e7\u00e3o. O m\u00e9todo de tratamento espec\u00edfico utilizado depende de fatores como:<\/p>\n\n\n\n<ol class=\"wp-block-list\">\n<li>A natureza e concentra\u00e7\u00e3o dos contaminantes nas \u00e1guas residuais e lamas.<\/li>\n\n\n\n<li>O n\u00edvel de tratamento desejado.<\/li>\n<\/ol>\n\n\n\n<p>Outro ponto fundamental \u00e9 que o tratamento da \u00e1gua e do lodo visa proteger a sa\u00fade p\u00fablica e o meio ambiente. Reduz os contaminantes nas \u00e1guas residuais e no lodo para n\u00edveis seguros. Podemos ent\u00e3o descarregar a \u00e1gua tratada. Ou podemos reutiliz\u00e1-lo para diversos fins, como irriga\u00e7\u00e3o ou processos industriais. Podemos usar o lodo tratado como fertilizante ou descart\u00e1-lo com seguran\u00e7a.<\/p>\n\n\n\n<h2 class=\"wp-block-heading\">Por que o tratamento de \u00e1gua e lodo \u00e9 importante?<\/h2>\n\n\n\n<p>O tratamento da \u00e1gua e do lodo \u00e9 essencial por v\u00e1rios motivos. \u00c1guas residuais e lodo podem conter poluentes nocivos, como bact\u00e9rias, v\u00edrus e produtos qu\u00edmicos. Al\u00e9m disso, se n\u00e3o forem tratados, esses poluentes podem contaminar as fontes de \u00e1gua. A contamina\u00e7\u00e3o leva \u00e0 propaga\u00e7\u00e3o de doen\u00e7as e enfermidades.<\/p>\n\n\n\n<p>\u00c1guas residuais e lamas n\u00e3o tratadas tamb\u00e9m podem prejudicar o meio ambiente. Por exemplo, prejudica a vida aqu\u00e1tica e polui as fontes de \u00e1gua. O tratamento adequado de \u00e1guas residuais e lamas ajuda a reduzir estes impactos. Assim, protege o meio ambiente.<\/p>\n\n\n\n<p>A \u00e1gua \u00e9 um recurso limitado e o tratamento adequado das \u00e1guas residuais pode ajudar a conserv\u00e1-la. \u00c9 por isso que devemos reutiliz\u00e1-lo para irriga\u00e7\u00e3o e processos industriais. Tamb\u00e9m podemos tratar o lodo e us\u00e1-lo como fertilizante. Dessa forma, reduzimos a necessidade de fertilizantes sint\u00e9ticos. Tamb\u00e9m conservamos os recursos naturais.<\/p>\n\n\n\n<p>Muitos pa\u00edses t\u00eam regulamentos em vigor que exigem o tratamento de \u00e1guas residuais e lamas. As pessoas nesses pa\u00edses devem tratar \u00e1guas residuais e lamas antes de descart\u00e1-las ou reutiliz\u00e1-las. Ali\u00e1s, o cumprimento dessas regulamenta\u00e7\u00f5es \u00e9 fundamental para evitar multas e penalidades legais.<\/p>\n\n\n\n<h2 class=\"wp-block-heading\">Principais cargos<\/h2>\n\n\n\n<figure class=\"gb-block-image gb-block-image-388f2c45\"><img loading=\"lazy\" decoding=\"async\" width=\"1456\" height=\"816\" class=\"gb-image gb-image-388f2c45\" src=\"https:\/\/www.sisinternational.com\/wp-content\/uploads\/2025\/08\/Water-19.jpg\" alt=\"Pesquisa e Estrat\u00e9gia de Mercado Internacional da SIS\" title=\"Water (19)\" srcset=\"https:\/\/www.sisinternational.com\/wp-content\/uploads\/2025\/08\/Water-19.jpg 1456w, https:\/\/www.sisinternational.com\/wp-content\/uploads\/2025\/08\/Water-19-300x168.jpg 300w, https:\/\/www.sisinternational.com\/wp-content\/uploads\/2025\/08\/Water-19-1024x574.jpg 1024w, https:\/\/www.sisinternational.com\/wp-content\/uploads\/2025\/08\/Water-19-768x430.jpg 768w, https:\/\/www.sisinternational.com\/wp-content\/uploads\/2025\/08\/Water-19-18x10.jpg 18w\" sizes=\"auto, (max-width: 1456px) 100vw, 1456px\"><\/figure>\n\n\n\n<p><\/p>\n\n\n\n<h3 class=\"wp-block-heading\">Aqui est\u00e3o alguns cargos importantes relacionados ao tratamento de \u00e1gua e lodo:<\/h3>\n\n\n\n<ul class=\"wp-block-list\">\n<li><strong>Operador de Esta\u00e7\u00e3o de Tratamento de \u00c1gua\/Esgoto:<\/strong> Opera e mant\u00e9m equipamentos usados para tratar e purificar \u00e1gua e \u00e1guas residuais.<\/li>\n\n\n\n<li><strong>Engenheiro ambiental:<\/strong> Projeta e desenvolve processos e sistemas para tratamento de \u00e1guas residuais e lodos. Este engenheiro tamb\u00e9m garante a conformidade com as regulamenta\u00e7\u00f5es ambientais.<\/li>\n\n\n\n<li><a href=\"https:\/\/www.sisinternational.com\/pt\/solucoes\/teste-de-sabor\/sparkling-water-taste-testing\/\" title=\"Sparkling Water Taste Testing\"  data-wpil-monitor-id=\"9853\">Water Quality Analyst\/Chemist: Tests<\/a> and analyzes water as well as wastewater samples. In that way, they can determine the samples\u2019 chemical and biological composition. They can also ensure that the water meets regulatory requirements.<\/li>\n\n\n\n<li><strong>Operador da Esta\u00e7\u00e3o de Tratamento de Lodos:<\/strong> Opera e mant\u00e9m equipamentos usados para tratar e processar lodo. Este equipamento inclui sistemas de desidrata\u00e7\u00e3o, secagem e incinera\u00e7\u00e3o.<\/li>\n\n\n\n<li><strong>Especialista em Sa\u00fade e Seguran\u00e7a Ambiental:<\/strong> Este especialista garante a conformidade com os regulamentos ambientais, de sa\u00fade e seguran\u00e7a. Eles tamb\u00e9m verificam se a planta segue as pol\u00edticas relacionadas aos processos e instala\u00e7\u00f5es de tratamento.<\/li>\n\n\n\n<li><strong>Water <\/strong><a href=\"https:\/\/www.sisinternational.com\/pt\/solucoes\/pesquisa-de-mercado-de-ia-e-consultoria-estrategica\/consultoria-de-inteligencia-artificial-em-automacao-de-gerenciamento-de-talentos-de-recursos-humanos\/\" title=\"Automa\u00e7\u00e3o de Recursos Humanos e Gest\u00e3o de Talentos e Consultoria em IA\"  data-wpil-monitor-id=\"9846\">Resource Specialist: This specialist manages<\/a> and coordinates the use of water resources. These resources include water treatment, storage, distribution, and conservation.<\/li>\n\n\n\n<li><a href=\"https:\/\/www.sisinternational.com\/pt\/pericia\/industrias\/pesquisa-de-mercado-de-design-industrial\/\" title=\"Pesquisa de mercado de design industrial\"  data-wpil-monitor-id=\"9845\">Industrial Wastewater Treatment Specialist: Designs<\/a> and operates treatment systems for industrial wastewater. This type of wastewater may contain specialized pollutants and need technical treatment processes.<\/li>\n\n\n\n<li><strong>Engenheiro de Processo:<\/strong> Designs and optimizes water and sludge treatment processes and puts them in place. This engineer also conducts process analysis to improve efficiency and <a href=\"https:\/\/www.sisinternational.com\/pt\/how-to-conduct-effective-desk-research\/\" title=\"Como conduzir uma pesquisa documental eficaz\"  data-wpil-monitor-id=\"9854\">effectiveness<\/a>.<\/li>\n<\/ul>\n\n\n\n<h2 class=\"wp-block-heading\">Por que as empresas precisam de tratamento de \u00e1gua e lodo?<\/h2>\n\n\n\n<ul class=\"wp-block-list\">\n<li>As empresas precisam de tratamento de \u00e1gua e lodo por v\u00e1rios motivos. Muitas ind\u00fastrias devem seguir regulamenta\u00e7\u00f5es ambientais sobre o descarte de \u00e1guas residuais e lodo. O tratamento adequado \u00e9 necess\u00e1rio para garantir o cumprimento e evitar penalidades legais.<\/li>\n\n\n\n<li>As empresas ambientalmente respons\u00e1veis devem promover pr\u00e1ticas sustent\u00e1veis. Ao seguir estas pr\u00e1ticas, podem melhorar a sua imagem e reputa\u00e7\u00e3o p\u00fablicas.<\/li>\n\n\n\n<li>O tratamento de \u00e1guas residuais e lamas pode reduzir o volume de res\u00edduos gerados. Tamb\u00e9m pode reduzir os custos de elimina\u00e7\u00e3o associados. Al\u00e9m disso, podemos reaproveitar a \u00e1gua tratada para diversos fins. A reutiliza\u00e7\u00e3o reduz a necessidade de compra de \u00e1gua nova, diminuindo assim os custos.<\/li>\n\n\n\n<li>O tratamento adequado de \u00e1guas residuais e lamas pode conservar os recursos naturais. Por exemplo, economiza \u00e1gua e energia. F\u00e1-lo reduzindo a necessidade de novos recursos e promovendo a sustentabilidade.<\/li>\n\n\n\n<li>\u00c1guas residuais e lamas podem conter poluentes nocivos. Esses poluentes podem representar riscos \u00e0 sa\u00fade e \u00e0 seguran\u00e7a dos funcion\u00e1rios e do p\u00fablico. O tratamento adequado ajuda a reduzir esses riscos e a proteger a sa\u00fade p\u00fablica.<\/li>\n\n\n\n<li>Muitas ind\u00fastrias necessitam de \u00e1gua de alta qualidade para os seus produtos e processos. O tratamento adequado da \u00e1gua garante que ela atenda aos padr\u00f5es de qualidade exigidos. O tratamento leva a uma melhor qualidade do produto.<\/li>\n<\/ul>\n\n\n\n<h2 class=\"wp-block-heading\">Principais fatores de sucesso<\/h2>\n\n\n\n<ul class=\"wp-block-list\">\n<li>Os factores cr\u00edticos de sucesso para o tratamento de \u00e1gua e lamas incluem processos de tratamento eficazes. Os processos de tratamento utilizados devem remover contaminantes da \u00e1gua e do lodo. A \u00e1gua tratada e o lodo devem atender aos requisitos regulamentares. \u00c9 assim que saberemos que eles s\u00e3o seguros para descarte ou reutiliza\u00e7\u00e3o.<\/li>\n\n\n\n<li>Uma for\u00e7a de trabalho qualificada \u00e9 outro fator cr\u00edtico de sucesso. Essa for\u00e7a de trabalho \u00e9 necess\u00e1ria para operar e manter sistemas de tratamento. Deve garantir que estes sistemas sejam pr\u00e1ticos e eficientes. A manuten\u00e7\u00e3o regular \u00e9 necess\u00e1ria para reduzir o tempo de inatividade e o risco de falha.<\/li>\n\n\n\n<li>Outro fator cr\u00edtico de sucesso \u00e9 a conformidade com regulamenta\u00e7\u00f5es e padr\u00f5es ambientais. \u00c9 necess\u00e1rio para o sucesso de qualquer programa de tratamento de \u00e1gua e lodo. O n\u00e3o cumprimento pode resultar em penalidades legais e danos \u00e0 reputa\u00e7\u00e3o.<\/li>\n\n\n\n<li>O monitoramento e testes cont\u00ednuos de amostras de \u00e1gua e lodo s\u00e3o essenciais. Ele garante que os processos de tratamento sejam eficazes. Tamb\u00e9m confirma que a \u00e1gua e o lodo tratados atendem aos padr\u00f5es de qualidade.<\/li>\n\n\n\n<li>The ability to <a href=\"https:\/\/www.sisinternational.com\/pt\/solucoes\/inovacao-tecnologica\/\" title=\"SIS Technology &amp; Innovation Solutions\"  data-wpil-monitor-id=\"9848\">innovate and adapt to new technologies<\/a> and processes is also essential. It leads to further improvement. It also fosters the ability to meet changing regulatory requirements.<\/li>\n\n\n\n<li>Relacionamentos s\u00f3lidos com as partes interessadas, incluindo reguladores, clientes e fornecedores, s\u00e3o essenciais. Garante que o programa de tratamento de \u00e1gua e lamas seja bem-sucedido e sustent\u00e1vel.<\/li>\n<\/ul>\n\n\n\n<h2 class=\"wp-block-heading\">Sobre a pesquisa de mercado de tratamento de \u00e1gua e lodo<\/h2>\n\n\n\n<figure class=\"gb-block-image gb-block-image-c7c592b4\"><img loading=\"lazy\" decoding=\"async\" width=\"1456\" height=\"816\" class=\"gb-image gb-image-c7c592b4\" src=\"https:\/\/www.sisinternational.com\/wp-content\/uploads\/2025\/08\/Water-18.jpg\" alt=\"Pesquisa e Estrat\u00e9gia de Mercado Internacional da SIS\" title=\"Water (18)\" srcset=\"https:\/\/www.sisinternational.com\/wp-content\/uploads\/2025\/08\/Water-18.jpg 1456w, https:\/\/www.sisinternational.com\/wp-content\/uploads\/2025\/08\/Water-18-300x168.jpg 300w, https:\/\/www.sisinternational.com\/wp-content\/uploads\/2025\/08\/Water-18-1024x574.jpg 1024w, https:\/\/www.sisinternational.com\/wp-content\/uploads\/2025\/08\/Water-18-768x430.jpg 768w, https:\/\/www.sisinternational.com\/wp-content\/uploads\/2025\/08\/Water-18-18x10.jpg 18w\" sizes=\"auto, (max-width: 1456px) 100vw, 1456px\"><\/figure>\n\n\n\n<p><\/p>\n\n\n\n<p>It\u2019s not enough to do water and sludge treatment in a vacuum. You must also understand the market in which you will operate. That\u2019s where Quantitative and Qualitative Market Research comes in. Using techniques such as UX Market Research is critical. It lets you pinpoint the customer most likely to buy in and remain loyal to your brand. Strategy Research, Competitive Analysis, and <a href=\"https:\/\/www.sisinternational.com\/pt\/pericia\/industrias\/pesquisa-de-mercado-de-fertilizantes-potassicos\/\" title=\"Pesquisa de mercado de fertilizantes pot\u00e1ssicos\"  data-wpil-monitor-id=\"3136\">Pesquisa de entrada no mercado<\/a> are equally important. So are <a href=\"https:\/\/www.sisinternational.com\/pt\/pericia\/industrias\/pesquisa-de-mercado-de-carne-baseada-em-celulas-de-carne-cultivada\/\" title=\"Pesquisa de mercado de carne cultivada (carne baseada em c\u00e9lulas)\"  data-wpil-monitor-id=\"3164\">Pesquisa de oportunidades de mercado<\/a> and Market Sizing Research.<\/p>\n\n\n\n<p><a href=\"https:\/\/www.sisinternational.com\/pt\/entre-em-contato-com-a-sis-international-market-research\/\" title=\"Contate-nos\"  data-wpil-monitor-id=\"9844\">Contact our team at SIS International Research<\/a> if you need help with your Go to Market Strategy. We can organize Focus Groups, Interviews, and Surveys. We work with you to strengthen your <a href=\"https:\/\/www.sisinternational.com\/pt\/solucoes\/teste-de-sabor\/servicos-de-teste-de-produtos-em-nova-york\/\" title=\"Servi\u00e7os de teste de produtos em Nova York\"  data-wpil-monitor-id=\"9850\">products and services<\/a>. SIS has four decades of experience designing Market Research projects. Moreover, we get actionable results that increase ROI, making us the best people to help you, too!<\/p>","protected":false},"excerpt":{"rendered":"<p>\u00c1guas residuais e lodo podem conter poluentes nocivos, como bact\u00e9rias, v\u00edrus e produtos qu\u00edmicos. A contamina\u00e7\u00e3o leva a doen\u00e7as e enfermidades.<\/p>","protected":false},"author":1,"featured_media":63551,"parent":14514,"menu_order":259,"comment_status":"closed","ping_status":"closed","template":"","meta":{"footnotes":""},"class_list":["post-42386","page","type-page","status-publish","has-post-thumbnail"],"_links":{"self":[{"href":"https:\/\/www.sisinternational.com\/pt\/wp-json\/wp\/v2\/pages\/42386","targetHints":{"allow":["GET"]}}],"collection":[{"href":"https:\/\/www.sisinternational.com\/pt\/wp-json\/wp\/v2\/pages"}],"about":[{"href":"https:\/\/www.sisinternational.com\/pt\/wp-json\/wp\/v2\/types\/page"}],"author":[{"embeddable":true,"href":"https:\/\/www.sisinternational.com\/pt\/wp-json\/wp\/v2\/users\/1"}],"replies":[{"embeddable":true,"href":"https:\/\/www.sisinternational.com\/pt\/wp-json\/wp\/v2\/comments?post=42386"}],"version-history":[{"count":7,"href":"https:\/\/www.sisinternational.com\/pt\/wp-json\/wp\/v2\/pages\/42386\/revisions"}],"predecessor-version":[{"id":81635,"href":"https:\/\/www.sisinternational.com\/pt\/wp-json\/wp\/v2\/pages\/42386\/revisions\/81635"}],"up":[{"embeddable":true,"href":"https:\/\/www.sisinternational.com\/pt\/wp-json\/wp\/v2\/pages\/14514"}],"wp:featuredmedia":[{"embeddable":true,"href":"https:\/\/www.sisinternational.com\/pt\/wp-json\/wp\/v2\/media\/63551"}],"wp:attachment":[{"href":"https:\/\/www.sisinternational.com\/pt\/wp-json\/wp\/v2\/media?parent=42386"}],"curies":[{"name":"wp","href":"https:\/\/api.w.org\/{rel}","templated":true}]}}