{"id":42381,"date":"2023-04-14T15:55:15","date_gmt":"2023-04-14T19:55:15","guid":{"rendered":"https:\/\/www.sisinternational.com\/?page_id=42381"},"modified":"2026-03-12T13:28:13","modified_gmt":"2026-03-12T17:28:13","slug":"pesquisa-de-mercado-vegetariano","status":"publish","type":"page","link":"https:\/\/www.sisinternational.com\/pt\/solucoes\/pesquisa-de-mercado-da-industria-de-bebidas-alimenticias\/pesquisa-de-mercado-vegetariano\/","title":{"rendered":"Pesquisa de Mercado Vegetariano"},"content":{"rendered":"<h1 class=\"wp-block-heading\">Pesquisa de Mercado Vegetariano<\/h1>\n\n\n\n<figure class=\"gb-block-image gb-block-image-660be3f8\"><img loading=\"lazy\" decoding=\"async\" width=\"1456\" height=\"816\" class=\"gb-image gb-image-660be3f8\" src=\"https:\/\/www.sisinternational.com\/wp-content\/uploads\/2025\/08\/Organic-food-5.jpg\" alt=\"Pesquisa e Estrat\u00e9gia de Mercado Internacional da SIS\" title=\"Organic food (5)\" srcset=\"https:\/\/www.sisinternational.com\/wp-content\/uploads\/2025\/08\/Organic-food-5.jpg 1456w, https:\/\/www.sisinternational.com\/wp-content\/uploads\/2025\/08\/Organic-food-5-300x168.jpg 300w, https:\/\/www.sisinternational.com\/wp-content\/uploads\/2025\/08\/Organic-food-5-1024x574.jpg 1024w, https:\/\/www.sisinternational.com\/wp-content\/uploads\/2025\/08\/Organic-food-5-768x430.jpg 768w, https:\/\/www.sisinternational.com\/wp-content\/uploads\/2025\/08\/Organic-food-5-18x10.jpg 18w\" sizes=\"auto, (max-width: 1456px) 100vw, 1456px\"><\/figure>\n\n\n\n<p><\/p>\n\n\n\n<p>A Pesquisa de Mercado Vegetariano fornece insights sobre uma ind\u00fastria que \u00e9 composta por v\u00e1rios produtos e servi\u00e7os que fornecem indiv\u00edduos que seguem um estilo de vida vegetariano, que normalmente exclui carne, aves, peixe e outros ingredientes de origem animal. Este mercado inclui produtos alimentares vegetarianos, bebidas e suplementos, bem como itens n\u00e3o alimentares, como roupas vegetarianas, cosm\u00e9ticos e produtos dom\u00e9sticos.<\/p>\n\n\n\n<h2 class=\"wp-block-heading\">Segmenta\u00e7\u00e3o da ind\u00fastria de pesquisa de mercado vegetariano<\/h2>\n\n\n\n<p>A ind\u00fastria vegetariana abrange uma extensa variedade de empresas que oferecem produtos e servi\u00e7os a pessoas que levam estilos de vida vegetarianos, que muitas vezes pro\u00edbem o consumo de carne, frango, peixe e outros alimentos derivados de animais. Os dados e estrat\u00e9gias nas fontes de pesquisa de mercado vegetariano incluem v\u00e1rios segmentos, como alimentos e bebidas vegetarianos, suplementos, bens n\u00e3o alimentares e servi\u00e7os.<\/p>\n\n\n\n<p><strong>Alimentos e Bebidas<\/strong><\/p>\n\n\n\n<p>The vegetarian <a href=\"https:\/\/www.sisinternational.com\/pt\/solucoes\/pesquisa-de-mercado-da-industria-de-bebidas-alimenticias\/\" title=\"Pesquisa de mercado do setor de alimentos e bebidas\"  data-wpil-monitor-id=\"6159\">industry&#8217;s food and beverage<\/a> sector is made up of companies that manufacture, supply, and market vegetarian food items. This covers plant-based substitutes for meat, dairy, eggs, and other items originating from animals. Fruits, vegetables, grains, legumes, nuts, seeds, plant-based sources of protein, dairy substitutes, meat substitutes, and other vegetarian food items can all be considered vegetarian food products. Often, these items are promoted to flexitarians, vegans, and vegetarians.<\/p>\n\n\n\n<p><strong>Suplementos<\/strong><\/p>\n\n\n\n<p>O segmento de suplementos \u00e9 formado por empresas que criam, comercializam e vendem vitaminas e suplementos diet\u00e9ticos adequados para vegetarianos. Ao contr\u00e1rio dos suplementos tradicionais, que frequentemente utilizam subst\u00e2ncias de origem animal, como a gelatina, estes suplementos s\u00e3o fabricados principalmente a partir de fontes vegetais. Multivitaminas, minerais, \u00e1cidos graxos \u00f4mega-3, prote\u00ednas em p\u00f3 e outros suplementos diet\u00e9ticos podem ser vendidos a vegetarianos e veganos que podem ter necessidades nutricionais espec\u00edficas devido \u00e0s suas limita\u00e7\u00f5es diet\u00e9ticas como suplementos vegetarianos.<\/p>\n\n\n\n<p><strong>Itens n\u00e3o alimentares<\/strong><\/p>\n\n\n\n<p>The non-food items category within the vegetarian industry includes businesses that produce, distribute, and sell non-food products that cater to vegetarians. This may include vegetarian clothing, footwear, accessories, cosmetics, <a href=\"https:\/\/www.sisinternational.com\/pt\/pericia\/curriculos-de-experiencia\/pesquisa-de-mercado-de-produtos-de-higiene-pessoal\/\" title=\"Pesquisa de mercado de produtos de cuidados pessoais\"  data-wpil-monitor-id=\"6158\">personal care products<\/a>, household products, and other non-food items that are certified as cruelty-free, vegan, and free from animal-derived ingredients. These products are typically <a href=\"https:\/\/www.sisinternational.com\/pt\/navegando-pelas-diferencas-projetos-de-pesquisa-de-mercado-global\/\" title=\"Diferen\u00e7as Culturais na Pesquisa de Mercado Global\"  data-wpil-monitor-id=\"6157\">marketed to environmentally conscious consumers<\/a>, ethical consumers, and those who follow a vegetarian or vegan lifestyle.<\/p>\n\n\n\n<p><strong>Servi\u00e7os<\/strong><\/p>\n\n\n\n<p>O setor de servi\u00e7os da ind\u00fastria vegetariana \u00e9 formado por empresas que oferecem servi\u00e7os associados ao vegetarianismo, como restaurantes vegetarianos, servi\u00e7os de catering, aulas de culin\u00e1ria, planejamento de refei\u00e7\u00f5es, consultoria de nutri\u00e7\u00e3o vegetariana e outros neg\u00f3cios que atendem \u00e0s necessidades e prefer\u00eancias alimentares de vegetarianos e veganos. . Aqueles que vivem um estilo de vida vegetariano ou baseado em vegetais e procuram servi\u00e7os especializados que complementem as suas prefer\u00eancias alimentares s\u00e3o frequentemente o p\u00fablico-alvo destes servi\u00e7os.<\/p>\n\n\n\n<h2 class=\"wp-block-heading\">Clientes-alvo da ind\u00fastria vegetariana<\/h2>\n\n\n\n<figure class=\"gb-block-image gb-block-image-edce38f3\"><img loading=\"lazy\" decoding=\"async\" width=\"1456\" height=\"816\" class=\"gb-image gb-image-edce38f3\" src=\"https:\/\/www.sisinternational.com\/wp-content\/uploads\/2025\/08\/Organic-food-2.jpg\" alt=\"Pesquisa e Estrat\u00e9gia de Mercado Internacional da SIS\" title=\"Organic food (2)\" srcset=\"https:\/\/www.sisinternational.com\/wp-content\/uploads\/2025\/08\/Organic-food-2.jpg 1456w, https:\/\/www.sisinternational.com\/wp-content\/uploads\/2025\/08\/Organic-food-2-300x168.jpg 300w, https:\/\/www.sisinternational.com\/wp-content\/uploads\/2025\/08\/Organic-food-2-1024x574.jpg 1024w, https:\/\/www.sisinternational.com\/wp-content\/uploads\/2025\/08\/Organic-food-2-768x430.jpg 768w, https:\/\/www.sisinternational.com\/wp-content\/uploads\/2025\/08\/Organic-food-2-18x10.jpg 18w\" sizes=\"auto, (max-width: 1456px) 100vw, 1456px\"><\/figure>\n\n\n\n<p><\/p>\n\n\n\n<p>A Pesquisa de Mercado Vegetariano fornece insights sobre as diversas categorias de indiv\u00edduos que s\u00e3o considerados alvos da ind\u00fastria. Esses clientes incluem o seguinte:<\/p>\n\n\n\n<ul class=\"wp-block-list\">\n<li><strong>Vegetarianos e Veganos:<\/strong>\u00a0indiv\u00edduos que seguem estritamente um estilo de vida vegetariano ou baseado em vegetais e procuram ativamente produtos alimentares vegetarianos, suplementos, itens n\u00e3o alimentares e servi\u00e7os que se alinhem com as suas escolhas alimentares. Eles podem optar por evitar carne, latic\u00ednios, ovos e outros ingredientes de origem animal por v\u00e1rios motivos, como sa\u00fade, sustentabilidade ambiental, bem-estar animal e considera\u00e7\u00f5es \u00e9ticas.<\/li>\n\n\n\n<li><strong>Flexitarianos: <\/strong>those who primarily follow a vegetarian or plant-based diet but occasionally <a href=\"https:\/\/www.sisinternational.com\/pt\/solucoes\/teste-de-sabor\/testes-de-produtos-de-consumo-em-nova-york\/\" title=\"Testes de produtos de consumo em Nova York\"  data-wpil-monitor-id=\"6164\">consume meat or other animal-derived products<\/a>. Flexitarians may choose to incorporate more plant-based <a href=\"https:\/\/www.sisinternational.com\/pt\/pericia\/industrias\/pesquisa-de-mercado-de-perda-de-peso-de-alimentos-dieteticos\/\" title=\"Pesquisa de mercado de alimentos diet\u00e9ticos e perda de peso\"  data-wpil-monitor-id=\"6162\">foods into their diet<\/a> for health reasons, environmental concerns, or ethical considerations but may still consume meat or other animal-derived products on occasion. They may seek out vegetarian food products, supplements, non-food items, and services that offer healthier, more sustainable, and ethical options.<\/li>\n\n\n\n<li><strong>Consumidores Conscientes Ambientais e \u00c9ticos:<\/strong>\u00a0consumidores que priorizam a sustentabilidade ambiental e o bem-estar animal em suas decis\u00f5es de compra. Podem optar por apoiar empresas vegetarianas que oferecem produtos e servi\u00e7os mais sustent\u00e1veis e \u00e9ticos, mesmo que eles pr\u00f3prios n\u00e3o sigam uma dieta estritamente vegetariana ou baseada em vegetais.<\/li>\n\n\n\n<li><strong>Consumidores Conscientes de Sa\u00fade e Bem-Estar:<\/strong>\u00a0consumidores que priorizam sua sa\u00fade e bem-estar e buscam produtos alimentares vegetarianos e suplementos que ofere\u00e7am nutrientes vegetais.<\/li>\n<\/ul>\n\n\n\n<h2 class=\"wp-block-heading\">Tend\u00eancias da ind\u00fastria<\/h2>\n\n\n\n<p>A ind\u00fastria vegana est\u00e1 ganhando impulso rapidamente, impulsionada por v\u00e1rios fatores que impactam o seu crescimento. Os dados e estrat\u00e9gias da Pesquisa de Mercado Vegetariano exploram os principais impulsionadores do crescimento deste mercado din\u00e2mico.<\/p>\n\n\n\n<ul class=\"wp-block-list\">\n<li><strong>Sa\u00fade e bem-estar:<\/strong>\u00a0A key trend influencing the vegetarian sector is the rising public awareness of the health advantages of plant-based diets. A vegetarian diet is frequently linked to a lower chance of developing chronic illnesses like diabetes, heart disease, and certain types of cancer. Fiber, vitamins, minerals, and phytonutrients are commonly abundant in plant-based diets and are crucial for preserving general health and wellbeing. The demand for vegetarian food products and <a href=\"https:\/\/www.sisinternational.com\/pt\/pericia\/industrias\/pesquisa-de-mercado-de-suplementos-nutricionais\/\" title=\"Pesquisa de mercado de suplementos nutricionais\"  data-wpil-monitor-id=\"6163\">supplements that provide plant-based nutrition<\/a> is anticipated to increase as consumers place an increased emphasis on their health and wellness.<\/li>\n\n\n\n<li><strong>Preocupa\u00e7\u00f5es \u00e9ticas:<\/strong>\u00a0Devido a preocupa\u00e7\u00f5es \u00e9ticas em rela\u00e7\u00e3o ao sofrimento animal, mais clientes est\u00e3o adotando dietas veganas. As pessoas decidem abster-se de comer carne e produtos derivados de animais, a fim de promover o tratamento compassivo dos animais e diminuir o seu papel na explora\u00e7\u00e3o animal. A procura por roupas, cosm\u00e9ticos e utens\u00edlios dom\u00e9sticos certificados veganos e livres de crueldade, bem como produtos alimentares vegetarianos, est\u00e1 a ser impulsionada por esta preocupa\u00e7\u00e3o \u00e9tica.<\/li>\n\n\n\n<li><strong>Inova\u00e7\u00e3o em Produtos Alimentares Vegetarianos:<\/strong>\u00a0O desenvolvimento de novos alimentos \u00e0 base de plantas com perfis nutricionais semelhantes aos da carne e de outros produtos de origem animal \u00e9 uma importante \u00e1rea de inova\u00e7\u00e3o para o neg\u00f3cio vegetariano. Dados e estrat\u00e9gias em pesquisas de mercado vegetariano podem ser usados para identificar melhorias na tecnologia de processamento de alimentos, fornecimento de ingredientes e t\u00e9cnicas de aromatiza\u00e7\u00e3o que levaram ao desenvolvimento de uma variedade de substitutos vegetais para carne, latic\u00ednios, ovos e outros produtos produzidos a partir de vegetais. animais.<\/li>\n\n\n\n<li><strong>Crescimento dos Canais de Distribui\u00e7\u00e3o:<\/strong>\u00a0Os bens e servi\u00e7os alimentares vegetarianos est\u00e3o a ser distribu\u00eddos atrav\u00e9s de mais canais, o que est\u00e1 a ajudar a expans\u00e3o da ind\u00fastria vegetariana. Os alimentos vegetarianos est\u00e3o se tornando mais amplamente dispon\u00edveis em supermercados regulares, mercados na Internet e estabelecimentos de servi\u00e7os de alimenta\u00e7\u00e3o, em vez de apenas em lojas de nicho de produtos naturais.<\/li>\n<\/ul>\n\n\n\n<h2 class=\"wp-block-heading\">Sobre a pesquisa de mercado vegetariano<\/h2>\n\n\n\n<figure class=\"gb-block-image gb-block-image-849d7e81\"><img loading=\"lazy\" decoding=\"async\" width=\"1456\" height=\"816\" class=\"gb-image gb-image-849d7e81\" src=\"https:\/\/www.sisinternational.com\/wp-content\/uploads\/2025\/08\/Organic-food-1.jpg\" alt=\"Pesquisa e Estrat\u00e9gia de Mercado Internacional da SIS\" title=\"Organic food (1)\" srcset=\"https:\/\/www.sisinternational.com\/wp-content\/uploads\/2025\/08\/Organic-food-1.jpg 1456w, https:\/\/www.sisinternational.com\/wp-content\/uploads\/2025\/08\/Organic-food-1-300x168.jpg 300w, https:\/\/www.sisinternational.com\/wp-content\/uploads\/2025\/08\/Organic-food-1-1024x574.jpg 1024w, https:\/\/www.sisinternational.com\/wp-content\/uploads\/2025\/08\/Organic-food-1-768x430.jpg 768w, https:\/\/www.sisinternational.com\/wp-content\/uploads\/2025\/08\/Organic-food-1-18x10.jpg 18w\" sizes=\"auto, (max-width: 1456px) 100vw, 1456px\"><\/figure>\n\n\n\n<p><\/p>\n\n\n\n<p>As the demand for vegetarian food and products continues to grow, understanding the <a href=\"https:\/\/www.sisinternational.com\/pt\/solucoes\/pesquisa-de-consultoria-em-estrategia-fintech\/consultoria-em-estrategia-de-pesquisa-de-mercado-consumidor-sem-banco\/\" title=\"Pesquisa de mercado consumidor sem banco e consultoria estrat\u00e9gica\"  data-wpil-monitor-id=\"6161\">market trends and consumer<\/a> preferences in the vegetarian industry becomes crucial for those who own vegetarian businesses. Vegetarian market research provides insights into the increasing adoption of plant-based diets to the rise of flexitarianism, ethical and environmental considerations, and the demand for innovative and high-quality vegetarian products and services; understanding these trends can help vegetarian business owners stay ahead in the <a href=\"https:\/\/www.sisinternational.com\/pt\/solucoes\/pesquisa-de-consultoria-em-estrategia-fintech\/pesquisa-de-mercado-mercado-de-capitais\/\" title=\"Pesquisa de mercado de mercado de capitais\"  data-wpil-monitor-id=\"6160\">market and capitalize<\/a> on the opportunities presented by the expanding vegetarian industry.<\/p>","protected":false},"excerpt":{"rendered":"<p>O mercado vegetariano inclui alimentos, bebidas e suplementos, al\u00e9m de itens como roupas, cosm\u00e9ticos e produtos dom\u00e9sticos.<\/p>","protected":false},"author":1,"featured_media":64001,"parent":22018,"menu_order":258,"comment_status":"closed","ping_status":"closed","template":"","meta":{"footnotes":""},"class_list":["post-42381","page","type-page","status-publish","has-post-thumbnail"],"_links":{"self":[{"href":"https:\/\/www.sisinternational.com\/pt\/wp-json\/wp\/v2\/pages\/42381","targetHints":{"allow":["GET"]}}],"collection":[{"href":"https:\/\/www.sisinternational.com\/pt\/wp-json\/wp\/v2\/pages"}],"about":[{"href":"https:\/\/www.sisinternational.com\/pt\/wp-json\/wp\/v2\/types\/page"}],"author":[{"embeddable":true,"href":"https:\/\/www.sisinternational.com\/pt\/wp-json\/wp\/v2\/users\/1"}],"replies":[{"embeddable":true,"href":"https:\/\/www.sisinternational.com\/pt\/wp-json\/wp\/v2\/comments?post=42381"}],"version-history":[{"count":4,"href":"https:\/\/www.sisinternational.com\/pt\/wp-json\/wp\/v2\/pages\/42381\/revisions"}],"predecessor-version":[{"id":79756,"href":"https:\/\/www.sisinternational.com\/pt\/wp-json\/wp\/v2\/pages\/42381\/revisions\/79756"}],"up":[{"embeddable":true,"href":"https:\/\/www.sisinternational.com\/pt\/wp-json\/wp\/v2\/pages\/22018"}],"wp:featuredmedia":[{"embeddable":true,"href":"https:\/\/www.sisinternational.com\/pt\/wp-json\/wp\/v2\/media\/64001"}],"wp:attachment":[{"href":"https:\/\/www.sisinternational.com\/pt\/wp-json\/wp\/v2\/media?parent=42381"}],"curies":[{"name":"wp","href":"https:\/\/api.w.org\/{rel}","templated":true}]}}