{"id":42373,"date":"2023-04-14T13:56:41","date_gmt":"2023-04-14T17:56:41","guid":{"rendered":"https:\/\/www.sisinternational.com\/?page_id=42373"},"modified":"2026-01-26T16:54:14","modified_gmt":"2026-01-26T21:54:14","slug":"selecione-pesquisa-de-mercado-de-hoteis-de-servico","status":"publish","type":"page","link":"https:\/\/www.sisinternational.com\/pt\/pericia\/selecione-pesquisa-de-mercado-de-hoteis-de-servico\/","title":{"rendered":"Selecione pesquisa de mercado de hot\u00e9is de servi\u00e7o"},"content":{"rendered":"<h1 class=\"wp-block-heading\">Selecione pesquisa de mercado de hot\u00e9is de servi\u00e7o<\/h1>\n\n\n\n<figure class=\"gb-block-image gb-block-image-a964e7b0\"><img loading=\"lazy\" decoding=\"async\" width=\"1456\" height=\"816\" class=\"gb-image gb-image-a964e7b0\" src=\"https:\/\/www.sisinternational.com\/wp-content\/uploads\/2025\/08\/hotel-13.jpg\" alt=\"Pesquisa e Estrat\u00e9gia de Mercado Internacional da SIS\" title=\"hotel (13)\" srcset=\"https:\/\/www.sisinternational.com\/wp-content\/uploads\/2025\/08\/hotel-13.jpg 1456w, https:\/\/www.sisinternational.com\/wp-content\/uploads\/2025\/08\/hotel-13-300x168.jpg 300w, https:\/\/www.sisinternational.com\/wp-content\/uploads\/2025\/08\/hotel-13-1024x574.jpg 1024w, https:\/\/www.sisinternational.com\/wp-content\/uploads\/2025\/08\/hotel-13-768x430.jpg 768w, https:\/\/www.sisinternational.com\/wp-content\/uploads\/2025\/08\/hotel-13-18x10.jpg 18w\" sizes=\"auto, (max-width: 1456px) 100vw, 1456px\"><\/figure>\n\n\n\n<p><\/p>\n\n\n\n<p>Numa ind\u00fastria hoteleira em r\u00e1pida mudan\u00e7a, \u00e9 essencial acompanhar as tend\u00eancias e expectativas dos viajantes \u2013 e os hot\u00e9is com servi\u00e7os seleccionados s\u00e3o a escolha preferida dos turistas preocupados com o or\u00e7amento que procuram acomoda\u00e7\u00f5es da mais alta qualidade sem gastar muito em luxos. Eles oferecem \u00f3timas acomoda\u00e7\u00f5es de servi\u00e7o a pre\u00e7os razo\u00e1veis, omitindo os extras caros.<\/p>\n\n\n\n<p>Portanto, a pesquisa de mercado de hot\u00e9is com servi\u00e7os selecionados visa fornecer uma an\u00e1lise abrangente do setor hoteleiro com servi\u00e7os selecionados, que est\u00e1 crescendo em popularidade devido \u00e0 sua oferta equilibrada de comodidades e servi\u00e7os essenciais a pre\u00e7os acess\u00edveis.<\/p>\n\n\n\n<h2 class=\"wp-block-heading\">O que \u00e9 pesquisa de mercado de hot\u00e9is com servi\u00e7os selecionados?<\/h2>\n\n\n\n<p>The in-depth select service <a class=\"wpil_keyword_link\" href=\"https:\/\/www.sisinternational.com\/pt\/pericia\/industrias\/pesquisa-de-mercado-hoteleiro\/\"   title=\"Pesquisa de mercado hoteleiro\" data-wpil-keyword-link=\"linked\"  data-wpil-monitor-id=\"695\">pesquisa de mercado hoteleiro<\/a> involves the meticulous collection, examination, and understanding of relevant data and information related to the industry. The primary objective of this <a href=\"https:\/\/www.sisinternational.com\/pt\/pericia\/industrias\/pesquisa-de-mercado-de-fertilizantes-potassicos\/\" title=\"Pesquisa de mercado de fertilizantes pot\u00e1ssicos\"  data-wpil-monitor-id=\"3139\">research is to discern the prevailing market<\/a> trends, customer biases, competitive landscape, viable prospects, and challenges potentially affecting the performance and expansion of select service hotels.<\/p>\n\n\n\n<p>With select service <a href=\"https:\/\/www.sisinternational.com\/pt\/solucoes\/consultoria-em-hotelaria-e-turismo-em-viagens\/pesquisa-de-mercado-de-rede-hoteleira\/\" title=\"Pesquisa de mercado de cadeia hoteleira\"  data-wpil-monitor-id=\"3004\">pesquisa de mercado hoteleiro<\/a>, stakeholders can strengthen their business strategies by leveraging the results of these hotels&#8217; research.<\/p>\n\n\n\n<h2 class=\"wp-block-heading\">Import\u00e2ncia da pesquisa de mercado de hot\u00e9is com servi\u00e7os selecionados<\/h2>\n\n\n\n<ul class=\"wp-block-list\">\n<li>By utilizing select service <a href=\"https:\/\/www.sisinternational.com\/pt\/pericia\/industrias\/pesquisa-de-mercado-de-moveis-para-hoteis\/\" title=\"Pesquisa de mercado de m\u00f3veis para hot\u00e9is\"  data-wpil-monitor-id=\"3828\">pesquisa de mercado hoteleiro<\/a>, hoteliers can gain insight into the exact requirements and expectations of different customer segments to create personalized offerings that meet their needs. This not only increases guest satisfaction but also enhances service delivery.<\/li>\n\n\n\n<li>Ao monitorizar as mais recentes tend\u00eancias no setor hoteleiro de servi\u00e7os selecionados, tais como avan\u00e7os tecnol\u00f3gicos e iniciativas ecol\u00f3gicas, os hoteleiros podem obter uma vantagem competitiva, ao mesmo tempo que satisfazem as novas necessidades dos viajantes.<\/li>\n\n\n\n<li>Comprehensive select <a href=\"https:\/\/www.sisinternational.com\/pt\/pericia\/industrias\/pesquisa-de-mercado-de-servicos-de-comunicacao\/\" title=\"Pesquisa de mercado de servi\u00e7os de comunica\u00e7\u00e3o\"  data-wpil-monitor-id=\"5695\">service hotel market research<\/a> offers valuable insights into the competitive landscape, unveiling the strengths and weaknesses of prominent players in the industry. These findings enable hoteliers to devise unique and effective strategies that set them apart from their competitors.<\/li>\n\n\n\n<li>Select service <a href=\"https:\/\/www.sisinternational.com\/pt\/pericia\/industrias\/pesquisa-de-mercado-hoteleira\/\" title=\"Pesquisa de mercado de pesquisa hoteleira\"  data-wpil-monitor-id=\"6264\">pesquisa de mercado hoteleiro<\/a> helps discover potential chances for development such as rising markets and new niches, in addition to challenges that could influence the industry like financial changes.<br>Com a pesquisa de mercado de hot\u00e9is de servi\u00e7os selecionados, hoteleiros e investidores podem tomar decis\u00f5es baseadas em dados para impulsionar o crescimento na ind\u00fastria hoteleira de servi\u00e7os selecionados.<\/li>\n\n\n\n<li>Ao monitorizar o seu desempenho em rela\u00e7\u00e3o aos padr\u00f5es da ind\u00fastria e analisar a concorr\u00eancia, hot\u00e9is de servi\u00e7o seleccionados podem identificar \u00e1reas de melhoria para consolidar uma melhor posi\u00e7\u00e3o no mercado. Desta forma, podem fazer mudan\u00e7as que ir\u00e3o expandir a sua posi\u00e7\u00e3o como l\u00edderes da hospitalidade.<\/li>\n<\/ul>\n\n\n\n<h2 class=\"wp-block-heading\">Tend\u00eancias atuais em pesquisas de mercado de hot\u00e9is com servi\u00e7os selecionados<\/h2>\n\n\n\n<figure class=\"gb-block-image gb-block-image-69a99df0\"><img loading=\"lazy\" decoding=\"async\" width=\"1456\" height=\"816\" class=\"gb-image gb-image-69a99df0\" src=\"https:\/\/www.sisinternational.com\/wp-content\/uploads\/2025\/08\/hotel-14.jpg\" alt=\"Pesquisa e Estrat\u00e9gia de Mercado Internacional da SIS\" title=\"hotel (14)\" srcset=\"https:\/\/www.sisinternational.com\/wp-content\/uploads\/2025\/08\/hotel-14.jpg 1456w, https:\/\/www.sisinternational.com\/wp-content\/uploads\/2025\/08\/hotel-14-300x168.jpg 300w, https:\/\/www.sisinternational.com\/wp-content\/uploads\/2025\/08\/hotel-14-1024x574.jpg 1024w, https:\/\/www.sisinternational.com\/wp-content\/uploads\/2025\/08\/hotel-14-768x430.jpg 768w, https:\/\/www.sisinternational.com\/wp-content\/uploads\/2025\/08\/hotel-14-18x10.jpg 18w\" sizes=\"auto, (max-width: 1456px) 100vw, 1456px\"><\/figure>\n\n\n\n<p><\/p>\n\n\n\n<p>Ao revelar as tend\u00eancias mais recentes e emergentes em hot\u00e9is de servi\u00e7os selecionados, a pesquisa revela uma s\u00e9rie de fatores que est\u00e3o moldando a din\u00e2mica atual da ind\u00fastria, bem como a sua dire\u00e7\u00e3o futura. Alguns exemplos importantes incluem:<\/p>\n\n\n\n<ul class=\"wp-block-list\">\n<li><strong>Personaliza\u00e7\u00e3o:<\/strong> Nesta era de personaliza\u00e7\u00e3o, os viajantes j\u00e1 n\u00e3o se contentam com servi\u00e7os gen\u00e9ricos. Hot\u00e9is com servi\u00e7os selecionados evolu\u00edram para atender a essas necessidades com ofertas altamente personalizadas que garantem a satisfa\u00e7\u00e3o dos h\u00f3spedes.<\/li>\n\n\n\n<li><strong>Integra\u00e7\u00e3o tecnol\u00f3gica:<\/strong> A ind\u00fastria hoteleira est\u00e1 passando por uma grande revolu\u00e7\u00e3o para melhorar as experi\u00eancias dos h\u00f3spedes. Recursos de quartos inteligentes, solu\u00e7\u00f5es de pagamento sem contato e sistemas m\u00f3veis de check-in\/check-out s\u00e3o apenas algumas das maneiras pelas quais este setor melhorou as opera\u00e7\u00f5es e, ao mesmo tempo, proporcionou aos h\u00f3spedes uma experi\u00eancia elevada como nunca antes.<\/li>\n\n\n\n<li><strong>Sustentabilidade:<\/strong> Com o aumento da consci\u00eancia ambiental, hot\u00e9is de servi\u00e7o seleccionados est\u00e3o a utilizar pr\u00e1ticas sustent\u00e1veis para atrair viajantes amigos do ambiente e melhorar ainda mais a imagem da sua marca. Isto inclui a minimiza\u00e7\u00e3o de res\u00edduos, a conserva\u00e7\u00e3o de energia e a utiliza\u00e7\u00e3o de produtos ecol\u00f3gicos.<\/li>\n\n\n\n<li><strong>Sa\u00fade e bem estar:<\/strong> A crescente relev\u00e2ncia da sa\u00fade e do bem-estar entre os viajantes levou alguns hot\u00e9is de servi\u00e7o a incorporar servi\u00e7os que priorizam o bem-estar, como centros de fitness e zonas de relaxamento para al\u00edvio do estresse.<\/li>\n\n\n\n<li><strong>Espa\u00e7os de coworking e h\u00edbridos:<\/strong> Abra\u00e7ando a tend\u00eancia do trabalho remoto, hot\u00e9is de servi\u00e7o selecionados criaram espa\u00e7os de coworking multifuncionais para fornecer espa\u00e7os de trabalho mais flex\u00edveis aos viajantes de neg\u00f3cios e lazer.<\/li>\n\n\n\n<li><strong>Parcerias e alian\u00e7as estrat\u00e9gicas:<\/strong> Para acomodar ainda mais as necessidades dos clientes, hot\u00e9is de servi\u00e7os selecionados est\u00e3o formando ativamente parcerias vantajosas com companhias a\u00e9reas, locadoras de ve\u00edculos e operadores tur\u00edsticos locais.<\/li>\n<\/ul>\n\n\n\n<h2 class=\"wp-block-heading\">Oportunidades e desafios da pesquisa de mercado de hot\u00e9is com servi\u00e7os selecionados<\/h2>\n\n\n\n<p>A pesquisa de mercado de hot\u00e9is com servi\u00e7os selecionados apresenta oportunidades e desafios para hoteleiros, investidores e partes interessadas do setor. Algumas das oportunidades e desafios mais importantes s\u00e3o os seguintes:<\/p>\n\n\n\n<h3 class=\"wp-block-heading\">Oportunidades<\/h3>\n\n\n\n<ul class=\"wp-block-list\">\n<li><strong>Mercados emergentes:<\/strong> Explorar os mercados emergentes poderia oferecer aos hot\u00e9is de servi\u00e7o um extraordin\u00e1rio potencial de crescimento e uma maior base de clientes.<\/li>\n\n\n\n<li><strong>Avan\u00e7os tecnol\u00f3gicos:<\/strong> Ao incorporar tecnologias de ponta, hot\u00e9is de servi\u00e7os selecionados podem levar a experi\u00eancia dos h\u00f3spedes para o pr\u00f3ximo n\u00edvel, ao mesmo tempo que simplificam as opera\u00e7\u00f5es e se mant\u00eam \u00e0 frente da concorr\u00eancia.<\/li>\n\n\n\n<li><strong>Nichos de mercado:<\/strong> Ao visar e acomodar mercados que atraem os n\u00f4mades de neg\u00f3cios ecologicamente corretos ou outros segmentos distintos de viajantes, os hot\u00e9is com servi\u00e7os selecionados podem criar um ponto de venda \u00fanico e atrair clientes fi\u00e9is.<\/li>\n\n\n\n<li><strong>Parcerias estrat\u00e9gicas:<\/strong> Ao estabelecer parcerias com empresas de ind\u00fastrias relacionadas, hot\u00e9is de servi\u00e7os seleccionados podem fornecer servi\u00e7os alargados aos seus clientes, aceder a mercados inexplorados e obter uma vantagem competitiva. As alian\u00e7as estrat\u00e9gicas s\u00e3o uma forma eficaz de essas empresas se destacarem da multid\u00e3o.<\/li>\n\n\n\n<li><strong>Adaptando-se \u00e0s mudan\u00e7as de prefer\u00eancias:<\/strong> Mantendo-se \u00e0 frente da curva em termos de demandas e tend\u00eancias dos clientes, hot\u00e9is com servi\u00e7os selecionados podem desenvolver constantemente seus servi\u00e7os e comodidades para atender \u00e0s necessidades de seus h\u00f3spedes.<\/li>\n<\/ul>\n\n\n\n<h3 class=\"wp-block-heading\">Desafios<\/h3>\n\n\n\n<ul class=\"wp-block-list\">\n<li><strong>Flutua\u00e7\u00f5es econ\u00f4micas:<\/strong> A ind\u00fastria hoteleira de servi\u00e7os seleccionados \u00e9 especialmente vulner\u00e1vel \u00e0s flutua\u00e7\u00f5es econ\u00f3micas, que podem afectar significativamente os gastos dos consumidores e a procura de alojamento. Assim, os hot\u00e9is devem estar preparados para responder rapidamente quando as condi\u00e7\u00f5es do mercado mudam inesperadamente.<\/li>\n\n\n\n<li><strong>Concorr\u00eancia:<\/strong> Para permanecerem bem-sucedidos, os hot\u00e9is de servi\u00e7os selecionados devem se diferenciar dos segmentos de hospedagem tradicionais e das alternativas modernas, como alugu\u00e9is por temporada e grandes plataformas de economia compartilhada. Evoluir suas ofertas para atender \u00e0s tend\u00eancias do mercado \u00e9 essencial para permanecer relevante no mercado.<\/li>\n\n\n\n<li><strong>Desafios de pessoal:<\/strong> Hot\u00e9is com servi\u00e7os selecionados podem ter dificuldade em atrair e manter funcion\u00e1rios talentosos. Felizmente, esse problema pode ser atenuado com o fornecimento de planos de remunera\u00e7\u00e3o competitivos e vantagens para os funcion\u00e1rios, al\u00e9m da cria\u00e7\u00e3o de um ambiente de trabalho otimista.<\/li>\n\n\n\n<li><strong>Conformidade regulat\u00f3ria:<\/strong> Os hot\u00e9is de servi\u00e7o devem equilibrar cuidadosamente uma variedade de regulamentos e padr\u00f5es do setor para garantir a conformidade, evitando multas pesadas ou s\u00e9rios danos \u00e0 reputa\u00e7\u00e3o.<\/li>\n<\/ul>\n\n\n\n<h2 class=\"wp-block-heading\">Perspectivas futuras da pesquisa de mercado de hot\u00e9is de servi\u00e7os selecionados<\/h2>\n\n\n\n<figure class=\"gb-block-image gb-block-image-75110c95\"><img loading=\"lazy\" decoding=\"async\" width=\"1456\" height=\"816\" class=\"gb-image gb-image-75110c95\" src=\"https:\/\/www.sisinternational.com\/wp-content\/uploads\/2025\/08\/hotel-12.jpg\" alt=\"Pesquisa e Estrat\u00e9gia de Mercado Internacional da SIS\" title=\"hotel (12)\" srcset=\"https:\/\/www.sisinternational.com\/wp-content\/uploads\/2025\/08\/hotel-12.jpg 1456w, https:\/\/www.sisinternational.com\/wp-content\/uploads\/2025\/08\/hotel-12-300x168.jpg 300w, https:\/\/www.sisinternational.com\/wp-content\/uploads\/2025\/08\/hotel-12-1024x574.jpg 1024w, https:\/\/www.sisinternational.com\/wp-content\/uploads\/2025\/08\/hotel-12-768x430.jpg 768w, https:\/\/www.sisinternational.com\/wp-content\/uploads\/2025\/08\/hotel-12-18x10.jpg 18w\" sizes=\"auto, (max-width: 1456px) 100vw, 1456px\"><\/figure>\n\n\n\n<p><\/p>\n\n\n\n<p>Espera-se que o futuro da pesquisa de mercado de hot\u00e9is de servi\u00e7os selecionados seja determinado por diversas tend\u00eancias e fatores que orientar\u00e3o seu crescimento. Alguns elementos importantes que provavelmente moldar\u00e3o este setor incluem:<\/p>\n\n\n\n<ul class=\"wp-block-list\">\n<li><strong>Foco cont\u00ednuo na personaliza\u00e7\u00e3o:<\/strong> \u00c0 medida que as expectativas dos viajantes evoluem e mudam, os hot\u00e9is de servi\u00e7o selecionados devem priorizar a personaliza\u00e7\u00e3o ao m\u00e1ximo poss\u00edvel. Eles devem utilizar insights e tecnologia baseados em dados para criar experi\u00eancias personalizadas que satisfa\u00e7am as necessidades individuais de cada h\u00f3spede.<\/li>\n\n\n\n<li><strong>Ado\u00e7\u00e3o de tecnologia avan\u00e7ada:<\/strong> \u00c0 medida que a onda de tecnologia moderna avan\u00e7a, hot\u00e9is de servi\u00e7o selecionados provavelmente beneficiar\u00e3o deste influxo com a sua pr\u00f3pria integra\u00e7\u00e3o de IA, IoT e aprendizagem autom\u00e1tica. Estas tecnologias podem revolucionar as experi\u00eancias dos h\u00f3spedes, agilizar a efici\u00eancia operacional e fornecer informa\u00e7\u00f5es valiosas para uma melhor tomada de decis\u00f5es atrav\u00e9s de an\u00e1lises preditivas.<\/li>\n\n\n\n<li><strong>Ascens\u00e3o da economia compartilhada:<\/strong> \u00c0 medida que a economia partilhada, como a Airbnb, continua a moldar as tend\u00eancias de hospitalidade, os hot\u00e9is de servi\u00e7os selecionados devem evoluir, fornecendo propostas de valor \u00fanicas e diferenciando-se de outras op\u00e7\u00f5es de alojamento.<\/li>\n\n\n\n<li><strong>\u00canfase na sustentabilidade e responsabilidade social:<\/strong> A crescente preocupa\u00e7\u00e3o com o ambiente e a responsabilidade social levar\u00e1 alguns hot\u00e9is de servi\u00e7o a adoptarem pr\u00e1ticas mais sustent\u00e1veis e a envolverem-se em iniciativas de responsabilidade social corporativa para atrair viajantes ambiental e socialmente conscientes.<\/li>\n\n\n\n<li><strong>Demanda crescente por viagens experienciais:<\/strong> \u00c0 medida que cada vez mais turistas procuram experi\u00eancias exclusivas e genu\u00ednas enquanto viajam, os hot\u00e9is de servi\u00e7o seleccionados devem tirar partido desta tend\u00eancia, oferecendo excurs\u00f5es locais imersivas que exp\u00f5em o patrim\u00f3nio e os pontos tur\u00edsticos do destino.<\/li>\n<\/ul>\n\n\n\n<p>A SIS International oferece Pesquisa Quantitativa, Qualitativa e Estrat\u00e9gica. Fornecemos dados, ferramentas, estrat\u00e9gias, relat\u00f3rios e insights para a tomada de decis\u00f5es. Conduzimos entrevistas, pesquisas, grupos focais e muitos outros m\u00e9todos e abordagens de Pesquisa de Mercado. Contate-nos para o seu pr\u00f3ximo projeto de Pesquisa de Mercado.<\/p>","protected":false},"excerpt":{"rendered":"<p>Hot\u00e9is com servi\u00e7os selecionados s\u00e3o a escolha preferida de turistas preocupados com o or\u00e7amento que buscam acomoda\u00e7\u00f5es de alta qualidade sem gastar muito em luxos.<\/p>","protected":false},"author":1,"featured_media":63513,"parent":14514,"menu_order":255,"comment_status":"closed","ping_status":"closed","template":"","meta":{"footnotes":""},"class_list":["post-42373","page","type-page","status-publish","has-post-thumbnail"],"_links":{"self":[{"href":"https:\/\/www.sisinternational.com\/pt\/wp-json\/wp\/v2\/pages\/42373","targetHints":{"allow":["GET"]}}],"collection":[{"href":"https:\/\/www.sisinternational.com\/pt\/wp-json\/wp\/v2\/pages"}],"about":[{"href":"https:\/\/www.sisinternational.com\/pt\/wp-json\/wp\/v2\/types\/page"}],"author":[{"embeddable":true,"href":"https:\/\/www.sisinternational.com\/pt\/wp-json\/wp\/v2\/users\/1"}],"replies":[{"embeddable":true,"href":"https:\/\/www.sisinternational.com\/pt\/wp-json\/wp\/v2\/comments?post=42373"}],"version-history":[{"count":9,"href":"https:\/\/www.sisinternational.com\/pt\/wp-json\/wp\/v2\/pages\/42373\/revisions"}],"predecessor-version":[{"id":79848,"href":"https:\/\/www.sisinternational.com\/pt\/wp-json\/wp\/v2\/pages\/42373\/revisions\/79848"}],"up":[{"embeddable":true,"href":"https:\/\/www.sisinternational.com\/pt\/wp-json\/wp\/v2\/pages\/14514"}],"wp:featuredmedia":[{"embeddable":true,"href":"https:\/\/www.sisinternational.com\/pt\/wp-json\/wp\/v2\/media\/63513"}],"wp:attachment":[{"href":"https:\/\/www.sisinternational.com\/pt\/wp-json\/wp\/v2\/media?parent=42373"}],"curies":[{"name":"wp","href":"https:\/\/api.w.org\/{rel}","templated":true}]}}