{"id":42365,"date":"2023-04-13T19:43:52","date_gmt":"2023-04-13T23:43:52","guid":{"rendered":"https:\/\/www.sisinternational.com\/?page_id=42365"},"modified":"2026-01-24T21:07:05","modified_gmt":"2026-01-25T02:07:05","slug":"pesquisa-de-mercado-de-carne-suina","status":"publish","type":"page","link":"https:\/\/www.sisinternational.com\/pt\/pericia\/pesquisa-de-mercado-de-carne-suina\/","title":{"rendered":"Pesquisa de mercado de carne su\u00edna"},"content":{"rendered":"<h1 class=\"wp-block-heading\">Pesquisa de mercado de carne su\u00edna<\/h1>\n\n\n\n<figure class=\"gb-block-image gb-block-image-4a8ae1bc\"><img loading=\"lazy\" decoding=\"async\" width=\"1456\" height=\"816\" class=\"gb-image gb-image-4a8ae1bc\" src=\"https:\/\/www.sisinternational.com\/wp-content\/uploads\/2025\/08\/Pork-2.jpg\" alt=\"Pesquisa e Estrat\u00e9gia de Mercado Internacional da SIS\" title=\"Pork (2)\" srcset=\"https:\/\/www.sisinternational.com\/wp-content\/uploads\/2025\/08\/Pork-2.jpg 1456w, https:\/\/www.sisinternational.com\/wp-content\/uploads\/2025\/08\/Pork-2-300x168.jpg 300w, https:\/\/www.sisinternational.com\/wp-content\/uploads\/2025\/08\/Pork-2-1024x574.jpg 1024w, https:\/\/www.sisinternational.com\/wp-content\/uploads\/2025\/08\/Pork-2-768x430.jpg 768w, https:\/\/www.sisinternational.com\/wp-content\/uploads\/2025\/08\/Pork-2-18x10.jpg 18w\" sizes=\"auto, (max-width: 1456px) 100vw, 1456px\"><\/figure>\n\n\n\n<p><\/p>\n\n\n\n<p>A Pesquisa de Mercado de Carne Su\u00edna \u00e9 o processo de coleta e an\u00e1lise de dados sobre a ind\u00fastria su\u00edna, os diversos setores de neg\u00f3cios envolvidos e seu grupo de consumidores. A pesquisa de mercado do setor fornece insights sobre as necessidades, prefer\u00eancias e comportamentos do mercado-alvo do setor para ajudar indiv\u00edduos e empresas espec\u00edficas. Um dos principais objetivos \u00e9 reunir dados e estrat\u00e9gias em Pesquisa de Mercado de Carne Su\u00edna que as empresas possam usar para adquirir informa\u00e7\u00f5es valiosas que as ajudem no processo de tomada de decis\u00e3o que levar\u00e1 a um tremendo sucesso em seus respectivos mercados.<\/p>\n\n\n\n<h2 class=\"wp-block-heading\">Compreendendo a ind\u00fastria su\u00edna<\/h2>\n\n\n\n<p>A carne de porco \u00e9 uma carne comumente consumida, derivada de porcos. \u00c9 uma carne vers\u00e1til utilizada em uma ampla gama de aplica\u00e7\u00f5es culin\u00e1rias e finalizada em diversas culturas ao redor do mundo. A carne de porco \u00e9 uma boa fonte de prote\u00ednas, bem como de vitaminas e minerais. Por\u00e9m, \u00e9 preciso considerar que tamb\u00e9m \u00e9 rico em gordura e colesterol, o que pode trazer implica\u00e7\u00f5es \u00e0 sa\u00fade se consumido em excesso.<\/p>\n\n\n\n<h3 class=\"wp-block-heading\">A ind\u00fastria su\u00edna abrange uma gama de produtos, incluindo, mas n\u00e3o se limitando aos seguintes:<\/h3>\n\n\n\n<ul class=\"wp-block-list\">\n<li><strong>Carne de porco:<\/strong>\u00a0\u00c9 o principal produto da ind\u00fastria su\u00edna e refere-se \u00e0 carne obtida da carca\u00e7a do porco. A carne de porco \u00e9 comumente consumida como produtos de carne fresca ou processada, como salsichas, bacon, presunto e costeletas de porco.<\/li>\n\n\n\n<li><strong>Subprodutos de carne su\u00edna:<\/strong>\u00a0V\u00e1rios subprodutos s\u00e3o derivados de carca\u00e7as de su\u00ednos, incluindo \u00f3rg\u00e3os como f\u00edgado, cora\u00e7\u00e3o, rins e pulm\u00f5es, bem como ossos e gordura. Esses subprodutos s\u00e3o usados em uma variedade de produtos, incluindo alimentos para animais de estima\u00e7\u00e3o, fertilizantes, cosm\u00e9ticos e produtos farmac\u00eauticos.<\/li>\n\n\n\n<li><strong>Produtos alimentares \u00e0 base de carne de porco: <\/strong>Uma variedade de produtos aliment\u00edcios s\u00e3o feitos usando carne de porco como ingrediente principal, como carne de porco enlatada, pat\u00ea de porco e carne seca.<\/li>\n\n\n\n<li><strong>Produtos de pele de porco:<\/strong>\u00a0A pele de porco \u00e9 usada para fabricar artigos de couro, como sapatos, bolsas e jaquetas, e artigos que n\u00e3o sejam de couro, como bolas de futebol e outros equipamentos esportivos.<\/li>\n\n\n\n<li><strong>Produtos \u00e0 base de sangue:<\/strong>\u00a0O sangue \u00e9 usado para fazer v\u00e1rios produtos, como chouri\u00e7o e morcela<\/li>\n<\/ul>\n\n\n\n<h2 class=\"wp-block-heading\">Metodologia de Pesquisa<\/h2>\n\n\n\n<figure class=\"gb-block-image gb-block-image-29593815\"><img loading=\"lazy\" decoding=\"async\" width=\"1456\" height=\"816\" class=\"gb-image gb-image-29593815\" src=\"https:\/\/www.sisinternational.com\/wp-content\/uploads\/2025\/08\/Pork-5.jpg\" alt=\"Pesquisa e Estrat\u00e9gia de Mercado Internacional da SIS\" title=\"Pork (5)\" srcset=\"https:\/\/www.sisinternational.com\/wp-content\/uploads\/2025\/08\/Pork-5.jpg 1456w, https:\/\/www.sisinternational.com\/wp-content\/uploads\/2025\/08\/Pork-5-300x168.jpg 300w, https:\/\/www.sisinternational.com\/wp-content\/uploads\/2025\/08\/Pork-5-1024x574.jpg 1024w, https:\/\/www.sisinternational.com\/wp-content\/uploads\/2025\/08\/Pork-5-768x430.jpg 768w, https:\/\/www.sisinternational.com\/wp-content\/uploads\/2025\/08\/Pork-5-18x10.jpg 18w\" sizes=\"auto, (max-width: 1456px) 100vw, 1456px\"><\/figure>\n\n\n\n<p><\/p>\n\n\n\n<p>A Pesquisa de Mercado de Carne Su\u00edna pode ser implementada por meio de diferentes m\u00e9todos, incluindo pesquisas, grupos focais, entrevistas e estudos observacionais. Os dados e estrat\u00e9gias da Pesquisa de Mercado de Carne Su\u00edna podem ser usados para entender a demografia do cliente, h\u00e1bitos de compra, prefer\u00eancias de produto e satisfa\u00e7\u00e3o geral com um determinado produto ou servi\u00e7o.<\/p>\n\n\n\n<p>Em <a href=\"https:\/\/www.sisinternational.com\/pt\/how-to-conduct-effective-quantitative-market-research\/\" title=\"How to Conduct Effective Quantitative Market Research\"  data-wpil-monitor-id=\"8358\">conducting adequate market research<\/a>, one requires a thorough understanding of the various research methodologies available. Below, we will explore the most commonly used <a href=\"https:\/\/www.sisinternational.com\/pt\/pericia\/industrias\/pesquisa-de-mercado-semiotica\/\" title=\"Pesquisa de mercado semi\u00f3tica\"  data-wpil-monitor-id=\"3144\">research methodologies in pork market<\/a> research.<\/p>\n\n\n\n<p><strong>Pesquisas:<\/strong>&nbsp;As pesquisas podem ser realizadas pessoalmente, online ou por telefone e podem ser administradas por meio de perguntas abertas ou fechadas. As pesquisas s\u00e3o \u00fateis na coleta de dados quantitativos sobre as prefer\u00eancias, atitudes e comportamentos dos clientes.<\/p>\n\n\n\n<p><strong>Focus groups:&nbsp;This is another type of <a href=\"https:\/\/www.sisinternational.com\/pt\/sampling-techniques-in-qualitative-research-the-complete-guide-to-choosing-the-right-method\/\" title=\"Sampling Techniques in Qualitative Research: The Complete Guide to Choosing the Right Method\"  data-wpil-monitor-id=\"8355\">qualitative research method<\/a> that involves bringing together a small group of people to discuss a particular topic, such as their preferences when selecting pork products.<\/p>\n\n\n\n<p><strong>Entrevistas:<\/strong>&nbsp;Outro tipo de m\u00e9todo de pesquisa qualitativa que envolve fazer perguntas abertas a participantes individuais, realizadas pessoalmente ou por telefone. Isso \u00e9 \u00fatil para coletar dados qualitativos aprofundados sobre as atitudes e opini\u00f5es dos clientes.<\/p>\n\n\n\n<p><strong>Pesquisa observacional:<\/strong>&nbsp;Isso envolve observar e registrar o comportamento do cliente em ambientes reais. Isto pode ser feito atrav\u00e9s de observa\u00e7\u00e3o direta ou usando tecnologia como c\u00e2meras ou software de rastreamento.<\/p>\n\n\n\n<p><strong>Pesquisa experimental:<\/strong>&nbsp;This is done by manipulating one or more variables and observing the effect on customer behavior. This type of research is useful for testing hypotheses about the impact of specific product features or <a href=\"https:\/\/www.sisinternational.com\/pt\/o-papel-do-desenvolvimento-de-processos-e-sistemas-no-sucesso-organizacional\/\" title=\"Pesquisa de mercado de design organizacional\"  data-wpil-monitor-id=\"8352\">Estrat\u00e9gias de marketing<\/a> on customer behavior.<\/p>\n\n\n\n<h2 class=\"wp-block-heading\">Motoristas na ind\u00fastria<\/h2>\n\n\n\n<p>A ind\u00fastria su\u00edna \u00e9 um componente significativo da ind\u00fastria pecu\u00e1ria global e contribui para as economias de muitos pa\u00edses em todo o mundo. Existem v\u00e1rios fatores de mercado que impactam a ind\u00fastria su\u00edna, incluindo:<\/p>\n\n\n\n<ul class=\"wp-block-list\">\n<li>Consumer demand for pork. The increasing global population and the rising disposable income of consumers in emerging economies have led to an increase in demand for pork products. In addition, changing <a href=\"https:\/\/www.sisinternational.com\/pt\/73903-2\/\" title=\"Turn Consumer Flavor Preferences Into Winning Products\"  data-wpil-monitor-id=\"8359\">prefer\u00eancias do consumidor<\/a> for leaner and healthier meat products have also impacted the pork industry.<\/li>\n\n\n\n<li>O custo da ra\u00e7\u00e3o \u00e9 um fator cr\u00edtico que impacta a lucratividade da ind\u00fastria su\u00edna. As flutua\u00e7\u00f5es no pre\u00e7o das ra\u00e7\u00f5es, como milho e soja, podem ter um impacto significativo no custo de produ\u00e7\u00e3o de carne su\u00edna.<\/li>\n\n\n\n<li>Global trade in the pork industry is affected by international trade policies and agreements. Countries that are major pork producers and exporters, such as the United States, China, and the European Union, often have an impact on the <a href=\"https:\/\/www.sisinternational.com\/pt\/transportadoras-de-baixo-custo-na-industria-da-aviacao\/\" title=\"Pesquisa de mercado de companhias a\u00e9reas de baixo custo\"  data-wpil-monitor-id=\"8353\">global pork market<\/a>.<\/li>\n\n\n\n<li>Disease outbreaks, such as African swine fever and porcine epidemic diarrhea virus, can significantly impact the pork industry. These outbreaks can lead to <a href=\"https:\/\/www.sisinternational.com\/pt\/solucoes\/consultoria-estrategica\/pesquisa-de-mercado-da-cadeia-de-suprimentos\/\" title=\"Pesquisa de mercado da cadeia de suprimentos\"  data-wpil-monitor-id=\"8357\">supply chain disruptions and market<\/a> volatility, which can influence pork prices and trade.<\/li>\n\n\n\n<li>As regulamenta\u00e7\u00f5es econ\u00f3micas sobre o bem-estar animal, a seguran\u00e7a alimentar e a sustentabilidade ambiental podem ter um impacto na ind\u00fastria su\u00edna. As diversas regras podem afetar positiva e negativamente a ind\u00fastria su\u00edna. Embora estas regulamenta\u00e7\u00f5es possam aumentar os custos de produ\u00e7\u00e3o e limitar o acesso ao mercado, tamb\u00e9m podem impulsionar a inova\u00e7\u00e3o e conduzir a pr\u00e1ticas de produ\u00e7\u00e3o mais sustent\u00e1veis.<\/li>\n<\/ul>\n\n\n\n<h2 class=\"wp-block-heading\">Benef\u00edcios da pesquisa de mercado de carne su\u00edna<\/h2>\n\n\n\n<figure class=\"gb-block-image gb-block-image-f249e690\"><img loading=\"lazy\" decoding=\"async\" width=\"1456\" height=\"816\" class=\"gb-image gb-image-f249e690\" src=\"https:\/\/www.sisinternational.com\/wp-content\/uploads\/2025\/08\/Pork-7.jpg\" alt=\"Pesquisa e Estrat\u00e9gia de Mercado Internacional da SIS\" title=\"Pork (7)\" srcset=\"https:\/\/www.sisinternational.com\/wp-content\/uploads\/2025\/08\/Pork-7.jpg 1456w, https:\/\/www.sisinternational.com\/wp-content\/uploads\/2025\/08\/Pork-7-300x168.jpg 300w, https:\/\/www.sisinternational.com\/wp-content\/uploads\/2025\/08\/Pork-7-1024x574.jpg 1024w, https:\/\/www.sisinternational.com\/wp-content\/uploads\/2025\/08\/Pork-7-768x430.jpg 768w, https:\/\/www.sisinternational.com\/wp-content\/uploads\/2025\/08\/Pork-7-18x10.jpg 18w\" sizes=\"auto, (max-width: 1456px) 100vw, 1456px\"><\/figure>\n\n\n\n<p><\/p>\n\n\n\n<p>onducting pork market research provides insights into several benefits to pork producers, processors, and retailers. With collected data and strategies in Pork Market Research, one can discover and understand consumer preferences, attitudes, and behaviors that can help businesses with the following:<\/p>\n\n\n\n<ul class=\"wp-block-list\">\n<li>Tome decis\u00f5es informadas sobre o desenvolvimento de produtos.<\/li>\n\n\n\n<li>Crie estrat\u00e9gias de marketing baseadas em objetivos espec\u00edficos.<\/li>\n\n\n\n<li>Crie pre\u00e7os competitivos para o setor.<\/li>\n\n\n\n<li>Entenda os diversos impulsionadores do mercado de carne su\u00edna, como a demanda do consumidor e outros fatores.<\/li>\n\n\n\n<li>Risk <a href=\"https:\/\/www.sisinternational.com\/pt\/pericia\/industrias\/pesquisa-de-mercado-de-gestao-de-residuos\/\" title=\"Pesquisa de mercado de gest\u00e3o de res\u00edduos\"  data-wpil-monitor-id=\"8354\">management market research<\/a> provides insights that can help pork businesses identify potential risks in the market, such as supply chain disruptions and changes in consumer preferences.<\/li>\n<\/ul>\n\n\n\n<p>Pork Market Research is a crucial tool for businesses of all sizes, as it helps them to identify opportunities and challenges within their market. By understanding the worth of various data and strategies in Pork Market Research, businesses can develop more effective strategies, strengthen products, and increase value for customer satisfaction. <a href=\"https:\/\/www.sisinternational.com\/pt\/pericia\/curriculos-de-experiencia\/curriculo-de-experiencia-na-industria-automotiva\/\" title=\"Empresa de pesquisa de mercado da ind\u00fastria automotiva\"  data-wpil-monitor-id=\"8356\">Market research can also help companies<\/a> to identify potential areas for growth as well as potential opportunities that can pose threats to the business. Through effective pork market research, industry businesses can gain a competitive advantage and position themselves for long-term success in the global pork market.<\/p>","protected":false},"excerpt":{"rendered":"<p>A carne de porco \u00e9 uma carne comumente consumida, derivada de porcos. \u00c9 uma carne vers\u00e1til utilizada em diversas aplica\u00e7\u00f5es culin\u00e1rias em diversas culturas.<\/p>","protected":false},"author":1,"featured_media":64437,"parent":14514,"menu_order":253,"comment_status":"closed","ping_status":"closed","template":"","meta":{"footnotes":""},"class_list":["post-42365","page","type-page","status-publish","has-post-thumbnail"],"_links":{"self":[{"href":"https:\/\/www.sisinternational.com\/pt\/wp-json\/wp\/v2\/pages\/42365","targetHints":{"allow":["GET"]}}],"collection":[{"href":"https:\/\/www.sisinternational.com\/pt\/wp-json\/wp\/v2\/pages"}],"about":[{"href":"https:\/\/www.sisinternational.com\/pt\/wp-json\/wp\/v2\/types\/page"}],"author":[{"embeddable":true,"href":"https:\/\/www.sisinternational.com\/pt\/wp-json\/wp\/v2\/users\/1"}],"replies":[{"embeddable":true,"href":"https:\/\/www.sisinternational.com\/pt\/wp-json\/wp\/v2\/comments?post=42365"}],"version-history":[{"count":5,"href":"https:\/\/www.sisinternational.com\/pt\/wp-json\/wp\/v2\/pages\/42365\/revisions"}],"predecessor-version":[{"id":81400,"href":"https:\/\/www.sisinternational.com\/pt\/wp-json\/wp\/v2\/pages\/42365\/revisions\/81400"}],"up":[{"embeddable":true,"href":"https:\/\/www.sisinternational.com\/pt\/wp-json\/wp\/v2\/pages\/14514"}],"wp:featuredmedia":[{"embeddable":true,"href":"https:\/\/www.sisinternational.com\/pt\/wp-json\/wp\/v2\/media\/64437"}],"wp:attachment":[{"href":"https:\/\/www.sisinternational.com\/pt\/wp-json\/wp\/v2\/media?parent=42365"}],"curies":[{"name":"wp","href":"https:\/\/api.w.org\/{rel}","templated":true}]}}